{"id":1294,"date":"2020-05-06T15:26:04","date_gmt":"2020-05-06T12:26:04","guid":{"rendered":"https:\/\/fashionmuseum.shop\/par-mums\/"},"modified":"2020-05-06T19:18:58","modified_gmt":"2020-05-06T16:18:58","slug":"par-mums","status":"publish","type":"page","link":"https:\/\/fashionmuseum.shop\/lv\/par-mums\/","title":{"rendered":"Par mums"},"content":{"rendered":"\n<div style=\"height:20px\" aria-hidden=\"true\" class=\"wp-block-spacer\"><\/div>\n\n<div class=\"wp-block-group alignfull\"><div class=\"wp-block-group__inner-container is-layout-flow wp-block-group-is-layout-flow\">\n<div class=\"wp-block-jetpack-layout-grid alignfull column1-desktop-grid__span-3 column1-desktop-grid__start-2 column1-desktop-grid__row-1 column2-desktop-grid__span-6 column2-desktop-grid__start-6 column2-desktop-grid__row-1 column1-tablet-grid__span-3 column1-tablet-grid__row-1 column2-tablet-grid__span-5 column2-tablet-grid__start-4 column2-tablet-grid__row-1 column1-mobile-grid__span-4 column1-mobile-grid__row-1 column2-mobile-grid__span-4 column2-mobile-grid__row-2\">\n<div class=\"wp-block-jetpack-layout-grid-column wp-block-jetpack-layout-grid__padding-none\">\n<figure class=\"wp-block-image size-large is-style-circle-mask\"><img data-recalc-dims=\"1\" loading=\"lazy\" decoding=\"async\" width=\"980\" height=\"656\" src=\"https:\/\/i0.wp.com\/fashionmuseum.shop\/wp-content\/uploads\/2020\/03\/MAR0954-1.jpg?resize=980%2C656&#038;ssl=1\" alt=\"\" class=\"wp-image-82\" srcset=\"https:\/\/i0.wp.com\/fashionmuseum.shop\/wp-content\/uploads\/2020\/03\/MAR0954-1.jpg?resize=1024%2C685&amp;ssl=1 1024w, https:\/\/i0.wp.com\/fashionmuseum.shop\/wp-content\/uploads\/2020\/03\/MAR0954-1.jpg?resize=300%2C201&amp;ssl=1 300w, https:\/\/i0.wp.com\/fashionmuseum.shop\/wp-content\/uploads\/2020\/03\/MAR0954-1.jpg?resize=768%2C514&amp;ssl=1 768w, https:\/\/i0.wp.com\/fashionmuseum.shop\/wp-content\/uploads\/2020\/03\/MAR0954-1.jpg?resize=1536%2C1028&amp;ssl=1 1536w, https:\/\/i0.wp.com\/fashionmuseum.shop\/wp-content\/uploads\/2020\/03\/MAR0954-1.jpg?resize=2048%2C1371&amp;ssl=1 2048w, https:\/\/i0.wp.com\/fashionmuseum.shop\/wp-content\/uploads\/2020\/03\/MAR0954-1.jpg?resize=1200%2C803&amp;ssl=1 1200w, https:\/\/i0.wp.com\/fashionmuseum.shop\/wp-content\/uploads\/2020\/03\/MAR0954-1.jpg?resize=416%2C278&amp;ssl=1 416w, https:\/\/i0.wp.com\/fashionmuseum.shop\/wp-content\/uploads\/2020\/03\/MAR0954-1.jpg?w=1960&amp;ssl=1 1960w, https:\/\/i0.wp.com\/fashionmuseum.shop\/wp-content\/uploads\/2020\/03\/MAR0954-1.jpg?w=2940&amp;ssl=1 2940w\" sizes=\"auto, (max-width: 980px) 100vw, 980px\" \/><\/figure>\n<\/div>\n\n\n\n<div class=\"wp-block-jetpack-layout-grid-column wp-block-jetpack-layout-grid__padding-none\">\n<h2 class=\"wp-block-heading\"><strong>Modes muzejs R\u012bg\u0101, Latvij\u0101<\/strong><\/h2>\n\n\n\n<p class=\"wp-block-paragraph\">Modes muzejs R\u012bg\u0101 v\u0113ra durvis 2016. gada oktobr\u012b. Pied\u0101v\u0101jot jaunu izst\u0101di ik pusgadu, muzejs dr\u012bz vien k\u013cuva iecien\u012bts gan r\u012bdzinieku, gan R\u012bgas viesu un t\u016bristu vid\u016b. <\/p>\n\n\n\n<p class=\"wp-block-paragraph\">Izv\u0113le pied\u0101v\u0101t gr\u0101matas par modi un t\u0101s v\u0113sturi \u0161\u0137ita dabisks turpin\u0101jums. Gr\u0101matas atlas\u012btas sevi\u0161\u0137i r\u016bp\u012bgi, iev\u0113rojot pareizo l\u012bdzsvaru starp vizu\u0101li iespaid\u012bgiem \u017eurn\u0101lu galdi\u0146a izdevumiem un nopietniem akad\u0113miskiem p\u0113t\u012bjumiem. Laika gait\u0101 m\u016bsu pied\u0101v\u0101tais gr\u0101matu kl\u0101sts iekarojis muzeja apmekl\u0113t\u0101ju sirdis, t\u0101p\u0113c esam nol\u0113mu\u0161i pied\u0101v\u0101t gr\u0101matas ar\u012b tie\u0161saistes veikal\u0101. Pat\u012bkamu iepirk\u0161anos!<\/p>\n\n\n\n<div class=\"wp-block-buttons is-layout-flex wp-block-buttons-is-layout-flex\">\n<div class=\"wp-block-button\"><a class=\"wp-block-button__link\" href=\"\" title=\"WWW.MODESMUZEJS.LV\" target=\"_blank\" rel=\"noreferrer noopener\">VAIR\u0100K PAR MODES MUZEJU<\/a><\/div>\n<\/div>\n\n\n\n<p class=\"wp-block-paragraph\"><\/p>\n<\/div>\n<\/div>\n<\/div><\/div>\n\n<div class=\"wp-block-buttons is-layout-flex wp-block-buttons-is-layout-flex\"><\/div>\n\n<p class=\"wp-block-paragraph\"><\/p>\n","protected":false},"excerpt":{"rendered":"<p>Modes muzejs R\u012bg\u0101, Latvij\u0101 Modes muzejs R\u012bg\u0101 v\u0113ra durvis 2016. gada oktobr\u012b. Pied\u0101v\u0101jot jaunu izst\u0101di ik pusgadu, muzejs dr\u012bz vien k\u013cuva iecien\u012bts gan r\u012bdzinieku, gan R\u012bgas viesu un t\u016bristu vid\u016b. Izv\u0113le pied\u0101v\u0101t gr\u0101matas par modi un t\u0101s v\u0113sturi \u0161\u0137ita dabisks turpin\u0101jums. Gr\u0101matas atlas\u012btas sevi\u0161\u0137i r\u016bp\u012bgi, iev\u0113rojot pareizo l\u012bdzsvaru starp vizu\u0101li iespaid\u012bgiem \u017eurn\u0101lu galdi\u0146a izdevumiem un [&hellip;]<\/p>\n","protected":false},"author":182158374,"featured_media":0,"parent":0,"menu_order":0,"comment_status":"closed","ping_status":"closed","template":"","meta":{"_coblocks_attr":"","_coblocks_dimensions":"","_coblocks_responsive_height":"","_coblocks_accordion_ie_support":"","_crdt_document":"","footnotes":""},"class_list":["post-1294","page","type-page","status-publish","hentry"],"yoast_head":"<!-- This site is optimized with the Yoast SEO plugin v27.4 - https:\/\/yoast.com\/product\/yoast-seo-wordpress\/ -->\n<title>Par mums - Fashion Museum Riga Online Store<\/title>\n<meta name=\"robots\" content=\"index, follow, max-snippet:-1, max-image-preview:large, max-video-preview:-1\" \/>\n<link rel=\"canonical\" href=\"https:\/\/fashionmuseum.shop\/lv\/par-mums\/\" \/>\n<meta property=\"og:locale\" content=\"lv_LV\" \/>\n<meta property=\"og:type\" content=\"article\" \/>\n<meta property=\"og:title\" content=\"Par mums - Fashion Museum Riga Online Store\" \/>\n<meta property=\"og:description\" content=\"Modes muzejs R\u012bg\u0101, Latvij\u0101 Modes muzejs R\u012bg\u0101 v\u0113ra durvis 2016. gada oktobr\u012b. Pied\u0101v\u0101jot jaunu izst\u0101di ik pusgadu, muzejs dr\u012bz vien k\u013cuva iecien\u012bts gan r\u012bdzinieku, gan R\u012bgas viesu un t\u016bristu vid\u016b. Izv\u0113le pied\u0101v\u0101t gr\u0101matas par modi un t\u0101s v\u0113sturi \u0161\u0137ita dabisks turpin\u0101jums. Gr\u0101matas atlas\u012btas sevi\u0161\u0137i r\u016bp\u012bgi, iev\u0113rojot pareizo l\u012bdzsvaru starp vizu\u0101li iespaid\u012bgiem \u017eurn\u0101lu galdi\u0146a izdevumiem un [&hellip;]\" \/>\n<meta property=\"og:url\" content=\"https:\/\/fashionmuseum.shop\/lv\/par-mums\/\" \/>\n<meta property=\"og:site_name\" content=\"Fashion Museum Riga Online Store\" \/>\n<meta property=\"article:modified_time\" content=\"2020-05-06T16:18:58+00:00\" \/>\n<meta property=\"og:image\" content=\"https:\/\/fashionmuseum.shop\/wp-content\/uploads\/2020\/03\/MAR0954-1-1024x685.jpg\" \/>\n<meta name=\"twitter:card\" content=\"summary_large_image\" \/>\n<meta name=\"twitter:label1\" content=\"Est. reading time\" \/>\n\t<meta name=\"twitter:data1\" content=\"1 minute\" \/>\n<script type=\"application\/ld+json\" class=\"yoast-schema-graph\">{\"@context\":\"https:\\\/\\\/schema.org\",\"@graph\":[{\"@type\":\"WebPage\",\"@id\":\"https:\\\/\\\/fashionmuseum.shop\\\/lv\\\/par-mums\\\/\",\"url\":\"https:\\\/\\\/fashionmuseum.shop\\\/lv\\\/par-mums\\\/\",\"name\":\"Par mums - Fashion Museum Riga Online Store\",\"isPartOf\":{\"@id\":\"https:\\\/\\\/fashionmuseum.shop\\\/lv\\\/#website\"},\"primaryImageOfPage\":{\"@id\":\"https:\\\/\\\/fashionmuseum.shop\\\/lv\\\/par-mums\\\/#primaryimage\"},\"image\":{\"@id\":\"https:\\\/\\\/fashionmuseum.shop\\\/lv\\\/par-mums\\\/#primaryimage\"},\"thumbnailUrl\":\"https:\\\/\\\/fashionmuseum.shop\\\/wp-content\\\/uploads\\\/2020\\\/03\\\/MAR0954-1-1024x685.jpg\",\"datePublished\":\"2020-05-06T12:26:04+00:00\",\"dateModified\":\"2020-05-06T16:18:58+00:00\",\"breadcrumb\":{\"@id\":\"https:\\\/\\\/fashionmuseum.shop\\\/lv\\\/par-mums\\\/#breadcrumb\"},\"inLanguage\":\"lv-LV\",\"potentialAction\":[{\"@type\":\"ReadAction\",\"target\":[\"https:\\\/\\\/fashionmuseum.shop\\\/lv\\\/par-mums\\\/\"]}]},{\"@type\":\"ImageObject\",\"inLanguage\":\"lv-LV\",\"@id\":\"https:\\\/\\\/fashionmuseum.shop\\\/lv\\\/par-mums\\\/#primaryimage\",\"url\":\"https:\\\/\\\/fashionmuseum.shop\\\/wp-content\\\/uploads\\\/2020\\\/03\\\/MAR0954-1-1024x685.jpg\",\"contentUrl\":\"https:\\\/\\\/fashionmuseum.shop\\\/wp-content\\\/uploads\\\/2020\\\/03\\\/MAR0954-1-1024x685.jpg\"},{\"@type\":\"BreadcrumbList\",\"@id\":\"https:\\\/\\\/fashionmuseum.shop\\\/lv\\\/par-mums\\\/#breadcrumb\",\"itemListElement\":[{\"@type\":\"ListItem\",\"position\":1,\"name\":\"Home\",\"item\":\"https:\\\/\\\/fashionmuseum.shop\\\/lv\\\/\"},{\"@type\":\"ListItem\",\"position\":2,\"name\":\"Par mums\"}]},{\"@type\":\"WebSite\",\"@id\":\"https:\\\/\\\/fashionmuseum.shop\\\/lv\\\/#website\",\"url\":\"https:\\\/\\\/fashionmuseum.shop\\\/lv\\\/\",\"name\":\"Fashion Museum Online Store\",\"description\":\"Fashion Museum Riga Online Store provides a wide selection of books about fashion and fashion history.\",\"publisher\":{\"@id\":\"https:\\\/\\\/fashionmuseum.shop\\\/lv\\\/#organization\"},\"potentialAction\":[{\"@type\":\"SearchAction\",\"target\":{\"@type\":\"EntryPoint\",\"urlTemplate\":\"https:\\\/\\\/fashionmuseum.shop\\\/lv\\\/?s={search_term_string}\"},\"query-input\":{\"@type\":\"PropertyValueSpecification\",\"valueRequired\":true,\"valueName\":\"search_term_string\"}}],\"inLanguage\":\"lv-LV\"},{\"@type\":\"Organization\",\"@id\":\"https:\\\/\\\/fashionmuseum.shop\\\/lv\\\/#organization\",\"name\":\"Modes muzejs\",\"url\":\"https:\\\/\\\/fashionmuseum.shop\\\/lv\\\/\",\"logo\":{\"@type\":\"ImageObject\",\"inLanguage\":\"lv-LV\",\"@id\":\"https:\\\/\\\/fashionmuseum.shop\\\/lv\\\/#\\\/schema\\\/logo\\\/image\\\/\",\"url\":\"https:\\\/\\\/i1.wp.com\\\/fashionmuseum.shop\\\/wp-content\\\/uploads\\\/2020\\\/04\\\/apple-touch-icon.png?fit=180%2C180&ssl=1\",\"contentUrl\":\"https:\\\/\\\/i1.wp.com\\\/fashionmuseum.shop\\\/wp-content\\\/uploads\\\/2020\\\/04\\\/apple-touch-icon.png?fit=180%2C180&ssl=1\",\"width\":180,\"height\":180,\"caption\":\"Modes muzejs\"},\"image\":{\"@id\":\"https:\\\/\\\/fashionmuseum.shop\\\/lv\\\/#\\\/schema\\\/logo\\\/image\\\/\"}}]}<\/script>\n<!-- \/ Yoast SEO plugin. -->","yoast_head_json":{"title":"Par mums - Fashion Museum Riga Online Store","robots":{"index":"index","follow":"follow","max-snippet":"max-snippet:-1","max-image-preview":"max-image-preview:large","max-video-preview":"max-video-preview:-1"},"canonical":"https:\/\/fashionmuseum.shop\/lv\/par-mums\/","og_locale":"lv_LV","og_type":"article","og_title":"Par mums - Fashion Museum Riga Online Store","og_description":"Modes muzejs R\u012bg\u0101, Latvij\u0101 Modes muzejs R\u012bg\u0101 v\u0113ra durvis 2016. gada oktobr\u012b. Pied\u0101v\u0101jot jaunu izst\u0101di ik pusgadu, muzejs dr\u012bz vien k\u013cuva iecien\u012bts gan r\u012bdzinieku, gan R\u012bgas viesu un t\u016bristu vid\u016b. Izv\u0113le pied\u0101v\u0101t gr\u0101matas par modi un t\u0101s v\u0113sturi \u0161\u0137ita dabisks turpin\u0101jums. Gr\u0101matas atlas\u012btas sevi\u0161\u0137i r\u016bp\u012bgi, iev\u0113rojot pareizo l\u012bdzsvaru starp vizu\u0101li iespaid\u012bgiem \u017eurn\u0101lu galdi\u0146a izdevumiem un [&hellip;]","og_url":"https:\/\/fashionmuseum.shop\/lv\/par-mums\/","og_site_name":"Fashion Museum Riga Online Store","article_modified_time":"2020-05-06T16:18:58+00:00","og_image":[{"url":"https:\/\/fashionmuseum.shop\/wp-content\/uploads\/2020\/03\/MAR0954-1-1024x685.jpg","type":"","width":"","height":""}],"twitter_card":"summary_large_image","twitter_misc":{"Est. reading time":"1 minute"},"schema":{"@context":"https:\/\/schema.org","@graph":[{"@type":"WebPage","@id":"https:\/\/fashionmuseum.shop\/lv\/par-mums\/","url":"https:\/\/fashionmuseum.shop\/lv\/par-mums\/","name":"Par mums - Fashion Museum Riga Online Store","isPartOf":{"@id":"https:\/\/fashionmuseum.shop\/lv\/#website"},"primaryImageOfPage":{"@id":"https:\/\/fashionmuseum.shop\/lv\/par-mums\/#primaryimage"},"image":{"@id":"https:\/\/fashionmuseum.shop\/lv\/par-mums\/#primaryimage"},"thumbnailUrl":"https:\/\/fashionmuseum.shop\/wp-content\/uploads\/2020\/03\/MAR0954-1-1024x685.jpg","datePublished":"2020-05-06T12:26:04+00:00","dateModified":"2020-05-06T16:18:58+00:00","breadcrumb":{"@id":"https:\/\/fashionmuseum.shop\/lv\/par-mums\/#breadcrumb"},"inLanguage":"lv-LV","potentialAction":[{"@type":"ReadAction","target":["https:\/\/fashionmuseum.shop\/lv\/par-mums\/"]}]},{"@type":"ImageObject","inLanguage":"lv-LV","@id":"https:\/\/fashionmuseum.shop\/lv\/par-mums\/#primaryimage","url":"https:\/\/fashionmuseum.shop\/wp-content\/uploads\/2020\/03\/MAR0954-1-1024x685.jpg","contentUrl":"https:\/\/fashionmuseum.shop\/wp-content\/uploads\/2020\/03\/MAR0954-1-1024x685.jpg"},{"@type":"BreadcrumbList","@id":"https:\/\/fashionmuseum.shop\/lv\/par-mums\/#breadcrumb","itemListElement":[{"@type":"ListItem","position":1,"name":"Home","item":"https:\/\/fashionmuseum.shop\/lv\/"},{"@type":"ListItem","position":2,"name":"Par mums"}]},{"@type":"WebSite","@id":"https:\/\/fashionmuseum.shop\/lv\/#website","url":"https:\/\/fashionmuseum.shop\/lv\/","name":"Fashion Museum Online Store","description":"Fashion Museum Riga Online Store provides a wide selection of books about fashion and fashion history.","publisher":{"@id":"https:\/\/fashionmuseum.shop\/lv\/#organization"},"potentialAction":[{"@type":"SearchAction","target":{"@type":"EntryPoint","urlTemplate":"https:\/\/fashionmuseum.shop\/lv\/?s={search_term_string}"},"query-input":{"@type":"PropertyValueSpecification","valueRequired":true,"valueName":"search_term_string"}}],"inLanguage":"lv-LV"},{"@type":"Organization","@id":"https:\/\/fashionmuseum.shop\/lv\/#organization","name":"Modes muzejs","url":"https:\/\/fashionmuseum.shop\/lv\/","logo":{"@type":"ImageObject","inLanguage":"lv-LV","@id":"https:\/\/fashionmuseum.shop\/lv\/#\/schema\/logo\/image\/","url":"https:\/\/i1.wp.com\/fashionmuseum.shop\/wp-content\/uploads\/2020\/04\/apple-touch-icon.png?fit=180%2C180&ssl=1","contentUrl":"https:\/\/i1.wp.com\/fashionmuseum.shop\/wp-content\/uploads\/2020\/04\/apple-touch-icon.png?fit=180%2C180&ssl=1","width":180,"height":180,"caption":"Modes muzejs"},"image":{"@id":"https:\/\/fashionmuseum.shop\/lv\/#\/schema\/logo\/image\/"}}]}},"jetpack_likes_enabled":false,"jetpack_sharing_enabled":true,"jetpack_shortlink":"https:\/\/wp.me\/PbNQBs-kS","amp_enabled":true,"_links":{"self":[{"href":"https:\/\/fashionmuseum.shop\/lv\/wp-json\/wp\/v2\/pages\/1294","targetHints":{"allow":["GET"]}}],"collection":[{"href":"https:\/\/fashionmuseum.shop\/lv\/wp-json\/wp\/v2\/pages"}],"about":[{"href":"https:\/\/fashionmuseum.shop\/lv\/wp-json\/wp\/v2\/types\/page"}],"author":[{"embeddable":true,"href":"https:\/\/fashionmuseum.shop\/lv\/wp-json\/wp\/v2\/users\/182158374"}],"replies":[{"embeddable":true,"href":"https:\/\/fashionmuseum.shop\/lv\/wp-json\/wp\/v2\/comments?post=1294"}],"version-history":[{"count":6,"href":"https:\/\/fashionmuseum.shop\/lv\/wp-json\/wp\/v2\/pages\/1294\/revisions"}],"predecessor-version":[{"id":1308,"href":"https:\/\/fashionmuseum.shop\/lv\/wp-json\/wp\/v2\/pages\/1294\/revisions\/1308"}],"wp:attachment":[{"href":"https:\/\/fashionmuseum.shop\/lv\/wp-json\/wp\/v2\/media?parent=1294"}],"curies":[{"name":"wp","href":"https:\/\/api.w.org\/{rel}","templated":true}]}}