{"id":2411,"date":"2020-06-09T20:37:30","date_gmt":"2020-06-09T17:37:30","guid":{"rendered":"https:\/\/fashionmuseum.shop\/biezak-uzdotie-jautajumi\/"},"modified":"2020-06-10T11:27:17","modified_gmt":"2020-06-10T08:27:17","slug":"biezak-uzdotie-jautajumi","status":"publish","type":"page","link":"https:\/\/fashionmuseum.shop\/lv\/biezak-uzdotie-jautajumi\/","title":{"rendered":"Bie\u017e\u0101k uzdotie jaut\u0101jumi"},"content":{"rendered":"\n<p class=\"wp-block-paragraph\"><b>No kurienes tiek izs\u016bt\u012bti pas\u016bt\u012bjumi?&#13;\n<\/b>&#13;\n<br\/>Visi pas\u016bt\u012bjumi tiek izs\u016bt\u012bti no R\u012bgas, Latvijas.<\/p>\n\n<p class=\"wp-block-paragraph\"><strong>Vai gr\u0101matu kl\u0101sts tie\u0161saistes veikal\u0101 at\u0161\u0137iras no gr\u0101matu kl\u0101sta muzeja veikal\u0101?&#13;\n<\/strong>&#13;\n<br\/>J\u0101, kl\u0101sts var at\u0161\u0137irties. M\u016bsu muzeja veikal\u0101 var b\u016bt t\u0101das gr\u0101matas, kas nav pieejamas tie\u0161saistes veikal\u0101, un otr\u0101di.<\/p>\n\n<p class=\"wp-block-paragraph\"><strong>Vai man oblig\u0101ti j\u0101re\u0123istr\u0113jas, lai veiktu pas\u016bt\u012bjumu?&#13;\n<\/strong>&#13;\n<br\/> N\u0113, J\u016bs varat veikt pas\u016bt\u012bjumu nere\u0123istr\u0113joties, tom\u0113r m\u0113s iesak\u0101m re\u0123istr\u0113ties, lai J\u016bs var\u0113tu apskat\u012bt pas\u016bt\u012bjumu v\u0113sturi, ka ar\u012b sa\u0146emt \u012bpa\u0161os pied\u0101v\u0101jumus no mums. Neuztraucieties, m\u0113s nes\u016bt\u012bsim Jums m\u0113stules!<\/p>\n\n<p class=\"wp-block-paragraph\"><\/p>\n","protected":false},"excerpt":{"rendered":"<p>No kurienes tiek izs\u016bt\u012bti pas\u016bt\u012bjumi?&#13; &#13; Visi pas\u016bt\u012bjumi tiek izs\u016bt\u012bti no R\u012bgas, Latvijas. Vai gr\u0101matu kl\u0101sts tie\u0161saistes veikal\u0101 at\u0161\u0137iras no gr\u0101matu kl\u0101sta muzeja veikal\u0101?&#13; &#13; J\u0101, kl\u0101sts var at\u0161\u0137irties. M\u016bsu muzeja veikal\u0101 var b\u016bt t\u0101das gr\u0101matas, kas nav pieejamas tie\u0161saistes veikal\u0101, un otr\u0101di. Vai man oblig\u0101ti j\u0101re\u0123istr\u0113jas, lai veiktu pas\u016bt\u012bjumu?&#13; &#13; N\u0113, J\u016bs varat veikt [&hellip;]<\/p>\n","protected":false},"author":182158374,"featured_media":0,"parent":0,"menu_order":0,"comment_status":"closed","ping_status":"closed","template":"","meta":{"_coblocks_attr":"","_coblocks_dimensions":"","_coblocks_responsive_height":"","_coblocks_accordion_ie_support":"","_crdt_document":"","footnotes":""},"class_list":["post-2411","page","type-page","status-publish","hentry"],"yoast_head":"<!-- This site is optimized with the Yoast SEO plugin v27.4 - https:\/\/yoast.com\/product\/yoast-seo-wordpress\/ -->\n<title>Bie\u017e\u0101k uzdotie jaut\u0101jumi - Fashion Museum Riga Online Store<\/title>\n<meta name=\"robots\" content=\"index, follow, max-snippet:-1, max-image-preview:large, max-video-preview:-1\" \/>\n<link rel=\"canonical\" href=\"https:\/\/fashionmuseum.shop\/lv\/biezak-uzdotie-jautajumi\/\" \/>\n<meta property=\"og:locale\" content=\"lv_LV\" \/>\n<meta property=\"og:type\" content=\"article\" \/>\n<meta property=\"og:title\" content=\"Bie\u017e\u0101k uzdotie jaut\u0101jumi - Fashion Museum Riga Online Store\" \/>\n<meta property=\"og:description\" content=\"No kurienes tiek izs\u016bt\u012bti pas\u016bt\u012bjumi?&#013; &#013; Visi pas\u016bt\u012bjumi tiek izs\u016bt\u012bti no R\u012bgas, Latvijas. Vai gr\u0101matu kl\u0101sts tie\u0161saistes veikal\u0101 at\u0161\u0137iras no gr\u0101matu kl\u0101sta muzeja veikal\u0101?&#013; &#013; J\u0101, kl\u0101sts var at\u0161\u0137irties. M\u016bsu muzeja veikal\u0101 var b\u016bt t\u0101das gr\u0101matas, kas nav pieejamas tie\u0161saistes veikal\u0101, un otr\u0101di. Vai man oblig\u0101ti j\u0101re\u0123istr\u0113jas, lai veiktu pas\u016bt\u012bjumu?&#013; &#013; N\u0113, J\u016bs varat veikt [&hellip;]\" \/>\n<meta property=\"og:url\" content=\"https:\/\/fashionmuseum.shop\/lv\/biezak-uzdotie-jautajumi\/\" \/>\n<meta property=\"og:site_name\" content=\"Fashion Museum Riga Online Store\" \/>\n<meta property=\"article:modified_time\" content=\"2020-06-10T08:27:17+00:00\" \/>\n<meta name=\"twitter:card\" content=\"summary_large_image\" \/>\n<meta name=\"twitter:label1\" content=\"Est. reading time\" \/>\n\t<meta name=\"twitter:data1\" content=\"1 minute\" \/>\n<script type=\"application\/ld+json\" class=\"yoast-schema-graph\">{\"@context\":\"https:\\\/\\\/schema.org\",\"@graph\":[{\"@type\":\"WebPage\",\"@id\":\"https:\\\/\\\/fashionmuseum.shop\\\/lv\\\/biezak-uzdotie-jautajumi\\\/\",\"url\":\"https:\\\/\\\/fashionmuseum.shop\\\/lv\\\/biezak-uzdotie-jautajumi\\\/\",\"name\":\"Bie\u017e\u0101k uzdotie jaut\u0101jumi - Fashion Museum Riga Online Store\",\"isPartOf\":{\"@id\":\"https:\\\/\\\/fashionmuseum.shop\\\/lv\\\/#website\"},\"datePublished\":\"2020-06-09T17:37:30+00:00\",\"dateModified\":\"2020-06-10T08:27:17+00:00\",\"breadcrumb\":{\"@id\":\"https:\\\/\\\/fashionmuseum.shop\\\/lv\\\/biezak-uzdotie-jautajumi\\\/#breadcrumb\"},\"inLanguage\":\"lv-LV\",\"potentialAction\":[{\"@type\":\"ReadAction\",\"target\":[\"https:\\\/\\\/fashionmuseum.shop\\\/lv\\\/biezak-uzdotie-jautajumi\\\/\"]}]},{\"@type\":\"BreadcrumbList\",\"@id\":\"https:\\\/\\\/fashionmuseum.shop\\\/lv\\\/biezak-uzdotie-jautajumi\\\/#breadcrumb\",\"itemListElement\":[{\"@type\":\"ListItem\",\"position\":1,\"name\":\"Home\",\"item\":\"https:\\\/\\\/fashionmuseum.shop\\\/lv\\\/\"},{\"@type\":\"ListItem\",\"position\":2,\"name\":\"Bie\u017e\u0101k uzdotie jaut\u0101jumi\"}]},{\"@type\":\"WebSite\",\"@id\":\"https:\\\/\\\/fashionmuseum.shop\\\/lv\\\/#website\",\"url\":\"https:\\\/\\\/fashionmuseum.shop\\\/lv\\\/\",\"name\":\"Fashion Museum Online Store\",\"description\":\"Fashion Museum Riga Online Store provides a wide selection of books about fashion and fashion history.\",\"publisher\":{\"@id\":\"https:\\\/\\\/fashionmuseum.shop\\\/lv\\\/#organization\"},\"potentialAction\":[{\"@type\":\"SearchAction\",\"target\":{\"@type\":\"EntryPoint\",\"urlTemplate\":\"https:\\\/\\\/fashionmuseum.shop\\\/lv\\\/?s={search_term_string}\"},\"query-input\":{\"@type\":\"PropertyValueSpecification\",\"valueRequired\":true,\"valueName\":\"search_term_string\"}}],\"inLanguage\":\"lv-LV\"},{\"@type\":\"Organization\",\"@id\":\"https:\\\/\\\/fashionmuseum.shop\\\/lv\\\/#organization\",\"name\":\"Modes muzejs\",\"url\":\"https:\\\/\\\/fashionmuseum.shop\\\/lv\\\/\",\"logo\":{\"@type\":\"ImageObject\",\"inLanguage\":\"lv-LV\",\"@id\":\"https:\\\/\\\/fashionmuseum.shop\\\/lv\\\/#\\\/schema\\\/logo\\\/image\\\/\",\"url\":\"https:\\\/\\\/i1.wp.com\\\/fashionmuseum.shop\\\/wp-content\\\/uploads\\\/2020\\\/04\\\/apple-touch-icon.png?fit=180%2C180&ssl=1\",\"contentUrl\":\"https:\\\/\\\/i1.wp.com\\\/fashionmuseum.shop\\\/wp-content\\\/uploads\\\/2020\\\/04\\\/apple-touch-icon.png?fit=180%2C180&ssl=1\",\"width\":180,\"height\":180,\"caption\":\"Modes muzejs\"},\"image\":{\"@id\":\"https:\\\/\\\/fashionmuseum.shop\\\/lv\\\/#\\\/schema\\\/logo\\\/image\\\/\"}}]}<\/script>\n<!-- \/ Yoast SEO plugin. -->","yoast_head_json":{"title":"Bie\u017e\u0101k uzdotie jaut\u0101jumi - Fashion Museum Riga Online Store","robots":{"index":"index","follow":"follow","max-snippet":"max-snippet:-1","max-image-preview":"max-image-preview:large","max-video-preview":"max-video-preview:-1"},"canonical":"https:\/\/fashionmuseum.shop\/lv\/biezak-uzdotie-jautajumi\/","og_locale":"lv_LV","og_type":"article","og_title":"Bie\u017e\u0101k uzdotie jaut\u0101jumi - Fashion Museum Riga Online Store","og_description":"No kurienes tiek izs\u016bt\u012bti pas\u016bt\u012bjumi?&#13; &#13; Visi pas\u016bt\u012bjumi tiek izs\u016bt\u012bti no R\u012bgas, Latvijas. Vai gr\u0101matu kl\u0101sts tie\u0161saistes veikal\u0101 at\u0161\u0137iras no gr\u0101matu kl\u0101sta muzeja veikal\u0101?&#13; &#13; J\u0101, kl\u0101sts var at\u0161\u0137irties. M\u016bsu muzeja veikal\u0101 var b\u016bt t\u0101das gr\u0101matas, kas nav pieejamas tie\u0161saistes veikal\u0101, un otr\u0101di. Vai man oblig\u0101ti j\u0101re\u0123istr\u0113jas, lai veiktu pas\u016bt\u012bjumu?&#13; &#13; N\u0113, J\u016bs varat veikt [&hellip;]","og_url":"https:\/\/fashionmuseum.shop\/lv\/biezak-uzdotie-jautajumi\/","og_site_name":"Fashion Museum Riga Online Store","article_modified_time":"2020-06-10T08:27:17+00:00","twitter_card":"summary_large_image","twitter_misc":{"Est. reading time":"1 minute"},"schema":{"@context":"https:\/\/schema.org","@graph":[{"@type":"WebPage","@id":"https:\/\/fashionmuseum.shop\/lv\/biezak-uzdotie-jautajumi\/","url":"https:\/\/fashionmuseum.shop\/lv\/biezak-uzdotie-jautajumi\/","name":"Bie\u017e\u0101k uzdotie jaut\u0101jumi - Fashion Museum Riga Online Store","isPartOf":{"@id":"https:\/\/fashionmuseum.shop\/lv\/#website"},"datePublished":"2020-06-09T17:37:30+00:00","dateModified":"2020-06-10T08:27:17+00:00","breadcrumb":{"@id":"https:\/\/fashionmuseum.shop\/lv\/biezak-uzdotie-jautajumi\/#breadcrumb"},"inLanguage":"lv-LV","potentialAction":[{"@type":"ReadAction","target":["https:\/\/fashionmuseum.shop\/lv\/biezak-uzdotie-jautajumi\/"]}]},{"@type":"BreadcrumbList","@id":"https:\/\/fashionmuseum.shop\/lv\/biezak-uzdotie-jautajumi\/#breadcrumb","itemListElement":[{"@type":"ListItem","position":1,"name":"Home","item":"https:\/\/fashionmuseum.shop\/lv\/"},{"@type":"ListItem","position":2,"name":"Bie\u017e\u0101k uzdotie jaut\u0101jumi"}]},{"@type":"WebSite","@id":"https:\/\/fashionmuseum.shop\/lv\/#website","url":"https:\/\/fashionmuseum.shop\/lv\/","name":"Fashion Museum Online Store","description":"Fashion Museum Riga Online Store provides a wide selection of books about fashion and fashion history.","publisher":{"@id":"https:\/\/fashionmuseum.shop\/lv\/#organization"},"potentialAction":[{"@type":"SearchAction","target":{"@type":"EntryPoint","urlTemplate":"https:\/\/fashionmuseum.shop\/lv\/?s={search_term_string}"},"query-input":{"@type":"PropertyValueSpecification","valueRequired":true,"valueName":"search_term_string"}}],"inLanguage":"lv-LV"},{"@type":"Organization","@id":"https:\/\/fashionmuseum.shop\/lv\/#organization","name":"Modes muzejs","url":"https:\/\/fashionmuseum.shop\/lv\/","logo":{"@type":"ImageObject","inLanguage":"lv-LV","@id":"https:\/\/fashionmuseum.shop\/lv\/#\/schema\/logo\/image\/","url":"https:\/\/i1.wp.com\/fashionmuseum.shop\/wp-content\/uploads\/2020\/04\/apple-touch-icon.png?fit=180%2C180&ssl=1","contentUrl":"https:\/\/i1.wp.com\/fashionmuseum.shop\/wp-content\/uploads\/2020\/04\/apple-touch-icon.png?fit=180%2C180&ssl=1","width":180,"height":180,"caption":"Modes muzejs"},"image":{"@id":"https:\/\/fashionmuseum.shop\/lv\/#\/schema\/logo\/image\/"}}]}},"jetpack_likes_enabled":false,"jetpack_sharing_enabled":true,"jetpack_shortlink":"https:\/\/wp.me\/PbNQBs-CT","amp_enabled":true,"_links":{"self":[{"href":"https:\/\/fashionmuseum.shop\/lv\/wp-json\/wp\/v2\/pages\/2411","targetHints":{"allow":["GET"]}}],"collection":[{"href":"https:\/\/fashionmuseum.shop\/lv\/wp-json\/wp\/v2\/pages"}],"about":[{"href":"https:\/\/fashionmuseum.shop\/lv\/wp-json\/wp\/v2\/types\/page"}],"author":[{"embeddable":true,"href":"https:\/\/fashionmuseum.shop\/lv\/wp-json\/wp\/v2\/users\/182158374"}],"replies":[{"embeddable":true,"href":"https:\/\/fashionmuseum.shop\/lv\/wp-json\/wp\/v2\/comments?post=2411"}],"version-history":[{"count":13,"href":"https:\/\/fashionmuseum.shop\/lv\/wp-json\/wp\/v2\/pages\/2411\/revisions"}],"predecessor-version":[{"id":2434,"href":"https:\/\/fashionmuseum.shop\/lv\/wp-json\/wp\/v2\/pages\/2411\/revisions\/2434"}],"wp:attachment":[{"href":"https:\/\/fashionmuseum.shop\/lv\/wp-json\/wp\/v2\/media?parent=2411"}],"curies":[{"name":"wp","href":"https:\/\/api.w.org\/{rel}","templated":true}]}}