{"id":2521,"date":"2020-08-24T16:08:17","date_gmt":"2020-08-24T13:08:17","guid":{"rendered":"https:\/\/fashionmuseum.shop\/piegade\/"},"modified":"2024-10-28T16:53:42","modified_gmt":"2024-10-28T14:53:42","slug":"piegade","status":"publish","type":"page","link":"https:\/\/fashionmuseum.shop\/lv\/piegade\/","title":{"rendered":"Pieg\u0101de"},"content":{"rendered":"\n<p class=\"wp-block-paragraph\"><strong><span lang=\"LV\">Pas\u016bt\u012bjuma sa\u0146em\u0161ana muzej\u0101<\/span><\/strong><br\/>&#13;\n&#13;\n<span lang=\"LV\">J\u016bs varat sa\u0146emt savu pas\u016bt\u012bjumu bez maksas m\u016bsu muzeja veikal\u0101 (pieejams Latvij\u0101 eso\u0161\u0101m r\u0113\u0137ina adres\u0113m). Ja J\u016bsu r\u0113\u0137ina adrese atrodas \u0101rpus Latvijas, bet J\u016bs v\u0113laties izmantot iesp\u0113ju sa\u0146emt pas\u016bt\u012bjumu muzej\u0101, at\u0137eks\u0113jiet iesp\u0113ju \u201ePieg\u0101d\u0101t uz citu adresi?\u201d.<\/span><\/p>\n\n<p class=\"wp-block-paragraph\">DPD, Omniva, Venipak Baltijas valst\u012bs parasti pieg\u0101de notiek 1-3 darba dienu laik\u0101. Pieg\u0101des laiks var palielin\u0101ties sezonas laik\u0101, piem\u0113ram, Ziemassv\u0113tkos, valsts sv\u0113tku dien\u0101s utt.&#13;\n&#13;\n<\/p>\n\n<p class=\"wp-block-paragraph\">DPD, Itella pieg\u0101de Eirop\u0101 var ilgt l\u012bdz 7-8 darba dien\u0101m.<\/p>\n\n<p class=\"wp-block-paragraph\">Fedex, TNT l\u016bdzu skatiet inform\u0101ciju pie cenas.<\/p>\n\n<p class=\"wp-block-paragraph\"><strong>Pieg\u0101des pakalpojumi<\/strong><br\/> M\u0113s izmantojam:<br\/>&#13;\nDPD kurjera pakalpojumus, DPD pieg\u0101di uz pakom\u0101tiem<br\/>&#13;\nEMS kurjera pakalpojumus<br\/>&#13;\nOmniva pieg\u0101di uz pakom\u0101tiem<br\/>&#13;\nUPS kurjera pieg\u0101de (dr\u012bz)<br\/>&#13;\nVenipak kurjera pakalpojumus un pieg\u0101di uz\u00a0pakom\u0101tiem.<br\/><br\/>&#13;\n&#13;\n<strong><span lang=\"LV\">DPD kurjera pakalpojumi&#13;\n<\/span><\/strong><span lang=\"LV\"><br\/>&#13;\nIr pieejama pieg\u0101de uz \u0161\u0101d\u0101m valst\u012bm: Austrija, Be\u013c\u0123ija, Bulg\u0101rija, Horv\u0101tija, \u010cehija, D\u0101nija, Igaunija, Somija, Francija, V\u0101cija, Grie\u0137ija, Ung\u0101rija, \u012arija, It\u0101lija, Latvija, Lietuva, Luksemburga, N\u012bderlande, Norv\u0113\u0123ija, Polija, Portug\u0101le, Rum\u0101nija, Slov\u0113nija, Slov\u0101kija, Sp\u0101nija, Zviedrija, \u0160veice, Apvienot\u0101 Karaliste, Ukraina. Pieg\u0101dei uz vis\u0101m valst\u012bm ir \u010detri cenu l\u012bme\u0146i. Cenu l\u012bme\u0146i \u2013 l\u012bdz 3\u00a0kg, l\u012bdz 10\u00a0kg, l\u012bdz 20\u00a0kg un l\u012bdz 31,5\u00a0kg. Maksim\u0101lais s\u016bt\u012bjuma svars pieg\u0101dei DPD kurjeru ir 31,5 kg. L\u016bgums \u0146emt v\u0113r\u0101, ka pieg\u0101dei uz Igaunij\u0101, Lietuv\u0101 un Grie\u0137ij\u0101 ietilpsto\u0161\u0101m sal\u0101m ir augst\u0101kas pieg\u0101des cenas. Varb\u016bt ir v\u0113rts noskaidrot, kur atrodas tuv\u0101kais DPD Pickup punkts?<\/span><\/p>\n\n<p class=\"wp-block-paragraph\"><strong><span lang=\"LV\">DPD Pickup punkti<\/span><\/strong><br\/>&#13;\n&#13;\n<span lang=\"LV\">Ir pieejama pieg\u0101de uz \u0161\u0101d\u0101m valst\u012bm: Austrija, Be\u013c\u0123ija, Bulg\u0101rija, Horv\u0101tija, \u010cehija, D\u0101nija, Igaunija, Somija, Francija, V\u0101cija, Grie\u0137ija, Ung\u0101rija, \u012arija, It\u0101lija, Latvija, Lietuva, Luksemburga, N\u012bderlande, Norv\u0113\u0123ija, Polija, Portug\u0101le, Rum\u0101nija, Slov\u0113nija, Slov\u0101kija, Sp\u0101nija, Zviedrija, \u0160veice, Apvienot\u0101 Karaliste.<\/span>&#13;\n&#13;\nVisiem s\u016bt\u012bjumiem uz Igauniju, Latviju un Lietuvu tiek piem\u0113rota viena cena neatkar\u012bgi no s\u016bt\u012bjuma kop\u0113j\u0101 svara. Maksim\u0101lais s\u016bt\u012bjuma svars pieg\u0101dei uz DPD Pickup punktiem ir 20\u00a0kg.&#13;\nPieg\u0101dei uz p\u0101r\u0113j\u0101m valst\u012bm ir tr\u012bs cenu l\u012bme\u0146i. Cenu l\u012bme\u0146i &#8211; l\u012bdz 3\u00a0kg, l\u012bdz 10\u00a0kg un l\u012bdz 20\u00a0kg. Maksim\u0101lais s\u016bt\u012bjuma svars pieg\u0101dei uz DPD Pickup punktiem ir 20 kg.<\/p>\n\n<p class=\"wp-block-paragraph\"><strong>EMS <span lang=\"LV\">kurjera pakalpojumi<\/span><\/strong><br\/>Ir pieejama pieg\u0101de uz \u0161\u0101d\u0101m valst\u012bm: <span class=\"word word-3-0-0\">Arm\u0113nija<\/span><span class=\"word word-3-1-1\">,<\/span> <span class=\"word word-3-2-2\">Azerbaid\u017e\u0101na<\/span><span class=\"word word-3-3-3\">,<\/span> <span class=\"word word-3-4-4\">Izra\u0113la<\/span><span class=\"word word-3-5-5\">,<\/span> <span class=\"word word-3-6-6\">Gruzija<\/span><span class=\"word word-3-7-7\">,<\/span> <span class=\"word word-3-8-8\">Kazahst\u0101na<\/span><span class=\"word word-3-9-9\">,<\/span><span class=\"word word-3-10-10 word-3-11-10\">Zieme\u013cMa\u0137edonija<\/span><span class=\"word word-3-12-11\">,<\/span> <span class=\"word word-3-13-12\">Malta<\/span><span class=\"word word-3-14-13\">,<\/span> <span class=\"word word-3-15-14\">Moldova<\/span><span class=\"word word-3-16-15\">,<\/span> <span class=\"word word-3-17-16\">Krievija<\/span><span class=\"word word-3-18-17\">,<\/span> <span class=\"word word-3-19-18\">Tad\u017eikist\u0101na<\/span><span class=\"word word-3-20-19\">,<\/span><span class=\"word word-3-21-20\">Turcija<\/span><span class=\"word word-3-22-21\">,<\/span> <span class=\"word word-3-23-22\">Turkmenist\u0101na<\/span><span class=\"word word-3-24-23\">,<\/span> <span class=\"word word-3-25-24 word-3-26-24\">ASV<\/span> <span class=\"word word-3-27-25\">un<\/span> <span class=\"word word-3-28-26\">Uzbekist\u0101na<\/span><span class=\"word word-3-29-27\">.<\/span><\/p>\n\n<p class=\"wp-block-paragraph\"><strong>Omniva pakom\u0101tu tikls<\/strong><br\/>Ir pieejama pieg\u0101de uz \u0161\u0101d\u0101m valst\u012bm: Latvija, Lietuva un Igaunija.Visiem s\u016bt\u012bjumiem uz Igauniju, Latviju un Lietuvu tiek piem\u0113rota viena cena neatkar\u012bgi no s\u016bt\u012bjuma kop\u0113j\u0101 svara. Maksim\u0101lais s\u016bt\u012bjuma svars pieg\u0101dei uz punktiem ir 30 kg. Pieg\u0101de Latvij\u0101 \u2013 2.50 EUR. Pieg\u0101de Lietuv\u0101 un Igaunij\u0101 \u2013 5 EUR.<br\/><\/p>\n\n<p class=\"wp-block-paragraph\"><strong>Venipak kurjera pakalpojumi<\/strong><br\/>Ir pieejama pieg\u0101de uz \u0161\u0101d\u0101m valst\u012bm: Latvija, Lietuva un Igaunija. \u00a0 Cenu l\u012bme\u0146i \u2013 l\u012bdz\u00a0\u00a02 kg, l\u012bdz 5 kg, l\u012bdz 10 kg, l\u012bdz 20, l\u012bdz 30 un l\u012bdz 50 kg. Maksim\u0101lais s\u016bt\u012bjuma svars pieg\u0101dei ir 50 kg.<br\/><br\/>&#13;\n&#13;\n&#13;\n<strong>Venipak pakom\u0101ti<\/strong><br\/> Ir pieejama pieg\u0101de uz \u0161\u0101d\u0101m valst\u012bm: Latvija, Lietuva un Igaunija. \u00a0Visiem s\u016bt\u012bjumiem uz Igauniju, Latviju un Lietuvu tiek piem\u0113rota viena cena neatkar\u012bgi no s\u016bt\u012bjuma kop\u0113j\u0101 svara. Maksim\u0101lais s\u016bt\u012bjuma svars pieg\u0101dei uz pakom\u0101tiem ir 30 kg. Pieg\u0101de Latvij\u0101 \u2013 0.00 EUR l\u012bdz 30\/11\/2021 un 1.40 no 01\/12\/2021.&#13;\nPieg\u0101de Lietuv\u0101 -3.30 EUR&#13;\nPieg\u0101de Igaunij\u0101 \u2013 5.65 EUR.<\/p>\n\n<p class=\"wp-block-paragraph\"><strong><span lang=\"LV\">Alternat\u012bv\u0101s pieg\u0101des iesp\u0113jas<\/span><\/strong><br\/>Esam nosl\u0113gu\u0161i l\u012bgumu ar UPS, lai nodro\u0161in\u0101tu pieg\u0101di uz cit\u0101m valst\u012bm, k\u0101 ar\u012b samazin\u0101tu pieg\u0101des cenas uz da\u017e\u0101m Eiropas valst\u012bm. UPS pieg\u0101des iesp\u0113jas b\u016bs pieejamas dr\u012bzum\u0101.<\/p>\n","protected":false},"excerpt":{"rendered":"<p>Pas\u016bt\u012bjuma sa\u0146em\u0161ana muzej\u0101&#13; &#13; J\u016bs varat sa\u0146emt savu pas\u016bt\u012bjumu bez maksas m\u016bsu muzeja veikal\u0101 (pieejams Latvij\u0101 eso\u0161\u0101m r\u0113\u0137ina adres\u0113m). Ja J\u016bsu r\u0113\u0137ina adrese atrodas \u0101rpus Latvijas, bet J\u016bs v\u0113laties izmantot iesp\u0113ju sa\u0146emt pas\u016bt\u012bjumu muzej\u0101, at\u0137eks\u0113jiet iesp\u0113ju \u201ePieg\u0101d\u0101t uz citu adresi?\u201d. DPD, Omniva, Venipak Baltijas valst\u012bs parasti pieg\u0101de notiek 1-3 darba dienu laik\u0101. Pieg\u0101des laiks var [&hellip;]<\/p>\n","protected":false},"author":182158374,"featured_media":0,"parent":0,"menu_order":0,"comment_status":"closed","ping_status":"closed","template":"","meta":{"_coblocks_attr":"","_coblocks_dimensions":"","_coblocks_responsive_height":"","_coblocks_accordion_ie_support":"","_crdt_document":"","footnotes":""},"class_list":["post-2521","page","type-page","status-publish","hentry"],"yoast_head":"<!-- This site is optimized with the Yoast SEO plugin v27.4 - https:\/\/yoast.com\/product\/yoast-seo-wordpress\/ -->\n<title>Pieg\u0101de - Fashion Museum Riga Online Store<\/title>\n<meta name=\"robots\" content=\"index, follow, max-snippet:-1, max-image-preview:large, max-video-preview:-1\" \/>\n<link rel=\"canonical\" href=\"https:\/\/fashionmuseum.shop\/lv\/piegade\/\" \/>\n<meta property=\"og:locale\" content=\"lv_LV\" \/>\n<meta property=\"og:type\" content=\"article\" \/>\n<meta property=\"og:title\" content=\"Pieg\u0101de - Fashion Museum Riga Online Store\" \/>\n<meta property=\"og:description\" content=\"Pas\u016bt\u012bjuma sa\u0146em\u0161ana muzej\u0101&#013; &#013; J\u016bs varat sa\u0146emt savu pas\u016bt\u012bjumu bez maksas m\u016bsu muzeja veikal\u0101 (pieejams Latvij\u0101 eso\u0161\u0101m r\u0113\u0137ina adres\u0113m). Ja J\u016bsu r\u0113\u0137ina adrese atrodas \u0101rpus Latvijas, bet J\u016bs v\u0113laties izmantot iesp\u0113ju sa\u0146emt pas\u016bt\u012bjumu muzej\u0101, at\u0137eks\u0113jiet iesp\u0113ju \u201ePieg\u0101d\u0101t uz citu adresi?\u201d. DPD, Omniva, Venipak Baltijas valst\u012bs parasti pieg\u0101de notiek 1-3 darba dienu laik\u0101. Pieg\u0101des laiks var [&hellip;]\" \/>\n<meta property=\"og:url\" content=\"https:\/\/fashionmuseum.shop\/lv\/piegade\/\" \/>\n<meta property=\"og:site_name\" content=\"Fashion Museum Riga Online Store\" \/>\n<meta property=\"article:modified_time\" content=\"2024-10-28T14:53:42+00:00\" \/>\n<meta name=\"twitter:card\" content=\"summary_large_image\" \/>\n<meta name=\"twitter:label1\" content=\"Est. reading time\" \/>\n\t<meta name=\"twitter:data1\" content=\"3 minutes\" \/>\n<script type=\"application\/ld+json\" class=\"yoast-schema-graph\">{\"@context\":\"https:\\\/\\\/schema.org\",\"@graph\":[{\"@type\":\"WebPage\",\"@id\":\"https:\\\/\\\/fashionmuseum.shop\\\/lv\\\/piegade\\\/\",\"url\":\"https:\\\/\\\/fashionmuseum.shop\\\/lv\\\/piegade\\\/\",\"name\":\"Pieg\u0101de - Fashion Museum Riga Online Store\",\"isPartOf\":{\"@id\":\"https:\\\/\\\/fashionmuseum.shop\\\/lv\\\/#website\"},\"datePublished\":\"2020-08-24T13:08:17+00:00\",\"dateModified\":\"2024-10-28T14:53:42+00:00\",\"breadcrumb\":{\"@id\":\"https:\\\/\\\/fashionmuseum.shop\\\/lv\\\/piegade\\\/#breadcrumb\"},\"inLanguage\":\"lv-LV\",\"potentialAction\":[{\"@type\":\"ReadAction\",\"target\":[\"https:\\\/\\\/fashionmuseum.shop\\\/lv\\\/piegade\\\/\"]}]},{\"@type\":\"BreadcrumbList\",\"@id\":\"https:\\\/\\\/fashionmuseum.shop\\\/lv\\\/piegade\\\/#breadcrumb\",\"itemListElement\":[{\"@type\":\"ListItem\",\"position\":1,\"name\":\"Home\",\"item\":\"https:\\\/\\\/fashionmuseum.shop\\\/lv\\\/\"},{\"@type\":\"ListItem\",\"position\":2,\"name\":\"Pieg\u0101de\"}]},{\"@type\":\"WebSite\",\"@id\":\"https:\\\/\\\/fashionmuseum.shop\\\/lv\\\/#website\",\"url\":\"https:\\\/\\\/fashionmuseum.shop\\\/lv\\\/\",\"name\":\"Fashion Museum Online Store\",\"description\":\"Fashion Museum Riga Online Store provides a wide selection of books about fashion and fashion history.\",\"publisher\":{\"@id\":\"https:\\\/\\\/fashionmuseum.shop\\\/lv\\\/#organization\"},\"potentialAction\":[{\"@type\":\"SearchAction\",\"target\":{\"@type\":\"EntryPoint\",\"urlTemplate\":\"https:\\\/\\\/fashionmuseum.shop\\\/lv\\\/?s={search_term_string}\"},\"query-input\":{\"@type\":\"PropertyValueSpecification\",\"valueRequired\":true,\"valueName\":\"search_term_string\"}}],\"inLanguage\":\"lv-LV\"},{\"@type\":\"Organization\",\"@id\":\"https:\\\/\\\/fashionmuseum.shop\\\/lv\\\/#organization\",\"name\":\"Modes muzejs\",\"url\":\"https:\\\/\\\/fashionmuseum.shop\\\/lv\\\/\",\"logo\":{\"@type\":\"ImageObject\",\"inLanguage\":\"lv-LV\",\"@id\":\"https:\\\/\\\/fashionmuseum.shop\\\/lv\\\/#\\\/schema\\\/logo\\\/image\\\/\",\"url\":\"https:\\\/\\\/i1.wp.com\\\/fashionmuseum.shop\\\/wp-content\\\/uploads\\\/2020\\\/04\\\/apple-touch-icon.png?fit=180%2C180&ssl=1\",\"contentUrl\":\"https:\\\/\\\/i1.wp.com\\\/fashionmuseum.shop\\\/wp-content\\\/uploads\\\/2020\\\/04\\\/apple-touch-icon.png?fit=180%2C180&ssl=1\",\"width\":180,\"height\":180,\"caption\":\"Modes muzejs\"},\"image\":{\"@id\":\"https:\\\/\\\/fashionmuseum.shop\\\/lv\\\/#\\\/schema\\\/logo\\\/image\\\/\"}}]}<\/script>\n<!-- \/ Yoast SEO plugin. -->","yoast_head_json":{"title":"Pieg\u0101de - Fashion Museum Riga Online Store","robots":{"index":"index","follow":"follow","max-snippet":"max-snippet:-1","max-image-preview":"max-image-preview:large","max-video-preview":"max-video-preview:-1"},"canonical":"https:\/\/fashionmuseum.shop\/lv\/piegade\/","og_locale":"lv_LV","og_type":"article","og_title":"Pieg\u0101de - Fashion Museum Riga Online Store","og_description":"Pas\u016bt\u012bjuma sa\u0146em\u0161ana muzej\u0101&#13; &#13; J\u016bs varat sa\u0146emt savu pas\u016bt\u012bjumu bez maksas m\u016bsu muzeja veikal\u0101 (pieejams Latvij\u0101 eso\u0161\u0101m r\u0113\u0137ina adres\u0113m). Ja J\u016bsu r\u0113\u0137ina adrese atrodas \u0101rpus Latvijas, bet J\u016bs v\u0113laties izmantot iesp\u0113ju sa\u0146emt pas\u016bt\u012bjumu muzej\u0101, at\u0137eks\u0113jiet iesp\u0113ju \u201ePieg\u0101d\u0101t uz citu adresi?\u201d. DPD, Omniva, Venipak Baltijas valst\u012bs parasti pieg\u0101de notiek 1-3 darba dienu laik\u0101. Pieg\u0101des laiks var [&hellip;]","og_url":"https:\/\/fashionmuseum.shop\/lv\/piegade\/","og_site_name":"Fashion Museum Riga Online Store","article_modified_time":"2024-10-28T14:53:42+00:00","twitter_card":"summary_large_image","twitter_misc":{"Est. reading time":"3 minutes"},"schema":{"@context":"https:\/\/schema.org","@graph":[{"@type":"WebPage","@id":"https:\/\/fashionmuseum.shop\/lv\/piegade\/","url":"https:\/\/fashionmuseum.shop\/lv\/piegade\/","name":"Pieg\u0101de - Fashion Museum Riga Online Store","isPartOf":{"@id":"https:\/\/fashionmuseum.shop\/lv\/#website"},"datePublished":"2020-08-24T13:08:17+00:00","dateModified":"2024-10-28T14:53:42+00:00","breadcrumb":{"@id":"https:\/\/fashionmuseum.shop\/lv\/piegade\/#breadcrumb"},"inLanguage":"lv-LV","potentialAction":[{"@type":"ReadAction","target":["https:\/\/fashionmuseum.shop\/lv\/piegade\/"]}]},{"@type":"BreadcrumbList","@id":"https:\/\/fashionmuseum.shop\/lv\/piegade\/#breadcrumb","itemListElement":[{"@type":"ListItem","position":1,"name":"Home","item":"https:\/\/fashionmuseum.shop\/lv\/"},{"@type":"ListItem","position":2,"name":"Pieg\u0101de"}]},{"@type":"WebSite","@id":"https:\/\/fashionmuseum.shop\/lv\/#website","url":"https:\/\/fashionmuseum.shop\/lv\/","name":"Fashion Museum Online Store","description":"Fashion Museum Riga Online Store provides a wide selection of books about fashion and fashion history.","publisher":{"@id":"https:\/\/fashionmuseum.shop\/lv\/#organization"},"potentialAction":[{"@type":"SearchAction","target":{"@type":"EntryPoint","urlTemplate":"https:\/\/fashionmuseum.shop\/lv\/?s={search_term_string}"},"query-input":{"@type":"PropertyValueSpecification","valueRequired":true,"valueName":"search_term_string"}}],"inLanguage":"lv-LV"},{"@type":"Organization","@id":"https:\/\/fashionmuseum.shop\/lv\/#organization","name":"Modes muzejs","url":"https:\/\/fashionmuseum.shop\/lv\/","logo":{"@type":"ImageObject","inLanguage":"lv-LV","@id":"https:\/\/fashionmuseum.shop\/lv\/#\/schema\/logo\/image\/","url":"https:\/\/i1.wp.com\/fashionmuseum.shop\/wp-content\/uploads\/2020\/04\/apple-touch-icon.png?fit=180%2C180&ssl=1","contentUrl":"https:\/\/i1.wp.com\/fashionmuseum.shop\/wp-content\/uploads\/2020\/04\/apple-touch-icon.png?fit=180%2C180&ssl=1","width":180,"height":180,"caption":"Modes muzejs"},"image":{"@id":"https:\/\/fashionmuseum.shop\/lv\/#\/schema\/logo\/image\/"}}]}},"jetpack_likes_enabled":false,"jetpack_sharing_enabled":true,"jetpack_shortlink":"https:\/\/wp.me\/PbNQBs-EF","amp_enabled":true,"_links":{"self":[{"href":"https:\/\/fashionmuseum.shop\/lv\/wp-json\/wp\/v2\/pages\/2521","targetHints":{"allow":["GET"]}}],"collection":[{"href":"https:\/\/fashionmuseum.shop\/lv\/wp-json\/wp\/v2\/pages"}],"about":[{"href":"https:\/\/fashionmuseum.shop\/lv\/wp-json\/wp\/v2\/types\/page"}],"author":[{"embeddable":true,"href":"https:\/\/fashionmuseum.shop\/lv\/wp-json\/wp\/v2\/users\/182158374"}],"replies":[{"embeddable":true,"href":"https:\/\/fashionmuseum.shop\/lv\/wp-json\/wp\/v2\/comments?post=2521"}],"version-history":[{"count":49,"href":"https:\/\/fashionmuseum.shop\/lv\/wp-json\/wp\/v2\/pages\/2521\/revisions"}],"predecessor-version":[{"id":162623,"href":"https:\/\/fashionmuseum.shop\/lv\/wp-json\/wp\/v2\/pages\/2521\/revisions\/162623"}],"wp:attachment":[{"href":"https:\/\/fashionmuseum.shop\/lv\/wp-json\/wp\/v2\/media?parent=2521"}],"curies":[{"name":"wp","href":"https:\/\/api.w.org\/{rel}","templated":true}]}}