{"id":11089,"date":"2022-02-09T12:26:16","date_gmt":"2022-02-09T10:26:16","guid":{"rendered":"https:\/\/fashionmuseum.shop\/product\/%d0%bc%d0%be%d0%b4%d0%b0-%d0%b2-%d0%ba%d0%b8%d0%bd%d0%be-%d0%be%d1%82-givenchy-%d0%b4%d0%bb%d1%8f-%d0%b7%d0%b0%d0%b2%d1%82%d1%80%d0%b0%d0%ba-%d1%83-%d1%82%d0%b8%d1%84%d1%84%d0%b0%d0%bd%d0%b8\/"},"modified":"2022-02-09T12:26:16","modified_gmt":"2022-02-09T10:26:16","slug":"%d0%bc%d0%be%d0%b4%d0%b0-%d0%b2-%d0%ba%d0%b8%d0%bd%d0%be-%d0%be%d1%82-givenchy-%d0%b4%d0%bb%d1%8f-%d0%b7%d0%b0%d0%b2%d1%82%d1%80%d0%b0%d0%ba-%d1%83-%d1%82%d0%b8%d1%84%d1%84%d0%b0%d0%bd%d0%b8","status":"publish","type":"product","link":"https:\/\/fashionmuseum.shop\/lv\/prece\/%d0%bc%d0%be%d0%b4%d0%b0-%d0%b2-%d0%ba%d0%b8%d0%bd%d0%be-%d0%be%d1%82-givenchy-%d0%b4%d0%bb%d1%8f-%d0%b7%d0%b0%d0%b2%d1%82%d1%80%d0%b0%d0%ba-%d1%83-%d1%82%d0%b8%d1%84%d1%84%d0%b0%d0%bd%d0%b8\/","title":{"rendered":"\u041c\u043e\u0434\u0430 \u0432 \u043a\u0438\u043d\u043e. \u041e\u0442 Givenchy \u0434\u043b\u044f \u00ab\u0417\u0430\u0432\u0442\u0440\u0430\u043a \u0443 \u0422\u0438\u0444\u0444\u0430\u043d\u0438\u00bb \u0434\u043e Prada \u0432 \u00ab\u041e\u0442\u0435\u043b\u044c \u00ab\u0413\u0440\u0430\u043d\u0434 \u0411\u0443\u0434\u0430\u043f\u0435\u0448\u0442\u00bb"},"content":{"rendered":"<p><em><strong>Izdev\u0113ja gr\u0101matas anot\u0101cija:<\/strong><\/em><\/p>\n<p><span id=\"ctrlcopy\">\u041c\u043e\u0434\u0430 \u0438 \u043a\u0438\u043d\u043e \u0441\u0432\u044f\u0437\u0430\u043d\u044b \u0434\u0440\u0443\u0433 \u0441 \u0434\u0440\u0443\u0433\u043e\u043c \u0434\u0435\u0441\u044f\u0442\u043a\u0438 \u043b\u0435\u0442. \u0414\u0438\u0437\u0430\u0439\u043d\u0435\u0440\u044b \u0432\u0434\u043e\u0445\u043d\u043e\u0432\u043b\u044f\u044e\u0442\u0441\u044f \u0432\u0438\u043d\u0442\u0430\u0436\u043d\u044b\u043c\u0438 \u043a\u0438\u043d\u043e\u043e\u0431\u0440\u0430\u0437\u0430\u043c\u0438, \u0430 \u0440\u0435\u0436\u0438\u0441\u0441\u0435\u0440\u044b \u0438\u0449\u0443\u0442 \u0430\u0432\u0442\u043e\u0440\u043e\u0432, \u043a\u043e\u0442\u043e\u0440\u044b\u0435 \u043f\u043e\u043c\u043e\u0433\u0443\u0442 \u0440\u0430\u0441\u043a\u0440\u044b\u0442\u044c \u0445\u0430\u0440\u0430\u043a\u0442\u0435\u0440 \u0438\u0445 \u0433\u0435\u0440\u043e\u0435\u0432 \u0441 \u043f\u043e\u043c\u043e\u0449\u044c\u044e \u043e\u0434\u0435\u0436\u0434\u044b. \u0412 \u0440\u0435\u0437\u0443\u043b\u044c\u0442\u0430\u0442\u0435 \u0442\u0430\u043a\u0438\u0445 \u0442\u0430\u043d\u0434\u0435\u043c\u043e\u0432 \u043d\u0430 \u044d\u043a\u0440\u0430\u043d\u0430\u0445 \u043f\u043e\u044f\u0432\u0438\u043b\u0438\u0441\u044c \u0441\u0430\u043c\u044b\u0435 \u043d\u0435\u0432\u0435\u0440\u043e\u044f\u0442\u043d\u044b\u0435 \u043a\u043e\u0441\u0442\u044e\u043c\u044b, \u043c\u043d\u043e\u0433\u0438\u0435 \u0438\u0437 \u043a\u043e\u0442\u043e\u0440\u044b\u0445 \u043e\u043a\u0430\u0437\u0430\u043b\u0438 \u0431\u043e\u043b\u044c\u0448\u043e\u0435 \u0432\u043b\u0438\u044f\u043d\u0438\u0435 \u043d\u0430 \u043c\u0438\u0440\u043e\u0432\u0443\u044e \u043c\u043e\u0434\u0443 \u0438 \u0441\u0430\u043c \u043a\u0438\u043d\u0435\u043c\u0430\u0442\u043e\u0433\u0440\u0430\u0444. \u041e\u0442 \u043c\u0430\u043b\u0435\u043d\u044c\u043a\u043e\u0433\u043e \u0447\u0435\u0440\u043d\u043e\u0433\u043e \u043f\u043b\u0430\u0442\u044c\u044f \u0416\u0438\u0432\u0430\u043d\u0448\u0438 \u0434\u043b\u044f \u041e\u0434\u0440\u0438 \u0425\u0435\u043f\u0431\u0435\u0440\u043d \u0432 \u0444\u0438\u043b\u044c\u043c\u0435 \u00ab\u0417\u0430\u0432\u0442\u0440\u0430\u043a \u0443 \u0422\u0438\u0444\u0444\u0430\u043d\u0438\u00bb \u0434\u043e \u0441\u0442\u0430\u0432\u0448\u0435\u0433\u043e \u0442\u0440\u0435\u043d\u0434\u043e\u043c \u043c\u0443\u0436\u0441\u043a\u043e\u0433\u043e \u0441\u0442\u0438\u043b\u044f \u0420\u0430\u043b\u044c\u0444\u0430 \u041b\u043e\u0440\u0435\u043d\u0430 \u0434\u043b\u044f \u0414\u0430\u0439\u0430\u043d \u041a\u0438\u0442\u043e\u043d \u0432 \u043b\u0435\u043d\u0442\u0435 \u00ab\u042d\u043d\u043d\u0438 \u0425\u043e\u043b\u043b\u00bb. \u0410\u0432\u0442\u043e\u0440 \u043a\u043d\u0438\u0433\u0438 \u041a\u0440\u0438\u0441\u0442\u043e\u0444\u0435\u0440 \u041b\u0430\u0432\u0435\u0440\u0442\u0438 \u043f\u0440\u0435\u0434\u043b\u0430\u0433\u0430\u0435\u0442 \u043f\u043e\u0433\u0440\u0443\u0437\u0438\u0442\u044c\u0441\u044f \u0432 \u043f\u043e\u0434\u0440\u043e\u0431\u043d\u043e\u0435 \u0438\u0441\u0441\u043b\u0435\u0434\u043e\u0432\u0430\u043d\u0438\u0435 \u043a\u0443\u043b\u044c\u0442\u043e\u0432\u044b\u0445 \u043e\u0431\u0440\u0430\u0437\u043e\u0432, \u043e\u0431\u044a\u044f\u0441\u043d\u044f\u044f, \u043f\u043e\u0447\u0435\u043c\u0443 \u043e\u043d\u0438 \u0437\u0430\u043f\u043e\u043c\u043d\u0438\u043b\u0438\u0441\u044c \u0438 \u043a\u0430\u043a\u0443\u044e \u0440\u043e\u043b\u044c \u0441\u044b\u0433\u0440\u0430\u043b\u0438 \u0432 \u0443\u0441\u043f\u0435\u0445\u0435 \u043a\u0430\u0440\u0442\u0438\u043d. \u0410 \u0442\u0430\u043a\u0436\u0435 \u043f\u043e \u0434\u043e\u0441\u0442\u043e\u0438\u043d\u0441\u0442\u0432\u0443 \u043e\u0446\u0435\u043d\u0438\u0442\u044c \u0432\u043a\u043b\u0430\u0434 \u0444\u044d\u0448\u043d-\u0434\u0438\u0437\u0430\u0439\u043d\u0435\u0440\u043e\u0432 \u0432 \u043a\u0438\u043d\u0435\u043c\u0430\u0442\u043e\u0433\u0440\u0430\u0444, \u043f\u043e\u0437\u043d\u0430\u043a\u043e\u043c\u0438\u0442\u044c\u0441\u044f \u0431\u043b\u0438\u0436\u0435 \u0441 \u0438\u043c\u0435\u043d\u0438\u0442\u044b\u043c\u0438 \u043c\u043e\u0434\u0435\u043b\u044c\u0435\u0440\u0430\u043c\u0438, \u0438\u0445 \u0438\u0437\u0432\u0435\u0441\u0442\u043d\u044b\u043c\u0438 \u0440\u0430\u0431\u043e\u0442\u0430\u043c\u0438 \u0438 \u0442\u0435\u043c, \u0447\u0442\u043e \u043e\u0441\u0442\u0430\u043b\u043e\u0441\u044c \u0437\u0430 \u043a\u0430\u0434\u0440\u043e\u043c. \u0418\u043b\u043b\u044e\u0441\u0442\u0440\u0438\u0440\u043e\u0432\u0430\u043d\u043d\u0430\u044f \u044d\u0444\u0444\u0435\u043a\u0442\u043d\u044b\u043c\u0438 \u043a\u0430\u0434\u0440\u0430\u043c\u0438 \u0438\u0437 \u0444\u0438\u043b\u044c\u043c\u043e\u0432, \u043e\u0431\u0440\u0430\u0437\u0430\u043c\u0438 \u0441 \u043c\u043e\u0434\u043d\u044b\u0445 \u043f\u043e\u043a\u0430\u0437\u043e\u0432 \u0438 \u0440\u0430\u0431\u043e\u0447\u0438\u043c\u0438 \u044d\u0441\u043a\u0438\u0437\u0430\u043c\u0438, \u043a\u043d\u0438\u0433\u0430 \u043f\u0440\u0435\u0434\u043d\u0430\u0437\u043d\u0430\u0447\u0435\u043d\u0430 \u043e\u0434\u043d\u043e\u0432\u0440\u0435\u043c\u0435\u043d\u043d\u043e \u0438 \u0434\u043b\u044f \u043b\u044e\u0431\u0438\u0442\u0435\u043b\u0435\u0439 \u0438\u0441\u0442\u043e\u0440\u0438\u0438 \u043c\u043e\u0434\u044b, \u0438 \u0434\u043b\u044f \u0438\u0441\u0442\u0438\u043d\u043d\u044b\u0445 \u0446\u0435\u043d\u0438\u0442\u0435\u043b\u0435\u0439 \u043a\u0438\u043d\u043e\u0438\u0441\u043a\u0443\u0441\u0441\u0442\u0432\u0430. \u041a\u0440\u0438\u0441\u0442\u043e\u0444\u0435\u0440 \u041b\u0430\u0432\u0435\u0440\u0442\u0438 \u2014 \u0436\u0443\u0440\u043d\u0430\u043b\u0438\u0441\u0442 \u0438 \u0444\u044d\u0448\u043d-\u0430\u043d\u0430\u043b\u0438\u0442\u0438\u043a, \u0441\u043e\u0437\u0434\u0430\u0442\u0435\u043b\u044c \u0438 \u0440\u0435\u0434\u0430\u043a\u0442\u043e\u0440 \u043e\u0442\u043c\u0435\u0447\u0435\u043d\u043d\u043e\u0433\u043e \u043f\u0440\u0435\u043c\u0438\u044f\u043c\u0438 \u0441\u0430\u0439\u0442\u0430 Clothes on Film. \u041f\u0440\u0438\u043d\u0438\u043c\u0430\u043b \u0443\u0447\u0430\u0441\u0442\u0438\u0435 \u0432 \u043f\u0435\u0440\u0435\u0434\u0430\u0447\u0430\u0445 \u043d\u0430 \u0442\u0435\u043b\u0435\u043a\u0430\u043d\u0430\u043b\u0430\u0445 HBO \u0438 BBC, \u043a\u043e\u043b\u0443\u043c\u043d\u0438\u0441\u0442 \u0444\u0440\u0430\u043d\u0446\u0443\u0437\u0441\u043a\u043e\u0433\u043e Vogue, Empire, Forbes, GQ.<br \/>\n<\/span><\/p>\n<p>\u0160\u012bs gr\u0101matas izdev\u0113js ir <strong><a href=\"https:\/\/fashionmuseum.shop\/lv\/publisher\/\u043e\u0434\u0440\u0438-lv\/\">\u041e\u0434\u0440\u0438<\/a><\/strong>, ISBN 9785041576547<\/p>\n","protected":false},"excerpt":{"rendered":"<div class=\"woocommerce-product-details__short-description\">\n<p><a href=\"https:\/\/fashionmuseum.shop\/book-author\/\u043a\u0440\u0438\u0441\u0442\u043e\u0444\u0435\u0440-\u043b\u0430\u0432\u0435\u0440\u0442\u0438\/\"><strong>\u041a\u0440\u0438\u0441\u0442\u043e\u0444\u0435\u0440 \u041b\u0430\u0432\u0435\u0440\u0442\u0438<\/strong><\/a><\/p>\n<p><em><strong>K\u0101p\u0113c m\u0113s\u00a0izv\u0113l\u0113j\u0101mies\u00a0\u0161o gr\u0101matu:<\/strong><\/em><\/p>\n<p>Br\u012bni\u0161\u0137\u012bga gr\u0101mata, kas seko kino un modes m\u012blasst\u0101stam visa 20. gadsimta garum\u0101 \u2013 ikoniskas filmas un ne maz\u0101k ikoniski re\u017eisoru un modes dizaineru rado\u0161ie dueti. Tie\u0161i t\u0113rpi nereti rada filmas noska\u0146u un padara uz ekr\u0101na redz\u0113to par atdarin\u0101\u0161anas v\u0113rtu paraugu \u2013 vai sapni, p\u0113c k\u0101 tiekties\u2026 Patiks gan kino, gan modes faniem!<\/p>\n<p><em><strong>\u00a0<\/strong><\/em><\/p>\n<\/div>\n","protected":false},"featured_media":11077,"template":"","meta":{"_coblocks_attr":"","_coblocks_dimensions":"","_coblocks_responsive_height":"","_coblocks_accordion_ie_support":"","_crdt_document":"","jetpack_publicize_message":"","jetpack_publicize_feature_enabled":true,"jetpack_social_post_already_shared":true,"jetpack_social_options":{"image_generator_settings":{"template":"highway","default_image_id":0,"font":"","enabled":false},"version":2},"_wpas_customize_per_network":false},"product_brand":[],"product_cat":[1613,1605,2418],"product_tag":[],"class_list":{"0":"post-11089","1":"product","2":"type-product","3":"status-publish","4":"has-post-thumbnail","6":"product_cat-gramatas-krievu-valoda","7":"product_cat-gramatas-par-modes-vesturi","8":"product_cat-gramatas","9":"pa_book-author---lv","10":"pa_language-krievu","11":"pa_publisher--lv","13":"first","14":"instock","15":"shipping-taxable","16":"purchasable","17":"product-type-simple"},"yoast_head":"<!-- This site is optimized with the Yoast SEO plugin v27.5 - https:\/\/yoast.com\/product\/yoast-seo-wordpress\/ -->\n<title>\u041c\u043e\u0434\u0430 \u0432 \u043a\u0438\u043d\u043e. \u041e\u0442 Givenchy \u0434\u043b\u044f \u00ab\u0417\u0430\u0432\u0442\u0440\u0430\u043a \u0443 \u0422\u0438\u0444\u0444\u0430\u043d\u0438\u00bb \u0434\u043e Prada \u0432 \u00ab\u041e\u0442\u0435\u043b\u044c \u00ab\u0413\u0440\u0430\u043d\u0434 \u0411\u0443\u0434\u0430\u043f\u0435\u0448\u0442\u00bb - Fashion Museum Riga Online Store<\/title>\n<meta name=\"robots\" content=\"index, follow, max-snippet:-1, max-image-preview:large, max-video-preview:-1\" \/>\n<link rel=\"canonical\" href=\"https:\/\/fashionmuseum.shop\/lv\/prece\/%d0%bc%d0%be%d0%b4%d0%b0-%d0%b2-%d0%ba%d0%b8%d0%bd%d0%be-%d0%be%d1%82-givenchy-%d0%b4%d0%bb%d1%8f-%d0%b7%d0%b0%d0%b2%d1%82%d1%80%d0%b0%d0%ba-%d1%83-%d1%82%d0%b8%d1%84%d1%84%d0%b0%d0%bd%d0%b8\/\" \/>\n<meta property=\"og:locale\" content=\"lv_LV\" \/>\n<meta property=\"og:type\" content=\"article\" \/>\n<meta property=\"og:title\" content=\"\u041c\u043e\u0434\u0430 \u0432 \u043a\u0438\u043d\u043e. \u041e\u0442 Givenchy \u0434\u043b\u044f \u00ab\u0417\u0430\u0432\u0442\u0440\u0430\u043a \u0443 \u0422\u0438\u0444\u0444\u0430\u043d\u0438\u00bb \u0434\u043e Prada \u0432 \u00ab\u041e\u0442\u0435\u043b\u044c \u00ab\u0413\u0440\u0430\u043d\u0434 \u0411\u0443\u0434\u0430\u043f\u0435\u0448\u0442\u00bb - Fashion Museum Riga Online Store\" \/>\n<meta property=\"og:description\" content=\"\u041a\u0440\u0438\u0441\u0442\u043e\u0444\u0435\u0440 \u041b\u0430\u0432\u0435\u0440\u0442\u0438  K\u0101p\u0113c m\u0113s\u00a0izv\u0113l\u0113j\u0101mies\u00a0\u0161o gr\u0101matu:  Br\u012bni\u0161\u0137\u012bga gr\u0101mata, kas seko kino un modes m\u012blasst\u0101stam visa 20. gadsimta garum\u0101 \u2013 ikoniskas filmas un ne maz\u0101k ikoniski re\u017eisoru un modes dizaineru rado\u0161ie dueti. Tie\u0161i t\u0113rpi nereti rada filmas noska\u0146u un padara uz ekr\u0101na redz\u0113to par atdarin\u0101\u0161anas v\u0113rtu paraugu \u2013 vai sapni, p\u0113c k\u0101 tiekties\u2026 Patiks gan kino, gan modes faniem!  \u00a0\" \/>\n<meta property=\"og:url\" content=\"https:\/\/fashionmuseum.shop\/lv\/prece\/%d0%bc%d0%be%d0%b4%d0%b0-%d0%b2-%d0%ba%d0%b8%d0%bd%d0%be-%d0%be%d1%82-givenchy-%d0%b4%d0%bb%d1%8f-%d0%b7%d0%b0%d0%b2%d1%82%d1%80%d0%b0%d0%ba-%d1%83-%d1%82%d0%b8%d1%84%d1%84%d0%b0%d0%bd%d0%b8\/\" \/>\n<meta property=\"og:site_name\" content=\"Fashion Museum Riga Online Store\" \/>\n<meta property=\"og:image\" content=\"https:\/\/fashionmuseum.shop\/wp-content\/uploads\/2022\/02\/CC_Express_20220209_1250010.6031818090628129.png\" \/>\n\t<meta property=\"og:image:width\" content=\"2560\" \/>\n\t<meta property=\"og:image:height\" content=\"2560\" \/>\n\t<meta property=\"og:image:type\" content=\"image\/png\" \/>\n<meta name=\"twitter:card\" content=\"summary_large_image\" \/>\n<script type=\"application\/ld+json\" class=\"yoast-schema-graph\">{\"@context\":\"https:\\\/\\\/schema.org\",\"@graph\":[{\"@type\":\"WebPage\",\"@id\":\"https:\\\/\\\/fashionmuseum.shop\\\/lv\\\/prece\\\/%d0%bc%d0%be%d0%b4%d0%b0-%d0%b2-%d0%ba%d0%b8%d0%bd%d0%be-%d0%be%d1%82-givenchy-%d0%b4%d0%bb%d1%8f-%d0%b7%d0%b0%d0%b2%d1%82%d1%80%d0%b0%d0%ba-%d1%83-%d1%82%d0%b8%d1%84%d1%84%d0%b0%d0%bd%d0%b8\\\/\",\"url\":\"https:\\\/\\\/fashionmuseum.shop\\\/lv\\\/prece\\\/%d0%bc%d0%be%d0%b4%d0%b0-%d0%b2-%d0%ba%d0%b8%d0%bd%d0%be-%d0%be%d1%82-givenchy-%d0%b4%d0%bb%d1%8f-%d0%b7%d0%b0%d0%b2%d1%82%d1%80%d0%b0%d0%ba-%d1%83-%d1%82%d0%b8%d1%84%d1%84%d0%b0%d0%bd%d0%b8\\\/\",\"name\":\"\u041c\u043e\u0434\u0430 \u0432 \u043a\u0438\u043d\u043e. \u041e\u0442 Givenchy \u0434\u043b\u044f \u00ab\u0417\u0430\u0432\u0442\u0440\u0430\u043a \u0443 \u0422\u0438\u0444\u0444\u0430\u043d\u0438\u00bb \u0434\u043e Prada \u0432 \u00ab\u041e\u0442\u0435\u043b\u044c \u00ab\u0413\u0440\u0430\u043d\u0434 \u0411\u0443\u0434\u0430\u043f\u0435\u0448\u0442\u00bb - Fashion Museum Riga Online Store\",\"isPartOf\":{\"@id\":\"https:\\\/\\\/fashionmuseum.shop\\\/lv\\\/#website\"},\"primaryImageOfPage\":{\"@id\":\"https:\\\/\\\/fashionmuseum.shop\\\/lv\\\/prece\\\/%d0%bc%d0%be%d0%b4%d0%b0-%d0%b2-%d0%ba%d0%b8%d0%bd%d0%be-%d0%be%d1%82-givenchy-%d0%b4%d0%bb%d1%8f-%d0%b7%d0%b0%d0%b2%d1%82%d1%80%d0%b0%d0%ba-%d1%83-%d1%82%d0%b8%d1%84%d1%84%d0%b0%d0%bd%d0%b8\\\/#primaryimage\"},\"image\":{\"@id\":\"https:\\\/\\\/fashionmuseum.shop\\\/lv\\\/prece\\\/%d0%bc%d0%be%d0%b4%d0%b0-%d0%b2-%d0%ba%d0%b8%d0%bd%d0%be-%d0%be%d1%82-givenchy-%d0%b4%d0%bb%d1%8f-%d0%b7%d0%b0%d0%b2%d1%82%d1%80%d0%b0%d0%ba-%d1%83-%d1%82%d0%b8%d1%84%d1%84%d0%b0%d0%bd%d0%b8\\\/#primaryimage\"},\"thumbnailUrl\":\"https:\\\/\\\/i0.wp.com\\\/fashionmuseum.shop\\\/wp-content\\\/uploads\\\/2022\\\/02\\\/CC_Express_20220209_1250010.6031818090628129.png?fit=2560%2C2560&ssl=1\",\"datePublished\":\"2022-02-09T10:26:16+00:00\",\"breadcrumb\":{\"@id\":\"https:\\\/\\\/fashionmuseum.shop\\\/lv\\\/prece\\\/%d0%bc%d0%be%d0%b4%d0%b0-%d0%b2-%d0%ba%d0%b8%d0%bd%d0%be-%d0%be%d1%82-givenchy-%d0%b4%d0%bb%d1%8f-%d0%b7%d0%b0%d0%b2%d1%82%d1%80%d0%b0%d0%ba-%d1%83-%d1%82%d0%b8%d1%84%d1%84%d0%b0%d0%bd%d0%b8\\\/#breadcrumb\"},\"inLanguage\":\"lv-LV\",\"potentialAction\":[{\"@type\":\"ReadAction\",\"target\":[\"https:\\\/\\\/fashionmuseum.shop\\\/lv\\\/prece\\\/%d0%bc%d0%be%d0%b4%d0%b0-%d0%b2-%d0%ba%d0%b8%d0%bd%d0%be-%d0%be%d1%82-givenchy-%d0%b4%d0%bb%d1%8f-%d0%b7%d0%b0%d0%b2%d1%82%d1%80%d0%b0%d0%ba-%d1%83-%d1%82%d0%b8%d1%84%d1%84%d0%b0%d0%bd%d0%b8\\\/\"]}]},{\"@type\":\"ImageObject\",\"inLanguage\":\"lv-LV\",\"@id\":\"https:\\\/\\\/fashionmuseum.shop\\\/lv\\\/prece\\\/%d0%bc%d0%be%d0%b4%d0%b0-%d0%b2-%d0%ba%d0%b8%d0%bd%d0%be-%d0%be%d1%82-givenchy-%d0%b4%d0%bb%d1%8f-%d0%b7%d0%b0%d0%b2%d1%82%d1%80%d0%b0%d0%ba-%d1%83-%d1%82%d0%b8%d1%84%d1%84%d0%b0%d0%bd%d0%b8\\\/#primaryimage\",\"url\":\"https:\\\/\\\/i0.wp.com\\\/fashionmuseum.shop\\\/wp-content\\\/uploads\\\/2022\\\/02\\\/CC_Express_20220209_1250010.6031818090628129.png?fit=2560%2C2560&ssl=1\",\"contentUrl\":\"https:\\\/\\\/i0.wp.com\\\/fashionmuseum.shop\\\/wp-content\\\/uploads\\\/2022\\\/02\\\/CC_Express_20220209_1250010.6031818090628129.png?fit=2560%2C2560&ssl=1\",\"width\":2560,\"height\":2560,\"caption\":\"\u041c\u043e\u0434\u0430 \u0432 \u043a\u0438\u043d\u043e Cover\"},{\"@type\":\"BreadcrumbList\",\"@id\":\"https:\\\/\\\/fashionmuseum.shop\\\/lv\\\/prece\\\/%d0%bc%d0%be%d0%b4%d0%b0-%d0%b2-%d0%ba%d0%b8%d0%bd%d0%be-%d0%be%d1%82-givenchy-%d0%b4%d0%bb%d1%8f-%d0%b7%d0%b0%d0%b2%d1%82%d1%80%d0%b0%d0%ba-%d1%83-%d1%82%d0%b8%d1%84%d1%84%d0%b0%d0%bd%d0%b8\\\/#breadcrumb\",\"itemListElement\":[{\"@type\":\"ListItem\",\"position\":1,\"name\":\"Home\",\"item\":\"https:\\\/\\\/fashionmuseum.shop\\\/lv\\\/\"},{\"@type\":\"ListItem\",\"position\":2,\"name\":\"Products\",\"item\":\"https:\\\/\\\/fashionmuseum.shop\\\/lv\\\/shop\\\/\"},{\"@type\":\"ListItem\",\"position\":3,\"name\":\"\u041c\u043e\u0434\u0430 \u0432 \u043a\u0438\u043d\u043e. \u041e\u0442 Givenchy \u0434\u043b\u044f \u00ab\u0417\u0430\u0432\u0442\u0440\u0430\u043a \u0443 \u0422\u0438\u0444\u0444\u0430\u043d\u0438\u00bb \u0434\u043e Prada \u0432 \u00ab\u041e\u0442\u0435\u043b\u044c \u00ab\u0413\u0440\u0430\u043d\u0434 \u0411\u0443\u0434\u0430\u043f\u0435\u0448\u0442\u00bb\"}]},{\"@type\":\"WebSite\",\"@id\":\"https:\\\/\\\/fashionmuseum.shop\\\/lv\\\/#website\",\"url\":\"https:\\\/\\\/fashionmuseum.shop\\\/lv\\\/\",\"name\":\"Fashion Museum Online Store\",\"description\":\"Fashion Museum Riga Online Store provides a wide selection of books about fashion and fashion history.\",\"publisher\":{\"@id\":\"https:\\\/\\\/fashionmuseum.shop\\\/lv\\\/#organization\"},\"potentialAction\":[{\"@type\":\"SearchAction\",\"target\":{\"@type\":\"EntryPoint\",\"urlTemplate\":\"https:\\\/\\\/fashionmuseum.shop\\\/lv\\\/?s={search_term_string}\"},\"query-input\":{\"@type\":\"PropertyValueSpecification\",\"valueRequired\":true,\"valueName\":\"search_term_string\"}}],\"inLanguage\":\"lv-LV\"},{\"@type\":\"Organization\",\"@id\":\"https:\\\/\\\/fashionmuseum.shop\\\/lv\\\/#organization\",\"name\":\"Modes muzejs\",\"url\":\"https:\\\/\\\/fashionmuseum.shop\\\/lv\\\/\",\"logo\":{\"@type\":\"ImageObject\",\"inLanguage\":\"lv-LV\",\"@id\":\"https:\\\/\\\/fashionmuseum.shop\\\/lv\\\/#\\\/schema\\\/logo\\\/image\\\/\",\"url\":\"https:\\\/\\\/i1.wp.com\\\/fashionmuseum.shop\\\/wp-content\\\/uploads\\\/2020\\\/04\\\/apple-touch-icon.png?fit=180%2C180&ssl=1\",\"contentUrl\":\"https:\\\/\\\/i1.wp.com\\\/fashionmuseum.shop\\\/wp-content\\\/uploads\\\/2020\\\/04\\\/apple-touch-icon.png?fit=180%2C180&ssl=1\",\"width\":180,\"height\":180,\"caption\":\"Modes muzejs\"},\"image\":{\"@id\":\"https:\\\/\\\/fashionmuseum.shop\\\/lv\\\/#\\\/schema\\\/logo\\\/image\\\/\"}}]}<\/script>\n<!-- \/ Yoast SEO plugin. -->","yoast_head_json":{"title":"\u041c\u043e\u0434\u0430 \u0432 \u043a\u0438\u043d\u043e. \u041e\u0442 Givenchy \u0434\u043b\u044f \u00ab\u0417\u0430\u0432\u0442\u0440\u0430\u043a \u0443 \u0422\u0438\u0444\u0444\u0430\u043d\u0438\u00bb \u0434\u043e Prada \u0432 \u00ab\u041e\u0442\u0435\u043b\u044c \u00ab\u0413\u0440\u0430\u043d\u0434 \u0411\u0443\u0434\u0430\u043f\u0435\u0448\u0442\u00bb - Fashion Museum Riga Online Store","robots":{"index":"index","follow":"follow","max-snippet":"max-snippet:-1","max-image-preview":"max-image-preview:large","max-video-preview":"max-video-preview:-1"},"canonical":"https:\/\/fashionmuseum.shop\/lv\/prece\/%d0%bc%d0%be%d0%b4%d0%b0-%d0%b2-%d0%ba%d0%b8%d0%bd%d0%be-%d0%be%d1%82-givenchy-%d0%b4%d0%bb%d1%8f-%d0%b7%d0%b0%d0%b2%d1%82%d1%80%d0%b0%d0%ba-%d1%83-%d1%82%d0%b8%d1%84%d1%84%d0%b0%d0%bd%d0%b8\/","og_locale":"lv_LV","og_type":"article","og_title":"\u041c\u043e\u0434\u0430 \u0432 \u043a\u0438\u043d\u043e. \u041e\u0442 Givenchy \u0434\u043b\u044f \u00ab\u0417\u0430\u0432\u0442\u0440\u0430\u043a \u0443 \u0422\u0438\u0444\u0444\u0430\u043d\u0438\u00bb \u0434\u043e Prada \u0432 \u00ab\u041e\u0442\u0435\u043b\u044c \u00ab\u0413\u0440\u0430\u043d\u0434 \u0411\u0443\u0434\u0430\u043f\u0435\u0448\u0442\u00bb - Fashion Museum Riga Online Store","og_description":"\u041a\u0440\u0438\u0441\u0442\u043e\u0444\u0435\u0440 \u041b\u0430\u0432\u0435\u0440\u0442\u0438  K\u0101p\u0113c m\u0113s\u00a0izv\u0113l\u0113j\u0101mies\u00a0\u0161o gr\u0101matu:  Br\u012bni\u0161\u0137\u012bga gr\u0101mata, kas seko kino un modes m\u012blasst\u0101stam visa 20. gadsimta garum\u0101 \u2013 ikoniskas filmas un ne maz\u0101k ikoniski re\u017eisoru un modes dizaineru rado\u0161ie dueti. Tie\u0161i t\u0113rpi nereti rada filmas noska\u0146u un padara uz ekr\u0101na redz\u0113to par atdarin\u0101\u0161anas v\u0113rtu paraugu \u2013 vai sapni, p\u0113c k\u0101 tiekties\u2026 Patiks gan kino, gan modes faniem!  \u00a0","og_url":"https:\/\/fashionmuseum.shop\/lv\/prece\/%d0%bc%d0%be%d0%b4%d0%b0-%d0%b2-%d0%ba%d0%b8%d0%bd%d0%be-%d0%be%d1%82-givenchy-%d0%b4%d0%bb%d1%8f-%d0%b7%d0%b0%d0%b2%d1%82%d1%80%d0%b0%d0%ba-%d1%83-%d1%82%d0%b8%d1%84%d1%84%d0%b0%d0%bd%d0%b8\/","og_site_name":"Fashion Museum Riga Online Store","og_image":[{"width":2560,"height":2560,"url":"https:\/\/fashionmuseum.shop\/wp-content\/uploads\/2022\/02\/CC_Express_20220209_1250010.6031818090628129.png","type":"image\/png"}],"twitter_card":"summary_large_image","schema":{"@context":"https:\/\/schema.org","@graph":[{"@type":"WebPage","@id":"https:\/\/fashionmuseum.shop\/lv\/prece\/%d0%bc%d0%be%d0%b4%d0%b0-%d0%b2-%d0%ba%d0%b8%d0%bd%d0%be-%d0%be%d1%82-givenchy-%d0%b4%d0%bb%d1%8f-%d0%b7%d0%b0%d0%b2%d1%82%d1%80%d0%b0%d0%ba-%d1%83-%d1%82%d0%b8%d1%84%d1%84%d0%b0%d0%bd%d0%b8\/","url":"https:\/\/fashionmuseum.shop\/lv\/prece\/%d0%bc%d0%be%d0%b4%d0%b0-%d0%b2-%d0%ba%d0%b8%d0%bd%d0%be-%d0%be%d1%82-givenchy-%d0%b4%d0%bb%d1%8f-%d0%b7%d0%b0%d0%b2%d1%82%d1%80%d0%b0%d0%ba-%d1%83-%d1%82%d0%b8%d1%84%d1%84%d0%b0%d0%bd%d0%b8\/","name":"\u041c\u043e\u0434\u0430 \u0432 \u043a\u0438\u043d\u043e. \u041e\u0442 Givenchy \u0434\u043b\u044f \u00ab\u0417\u0430\u0432\u0442\u0440\u0430\u043a \u0443 \u0422\u0438\u0444\u0444\u0430\u043d\u0438\u00bb \u0434\u043e Prada \u0432 \u00ab\u041e\u0442\u0435\u043b\u044c \u00ab\u0413\u0440\u0430\u043d\u0434 \u0411\u0443\u0434\u0430\u043f\u0435\u0448\u0442\u00bb - Fashion Museum Riga Online Store","isPartOf":{"@id":"https:\/\/fashionmuseum.shop\/lv\/#website"},"primaryImageOfPage":{"@id":"https:\/\/fashionmuseum.shop\/lv\/prece\/%d0%bc%d0%be%d0%b4%d0%b0-%d0%b2-%d0%ba%d0%b8%d0%bd%d0%be-%d0%be%d1%82-givenchy-%d0%b4%d0%bb%d1%8f-%d0%b7%d0%b0%d0%b2%d1%82%d1%80%d0%b0%d0%ba-%d1%83-%d1%82%d0%b8%d1%84%d1%84%d0%b0%d0%bd%d0%b8\/#primaryimage"},"image":{"@id":"https:\/\/fashionmuseum.shop\/lv\/prece\/%d0%bc%d0%be%d0%b4%d0%b0-%d0%b2-%d0%ba%d0%b8%d0%bd%d0%be-%d0%be%d1%82-givenchy-%d0%b4%d0%bb%d1%8f-%d0%b7%d0%b0%d0%b2%d1%82%d1%80%d0%b0%d0%ba-%d1%83-%d1%82%d0%b8%d1%84%d1%84%d0%b0%d0%bd%d0%b8\/#primaryimage"},"thumbnailUrl":"https:\/\/i0.wp.com\/fashionmuseum.shop\/wp-content\/uploads\/2022\/02\/CC_Express_20220209_1250010.6031818090628129.png?fit=2560%2C2560&ssl=1","datePublished":"2022-02-09T10:26:16+00:00","breadcrumb":{"@id":"https:\/\/fashionmuseum.shop\/lv\/prece\/%d0%bc%d0%be%d0%b4%d0%b0-%d0%b2-%d0%ba%d0%b8%d0%bd%d0%be-%d0%be%d1%82-givenchy-%d0%b4%d0%bb%d1%8f-%d0%b7%d0%b0%d0%b2%d1%82%d1%80%d0%b0%d0%ba-%d1%83-%d1%82%d0%b8%d1%84%d1%84%d0%b0%d0%bd%d0%b8\/#breadcrumb"},"inLanguage":"lv-LV","potentialAction":[{"@type":"ReadAction","target":["https:\/\/fashionmuseum.shop\/lv\/prece\/%d0%bc%d0%be%d0%b4%d0%b0-%d0%b2-%d0%ba%d0%b8%d0%bd%d0%be-%d0%be%d1%82-givenchy-%d0%b4%d0%bb%d1%8f-%d0%b7%d0%b0%d0%b2%d1%82%d1%80%d0%b0%d0%ba-%d1%83-%d1%82%d0%b8%d1%84%d1%84%d0%b0%d0%bd%d0%b8\/"]}]},{"@type":"ImageObject","inLanguage":"lv-LV","@id":"https:\/\/fashionmuseum.shop\/lv\/prece\/%d0%bc%d0%be%d0%b4%d0%b0-%d0%b2-%d0%ba%d0%b8%d0%bd%d0%be-%d0%be%d1%82-givenchy-%d0%b4%d0%bb%d1%8f-%d0%b7%d0%b0%d0%b2%d1%82%d1%80%d0%b0%d0%ba-%d1%83-%d1%82%d0%b8%d1%84%d1%84%d0%b0%d0%bd%d0%b8\/#primaryimage","url":"https:\/\/i0.wp.com\/fashionmuseum.shop\/wp-content\/uploads\/2022\/02\/CC_Express_20220209_1250010.6031818090628129.png?fit=2560%2C2560&ssl=1","contentUrl":"https:\/\/i0.wp.com\/fashionmuseum.shop\/wp-content\/uploads\/2022\/02\/CC_Express_20220209_1250010.6031818090628129.png?fit=2560%2C2560&ssl=1","width":2560,"height":2560,"caption":"\u041c\u043e\u0434\u0430 \u0432 \u043a\u0438\u043d\u043e Cover"},{"@type":"BreadcrumbList","@id":"https:\/\/fashionmuseum.shop\/lv\/prece\/%d0%bc%d0%be%d0%b4%d0%b0-%d0%b2-%d0%ba%d0%b8%d0%bd%d0%be-%d0%be%d1%82-givenchy-%d0%b4%d0%bb%d1%8f-%d0%b7%d0%b0%d0%b2%d1%82%d1%80%d0%b0%d0%ba-%d1%83-%d1%82%d0%b8%d1%84%d1%84%d0%b0%d0%bd%d0%b8\/#breadcrumb","itemListElement":[{"@type":"ListItem","position":1,"name":"Home","item":"https:\/\/fashionmuseum.shop\/lv\/"},{"@type":"ListItem","position":2,"name":"Products","item":"https:\/\/fashionmuseum.shop\/lv\/shop\/"},{"@type":"ListItem","position":3,"name":"\u041c\u043e\u0434\u0430 \u0432 \u043a\u0438\u043d\u043e. \u041e\u0442 Givenchy \u0434\u043b\u044f \u00ab\u0417\u0430\u0432\u0442\u0440\u0430\u043a \u0443 \u0422\u0438\u0444\u0444\u0430\u043d\u0438\u00bb \u0434\u043e Prada \u0432 \u00ab\u041e\u0442\u0435\u043b\u044c \u00ab\u0413\u0440\u0430\u043d\u0434 \u0411\u0443\u0434\u0430\u043f\u0435\u0448\u0442\u00bb"}]},{"@type":"WebSite","@id":"https:\/\/fashionmuseum.shop\/lv\/#website","url":"https:\/\/fashionmuseum.shop\/lv\/","name":"Fashion Museum Online Store","description":"Fashion Museum Riga Online Store provides a wide selection of books about fashion and fashion history.","publisher":{"@id":"https:\/\/fashionmuseum.shop\/lv\/#organization"},"potentialAction":[{"@type":"SearchAction","target":{"@type":"EntryPoint","urlTemplate":"https:\/\/fashionmuseum.shop\/lv\/?s={search_term_string}"},"query-input":{"@type":"PropertyValueSpecification","valueRequired":true,"valueName":"search_term_string"}}],"inLanguage":"lv-LV"},{"@type":"Organization","@id":"https:\/\/fashionmuseum.shop\/lv\/#organization","name":"Modes muzejs","url":"https:\/\/fashionmuseum.shop\/lv\/","logo":{"@type":"ImageObject","inLanguage":"lv-LV","@id":"https:\/\/fashionmuseum.shop\/lv\/#\/schema\/logo\/image\/","url":"https:\/\/i1.wp.com\/fashionmuseum.shop\/wp-content\/uploads\/2020\/04\/apple-touch-icon.png?fit=180%2C180&ssl=1","contentUrl":"https:\/\/i1.wp.com\/fashionmuseum.shop\/wp-content\/uploads\/2020\/04\/apple-touch-icon.png?fit=180%2C180&ssl=1","width":180,"height":180,"caption":"Modes muzejs"},"image":{"@id":"https:\/\/fashionmuseum.shop\/lv\/#\/schema\/logo\/image\/"}}]}},"jetpack_publicize_connections":[],"jetpack_likes_enabled":false,"jetpack_sharing_enabled":true,"amp_enabled":true,"_links":{"self":[{"href":"https:\/\/fashionmuseum.shop\/lv\/wp-json\/wp\/v2\/product\/11089","targetHints":{"allow":["GET"]}}],"collection":[{"href":"https:\/\/fashionmuseum.shop\/lv\/wp-json\/wp\/v2\/product"}],"about":[{"href":"https:\/\/fashionmuseum.shop\/lv\/wp-json\/wp\/v2\/types\/product"}],"wp:featuredmedia":[{"embeddable":true,"href":"https:\/\/fashionmuseum.shop\/lv\/wp-json\/wp\/v2\/media\/11077"}],"wp:attachment":[{"href":"https:\/\/fashionmuseum.shop\/lv\/wp-json\/wp\/v2\/media?parent=11089"}],"wp:term":[{"taxonomy":"product_brand","embeddable":true,"href":"https:\/\/fashionmuseum.shop\/lv\/wp-json\/wp\/v2\/product_brand?post=11089"},{"taxonomy":"product_cat","embeddable":true,"href":"https:\/\/fashionmuseum.shop\/lv\/wp-json\/wp\/v2\/product_cat?post=11089"},{"taxonomy":"product_tag","embeddable":true,"href":"https:\/\/fashionmuseum.shop\/lv\/wp-json\/wp\/v2\/product_tag?post=11089"}],"curies":[{"name":"wp","href":"https:\/\/api.w.org\/{rel}","templated":true}]}}