{"id":11553,"date":"2022-03-29T14:40:01","date_gmt":"2022-03-29T11:40:01","guid":{"rendered":"https:\/\/fashionmuseum.shop\/product\/dior-new-looks\/"},"modified":"2025-01-20T18:40:34","modified_gmt":"2025-01-20T16:40:34","slug":"dior-new-looks","status":"publish","type":"product","link":"https:\/\/fashionmuseum.shop\/lv\/prece\/dior-new-looks\/","title":{"rendered":"Dior New Looks"},"content":{"rendered":"<p><strong><em>Izdev\u0113ja gr\u0101matas anot\u0101cija:<\/em><\/strong><\/p>\n<p>Christian Dior achieved immortality with his first collection in 1947. His \u2018New Look\u2019 amazed the world as it emerged after wartime austerity, and reset the boundaries of modern elegance. Dior\u2019s search for the perfect line and the ideal silhouette has been celebrated by couturiers of the first rank: Yves Saint Laurent, Marc Bohan, Gianfranco Ferr\u00e9, John Galliano, Raf Simons and Maria Grazia Chiuri have all made their distinctive contribution.<\/p>\n<div data-role=\"bva-reveal\">\n<p>This book honours Dior\u2019s influence by celebrating the elements of style for every generation since 1947, through inspired pairings of classic and contemporary photographs. Six thematic chapters express outstanding Dior characteristics, including the silhouette, the evening gown and the eternal muse &#8211; in short, the aspects of the House that lend it unique distinction both then and now. The most beautiful fashion plates from Dior\u2019s own time sit beside examples of the house\u2019s creations through the decades. The resonance between classic archive photographs and the latest most up-to-date frames is clear and compelling.<\/p>\n<p><strong><em>Saturs:<\/em><\/strong><\/p>\n<p>Prelude \u2022\u00a0Chapter 1 Field of Dreams \u2022\u00a0Chapter 2 Strike a Pose! \u2022\u00a0Chapter 3 Return of Romance \u2022\u00a0Chapter 4 Princesses in Bloom \u2022\u00a0Chapter 5 Muses \u2022\u00a0Chapter 6 Dior\u2019s Guidelines<\/p>\n<p>\u0160\u012bs gr\u0101matas izdev\u0113js ir <strong><a href=\"https:\/\/fashionmuseum.shop\/lv\/publisher\/thames-and-hudson\/\">Thames and Hudson<\/a><\/strong>, ISBN 9780500025048<\/p>\n<\/div>\n","protected":false},"excerpt":{"rendered":"<p><strong><a href=\"https:\/\/fashionmuseum.shop\/lv\/book-author\/jerome-gautier\/\" rel=\"tag\">J\u00e9r\u00f4me Gautier<\/a><\/strong><\/p>\n<p><strong><em>K\u0101p\u0113c m\u0113s\u00a0izv\u0113l\u0113j\u0101mies\u00a0\u0161o gr\u0101matu:<\/em><\/strong><\/p>\n<p>\u0160is izdevums velt\u012bts Kristi\u0101na Diora aizs\u0101ktajam sievi\u0161\u0137\u012bgajam stilam, kas jau uzreiz p\u0113c pirm\u0101s kolekcijas par\u0101d\u012b\u0161anas 1947. gad\u0101 tika nod\u0113v\u0113ts par New look. Gr\u0101mat\u0101 apkopotas iespaid\u012bg\u0101k\u0101s modes fotogr\u0101fijas, kas r\u0101da modes nama \u201cDior\u201d t\u0113rpus no pirms\u0101kumiem l\u012bdz pat 2014. gadam. Izcil\u0101kie modes fotogr\u0101fi, satrieco\u0161\u0101k\u0101s modeles un ikoniskais Diora stils cauri laikiem un vair\u0101ku vi\u0146a rado\u0161o p\u0113cte\u010du interpret\u0101cij\u0101. \u0100rk\u0101rt\u012bgi skaista gr\u0101mata!<\/p>\n","protected":false},"featured_media":11530,"template":"","meta":{"_coblocks_attr":"","_coblocks_dimensions":"","_coblocks_responsive_height":"","_coblocks_accordion_ie_support":"","_crdt_document":"","jetpack_publicize_message":"","jetpack_publicize_feature_enabled":true,"jetpack_social_post_already_shared":true,"jetpack_social_options":{"image_generator_settings":{"template":"highway","default_image_id":0,"font":"","enabled":false},"version":2},"_wpas_customize_per_network":false},"product_brand":[],"product_cat":[1611,1604,1603,1605],"product_tag":[],"class_list":{"0":"post-11553","1":"product","2":"type-product","3":"status-publish","4":"has-post-thumbnail","6":"product_cat-gramatas-anglu-valoda","7":"product_cat-gramatas-par-haute-couture","8":"product_cat-gramatas-par-modes-dizaineriem","9":"product_cat-gramatas-par-modes-vesturi","10":"pa_book-author-jerome-gautier-lv","11":"pa_language-anglu","12":"pa_publisher-thames-and-hudson","14":"first","15":"instock","16":"shipping-taxable","17":"purchasable","18":"product-type-simple"},"yoast_head":"<!-- This site is optimized with the Yoast SEO plugin v27.4 - https:\/\/yoast.com\/product\/yoast-seo-wordpress\/ -->\n<title>Dior New Looks - Fashion Museum Riga Online Store<\/title>\n<meta name=\"robots\" content=\"index, follow, max-snippet:-1, max-image-preview:large, max-video-preview:-1\" \/>\n<link rel=\"canonical\" href=\"https:\/\/fashionmuseum.shop\/lv\/prece\/dior-new-looks\/\" \/>\n<meta property=\"og:locale\" content=\"lv_LV\" \/>\n<meta property=\"og:type\" content=\"article\" \/>\n<meta property=\"og:title\" content=\"Dior New Looks - Fashion Museum Riga Online Store\" \/>\n<meta property=\"og:description\" content=\"J\u00e9r\u00f4me Gautier  K\u0101p\u0113c m\u0113s\u00a0izv\u0113l\u0113j\u0101mies\u00a0\u0161o gr\u0101matu:  \u0160is izdevums velt\u012bts Kristi\u0101na Diora aizs\u0101ktajam sievi\u0161\u0137\u012bgajam stilam, kas jau uzreiz p\u0113c pirm\u0101s kolekcijas par\u0101d\u012b\u0161anas 1947. gad\u0101 tika nod\u0113v\u0113ts par New look. Gr\u0101mat\u0101 apkopotas iespaid\u012bg\u0101k\u0101s modes fotogr\u0101fijas, kas r\u0101da modes nama \u201cDior\u201d t\u0113rpus no pirms\u0101kumiem l\u012bdz pat 2014. gadam. Izcil\u0101kie modes fotogr\u0101fi, satrieco\u0161\u0101k\u0101s modeles un ikoniskais Diora stils cauri laikiem un vair\u0101ku vi\u0146a rado\u0161o p\u0113cte\u010du interpret\u0101cij\u0101. \u0100rk\u0101rt\u012bgi skaista gr\u0101mata!\" \/>\n<meta property=\"og:url\" content=\"https:\/\/fashionmuseum.shop\/lv\/prece\/dior-new-looks\/\" \/>\n<meta property=\"og:site_name\" content=\"Fashion Museum Riga Online Store\" \/>\n<meta property=\"article:modified_time\" content=\"2025-01-20T16:40:34+00:00\" \/>\n<meta property=\"og:image\" content=\"https:\/\/i0.wp.com\/fashionmuseum.shop\/wp-content\/uploads\/2022\/03\/9780500025048_packshot_dior-new-looks.jpg.webp?fit=720%2C720&ssl=1\" \/>\n\t<meta property=\"og:image:width\" content=\"720\" \/>\n\t<meta property=\"og:image:height\" content=\"720\" \/>\n\t<meta property=\"og:image:type\" content=\"image\/webp\" \/>\n<meta name=\"twitter:card\" content=\"summary_large_image\" \/>\n<meta name=\"twitter:label1\" content=\"Est. reading time\" \/>\n\t<meta name=\"twitter:data1\" content=\"1 minute\" \/>\n<script type=\"application\/ld+json\" class=\"yoast-schema-graph\">{\"@context\":\"https:\\\/\\\/schema.org\",\"@graph\":[{\"@type\":\"WebPage\",\"@id\":\"https:\\\/\\\/fashionmuseum.shop\\\/lv\\\/prece\\\/dior-new-looks\\\/\",\"url\":\"https:\\\/\\\/fashionmuseum.shop\\\/lv\\\/prece\\\/dior-new-looks\\\/\",\"name\":\"Dior New Looks - Fashion Museum Riga Online Store\",\"isPartOf\":{\"@id\":\"https:\\\/\\\/fashionmuseum.shop\\\/lv\\\/#website\"},\"primaryImageOfPage\":{\"@id\":\"https:\\\/\\\/fashionmuseum.shop\\\/lv\\\/prece\\\/dior-new-looks\\\/#primaryimage\"},\"image\":{\"@id\":\"https:\\\/\\\/fashionmuseum.shop\\\/lv\\\/prece\\\/dior-new-looks\\\/#primaryimage\"},\"thumbnailUrl\":\"https:\\\/\\\/i0.wp.com\\\/fashionmuseum.shop\\\/wp-content\\\/uploads\\\/2022\\\/03\\\/9780500025048_packshot_dior-new-looks.jpg.webp?fit=720%2C720&ssl=1\",\"datePublished\":\"2022-03-29T11:40:01+00:00\",\"dateModified\":\"2025-01-20T16:40:34+00:00\",\"breadcrumb\":{\"@id\":\"https:\\\/\\\/fashionmuseum.shop\\\/lv\\\/prece\\\/dior-new-looks\\\/#breadcrumb\"},\"inLanguage\":\"lv-LV\",\"potentialAction\":[{\"@type\":\"ReadAction\",\"target\":[\"https:\\\/\\\/fashionmuseum.shop\\\/lv\\\/prece\\\/dior-new-looks\\\/\"]}]},{\"@type\":\"ImageObject\",\"inLanguage\":\"lv-LV\",\"@id\":\"https:\\\/\\\/fashionmuseum.shop\\\/lv\\\/prece\\\/dior-new-looks\\\/#primaryimage\",\"url\":\"https:\\\/\\\/i0.wp.com\\\/fashionmuseum.shop\\\/wp-content\\\/uploads\\\/2022\\\/03\\\/9780500025048_packshot_dior-new-looks.jpg.webp?fit=720%2C720&ssl=1\",\"contentUrl\":\"https:\\\/\\\/i0.wp.com\\\/fashionmuseum.shop\\\/wp-content\\\/uploads\\\/2022\\\/03\\\/9780500025048_packshot_dior-new-looks.jpg.webp?fit=720%2C720&ssl=1\",\"width\":720,\"height\":720,\"caption\":\"Dior New Looks\"},{\"@type\":\"BreadcrumbList\",\"@id\":\"https:\\\/\\\/fashionmuseum.shop\\\/lv\\\/prece\\\/dior-new-looks\\\/#breadcrumb\",\"itemListElement\":[{\"@type\":\"ListItem\",\"position\":1,\"name\":\"Home\",\"item\":\"https:\\\/\\\/fashionmuseum.shop\\\/lv\\\/\"},{\"@type\":\"ListItem\",\"position\":2,\"name\":\"Products\",\"item\":\"https:\\\/\\\/fashionmuseum.shop\\\/lv\\\/shop\\\/\"},{\"@type\":\"ListItem\",\"position\":3,\"name\":\"Dior New Looks\"}]},{\"@type\":\"WebSite\",\"@id\":\"https:\\\/\\\/fashionmuseum.shop\\\/lv\\\/#website\",\"url\":\"https:\\\/\\\/fashionmuseum.shop\\\/lv\\\/\",\"name\":\"Fashion Museum Online Store\",\"description\":\"Fashion Museum Riga Online Store provides a wide selection of books about fashion and fashion history.\",\"publisher\":{\"@id\":\"https:\\\/\\\/fashionmuseum.shop\\\/lv\\\/#organization\"},\"potentialAction\":[{\"@type\":\"SearchAction\",\"target\":{\"@type\":\"EntryPoint\",\"urlTemplate\":\"https:\\\/\\\/fashionmuseum.shop\\\/lv\\\/?s={search_term_string}\"},\"query-input\":{\"@type\":\"PropertyValueSpecification\",\"valueRequired\":true,\"valueName\":\"search_term_string\"}}],\"inLanguage\":\"lv-LV\"},{\"@type\":\"Organization\",\"@id\":\"https:\\\/\\\/fashionmuseum.shop\\\/lv\\\/#organization\",\"name\":\"Modes muzejs\",\"url\":\"https:\\\/\\\/fashionmuseum.shop\\\/lv\\\/\",\"logo\":{\"@type\":\"ImageObject\",\"inLanguage\":\"lv-LV\",\"@id\":\"https:\\\/\\\/fashionmuseum.shop\\\/lv\\\/#\\\/schema\\\/logo\\\/image\\\/\",\"url\":\"https:\\\/\\\/i1.wp.com\\\/fashionmuseum.shop\\\/wp-content\\\/uploads\\\/2020\\\/04\\\/apple-touch-icon.png?fit=180%2C180&ssl=1\",\"contentUrl\":\"https:\\\/\\\/i1.wp.com\\\/fashionmuseum.shop\\\/wp-content\\\/uploads\\\/2020\\\/04\\\/apple-touch-icon.png?fit=180%2C180&ssl=1\",\"width\":180,\"height\":180,\"caption\":\"Modes muzejs\"},\"image\":{\"@id\":\"https:\\\/\\\/fashionmuseum.shop\\\/lv\\\/#\\\/schema\\\/logo\\\/image\\\/\"}}]}<\/script>\n<!-- \/ Yoast SEO plugin. -->","yoast_head_json":{"title":"Dior New Looks - Fashion Museum Riga Online Store","robots":{"index":"index","follow":"follow","max-snippet":"max-snippet:-1","max-image-preview":"max-image-preview:large","max-video-preview":"max-video-preview:-1"},"canonical":"https:\/\/fashionmuseum.shop\/lv\/prece\/dior-new-looks\/","og_locale":"lv_LV","og_type":"article","og_title":"Dior New Looks - Fashion Museum Riga Online Store","og_description":"J\u00e9r\u00f4me Gautier  K\u0101p\u0113c m\u0113s\u00a0izv\u0113l\u0113j\u0101mies\u00a0\u0161o gr\u0101matu:  \u0160is izdevums velt\u012bts Kristi\u0101na Diora aizs\u0101ktajam sievi\u0161\u0137\u012bgajam stilam, kas jau uzreiz p\u0113c pirm\u0101s kolekcijas par\u0101d\u012b\u0161anas 1947. gad\u0101 tika nod\u0113v\u0113ts par New look. Gr\u0101mat\u0101 apkopotas iespaid\u012bg\u0101k\u0101s modes fotogr\u0101fijas, kas r\u0101da modes nama \u201cDior\u201d t\u0113rpus no pirms\u0101kumiem l\u012bdz pat 2014. gadam. Izcil\u0101kie modes fotogr\u0101fi, satrieco\u0161\u0101k\u0101s modeles un ikoniskais Diora stils cauri laikiem un vair\u0101ku vi\u0146a rado\u0161o p\u0113cte\u010du interpret\u0101cij\u0101. \u0100rk\u0101rt\u012bgi skaista gr\u0101mata!","og_url":"https:\/\/fashionmuseum.shop\/lv\/prece\/dior-new-looks\/","og_site_name":"Fashion Museum Riga Online Store","article_modified_time":"2025-01-20T16:40:34+00:00","og_image":[{"width":720,"height":720,"url":"https:\/\/i0.wp.com\/fashionmuseum.shop\/wp-content\/uploads\/2022\/03\/9780500025048_packshot_dior-new-looks.jpg.webp?fit=720%2C720&ssl=1","type":"image\/webp"}],"twitter_card":"summary_large_image","twitter_misc":{"Est. reading time":"1 minute"},"schema":{"@context":"https:\/\/schema.org","@graph":[{"@type":"WebPage","@id":"https:\/\/fashionmuseum.shop\/lv\/prece\/dior-new-looks\/","url":"https:\/\/fashionmuseum.shop\/lv\/prece\/dior-new-looks\/","name":"Dior New Looks - Fashion Museum Riga Online Store","isPartOf":{"@id":"https:\/\/fashionmuseum.shop\/lv\/#website"},"primaryImageOfPage":{"@id":"https:\/\/fashionmuseum.shop\/lv\/prece\/dior-new-looks\/#primaryimage"},"image":{"@id":"https:\/\/fashionmuseum.shop\/lv\/prece\/dior-new-looks\/#primaryimage"},"thumbnailUrl":"https:\/\/i0.wp.com\/fashionmuseum.shop\/wp-content\/uploads\/2022\/03\/9780500025048_packshot_dior-new-looks.jpg.webp?fit=720%2C720&ssl=1","datePublished":"2022-03-29T11:40:01+00:00","dateModified":"2025-01-20T16:40:34+00:00","breadcrumb":{"@id":"https:\/\/fashionmuseum.shop\/lv\/prece\/dior-new-looks\/#breadcrumb"},"inLanguage":"lv-LV","potentialAction":[{"@type":"ReadAction","target":["https:\/\/fashionmuseum.shop\/lv\/prece\/dior-new-looks\/"]}]},{"@type":"ImageObject","inLanguage":"lv-LV","@id":"https:\/\/fashionmuseum.shop\/lv\/prece\/dior-new-looks\/#primaryimage","url":"https:\/\/i0.wp.com\/fashionmuseum.shop\/wp-content\/uploads\/2022\/03\/9780500025048_packshot_dior-new-looks.jpg.webp?fit=720%2C720&ssl=1","contentUrl":"https:\/\/i0.wp.com\/fashionmuseum.shop\/wp-content\/uploads\/2022\/03\/9780500025048_packshot_dior-new-looks.jpg.webp?fit=720%2C720&ssl=1","width":720,"height":720,"caption":"Dior New Looks"},{"@type":"BreadcrumbList","@id":"https:\/\/fashionmuseum.shop\/lv\/prece\/dior-new-looks\/#breadcrumb","itemListElement":[{"@type":"ListItem","position":1,"name":"Home","item":"https:\/\/fashionmuseum.shop\/lv\/"},{"@type":"ListItem","position":2,"name":"Products","item":"https:\/\/fashionmuseum.shop\/lv\/shop\/"},{"@type":"ListItem","position":3,"name":"Dior New Looks"}]},{"@type":"WebSite","@id":"https:\/\/fashionmuseum.shop\/lv\/#website","url":"https:\/\/fashionmuseum.shop\/lv\/","name":"Fashion Museum Online Store","description":"Fashion Museum Riga Online Store provides a wide selection of books about fashion and fashion history.","publisher":{"@id":"https:\/\/fashionmuseum.shop\/lv\/#organization"},"potentialAction":[{"@type":"SearchAction","target":{"@type":"EntryPoint","urlTemplate":"https:\/\/fashionmuseum.shop\/lv\/?s={search_term_string}"},"query-input":{"@type":"PropertyValueSpecification","valueRequired":true,"valueName":"search_term_string"}}],"inLanguage":"lv-LV"},{"@type":"Organization","@id":"https:\/\/fashionmuseum.shop\/lv\/#organization","name":"Modes muzejs","url":"https:\/\/fashionmuseum.shop\/lv\/","logo":{"@type":"ImageObject","inLanguage":"lv-LV","@id":"https:\/\/fashionmuseum.shop\/lv\/#\/schema\/logo\/image\/","url":"https:\/\/i1.wp.com\/fashionmuseum.shop\/wp-content\/uploads\/2020\/04\/apple-touch-icon.png?fit=180%2C180&ssl=1","contentUrl":"https:\/\/i1.wp.com\/fashionmuseum.shop\/wp-content\/uploads\/2020\/04\/apple-touch-icon.png?fit=180%2C180&ssl=1","width":180,"height":180,"caption":"Modes muzejs"},"image":{"@id":"https:\/\/fashionmuseum.shop\/lv\/#\/schema\/logo\/image\/"}}]}},"jetpack_publicize_connections":[],"jetpack_likes_enabled":false,"jetpack_sharing_enabled":true,"amp_enabled":true,"_links":{"self":[{"href":"https:\/\/fashionmuseum.shop\/lv\/wp-json\/wp\/v2\/product\/11553","targetHints":{"allow":["GET"]}}],"collection":[{"href":"https:\/\/fashionmuseum.shop\/lv\/wp-json\/wp\/v2\/product"}],"about":[{"href":"https:\/\/fashionmuseum.shop\/lv\/wp-json\/wp\/v2\/types\/product"}],"wp:featuredmedia":[{"embeddable":true,"href":"https:\/\/fashionmuseum.shop\/lv\/wp-json\/wp\/v2\/media\/11530"}],"wp:attachment":[{"href":"https:\/\/fashionmuseum.shop\/lv\/wp-json\/wp\/v2\/media?parent=11553"}],"wp:term":[{"taxonomy":"product_brand","embeddable":true,"href":"https:\/\/fashionmuseum.shop\/lv\/wp-json\/wp\/v2\/product_brand?post=11553"},{"taxonomy":"product_cat","embeddable":true,"href":"https:\/\/fashionmuseum.shop\/lv\/wp-json\/wp\/v2\/product_cat?post=11553"},{"taxonomy":"product_tag","embeddable":true,"href":"https:\/\/fashionmuseum.shop\/lv\/wp-json\/wp\/v2\/product_tag?post=11553"}],"curies":[{"name":"wp","href":"https:\/\/api.w.org\/{rel}","templated":true}]}}