{"id":11578,"date":"2022-03-29T14:40:01","date_gmt":"2022-04-01T13:11:32","guid":{"rendered":"https:\/\/fashionmuseum.shop\/?post_type=product&#038;p=11578"},"modified":"2023-08-10T17:08:18","modified_gmt":"2023-08-10T14:08:18","slug":"fashion-quotes-stylish-wit-and-catwalk-wisdom","status":"publish","type":"product","link":"https:\/\/fashionmuseum.shop\/lv\/prece\/fashion-quotes-stylish-wit-and-catwalk-wisdom\/","title":{"rendered":"Fashion Quotes: Stylish Wit and Catwalk Wisdom"},"content":{"rendered":"<p><em><strong>Izdev\u0113ja gr\u0101matas anot\u0101cija::<\/strong><\/em><\/p>\n<p>From the bestselling authors of <i>Choupette<\/i> and <i>The World According to Karl<\/i>, a selection of wise words from Balzac, Oscar Wilde, Diana Vreeland, Coco Chanel, Marilyn Monroe, Audrey Hepburn, Karl Lagerfeld, Christian Louboutin, Alexander McQueen and more. The book pulls together the sharpest wit from the last 300 years, from 18th-century dandies to the latest kings and queens of the catwalk.<\/p>\n<div data-role=\"bva-reveal\">\n<p>Bursting with exuberant illustrations specially created for the book by fashion designer Christian Lacroix.<\/p>\n<div class=\"col-10 pb3\" data-role=\"bva-reveal\"><em><strong>Saturs:<\/strong><\/em><\/div>\n<div class=\"col-10 pb3\" data-role=\"bva-reveal\">Foreword by Patrick Mauri\u00e8s \u2022 Haute Couture \u2022 Shoes \u2022 Dogs \u2022 The Little Black Dress \u2022 The Dandy \u2022 Eros &amp; Erotica \u2022 Eccentricity \u2022 Snobbery \u2022 Shopping and Spending<\/div>\n<div data-role=\"bva-reveal\"><\/div>\n<\/div>\n<div data-role=\"bva-reveal\">\u0160\u012bs gr\u0101matas izdev\u0113js ir <strong><a href=\"https:\/\/fashionmuseum.shop\/lv\/publisher\/thames-and-hudson\/\">Thames and Hudson<\/a><\/strong>, ISBN 9780500518953<\/div>\n","protected":false},"excerpt":{"rendered":"<p><strong><a href=\"https:\/\/fashionmuseum.shop\/lv\/book-author\/jean-christophe-napias-lv\/\">Jean-Christophe Napias<\/a><\/strong>,<strong><a href=\"https:\/\/fashionmuseum.shop\/lv\/book-author\/patrick-mauries-lv\/\"> Patrick Mauries<\/a><\/strong><\/p>\n<p><em><strong>K\u0101p\u0113c m\u0113s\u00a0izv\u0113l\u0113j\u0101mies\u00a0\u0161o gr\u0101matu:<\/strong><\/em><\/p>\n<p>\u0160is stil\u012bgais izdevums apkopo cit\u0101tus par modi, ko da\u017e\u0101dos laikos teiku\u0161i vai rakst\u012bju\u0161i visda\u017e\u0101d\u0101kie cilv\u0113ki: no Oskara Vailda l\u012bdz Kanjem Vestam, no Koko \u0160aneles l\u012bdz Tomam Fordam. Aspr\u0101t\u012bgi, negaid\u012bti, klasiski, vienm\u0113r aktu\u0101li un svaigi \u2013 lieliska gr\u0101mata!<\/p>\n","protected":false},"featured_media":11574,"template":"","meta":{"_coblocks_attr":"","_coblocks_dimensions":"","_coblocks_responsive_height":"","_coblocks_accordion_ie_support":"","_crdt_document":"","jetpack_post_was_ever_published":false,"jetpack_publicize_message":"","jetpack_publicize_feature_enabled":true,"jetpack_social_post_already_shared":true,"jetpack_social_options":{"image_generator_settings":{"template":"highway","default_image_id":0,"font":"","enabled":false},"version":2},"_wpas_customize_per_network":false},"product_brand":[],"product_cat":[1611,1605,2418],"product_tag":[3163,3162],"class_list":{"0":"post-11578","1":"product","2":"type-product","3":"status-publish","4":"has-post-thumbnail","6":"product_cat-gramatas-anglu-valoda","7":"product_cat-gramatas-par-modes-vesturi","8":"product_cat-gramatas","9":"product_tag-citati-lv","10":"product_tag-humors","11":"pa_book-author-jean-christophe-napias-lv","12":"pa_book-author-patrick-mauries-lv","13":"pa_language-anglu","14":"pa_publisher-thames-and-hudson","16":"first","17":"instock","18":"shipping-taxable","19":"purchasable","20":"product-type-simple"},"yoast_head":"<!-- This site is optimized with the Yoast SEO plugin v27.3 - https:\/\/yoast.com\/product\/yoast-seo-wordpress\/ -->\n<title>Fashion Quotes: Stylish Wit and Catwalk Wisdom - Fashion Museum Riga Online Store<\/title>\n<meta name=\"robots\" content=\"index, follow, max-snippet:-1, max-image-preview:large, max-video-preview:-1\" \/>\n<link rel=\"canonical\" href=\"https:\/\/fashionmuseum.shop\/lv\/prece\/fashion-quotes-stylish-wit-and-catwalk-wisdom\/\" \/>\n<meta property=\"og:locale\" content=\"lv_LV\" \/>\n<meta property=\"og:type\" content=\"article\" \/>\n<meta property=\"og:title\" content=\"Fashion Quotes: Stylish Wit and Catwalk Wisdom - Fashion Museum Riga Online Store\" \/>\n<meta property=\"og:description\" content=\"Jean-Christophe Napias, Patrick Mauries  K\u0101p\u0113c m\u0113s\u00a0izv\u0113l\u0113j\u0101mies\u00a0\u0161o gr\u0101matu:  \u0160is stil\u012bgais izdevums apkopo cit\u0101tus par modi, ko da\u017e\u0101dos laikos teiku\u0161i vai rakst\u012bju\u0161i visda\u017e\u0101d\u0101kie cilv\u0113ki: no Oskara Vailda l\u012bdz Kanjem Vestam, no Koko \u0160aneles l\u012bdz Tomam Fordam. Aspr\u0101t\u012bgi, negaid\u012bti, klasiski, vienm\u0113r aktu\u0101li un svaigi \u2013 lieliska gr\u0101mata!\" \/>\n<meta property=\"og:url\" content=\"https:\/\/fashionmuseum.shop\/lv\/prece\/fashion-quotes-stylish-wit-and-catwalk-wisdom\/\" \/>\n<meta property=\"og:site_name\" content=\"Fashion Museum Riga Online Store\" \/>\n<meta property=\"article:modified_time\" content=\"2023-08-10T14:08:18+00:00\" \/>\n<meta property=\"og:image\" content=\"https:\/\/fashionmuseum.shop\/wp-content\/uploads\/2022\/03\/9780500518953161_std_fashion-quotes.jpg.webp\" \/>\n\t<meta property=\"og:image:width\" content=\"720\" \/>\n\t<meta property=\"og:image:height\" content=\"720\" \/>\n\t<meta property=\"og:image:type\" content=\"image\/webp\" \/>\n<meta name=\"twitter:card\" content=\"summary_large_image\" \/>\n<meta name=\"twitter:label1\" content=\"Est. reading time\" \/>\n\t<meta name=\"twitter:data1\" content=\"1 minute\" \/>\n<script type=\"application\/ld+json\" class=\"yoast-schema-graph\">{\"@context\":\"https:\\\/\\\/schema.org\",\"@graph\":[{\"@type\":\"WebPage\",\"@id\":\"https:\\\/\\\/fashionmuseum.shop\\\/lv\\\/prece\\\/fashion-quotes-stylish-wit-and-catwalk-wisdom\\\/\",\"url\":\"https:\\\/\\\/fashionmuseum.shop\\\/lv\\\/prece\\\/fashion-quotes-stylish-wit-and-catwalk-wisdom\\\/\",\"name\":\"Fashion Quotes: Stylish Wit and Catwalk Wisdom - Fashion Museum Riga Online Store\",\"isPartOf\":{\"@id\":\"https:\\\/\\\/fashionmuseum.shop\\\/lv\\\/#website\"},\"primaryImageOfPage\":{\"@id\":\"https:\\\/\\\/fashionmuseum.shop\\\/lv\\\/prece\\\/fashion-quotes-stylish-wit-and-catwalk-wisdom\\\/#primaryimage\"},\"image\":{\"@id\":\"https:\\\/\\\/fashionmuseum.shop\\\/lv\\\/prece\\\/fashion-quotes-stylish-wit-and-catwalk-wisdom\\\/#primaryimage\"},\"thumbnailUrl\":\"https:\\\/\\\/i0.wp.com\\\/fashionmuseum.shop\\\/wp-content\\\/uploads\\\/2022\\\/03\\\/9780500518953161_std_fashion-quotes.jpg.webp?fit=720%2C720&ssl=1\",\"datePublished\":\"2022-04-01T13:11:32+00:00\",\"dateModified\":\"2023-08-10T14:08:18+00:00\",\"breadcrumb\":{\"@id\":\"https:\\\/\\\/fashionmuseum.shop\\\/lv\\\/prece\\\/fashion-quotes-stylish-wit-and-catwalk-wisdom\\\/#breadcrumb\"},\"inLanguage\":\"lv-LV\",\"potentialAction\":[{\"@type\":\"ReadAction\",\"target\":[\"https:\\\/\\\/fashionmuseum.shop\\\/lv\\\/prece\\\/fashion-quotes-stylish-wit-and-catwalk-wisdom\\\/\"]}]},{\"@type\":\"ImageObject\",\"inLanguage\":\"lv-LV\",\"@id\":\"https:\\\/\\\/fashionmuseum.shop\\\/lv\\\/prece\\\/fashion-quotes-stylish-wit-and-catwalk-wisdom\\\/#primaryimage\",\"url\":\"https:\\\/\\\/i0.wp.com\\\/fashionmuseum.shop\\\/wp-content\\\/uploads\\\/2022\\\/03\\\/9780500518953161_std_fashion-quotes.jpg.webp?fit=720%2C720&ssl=1\",\"contentUrl\":\"https:\\\/\\\/i0.wp.com\\\/fashionmuseum.shop\\\/wp-content\\\/uploads\\\/2022\\\/03\\\/9780500518953161_std_fashion-quotes.jpg.webp?fit=720%2C720&ssl=1\",\"width\":720,\"height\":720,\"caption\":\"Fashion Quotes: Stylish Wit and Catwalk Wisdom\"},{\"@type\":\"BreadcrumbList\",\"@id\":\"https:\\\/\\\/fashionmuseum.shop\\\/lv\\\/prece\\\/fashion-quotes-stylish-wit-and-catwalk-wisdom\\\/#breadcrumb\",\"itemListElement\":[{\"@type\":\"ListItem\",\"position\":1,\"name\":\"Home\",\"item\":\"https:\\\/\\\/fashionmuseum.shop\\\/lv\\\/\"},{\"@type\":\"ListItem\",\"position\":2,\"name\":\"Products\",\"item\":\"https:\\\/\\\/fashionmuseum.shop\\\/lv\\\/shop\\\/\"},{\"@type\":\"ListItem\",\"position\":3,\"name\":\"Fashion Quotes: Stylish Wit and Catwalk Wisdom\"}]},{\"@type\":\"WebSite\",\"@id\":\"https:\\\/\\\/fashionmuseum.shop\\\/lv\\\/#website\",\"url\":\"https:\\\/\\\/fashionmuseum.shop\\\/lv\\\/\",\"name\":\"Fashion Museum Online Store\",\"description\":\"Fashion Museum Riga Online Store provides a wide selection of books about fashion and fashion history.\",\"publisher\":{\"@id\":\"https:\\\/\\\/fashionmuseum.shop\\\/lv\\\/#organization\"},\"potentialAction\":[{\"@type\":\"SearchAction\",\"target\":{\"@type\":\"EntryPoint\",\"urlTemplate\":\"https:\\\/\\\/fashionmuseum.shop\\\/lv\\\/?s={search_term_string}\"},\"query-input\":{\"@type\":\"PropertyValueSpecification\",\"valueRequired\":true,\"valueName\":\"search_term_string\"}}],\"inLanguage\":\"lv-LV\"},{\"@type\":\"Organization\",\"@id\":\"https:\\\/\\\/fashionmuseum.shop\\\/lv\\\/#organization\",\"name\":\"Modes muzejs\",\"url\":\"https:\\\/\\\/fashionmuseum.shop\\\/lv\\\/\",\"logo\":{\"@type\":\"ImageObject\",\"inLanguage\":\"lv-LV\",\"@id\":\"https:\\\/\\\/fashionmuseum.shop\\\/lv\\\/#\\\/schema\\\/logo\\\/image\\\/\",\"url\":\"https:\\\/\\\/i1.wp.com\\\/fashionmuseum.shop\\\/wp-content\\\/uploads\\\/2020\\\/04\\\/apple-touch-icon.png?fit=180%2C180&ssl=1\",\"contentUrl\":\"https:\\\/\\\/i1.wp.com\\\/fashionmuseum.shop\\\/wp-content\\\/uploads\\\/2020\\\/04\\\/apple-touch-icon.png?fit=180%2C180&ssl=1\",\"width\":180,\"height\":180,\"caption\":\"Modes muzejs\"},\"image\":{\"@id\":\"https:\\\/\\\/fashionmuseum.shop\\\/lv\\\/#\\\/schema\\\/logo\\\/image\\\/\"}}]}<\/script>\n<!-- \/ Yoast SEO plugin. -->","yoast_head_json":{"title":"Fashion Quotes: Stylish Wit and Catwalk Wisdom - Fashion Museum Riga Online Store","robots":{"index":"index","follow":"follow","max-snippet":"max-snippet:-1","max-image-preview":"max-image-preview:large","max-video-preview":"max-video-preview:-1"},"canonical":"https:\/\/fashionmuseum.shop\/lv\/prece\/fashion-quotes-stylish-wit-and-catwalk-wisdom\/","og_locale":"lv_LV","og_type":"article","og_title":"Fashion Quotes: Stylish Wit and Catwalk Wisdom - Fashion Museum Riga Online Store","og_description":"Jean-Christophe Napias, Patrick Mauries  K\u0101p\u0113c m\u0113s\u00a0izv\u0113l\u0113j\u0101mies\u00a0\u0161o gr\u0101matu:  \u0160is stil\u012bgais izdevums apkopo cit\u0101tus par modi, ko da\u017e\u0101dos laikos teiku\u0161i vai rakst\u012bju\u0161i visda\u017e\u0101d\u0101kie cilv\u0113ki: no Oskara Vailda l\u012bdz Kanjem Vestam, no Koko \u0160aneles l\u012bdz Tomam Fordam. Aspr\u0101t\u012bgi, negaid\u012bti, klasiski, vienm\u0113r aktu\u0101li un svaigi \u2013 lieliska gr\u0101mata!","og_url":"https:\/\/fashionmuseum.shop\/lv\/prece\/fashion-quotes-stylish-wit-and-catwalk-wisdom\/","og_site_name":"Fashion Museum Riga Online Store","article_modified_time":"2023-08-10T14:08:18+00:00","og_image":[{"width":720,"height":720,"url":"https:\/\/fashionmuseum.shop\/wp-content\/uploads\/2022\/03\/9780500518953161_std_fashion-quotes.jpg.webp","type":"image\/webp"}],"twitter_card":"summary_large_image","twitter_misc":{"Est. reading time":"1 minute"},"schema":{"@context":"https:\/\/schema.org","@graph":[{"@type":"WebPage","@id":"https:\/\/fashionmuseum.shop\/lv\/prece\/fashion-quotes-stylish-wit-and-catwalk-wisdom\/","url":"https:\/\/fashionmuseum.shop\/lv\/prece\/fashion-quotes-stylish-wit-and-catwalk-wisdom\/","name":"Fashion Quotes: Stylish Wit and Catwalk Wisdom - Fashion Museum Riga Online Store","isPartOf":{"@id":"https:\/\/fashionmuseum.shop\/lv\/#website"},"primaryImageOfPage":{"@id":"https:\/\/fashionmuseum.shop\/lv\/prece\/fashion-quotes-stylish-wit-and-catwalk-wisdom\/#primaryimage"},"image":{"@id":"https:\/\/fashionmuseum.shop\/lv\/prece\/fashion-quotes-stylish-wit-and-catwalk-wisdom\/#primaryimage"},"thumbnailUrl":"https:\/\/i0.wp.com\/fashionmuseum.shop\/wp-content\/uploads\/2022\/03\/9780500518953161_std_fashion-quotes.jpg.webp?fit=720%2C720&ssl=1","datePublished":"2022-04-01T13:11:32+00:00","dateModified":"2023-08-10T14:08:18+00:00","breadcrumb":{"@id":"https:\/\/fashionmuseum.shop\/lv\/prece\/fashion-quotes-stylish-wit-and-catwalk-wisdom\/#breadcrumb"},"inLanguage":"lv-LV","potentialAction":[{"@type":"ReadAction","target":["https:\/\/fashionmuseum.shop\/lv\/prece\/fashion-quotes-stylish-wit-and-catwalk-wisdom\/"]}]},{"@type":"ImageObject","inLanguage":"lv-LV","@id":"https:\/\/fashionmuseum.shop\/lv\/prece\/fashion-quotes-stylish-wit-and-catwalk-wisdom\/#primaryimage","url":"https:\/\/i0.wp.com\/fashionmuseum.shop\/wp-content\/uploads\/2022\/03\/9780500518953161_std_fashion-quotes.jpg.webp?fit=720%2C720&ssl=1","contentUrl":"https:\/\/i0.wp.com\/fashionmuseum.shop\/wp-content\/uploads\/2022\/03\/9780500518953161_std_fashion-quotes.jpg.webp?fit=720%2C720&ssl=1","width":720,"height":720,"caption":"Fashion Quotes: Stylish Wit and Catwalk Wisdom"},{"@type":"BreadcrumbList","@id":"https:\/\/fashionmuseum.shop\/lv\/prece\/fashion-quotes-stylish-wit-and-catwalk-wisdom\/#breadcrumb","itemListElement":[{"@type":"ListItem","position":1,"name":"Home","item":"https:\/\/fashionmuseum.shop\/lv\/"},{"@type":"ListItem","position":2,"name":"Products","item":"https:\/\/fashionmuseum.shop\/lv\/shop\/"},{"@type":"ListItem","position":3,"name":"Fashion Quotes: Stylish Wit and Catwalk Wisdom"}]},{"@type":"WebSite","@id":"https:\/\/fashionmuseum.shop\/lv\/#website","url":"https:\/\/fashionmuseum.shop\/lv\/","name":"Fashion Museum Online Store","description":"Fashion Museum Riga Online Store provides a wide selection of books about fashion and fashion history.","publisher":{"@id":"https:\/\/fashionmuseum.shop\/lv\/#organization"},"potentialAction":[{"@type":"SearchAction","target":{"@type":"EntryPoint","urlTemplate":"https:\/\/fashionmuseum.shop\/lv\/?s={search_term_string}"},"query-input":{"@type":"PropertyValueSpecification","valueRequired":true,"valueName":"search_term_string"}}],"inLanguage":"lv-LV"},{"@type":"Organization","@id":"https:\/\/fashionmuseum.shop\/lv\/#organization","name":"Modes muzejs","url":"https:\/\/fashionmuseum.shop\/lv\/","logo":{"@type":"ImageObject","inLanguage":"lv-LV","@id":"https:\/\/fashionmuseum.shop\/lv\/#\/schema\/logo\/image\/","url":"https:\/\/i1.wp.com\/fashionmuseum.shop\/wp-content\/uploads\/2020\/04\/apple-touch-icon.png?fit=180%2C180&ssl=1","contentUrl":"https:\/\/i1.wp.com\/fashionmuseum.shop\/wp-content\/uploads\/2020\/04\/apple-touch-icon.png?fit=180%2C180&ssl=1","width":180,"height":180,"caption":"Modes muzejs"},"image":{"@id":"https:\/\/fashionmuseum.shop\/lv\/#\/schema\/logo\/image\/"}}]}},"jetpack_publicize_connections":[],"jetpack_likes_enabled":false,"jetpack_sharing_enabled":true,"amp_enabled":true,"_links":{"self":[{"href":"https:\/\/fashionmuseum.shop\/lv\/wp-json\/wp\/v2\/product\/11578","targetHints":{"allow":["GET"]}}],"collection":[{"href":"https:\/\/fashionmuseum.shop\/lv\/wp-json\/wp\/v2\/product"}],"about":[{"href":"https:\/\/fashionmuseum.shop\/lv\/wp-json\/wp\/v2\/types\/product"}],"wp:featuredmedia":[{"embeddable":true,"href":"https:\/\/fashionmuseum.shop\/lv\/wp-json\/wp\/v2\/media\/11574"}],"wp:attachment":[{"href":"https:\/\/fashionmuseum.shop\/lv\/wp-json\/wp\/v2\/media?parent=11578"}],"wp:term":[{"taxonomy":"product_brand","embeddable":true,"href":"https:\/\/fashionmuseum.shop\/lv\/wp-json\/wp\/v2\/product_brand?post=11578"},{"taxonomy":"product_cat","embeddable":true,"href":"https:\/\/fashionmuseum.shop\/lv\/wp-json\/wp\/v2\/product_cat?post=11578"},{"taxonomy":"product_tag","embeddable":true,"href":"https:\/\/fashionmuseum.shop\/lv\/wp-json\/wp\/v2\/product_tag?post=11578"}],"curies":[{"name":"wp","href":"https:\/\/api.w.org\/{rel}","templated":true}]}}