{"id":12115,"date":"2022-03-29T14:40:01","date_gmt":"2022-05-26T14:34:41","guid":{"rendered":"https:\/\/fashionmuseum.shop\/?post_type=product&#038;p=12115"},"modified":"2022-05-26T17:34:41","modified_gmt":"2022-05-26T14:34:41","slug":"the-chronicle-of-western-costume-from-the-ancient-world-to-the-late-twentieth-century","status":"publish","type":"product","link":"https:\/\/fashionmuseum.shop\/lv\/prece\/the-chronicle-of-western-costume-from-the-ancient-world-to-the-late-twentieth-century\/","title":{"rendered":"The Chronicle of Western Costume: From the Ancient World to the Late Twentieth Century"},"content":{"rendered":"<p><em><strong>Izdev\u0113ja gr\u0101matas anot\u0101cija:<\/strong><\/em><\/p>\n<p>Here, in more than one thousand full-colour illustrations, is the history of Western costume, from ancient Egypt to Paris fashion. John Peacock\u2019s meticulous drawings are organized in chronological sections and accompanied by detailed descriptions of each figure, including the individual items of costume shown and the many types of fabric, cut, pattern and colour that have been used over the centuries. An illustrated glossary gives additional information on technical terms.<\/p>\n<div data-role=\"bva-reveal\">\n<p><i>The Chronicle of Western Costume<\/i> is the unrivalled reference work on its subject. No student or designer in the performing arts, costume and fashion enthusiast, collector or social historian will want to be without it.<\/p>\n<p>\u0160\u012bs gr\u0101matas izdev\u0113js ir\u00a0<span style=\"text-decoration: underline;\"><strong><a href=\"https:\/\/fashionmuseum.shop\/lv\/publisher\/thames-and-hudson\/\">Thames and Hudson<\/a><\/strong><\/span>, ISBN 9780500284476<\/p>\n<\/div>\n","protected":false},"excerpt":{"rendered":"<p><span style=\"text-decoration: underline;\"><strong><a href=\"https:\/\/fashionmuseum.shop\/lv\/book-author\/john-peacock\/\">John Peacock<\/a><\/strong><\/span><\/p>\n<p><em><strong>K\u0101p\u0113c m\u0113s izv\u0113l\u0113j\u0101mies \u0161o gr\u0101matu:<\/strong><\/em><\/p>\n<p style=\"font-weight: 400;\">Lai cik gr\u016bts vai pat neiesp\u0113jams \u0161\u0137istu uzdevums izveidot vizu\u0101lu p\u0101rskatu par svar\u012bg\u0101kaj\u0101m t\u0113rpu att\u012bst\u012bbas iez\u012bm\u0113m teju 4000 gadu laik\u0101 \u2013 no Sen\u0101s \u0112\u0123iptes l\u012bdz 20. gs. beig\u0101m \u2013 \u0161\u012b izdevuma autoram D\u017eonam P\u012bkokam tas izdevies. Autora ilustr\u0101cijas un \u012bsie, prec\u012bzie apraksti \u013cauj g\u016bt priek\u0161statu par siluetiem, kr\u0101s\u0101m, materi\u0101liem un stiliem. P\u0101rskat\u0101mi, prec\u012bzi, informat\u012bvi!<\/p>\n","protected":false},"featured_media":11920,"template":"","meta":{"_coblocks_attr":"","_coblocks_dimensions":"","_coblocks_responsive_height":"","_coblocks_accordion_ie_support":"","_crdt_document":"","jetpack_publicize_message":"","jetpack_publicize_feature_enabled":true,"jetpack_social_post_already_shared":true,"jetpack_social_options":{"image_generator_settings":{"template":"highway","default_image_id":0,"font":"","enabled":false},"version":2},"_wpas_customize_per_network":false},"product_brand":[],"product_cat":[1611,1605,2418],"product_tag":[],"class_list":{"0":"post-12115","1":"product","2":"type-product","3":"status-publish","4":"has-post-thumbnail","6":"product_cat-gramatas-anglu-valoda","7":"product_cat-gramatas-par-modes-vesturi","8":"product_cat-gramatas","9":"pa_book-author-john-peacock-lv","10":"pa_language-anglu","11":"pa_publisher-thames-and-hudson","13":"first","14":"outofstock","15":"shipping-taxable","16":"purchasable","17":"product-type-simple"},"yoast_head":"<!-- This site is optimized with the Yoast SEO plugin v27.5 - https:\/\/yoast.com\/product\/yoast-seo-wordpress\/ -->\n<title>The Chronicle of Western Costume: From the Ancient World to the Late Twentieth Century - Fashion Museum Riga Online Store<\/title>\n<meta name=\"robots\" content=\"index, follow, max-snippet:-1, max-image-preview:large, max-video-preview:-1\" \/>\n<link rel=\"canonical\" href=\"https:\/\/fashionmuseum.shop\/lv\/prece\/the-chronicle-of-western-costume-from-the-ancient-world-to-the-late-twentieth-century\/\" \/>\n<meta property=\"og:locale\" content=\"lv_LV\" \/>\n<meta property=\"og:type\" content=\"article\" \/>\n<meta property=\"og:title\" content=\"The Chronicle of Western Costume: From the Ancient World to the Late Twentieth Century - Fashion Museum Riga Online Store\" \/>\n<meta property=\"og:description\" content=\"John Peacock  K\u0101p\u0113c m\u0113s izv\u0113l\u0113j\u0101mies \u0161o gr\u0101matu: Lai cik gr\u016bts vai pat neiesp\u0113jams \u0161\u0137istu uzdevums izveidot vizu\u0101lu p\u0101rskatu par svar\u012bg\u0101kaj\u0101m t\u0113rpu att\u012bst\u012bbas iez\u012bm\u0113m teju 4000 gadu laik\u0101 \u2013 no Sen\u0101s \u0112\u0123iptes l\u012bdz 20. gs. beig\u0101m \u2013 \u0161\u012b izdevuma autoram D\u017eonam P\u012bkokam tas izdevies. Autora ilustr\u0101cijas un \u012bsie, prec\u012bzie apraksti \u013cauj g\u016bt priek\u0161statu par siluetiem, kr\u0101s\u0101m, materi\u0101liem un stiliem. P\u0101rskat\u0101mi, prec\u012bzi, informat\u012bvi!\" \/>\n<meta property=\"og:url\" content=\"https:\/\/fashionmuseum.shop\/lv\/prece\/the-chronicle-of-western-costume-from-the-ancient-world-to-the-late-twentieth-century\/\" \/>\n<meta property=\"og:site_name\" content=\"Fashion Museum Riga Online Store\" \/>\n<meta property=\"og:image\" content=\"https:\/\/fashionmuseum.shop\/wp-content\/uploads\/2022\/03\/9780500284476_the-chronicle-of-western-costume.jpg.webp\" \/>\n\t<meta property=\"og:image:width\" content=\"720\" \/>\n\t<meta property=\"og:image:height\" content=\"720\" \/>\n\t<meta property=\"og:image:type\" content=\"image\/webp\" \/>\n<meta name=\"twitter:card\" content=\"summary_large_image\" \/>\n<meta name=\"twitter:label1\" content=\"Est. reading time\" \/>\n\t<meta name=\"twitter:data1\" content=\"1 minute\" \/>\n<script type=\"application\/ld+json\" class=\"yoast-schema-graph\">{\"@context\":\"https:\\\/\\\/schema.org\",\"@graph\":[{\"@type\":\"WebPage\",\"@id\":\"https:\\\/\\\/fashionmuseum.shop\\\/lv\\\/prece\\\/the-chronicle-of-western-costume-from-the-ancient-world-to-the-late-twentieth-century\\\/\",\"url\":\"https:\\\/\\\/fashionmuseum.shop\\\/lv\\\/prece\\\/the-chronicle-of-western-costume-from-the-ancient-world-to-the-late-twentieth-century\\\/\",\"name\":\"The Chronicle of Western Costume: From the Ancient World to the Late Twentieth Century - Fashion Museum Riga Online Store\",\"isPartOf\":{\"@id\":\"https:\\\/\\\/fashionmuseum.shop\\\/lv\\\/#website\"},\"primaryImageOfPage\":{\"@id\":\"https:\\\/\\\/fashionmuseum.shop\\\/lv\\\/prece\\\/the-chronicle-of-western-costume-from-the-ancient-world-to-the-late-twentieth-century\\\/#primaryimage\"},\"image\":{\"@id\":\"https:\\\/\\\/fashionmuseum.shop\\\/lv\\\/prece\\\/the-chronicle-of-western-costume-from-the-ancient-world-to-the-late-twentieth-century\\\/#primaryimage\"},\"thumbnailUrl\":\"https:\\\/\\\/i0.wp.com\\\/fashionmuseum.shop\\\/wp-content\\\/uploads\\\/2022\\\/03\\\/9780500284476_the-chronicle-of-western-costume.jpg.webp?fit=720%2C720&ssl=1\",\"datePublished\":\"2022-05-26T14:34:41+00:00\",\"breadcrumb\":{\"@id\":\"https:\\\/\\\/fashionmuseum.shop\\\/lv\\\/prece\\\/the-chronicle-of-western-costume-from-the-ancient-world-to-the-late-twentieth-century\\\/#breadcrumb\"},\"inLanguage\":\"lv-LV\",\"potentialAction\":[{\"@type\":\"ReadAction\",\"target\":[\"https:\\\/\\\/fashionmuseum.shop\\\/lv\\\/prece\\\/the-chronicle-of-western-costume-from-the-ancient-world-to-the-late-twentieth-century\\\/\"]}]},{\"@type\":\"ImageObject\",\"inLanguage\":\"lv-LV\",\"@id\":\"https:\\\/\\\/fashionmuseum.shop\\\/lv\\\/prece\\\/the-chronicle-of-western-costume-from-the-ancient-world-to-the-late-twentieth-century\\\/#primaryimage\",\"url\":\"https:\\\/\\\/i0.wp.com\\\/fashionmuseum.shop\\\/wp-content\\\/uploads\\\/2022\\\/03\\\/9780500284476_the-chronicle-of-western-costume.jpg.webp?fit=720%2C720&ssl=1\",\"contentUrl\":\"https:\\\/\\\/i0.wp.com\\\/fashionmuseum.shop\\\/wp-content\\\/uploads\\\/2022\\\/03\\\/9780500284476_the-chronicle-of-western-costume.jpg.webp?fit=720%2C720&ssl=1\",\"width\":720,\"height\":720,\"caption\":\"The Chronicle of Western Costume: From the Ancient World to the Late Twentieth Century\"},{\"@type\":\"BreadcrumbList\",\"@id\":\"https:\\\/\\\/fashionmuseum.shop\\\/lv\\\/prece\\\/the-chronicle-of-western-costume-from-the-ancient-world-to-the-late-twentieth-century\\\/#breadcrumb\",\"itemListElement\":[{\"@type\":\"ListItem\",\"position\":1,\"name\":\"Home\",\"item\":\"https:\\\/\\\/fashionmuseum.shop\\\/lv\\\/\"},{\"@type\":\"ListItem\",\"position\":2,\"name\":\"Products\",\"item\":\"https:\\\/\\\/fashionmuseum.shop\\\/lv\\\/shop\\\/\"},{\"@type\":\"ListItem\",\"position\":3,\"name\":\"The Chronicle of Western Costume: From the Ancient World to the Late Twentieth Century\"}]},{\"@type\":\"WebSite\",\"@id\":\"https:\\\/\\\/fashionmuseum.shop\\\/lv\\\/#website\",\"url\":\"https:\\\/\\\/fashionmuseum.shop\\\/lv\\\/\",\"name\":\"Fashion Museum Online Store\",\"description\":\"Fashion Museum Riga Online Store provides a wide selection of books about fashion and fashion history.\",\"publisher\":{\"@id\":\"https:\\\/\\\/fashionmuseum.shop\\\/lv\\\/#organization\"},\"potentialAction\":[{\"@type\":\"SearchAction\",\"target\":{\"@type\":\"EntryPoint\",\"urlTemplate\":\"https:\\\/\\\/fashionmuseum.shop\\\/lv\\\/?s={search_term_string}\"},\"query-input\":{\"@type\":\"PropertyValueSpecification\",\"valueRequired\":true,\"valueName\":\"search_term_string\"}}],\"inLanguage\":\"lv-LV\"},{\"@type\":\"Organization\",\"@id\":\"https:\\\/\\\/fashionmuseum.shop\\\/lv\\\/#organization\",\"name\":\"Modes muzejs\",\"url\":\"https:\\\/\\\/fashionmuseum.shop\\\/lv\\\/\",\"logo\":{\"@type\":\"ImageObject\",\"inLanguage\":\"lv-LV\",\"@id\":\"https:\\\/\\\/fashionmuseum.shop\\\/lv\\\/#\\\/schema\\\/logo\\\/image\\\/\",\"url\":\"https:\\\/\\\/i1.wp.com\\\/fashionmuseum.shop\\\/wp-content\\\/uploads\\\/2020\\\/04\\\/apple-touch-icon.png?fit=180%2C180&ssl=1\",\"contentUrl\":\"https:\\\/\\\/i1.wp.com\\\/fashionmuseum.shop\\\/wp-content\\\/uploads\\\/2020\\\/04\\\/apple-touch-icon.png?fit=180%2C180&ssl=1\",\"width\":180,\"height\":180,\"caption\":\"Modes muzejs\"},\"image\":{\"@id\":\"https:\\\/\\\/fashionmuseum.shop\\\/lv\\\/#\\\/schema\\\/logo\\\/image\\\/\"}}]}<\/script>\n<!-- \/ Yoast SEO plugin. -->","yoast_head_json":{"title":"The Chronicle of Western Costume: From the Ancient World to the Late Twentieth Century - Fashion Museum Riga Online Store","robots":{"index":"index","follow":"follow","max-snippet":"max-snippet:-1","max-image-preview":"max-image-preview:large","max-video-preview":"max-video-preview:-1"},"canonical":"https:\/\/fashionmuseum.shop\/lv\/prece\/the-chronicle-of-western-costume-from-the-ancient-world-to-the-late-twentieth-century\/","og_locale":"lv_LV","og_type":"article","og_title":"The Chronicle of Western Costume: From the Ancient World to the Late Twentieth Century - Fashion Museum Riga Online Store","og_description":"John Peacock  K\u0101p\u0113c m\u0113s izv\u0113l\u0113j\u0101mies \u0161o gr\u0101matu: Lai cik gr\u016bts vai pat neiesp\u0113jams \u0161\u0137istu uzdevums izveidot vizu\u0101lu p\u0101rskatu par svar\u012bg\u0101kaj\u0101m t\u0113rpu att\u012bst\u012bbas iez\u012bm\u0113m teju 4000 gadu laik\u0101 \u2013 no Sen\u0101s \u0112\u0123iptes l\u012bdz 20. gs. beig\u0101m \u2013 \u0161\u012b izdevuma autoram D\u017eonam P\u012bkokam tas izdevies. Autora ilustr\u0101cijas un \u012bsie, prec\u012bzie apraksti \u013cauj g\u016bt priek\u0161statu par siluetiem, kr\u0101s\u0101m, materi\u0101liem un stiliem. P\u0101rskat\u0101mi, prec\u012bzi, informat\u012bvi!","og_url":"https:\/\/fashionmuseum.shop\/lv\/prece\/the-chronicle-of-western-costume-from-the-ancient-world-to-the-late-twentieth-century\/","og_site_name":"Fashion Museum Riga Online Store","og_image":[{"width":720,"height":720,"url":"https:\/\/fashionmuseum.shop\/wp-content\/uploads\/2022\/03\/9780500284476_the-chronicle-of-western-costume.jpg.webp","type":"image\/webp"}],"twitter_card":"summary_large_image","twitter_misc":{"Est. reading time":"1 minute"},"schema":{"@context":"https:\/\/schema.org","@graph":[{"@type":"WebPage","@id":"https:\/\/fashionmuseum.shop\/lv\/prece\/the-chronicle-of-western-costume-from-the-ancient-world-to-the-late-twentieth-century\/","url":"https:\/\/fashionmuseum.shop\/lv\/prece\/the-chronicle-of-western-costume-from-the-ancient-world-to-the-late-twentieth-century\/","name":"The Chronicle of Western Costume: From the Ancient World to the Late Twentieth Century - Fashion Museum Riga Online Store","isPartOf":{"@id":"https:\/\/fashionmuseum.shop\/lv\/#website"},"primaryImageOfPage":{"@id":"https:\/\/fashionmuseum.shop\/lv\/prece\/the-chronicle-of-western-costume-from-the-ancient-world-to-the-late-twentieth-century\/#primaryimage"},"image":{"@id":"https:\/\/fashionmuseum.shop\/lv\/prece\/the-chronicle-of-western-costume-from-the-ancient-world-to-the-late-twentieth-century\/#primaryimage"},"thumbnailUrl":"https:\/\/i0.wp.com\/fashionmuseum.shop\/wp-content\/uploads\/2022\/03\/9780500284476_the-chronicle-of-western-costume.jpg.webp?fit=720%2C720&ssl=1","datePublished":"2022-05-26T14:34:41+00:00","breadcrumb":{"@id":"https:\/\/fashionmuseum.shop\/lv\/prece\/the-chronicle-of-western-costume-from-the-ancient-world-to-the-late-twentieth-century\/#breadcrumb"},"inLanguage":"lv-LV","potentialAction":[{"@type":"ReadAction","target":["https:\/\/fashionmuseum.shop\/lv\/prece\/the-chronicle-of-western-costume-from-the-ancient-world-to-the-late-twentieth-century\/"]}]},{"@type":"ImageObject","inLanguage":"lv-LV","@id":"https:\/\/fashionmuseum.shop\/lv\/prece\/the-chronicle-of-western-costume-from-the-ancient-world-to-the-late-twentieth-century\/#primaryimage","url":"https:\/\/i0.wp.com\/fashionmuseum.shop\/wp-content\/uploads\/2022\/03\/9780500284476_the-chronicle-of-western-costume.jpg.webp?fit=720%2C720&ssl=1","contentUrl":"https:\/\/i0.wp.com\/fashionmuseum.shop\/wp-content\/uploads\/2022\/03\/9780500284476_the-chronicle-of-western-costume.jpg.webp?fit=720%2C720&ssl=1","width":720,"height":720,"caption":"The Chronicle of Western Costume: From the Ancient World to the Late Twentieth Century"},{"@type":"BreadcrumbList","@id":"https:\/\/fashionmuseum.shop\/lv\/prece\/the-chronicle-of-western-costume-from-the-ancient-world-to-the-late-twentieth-century\/#breadcrumb","itemListElement":[{"@type":"ListItem","position":1,"name":"Home","item":"https:\/\/fashionmuseum.shop\/lv\/"},{"@type":"ListItem","position":2,"name":"Products","item":"https:\/\/fashionmuseum.shop\/lv\/shop\/"},{"@type":"ListItem","position":3,"name":"The Chronicle of Western Costume: From the Ancient World to the Late Twentieth Century"}]},{"@type":"WebSite","@id":"https:\/\/fashionmuseum.shop\/lv\/#website","url":"https:\/\/fashionmuseum.shop\/lv\/","name":"Fashion Museum Online Store","description":"Fashion Museum Riga Online Store provides a wide selection of books about fashion and fashion history.","publisher":{"@id":"https:\/\/fashionmuseum.shop\/lv\/#organization"},"potentialAction":[{"@type":"SearchAction","target":{"@type":"EntryPoint","urlTemplate":"https:\/\/fashionmuseum.shop\/lv\/?s={search_term_string}"},"query-input":{"@type":"PropertyValueSpecification","valueRequired":true,"valueName":"search_term_string"}}],"inLanguage":"lv-LV"},{"@type":"Organization","@id":"https:\/\/fashionmuseum.shop\/lv\/#organization","name":"Modes muzejs","url":"https:\/\/fashionmuseum.shop\/lv\/","logo":{"@type":"ImageObject","inLanguage":"lv-LV","@id":"https:\/\/fashionmuseum.shop\/lv\/#\/schema\/logo\/image\/","url":"https:\/\/i1.wp.com\/fashionmuseum.shop\/wp-content\/uploads\/2020\/04\/apple-touch-icon.png?fit=180%2C180&ssl=1","contentUrl":"https:\/\/i1.wp.com\/fashionmuseum.shop\/wp-content\/uploads\/2020\/04\/apple-touch-icon.png?fit=180%2C180&ssl=1","width":180,"height":180,"caption":"Modes muzejs"},"image":{"@id":"https:\/\/fashionmuseum.shop\/lv\/#\/schema\/logo\/image\/"}}]}},"jetpack_publicize_connections":[],"jetpack_likes_enabled":false,"jetpack_sharing_enabled":true,"amp_enabled":true,"_links":{"self":[{"href":"https:\/\/fashionmuseum.shop\/lv\/wp-json\/wp\/v2\/product\/12115","targetHints":{"allow":["GET"]}}],"collection":[{"href":"https:\/\/fashionmuseum.shop\/lv\/wp-json\/wp\/v2\/product"}],"about":[{"href":"https:\/\/fashionmuseum.shop\/lv\/wp-json\/wp\/v2\/types\/product"}],"wp:featuredmedia":[{"embeddable":true,"href":"https:\/\/fashionmuseum.shop\/lv\/wp-json\/wp\/v2\/media\/11920"}],"wp:attachment":[{"href":"https:\/\/fashionmuseum.shop\/lv\/wp-json\/wp\/v2\/media?parent=12115"}],"wp:term":[{"taxonomy":"product_brand","embeddable":true,"href":"https:\/\/fashionmuseum.shop\/lv\/wp-json\/wp\/v2\/product_brand?post=12115"},{"taxonomy":"product_cat","embeddable":true,"href":"https:\/\/fashionmuseum.shop\/lv\/wp-json\/wp\/v2\/product_cat?post=12115"},{"taxonomy":"product_tag","embeddable":true,"href":"https:\/\/fashionmuseum.shop\/lv\/wp-json\/wp\/v2\/product_tag?post=12115"}],"curies":[{"name":"wp","href":"https:\/\/api.w.org\/{rel}","templated":true}]}}