{"id":12320,"date":"2022-07-07T11:48:27","date_gmt":"2022-07-07T08:48:27","guid":{"rendered":"https:\/\/fashionmuseum.shop\/product\/monday-at-the-met\/"},"modified":"2025-05-09T03:20:26","modified_gmt":"2025-05-09T00:20:26","slug":"monday-at-the-met","status":"publish","type":"product","link":"https:\/\/fashionmuseum.shop\/lv\/prece\/monday-at-the-met\/","title":{"rendered":"Monday at the Met"},"content":{"rendered":"","protected":false},"excerpt":{"rendered":"<p style=\"font-weight: 400;\">Izp\u0113tiet, kas notiek aiz aizsl\u0113gt\u0101m durv\u012bm, pirmdiena Met\u0101. \u0160aj\u0101 aspr\u0101t\u012bgaj\u0101 darb\u0101 ir redzami da\u017ei no ikonisk\u0101kajiem portretiem. Tie no audekla nok\u013c\u016bst pils\u0113tas ainav\u0101, sarun\u0101joties un v\u0113rojot savus slavenos draugus.<\/p>\n<p style=\"font-weight: 400;\">\u201cThe New Yorker\u201d v\u0101ka autors &#8211; Edvards Sorels, s\u0101kotn\u0113ji public\u0113ts 2001. gada 21. maij\u0101.<br \/>\n1000 gabali\u0146u puzle<br \/>\nPabeigtas puzles izm\u0113rs: 48,9\u00d767,6 cm \/ 19,25\u2033x26,625\u2033<br \/>\nLina stila apdare, atsp\u012bdumu samazin\u0101\u0161anai.<br \/>\nRa\u017eots ASV<br \/>\nIeteicamais vecums: 13+ gadi<\/p>\n","protected":false},"featured_media":12157,"template":"","meta":{"_coblocks_attr":"","_coblocks_dimensions":"","_coblocks_responsive_height":"","_coblocks_accordion_ie_support":"","_crdt_document":"","jetpack_publicize_message":"","jetpack_publicize_feature_enabled":true,"jetpack_social_post_already_shared":true,"jetpack_social_options":{"image_generator_settings":{"template":"highway","default_image_id":0,"font":"","enabled":false},"version":2},"_wpas_customize_per_network":false},"product_brand":[],"product_cat":[3211],"product_tag":[],"class_list":{"0":"post-12320","1":"product","2":"type-product","3":"status-publish","4":"has-post-thumbnail","6":"product_cat-puzles","8":"first","9":"instock","10":"shipping-taxable","11":"purchasable","12":"product-type-simple"},"yoast_head":"<!-- This site is optimized with the Yoast SEO plugin v27.5 - https:\/\/yoast.com\/product\/yoast-seo-wordpress\/ -->\n<title>Monday at the Met - Fashion Museum Riga Online Store<\/title>\n<meta name=\"robots\" content=\"index, follow, max-snippet:-1, max-image-preview:large, max-video-preview:-1\" \/>\n<link rel=\"canonical\" href=\"https:\/\/fashionmuseum.shop\/lv\/prece\/monday-at-the-met\/\" \/>\n<meta property=\"og:locale\" content=\"lv_LV\" \/>\n<meta property=\"og:type\" content=\"article\" \/>\n<meta property=\"og:title\" content=\"Monday at the Met - Fashion Museum Riga Online Store\" \/>\n<meta property=\"og:description\" content=\"Izp\u0113tiet, kas notiek aiz aizsl\u0113gt\u0101m durv\u012bm, pirmdiena Met\u0101. \u0160aj\u0101 aspr\u0101t\u012bgaj\u0101 darb\u0101 ir redzami da\u017ei no ikonisk\u0101kajiem portretiem. Tie no audekla nok\u013c\u016bst pils\u0113tas ainav\u0101, sarun\u0101joties un v\u0113rojot savus slavenos draugus. \u201cThe New Yorker\u201d v\u0101ka autors - Edvards Sorels, s\u0101kotn\u0113ji public\u0113ts 2001. gada 21. maij\u0101. 1000 gabali\u0146u puzle Pabeigtas puzles izm\u0113rs: 48,9\u00d767,6 cm \/ 19,25\u2033x26,625\u2033 Lina stila apdare, atsp\u012bdumu samazin\u0101\u0161anai. Ra\u017eots ASV Ieteicamais vecums: 13+ gadi\" \/>\n<meta property=\"og:url\" content=\"https:\/\/fashionmuseum.shop\/lv\/prece\/monday-at-the-met\/\" \/>\n<meta property=\"og:site_name\" content=\"Fashion Museum Riga Online Store\" \/>\n<meta property=\"article:modified_time\" content=\"2025-05-09T00:20:26+00:00\" \/>\n<meta property=\"og:image\" content=\"https:\/\/fashionmuseum.shop\/wp-content\/uploads\/2022\/07\/monday-at-the-met-main.webp\" \/>\n\t<meta property=\"og:image:width\" content=\"849\" \/>\n\t<meta property=\"og:image:height\" content=\"1024\" \/>\n\t<meta property=\"og:image:type\" content=\"image\/webp\" \/>\n<meta name=\"twitter:card\" content=\"summary_large_image\" \/>\n<script type=\"application\/ld+json\" class=\"yoast-schema-graph\">{\"@context\":\"https:\\\/\\\/schema.org\",\"@graph\":[{\"@type\":\"WebPage\",\"@id\":\"https:\\\/\\\/fashionmuseum.shop\\\/lv\\\/prece\\\/monday-at-the-met\\\/\",\"url\":\"https:\\\/\\\/fashionmuseum.shop\\\/lv\\\/prece\\\/monday-at-the-met\\\/\",\"name\":\"Monday at the Met - Fashion Museum Riga Online Store\",\"isPartOf\":{\"@id\":\"https:\\\/\\\/fashionmuseum.shop\\\/lv\\\/#website\"},\"primaryImageOfPage\":{\"@id\":\"https:\\\/\\\/fashionmuseum.shop\\\/lv\\\/prece\\\/monday-at-the-met\\\/#primaryimage\"},\"image\":{\"@id\":\"https:\\\/\\\/fashionmuseum.shop\\\/lv\\\/prece\\\/monday-at-the-met\\\/#primaryimage\"},\"thumbnailUrl\":\"https:\\\/\\\/i0.wp.com\\\/fashionmuseum.shop\\\/wp-content\\\/uploads\\\/2022\\\/07\\\/monday-at-the-met-main.webp?fit=849%2C1024&ssl=1\",\"datePublished\":\"2022-07-07T08:48:27+00:00\",\"dateModified\":\"2025-05-09T00:20:26+00:00\",\"breadcrumb\":{\"@id\":\"https:\\\/\\\/fashionmuseum.shop\\\/lv\\\/prece\\\/monday-at-the-met\\\/#breadcrumb\"},\"inLanguage\":\"lv-LV\",\"potentialAction\":[{\"@type\":\"ReadAction\",\"target\":[\"https:\\\/\\\/fashionmuseum.shop\\\/lv\\\/prece\\\/monday-at-the-met\\\/\"]}]},{\"@type\":\"ImageObject\",\"inLanguage\":\"lv-LV\",\"@id\":\"https:\\\/\\\/fashionmuseum.shop\\\/lv\\\/prece\\\/monday-at-the-met\\\/#primaryimage\",\"url\":\"https:\\\/\\\/i0.wp.com\\\/fashionmuseum.shop\\\/wp-content\\\/uploads\\\/2022\\\/07\\\/monday-at-the-met-main.webp?fit=849%2C1024&ssl=1\",\"contentUrl\":\"https:\\\/\\\/i0.wp.com\\\/fashionmuseum.shop\\\/wp-content\\\/uploads\\\/2022\\\/07\\\/monday-at-the-met-main.webp?fit=849%2C1024&ssl=1\",\"width\":849,\"height\":1024,\"caption\":\"New Yorker Monday at the Met\"},{\"@type\":\"BreadcrumbList\",\"@id\":\"https:\\\/\\\/fashionmuseum.shop\\\/lv\\\/prece\\\/monday-at-the-met\\\/#breadcrumb\",\"itemListElement\":[{\"@type\":\"ListItem\",\"position\":1,\"name\":\"Home\",\"item\":\"https:\\\/\\\/fashionmuseum.shop\\\/lv\\\/\"},{\"@type\":\"ListItem\",\"position\":2,\"name\":\"Products\",\"item\":\"https:\\\/\\\/fashionmuseum.shop\\\/lv\\\/shop\\\/\"},{\"@type\":\"ListItem\",\"position\":3,\"name\":\"Monday at the Met\"}]},{\"@type\":\"WebSite\",\"@id\":\"https:\\\/\\\/fashionmuseum.shop\\\/lv\\\/#website\",\"url\":\"https:\\\/\\\/fashionmuseum.shop\\\/lv\\\/\",\"name\":\"Fashion Museum Online Store\",\"description\":\"Fashion Museum Riga Online Store provides a wide selection of books about fashion and fashion history.\",\"publisher\":{\"@id\":\"https:\\\/\\\/fashionmuseum.shop\\\/lv\\\/#organization\"},\"potentialAction\":[{\"@type\":\"SearchAction\",\"target\":{\"@type\":\"EntryPoint\",\"urlTemplate\":\"https:\\\/\\\/fashionmuseum.shop\\\/lv\\\/?s={search_term_string}\"},\"query-input\":{\"@type\":\"PropertyValueSpecification\",\"valueRequired\":true,\"valueName\":\"search_term_string\"}}],\"inLanguage\":\"lv-LV\"},{\"@type\":\"Organization\",\"@id\":\"https:\\\/\\\/fashionmuseum.shop\\\/lv\\\/#organization\",\"name\":\"Modes muzejs\",\"url\":\"https:\\\/\\\/fashionmuseum.shop\\\/lv\\\/\",\"logo\":{\"@type\":\"ImageObject\",\"inLanguage\":\"lv-LV\",\"@id\":\"https:\\\/\\\/fashionmuseum.shop\\\/lv\\\/#\\\/schema\\\/logo\\\/image\\\/\",\"url\":\"https:\\\/\\\/i1.wp.com\\\/fashionmuseum.shop\\\/wp-content\\\/uploads\\\/2020\\\/04\\\/apple-touch-icon.png?fit=180%2C180&ssl=1\",\"contentUrl\":\"https:\\\/\\\/i1.wp.com\\\/fashionmuseum.shop\\\/wp-content\\\/uploads\\\/2020\\\/04\\\/apple-touch-icon.png?fit=180%2C180&ssl=1\",\"width\":180,\"height\":180,\"caption\":\"Modes muzejs\"},\"image\":{\"@id\":\"https:\\\/\\\/fashionmuseum.shop\\\/lv\\\/#\\\/schema\\\/logo\\\/image\\\/\"}}]}<\/script>\n<!-- \/ Yoast SEO plugin. -->","yoast_head_json":{"title":"Monday at the Met - Fashion Museum Riga Online Store","robots":{"index":"index","follow":"follow","max-snippet":"max-snippet:-1","max-image-preview":"max-image-preview:large","max-video-preview":"max-video-preview:-1"},"canonical":"https:\/\/fashionmuseum.shop\/lv\/prece\/monday-at-the-met\/","og_locale":"lv_LV","og_type":"article","og_title":"Monday at the Met - Fashion Museum Riga Online Store","og_description":"Izp\u0113tiet, kas notiek aiz aizsl\u0113gt\u0101m durv\u012bm, pirmdiena Met\u0101. \u0160aj\u0101 aspr\u0101t\u012bgaj\u0101 darb\u0101 ir redzami da\u017ei no ikonisk\u0101kajiem portretiem. Tie no audekla nok\u013c\u016bst pils\u0113tas ainav\u0101, sarun\u0101joties un v\u0113rojot savus slavenos draugus. \u201cThe New Yorker\u201d v\u0101ka autors - Edvards Sorels, s\u0101kotn\u0113ji public\u0113ts 2001. gada 21. maij\u0101. 1000 gabali\u0146u puzle Pabeigtas puzles izm\u0113rs: 48,9\u00d767,6 cm \/ 19,25\u2033x26,625\u2033 Lina stila apdare, atsp\u012bdumu samazin\u0101\u0161anai. Ra\u017eots ASV Ieteicamais vecums: 13+ gadi","og_url":"https:\/\/fashionmuseum.shop\/lv\/prece\/monday-at-the-met\/","og_site_name":"Fashion Museum Riga Online Store","article_modified_time":"2025-05-09T00:20:26+00:00","og_image":[{"width":849,"height":1024,"url":"https:\/\/fashionmuseum.shop\/wp-content\/uploads\/2022\/07\/monday-at-the-met-main.webp","type":"image\/webp"}],"twitter_card":"summary_large_image","schema":{"@context":"https:\/\/schema.org","@graph":[{"@type":"WebPage","@id":"https:\/\/fashionmuseum.shop\/lv\/prece\/monday-at-the-met\/","url":"https:\/\/fashionmuseum.shop\/lv\/prece\/monday-at-the-met\/","name":"Monday at the Met - Fashion Museum Riga Online Store","isPartOf":{"@id":"https:\/\/fashionmuseum.shop\/lv\/#website"},"primaryImageOfPage":{"@id":"https:\/\/fashionmuseum.shop\/lv\/prece\/monday-at-the-met\/#primaryimage"},"image":{"@id":"https:\/\/fashionmuseum.shop\/lv\/prece\/monday-at-the-met\/#primaryimage"},"thumbnailUrl":"https:\/\/i0.wp.com\/fashionmuseum.shop\/wp-content\/uploads\/2022\/07\/monday-at-the-met-main.webp?fit=849%2C1024&ssl=1","datePublished":"2022-07-07T08:48:27+00:00","dateModified":"2025-05-09T00:20:26+00:00","breadcrumb":{"@id":"https:\/\/fashionmuseum.shop\/lv\/prece\/monday-at-the-met\/#breadcrumb"},"inLanguage":"lv-LV","potentialAction":[{"@type":"ReadAction","target":["https:\/\/fashionmuseum.shop\/lv\/prece\/monday-at-the-met\/"]}]},{"@type":"ImageObject","inLanguage":"lv-LV","@id":"https:\/\/fashionmuseum.shop\/lv\/prece\/monday-at-the-met\/#primaryimage","url":"https:\/\/i0.wp.com\/fashionmuseum.shop\/wp-content\/uploads\/2022\/07\/monday-at-the-met-main.webp?fit=849%2C1024&ssl=1","contentUrl":"https:\/\/i0.wp.com\/fashionmuseum.shop\/wp-content\/uploads\/2022\/07\/monday-at-the-met-main.webp?fit=849%2C1024&ssl=1","width":849,"height":1024,"caption":"New Yorker Monday at the Met"},{"@type":"BreadcrumbList","@id":"https:\/\/fashionmuseum.shop\/lv\/prece\/monday-at-the-met\/#breadcrumb","itemListElement":[{"@type":"ListItem","position":1,"name":"Home","item":"https:\/\/fashionmuseum.shop\/lv\/"},{"@type":"ListItem","position":2,"name":"Products","item":"https:\/\/fashionmuseum.shop\/lv\/shop\/"},{"@type":"ListItem","position":3,"name":"Monday at the Met"}]},{"@type":"WebSite","@id":"https:\/\/fashionmuseum.shop\/lv\/#website","url":"https:\/\/fashionmuseum.shop\/lv\/","name":"Fashion Museum Online Store","description":"Fashion Museum Riga Online Store provides a wide selection of books about fashion and fashion history.","publisher":{"@id":"https:\/\/fashionmuseum.shop\/lv\/#organization"},"potentialAction":[{"@type":"SearchAction","target":{"@type":"EntryPoint","urlTemplate":"https:\/\/fashionmuseum.shop\/lv\/?s={search_term_string}"},"query-input":{"@type":"PropertyValueSpecification","valueRequired":true,"valueName":"search_term_string"}}],"inLanguage":"lv-LV"},{"@type":"Organization","@id":"https:\/\/fashionmuseum.shop\/lv\/#organization","name":"Modes muzejs","url":"https:\/\/fashionmuseum.shop\/lv\/","logo":{"@type":"ImageObject","inLanguage":"lv-LV","@id":"https:\/\/fashionmuseum.shop\/lv\/#\/schema\/logo\/image\/","url":"https:\/\/i1.wp.com\/fashionmuseum.shop\/wp-content\/uploads\/2020\/04\/apple-touch-icon.png?fit=180%2C180&ssl=1","contentUrl":"https:\/\/i1.wp.com\/fashionmuseum.shop\/wp-content\/uploads\/2020\/04\/apple-touch-icon.png?fit=180%2C180&ssl=1","width":180,"height":180,"caption":"Modes muzejs"},"image":{"@id":"https:\/\/fashionmuseum.shop\/lv\/#\/schema\/logo\/image\/"}}]}},"jetpack_publicize_connections":[],"jetpack_likes_enabled":false,"jetpack_sharing_enabled":true,"amp_enabled":true,"_links":{"self":[{"href":"https:\/\/fashionmuseum.shop\/lv\/wp-json\/wp\/v2\/product\/12320","targetHints":{"allow":["GET"]}}],"collection":[{"href":"https:\/\/fashionmuseum.shop\/lv\/wp-json\/wp\/v2\/product"}],"about":[{"href":"https:\/\/fashionmuseum.shop\/lv\/wp-json\/wp\/v2\/types\/product"}],"wp:featuredmedia":[{"embeddable":true,"href":"https:\/\/fashionmuseum.shop\/lv\/wp-json\/wp\/v2\/media\/12157"}],"wp:attachment":[{"href":"https:\/\/fashionmuseum.shop\/lv\/wp-json\/wp\/v2\/media?parent=12320"}],"wp:term":[{"taxonomy":"product_brand","embeddable":true,"href":"https:\/\/fashionmuseum.shop\/lv\/wp-json\/wp\/v2\/product_brand?post=12320"},{"taxonomy":"product_cat","embeddable":true,"href":"https:\/\/fashionmuseum.shop\/lv\/wp-json\/wp\/v2\/product_cat?post=12320"},{"taxonomy":"product_tag","embeddable":true,"href":"https:\/\/fashionmuseum.shop\/lv\/wp-json\/wp\/v2\/product_tag?post=12320"}],"curies":[{"name":"wp","href":"https:\/\/api.w.org\/{rel}","templated":true}]}}