{"id":12323,"date":"2022-07-07T11:48:28","date_gmt":"2022-07-07T08:48:28","guid":{"rendered":"https:\/\/fashionmuseum.shop\/product\/spot-on-fashion\/"},"modified":"2022-07-07T11:48:28","modified_gmt":"2022-07-07T08:48:28","slug":"spot-on-fashion","status":"publish","type":"product","link":"https:\/\/fashionmuseum.shop\/lv\/prece\/spot-on-fashion\/","title":{"rendered":"Spot on Fashion"},"content":{"rendered":"","protected":false},"excerpt":{"rendered":"<p style=\"font-weight: 400;\">&#8220;Nosl\u0113pumaina sievi\u0161\u0137\u012bba valdzina Karlu \u0112riksonu,&#8221; savulaik rakst\u012bja \u201cVogue\u201d. Tas ar\u012b lieliski raksturo vi\u0146a 1939. gada 15. novembra \u017eurn\u0101la D\u00e9butantes\/New York Season v\u0101ka numuru. Paz\u012bstams vienk\u0101r\u0161i k\u0101 \u0112riksons, m\u0101kslinieks &#8211; dendijs, kuru viesm\u012b\u013ci un meitenes\u00a0 d\u0113v\u0113ja par &#8220;Monsieur le baron&#8221;, &#8211; zin\u0101ja daudz ko par \u0161armu, ko vi\u0146\u0161 pie\u0161\u0137\u012bra \u0161ai dai\u013cavai. &#8220;L\u012bdz pat ac\u012bm leopards,&#8221; bija rakst\u012bts uz pievienot\u0101s kopijas. Vakara m\u0113telis uz v\u0101ka simboliz\u0113 saj\u016bsmu, ko tas rada nakt\u012b. Izst\u0101des t\u0113lu rot\u0101ja Ren\u0113 Boivin rokasspr\u0101dze, viena dimantu orhideja ar saf\u012bra sirdi.<\/p>\n<p style=\"font-weight: 400;\">\u201cVogue\u201d v\u0101ka autors &#8211; m\u0101kslinieks Karls Oskars Augusts \u0112riksons, s\u0101kotn\u0113ji public\u0113ts 1939. gada novembr\u012b.<br \/>\n500 gabali\u0146u puzle<br \/>\nPabeigtas puzles izm\u0113rs: 45,7\u00d761 cm \/18\u2033x24\u2033<br \/>\nLina stila apdare, atsp\u012bdumu samazin\u0101\u0161anai.<br \/>\nRa\u017eots ASV<br \/>\nIeteicamais vecums: 10+ gadi<\/p>\n","protected":false},"featured_media":12247,"template":"","meta":{"_coblocks_attr":"","_coblocks_dimensions":"","_coblocks_responsive_height":"","_coblocks_accordion_ie_support":"","_crdt_document":"","jetpack_post_was_ever_published":false,"jetpack_publicize_message":"","jetpack_publicize_feature_enabled":true,"jetpack_social_post_already_shared":true,"jetpack_social_options":{"image_generator_settings":{"template":"highway","default_image_id":0,"font":"","enabled":false},"version":2},"_wpas_customize_per_network":false},"product_brand":[],"product_cat":[3210],"product_tag":[],"class_list":{"0":"post-12323","1":"product","2":"type-product","3":"status-publish","4":"has-post-thumbnail","6":"product_cat-puzzles","8":"first","9":"outofstock","10":"shipping-taxable","11":"purchasable","12":"product-type-simple"},"yoast_head":"<!-- This site is optimized with the Yoast SEO plugin v27.3 - https:\/\/yoast.com\/product\/yoast-seo-wordpress\/ -->\n<title>Spot on Fashion - Fashion Museum Riga Online Store<\/title>\n<meta name=\"robots\" content=\"index, follow, max-snippet:-1, max-image-preview:large, max-video-preview:-1\" \/>\n<link rel=\"canonical\" href=\"https:\/\/fashionmuseum.shop\/lv\/prece\/spot-on-fashion\/\" \/>\n<meta property=\"og:locale\" content=\"lv_LV\" \/>\n<meta property=\"og:type\" content=\"article\" \/>\n<meta property=\"og:title\" content=\"Spot on Fashion - Fashion Museum Riga Online Store\" \/>\n<meta property=\"og:description\" content=\"&quot;Nosl\u0113pumaina sievi\u0161\u0137\u012bba valdzina Karlu \u0112riksonu,&quot; savulaik rakst\u012bja \u201cVogue\u201d. Tas ar\u012b lieliski raksturo vi\u0146a 1939. gada 15. novembra \u017eurn\u0101la D\u00e9butantes\/New York Season v\u0101ka numuru. Paz\u012bstams vienk\u0101r\u0161i k\u0101 \u0112riksons, m\u0101kslinieks - dendijs, kuru viesm\u012b\u013ci un meitenes\u00a0 d\u0113v\u0113ja par &quot;Monsieur le baron&quot;, - zin\u0101ja daudz ko par \u0161armu, ko vi\u0146\u0161 pie\u0161\u0137\u012bra \u0161ai dai\u013cavai. &quot;L\u012bdz pat ac\u012bm leopards,&quot; bija rakst\u012bts uz pievienot\u0101s kopijas. Vakara m\u0113telis uz v\u0101ka simboliz\u0113 saj\u016bsmu, ko tas rada nakt\u012b. Izst\u0101des t\u0113lu rot\u0101ja Ren\u0113 Boivin rokasspr\u0101dze, viena dimantu orhideja ar saf\u012bra sirdi. \u201cVogue\u201d v\u0101ka autors - m\u0101kslinieks Karls Oskars Augusts \u0112riksons, s\u0101kotn\u0113ji public\u0113ts 1939. gada novembr\u012b. 500 gabali\u0146u puzle Pabeigtas puzles izm\u0113rs: 45,7\u00d761 cm \/18\u2033x24\u2033 Lina stila apdare, atsp\u012bdumu samazin\u0101\u0161anai. Ra\u017eots ASV Ieteicamais vecums: 10+ gadi\" \/>\n<meta property=\"og:url\" content=\"https:\/\/fashionmuseum.shop\/lv\/prece\/spot-on-fashion\/\" \/>\n<meta property=\"og:site_name\" content=\"Fashion Museum Riga Online Store\" \/>\n<meta property=\"og:image\" content=\"https:\/\/fashionmuseum.shop\/wp-content\/uploads\/2022\/07\/Spot-on-Fashion-main.webp\" \/>\n\t<meta property=\"og:image:width\" content=\"849\" \/>\n\t<meta property=\"og:image:height\" content=\"1024\" \/>\n\t<meta property=\"og:image:type\" content=\"image\/webp\" \/>\n<meta name=\"twitter:card\" content=\"summary_large_image\" \/>\n<script type=\"application\/ld+json\" class=\"yoast-schema-graph\">{\"@context\":\"https:\\\/\\\/schema.org\",\"@graph\":[{\"@type\":\"WebPage\",\"@id\":\"https:\\\/\\\/fashionmuseum.shop\\\/lv\\\/prece\\\/spot-on-fashion\\\/\",\"url\":\"https:\\\/\\\/fashionmuseum.shop\\\/lv\\\/prece\\\/spot-on-fashion\\\/\",\"name\":\"Spot on Fashion - Fashion Museum Riga Online Store\",\"isPartOf\":{\"@id\":\"https:\\\/\\\/fashionmuseum.shop\\\/lv\\\/#website\"},\"primaryImageOfPage\":{\"@id\":\"https:\\\/\\\/fashionmuseum.shop\\\/lv\\\/prece\\\/spot-on-fashion\\\/#primaryimage\"},\"image\":{\"@id\":\"https:\\\/\\\/fashionmuseum.shop\\\/lv\\\/prece\\\/spot-on-fashion\\\/#primaryimage\"},\"thumbnailUrl\":\"https:\\\/\\\/i0.wp.com\\\/fashionmuseum.shop\\\/wp-content\\\/uploads\\\/2022\\\/07\\\/Spot-on-Fashion-main.webp?fit=849%2C1024&ssl=1\",\"datePublished\":\"2022-07-07T08:48:28+00:00\",\"breadcrumb\":{\"@id\":\"https:\\\/\\\/fashionmuseum.shop\\\/lv\\\/prece\\\/spot-on-fashion\\\/#breadcrumb\"},\"inLanguage\":\"lv-LV\",\"potentialAction\":[{\"@type\":\"ReadAction\",\"target\":[\"https:\\\/\\\/fashionmuseum.shop\\\/lv\\\/prece\\\/spot-on-fashion\\\/\"]}]},{\"@type\":\"ImageObject\",\"inLanguage\":\"lv-LV\",\"@id\":\"https:\\\/\\\/fashionmuseum.shop\\\/lv\\\/prece\\\/spot-on-fashion\\\/#primaryimage\",\"url\":\"https:\\\/\\\/i0.wp.com\\\/fashionmuseum.shop\\\/wp-content\\\/uploads\\\/2022\\\/07\\\/Spot-on-Fashion-main.webp?fit=849%2C1024&ssl=1\",\"contentUrl\":\"https:\\\/\\\/i0.wp.com\\\/fashionmuseum.shop\\\/wp-content\\\/uploads\\\/2022\\\/07\\\/Spot-on-Fashion-main.webp?fit=849%2C1024&ssl=1\",\"width\":849,\"height\":1024,\"caption\":\"Vogue Spot on Fashion\"},{\"@type\":\"BreadcrumbList\",\"@id\":\"https:\\\/\\\/fashionmuseum.shop\\\/lv\\\/prece\\\/spot-on-fashion\\\/#breadcrumb\",\"itemListElement\":[{\"@type\":\"ListItem\",\"position\":1,\"name\":\"Home\",\"item\":\"https:\\\/\\\/fashionmuseum.shop\\\/lv\\\/\"},{\"@type\":\"ListItem\",\"position\":2,\"name\":\"Products\",\"item\":\"https:\\\/\\\/fashionmuseum.shop\\\/lv\\\/shop\\\/\"},{\"@type\":\"ListItem\",\"position\":3,\"name\":\"Spot on Fashion\"}]},{\"@type\":\"WebSite\",\"@id\":\"https:\\\/\\\/fashionmuseum.shop\\\/lv\\\/#website\",\"url\":\"https:\\\/\\\/fashionmuseum.shop\\\/lv\\\/\",\"name\":\"Fashion Museum Online Store\",\"description\":\"Fashion Museum Riga Online Store provides a wide selection of books about fashion and fashion history.\",\"publisher\":{\"@id\":\"https:\\\/\\\/fashionmuseum.shop\\\/lv\\\/#organization\"},\"potentialAction\":[{\"@type\":\"SearchAction\",\"target\":{\"@type\":\"EntryPoint\",\"urlTemplate\":\"https:\\\/\\\/fashionmuseum.shop\\\/lv\\\/?s={search_term_string}\"},\"query-input\":{\"@type\":\"PropertyValueSpecification\",\"valueRequired\":true,\"valueName\":\"search_term_string\"}}],\"inLanguage\":\"lv-LV\"},{\"@type\":\"Organization\",\"@id\":\"https:\\\/\\\/fashionmuseum.shop\\\/lv\\\/#organization\",\"name\":\"Modes muzejs\",\"url\":\"https:\\\/\\\/fashionmuseum.shop\\\/lv\\\/\",\"logo\":{\"@type\":\"ImageObject\",\"inLanguage\":\"lv-LV\",\"@id\":\"https:\\\/\\\/fashionmuseum.shop\\\/lv\\\/#\\\/schema\\\/logo\\\/image\\\/\",\"url\":\"https:\\\/\\\/i1.wp.com\\\/fashionmuseum.shop\\\/wp-content\\\/uploads\\\/2020\\\/04\\\/apple-touch-icon.png?fit=180%2C180&ssl=1\",\"contentUrl\":\"https:\\\/\\\/i1.wp.com\\\/fashionmuseum.shop\\\/wp-content\\\/uploads\\\/2020\\\/04\\\/apple-touch-icon.png?fit=180%2C180&ssl=1\",\"width\":180,\"height\":180,\"caption\":\"Modes muzejs\"},\"image\":{\"@id\":\"https:\\\/\\\/fashionmuseum.shop\\\/lv\\\/#\\\/schema\\\/logo\\\/image\\\/\"}}]}<\/script>\n<!-- \/ Yoast SEO plugin. -->","yoast_head_json":{"title":"Spot on Fashion - Fashion Museum Riga Online Store","robots":{"index":"index","follow":"follow","max-snippet":"max-snippet:-1","max-image-preview":"max-image-preview:large","max-video-preview":"max-video-preview:-1"},"canonical":"https:\/\/fashionmuseum.shop\/lv\/prece\/spot-on-fashion\/","og_locale":"lv_LV","og_type":"article","og_title":"Spot on Fashion - Fashion Museum Riga Online Store","og_description":"\"Nosl\u0113pumaina sievi\u0161\u0137\u012bba valdzina Karlu \u0112riksonu,\" savulaik rakst\u012bja \u201cVogue\u201d. Tas ar\u012b lieliski raksturo vi\u0146a 1939. gada 15. novembra \u017eurn\u0101la D\u00e9butantes\/New York Season v\u0101ka numuru. Paz\u012bstams vienk\u0101r\u0161i k\u0101 \u0112riksons, m\u0101kslinieks - dendijs, kuru viesm\u012b\u013ci un meitenes\u00a0 d\u0113v\u0113ja par \"Monsieur le baron\", - zin\u0101ja daudz ko par \u0161armu, ko vi\u0146\u0161 pie\u0161\u0137\u012bra \u0161ai dai\u013cavai. \"L\u012bdz pat ac\u012bm leopards,\" bija rakst\u012bts uz pievienot\u0101s kopijas. Vakara m\u0113telis uz v\u0101ka simboliz\u0113 saj\u016bsmu, ko tas rada nakt\u012b. Izst\u0101des t\u0113lu rot\u0101ja Ren\u0113 Boivin rokasspr\u0101dze, viena dimantu orhideja ar saf\u012bra sirdi. \u201cVogue\u201d v\u0101ka autors - m\u0101kslinieks Karls Oskars Augusts \u0112riksons, s\u0101kotn\u0113ji public\u0113ts 1939. gada novembr\u012b. 500 gabali\u0146u puzle Pabeigtas puzles izm\u0113rs: 45,7\u00d761 cm \/18\u2033x24\u2033 Lina stila apdare, atsp\u012bdumu samazin\u0101\u0161anai. Ra\u017eots ASV Ieteicamais vecums: 10+ gadi","og_url":"https:\/\/fashionmuseum.shop\/lv\/prece\/spot-on-fashion\/","og_site_name":"Fashion Museum Riga Online Store","og_image":[{"width":849,"height":1024,"url":"https:\/\/fashionmuseum.shop\/wp-content\/uploads\/2022\/07\/Spot-on-Fashion-main.webp","type":"image\/webp"}],"twitter_card":"summary_large_image","schema":{"@context":"https:\/\/schema.org","@graph":[{"@type":"WebPage","@id":"https:\/\/fashionmuseum.shop\/lv\/prece\/spot-on-fashion\/","url":"https:\/\/fashionmuseum.shop\/lv\/prece\/spot-on-fashion\/","name":"Spot on Fashion - Fashion Museum Riga Online Store","isPartOf":{"@id":"https:\/\/fashionmuseum.shop\/lv\/#website"},"primaryImageOfPage":{"@id":"https:\/\/fashionmuseum.shop\/lv\/prece\/spot-on-fashion\/#primaryimage"},"image":{"@id":"https:\/\/fashionmuseum.shop\/lv\/prece\/spot-on-fashion\/#primaryimage"},"thumbnailUrl":"https:\/\/i0.wp.com\/fashionmuseum.shop\/wp-content\/uploads\/2022\/07\/Spot-on-Fashion-main.webp?fit=849%2C1024&ssl=1","datePublished":"2022-07-07T08:48:28+00:00","breadcrumb":{"@id":"https:\/\/fashionmuseum.shop\/lv\/prece\/spot-on-fashion\/#breadcrumb"},"inLanguage":"lv-LV","potentialAction":[{"@type":"ReadAction","target":["https:\/\/fashionmuseum.shop\/lv\/prece\/spot-on-fashion\/"]}]},{"@type":"ImageObject","inLanguage":"lv-LV","@id":"https:\/\/fashionmuseum.shop\/lv\/prece\/spot-on-fashion\/#primaryimage","url":"https:\/\/i0.wp.com\/fashionmuseum.shop\/wp-content\/uploads\/2022\/07\/Spot-on-Fashion-main.webp?fit=849%2C1024&ssl=1","contentUrl":"https:\/\/i0.wp.com\/fashionmuseum.shop\/wp-content\/uploads\/2022\/07\/Spot-on-Fashion-main.webp?fit=849%2C1024&ssl=1","width":849,"height":1024,"caption":"Vogue Spot on Fashion"},{"@type":"BreadcrumbList","@id":"https:\/\/fashionmuseum.shop\/lv\/prece\/spot-on-fashion\/#breadcrumb","itemListElement":[{"@type":"ListItem","position":1,"name":"Home","item":"https:\/\/fashionmuseum.shop\/lv\/"},{"@type":"ListItem","position":2,"name":"Products","item":"https:\/\/fashionmuseum.shop\/lv\/shop\/"},{"@type":"ListItem","position":3,"name":"Spot on Fashion"}]},{"@type":"WebSite","@id":"https:\/\/fashionmuseum.shop\/lv\/#website","url":"https:\/\/fashionmuseum.shop\/lv\/","name":"Fashion Museum Online Store","description":"Fashion Museum Riga Online Store provides a wide selection of books about fashion and fashion history.","publisher":{"@id":"https:\/\/fashionmuseum.shop\/lv\/#organization"},"potentialAction":[{"@type":"SearchAction","target":{"@type":"EntryPoint","urlTemplate":"https:\/\/fashionmuseum.shop\/lv\/?s={search_term_string}"},"query-input":{"@type":"PropertyValueSpecification","valueRequired":true,"valueName":"search_term_string"}}],"inLanguage":"lv-LV"},{"@type":"Organization","@id":"https:\/\/fashionmuseum.shop\/lv\/#organization","name":"Modes muzejs","url":"https:\/\/fashionmuseum.shop\/lv\/","logo":{"@type":"ImageObject","inLanguage":"lv-LV","@id":"https:\/\/fashionmuseum.shop\/lv\/#\/schema\/logo\/image\/","url":"https:\/\/i1.wp.com\/fashionmuseum.shop\/wp-content\/uploads\/2020\/04\/apple-touch-icon.png?fit=180%2C180&ssl=1","contentUrl":"https:\/\/i1.wp.com\/fashionmuseum.shop\/wp-content\/uploads\/2020\/04\/apple-touch-icon.png?fit=180%2C180&ssl=1","width":180,"height":180,"caption":"Modes muzejs"},"image":{"@id":"https:\/\/fashionmuseum.shop\/lv\/#\/schema\/logo\/image\/"}}]}},"jetpack_publicize_connections":[],"jetpack_likes_enabled":false,"jetpack_sharing_enabled":true,"amp_enabled":true,"_links":{"self":[{"href":"https:\/\/fashionmuseum.shop\/lv\/wp-json\/wp\/v2\/product\/12323","targetHints":{"allow":["GET"]}}],"collection":[{"href":"https:\/\/fashionmuseum.shop\/lv\/wp-json\/wp\/v2\/product"}],"about":[{"href":"https:\/\/fashionmuseum.shop\/lv\/wp-json\/wp\/v2\/types\/product"}],"wp:featuredmedia":[{"embeddable":true,"href":"https:\/\/fashionmuseum.shop\/lv\/wp-json\/wp\/v2\/media\/12247"}],"wp:attachment":[{"href":"https:\/\/fashionmuseum.shop\/lv\/wp-json\/wp\/v2\/media?parent=12323"}],"wp:term":[{"taxonomy":"product_brand","embeddable":true,"href":"https:\/\/fashionmuseum.shop\/lv\/wp-json\/wp\/v2\/product_brand?post=12323"},{"taxonomy":"product_cat","embeddable":true,"href":"https:\/\/fashionmuseum.shop\/lv\/wp-json\/wp\/v2\/product_cat?post=12323"},{"taxonomy":"product_tag","embeddable":true,"href":"https:\/\/fashionmuseum.shop\/lv\/wp-json\/wp\/v2\/product_tag?post=12323"}],"curies":[{"name":"wp","href":"https:\/\/api.w.org\/{rel}","templated":true}]}}