{"id":12324,"date":"2022-07-07T11:48:29","date_gmt":"2022-07-07T08:48:29","guid":{"rendered":"https:\/\/fashionmuseum.shop\/product\/sunday-afternoon-in-central-park\/"},"modified":"2022-07-07T11:48:29","modified_gmt":"2022-07-07T08:48:29","slug":"sunday-afternoon-in-central-park","status":"publish","type":"product","link":"https:\/\/fashionmuseum.shop\/lv\/prece\/sunday-afternoon-in-central-park\/","title":{"rendered":"Sunday Afternoon in Central Park"},"content":{"rendered":"","protected":false},"excerpt":{"rendered":"<p style=\"font-weight: 400;\">\u017durn\u0101la \u201cThe New Yorker\u201d v\u0101ki ir izklaid\u0113ju\u0161i un izgl\u012btoju\u0161i \u017eurn\u0101la las\u012bt\u0101jus gandr\u012bz gadsimtu. Ar nep\u0101rsp\u0113jamu vizu\u0101lo izsmalcin\u0101t\u012bbu un aspr\u0101t\u012bbu. Izcilu m\u0101kslinieku saraksts turpina rad\u012bt neaizmirstamus att\u0113lus, kas ir bezgal\u012bgi da\u017e\u0101di p\u0113c stila un noska\u0146as &#8211; kapr\u012bzi,\u00a0 provokat\u012bvi, mier\u012bgi,smiekl\u012bgi. \u201cThe New Yorker\u201d v\u0101kos vienm\u0113r tiek run\u0101ts par visu pils\u0113tu &#8211; no ikonisk\u0101 Eustasa Tillija l\u012bdz m\u016bsdien\u012bgas dz\u012bves att\u0113liem.<\/p>\n<p style=\"font-weight: 400;\">\u201cThe New Yorker\u201d v\u0101ka autors &#8211; Bobs Knokss, s\u0101kotn\u0113ji public\u0113ts 1991. gada 15. j\u016blij\u0101.<br \/>\n1000 gabali\u0146u puzle<br \/>\nPabeigtas puzles izm\u0113rs: 48,9\u00d767,6 cm \/ 19,25\u2033x26,625\u2033<br \/>\nLina stila apdare, atsp\u012bdumu samazin\u0101\u0161anai.<br \/>\nRa\u017eots ASV<br \/>\nIeteicamais vecums: 13+ gadi<\/p>\n","protected":false},"featured_media":12175,"template":"","meta":{"_coblocks_attr":"","_coblocks_dimensions":"","_coblocks_responsive_height":"","_coblocks_accordion_ie_support":"","_crdt_document":"","jetpack_publicize_message":"","jetpack_publicize_feature_enabled":true,"jetpack_social_post_already_shared":true,"jetpack_social_options":{"image_generator_settings":{"template":"highway","default_image_id":0,"font":"","enabled":false},"version":2},"_wpas_customize_per_network":false},"product_brand":[],"product_cat":[3211],"product_tag":[],"class_list":{"0":"post-12324","1":"product","2":"type-product","3":"status-publish","4":"has-post-thumbnail","6":"product_cat-puzles","8":"first","9":"instock","10":"shipping-taxable","11":"purchasable","12":"product-type-simple"},"yoast_head":"<!-- This site is optimized with the Yoast SEO plugin v27.5 - https:\/\/yoast.com\/product\/yoast-seo-wordpress\/ -->\n<title>Sunday Afternoon in Central Park - Fashion Museum Riga Online Store<\/title>\n<meta name=\"robots\" content=\"index, follow, max-snippet:-1, max-image-preview:large, max-video-preview:-1\" \/>\n<link rel=\"canonical\" href=\"https:\/\/fashionmuseum.shop\/lv\/prece\/sunday-afternoon-in-central-park\/\" \/>\n<meta property=\"og:locale\" content=\"lv_LV\" \/>\n<meta property=\"og:type\" content=\"article\" \/>\n<meta property=\"og:title\" content=\"Sunday Afternoon in Central Park - Fashion Museum Riga Online Store\" \/>\n<meta property=\"og:description\" content=\"\u017durn\u0101la \u201cThe New Yorker\u201d v\u0101ki ir izklaid\u0113ju\u0161i un izgl\u012btoju\u0161i \u017eurn\u0101la las\u012bt\u0101jus gandr\u012bz gadsimtu. Ar nep\u0101rsp\u0113jamu vizu\u0101lo izsmalcin\u0101t\u012bbu un aspr\u0101t\u012bbu. Izcilu m\u0101kslinieku saraksts turpina rad\u012bt neaizmirstamus att\u0113lus, kas ir bezgal\u012bgi da\u017e\u0101di p\u0113c stila un noska\u0146as - kapr\u012bzi,\u00a0 provokat\u012bvi, mier\u012bgi,smiekl\u012bgi. \u201cThe New Yorker\u201d v\u0101kos vienm\u0113r tiek run\u0101ts par visu pils\u0113tu - no ikonisk\u0101 Eustasa Tillija l\u012bdz m\u016bsdien\u012bgas dz\u012bves att\u0113liem. \u201cThe New Yorker\u201d v\u0101ka autors - Bobs Knokss, s\u0101kotn\u0113ji public\u0113ts 1991. gada 15. j\u016blij\u0101. 1000 gabali\u0146u puzle Pabeigtas puzles izm\u0113rs: 48,9\u00d767,6 cm \/ 19,25\u2033x26,625\u2033 Lina stila apdare, atsp\u012bdumu samazin\u0101\u0161anai. Ra\u017eots ASV Ieteicamais vecums: 13+ gadi\" \/>\n<meta property=\"og:url\" content=\"https:\/\/fashionmuseum.shop\/lv\/prece\/sunday-afternoon-in-central-park\/\" \/>\n<meta property=\"og:site_name\" content=\"Fashion Museum Riga Online Store\" \/>\n<meta property=\"og:image\" content=\"https:\/\/fashionmuseum.shop\/wp-content\/uploads\/2022\/07\/sunday-afternoon-at-central-park-main.webp\" \/>\n\t<meta property=\"og:image:width\" content=\"849\" \/>\n\t<meta property=\"og:image:height\" content=\"1024\" \/>\n\t<meta property=\"og:image:type\" content=\"image\/webp\" \/>\n<meta name=\"twitter:card\" content=\"summary_large_image\" \/>\n<script type=\"application\/ld+json\" class=\"yoast-schema-graph\">{\"@context\":\"https:\\\/\\\/schema.org\",\"@graph\":[{\"@type\":\"WebPage\",\"@id\":\"https:\\\/\\\/fashionmuseum.shop\\\/lv\\\/prece\\\/sunday-afternoon-in-central-park\\\/\",\"url\":\"https:\\\/\\\/fashionmuseum.shop\\\/lv\\\/prece\\\/sunday-afternoon-in-central-park\\\/\",\"name\":\"Sunday Afternoon in Central Park - Fashion Museum Riga Online Store\",\"isPartOf\":{\"@id\":\"https:\\\/\\\/fashionmuseum.shop\\\/lv\\\/#website\"},\"primaryImageOfPage\":{\"@id\":\"https:\\\/\\\/fashionmuseum.shop\\\/lv\\\/prece\\\/sunday-afternoon-in-central-park\\\/#primaryimage\"},\"image\":{\"@id\":\"https:\\\/\\\/fashionmuseum.shop\\\/lv\\\/prece\\\/sunday-afternoon-in-central-park\\\/#primaryimage\"},\"thumbnailUrl\":\"https:\\\/\\\/i0.wp.com\\\/fashionmuseum.shop\\\/wp-content\\\/uploads\\\/2022\\\/07\\\/sunday-afternoon-at-central-park-main.webp?fit=849%2C1024&ssl=1\",\"datePublished\":\"2022-07-07T08:48:29+00:00\",\"breadcrumb\":{\"@id\":\"https:\\\/\\\/fashionmuseum.shop\\\/lv\\\/prece\\\/sunday-afternoon-in-central-park\\\/#breadcrumb\"},\"inLanguage\":\"lv-LV\",\"potentialAction\":[{\"@type\":\"ReadAction\",\"target\":[\"https:\\\/\\\/fashionmuseum.shop\\\/lv\\\/prece\\\/sunday-afternoon-in-central-park\\\/\"]}]},{\"@type\":\"ImageObject\",\"inLanguage\":\"lv-LV\",\"@id\":\"https:\\\/\\\/fashionmuseum.shop\\\/lv\\\/prece\\\/sunday-afternoon-in-central-park\\\/#primaryimage\",\"url\":\"https:\\\/\\\/i0.wp.com\\\/fashionmuseum.shop\\\/wp-content\\\/uploads\\\/2022\\\/07\\\/sunday-afternoon-at-central-park-main.webp?fit=849%2C1024&ssl=1\",\"contentUrl\":\"https:\\\/\\\/i0.wp.com\\\/fashionmuseum.shop\\\/wp-content\\\/uploads\\\/2022\\\/07\\\/sunday-afternoon-at-central-park-main.webp?fit=849%2C1024&ssl=1\",\"width\":849,\"height\":1024,\"caption\":\"New Yorker Sunday Afternoon in Central Park\"},{\"@type\":\"BreadcrumbList\",\"@id\":\"https:\\\/\\\/fashionmuseum.shop\\\/lv\\\/prece\\\/sunday-afternoon-in-central-park\\\/#breadcrumb\",\"itemListElement\":[{\"@type\":\"ListItem\",\"position\":1,\"name\":\"Home\",\"item\":\"https:\\\/\\\/fashionmuseum.shop\\\/lv\\\/\"},{\"@type\":\"ListItem\",\"position\":2,\"name\":\"Products\",\"item\":\"https:\\\/\\\/fashionmuseum.shop\\\/lv\\\/shop\\\/\"},{\"@type\":\"ListItem\",\"position\":3,\"name\":\"Sunday Afternoon in Central Park\"}]},{\"@type\":\"WebSite\",\"@id\":\"https:\\\/\\\/fashionmuseum.shop\\\/lv\\\/#website\",\"url\":\"https:\\\/\\\/fashionmuseum.shop\\\/lv\\\/\",\"name\":\"Fashion Museum Online Store\",\"description\":\"Fashion Museum Riga Online Store provides a wide selection of books about fashion and fashion history.\",\"publisher\":{\"@id\":\"https:\\\/\\\/fashionmuseum.shop\\\/lv\\\/#organization\"},\"potentialAction\":[{\"@type\":\"SearchAction\",\"target\":{\"@type\":\"EntryPoint\",\"urlTemplate\":\"https:\\\/\\\/fashionmuseum.shop\\\/lv\\\/?s={search_term_string}\"},\"query-input\":{\"@type\":\"PropertyValueSpecification\",\"valueRequired\":true,\"valueName\":\"search_term_string\"}}],\"inLanguage\":\"lv-LV\"},{\"@type\":\"Organization\",\"@id\":\"https:\\\/\\\/fashionmuseum.shop\\\/lv\\\/#organization\",\"name\":\"Modes muzejs\",\"url\":\"https:\\\/\\\/fashionmuseum.shop\\\/lv\\\/\",\"logo\":{\"@type\":\"ImageObject\",\"inLanguage\":\"lv-LV\",\"@id\":\"https:\\\/\\\/fashionmuseum.shop\\\/lv\\\/#\\\/schema\\\/logo\\\/image\\\/\",\"url\":\"https:\\\/\\\/i1.wp.com\\\/fashionmuseum.shop\\\/wp-content\\\/uploads\\\/2020\\\/04\\\/apple-touch-icon.png?fit=180%2C180&ssl=1\",\"contentUrl\":\"https:\\\/\\\/i1.wp.com\\\/fashionmuseum.shop\\\/wp-content\\\/uploads\\\/2020\\\/04\\\/apple-touch-icon.png?fit=180%2C180&ssl=1\",\"width\":180,\"height\":180,\"caption\":\"Modes muzejs\"},\"image\":{\"@id\":\"https:\\\/\\\/fashionmuseum.shop\\\/lv\\\/#\\\/schema\\\/logo\\\/image\\\/\"}}]}<\/script>\n<!-- \/ Yoast SEO plugin. -->","yoast_head_json":{"title":"Sunday Afternoon in Central Park - Fashion Museum Riga Online Store","robots":{"index":"index","follow":"follow","max-snippet":"max-snippet:-1","max-image-preview":"max-image-preview:large","max-video-preview":"max-video-preview:-1"},"canonical":"https:\/\/fashionmuseum.shop\/lv\/prece\/sunday-afternoon-in-central-park\/","og_locale":"lv_LV","og_type":"article","og_title":"Sunday Afternoon in Central Park - Fashion Museum Riga Online Store","og_description":"\u017durn\u0101la \u201cThe New Yorker\u201d v\u0101ki ir izklaid\u0113ju\u0161i un izgl\u012btoju\u0161i \u017eurn\u0101la las\u012bt\u0101jus gandr\u012bz gadsimtu. Ar nep\u0101rsp\u0113jamu vizu\u0101lo izsmalcin\u0101t\u012bbu un aspr\u0101t\u012bbu. Izcilu m\u0101kslinieku saraksts turpina rad\u012bt neaizmirstamus att\u0113lus, kas ir bezgal\u012bgi da\u017e\u0101di p\u0113c stila un noska\u0146as - kapr\u012bzi,\u00a0 provokat\u012bvi, mier\u012bgi,smiekl\u012bgi. \u201cThe New Yorker\u201d v\u0101kos vienm\u0113r tiek run\u0101ts par visu pils\u0113tu - no ikonisk\u0101 Eustasa Tillija l\u012bdz m\u016bsdien\u012bgas dz\u012bves att\u0113liem. \u201cThe New Yorker\u201d v\u0101ka autors - Bobs Knokss, s\u0101kotn\u0113ji public\u0113ts 1991. gada 15. j\u016blij\u0101. 1000 gabali\u0146u puzle Pabeigtas puzles izm\u0113rs: 48,9\u00d767,6 cm \/ 19,25\u2033x26,625\u2033 Lina stila apdare, atsp\u012bdumu samazin\u0101\u0161anai. Ra\u017eots ASV Ieteicamais vecums: 13+ gadi","og_url":"https:\/\/fashionmuseum.shop\/lv\/prece\/sunday-afternoon-in-central-park\/","og_site_name":"Fashion Museum Riga Online Store","og_image":[{"width":849,"height":1024,"url":"https:\/\/fashionmuseum.shop\/wp-content\/uploads\/2022\/07\/sunday-afternoon-at-central-park-main.webp","type":"image\/webp"}],"twitter_card":"summary_large_image","schema":{"@context":"https:\/\/schema.org","@graph":[{"@type":"WebPage","@id":"https:\/\/fashionmuseum.shop\/lv\/prece\/sunday-afternoon-in-central-park\/","url":"https:\/\/fashionmuseum.shop\/lv\/prece\/sunday-afternoon-in-central-park\/","name":"Sunday Afternoon in Central Park - Fashion Museum Riga Online Store","isPartOf":{"@id":"https:\/\/fashionmuseum.shop\/lv\/#website"},"primaryImageOfPage":{"@id":"https:\/\/fashionmuseum.shop\/lv\/prece\/sunday-afternoon-in-central-park\/#primaryimage"},"image":{"@id":"https:\/\/fashionmuseum.shop\/lv\/prece\/sunday-afternoon-in-central-park\/#primaryimage"},"thumbnailUrl":"https:\/\/i0.wp.com\/fashionmuseum.shop\/wp-content\/uploads\/2022\/07\/sunday-afternoon-at-central-park-main.webp?fit=849%2C1024&ssl=1","datePublished":"2022-07-07T08:48:29+00:00","breadcrumb":{"@id":"https:\/\/fashionmuseum.shop\/lv\/prece\/sunday-afternoon-in-central-park\/#breadcrumb"},"inLanguage":"lv-LV","potentialAction":[{"@type":"ReadAction","target":["https:\/\/fashionmuseum.shop\/lv\/prece\/sunday-afternoon-in-central-park\/"]}]},{"@type":"ImageObject","inLanguage":"lv-LV","@id":"https:\/\/fashionmuseum.shop\/lv\/prece\/sunday-afternoon-in-central-park\/#primaryimage","url":"https:\/\/i0.wp.com\/fashionmuseum.shop\/wp-content\/uploads\/2022\/07\/sunday-afternoon-at-central-park-main.webp?fit=849%2C1024&ssl=1","contentUrl":"https:\/\/i0.wp.com\/fashionmuseum.shop\/wp-content\/uploads\/2022\/07\/sunday-afternoon-at-central-park-main.webp?fit=849%2C1024&ssl=1","width":849,"height":1024,"caption":"New Yorker Sunday Afternoon in Central Park"},{"@type":"BreadcrumbList","@id":"https:\/\/fashionmuseum.shop\/lv\/prece\/sunday-afternoon-in-central-park\/#breadcrumb","itemListElement":[{"@type":"ListItem","position":1,"name":"Home","item":"https:\/\/fashionmuseum.shop\/lv\/"},{"@type":"ListItem","position":2,"name":"Products","item":"https:\/\/fashionmuseum.shop\/lv\/shop\/"},{"@type":"ListItem","position":3,"name":"Sunday Afternoon in Central Park"}]},{"@type":"WebSite","@id":"https:\/\/fashionmuseum.shop\/lv\/#website","url":"https:\/\/fashionmuseum.shop\/lv\/","name":"Fashion Museum Online Store","description":"Fashion Museum Riga Online Store provides a wide selection of books about fashion and fashion history.","publisher":{"@id":"https:\/\/fashionmuseum.shop\/lv\/#organization"},"potentialAction":[{"@type":"SearchAction","target":{"@type":"EntryPoint","urlTemplate":"https:\/\/fashionmuseum.shop\/lv\/?s={search_term_string}"},"query-input":{"@type":"PropertyValueSpecification","valueRequired":true,"valueName":"search_term_string"}}],"inLanguage":"lv-LV"},{"@type":"Organization","@id":"https:\/\/fashionmuseum.shop\/lv\/#organization","name":"Modes muzejs","url":"https:\/\/fashionmuseum.shop\/lv\/","logo":{"@type":"ImageObject","inLanguage":"lv-LV","@id":"https:\/\/fashionmuseum.shop\/lv\/#\/schema\/logo\/image\/","url":"https:\/\/i1.wp.com\/fashionmuseum.shop\/wp-content\/uploads\/2020\/04\/apple-touch-icon.png?fit=180%2C180&ssl=1","contentUrl":"https:\/\/i1.wp.com\/fashionmuseum.shop\/wp-content\/uploads\/2020\/04\/apple-touch-icon.png?fit=180%2C180&ssl=1","width":180,"height":180,"caption":"Modes muzejs"},"image":{"@id":"https:\/\/fashionmuseum.shop\/lv\/#\/schema\/logo\/image\/"}}]}},"jetpack_publicize_connections":[],"jetpack_likes_enabled":false,"jetpack_sharing_enabled":true,"amp_enabled":true,"_links":{"self":[{"href":"https:\/\/fashionmuseum.shop\/lv\/wp-json\/wp\/v2\/product\/12324","targetHints":{"allow":["GET"]}}],"collection":[{"href":"https:\/\/fashionmuseum.shop\/lv\/wp-json\/wp\/v2\/product"}],"about":[{"href":"https:\/\/fashionmuseum.shop\/lv\/wp-json\/wp\/v2\/types\/product"}],"wp:featuredmedia":[{"embeddable":true,"href":"https:\/\/fashionmuseum.shop\/lv\/wp-json\/wp\/v2\/media\/12175"}],"wp:attachment":[{"href":"https:\/\/fashionmuseum.shop\/lv\/wp-json\/wp\/v2\/media?parent=12324"}],"wp:term":[{"taxonomy":"product_brand","embeddable":true,"href":"https:\/\/fashionmuseum.shop\/lv\/wp-json\/wp\/v2\/product_brand?post=12324"},{"taxonomy":"product_cat","embeddable":true,"href":"https:\/\/fashionmuseum.shop\/lv\/wp-json\/wp\/v2\/product_cat?post=12324"},{"taxonomy":"product_tag","embeddable":true,"href":"https:\/\/fashionmuseum.shop\/lv\/wp-json\/wp\/v2\/product_tag?post=12324"}],"curies":[{"name":"wp","href":"https:\/\/api.w.org\/{rel}","templated":true}]}}