{"id":12341,"date":"2022-07-22T12:03:18","date_gmt":"2022-07-22T09:03:18","guid":{"rendered":"https:\/\/fashionmuseum.shop\/?post_type=product&#038;p=12341"},"modified":"2025-12-12T13:26:23","modified_gmt":"2025-12-12T11:26:23","slug":"the-world-according-to-christian-dior","status":"publish","type":"product","link":"https:\/\/fashionmuseum.shop\/lv\/prece\/the-world-according-to-christian-dior\/","title":{"rendered":"The World According to Christian Dior"},"content":{"rendered":"<p><em><strong>Izdev\u0113ja gr\u0101matas anot\u0101cija:<\/strong><\/em><\/p>\n<p>Credited with creating some of the most luxurious and spectacular haute couture pieces of all time, Christian Dior became a fashion icon overnight in 1947 with the launch of his \u2018New Look\u2019 &#8211; sumptuous hourglass silhouettes that provided a welcome tonic to the austerity of wartime. Its wild success, and the global fame that ensued, was built on the designer\u2019s subtle understanding of fashion, couture, style, elegance and women &#8211; a perspective and insight best revealed in Dior\u2019s own words, which are gathered here for the first time.<\/p>\n<div data-role=\"bva-reveal\">\n<p>Rightly described as the \u2018Designer of Dreams\u2019 in the recent blockbuster exhibition on the house of Dior that attracted millions of visitors the world over, Christian Dior was an unrivalled arbiter in the world of high fashion. Dior was generous with his advice on all things, from style and how to dress (\u2018No elegant woman follows fashion blindly\u2019, he once declared), to his insights into the creative process, invaluable for any budding designer.<\/p>\n<p>Presented in a beautiful package and accessible format, <i>The World According to Christian Dior<\/i> is the perfect gift for fashion fans, publishing on the occasion of the house\u2019s 75th anniversary.<\/p>\n<\/div>\n<p>\u0160\u012bs gr\u0101matas izdev\u0113js ir <strong><a href=\"https:\/\/fashionmuseum.shop\/lv\/publisher\/thames-and-hudson\/\">Thames and Hudson<\/a><\/strong>, ISBN 9780500024140<\/p>\n","protected":false},"excerpt":{"rendered":"<p><span style=\"text-decoration: underline;\"><strong><a href=\"https:\/\/fashionmuseum.shop\/lv\/book-author\/jean-christophe-napias-lv\/\">Jean-Christophe Napias<\/a><\/strong><\/span>,<span style=\"text-decoration: underline;\"><strong><a href=\"https:\/\/fashionmuseum.shop\/lv\/book-author\/patrick-mauries-lv\/\"> Patrick Mauries<\/a><\/strong><\/span><\/p>\n<p><em><strong>K\u0101p\u0113c m\u0113s\u00a0izv\u0113l\u0113j\u0101mies\u00a0\u0161o gr\u0101matu:<\/strong><\/em><\/p>\n<p style=\"font-weight: 400;\">Maza, eleganta, sudrabaini pel\u0113k\u0101 audum\u0101 iesieta gr\u0101mati\u0146a, kas velt\u012bta di\u017e\u0101 Kristi\u0101na Diora uzskatiem par dz\u012bvi un modi, vi\u0146a cit\u0101tiem par itin visu, kas vi\u0146am bija svar\u012bgs. Diors bija j\u016bt\u012bgs, laipns, delik\u0101ts cilv\u0113ks, vi\u0146\u0161 dievin\u0101ja klasisku sievi\u0161\u0137\u012bbu un eleganci \u2013 un apgalvoja, ka itin visu, ko redz, j\u016bt un piedz\u012bvo, vi\u0146\u0161 izpau\u017e t\u0113rpos, ko rada. \u013boti \u0161armanta gr\u0101mata!<\/p>\n","protected":false},"featured_media":12345,"template":"","meta":{"_coblocks_attr":"","_coblocks_dimensions":"","_coblocks_responsive_height":"","_coblocks_accordion_ie_support":"","_crdt_document":"","jetpack_publicize_message":"","jetpack_publicize_feature_enabled":true,"jetpack_social_post_already_shared":true,"jetpack_social_options":{"image_generator_settings":{"template":"highway","default_image_id":0,"font":"","enabled":false},"version":2},"_wpas_customize_per_network":false},"product_brand":[],"product_cat":[1611,1603],"product_tag":[],"class_list":{"0":"post-12341","1":"product","2":"type-product","3":"status-publish","4":"has-post-thumbnail","6":"product_cat-gramatas-anglu-valoda","7":"product_cat-gramatas-par-modes-dizaineriem","8":"pa_book-author-jean-christophe-napias-lv","9":"pa_book-author-patrick-mauries-lv","10":"pa_language-anglu","11":"pa_publisher-thames-and-hudson","13":"first","14":"instock","15":"featured","16":"shipping-taxable","17":"purchasable","18":"product-type-simple"},"yoast_head":"<!-- This site is optimized with the Yoast SEO plugin v27.4 - https:\/\/yoast.com\/product\/yoast-seo-wordpress\/ -->\n<title>The World According to Christian Dior - Fashion Museum Riga Online Store<\/title>\n<meta name=\"robots\" content=\"index, follow, max-snippet:-1, max-image-preview:large, max-video-preview:-1\" \/>\n<link rel=\"canonical\" href=\"https:\/\/fashionmuseum.shop\/lv\/prece\/the-world-according-to-christian-dior\/\" \/>\n<meta property=\"og:locale\" content=\"lv_LV\" \/>\n<meta property=\"og:type\" content=\"article\" \/>\n<meta property=\"og:title\" content=\"The World According to Christian Dior - Fashion Museum Riga Online Store\" \/>\n<meta property=\"og:description\" content=\"Jean-Christophe Napias, Patrick Mauries  K\u0101p\u0113c m\u0113s\u00a0izv\u0113l\u0113j\u0101mies\u00a0\u0161o gr\u0101matu: Maza, eleganta, sudrabaini pel\u0113k\u0101 audum\u0101 iesieta gr\u0101mati\u0146a, kas velt\u012bta di\u017e\u0101 Kristi\u0101na Diora uzskatiem par dz\u012bvi un modi, vi\u0146a cit\u0101tiem par itin visu, kas vi\u0146am bija svar\u012bgs. Diors bija j\u016bt\u012bgs, laipns, delik\u0101ts cilv\u0113ks, vi\u0146\u0161 dievin\u0101ja klasisku sievi\u0161\u0137\u012bbu un eleganci \u2013 un apgalvoja, ka itin visu, ko redz, j\u016bt un piedz\u012bvo, vi\u0146\u0161 izpau\u017e t\u0113rpos, ko rada. \u013boti \u0161armanta gr\u0101mata!\" \/>\n<meta property=\"og:url\" content=\"https:\/\/fashionmuseum.shop\/lv\/prece\/the-world-according-to-christian-dior\/\" \/>\n<meta property=\"og:site_name\" content=\"Fashion Museum Riga Online Store\" \/>\n<meta property=\"article:modified_time\" content=\"2025-12-12T11:26:23+00:00\" \/>\n<meta property=\"og:image\" content=\"https:\/\/fashionmuseum.shop\/wp-content\/uploads\/2022\/07\/the-world-according-to-christian-dior.jpg.webp\" \/>\n\t<meta property=\"og:image:width\" content=\"720\" \/>\n\t<meta property=\"og:image:height\" content=\"720\" \/>\n\t<meta property=\"og:image:type\" content=\"image\/webp\" \/>\n<meta name=\"twitter:card\" content=\"summary_large_image\" \/>\n<meta name=\"twitter:label1\" content=\"Est. reading time\" \/>\n\t<meta name=\"twitter:data1\" content=\"1 minute\" \/>\n<script type=\"application\/ld+json\" class=\"yoast-schema-graph\">{\"@context\":\"https:\\\/\\\/schema.org\",\"@graph\":[{\"@type\":\"WebPage\",\"@id\":\"https:\\\/\\\/fashionmuseum.shop\\\/lv\\\/prece\\\/the-world-according-to-christian-dior\\\/\",\"url\":\"https:\\\/\\\/fashionmuseum.shop\\\/lv\\\/prece\\\/the-world-according-to-christian-dior\\\/\",\"name\":\"The World According to Christian Dior - Fashion Museum Riga Online Store\",\"isPartOf\":{\"@id\":\"https:\\\/\\\/fashionmuseum.shop\\\/lv\\\/#website\"},\"primaryImageOfPage\":{\"@id\":\"https:\\\/\\\/fashionmuseum.shop\\\/lv\\\/prece\\\/the-world-according-to-christian-dior\\\/#primaryimage\"},\"image\":{\"@id\":\"https:\\\/\\\/fashionmuseum.shop\\\/lv\\\/prece\\\/the-world-according-to-christian-dior\\\/#primaryimage\"},\"thumbnailUrl\":\"https:\\\/\\\/i0.wp.com\\\/fashionmuseum.shop\\\/wp-content\\\/uploads\\\/2022\\\/07\\\/the-world-according-to-christian-dior.jpg.webp?fit=720%2C720&ssl=1\",\"datePublished\":\"2022-07-22T09:03:18+00:00\",\"dateModified\":\"2025-12-12T11:26:23+00:00\",\"breadcrumb\":{\"@id\":\"https:\\\/\\\/fashionmuseum.shop\\\/lv\\\/prece\\\/the-world-according-to-christian-dior\\\/#breadcrumb\"},\"inLanguage\":\"lv-LV\",\"potentialAction\":[{\"@type\":\"ReadAction\",\"target\":[\"https:\\\/\\\/fashionmuseum.shop\\\/lv\\\/prece\\\/the-world-according-to-christian-dior\\\/\"]}]},{\"@type\":\"ImageObject\",\"inLanguage\":\"lv-LV\",\"@id\":\"https:\\\/\\\/fashionmuseum.shop\\\/lv\\\/prece\\\/the-world-according-to-christian-dior\\\/#primaryimage\",\"url\":\"https:\\\/\\\/i0.wp.com\\\/fashionmuseum.shop\\\/wp-content\\\/uploads\\\/2022\\\/07\\\/the-world-according-to-christian-dior.jpg.webp?fit=720%2C720&ssl=1\",\"contentUrl\":\"https:\\\/\\\/i0.wp.com\\\/fashionmuseum.shop\\\/wp-content\\\/uploads\\\/2022\\\/07\\\/the-world-according-to-christian-dior.jpg.webp?fit=720%2C720&ssl=1\",\"width\":720,\"height\":720,\"caption\":\"The World According to Christian Dior\"},{\"@type\":\"BreadcrumbList\",\"@id\":\"https:\\\/\\\/fashionmuseum.shop\\\/lv\\\/prece\\\/the-world-according-to-christian-dior\\\/#breadcrumb\",\"itemListElement\":[{\"@type\":\"ListItem\",\"position\":1,\"name\":\"Home\",\"item\":\"https:\\\/\\\/fashionmuseum.shop\\\/lv\\\/\"},{\"@type\":\"ListItem\",\"position\":2,\"name\":\"Products\",\"item\":\"https:\\\/\\\/fashionmuseum.shop\\\/lv\\\/shop\\\/\"},{\"@type\":\"ListItem\",\"position\":3,\"name\":\"The World According to Christian Dior\"}]},{\"@type\":\"WebSite\",\"@id\":\"https:\\\/\\\/fashionmuseum.shop\\\/lv\\\/#website\",\"url\":\"https:\\\/\\\/fashionmuseum.shop\\\/lv\\\/\",\"name\":\"Fashion Museum Online Store\",\"description\":\"Fashion Museum Riga Online Store provides a wide selection of books about fashion and fashion history.\",\"publisher\":{\"@id\":\"https:\\\/\\\/fashionmuseum.shop\\\/lv\\\/#organization\"},\"potentialAction\":[{\"@type\":\"SearchAction\",\"target\":{\"@type\":\"EntryPoint\",\"urlTemplate\":\"https:\\\/\\\/fashionmuseum.shop\\\/lv\\\/?s={search_term_string}\"},\"query-input\":{\"@type\":\"PropertyValueSpecification\",\"valueRequired\":true,\"valueName\":\"search_term_string\"}}],\"inLanguage\":\"lv-LV\"},{\"@type\":\"Organization\",\"@id\":\"https:\\\/\\\/fashionmuseum.shop\\\/lv\\\/#organization\",\"name\":\"Modes muzejs\",\"url\":\"https:\\\/\\\/fashionmuseum.shop\\\/lv\\\/\",\"logo\":{\"@type\":\"ImageObject\",\"inLanguage\":\"lv-LV\",\"@id\":\"https:\\\/\\\/fashionmuseum.shop\\\/lv\\\/#\\\/schema\\\/logo\\\/image\\\/\",\"url\":\"https:\\\/\\\/i1.wp.com\\\/fashionmuseum.shop\\\/wp-content\\\/uploads\\\/2020\\\/04\\\/apple-touch-icon.png?fit=180%2C180&ssl=1\",\"contentUrl\":\"https:\\\/\\\/i1.wp.com\\\/fashionmuseum.shop\\\/wp-content\\\/uploads\\\/2020\\\/04\\\/apple-touch-icon.png?fit=180%2C180&ssl=1\",\"width\":180,\"height\":180,\"caption\":\"Modes muzejs\"},\"image\":{\"@id\":\"https:\\\/\\\/fashionmuseum.shop\\\/lv\\\/#\\\/schema\\\/logo\\\/image\\\/\"}}]}<\/script>\n<!-- \/ Yoast SEO plugin. -->","yoast_head_json":{"title":"The World According to Christian Dior - Fashion Museum Riga Online Store","robots":{"index":"index","follow":"follow","max-snippet":"max-snippet:-1","max-image-preview":"max-image-preview:large","max-video-preview":"max-video-preview:-1"},"canonical":"https:\/\/fashionmuseum.shop\/lv\/prece\/the-world-according-to-christian-dior\/","og_locale":"lv_LV","og_type":"article","og_title":"The World According to Christian Dior - Fashion Museum Riga Online Store","og_description":"Jean-Christophe Napias, Patrick Mauries  K\u0101p\u0113c m\u0113s\u00a0izv\u0113l\u0113j\u0101mies\u00a0\u0161o gr\u0101matu: Maza, eleganta, sudrabaini pel\u0113k\u0101 audum\u0101 iesieta gr\u0101mati\u0146a, kas velt\u012bta di\u017e\u0101 Kristi\u0101na Diora uzskatiem par dz\u012bvi un modi, vi\u0146a cit\u0101tiem par itin visu, kas vi\u0146am bija svar\u012bgs. Diors bija j\u016bt\u012bgs, laipns, delik\u0101ts cilv\u0113ks, vi\u0146\u0161 dievin\u0101ja klasisku sievi\u0161\u0137\u012bbu un eleganci \u2013 un apgalvoja, ka itin visu, ko redz, j\u016bt un piedz\u012bvo, vi\u0146\u0161 izpau\u017e t\u0113rpos, ko rada. \u013boti \u0161armanta gr\u0101mata!","og_url":"https:\/\/fashionmuseum.shop\/lv\/prece\/the-world-according-to-christian-dior\/","og_site_name":"Fashion Museum Riga Online Store","article_modified_time":"2025-12-12T11:26:23+00:00","og_image":[{"width":720,"height":720,"url":"https:\/\/fashionmuseum.shop\/wp-content\/uploads\/2022\/07\/the-world-according-to-christian-dior.jpg.webp","type":"image\/webp"}],"twitter_card":"summary_large_image","twitter_misc":{"Est. reading time":"1 minute"},"schema":{"@context":"https:\/\/schema.org","@graph":[{"@type":"WebPage","@id":"https:\/\/fashionmuseum.shop\/lv\/prece\/the-world-according-to-christian-dior\/","url":"https:\/\/fashionmuseum.shop\/lv\/prece\/the-world-according-to-christian-dior\/","name":"The World According to Christian Dior - Fashion Museum Riga Online Store","isPartOf":{"@id":"https:\/\/fashionmuseum.shop\/lv\/#website"},"primaryImageOfPage":{"@id":"https:\/\/fashionmuseum.shop\/lv\/prece\/the-world-according-to-christian-dior\/#primaryimage"},"image":{"@id":"https:\/\/fashionmuseum.shop\/lv\/prece\/the-world-according-to-christian-dior\/#primaryimage"},"thumbnailUrl":"https:\/\/i0.wp.com\/fashionmuseum.shop\/wp-content\/uploads\/2022\/07\/the-world-according-to-christian-dior.jpg.webp?fit=720%2C720&ssl=1","datePublished":"2022-07-22T09:03:18+00:00","dateModified":"2025-12-12T11:26:23+00:00","breadcrumb":{"@id":"https:\/\/fashionmuseum.shop\/lv\/prece\/the-world-according-to-christian-dior\/#breadcrumb"},"inLanguage":"lv-LV","potentialAction":[{"@type":"ReadAction","target":["https:\/\/fashionmuseum.shop\/lv\/prece\/the-world-according-to-christian-dior\/"]}]},{"@type":"ImageObject","inLanguage":"lv-LV","@id":"https:\/\/fashionmuseum.shop\/lv\/prece\/the-world-according-to-christian-dior\/#primaryimage","url":"https:\/\/i0.wp.com\/fashionmuseum.shop\/wp-content\/uploads\/2022\/07\/the-world-according-to-christian-dior.jpg.webp?fit=720%2C720&ssl=1","contentUrl":"https:\/\/i0.wp.com\/fashionmuseum.shop\/wp-content\/uploads\/2022\/07\/the-world-according-to-christian-dior.jpg.webp?fit=720%2C720&ssl=1","width":720,"height":720,"caption":"The World According to Christian Dior"},{"@type":"BreadcrumbList","@id":"https:\/\/fashionmuseum.shop\/lv\/prece\/the-world-according-to-christian-dior\/#breadcrumb","itemListElement":[{"@type":"ListItem","position":1,"name":"Home","item":"https:\/\/fashionmuseum.shop\/lv\/"},{"@type":"ListItem","position":2,"name":"Products","item":"https:\/\/fashionmuseum.shop\/lv\/shop\/"},{"@type":"ListItem","position":3,"name":"The World According to Christian Dior"}]},{"@type":"WebSite","@id":"https:\/\/fashionmuseum.shop\/lv\/#website","url":"https:\/\/fashionmuseum.shop\/lv\/","name":"Fashion Museum Online Store","description":"Fashion Museum Riga Online Store provides a wide selection of books about fashion and fashion history.","publisher":{"@id":"https:\/\/fashionmuseum.shop\/lv\/#organization"},"potentialAction":[{"@type":"SearchAction","target":{"@type":"EntryPoint","urlTemplate":"https:\/\/fashionmuseum.shop\/lv\/?s={search_term_string}"},"query-input":{"@type":"PropertyValueSpecification","valueRequired":true,"valueName":"search_term_string"}}],"inLanguage":"lv-LV"},{"@type":"Organization","@id":"https:\/\/fashionmuseum.shop\/lv\/#organization","name":"Modes muzejs","url":"https:\/\/fashionmuseum.shop\/lv\/","logo":{"@type":"ImageObject","inLanguage":"lv-LV","@id":"https:\/\/fashionmuseum.shop\/lv\/#\/schema\/logo\/image\/","url":"https:\/\/i1.wp.com\/fashionmuseum.shop\/wp-content\/uploads\/2020\/04\/apple-touch-icon.png?fit=180%2C180&ssl=1","contentUrl":"https:\/\/i1.wp.com\/fashionmuseum.shop\/wp-content\/uploads\/2020\/04\/apple-touch-icon.png?fit=180%2C180&ssl=1","width":180,"height":180,"caption":"Modes muzejs"},"image":{"@id":"https:\/\/fashionmuseum.shop\/lv\/#\/schema\/logo\/image\/"}}]}},"jetpack_publicize_connections":[],"jetpack_likes_enabled":false,"jetpack_sharing_enabled":true,"amp_enabled":true,"_links":{"self":[{"href":"https:\/\/fashionmuseum.shop\/lv\/wp-json\/wp\/v2\/product\/12341","targetHints":{"allow":["GET"]}}],"collection":[{"href":"https:\/\/fashionmuseum.shop\/lv\/wp-json\/wp\/v2\/product"}],"about":[{"href":"https:\/\/fashionmuseum.shop\/lv\/wp-json\/wp\/v2\/types\/product"}],"wp:featuredmedia":[{"embeddable":true,"href":"https:\/\/fashionmuseum.shop\/lv\/wp-json\/wp\/v2\/media\/12345"}],"wp:attachment":[{"href":"https:\/\/fashionmuseum.shop\/lv\/wp-json\/wp\/v2\/media?parent=12341"}],"wp:term":[{"taxonomy":"product_brand","embeddable":true,"href":"https:\/\/fashionmuseum.shop\/lv\/wp-json\/wp\/v2\/product_brand?post=12341"},{"taxonomy":"product_cat","embeddable":true,"href":"https:\/\/fashionmuseum.shop\/lv\/wp-json\/wp\/v2\/product_cat?post=12341"},{"taxonomy":"product_tag","embeddable":true,"href":"https:\/\/fashionmuseum.shop\/lv\/wp-json\/wp\/v2\/product_tag?post=12341"}],"curies":[{"name":"wp","href":"https:\/\/api.w.org\/{rel}","templated":true}]}}