{"id":12514,"date":"2022-08-11T12:37:04","date_gmt":"2022-08-11T09:37:04","guid":{"rendered":"https:\/\/fashionmuseum.shop\/?post_type=product&#038;p=12514"},"modified":"2022-08-11T13:17:01","modified_gmt":"2022-08-11T10:17:01","slug":"london-couture-british-luxury-1923-1975","status":"publish","type":"product","link":"https:\/\/fashionmuseum.shop\/lv\/prece\/london-couture-british-luxury-1923-1975\/","title":{"rendered":"London Couture: British Luxury 1923-1975"},"content":{"rendered":"<p><em><strong>Izdev\u0113ja gr\u0101matas anot\u0101cija:<\/strong><\/em><\/p>\n<p>An academically rigorous and beautiful new publication on a crucial chapter in fashion history London Couture is the first book to examine, in detail, the luxurious garments produced by the rarefied London couture industry &#8211; from lavish ballgowns to sharply tailored suits and spectacular court dress &#8211; as well as the designers who conceived them, their clients and the prestigious publications that disseminated and promoted the &#8216;London Look&#8217; to an international audience. Expert authors from around the world have delved into museum collections, as well as the archives of prestigious designers, textile suppliers and fashionable journals, to bring together this pioneering study of the London couture houses of the early to midtwentieth century, renowned for their superb craftsmanship and attention to detail.<\/p>\n<p>The full breadth of London&#8217;s offering is examined, from royal favourite Norman Hartnell to pioneer Charles James, and prestigious houses such as Lucile, Worth and Hardy Amies. The ancillary dressmaking trades in London are also considered, as are the international markets for London couture, and the impact of royal dress on high-end fashion. A wealth of visual material supports the extensive, original research &#8211; from beautiful features by celebrated photographer Norman Parkinson to the elegant illustrations of Francis Marshall. Previously unseen garments are illustrated throughout the book, alongside historical photography that documents the houses of the great designers, their favoured fabrics and their most glamorous clients, including Queen Elizabeth II, Margot Fonteyn, and many stars of stage and screen.<\/p>\n<p>\u0160\u012bs gr\u0101matas izdev\u0113js ir <span style=\"text-decoration: underline\"><strong><a href=\"https:\/\/fashionmuseum.shop\/lv\/publisher\/thames-and-hudson\/\">Thames and Hudson\u00a0<\/a><\/strong><\/span>a<a href=\"\/?product_tag=thames-and-hudson\">nd<span style=\"text-decoration: underline\">\u00a0<\/span><\/a><span style=\"text-decoration: underline\"><a href=\"https:\/\/fashionmuseum.shop\/lv\/publisher\/va-publishing-lv\/\"><strong>V&amp;A Publishing<\/strong><\/a><\/span>, ISBN \u00a09781851778508<\/p>\n","protected":false},"excerpt":{"rendered":"<p><strong><a href=\"https:\/\/fashionmuseum.shop\/lv\/book-author\/edwina-ehrman\/\">Edwina Ehrman,\u00a0<\/a><a href=\"https:\/\/fashionmuseum.shop\/lv\/book-author\/amy-de-la-haye\/\">Amy de la Haye<\/a><\/strong><\/p>\n<p>&nbsp;<\/p>\n<p><em><strong>K\u0101p\u0113c m\u0113s\u00a0izv\u0113l\u0113j\u0101mies\u00a0\u0161o gr\u0101matu:<\/strong><\/em><\/p>\n<p>Izcili skaists un \u013coti v\u0113rt\u012bgs izdevums, kas pirmo reizi t\u0101d\u0101 apjom\u0101 piev\u0113r\u0161as klasiskajai britu augstajai modei, kas apvieno visaugst\u0101ko amata meistar\u012bbu un fascin\u0113jo\u0161as dizaineru idejas. Londona modes pasaul\u0113 alla\u017e izc\u0113lusies ar savu \u012bpa\u0161u stilu, kam rakstur\u012bgs nevainojams piegriezums un uzsvars uz dr\u0113bnieku meistar\u012bbu, k\u0101 ar\u012b skaistiem, kvalitat\u012bviem audumiem. No \u201cWorth\u201d Londonas fili\u0101les l\u012bdz H\u0101rdijam Eimisam \u2013 \u012bsts ce\u013cvedis britu augst\u0101s modes v\u0113stur\u0113! \u0160iks izdevums!<\/p>\n","protected":false},"featured_media":12519,"template":"","meta":{"_coblocks_attr":"","_coblocks_dimensions":"","_coblocks_responsive_height":"","_coblocks_accordion_ie_support":"","_crdt_document":"","jetpack_publicize_message":"","jetpack_publicize_feature_enabled":true,"jetpack_social_post_already_shared":true,"jetpack_social_options":{"image_generator_settings":{"template":"highway","default_image_id":0,"font":"","enabled":false},"version":2},"_wpas_customize_per_network":false},"product_brand":[],"product_cat":[1611,1610,1605],"product_tag":[],"class_list":{"0":"post-12514","1":"product","2":"type-product","3":"status-publish","4":"has-post-thumbnail","6":"product_cat-gramatas-anglu-valoda","7":"product_cat-gramatas-no-victoria-and-albert-muzeja","8":"product_cat-gramatas-par-modes-vesturi","9":"pa_book-author-amy-de-la-haye-lv","10":"pa_book-author-edwina-ehrman-lv","11":"pa_language-anglu","12":"pa_publisher-thames-and-hudson","13":"pa_publisher-va-publishing-lv","15":"first","16":"outofstock","17":"shipping-taxable","18":"purchasable","19":"product-type-simple"},"yoast_head":"<!-- This site is optimized with the Yoast SEO plugin v27.6 - https:\/\/yoast.com\/product\/yoast-seo-wordpress\/ -->\n<title>London Couture: British Luxury 1923-1975 - Fashion Museum Riga Online Store<\/title>\n<meta name=\"robots\" content=\"index, follow, max-snippet:-1, max-image-preview:large, max-video-preview:-1\" \/>\n<link rel=\"canonical\" href=\"https:\/\/fashionmuseum.shop\/lv\/prece\/london-couture-british-luxury-1923-1975\/\" \/>\n<meta property=\"og:locale\" content=\"lv_LV\" \/>\n<meta property=\"og:type\" content=\"article\" \/>\n<meta property=\"og:title\" content=\"London Couture: British Luxury 1923-1975 - Fashion Museum Riga Online Store\" \/>\n<meta property=\"og:description\" content=\"Edwina Ehrman,\u00a0Amy de la Haye  &nbsp;  K\u0101p\u0113c m\u0113s\u00a0izv\u0113l\u0113j\u0101mies\u00a0\u0161o gr\u0101matu:  Izcili skaists un \u013coti v\u0113rt\u012bgs izdevums, kas pirmo reizi t\u0101d\u0101 apjom\u0101 piev\u0113r\u0161as klasiskajai britu augstajai modei, kas apvieno visaugst\u0101ko amata meistar\u012bbu un fascin\u0113jo\u0161as dizaineru idejas. Londona modes pasaul\u0113 alla\u017e izc\u0113lusies ar savu \u012bpa\u0161u stilu, kam rakstur\u012bgs nevainojams piegriezums un uzsvars uz dr\u0113bnieku meistar\u012bbu, k\u0101 ar\u012b skaistiem, kvalitat\u012bviem audumiem. No \u201cWorth\u201d Londonas fili\u0101les l\u012bdz H\u0101rdijam Eimisam \u2013 \u012bsts ce\u013cvedis britu augst\u0101s modes v\u0113stur\u0113! \u0160iks izdevums!\" \/>\n<meta property=\"og:url\" content=\"https:\/\/fashionmuseum.shop\/lv\/prece\/london-couture-british-luxury-1923-1975\/\" \/>\n<meta property=\"og:site_name\" content=\"Fashion Museum Riga Online Store\" \/>\n<meta property=\"article:modified_time\" content=\"2022-08-11T10:17:01+00:00\" \/>\n<meta property=\"og:image\" content=\"https:\/\/fashionmuseum.shop\/wp-content\/uploads\/2022\/08\/london-couture.jpg\" \/>\n\t<meta property=\"og:image:width\" content=\"520\" \/>\n\t<meta property=\"og:image:height\" content=\"520\" \/>\n\t<meta property=\"og:image:type\" content=\"image\/jpeg\" \/>\n<meta name=\"twitter:card\" content=\"summary_large_image\" \/>\n<meta name=\"twitter:label1\" content=\"Est. reading time\" \/>\n\t<meta name=\"twitter:data1\" content=\"1 minute\" \/>\n<script type=\"application\/ld+json\" class=\"yoast-schema-graph\">{\"@context\":\"https:\\\/\\\/schema.org\",\"@graph\":[{\"@type\":\"WebPage\",\"@id\":\"https:\\\/\\\/fashionmuseum.shop\\\/lv\\\/prece\\\/london-couture-british-luxury-1923-1975\\\/\",\"url\":\"https:\\\/\\\/fashionmuseum.shop\\\/lv\\\/prece\\\/london-couture-british-luxury-1923-1975\\\/\",\"name\":\"London Couture: British Luxury 1923-1975 - Fashion Museum Riga Online Store\",\"isPartOf\":{\"@id\":\"https:\\\/\\\/fashionmuseum.shop\\\/lv\\\/#website\"},\"primaryImageOfPage\":{\"@id\":\"https:\\\/\\\/fashionmuseum.shop\\\/lv\\\/prece\\\/london-couture-british-luxury-1923-1975\\\/#primaryimage\"},\"image\":{\"@id\":\"https:\\\/\\\/fashionmuseum.shop\\\/lv\\\/prece\\\/london-couture-british-luxury-1923-1975\\\/#primaryimage\"},\"thumbnailUrl\":\"https:\\\/\\\/i0.wp.com\\\/fashionmuseum.shop\\\/wp-content\\\/uploads\\\/2022\\\/08\\\/london-couture.jpg?fit=520%2C520&ssl=1\",\"datePublished\":\"2022-08-11T09:37:04+00:00\",\"dateModified\":\"2022-08-11T10:17:01+00:00\",\"breadcrumb\":{\"@id\":\"https:\\\/\\\/fashionmuseum.shop\\\/lv\\\/prece\\\/london-couture-british-luxury-1923-1975\\\/#breadcrumb\"},\"inLanguage\":\"lv-LV\",\"potentialAction\":[{\"@type\":\"ReadAction\",\"target\":[\"https:\\\/\\\/fashionmuseum.shop\\\/lv\\\/prece\\\/london-couture-british-luxury-1923-1975\\\/\"]}]},{\"@type\":\"ImageObject\",\"inLanguage\":\"lv-LV\",\"@id\":\"https:\\\/\\\/fashionmuseum.shop\\\/lv\\\/prece\\\/london-couture-british-luxury-1923-1975\\\/#primaryimage\",\"url\":\"https:\\\/\\\/i0.wp.com\\\/fashionmuseum.shop\\\/wp-content\\\/uploads\\\/2022\\\/08\\\/london-couture.jpg?fit=520%2C520&ssl=1\",\"contentUrl\":\"https:\\\/\\\/i0.wp.com\\\/fashionmuseum.shop\\\/wp-content\\\/uploads\\\/2022\\\/08\\\/london-couture.jpg?fit=520%2C520&ssl=1\",\"width\":520,\"height\":520,\"caption\":\"London Couture: British Luxury 1923-1975\"},{\"@type\":\"BreadcrumbList\",\"@id\":\"https:\\\/\\\/fashionmuseum.shop\\\/lv\\\/prece\\\/london-couture-british-luxury-1923-1975\\\/#breadcrumb\",\"itemListElement\":[{\"@type\":\"ListItem\",\"position\":1,\"name\":\"Home\",\"item\":\"https:\\\/\\\/fashionmuseum.shop\\\/lv\\\/\"},{\"@type\":\"ListItem\",\"position\":2,\"name\":\"Products\",\"item\":\"https:\\\/\\\/fashionmuseum.shop\\\/lv\\\/shop\\\/\"},{\"@type\":\"ListItem\",\"position\":3,\"name\":\"London Couture: British Luxury 1923-1975\"}]},{\"@type\":\"WebSite\",\"@id\":\"https:\\\/\\\/fashionmuseum.shop\\\/lv\\\/#website\",\"url\":\"https:\\\/\\\/fashionmuseum.shop\\\/lv\\\/\",\"name\":\"Fashion Museum Online Store\",\"description\":\"Fashion Museum Riga Online Store provides a wide selection of books about fashion and fashion history.\",\"publisher\":{\"@id\":\"https:\\\/\\\/fashionmuseum.shop\\\/lv\\\/#organization\"},\"potentialAction\":[{\"@type\":\"SearchAction\",\"target\":{\"@type\":\"EntryPoint\",\"urlTemplate\":\"https:\\\/\\\/fashionmuseum.shop\\\/lv\\\/?s={search_term_string}\"},\"query-input\":{\"@type\":\"PropertyValueSpecification\",\"valueRequired\":true,\"valueName\":\"search_term_string\"}}],\"inLanguage\":\"lv-LV\"},{\"@type\":\"Organization\",\"@id\":\"https:\\\/\\\/fashionmuseum.shop\\\/lv\\\/#organization\",\"name\":\"Modes muzejs\",\"url\":\"https:\\\/\\\/fashionmuseum.shop\\\/lv\\\/\",\"logo\":{\"@type\":\"ImageObject\",\"inLanguage\":\"lv-LV\",\"@id\":\"https:\\\/\\\/fashionmuseum.shop\\\/lv\\\/#\\\/schema\\\/logo\\\/image\\\/\",\"url\":\"https:\\\/\\\/i1.wp.com\\\/fashionmuseum.shop\\\/wp-content\\\/uploads\\\/2020\\\/04\\\/apple-touch-icon.png?fit=180%2C180&ssl=1\",\"contentUrl\":\"https:\\\/\\\/i1.wp.com\\\/fashionmuseum.shop\\\/wp-content\\\/uploads\\\/2020\\\/04\\\/apple-touch-icon.png?fit=180%2C180&ssl=1\",\"width\":180,\"height\":180,\"caption\":\"Modes muzejs\"},\"image\":{\"@id\":\"https:\\\/\\\/fashionmuseum.shop\\\/lv\\\/#\\\/schema\\\/logo\\\/image\\\/\"}}]}<\/script>\n<!-- \/ Yoast SEO plugin. -->","yoast_head_json":{"title":"London Couture: British Luxury 1923-1975 - Fashion Museum Riga Online Store","robots":{"index":"index","follow":"follow","max-snippet":"max-snippet:-1","max-image-preview":"max-image-preview:large","max-video-preview":"max-video-preview:-1"},"canonical":"https:\/\/fashionmuseum.shop\/lv\/prece\/london-couture-british-luxury-1923-1975\/","og_locale":"lv_LV","og_type":"article","og_title":"London Couture: British Luxury 1923-1975 - Fashion Museum Riga Online Store","og_description":"Edwina Ehrman,\u00a0Amy de la Haye  &nbsp;  K\u0101p\u0113c m\u0113s\u00a0izv\u0113l\u0113j\u0101mies\u00a0\u0161o gr\u0101matu:  Izcili skaists un \u013coti v\u0113rt\u012bgs izdevums, kas pirmo reizi t\u0101d\u0101 apjom\u0101 piev\u0113r\u0161as klasiskajai britu augstajai modei, kas apvieno visaugst\u0101ko amata meistar\u012bbu un fascin\u0113jo\u0161as dizaineru idejas. Londona modes pasaul\u0113 alla\u017e izc\u0113lusies ar savu \u012bpa\u0161u stilu, kam rakstur\u012bgs nevainojams piegriezums un uzsvars uz dr\u0113bnieku meistar\u012bbu, k\u0101 ar\u012b skaistiem, kvalitat\u012bviem audumiem. No \u201cWorth\u201d Londonas fili\u0101les l\u012bdz H\u0101rdijam Eimisam \u2013 \u012bsts ce\u013cvedis britu augst\u0101s modes v\u0113stur\u0113! \u0160iks izdevums!","og_url":"https:\/\/fashionmuseum.shop\/lv\/prece\/london-couture-british-luxury-1923-1975\/","og_site_name":"Fashion Museum Riga Online Store","article_modified_time":"2022-08-11T10:17:01+00:00","og_image":[{"width":520,"height":520,"url":"https:\/\/fashionmuseum.shop\/wp-content\/uploads\/2022\/08\/london-couture.jpg","type":"image\/jpeg"}],"twitter_card":"summary_large_image","twitter_misc":{"Est. reading time":"1 minute"},"schema":{"@context":"https:\/\/schema.org","@graph":[{"@type":"WebPage","@id":"https:\/\/fashionmuseum.shop\/lv\/prece\/london-couture-british-luxury-1923-1975\/","url":"https:\/\/fashionmuseum.shop\/lv\/prece\/london-couture-british-luxury-1923-1975\/","name":"London Couture: British Luxury 1923-1975 - Fashion Museum Riga Online Store","isPartOf":{"@id":"https:\/\/fashionmuseum.shop\/lv\/#website"},"primaryImageOfPage":{"@id":"https:\/\/fashionmuseum.shop\/lv\/prece\/london-couture-british-luxury-1923-1975\/#primaryimage"},"image":{"@id":"https:\/\/fashionmuseum.shop\/lv\/prece\/london-couture-british-luxury-1923-1975\/#primaryimage"},"thumbnailUrl":"https:\/\/i0.wp.com\/fashionmuseum.shop\/wp-content\/uploads\/2022\/08\/london-couture.jpg?fit=520%2C520&ssl=1","datePublished":"2022-08-11T09:37:04+00:00","dateModified":"2022-08-11T10:17:01+00:00","breadcrumb":{"@id":"https:\/\/fashionmuseum.shop\/lv\/prece\/london-couture-british-luxury-1923-1975\/#breadcrumb"},"inLanguage":"lv-LV","potentialAction":[{"@type":"ReadAction","target":["https:\/\/fashionmuseum.shop\/lv\/prece\/london-couture-british-luxury-1923-1975\/"]}]},{"@type":"ImageObject","inLanguage":"lv-LV","@id":"https:\/\/fashionmuseum.shop\/lv\/prece\/london-couture-british-luxury-1923-1975\/#primaryimage","url":"https:\/\/i0.wp.com\/fashionmuseum.shop\/wp-content\/uploads\/2022\/08\/london-couture.jpg?fit=520%2C520&ssl=1","contentUrl":"https:\/\/i0.wp.com\/fashionmuseum.shop\/wp-content\/uploads\/2022\/08\/london-couture.jpg?fit=520%2C520&ssl=1","width":520,"height":520,"caption":"London Couture: British Luxury 1923-1975"},{"@type":"BreadcrumbList","@id":"https:\/\/fashionmuseum.shop\/lv\/prece\/london-couture-british-luxury-1923-1975\/#breadcrumb","itemListElement":[{"@type":"ListItem","position":1,"name":"Home","item":"https:\/\/fashionmuseum.shop\/lv\/"},{"@type":"ListItem","position":2,"name":"Products","item":"https:\/\/fashionmuseum.shop\/lv\/shop\/"},{"@type":"ListItem","position":3,"name":"London Couture: British Luxury 1923-1975"}]},{"@type":"WebSite","@id":"https:\/\/fashionmuseum.shop\/lv\/#website","url":"https:\/\/fashionmuseum.shop\/lv\/","name":"Fashion Museum Online Store","description":"Fashion Museum Riga Online Store provides a wide selection of books about fashion and fashion history.","publisher":{"@id":"https:\/\/fashionmuseum.shop\/lv\/#organization"},"potentialAction":[{"@type":"SearchAction","target":{"@type":"EntryPoint","urlTemplate":"https:\/\/fashionmuseum.shop\/lv\/?s={search_term_string}"},"query-input":{"@type":"PropertyValueSpecification","valueRequired":true,"valueName":"search_term_string"}}],"inLanguage":"lv-LV"},{"@type":"Organization","@id":"https:\/\/fashionmuseum.shop\/lv\/#organization","name":"Modes muzejs","url":"https:\/\/fashionmuseum.shop\/lv\/","logo":{"@type":"ImageObject","inLanguage":"lv-LV","@id":"https:\/\/fashionmuseum.shop\/lv\/#\/schema\/logo\/image\/","url":"https:\/\/i1.wp.com\/fashionmuseum.shop\/wp-content\/uploads\/2020\/04\/apple-touch-icon.png?fit=180%2C180&ssl=1","contentUrl":"https:\/\/i1.wp.com\/fashionmuseum.shop\/wp-content\/uploads\/2020\/04\/apple-touch-icon.png?fit=180%2C180&ssl=1","width":180,"height":180,"caption":"Modes muzejs"},"image":{"@id":"https:\/\/fashionmuseum.shop\/lv\/#\/schema\/logo\/image\/"}}]}},"jetpack_publicize_connections":[],"jetpack_likes_enabled":false,"jetpack_sharing_enabled":true,"amp_enabled":true,"_links":{"self":[{"href":"https:\/\/fashionmuseum.shop\/lv\/wp-json\/wp\/v2\/product\/12514","targetHints":{"allow":["GET"]}}],"collection":[{"href":"https:\/\/fashionmuseum.shop\/lv\/wp-json\/wp\/v2\/product"}],"about":[{"href":"https:\/\/fashionmuseum.shop\/lv\/wp-json\/wp\/v2\/types\/product"}],"wp:featuredmedia":[{"embeddable":true,"href":"https:\/\/fashionmuseum.shop\/lv\/wp-json\/wp\/v2\/media\/12519"}],"wp:attachment":[{"href":"https:\/\/fashionmuseum.shop\/lv\/wp-json\/wp\/v2\/media?parent=12514"}],"wp:term":[{"taxonomy":"product_brand","embeddable":true,"href":"https:\/\/fashionmuseum.shop\/lv\/wp-json\/wp\/v2\/product_brand?post=12514"},{"taxonomy":"product_cat","embeddable":true,"href":"https:\/\/fashionmuseum.shop\/lv\/wp-json\/wp\/v2\/product_cat?post=12514"},{"taxonomy":"product_tag","embeddable":true,"href":"https:\/\/fashionmuseum.shop\/lv\/wp-json\/wp\/v2\/product_tag?post=12514"}],"curies":[{"name":"wp","href":"https:\/\/api.w.org\/{rel}","templated":true}]}}