{"id":12838,"date":"2022-08-13T11:14:02","date_gmt":"2022-08-13T08:14:02","guid":{"rendered":"https:\/\/fashionmuseum.shop\/?post_type=product&#038;p=12838"},"modified":"2023-12-19T12:27:52","modified_gmt":"2023-12-19T10:27:52","slug":"%d1%85%d1%83%d0%b4%d0%be%d0%b6%d0%b5%d1%81%d1%82%d0%b2%d0%b5%d0%bd%d0%bd%d0%b0%d1%8f-%d0%b3%d0%bb%d0%b0%d0%b4%d1%8c-%d0%b2%d1%8b%d1%88%d0%b8%d0%b2%d0%b0%d0%bd%d0%b8%d0%b5-%d0%ba%d0%b0%d0%ba-%d0%b8","status":"publish","type":"product","link":"https:\/\/fashionmuseum.shop\/lv\/prece\/%d1%85%d1%83%d0%b4%d0%be%d0%b6%d0%b5%d1%81%d1%82%d0%b2%d0%b5%d0%bd%d0%bd%d0%b0%d1%8f-%d0%b3%d0%bb%d0%b0%d0%b4%d1%8c-%d0%b2%d1%8b%d1%88%d0%b8%d0%b2%d0%b0%d0%bd%d0%b8%d0%b5-%d0%ba%d0%b0%d0%ba-%d0%b8\/","title":{"rendered":"\u0425\u0443\u0434\u043e\u0436\u0435\u0441\u0442\u0432\u0435\u043d\u043d\u0430\u044f \u0433\u043b\u0430\u0434\u044c. \u0412\u044b\u0448\u0438\u0432\u0430\u043d\u0438\u0435 \u043a\u0430\u043a \u0438\u0441\u043a\u0443\u0441\u0441\u0442\u0432\u043e"},"content":{"rendered":"<p><em><strong>Izdev\u0113ja gr\u0101matas anot\u0101cija:<\/strong><\/em><\/p>\n<p>\u0411\u043b\u0430\u0433\u043e\u0434\u0430\u0440\u044f \u043f\u043e\u0434\u0440\u043e\u0431\u043d\u044b\u043c \u0438\u043d\u0441\u0442\u0440\u0443\u043a\u0446\u0438\u044f\u043c, \u043f\u043e\u0448\u0430\u0433\u043e\u0432\u044b\u043c \u0444\u043e\u0442\u043e\u0433\u0440\u0430\u0444\u0438\u044f\u043c, \u043f\u0440\u0430\u043a\u0442\u0438\u0447\u0435\u0441\u043a\u0438\u043c \u0441\u043e\u0432\u0435\u0442\u0430\u043c \u0438 \u0443\u0434\u043e\u0431\u043d\u044b\u043c \u0448\u0430\u0431\u043b\u043e\u043d\u0430\u043c \u0432\u044b \u043b\u0435\u0433\u043a\u043e \u043e\u0441\u0432\u043e\u0438\u0442\u0435 \u0442\u0435\u0445\u043d\u0438\u043a\u0438 \u0445\u0443\u0434\u043e\u0436\u0435\u0441\u0442\u0432\u0435\u043d\u043d\u043e\u0439 \u0432\u044b\u0448\u0438\u0432\u043a\u0438 \u2014 \u043a\u043e\u043d\u0442\u0443\u0440\u043d\u044b\u0435 \u0448\u0432\u044b, \u0437\u0430\u043f\u043e\u043b\u043d\u0435\u043d\u0438\u0435 \u043e\u0431\u043c\u0435\u0442\u043e\u0447\u043d\u044b\u043c \u0448\u0432\u043e\u043c, \u043c\u044f\u0433\u043a\u043e\u0435 \u0438\u00a0\u0433\u043e\u0431\u0435\u043b\u0435\u043d\u043e\u0432\u043e\u0435 \u0437\u0430\u0442\u0435\u043d\u0435\u043d\u0438\u0435, \u0434\u0432\u0443\u0441\u0442\u043e\u0440\u043e\u043d\u043d\u044e\u044e \u0433\u043b\u0430\u0434\u044c \u0438\u00a0\u0433\u043b\u0430\u0434\u044c \u0441 \u043d\u0430\u0441\u0442\u0438\u043b\u043e\u043c&#8230; 26 \u043e\u0440\u0438\u0433\u0438\u043d\u0430\u043b\u044c\u043d\u044b\u0445 \u0434\u0438\u0437\u0430\u0439\u043d\u043e\u0432 \u043f\u043e\u043c\u043e\u0433\u0443\u0442 \u043f\u0440\u0438\u043c\u0435\u043d\u0438\u0442\u044c \u043f\u043e\u043b\u0443\u0447\u0435\u043d\u043d\u044b\u0435 \u0437\u043d\u0430\u043d\u0438\u044f \u043d\u0430 \u043f\u0440\u0430\u043a\u0442\u0438\u043a\u0435 \u0438 \u0443\u043a\u0440\u0430\u0441\u0438\u0442\u044c \u0438\u043d\u0442\u0435\u0440\u044c\u0435\u0440 \u0443\u0434\u0438\u0432\u0438\u0442\u0435\u043b\u044c\u043d\u043e \u0440\u0435\u0430\u043b\u0438\u0441\u0442\u0438\u0447\u043d\u044b\u043c\u0438 \u043a\u0430\u0440\u0442\u0438\u043d\u0430\u043c\u0438, \u0432\u044b\u043f\u043e\u043b\u043d\u0435\u043d\u043d\u044b\u043c\u0438 \u043d\u0438\u0442\u043a\u0430\u043c\u0438 \u043f\u043e \u0442\u043a\u0430\u043d\u0438.<br \/>\n\u041a\u043d\u0438\u0433\u0430 \u0441\u043e\u0437\u0434\u0430\u043d\u0430 \u043f\u0440\u0438 \u0443\u0447\u0430\u0441\u0442\u0438\u0438 \u0432\u0435\u0434\u0443\u0449\u0438\u0445 \u044d\u043a\u0441\u043f\u0435\u0440\u0442\u043e\u0432 \u0441\u0442\u0443\u0434\u0438\u0438 Inspirations, \u043a\u043e\u0442\u043e\u0440\u0430\u044f \u043d\u0430 \u043f\u0440\u043e\u0442\u044f\u0436\u0435\u043d\u0438\u0438 \u043c\u043d\u043e\u0433\u0438\u0445 \u043b\u0435\u0442 \u044f\u0432\u043b\u044f\u0435\u0442\u0441\u044f \u044d\u0442\u0430\u043b\u043e\u043d\u043e\u043c \u043a\u0440\u0435\u0430\u0442\u0438\u0432\u043d\u043e\u0441\u0442\u0438 \u0438\u00a0\u043a\u0430\u0447\u0435\u0441\u0442\u0432\u0430 \u043d\u0430 \u043c\u0438\u0440\u043e\u0432\u043e\u043c \u0440\u044b\u043d\u043a\u0435 \u043f\u043e\u0441\u043e\u0431\u0438\u0439 \u043f\u043e \u0440\u0443\u043a\u043e\u0434\u0435\u043b\u0438\u044e.<\/p>\n<p>This book is brought by\u00a0<strong><a href=\"https:\/\/fashionmuseum.shop\/lv\/?s=%D0%9A%D0%BE%D0%BB%D0%B8%D0%B1%D1%80%D0%B8&amp;post_type=product&amp;dgwt_wcas=1&amp;lang=en\">\u041a\u043e\u043b\u0438\u0431\u0440\u0438<\/a><\/strong>, ISBN 9785389151598<\/p>\n","protected":false},"excerpt":{"rendered":"<p><a href=\"https:\/\/fashionmuseum.shop\/lv\/book-author\/%d1%81%d1%8c%d1%8e-%d0%b3%d0%b0%d1%80%d0%b4%d0%bd%d0%b5%d1%80\/\"><strong>\u0421\u044c\u044e \u0413\u0430\u0440\u0434\u043d\u0435\u0440<\/strong><\/a><\/p>\n<p><em><strong>K\u0101p\u0113c m\u0113s\u00a0izv\u0113l\u0113j\u0101mies\u00a0\u0161o gr\u0101matu:<\/strong><\/em><\/p>\n<p>Ar smalkas adatas un da\u017e\u0101du to\u0146u diegu pal\u012bdz\u012bbu iesp\u0113jams pan\u0101kt izcilu m\u0101ksliniecisku efektu, radot iz\u0161uvumus, kas ir \u012bsti m\u0101kslas darbi. Ja ar\u012b tevi valdzina \u0161\u012bs apbr\u012bnojam\u0101s prasmes, \u0161\u012b gr\u0101mata dom\u0101ta tie\u0161i tev. Taj\u0101 uzzin\u0101si gan par to, k\u0101 p\u0101rnest z\u012bm\u0113jumu uz auduma un k\u0101 izv\u0113l\u0113ties audumu, diegus un adatas, gan ar\u012b da\u017e\u0101dus pieredz\u0113ju\u0161u iz\u0161uv\u0113ju knifus un padomus. Fascin\u0113jo\u0161a gr\u0101mata!<\/p>\n","protected":false},"featured_media":12943,"template":"","meta":{"_coblocks_attr":"","_coblocks_dimensions":"","_coblocks_responsive_height":"","_coblocks_accordion_ie_support":"","_crdt_document":"","jetpack_publicize_message":"","jetpack_publicize_feature_enabled":true,"jetpack_social_post_already_shared":true,"jetpack_social_options":{"image_generator_settings":{"template":"highway","default_image_id":0,"font":"","enabled":false},"version":2},"_wpas_customize_per_network":false},"product_brand":[],"product_cat":[1613,1607],"product_tag":[],"class_list":{"0":"post-12838","1":"product","2":"type-product","3":"status-publish","4":"has-post-thumbnail","6":"product_cat-gramatas-krievu-valoda","7":"product_cat-gramatas-par-rakstiem-un-ornamentiem","8":"pa_book-author---lv","9":"pa_language-krievu","10":"pa_publisher--lv","12":"first","13":"outofstock","14":"shipping-taxable","15":"purchasable","16":"product-type-simple"},"yoast_head":"<!-- This site is optimized with the Yoast SEO plugin v27.4 - https:\/\/yoast.com\/product\/yoast-seo-wordpress\/ -->\n<title>\u0425\u0443\u0434\u043e\u0436\u0435\u0441\u0442\u0432\u0435\u043d\u043d\u0430\u044f \u0433\u043b\u0430\u0434\u044c. \u0412\u044b\u0448\u0438\u0432\u0430\u043d\u0438\u0435 \u043a\u0430\u043a \u0438\u0441\u043a\u0443\u0441\u0441\u0442\u0432\u043e - Fashion Museum Riga Online Store<\/title>\n<meta name=\"robots\" content=\"index, follow, max-snippet:-1, max-image-preview:large, max-video-preview:-1\" \/>\n<link rel=\"canonical\" href=\"https:\/\/fashionmuseum.shop\/lv\/prece\/%d1%85%d1%83%d0%b4%d0%be%d0%b6%d0%b5%d1%81%d1%82%d0%b2%d0%b5%d0%bd%d0%bd%d0%b0%d1%8f-%d0%b3%d0%bb%d0%b0%d0%b4%d1%8c-%d0%b2%d1%8b%d1%88%d0%b8%d0%b2%d0%b0%d0%bd%d0%b8%d0%b5-%d0%ba%d0%b0%d0%ba-%d0%b8\/\" \/>\n<meta property=\"og:locale\" content=\"lv_LV\" \/>\n<meta property=\"og:type\" content=\"article\" \/>\n<meta property=\"og:title\" content=\"\u0425\u0443\u0434\u043e\u0436\u0435\u0441\u0442\u0432\u0435\u043d\u043d\u0430\u044f \u0433\u043b\u0430\u0434\u044c. \u0412\u044b\u0448\u0438\u0432\u0430\u043d\u0438\u0435 \u043a\u0430\u043a \u0438\u0441\u043a\u0443\u0441\u0441\u0442\u0432\u043e - Fashion Museum Riga Online Store\" \/>\n<meta property=\"og:description\" content=\"\u0421\u044c\u044e \u0413\u0430\u0440\u0434\u043d\u0435\u0440  K\u0101p\u0113c m\u0113s\u00a0izv\u0113l\u0113j\u0101mies\u00a0\u0161o gr\u0101matu:  Ar smalkas adatas un da\u017e\u0101du to\u0146u diegu pal\u012bdz\u012bbu iesp\u0113jams pan\u0101kt izcilu m\u0101ksliniecisku efektu, radot iz\u0161uvumus, kas ir \u012bsti m\u0101kslas darbi. Ja ar\u012b tevi valdzina \u0161\u012bs apbr\u012bnojam\u0101s prasmes, \u0161\u012b gr\u0101mata dom\u0101ta tie\u0161i tev. Taj\u0101 uzzin\u0101si gan par to, k\u0101 p\u0101rnest z\u012bm\u0113jumu uz auduma un k\u0101 izv\u0113l\u0113ties audumu, diegus un adatas, gan ar\u012b da\u017e\u0101dus pieredz\u0113ju\u0161u iz\u0161uv\u0113ju knifus un padomus. Fascin\u0113jo\u0161a gr\u0101mata!\" \/>\n<meta property=\"og:url\" content=\"https:\/\/fashionmuseum.shop\/lv\/prece\/%d1%85%d1%83%d0%b4%d0%be%d0%b6%d0%b5%d1%81%d1%82%d0%b2%d0%b5%d0%bd%d0%bd%d0%b0%d1%8f-%d0%b3%d0%bb%d0%b0%d0%b4%d1%8c-%d0%b2%d1%8b%d1%88%d0%b8%d0%b2%d0%b0%d0%bd%d0%b8%d0%b5-%d0%ba%d0%b0%d0%ba-%d0%b8\/\" \/>\n<meta property=\"og:site_name\" content=\"Fashion Museum Riga Online Store\" \/>\n<meta property=\"article:modified_time\" content=\"2023-12-19T10:27:52+00:00\" \/>\n<meta property=\"og:image\" content=\"https:\/\/i0.wp.com\/fashionmuseum.shop\/wp-content\/uploads\/2022\/08\/hudozhestvennaja-gladj.jpg?fit=1080%2C1080&ssl=1\" \/>\n\t<meta property=\"og:image:width\" content=\"1080\" \/>\n\t<meta property=\"og:image:height\" content=\"1080\" \/>\n\t<meta property=\"og:image:type\" content=\"image\/jpeg\" \/>\n<meta name=\"twitter:card\" content=\"summary_large_image\" \/>\n<script type=\"application\/ld+json\" class=\"yoast-schema-graph\">{\"@context\":\"https:\\\/\\\/schema.org\",\"@graph\":[{\"@type\":\"WebPage\",\"@id\":\"https:\\\/\\\/fashionmuseum.shop\\\/lv\\\/prece\\\/%d1%85%d1%83%d0%b4%d0%be%d0%b6%d0%b5%d1%81%d1%82%d0%b2%d0%b5%d0%bd%d0%bd%d0%b0%d1%8f-%d0%b3%d0%bb%d0%b0%d0%b4%d1%8c-%d0%b2%d1%8b%d1%88%d0%b8%d0%b2%d0%b0%d0%bd%d0%b8%d0%b5-%d0%ba%d0%b0%d0%ba-%d0%b8\\\/\",\"url\":\"https:\\\/\\\/fashionmuseum.shop\\\/lv\\\/prece\\\/%d1%85%d1%83%d0%b4%d0%be%d0%b6%d0%b5%d1%81%d1%82%d0%b2%d0%b5%d0%bd%d0%bd%d0%b0%d1%8f-%d0%b3%d0%bb%d0%b0%d0%b4%d1%8c-%d0%b2%d1%8b%d1%88%d0%b8%d0%b2%d0%b0%d0%bd%d0%b8%d0%b5-%d0%ba%d0%b0%d0%ba-%d0%b8\\\/\",\"name\":\"\u0425\u0443\u0434\u043e\u0436\u0435\u0441\u0442\u0432\u0435\u043d\u043d\u0430\u044f \u0433\u043b\u0430\u0434\u044c. \u0412\u044b\u0448\u0438\u0432\u0430\u043d\u0438\u0435 \u043a\u0430\u043a \u0438\u0441\u043a\u0443\u0441\u0441\u0442\u0432\u043e - Fashion Museum Riga Online Store\",\"isPartOf\":{\"@id\":\"https:\\\/\\\/fashionmuseum.shop\\\/lv\\\/#website\"},\"primaryImageOfPage\":{\"@id\":\"https:\\\/\\\/fashionmuseum.shop\\\/lv\\\/prece\\\/%d1%85%d1%83%d0%b4%d0%be%d0%b6%d0%b5%d1%81%d1%82%d0%b2%d0%b5%d0%bd%d0%bd%d0%b0%d1%8f-%d0%b3%d0%bb%d0%b0%d0%b4%d1%8c-%d0%b2%d1%8b%d1%88%d0%b8%d0%b2%d0%b0%d0%bd%d0%b8%d0%b5-%d0%ba%d0%b0%d0%ba-%d0%b8\\\/#primaryimage\"},\"image\":{\"@id\":\"https:\\\/\\\/fashionmuseum.shop\\\/lv\\\/prece\\\/%d1%85%d1%83%d0%b4%d0%be%d0%b6%d0%b5%d1%81%d1%82%d0%b2%d0%b5%d0%bd%d0%bd%d0%b0%d1%8f-%d0%b3%d0%bb%d0%b0%d0%b4%d1%8c-%d0%b2%d1%8b%d1%88%d0%b8%d0%b2%d0%b0%d0%bd%d0%b8%d0%b5-%d0%ba%d0%b0%d0%ba-%d0%b8\\\/#primaryimage\"},\"thumbnailUrl\":\"https:\\\/\\\/i0.wp.com\\\/fashionmuseum.shop\\\/wp-content\\\/uploads\\\/2022\\\/08\\\/hudozhestvennaja-gladj.jpg?fit=1080%2C1080&ssl=1\",\"datePublished\":\"2022-08-13T08:14:02+00:00\",\"dateModified\":\"2023-12-19T10:27:52+00:00\",\"breadcrumb\":{\"@id\":\"https:\\\/\\\/fashionmuseum.shop\\\/lv\\\/prece\\\/%d1%85%d1%83%d0%b4%d0%be%d0%b6%d0%b5%d1%81%d1%82%d0%b2%d0%b5%d0%bd%d0%bd%d0%b0%d1%8f-%d0%b3%d0%bb%d0%b0%d0%b4%d1%8c-%d0%b2%d1%8b%d1%88%d0%b8%d0%b2%d0%b0%d0%bd%d0%b8%d0%b5-%d0%ba%d0%b0%d0%ba-%d0%b8\\\/#breadcrumb\"},\"inLanguage\":\"lv-LV\",\"potentialAction\":[{\"@type\":\"ReadAction\",\"target\":[\"https:\\\/\\\/fashionmuseum.shop\\\/lv\\\/prece\\\/%d1%85%d1%83%d0%b4%d0%be%d0%b6%d0%b5%d1%81%d1%82%d0%b2%d0%b5%d0%bd%d0%bd%d0%b0%d1%8f-%d0%b3%d0%bb%d0%b0%d0%b4%d1%8c-%d0%b2%d1%8b%d1%88%d0%b8%d0%b2%d0%b0%d0%bd%d0%b8%d0%b5-%d0%ba%d0%b0%d0%ba-%d0%b8\\\/\"]}]},{\"@type\":\"ImageObject\",\"inLanguage\":\"lv-LV\",\"@id\":\"https:\\\/\\\/fashionmuseum.shop\\\/lv\\\/prece\\\/%d1%85%d1%83%d0%b4%d0%be%d0%b6%d0%b5%d1%81%d1%82%d0%b2%d0%b5%d0%bd%d0%bd%d0%b0%d1%8f-%d0%b3%d0%bb%d0%b0%d0%b4%d1%8c-%d0%b2%d1%8b%d1%88%d0%b8%d0%b2%d0%b0%d0%bd%d0%b8%d0%b5-%d0%ba%d0%b0%d0%ba-%d0%b8\\\/#primaryimage\",\"url\":\"https:\\\/\\\/i0.wp.com\\\/fashionmuseum.shop\\\/wp-content\\\/uploads\\\/2022\\\/08\\\/hudozhestvennaja-gladj.jpg?fit=1080%2C1080&ssl=1\",\"contentUrl\":\"https:\\\/\\\/i0.wp.com\\\/fashionmuseum.shop\\\/wp-content\\\/uploads\\\/2022\\\/08\\\/hudozhestvennaja-gladj.jpg?fit=1080%2C1080&ssl=1\",\"width\":1080,\"height\":1080,\"caption\":\"\u0425\u0443\u0434\u043e\u0436\u0435\u0441\u0442\u0432\u0435\u043d\u043d\u0430\u044f \u0433\u043b\u0430\u0434\u044c. \u0412\u044b\u0448\u0438\u0432\u0430\u043d\u0438\u0435 \u043a\u0430\u043a \u0438\u0441\u043a\u0443\u0441\u0441\u0442\u0432\u043e\"},{\"@type\":\"BreadcrumbList\",\"@id\":\"https:\\\/\\\/fashionmuseum.shop\\\/lv\\\/prece\\\/%d1%85%d1%83%d0%b4%d0%be%d0%b6%d0%b5%d1%81%d1%82%d0%b2%d0%b5%d0%bd%d0%bd%d0%b0%d1%8f-%d0%b3%d0%bb%d0%b0%d0%b4%d1%8c-%d0%b2%d1%8b%d1%88%d0%b8%d0%b2%d0%b0%d0%bd%d0%b8%d0%b5-%d0%ba%d0%b0%d0%ba-%d0%b8\\\/#breadcrumb\",\"itemListElement\":[{\"@type\":\"ListItem\",\"position\":1,\"name\":\"Home\",\"item\":\"https:\\\/\\\/fashionmuseum.shop\\\/lv\\\/\"},{\"@type\":\"ListItem\",\"position\":2,\"name\":\"Products\",\"item\":\"https:\\\/\\\/fashionmuseum.shop\\\/lv\\\/shop\\\/\"},{\"@type\":\"ListItem\",\"position\":3,\"name\":\"\u0425\u0443\u0434\u043e\u0436\u0435\u0441\u0442\u0432\u0435\u043d\u043d\u0430\u044f \u0433\u043b\u0430\u0434\u044c. \u0412\u044b\u0448\u0438\u0432\u0430\u043d\u0438\u0435 \u043a\u0430\u043a \u0438\u0441\u043a\u0443\u0441\u0441\u0442\u0432\u043e\"}]},{\"@type\":\"WebSite\",\"@id\":\"https:\\\/\\\/fashionmuseum.shop\\\/lv\\\/#website\",\"url\":\"https:\\\/\\\/fashionmuseum.shop\\\/lv\\\/\",\"name\":\"Fashion Museum Online Store\",\"description\":\"Fashion Museum Riga Online Store provides a wide selection of books about fashion and fashion history.\",\"publisher\":{\"@id\":\"https:\\\/\\\/fashionmuseum.shop\\\/lv\\\/#organization\"},\"potentialAction\":[{\"@type\":\"SearchAction\",\"target\":{\"@type\":\"EntryPoint\",\"urlTemplate\":\"https:\\\/\\\/fashionmuseum.shop\\\/lv\\\/?s={search_term_string}\"},\"query-input\":{\"@type\":\"PropertyValueSpecification\",\"valueRequired\":true,\"valueName\":\"search_term_string\"}}],\"inLanguage\":\"lv-LV\"},{\"@type\":\"Organization\",\"@id\":\"https:\\\/\\\/fashionmuseum.shop\\\/lv\\\/#organization\",\"name\":\"Modes muzejs\",\"url\":\"https:\\\/\\\/fashionmuseum.shop\\\/lv\\\/\",\"logo\":{\"@type\":\"ImageObject\",\"inLanguage\":\"lv-LV\",\"@id\":\"https:\\\/\\\/fashionmuseum.shop\\\/lv\\\/#\\\/schema\\\/logo\\\/image\\\/\",\"url\":\"https:\\\/\\\/i1.wp.com\\\/fashionmuseum.shop\\\/wp-content\\\/uploads\\\/2020\\\/04\\\/apple-touch-icon.png?fit=180%2C180&ssl=1\",\"contentUrl\":\"https:\\\/\\\/i1.wp.com\\\/fashionmuseum.shop\\\/wp-content\\\/uploads\\\/2020\\\/04\\\/apple-touch-icon.png?fit=180%2C180&ssl=1\",\"width\":180,\"height\":180,\"caption\":\"Modes muzejs\"},\"image\":{\"@id\":\"https:\\\/\\\/fashionmuseum.shop\\\/lv\\\/#\\\/schema\\\/logo\\\/image\\\/\"}}]}<\/script>\n<!-- \/ Yoast SEO plugin. -->","yoast_head_json":{"title":"\u0425\u0443\u0434\u043e\u0436\u0435\u0441\u0442\u0432\u0435\u043d\u043d\u0430\u044f \u0433\u043b\u0430\u0434\u044c. \u0412\u044b\u0448\u0438\u0432\u0430\u043d\u0438\u0435 \u043a\u0430\u043a \u0438\u0441\u043a\u0443\u0441\u0441\u0442\u0432\u043e - Fashion Museum Riga Online Store","robots":{"index":"index","follow":"follow","max-snippet":"max-snippet:-1","max-image-preview":"max-image-preview:large","max-video-preview":"max-video-preview:-1"},"canonical":"https:\/\/fashionmuseum.shop\/lv\/prece\/%d1%85%d1%83%d0%b4%d0%be%d0%b6%d0%b5%d1%81%d1%82%d0%b2%d0%b5%d0%bd%d0%bd%d0%b0%d1%8f-%d0%b3%d0%bb%d0%b0%d0%b4%d1%8c-%d0%b2%d1%8b%d1%88%d0%b8%d0%b2%d0%b0%d0%bd%d0%b8%d0%b5-%d0%ba%d0%b0%d0%ba-%d0%b8\/","og_locale":"lv_LV","og_type":"article","og_title":"\u0425\u0443\u0434\u043e\u0436\u0435\u0441\u0442\u0432\u0435\u043d\u043d\u0430\u044f \u0433\u043b\u0430\u0434\u044c. \u0412\u044b\u0448\u0438\u0432\u0430\u043d\u0438\u0435 \u043a\u0430\u043a \u0438\u0441\u043a\u0443\u0441\u0441\u0442\u0432\u043e - Fashion Museum Riga Online Store","og_description":"\u0421\u044c\u044e \u0413\u0430\u0440\u0434\u043d\u0435\u0440  K\u0101p\u0113c m\u0113s\u00a0izv\u0113l\u0113j\u0101mies\u00a0\u0161o gr\u0101matu:  Ar smalkas adatas un da\u017e\u0101du to\u0146u diegu pal\u012bdz\u012bbu iesp\u0113jams pan\u0101kt izcilu m\u0101ksliniecisku efektu, radot iz\u0161uvumus, kas ir \u012bsti m\u0101kslas darbi. Ja ar\u012b tevi valdzina \u0161\u012bs apbr\u012bnojam\u0101s prasmes, \u0161\u012b gr\u0101mata dom\u0101ta tie\u0161i tev. Taj\u0101 uzzin\u0101si gan par to, k\u0101 p\u0101rnest z\u012bm\u0113jumu uz auduma un k\u0101 izv\u0113l\u0113ties audumu, diegus un adatas, gan ar\u012b da\u017e\u0101dus pieredz\u0113ju\u0161u iz\u0161uv\u0113ju knifus un padomus. Fascin\u0113jo\u0161a gr\u0101mata!","og_url":"https:\/\/fashionmuseum.shop\/lv\/prece\/%d1%85%d1%83%d0%b4%d0%be%d0%b6%d0%b5%d1%81%d1%82%d0%b2%d0%b5%d0%bd%d0%bd%d0%b0%d1%8f-%d0%b3%d0%bb%d0%b0%d0%b4%d1%8c-%d0%b2%d1%8b%d1%88%d0%b8%d0%b2%d0%b0%d0%bd%d0%b8%d0%b5-%d0%ba%d0%b0%d0%ba-%d0%b8\/","og_site_name":"Fashion Museum Riga Online Store","article_modified_time":"2023-12-19T10:27:52+00:00","og_image":[{"width":1080,"height":1080,"url":"https:\/\/i0.wp.com\/fashionmuseum.shop\/wp-content\/uploads\/2022\/08\/hudozhestvennaja-gladj.jpg?fit=1080%2C1080&ssl=1","type":"image\/jpeg"}],"twitter_card":"summary_large_image","schema":{"@context":"https:\/\/schema.org","@graph":[{"@type":"WebPage","@id":"https:\/\/fashionmuseum.shop\/lv\/prece\/%d1%85%d1%83%d0%b4%d0%be%d0%b6%d0%b5%d1%81%d1%82%d0%b2%d0%b5%d0%bd%d0%bd%d0%b0%d1%8f-%d0%b3%d0%bb%d0%b0%d0%b4%d1%8c-%d0%b2%d1%8b%d1%88%d0%b8%d0%b2%d0%b0%d0%bd%d0%b8%d0%b5-%d0%ba%d0%b0%d0%ba-%d0%b8\/","url":"https:\/\/fashionmuseum.shop\/lv\/prece\/%d1%85%d1%83%d0%b4%d0%be%d0%b6%d0%b5%d1%81%d1%82%d0%b2%d0%b5%d0%bd%d0%bd%d0%b0%d1%8f-%d0%b3%d0%bb%d0%b0%d0%b4%d1%8c-%d0%b2%d1%8b%d1%88%d0%b8%d0%b2%d0%b0%d0%bd%d0%b8%d0%b5-%d0%ba%d0%b0%d0%ba-%d0%b8\/","name":"\u0425\u0443\u0434\u043e\u0436\u0435\u0441\u0442\u0432\u0435\u043d\u043d\u0430\u044f \u0433\u043b\u0430\u0434\u044c. \u0412\u044b\u0448\u0438\u0432\u0430\u043d\u0438\u0435 \u043a\u0430\u043a \u0438\u0441\u043a\u0443\u0441\u0441\u0442\u0432\u043e - Fashion Museum Riga Online Store","isPartOf":{"@id":"https:\/\/fashionmuseum.shop\/lv\/#website"},"primaryImageOfPage":{"@id":"https:\/\/fashionmuseum.shop\/lv\/prece\/%d1%85%d1%83%d0%b4%d0%be%d0%b6%d0%b5%d1%81%d1%82%d0%b2%d0%b5%d0%bd%d0%bd%d0%b0%d1%8f-%d0%b3%d0%bb%d0%b0%d0%b4%d1%8c-%d0%b2%d1%8b%d1%88%d0%b8%d0%b2%d0%b0%d0%bd%d0%b8%d0%b5-%d0%ba%d0%b0%d0%ba-%d0%b8\/#primaryimage"},"image":{"@id":"https:\/\/fashionmuseum.shop\/lv\/prece\/%d1%85%d1%83%d0%b4%d0%be%d0%b6%d0%b5%d1%81%d1%82%d0%b2%d0%b5%d0%bd%d0%bd%d0%b0%d1%8f-%d0%b3%d0%bb%d0%b0%d0%b4%d1%8c-%d0%b2%d1%8b%d1%88%d0%b8%d0%b2%d0%b0%d0%bd%d0%b8%d0%b5-%d0%ba%d0%b0%d0%ba-%d0%b8\/#primaryimage"},"thumbnailUrl":"https:\/\/i0.wp.com\/fashionmuseum.shop\/wp-content\/uploads\/2022\/08\/hudozhestvennaja-gladj.jpg?fit=1080%2C1080&ssl=1","datePublished":"2022-08-13T08:14:02+00:00","dateModified":"2023-12-19T10:27:52+00:00","breadcrumb":{"@id":"https:\/\/fashionmuseum.shop\/lv\/prece\/%d1%85%d1%83%d0%b4%d0%be%d0%b6%d0%b5%d1%81%d1%82%d0%b2%d0%b5%d0%bd%d0%bd%d0%b0%d1%8f-%d0%b3%d0%bb%d0%b0%d0%b4%d1%8c-%d0%b2%d1%8b%d1%88%d0%b8%d0%b2%d0%b0%d0%bd%d0%b8%d0%b5-%d0%ba%d0%b0%d0%ba-%d0%b8\/#breadcrumb"},"inLanguage":"lv-LV","potentialAction":[{"@type":"ReadAction","target":["https:\/\/fashionmuseum.shop\/lv\/prece\/%d1%85%d1%83%d0%b4%d0%be%d0%b6%d0%b5%d1%81%d1%82%d0%b2%d0%b5%d0%bd%d0%bd%d0%b0%d1%8f-%d0%b3%d0%bb%d0%b0%d0%b4%d1%8c-%d0%b2%d1%8b%d1%88%d0%b8%d0%b2%d0%b0%d0%bd%d0%b8%d0%b5-%d0%ba%d0%b0%d0%ba-%d0%b8\/"]}]},{"@type":"ImageObject","inLanguage":"lv-LV","@id":"https:\/\/fashionmuseum.shop\/lv\/prece\/%d1%85%d1%83%d0%b4%d0%be%d0%b6%d0%b5%d1%81%d1%82%d0%b2%d0%b5%d0%bd%d0%bd%d0%b0%d1%8f-%d0%b3%d0%bb%d0%b0%d0%b4%d1%8c-%d0%b2%d1%8b%d1%88%d0%b8%d0%b2%d0%b0%d0%bd%d0%b8%d0%b5-%d0%ba%d0%b0%d0%ba-%d0%b8\/#primaryimage","url":"https:\/\/i0.wp.com\/fashionmuseum.shop\/wp-content\/uploads\/2022\/08\/hudozhestvennaja-gladj.jpg?fit=1080%2C1080&ssl=1","contentUrl":"https:\/\/i0.wp.com\/fashionmuseum.shop\/wp-content\/uploads\/2022\/08\/hudozhestvennaja-gladj.jpg?fit=1080%2C1080&ssl=1","width":1080,"height":1080,"caption":"\u0425\u0443\u0434\u043e\u0436\u0435\u0441\u0442\u0432\u0435\u043d\u043d\u0430\u044f \u0433\u043b\u0430\u0434\u044c. \u0412\u044b\u0448\u0438\u0432\u0430\u043d\u0438\u0435 \u043a\u0430\u043a \u0438\u0441\u043a\u0443\u0441\u0441\u0442\u0432\u043e"},{"@type":"BreadcrumbList","@id":"https:\/\/fashionmuseum.shop\/lv\/prece\/%d1%85%d1%83%d0%b4%d0%be%d0%b6%d0%b5%d1%81%d1%82%d0%b2%d0%b5%d0%bd%d0%bd%d0%b0%d1%8f-%d0%b3%d0%bb%d0%b0%d0%b4%d1%8c-%d0%b2%d1%8b%d1%88%d0%b8%d0%b2%d0%b0%d0%bd%d0%b8%d0%b5-%d0%ba%d0%b0%d0%ba-%d0%b8\/#breadcrumb","itemListElement":[{"@type":"ListItem","position":1,"name":"Home","item":"https:\/\/fashionmuseum.shop\/lv\/"},{"@type":"ListItem","position":2,"name":"Products","item":"https:\/\/fashionmuseum.shop\/lv\/shop\/"},{"@type":"ListItem","position":3,"name":"\u0425\u0443\u0434\u043e\u0436\u0435\u0441\u0442\u0432\u0435\u043d\u043d\u0430\u044f \u0433\u043b\u0430\u0434\u044c. \u0412\u044b\u0448\u0438\u0432\u0430\u043d\u0438\u0435 \u043a\u0430\u043a \u0438\u0441\u043a\u0443\u0441\u0441\u0442\u0432\u043e"}]},{"@type":"WebSite","@id":"https:\/\/fashionmuseum.shop\/lv\/#website","url":"https:\/\/fashionmuseum.shop\/lv\/","name":"Fashion Museum Online Store","description":"Fashion Museum Riga Online Store provides a wide selection of books about fashion and fashion history.","publisher":{"@id":"https:\/\/fashionmuseum.shop\/lv\/#organization"},"potentialAction":[{"@type":"SearchAction","target":{"@type":"EntryPoint","urlTemplate":"https:\/\/fashionmuseum.shop\/lv\/?s={search_term_string}"},"query-input":{"@type":"PropertyValueSpecification","valueRequired":true,"valueName":"search_term_string"}}],"inLanguage":"lv-LV"},{"@type":"Organization","@id":"https:\/\/fashionmuseum.shop\/lv\/#organization","name":"Modes muzejs","url":"https:\/\/fashionmuseum.shop\/lv\/","logo":{"@type":"ImageObject","inLanguage":"lv-LV","@id":"https:\/\/fashionmuseum.shop\/lv\/#\/schema\/logo\/image\/","url":"https:\/\/i1.wp.com\/fashionmuseum.shop\/wp-content\/uploads\/2020\/04\/apple-touch-icon.png?fit=180%2C180&ssl=1","contentUrl":"https:\/\/i1.wp.com\/fashionmuseum.shop\/wp-content\/uploads\/2020\/04\/apple-touch-icon.png?fit=180%2C180&ssl=1","width":180,"height":180,"caption":"Modes muzejs"},"image":{"@id":"https:\/\/fashionmuseum.shop\/lv\/#\/schema\/logo\/image\/"}}]}},"jetpack_publicize_connections":[],"jetpack_likes_enabled":false,"jetpack_sharing_enabled":true,"amp_enabled":true,"_links":{"self":[{"href":"https:\/\/fashionmuseum.shop\/lv\/wp-json\/wp\/v2\/product\/12838","targetHints":{"allow":["GET"]}}],"collection":[{"href":"https:\/\/fashionmuseum.shop\/lv\/wp-json\/wp\/v2\/product"}],"about":[{"href":"https:\/\/fashionmuseum.shop\/lv\/wp-json\/wp\/v2\/types\/product"}],"wp:featuredmedia":[{"embeddable":true,"href":"https:\/\/fashionmuseum.shop\/lv\/wp-json\/wp\/v2\/media\/12943"}],"wp:attachment":[{"href":"https:\/\/fashionmuseum.shop\/lv\/wp-json\/wp\/v2\/media?parent=12838"}],"wp:term":[{"taxonomy":"product_brand","embeddable":true,"href":"https:\/\/fashionmuseum.shop\/lv\/wp-json\/wp\/v2\/product_brand?post=12838"},{"taxonomy":"product_cat","embeddable":true,"href":"https:\/\/fashionmuseum.shop\/lv\/wp-json\/wp\/v2\/product_cat?post=12838"},{"taxonomy":"product_tag","embeddable":true,"href":"https:\/\/fashionmuseum.shop\/lv\/wp-json\/wp\/v2\/product_tag?post=12838"}],"curies":[{"name":"wp","href":"https:\/\/api.w.org\/{rel}","templated":true}]}}