{"id":12865,"date":"2022-08-13T11:46:14","date_gmt":"2022-08-13T08:46:14","guid":{"rendered":"https:\/\/fashionmuseum.shop\/?post_type=product&#038;p=12865"},"modified":"2022-08-13T12:17:09","modified_gmt":"2022-08-13T09:17:09","slug":"%d0%bc%d0%be%d0%b8-%d1%88%d0%b8%d1%84%d0%be%d0%bd%d0%be%d0%b2%d1%8b%d0%b5-%d0%be%d0%ba%d0%be%d0%bf%d1%8b-%d0%bc%d0%b5%d0%bc%d1%83%d0%b0%d1%80%d1%8b-%d0%bb%d0%b5%d0%b3%d0%b5%d0%bd%d0%b4%d1%8b-vogue","status":"publish","type":"product","link":"https:\/\/fashionmuseum.shop\/lv\/prece\/%d0%bc%d0%be%d0%b8-%d1%88%d0%b8%d1%84%d0%be%d0%bd%d0%be%d0%b2%d1%8b%d0%b5-%d0%be%d0%ba%d0%be%d0%bf%d1%8b-%d0%bc%d0%b5%d0%bc%d1%83%d0%b0%d1%80%d1%8b-%d0%bb%d0%b5%d0%b3%d0%b5%d0%bd%d0%b4%d1%8b-vogue\/","title":{"rendered":"\u041c\u043e\u0438 \u0448\u0438\u0444\u043e\u043d\u043e\u0432\u044b\u0435 \u043e\u043a\u043e\u043f\u044b. \u041c\u0435\u043c\u0443\u0430\u0440\u044b \u043b\u0435\u0433\u0435\u043d\u0434\u044b Vogue"},"content":{"rendered":"<p><em><strong>Izdev\u0113ja gr\u0101matas anot\u0101cija:<\/strong><\/em><\/p>\n<p><span id=\"ctrlcopy\">\u041c\u0435\u043c\u0443\u0430\u0440\u044b \u0410\u043d\u0434\u0440\u0435 \u041b\u0435\u043e\u043d\u0430 \u0422\u044d\u043b\u043b\u0438 \u2013 \u043d\u0435 \u043f\u0440\u043e\u0441\u0442\u043e \u0440\u0430\u0441\u0441\u043a\u0430\u0437 \u043e \u0435\u0433\u043e \u0441\u043b\u043e\u0436\u043d\u043e\u043c \u043f\u0443\u0442\u0438, \u0430 \u043e\u0442\u043a\u0440\u043e\u0432\u0435\u043d\u043d\u0430\u044f \u0438\u0441\u043f\u043e\u0432\u0435\u0434\u044c \u0447\u0435\u043b\u043e\u0432\u0435\u043a\u0430, \u0447\u044c\u044f \u043a\u0430\u0440\u044c\u0435\u0440\u0430 \u0432\u043d\u0435\u0437\u0430\u043f\u043d\u043e \u0440\u0430\u0437\u0431\u0438\u043b\u0430\u0441\u044c \u043e \u0436\u0435\u0441\u0442\u043e\u043a\u0438\u0435 \u0441\u0442\u0430\u043d\u0434\u0430\u0440\u0442\u044b \u0438\u043d\u0434\u0443\u0441\u0442\u0440\u0438\u0438. \u0412 \u0441\u0432\u043e\u0435\u0439 \u043a\u043d\u0438\u0433\u0435 \u0410\u043d\u0434\u0440\u0435 \u0432\u043f\u0435\u0440\u0432\u044b\u0435 \u043f\u043e\u0434\u0435\u043b\u0438\u043b\u0441\u044f \u0432\u043e\u0441\u043f\u043e\u043c\u0438\u043d\u0430\u043d\u0438\u044f\u043c\u0438 \u043e \u0442\u044f\u0436\u0435\u043b\u043e\u043c \u0434\u0435\u0442\u0441\u0442\u0432\u0435 \u0438 \u043d\u0430\u0441\u0438\u043b\u0438\u0438 \u0432 \u0432\u043e\u0437\u0440\u0430\u0441\u0442\u0435 8 \u043b\u0435\u0442, \u043e \u043f\u0435\u0440\u0435\u0435\u0437\u0434\u0435 \u0432 \u041f\u0430\u0440\u0438\u0436 \u0438 \u0441\u043e\u0442\u0440\u0443\u0434\u043d\u0438\u0447\u0435\u0441\u0442\u0432\u0435 \u0441 \u042d\u043d\u0434\u0438 \u0423\u043e\u0440\u0445\u043e\u043b\u043e\u043c, \u043e \u0434\u0438\u0441\u043a\u0440\u0438\u043c\u0438\u043d\u0430\u0446\u0438\u0438 \u0441\u043e \u0441\u0442\u043e\u0440\u043e\u043d\u044b \u043c\u043e\u0434\u043d\u043e\u0433\u043e \u0414\u043e\u043c\u0430 Yves Saint Laurent \u0438 \u0441\u043b\u0443\u0436\u0431\u0435 \u0432 Vogue, \u0433\u0434\u0435 \u043e\u043d \u0437\u0430\u0440\u0430\u0431\u043e\u0442\u0430\u043b \u0441\u0435\u0431\u0435 \u0438\u043c\u044f, \u0440\u0435\u043f\u0443\u0442\u0430\u0446\u0438\u044e \u0438 \u0434\u0443\u0448\u0435\u0432\u043d\u044b\u0435 \u0442\u0440\u0430\u0432\u043c\u044b, \u043e \u043a\u043e\u0442\u043e\u0440\u044b\u0445 \u043d\u0435 \u0441\u0442\u0435\u0441\u043d\u044f\u043b\u0441\u044f \u0433\u043e\u0432\u043e\u0440\u0438\u0442\u044c. \u0410\u043d\u0434\u0440\u0435 \u043f\u0440\u0438\u043e\u0442\u043a\u0440\u044b\u043b \u0437\u0430\u0432\u0435\u0441\u0443 \u0433\u043b\u044f\u043d\u0446\u0435\u0432\u043e\u0439 \u0438\u043d\u0434\u0443\u0441\u0442\u0440\u0438\u0438, \u0432 \u043f\u043e\u043b\u043d\u043e\u0439 \u043c\u0435\u0440\u0435 \u043f\u0435\u0440\u0435\u0434\u0430\u0432 \u0434\u0443\u0445 \u044d\u043f\u043e\u0445 \u043a\u043b\u0443\u0431\u0430 Studio 54, \u043f\u043e\u043a\u0430\u0437\u043e\u0432 \u0414\u0436\u0430\u043d\u043d\u0438 \u0412\u0435\u0440\u0441\u0430\u0447\u0438 \u0438 \u0414\u0436\u043e\u043d\u0430 \u0413\u0430\u043b\u044c\u044f\u043d\u043e, \u0432\u0437\u043b\u0435\u0442\u0430 \u043a\u0430\u0440\u044c\u0435\u0440\u044b \u041d\u0430\u043e\u043c\u0438 \u041a\u044d\u043c\u043f\u0431\u0435\u043b\u043b \u0438 \u0434\u0440\u0443\u0433\u0438\u0445 \u043a\u0443\u043b\u044c\u0442\u043e\u0432\u044b\u0445 \u044f\u0432\u043b\u0435\u043d\u0438\u0439 \u0442\u0435\u0445 \u0432\u0440\u0435\u043c\u0435\u043d. \u041f\u0440\u0435\u0434\u0441\u0442\u0430\u0432\u0438\u043b \u0434\u0435\u0441\u044f\u0442\u043a\u0438 \u0430\u0440\u0445\u0438\u0432\u043d\u044b\u0445 \u0444\u043e\u0442\u043e \u0438 \u044d\u043a\u0441\u043a\u043b\u044e\u0437\u0438\u0432\u043d\u044b\u0445 \u0438\u0441\u0442\u043e\u0440\u0438\u0439, \u043f\u043e\u0437\u0432\u043e\u043b\u044f\u044e\u0449\u0438\u0445 \u0442\u0440\u0435\u0437\u0432\u043e \u0432\u0437\u0433\u043b\u044f\u043d\u0443\u0442\u044c \u043d\u0430 \u043f\u0440\u0435\u0434\u0441\u0442\u0430\u0432\u0438\u0442\u0435\u043b\u0435\u0439 \u043c\u043e\u0434\u044b \u043f\u043e\u0441\u043b\u0435\u0434\u043d\u0438\u0445 \u043f\u044f\u0442\u0438\u0434\u0435\u0441\u044f\u0442\u0438 \u043b\u0435\u0442: \u043e\u0442 \u0414\u0438\u0430\u043d\u044b \u0412\u0440\u0438\u043b\u0430\u043d\u0434 \u0438 \u0411\u044c\u044f\u043d\u043a\u0438 \u0414\u0436\u0430\u0433\u0435\u0440 \u0434\u043e \u041c\u0430\u0440\u043a\u0430 \u0414\u0436\u0435\u0439\u043a\u043e\u0431\u0441\u0430 \u0438 \u0422\u043e\u043c\u0430 \u0424\u043e\u0440\u0434\u0430. \u0410 \u0442\u0430\u043a\u0436\u0435 \u0443\u0437\u043d\u0430\u0442\u044c, \u043f\u043e\u0447\u0435\u043c\u0443 \u043f\u0440\u0435\u0440\u0432\u0430\u043b\u0430\u0441\u044c 40-\u043b\u0435\u0442\u043d\u044f\u044f \u0434\u0440\u0443\u0436\u0431\u0430 \u0441 \u041a\u0430\u0440\u043b\u043e\u043c \u041b\u0430\u0433\u0435\u0440\u0444\u0435\u043b\u044c\u0434\u043e\u043c, \u0438 \u0447\u0442\u043e \u0441\u0442\u0430\u043b\u043e \u0438\u0441\u0442\u0438\u043d\u043d\u043e\u0439 \u043f\u0440\u0438\u0447\u0438\u043d\u043e\u0439 \u0441\u0441\u043e\u0440\u044b \u0410\u043d\u0434\u0440\u0435 \u0441 \u0410\u043d\u043d\u043e\u0439 \u0412\u0438\u043d\u0442\u0443\u0440.<\/span><\/p>\n<p>This book is brought by\u00a0<strong><a href=\"https:\/\/fashionmuseum.shop\/lv\/publisher\/%D0%BE%D0%B4%D1%80%D0%B8\/\">\u041e\u0434\u0440\u0438<\/a><\/strong>, ISBN 9785041216535<\/p>\n","protected":false},"excerpt":{"rendered":"<p><a id=\"6853-en\" class=\"icl_tt_term_name\"><\/a>\u00a0<a href=\"https:\/\/fashionmuseum.shop\/lv\/book-author\/%d1%82%d0%b5%d0%bb%d0%bb%d0%b8-%d0%b0%d0%bd%d0%b4%d1%80%d0%b5-%d0%bb%d0%b5%d0%be%d0%bd\/\"><strong>\u0422\u0435\u043b\u043b\u0438 \u0410\u043d\u0434\u0440\u0435 \u041b\u0435\u043e\u043d<\/strong><\/a><\/p>\n<p><em><strong>K\u0101p\u0113c m\u0113s\u00a0izv\u0113l\u0113j\u0101mies\u00a0\u0161o gr\u0101matu:<\/strong><\/em><\/p>\n<p>Kad 10 gadus vecais Andr\u0113 Leons Tellijs viet\u0113j\u0101 bibliot\u0113k\u0101 pirmoreiz ieraudz\u012bja \u017eurn\u0101lu \u201cVogue\u201d, vi\u0146\u0161 diezin vai var\u0113ja iedom\u0101ties, ka reiz str\u0101d\u0101s slavenaj\u0101 izdevum\u0101\u2026 Amerikas modes nozares le\u0123endas memu\u0101ri ir emocion\u0101ls st\u0101sts ne vien par modes pasauli, t\u0101s slaven\u012bb\u0101m, aizkulis\u0113m un dr\u0101m\u0101m, bet ar\u012b par b\u0113rn\u012bbas traum\u0101m un personiskiem p\u0101rdz\u012bvojumiem, k\u0101 ar\u012b \u012bstu draudz\u012bbu un rado\u0161umu.<\/p>\n","protected":false},"featured_media":12949,"template":"","meta":{"_coblocks_attr":"","_coblocks_dimensions":"","_coblocks_responsive_height":"","_coblocks_accordion_ie_support":"","_crdt_document":"","jetpack_publicize_message":"","jetpack_publicize_feature_enabled":true,"jetpack_social_post_already_shared":true,"jetpack_social_options":{"image_generator_settings":{"template":"highway","default_image_id":0,"font":"","enabled":false},"version":2},"_wpas_customize_per_network":false},"product_brand":[],"product_cat":[1613,1603,1605,2418],"product_tag":[],"class_list":{"0":"post-12865","1":"product","2":"type-product","3":"status-publish","4":"has-post-thumbnail","6":"product_cat-gramatas-krievu-valoda","7":"product_cat-gramatas-par-modes-dizaineriem","8":"product_cat-gramatas-par-modes-vesturi","9":"product_cat-gramatas","10":"pa_book-author----lv","11":"pa_language-krievu","12":"pa_publisher--lv","14":"first","15":"instock","16":"shipping-taxable","17":"purchasable","18":"product-type-simple"},"yoast_head":"<!-- This site is optimized with the Yoast SEO plugin v27.4 - https:\/\/yoast.com\/product\/yoast-seo-wordpress\/ -->\n<title>\u041c\u043e\u0438 \u0448\u0438\u0444\u043e\u043d\u043e\u0432\u044b\u0435 \u043e\u043a\u043e\u043f\u044b. \u041c\u0435\u043c\u0443\u0430\u0440\u044b \u043b\u0435\u0433\u0435\u043d\u0434\u044b Vogue - Fashion Museum Riga Online Store<\/title>\n<meta name=\"robots\" content=\"index, follow, max-snippet:-1, max-image-preview:large, max-video-preview:-1\" \/>\n<link rel=\"canonical\" href=\"https:\/\/fashionmuseum.shop\/lv\/prece\/%d0%bc%d0%be%d0%b8-%d1%88%d0%b8%d1%84%d0%be%d0%bd%d0%be%d0%b2%d1%8b%d0%b5-%d0%be%d0%ba%d0%be%d0%bf%d1%8b-%d0%bc%d0%b5%d0%bc%d1%83%d0%b0%d1%80%d1%8b-%d0%bb%d0%b5%d0%b3%d0%b5%d0%bd%d0%b4%d1%8b-vogue\/\" \/>\n<meta property=\"og:locale\" content=\"lv_LV\" \/>\n<meta property=\"og:type\" content=\"article\" \/>\n<meta property=\"og:title\" content=\"\u041c\u043e\u0438 \u0448\u0438\u0444\u043e\u043d\u043e\u0432\u044b\u0435 \u043e\u043a\u043e\u043f\u044b. \u041c\u0435\u043c\u0443\u0430\u0440\u044b \u043b\u0435\u0433\u0435\u043d\u0434\u044b Vogue - Fashion Museum Riga Online Store\" \/>\n<meta property=\"og:description\" content=\"\u00a0\u0422\u0435\u043b\u043b\u0438 \u0410\u043d\u0434\u0440\u0435 \u041b\u0435\u043e\u043d  K\u0101p\u0113c m\u0113s\u00a0izv\u0113l\u0113j\u0101mies\u00a0\u0161o gr\u0101matu:  Kad 10 gadus vecais Andr\u0113 Leons Tellijs viet\u0113j\u0101 bibliot\u0113k\u0101 pirmoreiz ieraudz\u012bja \u017eurn\u0101lu \u201cVogue\u201d, vi\u0146\u0161 diezin vai var\u0113ja iedom\u0101ties, ka reiz str\u0101d\u0101s slavenaj\u0101 izdevum\u0101\u2026 Amerikas modes nozares le\u0123endas memu\u0101ri ir emocion\u0101ls st\u0101sts ne vien par modes pasauli, t\u0101s slaven\u012bb\u0101m, aizkulis\u0113m un dr\u0101m\u0101m, bet ar\u012b par b\u0113rn\u012bbas traum\u0101m un personiskiem p\u0101rdz\u012bvojumiem, k\u0101 ar\u012b \u012bstu draudz\u012bbu un rado\u0161umu.\" \/>\n<meta property=\"og:url\" content=\"https:\/\/fashionmuseum.shop\/lv\/prece\/%d0%bc%d0%be%d0%b8-%d1%88%d0%b8%d1%84%d0%be%d0%bd%d0%be%d0%b2%d1%8b%d0%b5-%d0%be%d0%ba%d0%be%d0%bf%d1%8b-%d0%bc%d0%b5%d0%bc%d1%83%d0%b0%d1%80%d1%8b-%d0%bb%d0%b5%d0%b3%d0%b5%d0%bd%d0%b4%d1%8b-vogue\/\" \/>\n<meta property=\"og:site_name\" content=\"Fashion Museum Riga Online Store\" \/>\n<meta property=\"article:modified_time\" content=\"2022-08-13T09:17:09+00:00\" \/>\n<meta property=\"og:image\" content=\"https:\/\/fashionmuseum.shop\/wp-content\/uploads\/2022\/08\/moi-shifonovije-okopi.jpg\" \/>\n\t<meta property=\"og:image:width\" content=\"1080\" \/>\n\t<meta property=\"og:image:height\" content=\"1080\" \/>\n\t<meta property=\"og:image:type\" content=\"image\/jpeg\" \/>\n<meta name=\"twitter:card\" content=\"summary_large_image\" \/>\n<script type=\"application\/ld+json\" class=\"yoast-schema-graph\">{\"@context\":\"https:\\\/\\\/schema.org\",\"@graph\":[{\"@type\":\"WebPage\",\"@id\":\"https:\\\/\\\/fashionmuseum.shop\\\/lv\\\/prece\\\/%d0%bc%d0%be%d0%b8-%d1%88%d0%b8%d1%84%d0%be%d0%bd%d0%be%d0%b2%d1%8b%d0%b5-%d0%be%d0%ba%d0%be%d0%bf%d1%8b-%d0%bc%d0%b5%d0%bc%d1%83%d0%b0%d1%80%d1%8b-%d0%bb%d0%b5%d0%b3%d0%b5%d0%bd%d0%b4%d1%8b-vogue\\\/\",\"url\":\"https:\\\/\\\/fashionmuseum.shop\\\/lv\\\/prece\\\/%d0%bc%d0%be%d0%b8-%d1%88%d0%b8%d1%84%d0%be%d0%bd%d0%be%d0%b2%d1%8b%d0%b5-%d0%be%d0%ba%d0%be%d0%bf%d1%8b-%d0%bc%d0%b5%d0%bc%d1%83%d0%b0%d1%80%d1%8b-%d0%bb%d0%b5%d0%b3%d0%b5%d0%bd%d0%b4%d1%8b-vogue\\\/\",\"name\":\"\u041c\u043e\u0438 \u0448\u0438\u0444\u043e\u043d\u043e\u0432\u044b\u0435 \u043e\u043a\u043e\u043f\u044b. \u041c\u0435\u043c\u0443\u0430\u0440\u044b \u043b\u0435\u0433\u0435\u043d\u0434\u044b Vogue - Fashion Museum Riga Online Store\",\"isPartOf\":{\"@id\":\"https:\\\/\\\/fashionmuseum.shop\\\/lv\\\/#website\"},\"primaryImageOfPage\":{\"@id\":\"https:\\\/\\\/fashionmuseum.shop\\\/lv\\\/prece\\\/%d0%bc%d0%be%d0%b8-%d1%88%d0%b8%d1%84%d0%be%d0%bd%d0%be%d0%b2%d1%8b%d0%b5-%d0%be%d0%ba%d0%be%d0%bf%d1%8b-%d0%bc%d0%b5%d0%bc%d1%83%d0%b0%d1%80%d1%8b-%d0%bb%d0%b5%d0%b3%d0%b5%d0%bd%d0%b4%d1%8b-vogue\\\/#primaryimage\"},\"image\":{\"@id\":\"https:\\\/\\\/fashionmuseum.shop\\\/lv\\\/prece\\\/%d0%bc%d0%be%d0%b8-%d1%88%d0%b8%d1%84%d0%be%d0%bd%d0%be%d0%b2%d1%8b%d0%b5-%d0%be%d0%ba%d0%be%d0%bf%d1%8b-%d0%bc%d0%b5%d0%bc%d1%83%d0%b0%d1%80%d1%8b-%d0%bb%d0%b5%d0%b3%d0%b5%d0%bd%d0%b4%d1%8b-vogue\\\/#primaryimage\"},\"thumbnailUrl\":\"https:\\\/\\\/i0.wp.com\\\/fashionmuseum.shop\\\/wp-content\\\/uploads\\\/2022\\\/08\\\/moi-shifonovije-okopi.jpg?fit=1080%2C1080&ssl=1\",\"datePublished\":\"2022-08-13T08:46:14+00:00\",\"dateModified\":\"2022-08-13T09:17:09+00:00\",\"breadcrumb\":{\"@id\":\"https:\\\/\\\/fashionmuseum.shop\\\/lv\\\/prece\\\/%d0%bc%d0%be%d0%b8-%d1%88%d0%b8%d1%84%d0%be%d0%bd%d0%be%d0%b2%d1%8b%d0%b5-%d0%be%d0%ba%d0%be%d0%bf%d1%8b-%d0%bc%d0%b5%d0%bc%d1%83%d0%b0%d1%80%d1%8b-%d0%bb%d0%b5%d0%b3%d0%b5%d0%bd%d0%b4%d1%8b-vogue\\\/#breadcrumb\"},\"inLanguage\":\"lv-LV\",\"potentialAction\":[{\"@type\":\"ReadAction\",\"target\":[\"https:\\\/\\\/fashionmuseum.shop\\\/lv\\\/prece\\\/%d0%bc%d0%be%d0%b8-%d1%88%d0%b8%d1%84%d0%be%d0%bd%d0%be%d0%b2%d1%8b%d0%b5-%d0%be%d0%ba%d0%be%d0%bf%d1%8b-%d0%bc%d0%b5%d0%bc%d1%83%d0%b0%d1%80%d1%8b-%d0%bb%d0%b5%d0%b3%d0%b5%d0%bd%d0%b4%d1%8b-vogue\\\/\"]}]},{\"@type\":\"ImageObject\",\"inLanguage\":\"lv-LV\",\"@id\":\"https:\\\/\\\/fashionmuseum.shop\\\/lv\\\/prece\\\/%d0%bc%d0%be%d0%b8-%d1%88%d0%b8%d1%84%d0%be%d0%bd%d0%be%d0%b2%d1%8b%d0%b5-%d0%be%d0%ba%d0%be%d0%bf%d1%8b-%d0%bc%d0%b5%d0%bc%d1%83%d0%b0%d1%80%d1%8b-%d0%bb%d0%b5%d0%b3%d0%b5%d0%bd%d0%b4%d1%8b-vogue\\\/#primaryimage\",\"url\":\"https:\\\/\\\/i0.wp.com\\\/fashionmuseum.shop\\\/wp-content\\\/uploads\\\/2022\\\/08\\\/moi-shifonovije-okopi.jpg?fit=1080%2C1080&ssl=1\",\"contentUrl\":\"https:\\\/\\\/i0.wp.com\\\/fashionmuseum.shop\\\/wp-content\\\/uploads\\\/2022\\\/08\\\/moi-shifonovije-okopi.jpg?fit=1080%2C1080&ssl=1\",\"width\":1080,\"height\":1080,\"caption\":\"\u041c\u043e\u0438 \u0448\u0438\u0444\u043e\u043d\u043e\u0432\u044b\u0435 \u043e\u043a\u043e\u043f\u044b. \u041c\u0435\u043c\u0443\u0430\u0440\u044b \u043b\u0435\u0433\u0435\u043d\u0434\u044b Vogue\"},{\"@type\":\"BreadcrumbList\",\"@id\":\"https:\\\/\\\/fashionmuseum.shop\\\/lv\\\/prece\\\/%d0%bc%d0%be%d0%b8-%d1%88%d0%b8%d1%84%d0%be%d0%bd%d0%be%d0%b2%d1%8b%d0%b5-%d0%be%d0%ba%d0%be%d0%bf%d1%8b-%d0%bc%d0%b5%d0%bc%d1%83%d0%b0%d1%80%d1%8b-%d0%bb%d0%b5%d0%b3%d0%b5%d0%bd%d0%b4%d1%8b-vogue\\\/#breadcrumb\",\"itemListElement\":[{\"@type\":\"ListItem\",\"position\":1,\"name\":\"Home\",\"item\":\"https:\\\/\\\/fashionmuseum.shop\\\/lv\\\/\"},{\"@type\":\"ListItem\",\"position\":2,\"name\":\"Products\",\"item\":\"https:\\\/\\\/fashionmuseum.shop\\\/lv\\\/shop\\\/\"},{\"@type\":\"ListItem\",\"position\":3,\"name\":\"\u041c\u043e\u0438 \u0448\u0438\u0444\u043e\u043d\u043e\u0432\u044b\u0435 \u043e\u043a\u043e\u043f\u044b. \u041c\u0435\u043c\u0443\u0430\u0440\u044b \u043b\u0435\u0433\u0435\u043d\u0434\u044b Vogue\"}]},{\"@type\":\"WebSite\",\"@id\":\"https:\\\/\\\/fashionmuseum.shop\\\/lv\\\/#website\",\"url\":\"https:\\\/\\\/fashionmuseum.shop\\\/lv\\\/\",\"name\":\"Fashion Museum Online Store\",\"description\":\"Fashion Museum Riga Online Store provides a wide selection of books about fashion and fashion history.\",\"publisher\":{\"@id\":\"https:\\\/\\\/fashionmuseum.shop\\\/lv\\\/#organization\"},\"potentialAction\":[{\"@type\":\"SearchAction\",\"target\":{\"@type\":\"EntryPoint\",\"urlTemplate\":\"https:\\\/\\\/fashionmuseum.shop\\\/lv\\\/?s={search_term_string}\"},\"query-input\":{\"@type\":\"PropertyValueSpecification\",\"valueRequired\":true,\"valueName\":\"search_term_string\"}}],\"inLanguage\":\"lv-LV\"},{\"@type\":\"Organization\",\"@id\":\"https:\\\/\\\/fashionmuseum.shop\\\/lv\\\/#organization\",\"name\":\"Modes muzejs\",\"url\":\"https:\\\/\\\/fashionmuseum.shop\\\/lv\\\/\",\"logo\":{\"@type\":\"ImageObject\",\"inLanguage\":\"lv-LV\",\"@id\":\"https:\\\/\\\/fashionmuseum.shop\\\/lv\\\/#\\\/schema\\\/logo\\\/image\\\/\",\"url\":\"https:\\\/\\\/i1.wp.com\\\/fashionmuseum.shop\\\/wp-content\\\/uploads\\\/2020\\\/04\\\/apple-touch-icon.png?fit=180%2C180&ssl=1\",\"contentUrl\":\"https:\\\/\\\/i1.wp.com\\\/fashionmuseum.shop\\\/wp-content\\\/uploads\\\/2020\\\/04\\\/apple-touch-icon.png?fit=180%2C180&ssl=1\",\"width\":180,\"height\":180,\"caption\":\"Modes muzejs\"},\"image\":{\"@id\":\"https:\\\/\\\/fashionmuseum.shop\\\/lv\\\/#\\\/schema\\\/logo\\\/image\\\/\"}}]}<\/script>\n<!-- \/ Yoast SEO plugin. -->","yoast_head_json":{"title":"\u041c\u043e\u0438 \u0448\u0438\u0444\u043e\u043d\u043e\u0432\u044b\u0435 \u043e\u043a\u043e\u043f\u044b. \u041c\u0435\u043c\u0443\u0430\u0440\u044b \u043b\u0435\u0433\u0435\u043d\u0434\u044b Vogue - Fashion Museum Riga Online Store","robots":{"index":"index","follow":"follow","max-snippet":"max-snippet:-1","max-image-preview":"max-image-preview:large","max-video-preview":"max-video-preview:-1"},"canonical":"https:\/\/fashionmuseum.shop\/lv\/prece\/%d0%bc%d0%be%d0%b8-%d1%88%d0%b8%d1%84%d0%be%d0%bd%d0%be%d0%b2%d1%8b%d0%b5-%d0%be%d0%ba%d0%be%d0%bf%d1%8b-%d0%bc%d0%b5%d0%bc%d1%83%d0%b0%d1%80%d1%8b-%d0%bb%d0%b5%d0%b3%d0%b5%d0%bd%d0%b4%d1%8b-vogue\/","og_locale":"lv_LV","og_type":"article","og_title":"\u041c\u043e\u0438 \u0448\u0438\u0444\u043e\u043d\u043e\u0432\u044b\u0435 \u043e\u043a\u043e\u043f\u044b. \u041c\u0435\u043c\u0443\u0430\u0440\u044b \u043b\u0435\u0433\u0435\u043d\u0434\u044b Vogue - Fashion Museum Riga Online Store","og_description":"\u00a0\u0422\u0435\u043b\u043b\u0438 \u0410\u043d\u0434\u0440\u0435 \u041b\u0435\u043e\u043d  K\u0101p\u0113c m\u0113s\u00a0izv\u0113l\u0113j\u0101mies\u00a0\u0161o gr\u0101matu:  Kad 10 gadus vecais Andr\u0113 Leons Tellijs viet\u0113j\u0101 bibliot\u0113k\u0101 pirmoreiz ieraudz\u012bja \u017eurn\u0101lu \u201cVogue\u201d, vi\u0146\u0161 diezin vai var\u0113ja iedom\u0101ties, ka reiz str\u0101d\u0101s slavenaj\u0101 izdevum\u0101\u2026 Amerikas modes nozares le\u0123endas memu\u0101ri ir emocion\u0101ls st\u0101sts ne vien par modes pasauli, t\u0101s slaven\u012bb\u0101m, aizkulis\u0113m un dr\u0101m\u0101m, bet ar\u012b par b\u0113rn\u012bbas traum\u0101m un personiskiem p\u0101rdz\u012bvojumiem, k\u0101 ar\u012b \u012bstu draudz\u012bbu un rado\u0161umu.","og_url":"https:\/\/fashionmuseum.shop\/lv\/prece\/%d0%bc%d0%be%d0%b8-%d1%88%d0%b8%d1%84%d0%be%d0%bd%d0%be%d0%b2%d1%8b%d0%b5-%d0%be%d0%ba%d0%be%d0%bf%d1%8b-%d0%bc%d0%b5%d0%bc%d1%83%d0%b0%d1%80%d1%8b-%d0%bb%d0%b5%d0%b3%d0%b5%d0%bd%d0%b4%d1%8b-vogue\/","og_site_name":"Fashion Museum Riga Online Store","article_modified_time":"2022-08-13T09:17:09+00:00","og_image":[{"width":1080,"height":1080,"url":"https:\/\/fashionmuseum.shop\/wp-content\/uploads\/2022\/08\/moi-shifonovije-okopi.jpg","type":"image\/jpeg"}],"twitter_card":"summary_large_image","schema":{"@context":"https:\/\/schema.org","@graph":[{"@type":"WebPage","@id":"https:\/\/fashionmuseum.shop\/lv\/prece\/%d0%bc%d0%be%d0%b8-%d1%88%d0%b8%d1%84%d0%be%d0%bd%d0%be%d0%b2%d1%8b%d0%b5-%d0%be%d0%ba%d0%be%d0%bf%d1%8b-%d0%bc%d0%b5%d0%bc%d1%83%d0%b0%d1%80%d1%8b-%d0%bb%d0%b5%d0%b3%d0%b5%d0%bd%d0%b4%d1%8b-vogue\/","url":"https:\/\/fashionmuseum.shop\/lv\/prece\/%d0%bc%d0%be%d0%b8-%d1%88%d0%b8%d1%84%d0%be%d0%bd%d0%be%d0%b2%d1%8b%d0%b5-%d0%be%d0%ba%d0%be%d0%bf%d1%8b-%d0%bc%d0%b5%d0%bc%d1%83%d0%b0%d1%80%d1%8b-%d0%bb%d0%b5%d0%b3%d0%b5%d0%bd%d0%b4%d1%8b-vogue\/","name":"\u041c\u043e\u0438 \u0448\u0438\u0444\u043e\u043d\u043e\u0432\u044b\u0435 \u043e\u043a\u043e\u043f\u044b. \u041c\u0435\u043c\u0443\u0430\u0440\u044b \u043b\u0435\u0433\u0435\u043d\u0434\u044b Vogue - Fashion Museum Riga Online Store","isPartOf":{"@id":"https:\/\/fashionmuseum.shop\/lv\/#website"},"primaryImageOfPage":{"@id":"https:\/\/fashionmuseum.shop\/lv\/prece\/%d0%bc%d0%be%d0%b8-%d1%88%d0%b8%d1%84%d0%be%d0%bd%d0%be%d0%b2%d1%8b%d0%b5-%d0%be%d0%ba%d0%be%d0%bf%d1%8b-%d0%bc%d0%b5%d0%bc%d1%83%d0%b0%d1%80%d1%8b-%d0%bb%d0%b5%d0%b3%d0%b5%d0%bd%d0%b4%d1%8b-vogue\/#primaryimage"},"image":{"@id":"https:\/\/fashionmuseum.shop\/lv\/prece\/%d0%bc%d0%be%d0%b8-%d1%88%d0%b8%d1%84%d0%be%d0%bd%d0%be%d0%b2%d1%8b%d0%b5-%d0%be%d0%ba%d0%be%d0%bf%d1%8b-%d0%bc%d0%b5%d0%bc%d1%83%d0%b0%d1%80%d1%8b-%d0%bb%d0%b5%d0%b3%d0%b5%d0%bd%d0%b4%d1%8b-vogue\/#primaryimage"},"thumbnailUrl":"https:\/\/i0.wp.com\/fashionmuseum.shop\/wp-content\/uploads\/2022\/08\/moi-shifonovije-okopi.jpg?fit=1080%2C1080&ssl=1","datePublished":"2022-08-13T08:46:14+00:00","dateModified":"2022-08-13T09:17:09+00:00","breadcrumb":{"@id":"https:\/\/fashionmuseum.shop\/lv\/prece\/%d0%bc%d0%be%d0%b8-%d1%88%d0%b8%d1%84%d0%be%d0%bd%d0%be%d0%b2%d1%8b%d0%b5-%d0%be%d0%ba%d0%be%d0%bf%d1%8b-%d0%bc%d0%b5%d0%bc%d1%83%d0%b0%d1%80%d1%8b-%d0%bb%d0%b5%d0%b3%d0%b5%d0%bd%d0%b4%d1%8b-vogue\/#breadcrumb"},"inLanguage":"lv-LV","potentialAction":[{"@type":"ReadAction","target":["https:\/\/fashionmuseum.shop\/lv\/prece\/%d0%bc%d0%be%d0%b8-%d1%88%d0%b8%d1%84%d0%be%d0%bd%d0%be%d0%b2%d1%8b%d0%b5-%d0%be%d0%ba%d0%be%d0%bf%d1%8b-%d0%bc%d0%b5%d0%bc%d1%83%d0%b0%d1%80%d1%8b-%d0%bb%d0%b5%d0%b3%d0%b5%d0%bd%d0%b4%d1%8b-vogue\/"]}]},{"@type":"ImageObject","inLanguage":"lv-LV","@id":"https:\/\/fashionmuseum.shop\/lv\/prece\/%d0%bc%d0%be%d0%b8-%d1%88%d0%b8%d1%84%d0%be%d0%bd%d0%be%d0%b2%d1%8b%d0%b5-%d0%be%d0%ba%d0%be%d0%bf%d1%8b-%d0%bc%d0%b5%d0%bc%d1%83%d0%b0%d1%80%d1%8b-%d0%bb%d0%b5%d0%b3%d0%b5%d0%bd%d0%b4%d1%8b-vogue\/#primaryimage","url":"https:\/\/i0.wp.com\/fashionmuseum.shop\/wp-content\/uploads\/2022\/08\/moi-shifonovije-okopi.jpg?fit=1080%2C1080&ssl=1","contentUrl":"https:\/\/i0.wp.com\/fashionmuseum.shop\/wp-content\/uploads\/2022\/08\/moi-shifonovije-okopi.jpg?fit=1080%2C1080&ssl=1","width":1080,"height":1080,"caption":"\u041c\u043e\u0438 \u0448\u0438\u0444\u043e\u043d\u043e\u0432\u044b\u0435 \u043e\u043a\u043e\u043f\u044b. \u041c\u0435\u043c\u0443\u0430\u0440\u044b \u043b\u0435\u0433\u0435\u043d\u0434\u044b Vogue"},{"@type":"BreadcrumbList","@id":"https:\/\/fashionmuseum.shop\/lv\/prece\/%d0%bc%d0%be%d0%b8-%d1%88%d0%b8%d1%84%d0%be%d0%bd%d0%be%d0%b2%d1%8b%d0%b5-%d0%be%d0%ba%d0%be%d0%bf%d1%8b-%d0%bc%d0%b5%d0%bc%d1%83%d0%b0%d1%80%d1%8b-%d0%bb%d0%b5%d0%b3%d0%b5%d0%bd%d0%b4%d1%8b-vogue\/#breadcrumb","itemListElement":[{"@type":"ListItem","position":1,"name":"Home","item":"https:\/\/fashionmuseum.shop\/lv\/"},{"@type":"ListItem","position":2,"name":"Products","item":"https:\/\/fashionmuseum.shop\/lv\/shop\/"},{"@type":"ListItem","position":3,"name":"\u041c\u043e\u0438 \u0448\u0438\u0444\u043e\u043d\u043e\u0432\u044b\u0435 \u043e\u043a\u043e\u043f\u044b. \u041c\u0435\u043c\u0443\u0430\u0440\u044b \u043b\u0435\u0433\u0435\u043d\u0434\u044b Vogue"}]},{"@type":"WebSite","@id":"https:\/\/fashionmuseum.shop\/lv\/#website","url":"https:\/\/fashionmuseum.shop\/lv\/","name":"Fashion Museum Online Store","description":"Fashion Museum Riga Online Store provides a wide selection of books about fashion and fashion history.","publisher":{"@id":"https:\/\/fashionmuseum.shop\/lv\/#organization"},"potentialAction":[{"@type":"SearchAction","target":{"@type":"EntryPoint","urlTemplate":"https:\/\/fashionmuseum.shop\/lv\/?s={search_term_string}"},"query-input":{"@type":"PropertyValueSpecification","valueRequired":true,"valueName":"search_term_string"}}],"inLanguage":"lv-LV"},{"@type":"Organization","@id":"https:\/\/fashionmuseum.shop\/lv\/#organization","name":"Modes muzejs","url":"https:\/\/fashionmuseum.shop\/lv\/","logo":{"@type":"ImageObject","inLanguage":"lv-LV","@id":"https:\/\/fashionmuseum.shop\/lv\/#\/schema\/logo\/image\/","url":"https:\/\/i1.wp.com\/fashionmuseum.shop\/wp-content\/uploads\/2020\/04\/apple-touch-icon.png?fit=180%2C180&ssl=1","contentUrl":"https:\/\/i1.wp.com\/fashionmuseum.shop\/wp-content\/uploads\/2020\/04\/apple-touch-icon.png?fit=180%2C180&ssl=1","width":180,"height":180,"caption":"Modes muzejs"},"image":{"@id":"https:\/\/fashionmuseum.shop\/lv\/#\/schema\/logo\/image\/"}}]}},"jetpack_publicize_connections":[],"jetpack_likes_enabled":false,"jetpack_sharing_enabled":true,"amp_enabled":true,"_links":{"self":[{"href":"https:\/\/fashionmuseum.shop\/lv\/wp-json\/wp\/v2\/product\/12865","targetHints":{"allow":["GET"]}}],"collection":[{"href":"https:\/\/fashionmuseum.shop\/lv\/wp-json\/wp\/v2\/product"}],"about":[{"href":"https:\/\/fashionmuseum.shop\/lv\/wp-json\/wp\/v2\/types\/product"}],"wp:featuredmedia":[{"embeddable":true,"href":"https:\/\/fashionmuseum.shop\/lv\/wp-json\/wp\/v2\/media\/12949"}],"wp:attachment":[{"href":"https:\/\/fashionmuseum.shop\/lv\/wp-json\/wp\/v2\/media?parent=12865"}],"wp:term":[{"taxonomy":"product_brand","embeddable":true,"href":"https:\/\/fashionmuseum.shop\/lv\/wp-json\/wp\/v2\/product_brand?post=12865"},{"taxonomy":"product_cat","embeddable":true,"href":"https:\/\/fashionmuseum.shop\/lv\/wp-json\/wp\/v2\/product_cat?post=12865"},{"taxonomy":"product_tag","embeddable":true,"href":"https:\/\/fashionmuseum.shop\/lv\/wp-json\/wp\/v2\/product_tag?post=12865"}],"curies":[{"name":"wp","href":"https:\/\/api.w.org\/{rel}","templated":true}]}}