{"id":1348,"date":"2020-04-15T07:39:00","date_gmt":"2020-04-15T04:39:00","guid":{"rendered":"https:\/\/fashionmuseum.shop\/product\/etides-par-modi-un-stilu\/"},"modified":"2024-11-20T12:13:17","modified_gmt":"2024-11-20T10:13:17","slug":"etides-par-modi-un-stilu","status":"publish","type":"product","link":"https:\/\/fashionmuseum.shop\/lv\/prece\/etides-par-modi-un-stilu\/","title":{"rendered":"Et\u012bdes par modi un stilu"},"content":{"rendered":"<p><em><strong>Izdev\u0113ja gr\u0101matas anot\u0101cija<span lang=\"lv-LV\">:<\/span><\/strong><\/em><\/p>\n<p>Gr\u0101mat\u0101 ietverti modes v\u0113sturnieka Aleksandra Vasi\u013cjeva v\u0113sturiskie un anal\u012btiskie raksti, kas velt\u012bti modei un t\u0113rpiem, krievu stilam, interjeram, emigr\u0101cijas v\u0113sturei, baletam un te\u0101trim.<\/p>\n<p>A.Vasi\u013cjevs ir veidojis vair\u0101k nek\u0101 100 dekor\u0101cijas vado\u0161o te\u0101tru baletiem un oper\u0101m, k\u0101 ar\u012b daudziem paz\u012bstamiem te\u0101tru uzvedumiem un film\u0101m daudz\u0101s pasaules valst\u012bs. K\u0101 vieslektors vi\u0146\u0161 lasa lekcijas un vada meistarklases par modi un skatuves dizainu vair\u0101k\u0101s valod\u0101s daudz\u0101s pasaules koled\u017e\u0101s un universit\u0101t\u0113s.<\/p>\n<p>A. Vasi\u013cjevs ir daudzu gr\u0101matu autors, str\u0101d\u0101jis k\u0101 \u017eurn\u0101lu \u201cVogue\u201d un \u201cHarper&#8217;s Bazzar\u201d krievu valodas izdevumu speci\u0101lais korespondents Par\u012bz\u0113.<\/p>\n<p>\u0160\u012bs\u00a0gr\u0101matas izdev\u0113js ir <span style=\"text-decoration: underline;\"><strong><a href=\"https:\/\/fashionmuseum.shop\/publisher\/jumava-lv\/?lang=lv\">Jumava<\/a><\/strong>,<\/span> ISBN 9789934118647<\/p>\n","protected":false},"excerpt":{"rendered":"<p>by\u00a0<span style=\"text-decoration: underline;\"><strong><a href=\"https:\/\/fashionmuseum.shop\/book-author\/aleksandrs-vasiljevs-lv\/?lang=lv\">Aleksandrs Vasi\u013cjevs<\/a><\/strong><\/span><\/p>\n<p><em><strong>K\u0101p\u0113c m\u0113s\u00a0izv\u0113l\u0113j\u0101mies\u00a0\u0161o gr\u0101matu:<\/strong><\/em><\/p>\n<p>Aizraut\u012bgais modes v\u0113sturnieks un kolekcion\u0101rs Aleksandrs Vasi\u013cjevs alla\u017e ir amizants un \u0161armants, un vi\u0146\u0161 raug\u0101s uz modi no emocion\u0101la un cilv\u0113ciska skatpunkta. \u0160aj\u0101 gr\u0101mat\u0101 apkopoti maestro raksti un esejas \u2013 gan par vi\u0146a unik\u0101lo kolekciju un vec\u0101kiem, gan par modes v\u0113sturi un ap\u0123\u0113rba evol\u016bciju.<\/p>\n","protected":false},"featured_media":1349,"template":"","meta":{"_coblocks_attr":"","_coblocks_dimensions":"","_coblocks_responsive_height":"","_coblocks_accordion_ie_support":"","_crdt_document":"","jetpack_publicize_message":"","jetpack_publicize_feature_enabled":true,"jetpack_social_post_already_shared":true,"jetpack_social_options":{"image_generator_settings":{"template":"highway","default_image_id":0,"font":"","enabled":false},"version":2},"_wpas_customize_per_network":false},"product_brand":[],"product_cat":[3023,1612,1605],"product_tag":[],"class_list":{"0":"post-1348","1":"product","2":"type-product","3":"status-publish","4":"has-post-thumbnail","6":"product_cat-gramatas-ar-autografiem","7":"product_cat-gramatas-latviesu-valoda","8":"product_cat-gramatas-par-modes-vesturi","9":"pa_book-author-aleksandrs-vasiljevs-lv","10":"pa_book-author-alexandre-vassiliev-lv","11":"pa_book-author---lv","12":"pa_language-latviesu","13":"pa_publisher-jumava-lv","15":"first","16":"instock","17":"shipping-taxable","18":"purchasable","19":"product-type-simple"},"yoast_head":"<!-- This site is optimized with the Yoast SEO plugin v27.5 - https:\/\/yoast.com\/product\/yoast-seo-wordpress\/ -->\n<title>Et\u012bdes par modi un stilu - Fashion Museum Riga Online Store<\/title>\n<meta name=\"robots\" content=\"index, follow, max-snippet:-1, max-image-preview:large, max-video-preview:-1\" \/>\n<link rel=\"canonical\" href=\"https:\/\/fashionmuseum.shop\/lv\/prece\/etides-par-modi-un-stilu\/\" \/>\n<meta property=\"og:locale\" content=\"lv_LV\" \/>\n<meta property=\"og:type\" content=\"article\" \/>\n<meta property=\"og:title\" content=\"Et\u012bdes par modi un stilu - Fashion Museum Riga Online Store\" \/>\n<meta property=\"og:description\" content=\"by\u00a0Aleksandrs Vasi\u013cjevs  K\u0101p\u0113c m\u0113s\u00a0izv\u0113l\u0113j\u0101mies\u00a0\u0161o gr\u0101matu:  Aizraut\u012bgais modes v\u0113sturnieks un kolekcion\u0101rs Aleksandrs Vasi\u013cjevs alla\u017e ir amizants un \u0161armants, un vi\u0146\u0161 raug\u0101s uz modi no emocion\u0101la un cilv\u0113ciska skatpunkta. \u0160aj\u0101 gr\u0101mat\u0101 apkopoti maestro raksti un esejas \u2013 gan par vi\u0146a unik\u0101lo kolekciju un vec\u0101kiem, gan par modes v\u0113sturi un ap\u0123\u0113rba evol\u016bciju.\" \/>\n<meta property=\"og:url\" content=\"https:\/\/fashionmuseum.shop\/lv\/prece\/etides-par-modi-un-stilu\/\" \/>\n<meta property=\"og:site_name\" content=\"Fashion Museum Riga Online Store\" \/>\n<meta property=\"article:modified_time\" content=\"2024-11-20T10:13:17+00:00\" \/>\n<meta property=\"og:image\" content=\"https:\/\/i0.wp.com\/fashionmuseum.shop\/wp-content\/uploads\/2020\/04\/etides-par-modi-un-stilu.jpg?fit=720%2C720&ssl=1\" \/>\n\t<meta property=\"og:image:width\" content=\"720\" \/>\n\t<meta property=\"og:image:height\" content=\"720\" \/>\n\t<meta property=\"og:image:type\" content=\"image\/jpeg\" \/>\n<meta name=\"twitter:card\" content=\"summary_large_image\" \/>\n<meta name=\"twitter:label1\" content=\"Est. reading time\" \/>\n\t<meta name=\"twitter:data1\" content=\"1 minute\" \/>\n<script type=\"application\/ld+json\" class=\"yoast-schema-graph\">{\"@context\":\"https:\\\/\\\/schema.org\",\"@graph\":[{\"@type\":\"WebPage\",\"@id\":\"https:\\\/\\\/fashionmuseum.shop\\\/lv\\\/prece\\\/etides-par-modi-un-stilu\\\/\",\"url\":\"https:\\\/\\\/fashionmuseum.shop\\\/lv\\\/prece\\\/etides-par-modi-un-stilu\\\/\",\"name\":\"Et\u012bdes par modi un stilu - Fashion Museum Riga Online Store\",\"isPartOf\":{\"@id\":\"https:\\\/\\\/fashionmuseum.shop\\\/lv\\\/#website\"},\"primaryImageOfPage\":{\"@id\":\"https:\\\/\\\/fashionmuseum.shop\\\/lv\\\/prece\\\/etides-par-modi-un-stilu\\\/#primaryimage\"},\"image\":{\"@id\":\"https:\\\/\\\/fashionmuseum.shop\\\/lv\\\/prece\\\/etides-par-modi-un-stilu\\\/#primaryimage\"},\"thumbnailUrl\":\"https:\\\/\\\/i0.wp.com\\\/fashionmuseum.shop\\\/wp-content\\\/uploads\\\/2020\\\/04\\\/etides-par-modi-un-stilu.jpg?fit=720%2C720&ssl=1\",\"datePublished\":\"2020-04-15T04:39:00+00:00\",\"dateModified\":\"2024-11-20T10:13:17+00:00\",\"breadcrumb\":{\"@id\":\"https:\\\/\\\/fashionmuseum.shop\\\/lv\\\/prece\\\/etides-par-modi-un-stilu\\\/#breadcrumb\"},\"inLanguage\":\"lv-LV\",\"potentialAction\":[{\"@type\":\"ReadAction\",\"target\":[\"https:\\\/\\\/fashionmuseum.shop\\\/lv\\\/prece\\\/etides-par-modi-un-stilu\\\/\"]}]},{\"@type\":\"ImageObject\",\"inLanguage\":\"lv-LV\",\"@id\":\"https:\\\/\\\/fashionmuseum.shop\\\/lv\\\/prece\\\/etides-par-modi-un-stilu\\\/#primaryimage\",\"url\":\"https:\\\/\\\/i0.wp.com\\\/fashionmuseum.shop\\\/wp-content\\\/uploads\\\/2020\\\/04\\\/etides-par-modi-un-stilu.jpg?fit=720%2C720&ssl=1\",\"contentUrl\":\"https:\\\/\\\/i0.wp.com\\\/fashionmuseum.shop\\\/wp-content\\\/uploads\\\/2020\\\/04\\\/etides-par-modi-un-stilu.jpg?fit=720%2C720&ssl=1\",\"width\":720,\"height\":720},{\"@type\":\"BreadcrumbList\",\"@id\":\"https:\\\/\\\/fashionmuseum.shop\\\/lv\\\/prece\\\/etides-par-modi-un-stilu\\\/#breadcrumb\",\"itemListElement\":[{\"@type\":\"ListItem\",\"position\":1,\"name\":\"Home\",\"item\":\"https:\\\/\\\/fashionmuseum.shop\\\/lv\\\/\"},{\"@type\":\"ListItem\",\"position\":2,\"name\":\"Products\",\"item\":\"https:\\\/\\\/fashionmuseum.shop\\\/lv\\\/shop\\\/\"},{\"@type\":\"ListItem\",\"position\":3,\"name\":\"Et\u012bdes par modi un stilu\"}]},{\"@type\":\"WebSite\",\"@id\":\"https:\\\/\\\/fashionmuseum.shop\\\/lv\\\/#website\",\"url\":\"https:\\\/\\\/fashionmuseum.shop\\\/lv\\\/\",\"name\":\"Fashion Museum Online Store\",\"description\":\"Fashion Museum Riga Online Store provides a wide selection of books about fashion and fashion history.\",\"publisher\":{\"@id\":\"https:\\\/\\\/fashionmuseum.shop\\\/lv\\\/#organization\"},\"potentialAction\":[{\"@type\":\"SearchAction\",\"target\":{\"@type\":\"EntryPoint\",\"urlTemplate\":\"https:\\\/\\\/fashionmuseum.shop\\\/lv\\\/?s={search_term_string}\"},\"query-input\":{\"@type\":\"PropertyValueSpecification\",\"valueRequired\":true,\"valueName\":\"search_term_string\"}}],\"inLanguage\":\"lv-LV\"},{\"@type\":\"Organization\",\"@id\":\"https:\\\/\\\/fashionmuseum.shop\\\/lv\\\/#organization\",\"name\":\"Modes muzejs\",\"url\":\"https:\\\/\\\/fashionmuseum.shop\\\/lv\\\/\",\"logo\":{\"@type\":\"ImageObject\",\"inLanguage\":\"lv-LV\",\"@id\":\"https:\\\/\\\/fashionmuseum.shop\\\/lv\\\/#\\\/schema\\\/logo\\\/image\\\/\",\"url\":\"https:\\\/\\\/i1.wp.com\\\/fashionmuseum.shop\\\/wp-content\\\/uploads\\\/2020\\\/04\\\/apple-touch-icon.png?fit=180%2C180&ssl=1\",\"contentUrl\":\"https:\\\/\\\/i1.wp.com\\\/fashionmuseum.shop\\\/wp-content\\\/uploads\\\/2020\\\/04\\\/apple-touch-icon.png?fit=180%2C180&ssl=1\",\"width\":180,\"height\":180,\"caption\":\"Modes muzejs\"},\"image\":{\"@id\":\"https:\\\/\\\/fashionmuseum.shop\\\/lv\\\/#\\\/schema\\\/logo\\\/image\\\/\"}}]}<\/script>\n<!-- \/ Yoast SEO plugin. -->","yoast_head_json":{"title":"Et\u012bdes par modi un stilu - Fashion Museum Riga Online Store","robots":{"index":"index","follow":"follow","max-snippet":"max-snippet:-1","max-image-preview":"max-image-preview:large","max-video-preview":"max-video-preview:-1"},"canonical":"https:\/\/fashionmuseum.shop\/lv\/prece\/etides-par-modi-un-stilu\/","og_locale":"lv_LV","og_type":"article","og_title":"Et\u012bdes par modi un stilu - Fashion Museum Riga Online Store","og_description":"by\u00a0Aleksandrs Vasi\u013cjevs  K\u0101p\u0113c m\u0113s\u00a0izv\u0113l\u0113j\u0101mies\u00a0\u0161o gr\u0101matu:  Aizraut\u012bgais modes v\u0113sturnieks un kolekcion\u0101rs Aleksandrs Vasi\u013cjevs alla\u017e ir amizants un \u0161armants, un vi\u0146\u0161 raug\u0101s uz modi no emocion\u0101la un cilv\u0113ciska skatpunkta. \u0160aj\u0101 gr\u0101mat\u0101 apkopoti maestro raksti un esejas \u2013 gan par vi\u0146a unik\u0101lo kolekciju un vec\u0101kiem, gan par modes v\u0113sturi un ap\u0123\u0113rba evol\u016bciju.","og_url":"https:\/\/fashionmuseum.shop\/lv\/prece\/etides-par-modi-un-stilu\/","og_site_name":"Fashion Museum Riga Online Store","article_modified_time":"2024-11-20T10:13:17+00:00","og_image":[{"width":720,"height":720,"url":"https:\/\/i0.wp.com\/fashionmuseum.shop\/wp-content\/uploads\/2020\/04\/etides-par-modi-un-stilu.jpg?fit=720%2C720&ssl=1","type":"image\/jpeg"}],"twitter_card":"summary_large_image","twitter_misc":{"Est. reading time":"1 minute"},"schema":{"@context":"https:\/\/schema.org","@graph":[{"@type":"WebPage","@id":"https:\/\/fashionmuseum.shop\/lv\/prece\/etides-par-modi-un-stilu\/","url":"https:\/\/fashionmuseum.shop\/lv\/prece\/etides-par-modi-un-stilu\/","name":"Et\u012bdes par modi un stilu - Fashion Museum Riga Online Store","isPartOf":{"@id":"https:\/\/fashionmuseum.shop\/lv\/#website"},"primaryImageOfPage":{"@id":"https:\/\/fashionmuseum.shop\/lv\/prece\/etides-par-modi-un-stilu\/#primaryimage"},"image":{"@id":"https:\/\/fashionmuseum.shop\/lv\/prece\/etides-par-modi-un-stilu\/#primaryimage"},"thumbnailUrl":"https:\/\/i0.wp.com\/fashionmuseum.shop\/wp-content\/uploads\/2020\/04\/etides-par-modi-un-stilu.jpg?fit=720%2C720&ssl=1","datePublished":"2020-04-15T04:39:00+00:00","dateModified":"2024-11-20T10:13:17+00:00","breadcrumb":{"@id":"https:\/\/fashionmuseum.shop\/lv\/prece\/etides-par-modi-un-stilu\/#breadcrumb"},"inLanguage":"lv-LV","potentialAction":[{"@type":"ReadAction","target":["https:\/\/fashionmuseum.shop\/lv\/prece\/etides-par-modi-un-stilu\/"]}]},{"@type":"ImageObject","inLanguage":"lv-LV","@id":"https:\/\/fashionmuseum.shop\/lv\/prece\/etides-par-modi-un-stilu\/#primaryimage","url":"https:\/\/i0.wp.com\/fashionmuseum.shop\/wp-content\/uploads\/2020\/04\/etides-par-modi-un-stilu.jpg?fit=720%2C720&ssl=1","contentUrl":"https:\/\/i0.wp.com\/fashionmuseum.shop\/wp-content\/uploads\/2020\/04\/etides-par-modi-un-stilu.jpg?fit=720%2C720&ssl=1","width":720,"height":720},{"@type":"BreadcrumbList","@id":"https:\/\/fashionmuseum.shop\/lv\/prece\/etides-par-modi-un-stilu\/#breadcrumb","itemListElement":[{"@type":"ListItem","position":1,"name":"Home","item":"https:\/\/fashionmuseum.shop\/lv\/"},{"@type":"ListItem","position":2,"name":"Products","item":"https:\/\/fashionmuseum.shop\/lv\/shop\/"},{"@type":"ListItem","position":3,"name":"Et\u012bdes par modi un stilu"}]},{"@type":"WebSite","@id":"https:\/\/fashionmuseum.shop\/lv\/#website","url":"https:\/\/fashionmuseum.shop\/lv\/","name":"Fashion Museum Online Store","description":"Fashion Museum Riga Online Store provides a wide selection of books about fashion and fashion history.","publisher":{"@id":"https:\/\/fashionmuseum.shop\/lv\/#organization"},"potentialAction":[{"@type":"SearchAction","target":{"@type":"EntryPoint","urlTemplate":"https:\/\/fashionmuseum.shop\/lv\/?s={search_term_string}"},"query-input":{"@type":"PropertyValueSpecification","valueRequired":true,"valueName":"search_term_string"}}],"inLanguage":"lv-LV"},{"@type":"Organization","@id":"https:\/\/fashionmuseum.shop\/lv\/#organization","name":"Modes muzejs","url":"https:\/\/fashionmuseum.shop\/lv\/","logo":{"@type":"ImageObject","inLanguage":"lv-LV","@id":"https:\/\/fashionmuseum.shop\/lv\/#\/schema\/logo\/image\/","url":"https:\/\/i1.wp.com\/fashionmuseum.shop\/wp-content\/uploads\/2020\/04\/apple-touch-icon.png?fit=180%2C180&ssl=1","contentUrl":"https:\/\/i1.wp.com\/fashionmuseum.shop\/wp-content\/uploads\/2020\/04\/apple-touch-icon.png?fit=180%2C180&ssl=1","width":180,"height":180,"caption":"Modes muzejs"},"image":{"@id":"https:\/\/fashionmuseum.shop\/lv\/#\/schema\/logo\/image\/"}}]}},"jetpack_publicize_connections":[],"jetpack_likes_enabled":false,"jetpack_sharing_enabled":true,"amp_enabled":true,"_links":{"self":[{"href":"https:\/\/fashionmuseum.shop\/lv\/wp-json\/wp\/v2\/product\/1348","targetHints":{"allow":["GET"]}}],"collection":[{"href":"https:\/\/fashionmuseum.shop\/lv\/wp-json\/wp\/v2\/product"}],"about":[{"href":"https:\/\/fashionmuseum.shop\/lv\/wp-json\/wp\/v2\/types\/product"}],"wp:featuredmedia":[{"embeddable":true,"href":"https:\/\/fashionmuseum.shop\/lv\/wp-json\/wp\/v2\/media\/1349"}],"wp:attachment":[{"href":"https:\/\/fashionmuseum.shop\/lv\/wp-json\/wp\/v2\/media?parent=1348"}],"wp:term":[{"taxonomy":"product_brand","embeddable":true,"href":"https:\/\/fashionmuseum.shop\/lv\/wp-json\/wp\/v2\/product_brand?post=1348"},{"taxonomy":"product_cat","embeddable":true,"href":"https:\/\/fashionmuseum.shop\/lv\/wp-json\/wp\/v2\/product_cat?post=1348"},{"taxonomy":"product_tag","embeddable":true,"href":"https:\/\/fashionmuseum.shop\/lv\/wp-json\/wp\/v2\/product_tag?post=1348"}],"curies":[{"name":"wp","href":"https:\/\/api.w.org\/{rel}","templated":true}]}}