{"id":13519,"date":"2022-11-22T12:49:57","date_gmt":"2022-11-22T10:49:57","guid":{"rendered":"https:\/\/fashionmuseum.shop\/?post_type=product&#038;p=13519"},"modified":"2023-08-10T16:55:14","modified_gmt":"2023-08-10T13:55:14","slug":"100-women-100-styles-the-women-who-changed-the-way-we-look","status":"publish","type":"product","link":"https:\/\/fashionmuseum.shop\/lv\/prece\/100-women-100-styles-the-women-who-changed-the-way-we-look\/","title":{"rendered":"100 Women 100 Styles  The Women Who Changed the Way We Look"},"content":{"rendered":"<p><em><strong>Izdev\u0113ja gr\u0101matas anot\u0101cija:<\/strong><\/em><\/p>\n<p><span id=\"ctrlcopy\">Muses of attitude, brains and confidence come together in this glossy compendium of the female icons who use their personal style and influence to change the way we look and dress.<\/span><\/p>\n<p>From the obvious to the outrageous, Frida Kahlo to Cara Delevingne,\u00a0100 Women \u2022 100 Styles profiles the personalities of each woman, showing what made them who they are, and how they can inspire you.<\/p>\n<p>\u0160\u012bs gr\u0101matas izdev\u0113js ir <span style=\"text-decoration: underline\"><strong><a href=\"https:\/\/fashionmuseum.shop\/lv\/publisher\/laurence-king-publishing-lv\/\">Laurence King Publishing<\/a><\/strong><\/span>, ISBN 9781786274854<\/p>\n","protected":false},"excerpt":{"rendered":"<p><a href=\"https:\/\/fashionmuseum.shop\/lv\/book-author\/tamsin-blanchard\/\"><span style=\"text-decoration: underline\"><strong>Tamsin Blanchard<\/strong><\/span><\/a><\/p>\n<p><em><strong>K\u0101p\u0113c m\u0113s\u00a0izv\u0113l\u0113j\u0101mies\u00a0\u0161o gr\u0101matu:<\/strong><\/em><\/p>\n<p>Sekot modei ir krietni viegl\u0101k nek\u0101 izveidot savu individu\u0101lo stilu. \u0160is elegantais izdevums velt\u012bts 100 sp\u0113c\u012bg\u0101m, rado\u0161\u0101m un drosm\u012bg\u0101m sieviet\u0113m, kuras dikt\u0113ju\u0161as pa\u0161as savu modi un k\u013cuvu\u0161as par iedvesmas avotu. No Elizabetes Teilores l\u012bdz Tildai Svintonei, no Madonnas l\u012bdz Riannai, no Greisas Kellijas l\u012bdz Keitai Mosai \u2013 gr\u0101mat\u0101 iesp\u0113jams uzzin\u0101t vair\u0101k gan par vi\u0146u dz\u012bvi, gan par t\u0101m stila iez\u012bm\u0113m, kas \u0161\u012bs tik da\u017e\u0101d\u0101s sievietes padar\u012bja \u012bpa\u0161as. Iedvesmojo\u0161i!<\/p>\n","protected":false},"featured_media":13523,"template":"","meta":{"_coblocks_attr":"","_coblocks_dimensions":"","_coblocks_responsive_height":"","_coblocks_accordion_ie_support":"","_crdt_document":"","jetpack_publicize_message":"","jetpack_publicize_feature_enabled":true,"jetpack_social_post_already_shared":true,"jetpack_social_options":{"image_generator_settings":{"template":"highway","default_image_id":0,"font":"","enabled":false},"version":2},"_wpas_customize_per_network":false},"product_brand":[],"product_cat":[1611,2761,2418],"product_tag":[],"class_list":{"0":"post-13519","1":"product","2":"type-product","3":"status-publish","4":"has-post-thumbnail","6":"product_cat-gramatas-anglu-valoda","7":"product_cat-gramatas-par-dizaina-vesturi","8":"product_cat-gramatas","9":"pa_book-author-tamsin-blanchard-lv","10":"pa_language-anglu","11":"pa_publisher-laurence-king-publishing-lv","13":"first","14":"instock","15":"shipping-taxable","16":"purchasable","17":"product-type-simple"},"yoast_head":"<!-- This site is optimized with the Yoast SEO plugin v27.6 - https:\/\/yoast.com\/product\/yoast-seo-wordpress\/ -->\n<title>100 Women 100 Styles The Women Who Changed the Way We Look - Fashion Museum Riga Online Store<\/title>\n<meta name=\"robots\" content=\"index, follow, max-snippet:-1, max-image-preview:large, max-video-preview:-1\" \/>\n<link rel=\"canonical\" href=\"https:\/\/fashionmuseum.shop\/lv\/prece\/100-women-100-styles-the-women-who-changed-the-way-we-look\/\" \/>\n<meta property=\"og:locale\" content=\"lv_LV\" \/>\n<meta property=\"og:type\" content=\"article\" \/>\n<meta property=\"og:title\" content=\"100 Women 100 Styles The Women Who Changed the Way We Look - Fashion Museum Riga Online Store\" \/>\n<meta property=\"og:description\" content=\"Tamsin Blanchard  K\u0101p\u0113c m\u0113s\u00a0izv\u0113l\u0113j\u0101mies\u00a0\u0161o gr\u0101matu:  Sekot modei ir krietni viegl\u0101k nek\u0101 izveidot savu individu\u0101lo stilu. \u0160is elegantais izdevums velt\u012bts 100 sp\u0113c\u012bg\u0101m, rado\u0161\u0101m un drosm\u012bg\u0101m sieviet\u0113m, kuras dikt\u0113ju\u0161as pa\u0161as savu modi un k\u013cuvu\u0161as par iedvesmas avotu. No Elizabetes Teilores l\u012bdz Tildai Svintonei, no Madonnas l\u012bdz Riannai, no Greisas Kellijas l\u012bdz Keitai Mosai \u2013 gr\u0101mat\u0101 iesp\u0113jams uzzin\u0101t vair\u0101k gan par vi\u0146u dz\u012bvi, gan par t\u0101m stila iez\u012bm\u0113m, kas \u0161\u012bs tik da\u017e\u0101d\u0101s sievietes padar\u012bja \u012bpa\u0161as. Iedvesmojo\u0161i!\" \/>\n<meta property=\"og:url\" content=\"https:\/\/fashionmuseum.shop\/lv\/prece\/100-women-100-styles-the-women-who-changed-the-way-we-look\/\" \/>\n<meta property=\"og:site_name\" content=\"Fashion Museum Riga Online Store\" \/>\n<meta property=\"article:modified_time\" content=\"2023-08-10T13:55:14+00:00\" \/>\n<meta property=\"og:image\" content=\"https:\/\/fashionmuseum.shop\/wp-content\/uploads\/2022\/11\/9781786274854-spread-1-main.jpg.webp\" \/>\n\t<meta property=\"og:image:width\" content=\"1020\" \/>\n\t<meta property=\"og:image:height\" content=\"655\" \/>\n\t<meta property=\"og:image:type\" content=\"image\/webp\" \/>\n<meta name=\"twitter:card\" content=\"summary_large_image\" \/>\n<script type=\"application\/ld+json\" class=\"yoast-schema-graph\">{\"@context\":\"https:\\\/\\\/schema.org\",\"@graph\":[{\"@type\":\"WebPage\",\"@id\":\"https:\\\/\\\/fashionmuseum.shop\\\/lv\\\/prece\\\/100-women-100-styles-the-women-who-changed-the-way-we-look\\\/\",\"url\":\"https:\\\/\\\/fashionmuseum.shop\\\/lv\\\/prece\\\/100-women-100-styles-the-women-who-changed-the-way-we-look\\\/\",\"name\":\"100 Women 100 Styles The Women Who Changed the Way We Look - Fashion Museum Riga Online Store\",\"isPartOf\":{\"@id\":\"https:\\\/\\\/fashionmuseum.shop\\\/lv\\\/#website\"},\"primaryImageOfPage\":{\"@id\":\"https:\\\/\\\/fashionmuseum.shop\\\/lv\\\/prece\\\/100-women-100-styles-the-women-who-changed-the-way-we-look\\\/#primaryimage\"},\"image\":{\"@id\":\"https:\\\/\\\/fashionmuseum.shop\\\/lv\\\/prece\\\/100-women-100-styles-the-women-who-changed-the-way-we-look\\\/#primaryimage\"},\"thumbnailUrl\":\"https:\\\/\\\/i0.wp.com\\\/fashionmuseum.shop\\\/wp-content\\\/uploads\\\/2022\\\/11\\\/9781786274854-spread-1-main.jpg.webp?fit=1020%2C655&ssl=1\",\"datePublished\":\"2022-11-22T10:49:57+00:00\",\"dateModified\":\"2023-08-10T13:55:14+00:00\",\"breadcrumb\":{\"@id\":\"https:\\\/\\\/fashionmuseum.shop\\\/lv\\\/prece\\\/100-women-100-styles-the-women-who-changed-the-way-we-look\\\/#breadcrumb\"},\"inLanguage\":\"lv-LV\",\"potentialAction\":[{\"@type\":\"ReadAction\",\"target\":[\"https:\\\/\\\/fashionmuseum.shop\\\/lv\\\/prece\\\/100-women-100-styles-the-women-who-changed-the-way-we-look\\\/\"]}]},{\"@type\":\"ImageObject\",\"inLanguage\":\"lv-LV\",\"@id\":\"https:\\\/\\\/fashionmuseum.shop\\\/lv\\\/prece\\\/100-women-100-styles-the-women-who-changed-the-way-we-look\\\/#primaryimage\",\"url\":\"https:\\\/\\\/i0.wp.com\\\/fashionmuseum.shop\\\/wp-content\\\/uploads\\\/2022\\\/11\\\/9781786274854-spread-1-main.jpg.webp?fit=1020%2C655&ssl=1\",\"contentUrl\":\"https:\\\/\\\/i0.wp.com\\\/fashionmuseum.shop\\\/wp-content\\\/uploads\\\/2022\\\/11\\\/9781786274854-spread-1-main.jpg.webp?fit=1020%2C655&ssl=1\",\"width\":1020,\"height\":655,\"caption\":\"100 Women 100 Styles The Women Who Changed the Way We Look\"},{\"@type\":\"BreadcrumbList\",\"@id\":\"https:\\\/\\\/fashionmuseum.shop\\\/lv\\\/prece\\\/100-women-100-styles-the-women-who-changed-the-way-we-look\\\/#breadcrumb\",\"itemListElement\":[{\"@type\":\"ListItem\",\"position\":1,\"name\":\"Home\",\"item\":\"https:\\\/\\\/fashionmuseum.shop\\\/lv\\\/\"},{\"@type\":\"ListItem\",\"position\":2,\"name\":\"Products\",\"item\":\"https:\\\/\\\/fashionmuseum.shop\\\/lv\\\/shop\\\/\"},{\"@type\":\"ListItem\",\"position\":3,\"name\":\"100 Women 100 Styles The Women Who Changed the Way We Look\"}]},{\"@type\":\"WebSite\",\"@id\":\"https:\\\/\\\/fashionmuseum.shop\\\/lv\\\/#website\",\"url\":\"https:\\\/\\\/fashionmuseum.shop\\\/lv\\\/\",\"name\":\"Fashion Museum Online Store\",\"description\":\"Fashion Museum Riga Online Store provides a wide selection of books about fashion and fashion history.\",\"publisher\":{\"@id\":\"https:\\\/\\\/fashionmuseum.shop\\\/lv\\\/#organization\"},\"potentialAction\":[{\"@type\":\"SearchAction\",\"target\":{\"@type\":\"EntryPoint\",\"urlTemplate\":\"https:\\\/\\\/fashionmuseum.shop\\\/lv\\\/?s={search_term_string}\"},\"query-input\":{\"@type\":\"PropertyValueSpecification\",\"valueRequired\":true,\"valueName\":\"search_term_string\"}}],\"inLanguage\":\"lv-LV\"},{\"@type\":\"Organization\",\"@id\":\"https:\\\/\\\/fashionmuseum.shop\\\/lv\\\/#organization\",\"name\":\"Modes muzejs\",\"url\":\"https:\\\/\\\/fashionmuseum.shop\\\/lv\\\/\",\"logo\":{\"@type\":\"ImageObject\",\"inLanguage\":\"lv-LV\",\"@id\":\"https:\\\/\\\/fashionmuseum.shop\\\/lv\\\/#\\\/schema\\\/logo\\\/image\\\/\",\"url\":\"https:\\\/\\\/i1.wp.com\\\/fashionmuseum.shop\\\/wp-content\\\/uploads\\\/2020\\\/04\\\/apple-touch-icon.png?fit=180%2C180&ssl=1\",\"contentUrl\":\"https:\\\/\\\/i1.wp.com\\\/fashionmuseum.shop\\\/wp-content\\\/uploads\\\/2020\\\/04\\\/apple-touch-icon.png?fit=180%2C180&ssl=1\",\"width\":180,\"height\":180,\"caption\":\"Modes muzejs\"},\"image\":{\"@id\":\"https:\\\/\\\/fashionmuseum.shop\\\/lv\\\/#\\\/schema\\\/logo\\\/image\\\/\"}}]}<\/script>\n<!-- \/ Yoast SEO plugin. -->","yoast_head_json":{"title":"100 Women 100 Styles The Women Who Changed the Way We Look - Fashion Museum Riga Online Store","robots":{"index":"index","follow":"follow","max-snippet":"max-snippet:-1","max-image-preview":"max-image-preview:large","max-video-preview":"max-video-preview:-1"},"canonical":"https:\/\/fashionmuseum.shop\/lv\/prece\/100-women-100-styles-the-women-who-changed-the-way-we-look\/","og_locale":"lv_LV","og_type":"article","og_title":"100 Women 100 Styles The Women Who Changed the Way We Look - Fashion Museum Riga Online Store","og_description":"Tamsin Blanchard  K\u0101p\u0113c m\u0113s\u00a0izv\u0113l\u0113j\u0101mies\u00a0\u0161o gr\u0101matu:  Sekot modei ir krietni viegl\u0101k nek\u0101 izveidot savu individu\u0101lo stilu. \u0160is elegantais izdevums velt\u012bts 100 sp\u0113c\u012bg\u0101m, rado\u0161\u0101m un drosm\u012bg\u0101m sieviet\u0113m, kuras dikt\u0113ju\u0161as pa\u0161as savu modi un k\u013cuvu\u0161as par iedvesmas avotu. No Elizabetes Teilores l\u012bdz Tildai Svintonei, no Madonnas l\u012bdz Riannai, no Greisas Kellijas l\u012bdz Keitai Mosai \u2013 gr\u0101mat\u0101 iesp\u0113jams uzzin\u0101t vair\u0101k gan par vi\u0146u dz\u012bvi, gan par t\u0101m stila iez\u012bm\u0113m, kas \u0161\u012bs tik da\u017e\u0101d\u0101s sievietes padar\u012bja \u012bpa\u0161as. Iedvesmojo\u0161i!","og_url":"https:\/\/fashionmuseum.shop\/lv\/prece\/100-women-100-styles-the-women-who-changed-the-way-we-look\/","og_site_name":"Fashion Museum Riga Online Store","article_modified_time":"2023-08-10T13:55:14+00:00","og_image":[{"width":1020,"height":655,"url":"https:\/\/fashionmuseum.shop\/wp-content\/uploads\/2022\/11\/9781786274854-spread-1-main.jpg.webp","type":"image\/webp"}],"twitter_card":"summary_large_image","schema":{"@context":"https:\/\/schema.org","@graph":[{"@type":"WebPage","@id":"https:\/\/fashionmuseum.shop\/lv\/prece\/100-women-100-styles-the-women-who-changed-the-way-we-look\/","url":"https:\/\/fashionmuseum.shop\/lv\/prece\/100-women-100-styles-the-women-who-changed-the-way-we-look\/","name":"100 Women 100 Styles The Women Who Changed the Way We Look - Fashion Museum Riga Online Store","isPartOf":{"@id":"https:\/\/fashionmuseum.shop\/lv\/#website"},"primaryImageOfPage":{"@id":"https:\/\/fashionmuseum.shop\/lv\/prece\/100-women-100-styles-the-women-who-changed-the-way-we-look\/#primaryimage"},"image":{"@id":"https:\/\/fashionmuseum.shop\/lv\/prece\/100-women-100-styles-the-women-who-changed-the-way-we-look\/#primaryimage"},"thumbnailUrl":"https:\/\/i0.wp.com\/fashionmuseum.shop\/wp-content\/uploads\/2022\/11\/9781786274854-spread-1-main.jpg.webp?fit=1020%2C655&ssl=1","datePublished":"2022-11-22T10:49:57+00:00","dateModified":"2023-08-10T13:55:14+00:00","breadcrumb":{"@id":"https:\/\/fashionmuseum.shop\/lv\/prece\/100-women-100-styles-the-women-who-changed-the-way-we-look\/#breadcrumb"},"inLanguage":"lv-LV","potentialAction":[{"@type":"ReadAction","target":["https:\/\/fashionmuseum.shop\/lv\/prece\/100-women-100-styles-the-women-who-changed-the-way-we-look\/"]}]},{"@type":"ImageObject","inLanguage":"lv-LV","@id":"https:\/\/fashionmuseum.shop\/lv\/prece\/100-women-100-styles-the-women-who-changed-the-way-we-look\/#primaryimage","url":"https:\/\/i0.wp.com\/fashionmuseum.shop\/wp-content\/uploads\/2022\/11\/9781786274854-spread-1-main.jpg.webp?fit=1020%2C655&ssl=1","contentUrl":"https:\/\/i0.wp.com\/fashionmuseum.shop\/wp-content\/uploads\/2022\/11\/9781786274854-spread-1-main.jpg.webp?fit=1020%2C655&ssl=1","width":1020,"height":655,"caption":"100 Women 100 Styles The Women Who Changed the Way We Look"},{"@type":"BreadcrumbList","@id":"https:\/\/fashionmuseum.shop\/lv\/prece\/100-women-100-styles-the-women-who-changed-the-way-we-look\/#breadcrumb","itemListElement":[{"@type":"ListItem","position":1,"name":"Home","item":"https:\/\/fashionmuseum.shop\/lv\/"},{"@type":"ListItem","position":2,"name":"Products","item":"https:\/\/fashionmuseum.shop\/lv\/shop\/"},{"@type":"ListItem","position":3,"name":"100 Women 100 Styles The Women Who Changed the Way We Look"}]},{"@type":"WebSite","@id":"https:\/\/fashionmuseum.shop\/lv\/#website","url":"https:\/\/fashionmuseum.shop\/lv\/","name":"Fashion Museum Online Store","description":"Fashion Museum Riga Online Store provides a wide selection of books about fashion and fashion history.","publisher":{"@id":"https:\/\/fashionmuseum.shop\/lv\/#organization"},"potentialAction":[{"@type":"SearchAction","target":{"@type":"EntryPoint","urlTemplate":"https:\/\/fashionmuseum.shop\/lv\/?s={search_term_string}"},"query-input":{"@type":"PropertyValueSpecification","valueRequired":true,"valueName":"search_term_string"}}],"inLanguage":"lv-LV"},{"@type":"Organization","@id":"https:\/\/fashionmuseum.shop\/lv\/#organization","name":"Modes muzejs","url":"https:\/\/fashionmuseum.shop\/lv\/","logo":{"@type":"ImageObject","inLanguage":"lv-LV","@id":"https:\/\/fashionmuseum.shop\/lv\/#\/schema\/logo\/image\/","url":"https:\/\/i1.wp.com\/fashionmuseum.shop\/wp-content\/uploads\/2020\/04\/apple-touch-icon.png?fit=180%2C180&ssl=1","contentUrl":"https:\/\/i1.wp.com\/fashionmuseum.shop\/wp-content\/uploads\/2020\/04\/apple-touch-icon.png?fit=180%2C180&ssl=1","width":180,"height":180,"caption":"Modes muzejs"},"image":{"@id":"https:\/\/fashionmuseum.shop\/lv\/#\/schema\/logo\/image\/"}}]}},"jetpack_publicize_connections":[],"jetpack_likes_enabled":false,"jetpack_sharing_enabled":true,"amp_enabled":true,"_links":{"self":[{"href":"https:\/\/fashionmuseum.shop\/lv\/wp-json\/wp\/v2\/product\/13519","targetHints":{"allow":["GET"]}}],"collection":[{"href":"https:\/\/fashionmuseum.shop\/lv\/wp-json\/wp\/v2\/product"}],"about":[{"href":"https:\/\/fashionmuseum.shop\/lv\/wp-json\/wp\/v2\/types\/product"}],"wp:featuredmedia":[{"embeddable":true,"href":"https:\/\/fashionmuseum.shop\/lv\/wp-json\/wp\/v2\/media\/13523"}],"wp:attachment":[{"href":"https:\/\/fashionmuseum.shop\/lv\/wp-json\/wp\/v2\/media?parent=13519"}],"wp:term":[{"taxonomy":"product_brand","embeddable":true,"href":"https:\/\/fashionmuseum.shop\/lv\/wp-json\/wp\/v2\/product_brand?post=13519"},{"taxonomy":"product_cat","embeddable":true,"href":"https:\/\/fashionmuseum.shop\/lv\/wp-json\/wp\/v2\/product_cat?post=13519"},{"taxonomy":"product_tag","embeddable":true,"href":"https:\/\/fashionmuseum.shop\/lv\/wp-json\/wp\/v2\/product_tag?post=13519"}],"curies":[{"name":"wp","href":"https:\/\/api.w.org\/{rel}","templated":true}]}}