{"id":13553,"date":"2022-11-22T13:28:49","date_gmt":"2022-11-22T11:28:49","guid":{"rendered":"https:\/\/fashionmuseum.shop\/?post_type=product&#038;p=13553"},"modified":"2022-11-22T13:45:56","modified_gmt":"2022-11-22T11:45:56","slug":"fashion-in-film","status":"publish","type":"product","link":"https:\/\/fashionmuseum.shop\/lv\/prece\/fashion-in-film\/","title":{"rendered":"Fashion in Film"},"content":{"rendered":"<p><em><strong>Izdev\u0113ja gr\u0101matas anot\u0101cija:<\/strong><\/em><\/p>\n<p><span id=\"ctrlcopy\"><b>A beautiful compendium of famous fashion designers, their gorgeous creations and the film stars that wore them.<\/b><\/span><\/p>\n<p>Fashion designers have been involved in movies since the early days of cinema. The result is some of the most eye-catching and influential costumes ever committed to film, from Ralph Lauren&#8217;s trend-setting masculine style for Diane Keaton in <i>Annie Hall<\/i> to Audrey Hepburn&#8217;s little black Givenchy dress in <i>Breakfast at Tiffany&#8217;s<\/i>.<\/p>\n<p><i>Fashion in Film<\/i> celebrates the contributions of fashion designers to cinema, exploring key garments, what they mean in context of the narrative, and why they are so memorable. Illustrated with beautiful film stills, fashion images and working sketches, this book will appeal to lovers of both fashion history and cinema.<\/p>\n<p><b>&#8216;Put simply, it doesn&#8217;t matter how many coffee table books you have on fashion or on film: this one is essential, and delightful, and beautiful.&#8217; <i>One &amp; Other<\/i><\/b><\/p>\n<p><span id=\"ctrlcopy\">\u00a0<\/span><\/p>\n<p>\u0160\u012bs gr\u0101matas izdev\u0113js ir <strong><a href=\"https:\/\/fashionmuseum.shop\/lv\/publisher\/laurence-king-publishing-lv\/\">Laurence King Publishing<\/a><\/strong>, ISBN 9781786277091<\/p>\n","protected":false},"excerpt":{"rendered":"<div class=\"woocommerce-product-details__short-description\">\n<p><a href=\"https:\/\/fashionmuseum.shop\/lv\/book-author\/christopher-laverty\/\"><span style=\"text-decoration: underline;\"><strong>Christopher Laverty<\/strong><\/span><\/a><\/p>\n<p><em><strong>K\u0101p\u0113c m\u0113s\u00a0izv\u0113l\u0113j\u0101mies\u00a0\u0161o gr\u0101matu:<\/strong><\/em><\/p>\n<p>Br\u012bni\u0161\u0137\u012bga gr\u0101mata, kas seko kino un modes m\u012blasst\u0101stam visa 20. gadsimta garum\u0101 \u2013 ikoniskas filmas un ne maz\u0101k ikoniski re\u017eisoru un modes dizaineru rado\u0161ie dueti. Tie\u0161i t\u0113rpi nereti rada filmas noska\u0146u un padara uz ekr\u0101na redz\u0113to par atdarin\u0101\u0161anas v\u0113rtu paraugu \u2013 vai sapni, p\u0113c k\u0101 tiekties\u2026 Patiks gan kino, gan modes faniem!<\/p>\n<p><em><strong>\u00a0<\/strong><\/em><\/p>\n<\/div>\n","protected":false},"featured_media":13557,"template":"","meta":{"_coblocks_attr":"","_coblocks_dimensions":"","_coblocks_responsive_height":"","_coblocks_accordion_ie_support":"","_crdt_document":"","jetpack_post_was_ever_published":false,"jetpack_publicize_message":"","jetpack_publicize_feature_enabled":true,"jetpack_social_post_already_shared":true,"jetpack_social_options":{"image_generator_settings":{"template":"highway","default_image_id":0,"font":"","enabled":false},"version":2},"_wpas_customize_per_network":false},"product_brand":[],"product_cat":[1381,1412,2417],"product_tag":[],"class_list":{"0":"post-13553","1":"product","2":"type-product","3":"status-publish","4":"has-post-thumbnail","6":"product_cat-booksaboutfashioninenglish","7":"product_cat-books-about-history-of-fashion","8":"product_cat-books","9":"pa_book-author-christopher-laverty","10":"pa_language-english","11":"pa_publisher-laurence-king-publishing","13":"first","14":"instock","15":"shipping-taxable","16":"purchasable","17":"product-type-simple"},"yoast_head":"<!-- This site is optimized with the Yoast SEO plugin v27.3 - https:\/\/yoast.com\/product\/yoast-seo-wordpress\/ -->\n<title>Fashion in Film - Fashion Museum Riga Online Store<\/title>\n<meta name=\"robots\" content=\"index, follow, max-snippet:-1, max-image-preview:large, max-video-preview:-1\" \/>\n<link rel=\"canonical\" href=\"https:\/\/fashionmuseum.shop\/lv\/prece\/fashion-in-film\/\" \/>\n<meta property=\"og:locale\" content=\"lv_LV\" \/>\n<meta property=\"og:type\" content=\"article\" \/>\n<meta property=\"og:title\" content=\"Fashion in Film - Fashion Museum Riga Online Store\" \/>\n<meta property=\"og:description\" content=\"Christopher Laverty  K\u0101p\u0113c m\u0113s\u00a0izv\u0113l\u0113j\u0101mies\u00a0\u0161o gr\u0101matu:  Br\u012bni\u0161\u0137\u012bga gr\u0101mata, kas seko kino un modes m\u012blasst\u0101stam visa 20. gadsimta garum\u0101 \u2013 ikoniskas filmas un ne maz\u0101k ikoniski re\u017eisoru un modes dizaineru rado\u0161ie dueti. Tie\u0161i t\u0113rpi nereti rada filmas noska\u0146u un padara uz ekr\u0101na redz\u0113to par atdarin\u0101\u0161anas v\u0113rtu paraugu \u2013 vai sapni, p\u0113c k\u0101 tiekties\u2026 Patiks gan kino, gan modes faniem!  \u00a0\" \/>\n<meta property=\"og:url\" content=\"https:\/\/fashionmuseum.shop\/lv\/prece\/fashion-in-film\/\" \/>\n<meta property=\"og:site_name\" content=\"Fashion Museum Riga Online Store\" \/>\n<meta property=\"article:modified_time\" content=\"2022-11-22T11:45:56+00:00\" \/>\n<meta property=\"og:image\" content=\"https:\/\/i0.wp.com\/fashionmuseum.shop\/wp-content\/uploads\/2022\/11\/9781786277091-spread-1-main.jpg.webp?fit=1020%2C1020&ssl=1\" \/>\n\t<meta property=\"og:image:width\" content=\"1020\" \/>\n\t<meta property=\"og:image:height\" content=\"1020\" \/>\n\t<meta property=\"og:image:type\" content=\"image\/webp\" \/>\n<meta name=\"twitter:card\" content=\"summary_large_image\" \/>\n<meta name=\"twitter:label1\" content=\"Est. reading time\" \/>\n\t<meta name=\"twitter:data1\" content=\"1 minute\" \/>\n<script type=\"application\/ld+json\" class=\"yoast-schema-graph\">{\"@context\":\"https:\\\/\\\/schema.org\",\"@graph\":[{\"@type\":\"WebPage\",\"@id\":\"https:\\\/\\\/fashionmuseum.shop\\\/lv\\\/prece\\\/fashion-in-film\\\/\",\"url\":\"https:\\\/\\\/fashionmuseum.shop\\\/lv\\\/prece\\\/fashion-in-film\\\/\",\"name\":\"Fashion in Film - Fashion Museum Riga Online Store\",\"isPartOf\":{\"@id\":\"https:\\\/\\\/fashionmuseum.shop\\\/lv\\\/#website\"},\"primaryImageOfPage\":{\"@id\":\"https:\\\/\\\/fashionmuseum.shop\\\/lv\\\/prece\\\/fashion-in-film\\\/#primaryimage\"},\"image\":{\"@id\":\"https:\\\/\\\/fashionmuseum.shop\\\/lv\\\/prece\\\/fashion-in-film\\\/#primaryimage\"},\"thumbnailUrl\":\"https:\\\/\\\/i0.wp.com\\\/fashionmuseum.shop\\\/wp-content\\\/uploads\\\/2022\\\/11\\\/9781786277091-spread-1-main.jpg.webp?fit=1020%2C1020&ssl=1\",\"datePublished\":\"2022-11-22T11:28:49+00:00\",\"dateModified\":\"2022-11-22T11:45:56+00:00\",\"breadcrumb\":{\"@id\":\"https:\\\/\\\/fashionmuseum.shop\\\/lv\\\/prece\\\/fashion-in-film\\\/#breadcrumb\"},\"inLanguage\":\"lv-LV\",\"potentialAction\":[{\"@type\":\"ReadAction\",\"target\":[\"https:\\\/\\\/fashionmuseum.shop\\\/lv\\\/prece\\\/fashion-in-film\\\/\"]}]},{\"@type\":\"ImageObject\",\"inLanguage\":\"lv-LV\",\"@id\":\"https:\\\/\\\/fashionmuseum.shop\\\/lv\\\/prece\\\/fashion-in-film\\\/#primaryimage\",\"url\":\"https:\\\/\\\/i0.wp.com\\\/fashionmuseum.shop\\\/wp-content\\\/uploads\\\/2022\\\/11\\\/9781786277091-spread-1-main.jpg.webp?fit=1020%2C1020&ssl=1\",\"contentUrl\":\"https:\\\/\\\/i0.wp.com\\\/fashionmuseum.shop\\\/wp-content\\\/uploads\\\/2022\\\/11\\\/9781786277091-spread-1-main.jpg.webp?fit=1020%2C1020&ssl=1\",\"width\":1020,\"height\":1020,\"caption\":\"Fashion in Film\"},{\"@type\":\"BreadcrumbList\",\"@id\":\"https:\\\/\\\/fashionmuseum.shop\\\/lv\\\/prece\\\/fashion-in-film\\\/#breadcrumb\",\"itemListElement\":[{\"@type\":\"ListItem\",\"position\":1,\"name\":\"Home\",\"item\":\"https:\\\/\\\/fashionmuseum.shop\\\/lv\\\/\"},{\"@type\":\"ListItem\",\"position\":2,\"name\":\"Products\",\"item\":\"https:\\\/\\\/fashionmuseum.shop\\\/lv\\\/shop\\\/\"},{\"@type\":\"ListItem\",\"position\":3,\"name\":\"Fashion in Film\"}]},{\"@type\":\"WebSite\",\"@id\":\"https:\\\/\\\/fashionmuseum.shop\\\/lv\\\/#website\",\"url\":\"https:\\\/\\\/fashionmuseum.shop\\\/lv\\\/\",\"name\":\"Fashion Museum Online Store\",\"description\":\"Fashion Museum Riga Online Store provides a wide selection of books about fashion and fashion history.\",\"publisher\":{\"@id\":\"https:\\\/\\\/fashionmuseum.shop\\\/lv\\\/#organization\"},\"potentialAction\":[{\"@type\":\"SearchAction\",\"target\":{\"@type\":\"EntryPoint\",\"urlTemplate\":\"https:\\\/\\\/fashionmuseum.shop\\\/lv\\\/?s={search_term_string}\"},\"query-input\":{\"@type\":\"PropertyValueSpecification\",\"valueRequired\":true,\"valueName\":\"search_term_string\"}}],\"inLanguage\":\"lv-LV\"},{\"@type\":\"Organization\",\"@id\":\"https:\\\/\\\/fashionmuseum.shop\\\/lv\\\/#organization\",\"name\":\"Modes muzejs\",\"url\":\"https:\\\/\\\/fashionmuseum.shop\\\/lv\\\/\",\"logo\":{\"@type\":\"ImageObject\",\"inLanguage\":\"lv-LV\",\"@id\":\"https:\\\/\\\/fashionmuseum.shop\\\/lv\\\/#\\\/schema\\\/logo\\\/image\\\/\",\"url\":\"https:\\\/\\\/i1.wp.com\\\/fashionmuseum.shop\\\/wp-content\\\/uploads\\\/2020\\\/04\\\/apple-touch-icon.png?fit=180%2C180&ssl=1\",\"contentUrl\":\"https:\\\/\\\/i1.wp.com\\\/fashionmuseum.shop\\\/wp-content\\\/uploads\\\/2020\\\/04\\\/apple-touch-icon.png?fit=180%2C180&ssl=1\",\"width\":180,\"height\":180,\"caption\":\"Modes muzejs\"},\"image\":{\"@id\":\"https:\\\/\\\/fashionmuseum.shop\\\/lv\\\/#\\\/schema\\\/logo\\\/image\\\/\"}}]}<\/script>\n<!-- \/ Yoast SEO plugin. -->","yoast_head_json":{"title":"Fashion in Film - Fashion Museum Riga Online Store","robots":{"index":"index","follow":"follow","max-snippet":"max-snippet:-1","max-image-preview":"max-image-preview:large","max-video-preview":"max-video-preview:-1"},"canonical":"https:\/\/fashionmuseum.shop\/lv\/prece\/fashion-in-film\/","og_locale":"lv_LV","og_type":"article","og_title":"Fashion in Film - Fashion Museum Riga Online Store","og_description":"Christopher Laverty  K\u0101p\u0113c m\u0113s\u00a0izv\u0113l\u0113j\u0101mies\u00a0\u0161o gr\u0101matu:  Br\u012bni\u0161\u0137\u012bga gr\u0101mata, kas seko kino un modes m\u012blasst\u0101stam visa 20. gadsimta garum\u0101 \u2013 ikoniskas filmas un ne maz\u0101k ikoniski re\u017eisoru un modes dizaineru rado\u0161ie dueti. Tie\u0161i t\u0113rpi nereti rada filmas noska\u0146u un padara uz ekr\u0101na redz\u0113to par atdarin\u0101\u0161anas v\u0113rtu paraugu \u2013 vai sapni, p\u0113c k\u0101 tiekties\u2026 Patiks gan kino, gan modes faniem!  \u00a0","og_url":"https:\/\/fashionmuseum.shop\/lv\/prece\/fashion-in-film\/","og_site_name":"Fashion Museum Riga Online Store","article_modified_time":"2022-11-22T11:45:56+00:00","og_image":[{"width":1020,"height":1020,"url":"https:\/\/i0.wp.com\/fashionmuseum.shop\/wp-content\/uploads\/2022\/11\/9781786277091-spread-1-main.jpg.webp?fit=1020%2C1020&ssl=1","type":"image\/webp"}],"twitter_card":"summary_large_image","twitter_misc":{"Est. reading time":"1 minute"},"schema":{"@context":"https:\/\/schema.org","@graph":[{"@type":"WebPage","@id":"https:\/\/fashionmuseum.shop\/lv\/prece\/fashion-in-film\/","url":"https:\/\/fashionmuseum.shop\/lv\/prece\/fashion-in-film\/","name":"Fashion in Film - Fashion Museum Riga Online Store","isPartOf":{"@id":"https:\/\/fashionmuseum.shop\/lv\/#website"},"primaryImageOfPage":{"@id":"https:\/\/fashionmuseum.shop\/lv\/prece\/fashion-in-film\/#primaryimage"},"image":{"@id":"https:\/\/fashionmuseum.shop\/lv\/prece\/fashion-in-film\/#primaryimage"},"thumbnailUrl":"https:\/\/i0.wp.com\/fashionmuseum.shop\/wp-content\/uploads\/2022\/11\/9781786277091-spread-1-main.jpg.webp?fit=1020%2C1020&ssl=1","datePublished":"2022-11-22T11:28:49+00:00","dateModified":"2022-11-22T11:45:56+00:00","breadcrumb":{"@id":"https:\/\/fashionmuseum.shop\/lv\/prece\/fashion-in-film\/#breadcrumb"},"inLanguage":"lv-LV","potentialAction":[{"@type":"ReadAction","target":["https:\/\/fashionmuseum.shop\/lv\/prece\/fashion-in-film\/"]}]},{"@type":"ImageObject","inLanguage":"lv-LV","@id":"https:\/\/fashionmuseum.shop\/lv\/prece\/fashion-in-film\/#primaryimage","url":"https:\/\/i0.wp.com\/fashionmuseum.shop\/wp-content\/uploads\/2022\/11\/9781786277091-spread-1-main.jpg.webp?fit=1020%2C1020&ssl=1","contentUrl":"https:\/\/i0.wp.com\/fashionmuseum.shop\/wp-content\/uploads\/2022\/11\/9781786277091-spread-1-main.jpg.webp?fit=1020%2C1020&ssl=1","width":1020,"height":1020,"caption":"Fashion in Film"},{"@type":"BreadcrumbList","@id":"https:\/\/fashionmuseum.shop\/lv\/prece\/fashion-in-film\/#breadcrumb","itemListElement":[{"@type":"ListItem","position":1,"name":"Home","item":"https:\/\/fashionmuseum.shop\/lv\/"},{"@type":"ListItem","position":2,"name":"Products","item":"https:\/\/fashionmuseum.shop\/lv\/shop\/"},{"@type":"ListItem","position":3,"name":"Fashion in Film"}]},{"@type":"WebSite","@id":"https:\/\/fashionmuseum.shop\/lv\/#website","url":"https:\/\/fashionmuseum.shop\/lv\/","name":"Fashion Museum Online Store","description":"Fashion Museum Riga Online Store provides a wide selection of books about fashion and fashion history.","publisher":{"@id":"https:\/\/fashionmuseum.shop\/lv\/#organization"},"potentialAction":[{"@type":"SearchAction","target":{"@type":"EntryPoint","urlTemplate":"https:\/\/fashionmuseum.shop\/lv\/?s={search_term_string}"},"query-input":{"@type":"PropertyValueSpecification","valueRequired":true,"valueName":"search_term_string"}}],"inLanguage":"lv-LV"},{"@type":"Organization","@id":"https:\/\/fashionmuseum.shop\/lv\/#organization","name":"Modes muzejs","url":"https:\/\/fashionmuseum.shop\/lv\/","logo":{"@type":"ImageObject","inLanguage":"lv-LV","@id":"https:\/\/fashionmuseum.shop\/lv\/#\/schema\/logo\/image\/","url":"https:\/\/i1.wp.com\/fashionmuseum.shop\/wp-content\/uploads\/2020\/04\/apple-touch-icon.png?fit=180%2C180&ssl=1","contentUrl":"https:\/\/i1.wp.com\/fashionmuseum.shop\/wp-content\/uploads\/2020\/04\/apple-touch-icon.png?fit=180%2C180&ssl=1","width":180,"height":180,"caption":"Modes muzejs"},"image":{"@id":"https:\/\/fashionmuseum.shop\/lv\/#\/schema\/logo\/image\/"}}]}},"jetpack_publicize_connections":[],"jetpack_likes_enabled":false,"jetpack_sharing_enabled":true,"amp_enabled":true,"_links":{"self":[{"href":"https:\/\/fashionmuseum.shop\/lv\/wp-json\/wp\/v2\/product\/13553","targetHints":{"allow":["GET"]}}],"collection":[{"href":"https:\/\/fashionmuseum.shop\/lv\/wp-json\/wp\/v2\/product"}],"about":[{"href":"https:\/\/fashionmuseum.shop\/lv\/wp-json\/wp\/v2\/types\/product"}],"wp:featuredmedia":[{"embeddable":true,"href":"https:\/\/fashionmuseum.shop\/lv\/wp-json\/wp\/v2\/media\/13557"}],"wp:attachment":[{"href":"https:\/\/fashionmuseum.shop\/lv\/wp-json\/wp\/v2\/media?parent=13553"}],"wp:term":[{"taxonomy":"product_brand","embeddable":true,"href":"https:\/\/fashionmuseum.shop\/lv\/wp-json\/wp\/v2\/product_brand?post=13553"},{"taxonomy":"product_cat","embeddable":true,"href":"https:\/\/fashionmuseum.shop\/lv\/wp-json\/wp\/v2\/product_cat?post=13553"},{"taxonomy":"product_tag","embeddable":true,"href":"https:\/\/fashionmuseum.shop\/lv\/wp-json\/wp\/v2\/product_tag?post=13553"}],"curies":[{"name":"wp","href":"https:\/\/api.w.org\/{rel}","templated":true}]}}