{"id":13579,"date":"2022-11-22T13:52:12","date_gmt":"2022-11-22T11:52:12","guid":{"rendered":"https:\/\/fashionmuseum.shop\/?post_type=product&#038;p=13579"},"modified":"2022-11-23T11:35:55","modified_gmt":"2022-11-23T09:35:55","slug":"the-history-of-modern-fashion","status":"publish","type":"product","link":"https:\/\/fashionmuseum.shop\/lv\/prece\/the-history-of-modern-fashion\/","title":{"rendered":"The History of Modern Fashion"},"content":{"rendered":"<p><em><strong>Izdev\u0113ja gr\u0101matas anot\u0101cija:<\/strong><\/em><\/p>\n<p>Shortlisted for the Costume Society of America Millia Davenport Publication Award (2016), this lavishly illustrated book looks at the history of fashion from 1850 to 2010. Taking a decade-by-decade approach, Daniel James Cole and Nancy Deihl explore the history of fashion as a lively and dynamic manifestation of twentieth-century culture. Covering chronological changes in womenswear, menswear, and childrenswear, the book looks at the dissemination of style and the mechanisms of change, at the relationship between fashion and the visual, applied, and performing arts, the intertwined relationship between fashion and popular culture, the impact of new materials and technology, and the growing globalization of style. Illustrated with photographs of costume from museums and images from the fashion press including editorial photography, illustrations, and advertising, the book will include insights into icons of fashion and the clothes worn by &#8220;real people&#8221;, providing a valuable visual reference for the reader.<\/p>\n<p><strong><em>Saturs:<\/em><\/strong><\/p>\n<p>1 1850\u20131890 The Dawn of Modern Clothing 132 The 1890s Extremes of the Gilded Age 55<br \/>\n3 The 1900s A New Century 77<br \/>\n4 The 1910s Exotic Fantasy, Wartime Reality 99<br \/>\n5 The 1920s Les Anne\u0301es Folles 129<br \/>\n6 The 1930s Aspirations of Glamour 161<br \/>\n7 The 1940s War and Recovery 193<br \/>\n8 The 1950s Couture Opulence, Suburban Style 231 9 The 1960s Fashion for the Future 267<br \/>\n10 The 1970s Revivals and Individuality 305<br \/>\n11 The 1980s Power Dressing and Postmodernism 343 12 The 1990s Subcultures and Supermodels 377<br \/>\n13 The 2000s Mixed Messages 417<br \/>\nNotes 460<br \/>\nGlossary 463<br \/>\nBibliography 468<br \/>\nIndex 474<br \/>\nPicture Credits 479<\/p>\n<p>\u0160\u012bs gr\u0101matas izdev\u0113js ir \u0160\u012bs gr\u0101matas izdev\u0113js ir <strong><a href=\"https:\/\/fashionmuseum.shop\/lv\/publisher\/laurence-king-publishing-lv\/\">Laurence King Publishing<\/a><\/strong>, ISBN 9781780676036<\/p>\n","protected":false},"excerpt":{"rendered":"<p><a href=\"https:\/\/fashionmuseum.shop\/lv\/book-author\/daniel-james-cole\/\"><span style=\"text-decoration: underline;\"><strong>Daniel James Cole<\/strong><\/span><\/a>,\u00a0<a href=\"https:\/\/fashionmuseum.shop\/lv\/book-author\/nancy-deihl\/\"><span style=\"text-decoration: underline;\"><strong>Nancy Deihl<\/strong><\/span><\/a><\/p>\n<p><em><strong>K\u0101p\u0113c m\u0113s\u00a0izv\u0113l\u0113j\u0101mies\u00a0\u0161o gr\u0101matu:<\/strong><\/em><\/p>\n<p>Ieraugot eleganto v\u0101ku un izv\u0113rt\u0113jot gr\u0101matas iespaid\u012bgos izm\u0113rus, pirmaj\u0101 acumirkl\u012b \u0161\u0137iet, ka t\u0101 b\u016bs viena no daudzaj\u0101m skaistaj\u0101m kafijas galdi\u0146a gr\u0101mat\u0101m, kas dom\u0101tas \u0161\u0137irst\u012b\u0161anai. Ta\u010du t\u0101 neb\u016bt nav \u2013 gr\u0101mata pamat\u0101 balst\u012bta tie\u0161i tekst\u0101 un aptver iespaid\u012bgu periodu no 19. gs. vidus l\u012bdz pat m\u016bsdien\u0101m. R\u016bp\u012bg\u0101 izp\u0113t\u0113 balst\u012btais teksts atkl\u0101j d\u0101mu, kungu un b\u0113rnu modes veido\u0161an\u0101s v\u0113sturiskos un soci\u0101los apst\u0101k\u013cus, k\u0101 ar\u012b m\u0101ksliniecisko kontekstu, savuk\u0101rt ilustr\u0101cijas \u013cauj apjaust katra perioda vizu\u0101l\u0101s iez\u012bmes. Br\u012bni\u0161\u0137\u012bgs izdevums \u012bstiem modes cien\u012bt\u0101jiem!<\/p>\n","protected":false},"featured_media":13584,"template":"","meta":{"_coblocks_attr":"","_coblocks_dimensions":"","_coblocks_responsive_height":"","_coblocks_accordion_ie_support":"","_crdt_document":"","jetpack_publicize_message":"","jetpack_publicize_feature_enabled":true,"jetpack_social_post_already_shared":true,"jetpack_social_options":{"image_generator_settings":{"template":"highway","default_image_id":0,"font":"","enabled":false},"version":2},"_wpas_customize_per_network":false},"product_brand":[],"product_cat":[1611,1605,2418],"product_tag":[],"class_list":{"0":"post-13579","1":"product","2":"type-product","3":"status-publish","4":"has-post-thumbnail","6":"product_cat-gramatas-anglu-valoda","7":"product_cat-gramatas-par-modes-vesturi","8":"product_cat-gramatas","9":"pa_book-author-daniel-james-cole-lv","10":"pa_book-author-nancy-deihl-lv","11":"pa_language-anglu","12":"pa_publisher-laurence-king-publishing-lv","14":"first","15":"instock","16":"shipping-taxable","17":"purchasable","18":"product-type-simple"},"yoast_head":"<!-- This site is optimized with the Yoast SEO plugin v27.5 - https:\/\/yoast.com\/product\/yoast-seo-wordpress\/ -->\n<title>The History of Modern Fashion - Fashion Museum Riga Online Store<\/title>\n<meta name=\"robots\" content=\"index, follow, max-snippet:-1, max-image-preview:large, max-video-preview:-1\" \/>\n<link rel=\"canonical\" href=\"https:\/\/fashionmuseum.shop\/lv\/prece\/the-history-of-modern-fashion\/\" \/>\n<meta property=\"og:locale\" content=\"lv_LV\" \/>\n<meta property=\"og:type\" content=\"article\" \/>\n<meta property=\"og:title\" content=\"The History of Modern Fashion - Fashion Museum Riga Online Store\" \/>\n<meta property=\"og:description\" content=\"Daniel James Cole,\u00a0Nancy Deihl  K\u0101p\u0113c m\u0113s\u00a0izv\u0113l\u0113j\u0101mies\u00a0\u0161o gr\u0101matu:  Ieraugot eleganto v\u0101ku un izv\u0113rt\u0113jot gr\u0101matas iespaid\u012bgos izm\u0113rus, pirmaj\u0101 acumirkl\u012b \u0161\u0137iet, ka t\u0101 b\u016bs viena no daudzaj\u0101m skaistaj\u0101m kafijas galdi\u0146a gr\u0101mat\u0101m, kas dom\u0101tas \u0161\u0137irst\u012b\u0161anai. Ta\u010du t\u0101 neb\u016bt nav \u2013 gr\u0101mata pamat\u0101 balst\u012bta tie\u0161i tekst\u0101 un aptver iespaid\u012bgu periodu no 19. gs. vidus l\u012bdz pat m\u016bsdien\u0101m. R\u016bp\u012bg\u0101 izp\u0113t\u0113 balst\u012btais teksts atkl\u0101j d\u0101mu, kungu un b\u0113rnu modes veido\u0161an\u0101s v\u0113sturiskos un soci\u0101los apst\u0101k\u013cus, k\u0101 ar\u012b m\u0101ksliniecisko kontekstu, savuk\u0101rt ilustr\u0101cijas \u013cauj apjaust katra perioda vizu\u0101l\u0101s iez\u012bmes. Br\u012bni\u0161\u0137\u012bgs izdevums \u012bstiem modes cien\u012bt\u0101jiem!\" \/>\n<meta property=\"og:url\" content=\"https:\/\/fashionmuseum.shop\/lv\/prece\/the-history-of-modern-fashion\/\" \/>\n<meta property=\"og:site_name\" content=\"Fashion Museum Riga Online Store\" \/>\n<meta property=\"article:modified_time\" content=\"2022-11-23T09:35:55+00:00\" \/>\n<meta property=\"og:image\" content=\"https:\/\/fashionmuseum.shop\/wp-content\/uploads\/2022\/11\/9781780676036-spread-1-main.jpg.webp\" \/>\n\t<meta property=\"og:image:width\" content=\"1020\" \/>\n\t<meta property=\"og:image:height\" content=\"655\" \/>\n\t<meta property=\"og:image:type\" content=\"image\/webp\" \/>\n<meta name=\"twitter:card\" content=\"summary_large_image\" \/>\n<meta name=\"twitter:label1\" content=\"Est. reading time\" \/>\n\t<meta name=\"twitter:data1\" content=\"1 minute\" \/>\n<script type=\"application\/ld+json\" class=\"yoast-schema-graph\">{\"@context\":\"https:\\\/\\\/schema.org\",\"@graph\":[{\"@type\":\"WebPage\",\"@id\":\"https:\\\/\\\/fashionmuseum.shop\\\/lv\\\/prece\\\/the-history-of-modern-fashion\\\/\",\"url\":\"https:\\\/\\\/fashionmuseum.shop\\\/lv\\\/prece\\\/the-history-of-modern-fashion\\\/\",\"name\":\"The History of Modern Fashion - Fashion Museum Riga Online Store\",\"isPartOf\":{\"@id\":\"https:\\\/\\\/fashionmuseum.shop\\\/lv\\\/#website\"},\"primaryImageOfPage\":{\"@id\":\"https:\\\/\\\/fashionmuseum.shop\\\/lv\\\/prece\\\/the-history-of-modern-fashion\\\/#primaryimage\"},\"image\":{\"@id\":\"https:\\\/\\\/fashionmuseum.shop\\\/lv\\\/prece\\\/the-history-of-modern-fashion\\\/#primaryimage\"},\"thumbnailUrl\":\"https:\\\/\\\/i0.wp.com\\\/fashionmuseum.shop\\\/wp-content\\\/uploads\\\/2022\\\/11\\\/9781780676036-spread-1-main.jpg.webp?fit=1020%2C655&ssl=1\",\"datePublished\":\"2022-11-22T11:52:12+00:00\",\"dateModified\":\"2022-11-23T09:35:55+00:00\",\"breadcrumb\":{\"@id\":\"https:\\\/\\\/fashionmuseum.shop\\\/lv\\\/prece\\\/the-history-of-modern-fashion\\\/#breadcrumb\"},\"inLanguage\":\"lv-LV\",\"potentialAction\":[{\"@type\":\"ReadAction\",\"target\":[\"https:\\\/\\\/fashionmuseum.shop\\\/lv\\\/prece\\\/the-history-of-modern-fashion\\\/\"]}]},{\"@type\":\"ImageObject\",\"inLanguage\":\"lv-LV\",\"@id\":\"https:\\\/\\\/fashionmuseum.shop\\\/lv\\\/prece\\\/the-history-of-modern-fashion\\\/#primaryimage\",\"url\":\"https:\\\/\\\/i0.wp.com\\\/fashionmuseum.shop\\\/wp-content\\\/uploads\\\/2022\\\/11\\\/9781780676036-spread-1-main.jpg.webp?fit=1020%2C655&ssl=1\",\"contentUrl\":\"https:\\\/\\\/i0.wp.com\\\/fashionmuseum.shop\\\/wp-content\\\/uploads\\\/2022\\\/11\\\/9781780676036-spread-1-main.jpg.webp?fit=1020%2C655&ssl=1\",\"width\":1020,\"height\":655,\"caption\":\"The History of Modern Fashion\"},{\"@type\":\"BreadcrumbList\",\"@id\":\"https:\\\/\\\/fashionmuseum.shop\\\/lv\\\/prece\\\/the-history-of-modern-fashion\\\/#breadcrumb\",\"itemListElement\":[{\"@type\":\"ListItem\",\"position\":1,\"name\":\"Home\",\"item\":\"https:\\\/\\\/fashionmuseum.shop\\\/lv\\\/\"},{\"@type\":\"ListItem\",\"position\":2,\"name\":\"Products\",\"item\":\"https:\\\/\\\/fashionmuseum.shop\\\/lv\\\/shop\\\/\"},{\"@type\":\"ListItem\",\"position\":3,\"name\":\"The History of Modern Fashion\"}]},{\"@type\":\"WebSite\",\"@id\":\"https:\\\/\\\/fashionmuseum.shop\\\/lv\\\/#website\",\"url\":\"https:\\\/\\\/fashionmuseum.shop\\\/lv\\\/\",\"name\":\"Fashion Museum Online Store\",\"description\":\"Fashion Museum Riga Online Store provides a wide selection of books about fashion and fashion history.\",\"publisher\":{\"@id\":\"https:\\\/\\\/fashionmuseum.shop\\\/lv\\\/#organization\"},\"potentialAction\":[{\"@type\":\"SearchAction\",\"target\":{\"@type\":\"EntryPoint\",\"urlTemplate\":\"https:\\\/\\\/fashionmuseum.shop\\\/lv\\\/?s={search_term_string}\"},\"query-input\":{\"@type\":\"PropertyValueSpecification\",\"valueRequired\":true,\"valueName\":\"search_term_string\"}}],\"inLanguage\":\"lv-LV\"},{\"@type\":\"Organization\",\"@id\":\"https:\\\/\\\/fashionmuseum.shop\\\/lv\\\/#organization\",\"name\":\"Modes muzejs\",\"url\":\"https:\\\/\\\/fashionmuseum.shop\\\/lv\\\/\",\"logo\":{\"@type\":\"ImageObject\",\"inLanguage\":\"lv-LV\",\"@id\":\"https:\\\/\\\/fashionmuseum.shop\\\/lv\\\/#\\\/schema\\\/logo\\\/image\\\/\",\"url\":\"https:\\\/\\\/i1.wp.com\\\/fashionmuseum.shop\\\/wp-content\\\/uploads\\\/2020\\\/04\\\/apple-touch-icon.png?fit=180%2C180&ssl=1\",\"contentUrl\":\"https:\\\/\\\/i1.wp.com\\\/fashionmuseum.shop\\\/wp-content\\\/uploads\\\/2020\\\/04\\\/apple-touch-icon.png?fit=180%2C180&ssl=1\",\"width\":180,\"height\":180,\"caption\":\"Modes muzejs\"},\"image\":{\"@id\":\"https:\\\/\\\/fashionmuseum.shop\\\/lv\\\/#\\\/schema\\\/logo\\\/image\\\/\"}}]}<\/script>\n<!-- \/ Yoast SEO plugin. -->","yoast_head_json":{"title":"The History of Modern Fashion - Fashion Museum Riga Online Store","robots":{"index":"index","follow":"follow","max-snippet":"max-snippet:-1","max-image-preview":"max-image-preview:large","max-video-preview":"max-video-preview:-1"},"canonical":"https:\/\/fashionmuseum.shop\/lv\/prece\/the-history-of-modern-fashion\/","og_locale":"lv_LV","og_type":"article","og_title":"The History of Modern Fashion - Fashion Museum Riga Online Store","og_description":"Daniel James Cole,\u00a0Nancy Deihl  K\u0101p\u0113c m\u0113s\u00a0izv\u0113l\u0113j\u0101mies\u00a0\u0161o gr\u0101matu:  Ieraugot eleganto v\u0101ku un izv\u0113rt\u0113jot gr\u0101matas iespaid\u012bgos izm\u0113rus, pirmaj\u0101 acumirkl\u012b \u0161\u0137iet, ka t\u0101 b\u016bs viena no daudzaj\u0101m skaistaj\u0101m kafijas galdi\u0146a gr\u0101mat\u0101m, kas dom\u0101tas \u0161\u0137irst\u012b\u0161anai. Ta\u010du t\u0101 neb\u016bt nav \u2013 gr\u0101mata pamat\u0101 balst\u012bta tie\u0161i tekst\u0101 un aptver iespaid\u012bgu periodu no 19. gs. vidus l\u012bdz pat m\u016bsdien\u0101m. R\u016bp\u012bg\u0101 izp\u0113t\u0113 balst\u012btais teksts atkl\u0101j d\u0101mu, kungu un b\u0113rnu modes veido\u0161an\u0101s v\u0113sturiskos un soci\u0101los apst\u0101k\u013cus, k\u0101 ar\u012b m\u0101ksliniecisko kontekstu, savuk\u0101rt ilustr\u0101cijas \u013cauj apjaust katra perioda vizu\u0101l\u0101s iez\u012bmes. Br\u012bni\u0161\u0137\u012bgs izdevums \u012bstiem modes cien\u012bt\u0101jiem!","og_url":"https:\/\/fashionmuseum.shop\/lv\/prece\/the-history-of-modern-fashion\/","og_site_name":"Fashion Museum Riga Online Store","article_modified_time":"2022-11-23T09:35:55+00:00","og_image":[{"width":1020,"height":655,"url":"https:\/\/fashionmuseum.shop\/wp-content\/uploads\/2022\/11\/9781780676036-spread-1-main.jpg.webp","type":"image\/webp"}],"twitter_card":"summary_large_image","twitter_misc":{"Est. reading time":"1 minute"},"schema":{"@context":"https:\/\/schema.org","@graph":[{"@type":"WebPage","@id":"https:\/\/fashionmuseum.shop\/lv\/prece\/the-history-of-modern-fashion\/","url":"https:\/\/fashionmuseum.shop\/lv\/prece\/the-history-of-modern-fashion\/","name":"The History of Modern Fashion - Fashion Museum Riga Online Store","isPartOf":{"@id":"https:\/\/fashionmuseum.shop\/lv\/#website"},"primaryImageOfPage":{"@id":"https:\/\/fashionmuseum.shop\/lv\/prece\/the-history-of-modern-fashion\/#primaryimage"},"image":{"@id":"https:\/\/fashionmuseum.shop\/lv\/prece\/the-history-of-modern-fashion\/#primaryimage"},"thumbnailUrl":"https:\/\/i0.wp.com\/fashionmuseum.shop\/wp-content\/uploads\/2022\/11\/9781780676036-spread-1-main.jpg.webp?fit=1020%2C655&ssl=1","datePublished":"2022-11-22T11:52:12+00:00","dateModified":"2022-11-23T09:35:55+00:00","breadcrumb":{"@id":"https:\/\/fashionmuseum.shop\/lv\/prece\/the-history-of-modern-fashion\/#breadcrumb"},"inLanguage":"lv-LV","potentialAction":[{"@type":"ReadAction","target":["https:\/\/fashionmuseum.shop\/lv\/prece\/the-history-of-modern-fashion\/"]}]},{"@type":"ImageObject","inLanguage":"lv-LV","@id":"https:\/\/fashionmuseum.shop\/lv\/prece\/the-history-of-modern-fashion\/#primaryimage","url":"https:\/\/i0.wp.com\/fashionmuseum.shop\/wp-content\/uploads\/2022\/11\/9781780676036-spread-1-main.jpg.webp?fit=1020%2C655&ssl=1","contentUrl":"https:\/\/i0.wp.com\/fashionmuseum.shop\/wp-content\/uploads\/2022\/11\/9781780676036-spread-1-main.jpg.webp?fit=1020%2C655&ssl=1","width":1020,"height":655,"caption":"The History of Modern Fashion"},{"@type":"BreadcrumbList","@id":"https:\/\/fashionmuseum.shop\/lv\/prece\/the-history-of-modern-fashion\/#breadcrumb","itemListElement":[{"@type":"ListItem","position":1,"name":"Home","item":"https:\/\/fashionmuseum.shop\/lv\/"},{"@type":"ListItem","position":2,"name":"Products","item":"https:\/\/fashionmuseum.shop\/lv\/shop\/"},{"@type":"ListItem","position":3,"name":"The History of Modern Fashion"}]},{"@type":"WebSite","@id":"https:\/\/fashionmuseum.shop\/lv\/#website","url":"https:\/\/fashionmuseum.shop\/lv\/","name":"Fashion Museum Online Store","description":"Fashion Museum Riga Online Store provides a wide selection of books about fashion and fashion history.","publisher":{"@id":"https:\/\/fashionmuseum.shop\/lv\/#organization"},"potentialAction":[{"@type":"SearchAction","target":{"@type":"EntryPoint","urlTemplate":"https:\/\/fashionmuseum.shop\/lv\/?s={search_term_string}"},"query-input":{"@type":"PropertyValueSpecification","valueRequired":true,"valueName":"search_term_string"}}],"inLanguage":"lv-LV"},{"@type":"Organization","@id":"https:\/\/fashionmuseum.shop\/lv\/#organization","name":"Modes muzejs","url":"https:\/\/fashionmuseum.shop\/lv\/","logo":{"@type":"ImageObject","inLanguage":"lv-LV","@id":"https:\/\/fashionmuseum.shop\/lv\/#\/schema\/logo\/image\/","url":"https:\/\/i1.wp.com\/fashionmuseum.shop\/wp-content\/uploads\/2020\/04\/apple-touch-icon.png?fit=180%2C180&ssl=1","contentUrl":"https:\/\/i1.wp.com\/fashionmuseum.shop\/wp-content\/uploads\/2020\/04\/apple-touch-icon.png?fit=180%2C180&ssl=1","width":180,"height":180,"caption":"Modes muzejs"},"image":{"@id":"https:\/\/fashionmuseum.shop\/lv\/#\/schema\/logo\/image\/"}}]}},"jetpack_publicize_connections":[],"jetpack_likes_enabled":false,"jetpack_sharing_enabled":true,"amp_enabled":true,"_links":{"self":[{"href":"https:\/\/fashionmuseum.shop\/lv\/wp-json\/wp\/v2\/product\/13579","targetHints":{"allow":["GET"]}}],"collection":[{"href":"https:\/\/fashionmuseum.shop\/lv\/wp-json\/wp\/v2\/product"}],"about":[{"href":"https:\/\/fashionmuseum.shop\/lv\/wp-json\/wp\/v2\/types\/product"}],"wp:featuredmedia":[{"embeddable":true,"href":"https:\/\/fashionmuseum.shop\/lv\/wp-json\/wp\/v2\/media\/13584"}],"wp:attachment":[{"href":"https:\/\/fashionmuseum.shop\/lv\/wp-json\/wp\/v2\/media?parent=13579"}],"wp:term":[{"taxonomy":"product_brand","embeddable":true,"href":"https:\/\/fashionmuseum.shop\/lv\/wp-json\/wp\/v2\/product_brand?post=13579"},{"taxonomy":"product_cat","embeddable":true,"href":"https:\/\/fashionmuseum.shop\/lv\/wp-json\/wp\/v2\/product_cat?post=13579"},{"taxonomy":"product_tag","embeddable":true,"href":"https:\/\/fashionmuseum.shop\/lv\/wp-json\/wp\/v2\/product_tag?post=13579"}],"curies":[{"name":"wp","href":"https:\/\/api.w.org\/{rel}","templated":true}]}}