{"id":1367,"date":"2020-04-14T15:25:25","date_gmt":"2020-04-14T12:25:25","guid":{"rendered":"https:\/\/fashionmuseum.shop\/product\/etjudi-o-mode\/"},"modified":"2025-11-26T11:51:52","modified_gmt":"2025-11-26T09:51:52","slug":"etjudi-o-mode","status":"publish","type":"product","link":"https:\/\/fashionmuseum.shop\/lv\/prece\/etjudi-o-mode\/","title":{"rendered":"\u042d\u0442\u044e\u0434\u044b \u043e \u043c\u043e\u0434\u0435 \u0438 \u0441\u0442\u0438\u043b\u0435"},"content":{"rendered":"<p><em><strong>Izdev\u0113ja gr\u0101matas anot\u0101cija:<\/strong><\/em><\/p>\n<p>\u0412 \u043a\u043d\u0438\u0433\u0443 \u0432\u043e\u0448\u043b\u0438 \u0441\u0442\u0430\u0442\u044c\u0438 \u0438 \u044d\u0441\u0441\u0435 \u0437\u043d\u0430\u043c\u0435\u043d\u0438\u0442\u043e\u0433\u043e \u0438\u0441\u0442\u043e\u0440\u0438\u043a\u0430 \u043c\u043e\u0434\u044b, \u0438\u0441\u043a\u0443\u0441\u0441\u0442\u0432\u043e\u0432\u0435\u0434\u0430 \u0438 \u0442\u0435\u0430\u0442\u0440\u0430\u043b\u044c\u043d\u043e\u0433\u043e \u0445\u0443\u0434\u043e\u0436\u043d\u0438\u043a\u0430 \u0410\u043b\u0435\u043a\u0441\u0430\u043d\u0434\u0440\u0430 \u0412\u0430\u0441\u0438\u043b\u044c\u0435\u0432\u0430. \u0412 80-\u0445 \u0433\u043e\u0434\u0430\u0445 \u043e\u043d \u044d\u043c\u0438\u0433\u0440\u0438\u0440\u043e\u0432\u0430\u043b \u0432\u043e \u0424\u0440\u0430\u043d\u0446\u0438\u044e, \u0433\u0434\u0435 \u0441\u043e\u0431\u0440\u0430\u043b \u0443\u043d\u0438\u043a\u0430\u043b\u044c\u043d\u0443\u044e \u043a\u043e\u043b\u043b\u0435\u043a\u0446\u0438\u044e \u043a\u043e\u0441\u0442\u044e\u043c\u0430 \u0438 \u0430\u043a\u0441\u0435\u0441\u0441\u0443\u0430\u0440\u043e\u0432 XIX-XX \u0432\u0435\u043a\u043e\u0432. \u0410\u0432\u0442\u043e\u0440 \u0440\u0430\u0441\u0441\u043a\u0430\u0437\u044b\u0432\u0430\u0435\u0442 \u0432 \u043a\u043d\u0438\u0433\u0435 \u043e\u0431 \u0438\u0441\u0442\u043e\u0440\u0438\u0438 \u0441\u0432\u043e\u0435\u0439 \u043a\u043e\u043b\u043b\u0435\u043a\u0446\u0438\u0438, \u0432\u0441\u043f\u043e\u043c\u0438\u043d\u0430\u0435\u0442 \u043e \u0440\u043e\u0434\u0438\u0442\u0435\u043b\u044f\u0445, \u0434\u0435\u043b\u0438\u0442\u0441\u044f \u0440\u0430\u0437\u043c\u044b\u0448\u043b\u0435\u043d\u0438\u044f\u043c\u0438 \u043e\u0431 \u0438\u0441\u0442\u043e\u0440\u0438\u0438 \u0438 \u044d\u0432\u043e\u043b\u044e\u0446\u0438\u0438 \u043e\u0434\u0435\u0436\u0434\u044b. \u0412 \u043d\u043e\u0432\u043e\u0439 \u043a\u043d\u0438\u0433\u0435 \u0410\u043b\u0435\u043a\u0441\u0430\u043d\u0434\u0440 \u0412\u0430\u0441\u0438\u043b\u044c\u0435\u0432 \u0432\u044b\u0441\u0442\u0443\u043f\u0430\u0435\u0442 \u0438 \u043a\u0430\u043a \u043b\u0435\u0442\u043e\u043f\u0438\u0441\u0435\u0446 \u0440\u0443\u0441\u0441\u043a\u043e\u0439 \u044d\u043c\u0438\u0433\u0440\u0430\u0446\u0438\u0438, \u0440\u0430\u0441\u0441\u043a\u0430\u0437\u044b\u0432\u0430\u044f \u043e \u0437\u043d\u0430\u043c\u0435\u043d\u0438\u0442\u044b\u0445 \u0440\u0443\u0441\u0441\u043a\u0438\u0445 \u0431\u0430\u043b\u0435\u0440\u0438\u043d\u0430\u0445 \u0438 \u0430\u043a\u0442\u0440\u0438\u0441\u0430\u0445, \u0441\u043e \u043c\u043d\u043e\u0433\u0438\u043c\u0438 \u0438\u0437 \u043a\u043e\u0442\u043e\u0440\u044b\u0445 \u0435\u0433\u043e \u0441\u0432\u044f\u0437\u044b\u0432\u0430\u043b\u0438 \u0434\u0440\u0443\u0436\u0435\u0441\u043a\u0438\u0435 \u043e\u0442\u043d\u043e\u0448\u0435\u043d\u0438\u044f.<br \/>\n&#8220;<em>\u042d\u0442\u044e\u0434\u044b \u043e \u043c\u043e\u0434\u0435 \u0438 \u0441\u0442\u0438\u043b\u0435<\/em>&#8221; \u043d\u0430\u043f\u0438\u0441\u0430\u043d\u044b \u044f\u0440\u043a\u043e \u0438 \u043e\u0447\u0435\u043d\u044c \u0436\u0438\u0432\u043e, \u0447\u0442\u043e \u0434\u0435\u043b\u0430\u0435\u0442 \u044d\u0442\u0443 \u043a\u043d\u0438\u0433\u0443 \u0434\u043e\u0441\u0442\u0443\u043f\u043d\u043e\u0439 \u0441\u0430\u043c\u043e\u0439 \u0448\u0438\u0440\u043e\u043a\u043e\u0439 \u0447\u0438\u0442\u0430\u0442\u0435\u043b\u044c\u0441\u043a\u043e\u0439 \u0430\u0443\u0434\u0438\u0442\u043e\u0440\u0438\u0438.<span id=\"ctrlcopy\"><\/span><\/p>\n<p><em><strong>Saturs:<\/strong><\/em><\/p>\n<p>\u041e\u0442 \u0430\u0432\u0442\u043e\u0440\u0430 <em>\u00a0\u00a0\u2022\u00a0 <\/em>\u0420\u0443\u0441\u0441\u043a\u0438\u0439 \u0441\u0442\u0438\u043b\u044c <em>\u00a0\u00a0\u2022\u00a0 <\/em>\u0420\u0443\u0441\u0441\u043a\u0438\u0435 \u0434\u0438\u0432\u044b <em>\u00a0\u00a0\u2022\u00a0 <\/em>\u041c\u0443\u0436\u0441\u043a\u043e\u0439 \u0432\u0437\u0433\u043b\u044f\u0434 <em>\u00a0\u00a0\u2022\u00a0 <\/em>\u0420\u043e\u0434\u043d\u043e\u0435 <em>\u00a0\u00a0\u2022\u00a0 <\/em>\u0417\u0430\u043f\u0438\u0441\u043a\u0438 \u0438\u0441\u0442\u043e\u0440\u0438\u043a\u0430 \u043c\u043e\u0434\u044b <em>\u00a0\u00a0\u2022\u00a0 <\/em>\u041f\u0438\u0441\u044c\u043c\u0430 \u0432 \u0436\u0443\u0440\u043d\u0430\u043b &#8220;\u0412\u043e\u0433&#8221; <em>\u00a0\u00a0\u2022\u00a0 <\/em>\u0413\u043e\u0440\u043e\u0434\u0430 \u0438 \u0441\u0442\u0440\u0430\u043d\u044b <em>\u00a0\u00a0\u2022\u00a0 <\/em>\u0428\u043f\u0438\u043b\u044c\u043a\u0438 \u0425\u0430\u043b\u0438\u043d\u043a\u0438 \u0414\u043e\u0440\u0441\u0443\u0432\u043d\u044b<em> \u00a0\u2022\u00a0\u00a0<\/em>\u0423\u043a\u0430\u0437\u0430\u0442\u0435\u043b\u044c \u0438\u043c\u0435\u043d<\/p>\n<p>\u0160\u012bs gr\u0101matas izdev\u0113js ir <span style=\"text-decoration: underline;\"><strong><a href=\"https:\/\/fashionmuseum.shop\/publisher\/\u0430\u043b\u044c\u043f\u0438\u043d\u0430-\u043d\u043e\u043d-\u0444\u0438\u043a\u0448\u043d-lv\/?lang=lv\">\u0410\u043b\u044c\u043f\u0438\u043d\u0430 \u043d\u043e\u043d-\u0444\u0438\u043a\u0448\u043d<\/a><\/strong><\/span>, ISBN 9785916717587<\/p>\n","protected":false},"excerpt":{"rendered":"<p><strong><a href=\"https:\/\/fashionmuseum.shop\/book-author\/\u0430\u043b\u0435\u043a\u0441\u0430\u043d\u0434\u0440-\u0432\u0430\u0441\u0438\u043b\u044c\u0435\u0432-lv\/?lang=lv\"><span style=\"text-decoration: underline;\">\u0410\u043b\u0435\u043a\u0441\u0430\u043d\u0434\u0440 \u0412\u0430\u0441\u0438\u043b\u044c\u0435\u0432<\/span>\u00a0<\/a><\/strong><\/p>\n<p><em><strong>K\u0101p\u0113c m\u0113s\u00a0izv\u0113l\u0113j\u0101mies\u00a0\u0161o gr\u0101matu:<\/strong><\/em><\/p>\n<p>Aizraut\u012bgais modes v\u0113sturnieks un kolekcion\u0101rs Aleksandrs Vasi\u013cjevs alla\u017e ir amizants un \u0161armants, un vi\u0146\u0161 raug\u0101s uz modi no emocion\u0101la un cilv\u0113ciska skatpunkta. \u0160aj\u0101 gr\u0101mat\u0101 apkopoti maestro raksti un esejas \u2013 gan par vi\u0146a unik\u0101lo kolekciju un vec\u0101kiem, gan par modes v\u0113sturi un ap\u0123\u0113rba evol\u016bciju.<\/p>\n","protected":false},"featured_media":1368,"template":"","meta":{"_coblocks_attr":"","_coblocks_dimensions":"","_coblocks_responsive_height":"","_coblocks_accordion_ie_support":"","_crdt_document":"","jetpack_publicize_message":"","jetpack_publicize_feature_enabled":true,"jetpack_social_post_already_shared":true,"jetpack_social_options":{"image_generator_settings":{"template":"highway","default_image_id":0,"font":"","enabled":false},"version":2},"_wpas_customize_per_network":false},"product_brand":[],"product_cat":[3023,1613,1605],"product_tag":[],"class_list":{"0":"post-1367","1":"product","2":"type-product","3":"status-publish","4":"has-post-thumbnail","6":"product_cat-gramatas-ar-autografiem","7":"product_cat-gramatas-krievu-valoda","8":"product_cat-gramatas-par-modes-vesturi","9":"pa_book-author-aleksandrs-vasiljevs-lv","10":"pa_book-author-alexandre-vassiliev-lv","11":"pa_book-author---lv","12":"pa_language-krievu","13":"pa_publisher----lv","15":"first","16":"instock","17":"shipping-taxable","18":"purchasable","19":"product-type-simple"},"yoast_head":"<!-- This site is optimized with the Yoast SEO plugin v27.5 - https:\/\/yoast.com\/product\/yoast-seo-wordpress\/ -->\n<title>\u042d\u0442\u044e\u0434\u044b \u043e \u043c\u043e\u0434\u0435 \u0438 \u0441\u0442\u0438\u043b\u0435 - Fashion Museum Riga Online Store<\/title>\n<meta name=\"robots\" content=\"index, follow, max-snippet:-1, max-image-preview:large, max-video-preview:-1\" \/>\n<link rel=\"canonical\" href=\"https:\/\/fashionmuseum.shop\/lv\/prece\/etjudi-o-mode\/\" \/>\n<meta property=\"og:locale\" content=\"lv_LV\" \/>\n<meta property=\"og:type\" content=\"article\" \/>\n<meta property=\"og:title\" content=\"\u042d\u0442\u044e\u0434\u044b \u043e \u043c\u043e\u0434\u0435 \u0438 \u0441\u0442\u0438\u043b\u0435 - Fashion Museum Riga Online Store\" \/>\n<meta property=\"og:description\" content=\"\u0410\u043b\u0435\u043a\u0441\u0430\u043d\u0434\u0440 \u0412\u0430\u0441\u0438\u043b\u044c\u0435\u0432\u00a0  K\u0101p\u0113c m\u0113s\u00a0izv\u0113l\u0113j\u0101mies\u00a0\u0161o gr\u0101matu:  Aizraut\u012bgais modes v\u0113sturnieks un kolekcion\u0101rs Aleksandrs Vasi\u013cjevs alla\u017e ir amizants un \u0161armants, un vi\u0146\u0161 raug\u0101s uz modi no emocion\u0101la un cilv\u0113ciska skatpunkta. \u0160aj\u0101 gr\u0101mat\u0101 apkopoti maestro raksti un esejas \u2013 gan par vi\u0146a unik\u0101lo kolekciju un vec\u0101kiem, gan par modes v\u0113sturi un ap\u0123\u0113rba evol\u016bciju.\" \/>\n<meta property=\"og:url\" content=\"https:\/\/fashionmuseum.shop\/lv\/prece\/etjudi-o-mode\/\" \/>\n<meta property=\"og:site_name\" content=\"Fashion Museum Riga Online Store\" \/>\n<meta property=\"article:modified_time\" content=\"2025-11-26T09:51:52+00:00\" \/>\n<meta property=\"og:image\" content=\"https:\/\/i1.wp.com\/fashionmuseum.shop\/wp-content\/uploads\/2020\/04\/\u044d\u0442\u044e\u0434\u044b-\u043e-\u043c\u043e\u0434\u0435-\u0438-\u0441\u0442\u0438\u043b\u0435.jpg?fit=720%2C720&ssl=1\" \/>\n\t<meta property=\"og:image:width\" content=\"720\" \/>\n\t<meta property=\"og:image:height\" content=\"720\" \/>\n\t<meta property=\"og:image:type\" content=\"image\/jpeg\" \/>\n<meta name=\"twitter:card\" content=\"summary_large_image\" \/>\n<script type=\"application\/ld+json\" class=\"yoast-schema-graph\">{\"@context\":\"https:\\\/\\\/schema.org\",\"@graph\":[{\"@type\":\"WebPage\",\"@id\":\"https:\\\/\\\/fashionmuseum.shop\\\/lv\\\/prece\\\/etjudi-o-mode\\\/\",\"url\":\"https:\\\/\\\/fashionmuseum.shop\\\/lv\\\/prece\\\/etjudi-o-mode\\\/\",\"name\":\"\u042d\u0442\u044e\u0434\u044b \u043e \u043c\u043e\u0434\u0435 \u0438 \u0441\u0442\u0438\u043b\u0435 - Fashion Museum Riga Online Store\",\"isPartOf\":{\"@id\":\"https:\\\/\\\/fashionmuseum.shop\\\/lv\\\/#website\"},\"primaryImageOfPage\":{\"@id\":\"https:\\\/\\\/fashionmuseum.shop\\\/lv\\\/prece\\\/etjudi-o-mode\\\/#primaryimage\"},\"image\":{\"@id\":\"https:\\\/\\\/fashionmuseum.shop\\\/lv\\\/prece\\\/etjudi-o-mode\\\/#primaryimage\"},\"thumbnailUrl\":\"https:\\\/\\\/i0.wp.com\\\/fashionmuseum.shop\\\/wp-content\\\/uploads\\\/2020\\\/04\\\/%D1%8D%D1%82%D1%8E%D0%B4%D1%8B-%D0%BE-%D0%BC%D0%BE%D0%B4%D0%B5-%D0%B8-%D1%81%D1%82%D0%B8%D0%BB%D0%B5.jpg?fit=720%2C720&ssl=1\",\"datePublished\":\"2020-04-14T12:25:25+00:00\",\"dateModified\":\"2025-11-26T09:51:52+00:00\",\"breadcrumb\":{\"@id\":\"https:\\\/\\\/fashionmuseum.shop\\\/lv\\\/prece\\\/etjudi-o-mode\\\/#breadcrumb\"},\"inLanguage\":\"lv-LV\",\"potentialAction\":[{\"@type\":\"ReadAction\",\"target\":[\"https:\\\/\\\/fashionmuseum.shop\\\/lv\\\/prece\\\/etjudi-o-mode\\\/\"]}]},{\"@type\":\"ImageObject\",\"inLanguage\":\"lv-LV\",\"@id\":\"https:\\\/\\\/fashionmuseum.shop\\\/lv\\\/prece\\\/etjudi-o-mode\\\/#primaryimage\",\"url\":\"https:\\\/\\\/i0.wp.com\\\/fashionmuseum.shop\\\/wp-content\\\/uploads\\\/2020\\\/04\\\/%D1%8D%D1%82%D1%8E%D0%B4%D1%8B-%D0%BE-%D0%BC%D0%BE%D0%B4%D0%B5-%D0%B8-%D1%81%D1%82%D0%B8%D0%BB%D0%B5.jpg?fit=720%2C720&ssl=1\",\"contentUrl\":\"https:\\\/\\\/i0.wp.com\\\/fashionmuseum.shop\\\/wp-content\\\/uploads\\\/2020\\\/04\\\/%D1%8D%D1%82%D1%8E%D0%B4%D1%8B-%D0%BE-%D0%BC%D0%BE%D0%B4%D0%B5-%D0%B8-%D1%81%D1%82%D0%B8%D0%BB%D0%B5.jpg?fit=720%2C720&ssl=1\",\"width\":720,\"height\":720},{\"@type\":\"BreadcrumbList\",\"@id\":\"https:\\\/\\\/fashionmuseum.shop\\\/lv\\\/prece\\\/etjudi-o-mode\\\/#breadcrumb\",\"itemListElement\":[{\"@type\":\"ListItem\",\"position\":1,\"name\":\"Home\",\"item\":\"https:\\\/\\\/fashionmuseum.shop\\\/lv\\\/\"},{\"@type\":\"ListItem\",\"position\":2,\"name\":\"Products\",\"item\":\"https:\\\/\\\/fashionmuseum.shop\\\/lv\\\/shop\\\/\"},{\"@type\":\"ListItem\",\"position\":3,\"name\":\"\u042d\u0442\u044e\u0434\u044b \u043e \u043c\u043e\u0434\u0435 \u0438 \u0441\u0442\u0438\u043b\u0435\"}]},{\"@type\":\"WebSite\",\"@id\":\"https:\\\/\\\/fashionmuseum.shop\\\/lv\\\/#website\",\"url\":\"https:\\\/\\\/fashionmuseum.shop\\\/lv\\\/\",\"name\":\"Fashion Museum Online Store\",\"description\":\"Fashion Museum Riga Online Store provides a wide selection of books about fashion and fashion history.\",\"publisher\":{\"@id\":\"https:\\\/\\\/fashionmuseum.shop\\\/lv\\\/#organization\"},\"potentialAction\":[{\"@type\":\"SearchAction\",\"target\":{\"@type\":\"EntryPoint\",\"urlTemplate\":\"https:\\\/\\\/fashionmuseum.shop\\\/lv\\\/?s={search_term_string}\"},\"query-input\":{\"@type\":\"PropertyValueSpecification\",\"valueRequired\":true,\"valueName\":\"search_term_string\"}}],\"inLanguage\":\"lv-LV\"},{\"@type\":\"Organization\",\"@id\":\"https:\\\/\\\/fashionmuseum.shop\\\/lv\\\/#organization\",\"name\":\"Modes muzejs\",\"url\":\"https:\\\/\\\/fashionmuseum.shop\\\/lv\\\/\",\"logo\":{\"@type\":\"ImageObject\",\"inLanguage\":\"lv-LV\",\"@id\":\"https:\\\/\\\/fashionmuseum.shop\\\/lv\\\/#\\\/schema\\\/logo\\\/image\\\/\",\"url\":\"https:\\\/\\\/i1.wp.com\\\/fashionmuseum.shop\\\/wp-content\\\/uploads\\\/2020\\\/04\\\/apple-touch-icon.png?fit=180%2C180&ssl=1\",\"contentUrl\":\"https:\\\/\\\/i1.wp.com\\\/fashionmuseum.shop\\\/wp-content\\\/uploads\\\/2020\\\/04\\\/apple-touch-icon.png?fit=180%2C180&ssl=1\",\"width\":180,\"height\":180,\"caption\":\"Modes muzejs\"},\"image\":{\"@id\":\"https:\\\/\\\/fashionmuseum.shop\\\/lv\\\/#\\\/schema\\\/logo\\\/image\\\/\"}}]}<\/script>\n<!-- \/ Yoast SEO plugin. -->","yoast_head_json":{"title":"\u042d\u0442\u044e\u0434\u044b \u043e \u043c\u043e\u0434\u0435 \u0438 \u0441\u0442\u0438\u043b\u0435 - Fashion Museum Riga Online Store","robots":{"index":"index","follow":"follow","max-snippet":"max-snippet:-1","max-image-preview":"max-image-preview:large","max-video-preview":"max-video-preview:-1"},"canonical":"https:\/\/fashionmuseum.shop\/lv\/prece\/etjudi-o-mode\/","og_locale":"lv_LV","og_type":"article","og_title":"\u042d\u0442\u044e\u0434\u044b \u043e \u043c\u043e\u0434\u0435 \u0438 \u0441\u0442\u0438\u043b\u0435 - Fashion Museum Riga Online Store","og_description":"\u0410\u043b\u0435\u043a\u0441\u0430\u043d\u0434\u0440 \u0412\u0430\u0441\u0438\u043b\u044c\u0435\u0432\u00a0  K\u0101p\u0113c m\u0113s\u00a0izv\u0113l\u0113j\u0101mies\u00a0\u0161o gr\u0101matu:  Aizraut\u012bgais modes v\u0113sturnieks un kolekcion\u0101rs Aleksandrs Vasi\u013cjevs alla\u017e ir amizants un \u0161armants, un vi\u0146\u0161 raug\u0101s uz modi no emocion\u0101la un cilv\u0113ciska skatpunkta. \u0160aj\u0101 gr\u0101mat\u0101 apkopoti maestro raksti un esejas \u2013 gan par vi\u0146a unik\u0101lo kolekciju un vec\u0101kiem, gan par modes v\u0113sturi un ap\u0123\u0113rba evol\u016bciju.","og_url":"https:\/\/fashionmuseum.shop\/lv\/prece\/etjudi-o-mode\/","og_site_name":"Fashion Museum Riga Online Store","article_modified_time":"2025-11-26T09:51:52+00:00","og_image":[{"width":720,"height":720,"url":"https:\/\/i1.wp.com\/fashionmuseum.shop\/wp-content\/uploads\/2020\/04\/\u044d\u0442\u044e\u0434\u044b-\u043e-\u043c\u043e\u0434\u0435-\u0438-\u0441\u0442\u0438\u043b\u0435.jpg?fit=720%2C720&ssl=1","type":"image\/jpeg"}],"twitter_card":"summary_large_image","schema":{"@context":"https:\/\/schema.org","@graph":[{"@type":"WebPage","@id":"https:\/\/fashionmuseum.shop\/lv\/prece\/etjudi-o-mode\/","url":"https:\/\/fashionmuseum.shop\/lv\/prece\/etjudi-o-mode\/","name":"\u042d\u0442\u044e\u0434\u044b \u043e \u043c\u043e\u0434\u0435 \u0438 \u0441\u0442\u0438\u043b\u0435 - Fashion Museum Riga Online Store","isPartOf":{"@id":"https:\/\/fashionmuseum.shop\/lv\/#website"},"primaryImageOfPage":{"@id":"https:\/\/fashionmuseum.shop\/lv\/prece\/etjudi-o-mode\/#primaryimage"},"image":{"@id":"https:\/\/fashionmuseum.shop\/lv\/prece\/etjudi-o-mode\/#primaryimage"},"thumbnailUrl":"https:\/\/i0.wp.com\/fashionmuseum.shop\/wp-content\/uploads\/2020\/04\/%D1%8D%D1%82%D1%8E%D0%B4%D1%8B-%D0%BE-%D0%BC%D0%BE%D0%B4%D0%B5-%D0%B8-%D1%81%D1%82%D0%B8%D0%BB%D0%B5.jpg?fit=720%2C720&ssl=1","datePublished":"2020-04-14T12:25:25+00:00","dateModified":"2025-11-26T09:51:52+00:00","breadcrumb":{"@id":"https:\/\/fashionmuseum.shop\/lv\/prece\/etjudi-o-mode\/#breadcrumb"},"inLanguage":"lv-LV","potentialAction":[{"@type":"ReadAction","target":["https:\/\/fashionmuseum.shop\/lv\/prece\/etjudi-o-mode\/"]}]},{"@type":"ImageObject","inLanguage":"lv-LV","@id":"https:\/\/fashionmuseum.shop\/lv\/prece\/etjudi-o-mode\/#primaryimage","url":"https:\/\/i0.wp.com\/fashionmuseum.shop\/wp-content\/uploads\/2020\/04\/%D1%8D%D1%82%D1%8E%D0%B4%D1%8B-%D0%BE-%D0%BC%D0%BE%D0%B4%D0%B5-%D0%B8-%D1%81%D1%82%D0%B8%D0%BB%D0%B5.jpg?fit=720%2C720&ssl=1","contentUrl":"https:\/\/i0.wp.com\/fashionmuseum.shop\/wp-content\/uploads\/2020\/04\/%D1%8D%D1%82%D1%8E%D0%B4%D1%8B-%D0%BE-%D0%BC%D0%BE%D0%B4%D0%B5-%D0%B8-%D1%81%D1%82%D0%B8%D0%BB%D0%B5.jpg?fit=720%2C720&ssl=1","width":720,"height":720},{"@type":"BreadcrumbList","@id":"https:\/\/fashionmuseum.shop\/lv\/prece\/etjudi-o-mode\/#breadcrumb","itemListElement":[{"@type":"ListItem","position":1,"name":"Home","item":"https:\/\/fashionmuseum.shop\/lv\/"},{"@type":"ListItem","position":2,"name":"Products","item":"https:\/\/fashionmuseum.shop\/lv\/shop\/"},{"@type":"ListItem","position":3,"name":"\u042d\u0442\u044e\u0434\u044b \u043e \u043c\u043e\u0434\u0435 \u0438 \u0441\u0442\u0438\u043b\u0435"}]},{"@type":"WebSite","@id":"https:\/\/fashionmuseum.shop\/lv\/#website","url":"https:\/\/fashionmuseum.shop\/lv\/","name":"Fashion Museum Online Store","description":"Fashion Museum Riga Online Store provides a wide selection of books about fashion and fashion history.","publisher":{"@id":"https:\/\/fashionmuseum.shop\/lv\/#organization"},"potentialAction":[{"@type":"SearchAction","target":{"@type":"EntryPoint","urlTemplate":"https:\/\/fashionmuseum.shop\/lv\/?s={search_term_string}"},"query-input":{"@type":"PropertyValueSpecification","valueRequired":true,"valueName":"search_term_string"}}],"inLanguage":"lv-LV"},{"@type":"Organization","@id":"https:\/\/fashionmuseum.shop\/lv\/#organization","name":"Modes muzejs","url":"https:\/\/fashionmuseum.shop\/lv\/","logo":{"@type":"ImageObject","inLanguage":"lv-LV","@id":"https:\/\/fashionmuseum.shop\/lv\/#\/schema\/logo\/image\/","url":"https:\/\/i1.wp.com\/fashionmuseum.shop\/wp-content\/uploads\/2020\/04\/apple-touch-icon.png?fit=180%2C180&ssl=1","contentUrl":"https:\/\/i1.wp.com\/fashionmuseum.shop\/wp-content\/uploads\/2020\/04\/apple-touch-icon.png?fit=180%2C180&ssl=1","width":180,"height":180,"caption":"Modes muzejs"},"image":{"@id":"https:\/\/fashionmuseum.shop\/lv\/#\/schema\/logo\/image\/"}}]}},"jetpack_publicize_connections":[],"jetpack_likes_enabled":false,"jetpack_sharing_enabled":true,"amp_enabled":true,"_links":{"self":[{"href":"https:\/\/fashionmuseum.shop\/lv\/wp-json\/wp\/v2\/product\/1367","targetHints":{"allow":["GET"]}}],"collection":[{"href":"https:\/\/fashionmuseum.shop\/lv\/wp-json\/wp\/v2\/product"}],"about":[{"href":"https:\/\/fashionmuseum.shop\/lv\/wp-json\/wp\/v2\/types\/product"}],"wp:featuredmedia":[{"embeddable":true,"href":"https:\/\/fashionmuseum.shop\/lv\/wp-json\/wp\/v2\/media\/1368"}],"wp:attachment":[{"href":"https:\/\/fashionmuseum.shop\/lv\/wp-json\/wp\/v2\/media?parent=1367"}],"wp:term":[{"taxonomy":"product_brand","embeddable":true,"href":"https:\/\/fashionmuseum.shop\/lv\/wp-json\/wp\/v2\/product_brand?post=1367"},{"taxonomy":"product_cat","embeddable":true,"href":"https:\/\/fashionmuseum.shop\/lv\/wp-json\/wp\/v2\/product_cat?post=1367"},{"taxonomy":"product_tag","embeddable":true,"href":"https:\/\/fashionmuseum.shop\/lv\/wp-json\/wp\/v2\/product_tag?post=1367"}],"curies":[{"name":"wp","href":"https:\/\/api.w.org\/{rel}","templated":true}]}}