{"id":13767,"date":"2022-11-24T18:48:28","date_gmt":"2022-11-24T16:48:28","guid":{"rendered":"https:\/\/fashionmuseum.shop\/?post_type=product&#038;p=13767"},"modified":"2023-03-02T15:01:06","modified_gmt":"2023-03-02T13:01:06","slug":"promakeup-design-book","status":"publish","type":"product","link":"https:\/\/fashionmuseum.shop\/lv\/prece\/promakeup-design-book\/","title":{"rendered":"ProMakeup Design Book"},"content":{"rendered":"<p><em><strong>Izdev\u0113ja gr\u0101matas anot\u0101cija:<\/strong><\/em><\/p>\n<p><i>ProMakeup Design Book<\/i>\u00a0follows on from the success of Lan Nguyen-Grealis&#8217;s first book,\u00a0<i>Art &amp; Makeup<\/i>\u00a0and invites the reader to use their artistic flair and get hands-on with practical application.\u00a0Hundreds of stunning photographs provide how-to inspiration and advice for creating key looks for magazine editorials, celebrities, fashion shows and advertising campaigns.<\/p>\n<p>Organized by technical themes, dozens of different looks demonstrate how to use embellishments, glitter and gloss, color and graphic lines to produce stunning results for the camera or catwalk.<\/p>\n<p><i>ProMakeup Design Book<\/i>\u00a0includes 30 face-chart templates for testing out and adapting your looks, and advice on application and professional presentation.<\/p>\n<p>Watch out for Lan&#8217;s collaboration with the Revolution Pro makeup brand, released alongside this book. The\u00a0<b>Revolution PRO x Lan Ultimate Artist&#8217;s Palette<\/b>, the ultimate sleek and stylish full-face palette for any artist to rely on. A glossy black case embellished with gold and filled with rich, long-lasting pigments to create an all-purpose makeup playbook. With 3 bronze powders perfect for contouring, a highlighter to illuminate the cheekbones and Cupid&#8217;s bow along with 4 blush shades in lilac, pink, coral and red, ideal for all skin tones.<\/p>\n<p>\u0160\u012bs gr\u0101matas izdev\u0113js ir <a href=\"https:\/\/fashionmuseum.shop\/lv\/publisher\/laurence-king-publishing\/\"><span style=\"text-decoration: underline;\"><strong>Laurence King Publishing<\/strong><\/span><\/a>, ISBN 9781786275493<\/p>\n","protected":false},"excerpt":{"rendered":"<p>by\u00a0<a href=\"https:\/\/fashionmuseum.shop\/lv\/book-author\/lan-nguyen-grealis\/\"><strong>Lan Nguyen-Grealis<\/strong><\/a><\/p>\n<p><em><strong>K\u0101p\u0113c m\u0113s\u00a0izv\u0113l\u0113j\u0101mies\u00a0\u0161o gr\u0101matu:<\/strong><\/em><\/p>\n<p>Izdevums, kur\u0101 atrad\u012bsit neskait\u0101mus noder\u012bgus padomus, k\u0101 pl\u0101not un \u012bstenot meikapa projektu. Gr\u0101mat\u0101 pied\u0101v\u0101ti visda\u017e\u0101d\u0101ko stilu meikapa varianti, k\u0101 ar\u012b bag\u0101t\u012bgs vizu\u0101lais materi\u0101ls. Noder\u0113s ar\u012b gr\u0101mat\u0101 iek\u013caut\u0101s \u201csejas kartes\u201d, kas \u013caus uzz\u012bm\u0113t un piefiks\u0113t pl\u0101noto meikapu un pierakst\u012bt izmantotos produktus, k\u0101 ar\u012b svar\u012bgas piez\u012bmes. Noder\u0113s gan tiem, kam grim\u0113\u0161ana ir profesija, gan tiem, kas aizraujas ar rado\u0161iem mekl\u0113jumiem meikapa jom\u0101.<\/p>\n","protected":false},"featured_media":13771,"template":"","meta":{"_coblocks_attr":"","_coblocks_dimensions":"","_coblocks_responsive_height":"","_coblocks_accordion_ie_support":"","_crdt_document":"","jetpack_publicize_message":"","jetpack_publicize_feature_enabled":true,"jetpack_social_post_already_shared":true,"jetpack_social_options":{"image_generator_settings":{"template":"highway","default_image_id":0,"font":"","enabled":false},"version":2},"_wpas_customize_per_network":false},"product_brand":[],"product_cat":[1381,2417],"product_tag":[],"class_list":{"0":"post-13767","1":"product","2":"type-product","3":"status-publish","4":"has-post-thumbnail","6":"product_cat-booksaboutfashioninenglish","7":"product_cat-books","8":"pa_book-author-lan-nguyen-grealis","9":"pa_language-anglu","10":"pa_publisher-laurence-king-publishing-lv","12":"first","13":"instock","14":"shipping-taxable","15":"purchasable","16":"product-type-simple"},"yoast_head":"<!-- This site is optimized with the Yoast SEO plugin v27.5 - https:\/\/yoast.com\/product\/yoast-seo-wordpress\/ -->\n<title>ProMakeup Design Book - Fashion Museum Riga Online Store<\/title>\n<meta name=\"robots\" content=\"index, follow, max-snippet:-1, max-image-preview:large, max-video-preview:-1\" \/>\n<link rel=\"canonical\" href=\"https:\/\/fashionmuseum.shop\/lv\/prece\/promakeup-design-book\/\" \/>\n<meta property=\"og:locale\" content=\"lv_LV\" \/>\n<meta property=\"og:type\" content=\"article\" \/>\n<meta property=\"og:title\" content=\"ProMakeup Design Book - Fashion Museum Riga Online Store\" \/>\n<meta property=\"og:description\" content=\"by\u00a0Lan Nguyen-Grealis  K\u0101p\u0113c m\u0113s\u00a0izv\u0113l\u0113j\u0101mies\u00a0\u0161o gr\u0101matu:  Izdevums, kur\u0101 atrad\u012bsit neskait\u0101mus noder\u012bgus padomus, k\u0101 pl\u0101not un \u012bstenot meikapa projektu. Gr\u0101mat\u0101 pied\u0101v\u0101ti visda\u017e\u0101d\u0101ko stilu meikapa varianti, k\u0101 ar\u012b bag\u0101t\u012bgs vizu\u0101lais materi\u0101ls. Noder\u0113s ar\u012b gr\u0101mat\u0101 iek\u013caut\u0101s \u201csejas kartes\u201d, kas \u013caus uzz\u012bm\u0113t un piefiks\u0113t pl\u0101noto meikapu un pierakst\u012bt izmantotos produktus, k\u0101 ar\u012b svar\u012bgas piez\u012bmes. Noder\u0113s gan tiem, kam grim\u0113\u0161ana ir profesija, gan tiem, kas aizraujas ar rado\u0161iem mekl\u0113jumiem meikapa jom\u0101.\" \/>\n<meta property=\"og:url\" content=\"https:\/\/fashionmuseum.shop\/lv\/prece\/promakeup-design-book\/\" \/>\n<meta property=\"og:site_name\" content=\"Fashion Museum Riga Online Store\" \/>\n<meta property=\"article:modified_time\" content=\"2023-03-02T13:01:06+00:00\" \/>\n<meta property=\"og:image\" content=\"https:\/\/fashionmuseum.shop\/wp-content\/uploads\/2022\/11\/9781786275493-spread-1-main.webp\" \/>\n\t<meta property=\"og:image:width\" content=\"1020\" \/>\n\t<meta property=\"og:image:height\" content=\"680\" \/>\n\t<meta property=\"og:image:type\" content=\"image\/webp\" \/>\n<meta name=\"twitter:card\" content=\"summary_large_image\" \/>\n<meta name=\"twitter:label1\" content=\"Est. reading time\" \/>\n\t<meta name=\"twitter:data1\" content=\"1 minute\" \/>\n<script type=\"application\/ld+json\" class=\"yoast-schema-graph\">{\"@context\":\"https:\\\/\\\/schema.org\",\"@graph\":[{\"@type\":\"WebPage\",\"@id\":\"https:\\\/\\\/fashionmuseum.shop\\\/lv\\\/prece\\\/promakeup-design-book\\\/\",\"url\":\"https:\\\/\\\/fashionmuseum.shop\\\/lv\\\/prece\\\/promakeup-design-book\\\/\",\"name\":\"ProMakeup Design Book - Fashion Museum Riga Online Store\",\"isPartOf\":{\"@id\":\"https:\\\/\\\/fashionmuseum.shop\\\/lv\\\/#website\"},\"primaryImageOfPage\":{\"@id\":\"https:\\\/\\\/fashionmuseum.shop\\\/lv\\\/prece\\\/promakeup-design-book\\\/#primaryimage\"},\"image\":{\"@id\":\"https:\\\/\\\/fashionmuseum.shop\\\/lv\\\/prece\\\/promakeup-design-book\\\/#primaryimage\"},\"thumbnailUrl\":\"https:\\\/\\\/i0.wp.com\\\/fashionmuseum.shop\\\/wp-content\\\/uploads\\\/2022\\\/11\\\/9781786275493-spread-1-main.webp?fit=1020%2C680&ssl=1\",\"datePublished\":\"2022-11-24T16:48:28+00:00\",\"dateModified\":\"2023-03-02T13:01:06+00:00\",\"breadcrumb\":{\"@id\":\"https:\\\/\\\/fashionmuseum.shop\\\/lv\\\/prece\\\/promakeup-design-book\\\/#breadcrumb\"},\"inLanguage\":\"lv-LV\",\"potentialAction\":[{\"@type\":\"ReadAction\",\"target\":[\"https:\\\/\\\/fashionmuseum.shop\\\/lv\\\/prece\\\/promakeup-design-book\\\/\"]}]},{\"@type\":\"ImageObject\",\"inLanguage\":\"lv-LV\",\"@id\":\"https:\\\/\\\/fashionmuseum.shop\\\/lv\\\/prece\\\/promakeup-design-book\\\/#primaryimage\",\"url\":\"https:\\\/\\\/i0.wp.com\\\/fashionmuseum.shop\\\/wp-content\\\/uploads\\\/2022\\\/11\\\/9781786275493-spread-1-main.webp?fit=1020%2C680&ssl=1\",\"contentUrl\":\"https:\\\/\\\/i0.wp.com\\\/fashionmuseum.shop\\\/wp-content\\\/uploads\\\/2022\\\/11\\\/9781786275493-spread-1-main.webp?fit=1020%2C680&ssl=1\",\"width\":1020,\"height\":680,\"caption\":\"ProMakeup Design BookIncludes 30 Face Charts\"},{\"@type\":\"BreadcrumbList\",\"@id\":\"https:\\\/\\\/fashionmuseum.shop\\\/lv\\\/prece\\\/promakeup-design-book\\\/#breadcrumb\",\"itemListElement\":[{\"@type\":\"ListItem\",\"position\":1,\"name\":\"Home\",\"item\":\"https:\\\/\\\/fashionmuseum.shop\\\/lv\\\/\"},{\"@type\":\"ListItem\",\"position\":2,\"name\":\"Products\",\"item\":\"https:\\\/\\\/fashionmuseum.shop\\\/lv\\\/shop\\\/\"},{\"@type\":\"ListItem\",\"position\":3,\"name\":\"ProMakeup Design Book\"}]},{\"@type\":\"WebSite\",\"@id\":\"https:\\\/\\\/fashionmuseum.shop\\\/lv\\\/#website\",\"url\":\"https:\\\/\\\/fashionmuseum.shop\\\/lv\\\/\",\"name\":\"Fashion Museum Online Store\",\"description\":\"Fashion Museum Riga Online Store provides a wide selection of books about fashion and fashion history.\",\"publisher\":{\"@id\":\"https:\\\/\\\/fashionmuseum.shop\\\/lv\\\/#organization\"},\"potentialAction\":[{\"@type\":\"SearchAction\",\"target\":{\"@type\":\"EntryPoint\",\"urlTemplate\":\"https:\\\/\\\/fashionmuseum.shop\\\/lv\\\/?s={search_term_string}\"},\"query-input\":{\"@type\":\"PropertyValueSpecification\",\"valueRequired\":true,\"valueName\":\"search_term_string\"}}],\"inLanguage\":\"lv-LV\"},{\"@type\":\"Organization\",\"@id\":\"https:\\\/\\\/fashionmuseum.shop\\\/lv\\\/#organization\",\"name\":\"Modes muzejs\",\"url\":\"https:\\\/\\\/fashionmuseum.shop\\\/lv\\\/\",\"logo\":{\"@type\":\"ImageObject\",\"inLanguage\":\"lv-LV\",\"@id\":\"https:\\\/\\\/fashionmuseum.shop\\\/lv\\\/#\\\/schema\\\/logo\\\/image\\\/\",\"url\":\"https:\\\/\\\/i1.wp.com\\\/fashionmuseum.shop\\\/wp-content\\\/uploads\\\/2020\\\/04\\\/apple-touch-icon.png?fit=180%2C180&ssl=1\",\"contentUrl\":\"https:\\\/\\\/i1.wp.com\\\/fashionmuseum.shop\\\/wp-content\\\/uploads\\\/2020\\\/04\\\/apple-touch-icon.png?fit=180%2C180&ssl=1\",\"width\":180,\"height\":180,\"caption\":\"Modes muzejs\"},\"image\":{\"@id\":\"https:\\\/\\\/fashionmuseum.shop\\\/lv\\\/#\\\/schema\\\/logo\\\/image\\\/\"}}]}<\/script>\n<!-- \/ Yoast SEO plugin. -->","yoast_head_json":{"title":"ProMakeup Design Book - Fashion Museum Riga Online Store","robots":{"index":"index","follow":"follow","max-snippet":"max-snippet:-1","max-image-preview":"max-image-preview:large","max-video-preview":"max-video-preview:-1"},"canonical":"https:\/\/fashionmuseum.shop\/lv\/prece\/promakeup-design-book\/","og_locale":"lv_LV","og_type":"article","og_title":"ProMakeup Design Book - Fashion Museum Riga Online Store","og_description":"by\u00a0Lan Nguyen-Grealis  K\u0101p\u0113c m\u0113s\u00a0izv\u0113l\u0113j\u0101mies\u00a0\u0161o gr\u0101matu:  Izdevums, kur\u0101 atrad\u012bsit neskait\u0101mus noder\u012bgus padomus, k\u0101 pl\u0101not un \u012bstenot meikapa projektu. Gr\u0101mat\u0101 pied\u0101v\u0101ti visda\u017e\u0101d\u0101ko stilu meikapa varianti, k\u0101 ar\u012b bag\u0101t\u012bgs vizu\u0101lais materi\u0101ls. Noder\u0113s ar\u012b gr\u0101mat\u0101 iek\u013caut\u0101s \u201csejas kartes\u201d, kas \u013caus uzz\u012bm\u0113t un piefiks\u0113t pl\u0101noto meikapu un pierakst\u012bt izmantotos produktus, k\u0101 ar\u012b svar\u012bgas piez\u012bmes. Noder\u0113s gan tiem, kam grim\u0113\u0161ana ir profesija, gan tiem, kas aizraujas ar rado\u0161iem mekl\u0113jumiem meikapa jom\u0101.","og_url":"https:\/\/fashionmuseum.shop\/lv\/prece\/promakeup-design-book\/","og_site_name":"Fashion Museum Riga Online Store","article_modified_time":"2023-03-02T13:01:06+00:00","og_image":[{"width":1020,"height":680,"url":"https:\/\/fashionmuseum.shop\/wp-content\/uploads\/2022\/11\/9781786275493-spread-1-main.webp","type":"image\/webp"}],"twitter_card":"summary_large_image","twitter_misc":{"Est. reading time":"1 minute"},"schema":{"@context":"https:\/\/schema.org","@graph":[{"@type":"WebPage","@id":"https:\/\/fashionmuseum.shop\/lv\/prece\/promakeup-design-book\/","url":"https:\/\/fashionmuseum.shop\/lv\/prece\/promakeup-design-book\/","name":"ProMakeup Design Book - Fashion Museum Riga Online Store","isPartOf":{"@id":"https:\/\/fashionmuseum.shop\/lv\/#website"},"primaryImageOfPage":{"@id":"https:\/\/fashionmuseum.shop\/lv\/prece\/promakeup-design-book\/#primaryimage"},"image":{"@id":"https:\/\/fashionmuseum.shop\/lv\/prece\/promakeup-design-book\/#primaryimage"},"thumbnailUrl":"https:\/\/i0.wp.com\/fashionmuseum.shop\/wp-content\/uploads\/2022\/11\/9781786275493-spread-1-main.webp?fit=1020%2C680&ssl=1","datePublished":"2022-11-24T16:48:28+00:00","dateModified":"2023-03-02T13:01:06+00:00","breadcrumb":{"@id":"https:\/\/fashionmuseum.shop\/lv\/prece\/promakeup-design-book\/#breadcrumb"},"inLanguage":"lv-LV","potentialAction":[{"@type":"ReadAction","target":["https:\/\/fashionmuseum.shop\/lv\/prece\/promakeup-design-book\/"]}]},{"@type":"ImageObject","inLanguage":"lv-LV","@id":"https:\/\/fashionmuseum.shop\/lv\/prece\/promakeup-design-book\/#primaryimage","url":"https:\/\/i0.wp.com\/fashionmuseum.shop\/wp-content\/uploads\/2022\/11\/9781786275493-spread-1-main.webp?fit=1020%2C680&ssl=1","contentUrl":"https:\/\/i0.wp.com\/fashionmuseum.shop\/wp-content\/uploads\/2022\/11\/9781786275493-spread-1-main.webp?fit=1020%2C680&ssl=1","width":1020,"height":680,"caption":"ProMakeup Design BookIncludes 30 Face Charts"},{"@type":"BreadcrumbList","@id":"https:\/\/fashionmuseum.shop\/lv\/prece\/promakeup-design-book\/#breadcrumb","itemListElement":[{"@type":"ListItem","position":1,"name":"Home","item":"https:\/\/fashionmuseum.shop\/lv\/"},{"@type":"ListItem","position":2,"name":"Products","item":"https:\/\/fashionmuseum.shop\/lv\/shop\/"},{"@type":"ListItem","position":3,"name":"ProMakeup Design Book"}]},{"@type":"WebSite","@id":"https:\/\/fashionmuseum.shop\/lv\/#website","url":"https:\/\/fashionmuseum.shop\/lv\/","name":"Fashion Museum Online Store","description":"Fashion Museum Riga Online Store provides a wide selection of books about fashion and fashion history.","publisher":{"@id":"https:\/\/fashionmuseum.shop\/lv\/#organization"},"potentialAction":[{"@type":"SearchAction","target":{"@type":"EntryPoint","urlTemplate":"https:\/\/fashionmuseum.shop\/lv\/?s={search_term_string}"},"query-input":{"@type":"PropertyValueSpecification","valueRequired":true,"valueName":"search_term_string"}}],"inLanguage":"lv-LV"},{"@type":"Organization","@id":"https:\/\/fashionmuseum.shop\/lv\/#organization","name":"Modes muzejs","url":"https:\/\/fashionmuseum.shop\/lv\/","logo":{"@type":"ImageObject","inLanguage":"lv-LV","@id":"https:\/\/fashionmuseum.shop\/lv\/#\/schema\/logo\/image\/","url":"https:\/\/i1.wp.com\/fashionmuseum.shop\/wp-content\/uploads\/2020\/04\/apple-touch-icon.png?fit=180%2C180&ssl=1","contentUrl":"https:\/\/i1.wp.com\/fashionmuseum.shop\/wp-content\/uploads\/2020\/04\/apple-touch-icon.png?fit=180%2C180&ssl=1","width":180,"height":180,"caption":"Modes muzejs"},"image":{"@id":"https:\/\/fashionmuseum.shop\/lv\/#\/schema\/logo\/image\/"}}]}},"jetpack_publicize_connections":[],"jetpack_likes_enabled":false,"jetpack_sharing_enabled":true,"amp_enabled":true,"_links":{"self":[{"href":"https:\/\/fashionmuseum.shop\/lv\/wp-json\/wp\/v2\/product\/13767","targetHints":{"allow":["GET"]}}],"collection":[{"href":"https:\/\/fashionmuseum.shop\/lv\/wp-json\/wp\/v2\/product"}],"about":[{"href":"https:\/\/fashionmuseum.shop\/lv\/wp-json\/wp\/v2\/types\/product"}],"wp:featuredmedia":[{"embeddable":true,"href":"https:\/\/fashionmuseum.shop\/lv\/wp-json\/wp\/v2\/media\/13771"}],"wp:attachment":[{"href":"https:\/\/fashionmuseum.shop\/lv\/wp-json\/wp\/v2\/media?parent=13767"}],"wp:term":[{"taxonomy":"product_brand","embeddable":true,"href":"https:\/\/fashionmuseum.shop\/lv\/wp-json\/wp\/v2\/product_brand?post=13767"},{"taxonomy":"product_cat","embeddable":true,"href":"https:\/\/fashionmuseum.shop\/lv\/wp-json\/wp\/v2\/product_cat?post=13767"},{"taxonomy":"product_tag","embeddable":true,"href":"https:\/\/fashionmuseum.shop\/lv\/wp-json\/wp\/v2\/product_tag?post=13767"}],"curies":[{"name":"wp","href":"https:\/\/api.w.org\/{rel}","templated":true}]}}