{"id":13846,"date":"2022-11-24T19:40:00","date_gmt":"2022-11-24T17:40:00","guid":{"rendered":"https:\/\/fashionmuseum.shop\/?post_type=product&#038;p=13846"},"modified":"2023-03-02T14:58:31","modified_gmt":"2023-03-02T12:58:31","slug":"making-fashion-modern-pierre-cardin","status":"publish","type":"product","link":"https:\/\/fashionmuseum.shop\/lv\/prece\/making-fashion-modern-pierre-cardin\/","title":{"rendered":"Making Fashion Modern \u2013 Pierre Cardin"},"content":{"rendered":"<p><em><strong>Izdev\u0113ja gr\u0101matas anot\u0101cija:<\/strong><\/em><\/p>\n<p>Pierre Cardin\u2019s designs were worn by an international elite of beautiful women, from Jackie Kennedy to Lauren Bacall and Jeanne Moreau. A close friend of Andr\u00e9 Courr\u00e8ges and Paco Rabanne, Cardin revolutionized modern fashion in the mid-1960s, creating iconic designs that continue to resonate today. His many talents and mastery of materials\u2015from fabrics to plastics\u2015extended from haute couture to ready-to-wear, menswear, jewelry, furniture design, perfumes, and accessories, while his business acumen led him to create an empire that stretched from China to the United States.<\/p>\n<p>In this volume, long-time Cardin collaborator Jean- Pascal Hesse shares his intimate knowledge of the designer\u2019s early career in Paris, and analyzes the creative influences and partnerships that inspired Cardin to design some of the most emblematic haute couture creations of the 1950s and 1960s, as well as the space-age-inflected Cosmocorps work, which presciently explored gender fluidity. Drawing from a broad range of sources that Hesse has been gathering for more than two decades, this work features personal recollections from Cardin himself, in addition to numerous previously unpublished photographs and documents recounting his early years in Christian Dior\u2019s studio, his success in the United States in the 1950s and 1960s, and his profound interest in Japanese art and design.<\/p>\n<p>\u0160\u012bs gr\u0101matas izdev\u0113js ir <span style=\"text-decoration: underline;\"><strong><a href=\"https:\/\/fashionmuseum.shop\/lv\/publisher\/flammarion\/\">Flammarion<\/a><\/strong><\/span>, ISBN 9782080281890<\/p>\n","protected":false},"excerpt":{"rendered":"<p>by\u00a0<a href=\"https:\/\/fashionmuseum.shop\/lv\/book-author\/pierre-cardin\/\"><strong>Pierre Cardin<\/strong><\/a><\/p>\n<p><em><strong>K\u0101p\u0113c m\u0113s\u00a0izv\u0113l\u0113j\u0101mies\u00a0\u0161o gr\u0101matu:<\/strong><\/em><\/p>\n<p>Atz\u012bm\u0113jot 100 gadus, kas aprit kop\u0161 modes dizainera Pj\u0113ra Kard\u0113na dzim\u0161anas, \u0161is apjom\u012bgais, bag\u0101t\u012bgi ilustr\u0113tais izdevums aicina atskat\u012bties uz vi\u0146a agr\u012bnajiem gadiem modes jom\u0101. 50. un 60. gados tapa izcili spilgtas un inovat\u012bvas Kard\u0113na kolekcijas, kas liecin\u0101ja ne vien par vi\u0146a izcilo prasmi darb\u0101 ar audumiem un piegriezumu, bet ar\u012b ne maz\u0101k iespaid\u012bgo biznesa talantu. Gr\u0101mat\u0101 uzzin\u0101sit par Kard\u0113na person\u012bbu, par vi\u0146a iedvesmas avotiem un slaven\u0101kaj\u0101m kolekcij\u0101m. Skaists un iedvesmojo\u0161s izdevums!<\/p>\n","protected":false},"featured_media":13851,"template":"","meta":{"_coblocks_attr":"","_coblocks_dimensions":"","_coblocks_responsive_height":"","_coblocks_accordion_ie_support":"","_crdt_document":"","jetpack_post_was_ever_published":false,"jetpack_publicize_message":"","jetpack_publicize_feature_enabled":true,"jetpack_social_post_already_shared":true,"jetpack_social_options":{"image_generator_settings":{"template":"highway","default_image_id":0,"font":"","enabled":false},"version":2},"_wpas_customize_per_network":false},"product_brand":[],"product_cat":[1381,1376,1412],"product_tag":[3409],"class_list":{"0":"post-13846","1":"product","2":"type-product","3":"status-publish","4":"has-post-thumbnail","6":"product_cat-booksaboutfashioninenglish","7":"product_cat-booksaboutfashiondesigners","8":"product_cat-books-about-history-of-fashion","9":"product_tag-pierre-cardin","10":"pa_book-author-pierre-cardin","11":"pa_language-english","12":"pa_publisher-flammarion","14":"first","15":"instock","16":"shipping-taxable","17":"purchasable","18":"product-type-simple"},"yoast_head":"<!-- This site is optimized with the Yoast SEO plugin v27.3 - https:\/\/yoast.com\/product\/yoast-seo-wordpress\/ -->\n<title>Making Fashion Modern \u2013 Pierre Cardin - Fashion Museum Riga Online Store<\/title>\n<meta name=\"robots\" content=\"index, follow, max-snippet:-1, max-image-preview:large, max-video-preview:-1\" \/>\n<link rel=\"canonical\" href=\"https:\/\/fashionmuseum.shop\/lv\/prece\/making-fashion-modern-pierre-cardin\/\" \/>\n<meta property=\"og:locale\" content=\"lv_LV\" \/>\n<meta property=\"og:type\" content=\"article\" \/>\n<meta property=\"og:title\" content=\"Making Fashion Modern \u2013 Pierre Cardin - Fashion Museum Riga Online Store\" \/>\n<meta property=\"og:description\" content=\"by\u00a0Pierre Cardin  K\u0101p\u0113c m\u0113s\u00a0izv\u0113l\u0113j\u0101mies\u00a0\u0161o gr\u0101matu:  Atz\u012bm\u0113jot 100 gadus, kas aprit kop\u0161 modes dizainera Pj\u0113ra Kard\u0113na dzim\u0161anas, \u0161is apjom\u012bgais, bag\u0101t\u012bgi ilustr\u0113tais izdevums aicina atskat\u012bties uz vi\u0146a agr\u012bnajiem gadiem modes jom\u0101. 50. un 60. gados tapa izcili spilgtas un inovat\u012bvas Kard\u0113na kolekcijas, kas liecin\u0101ja ne vien par vi\u0146a izcilo prasmi darb\u0101 ar audumiem un piegriezumu, bet ar\u012b ne maz\u0101k iespaid\u012bgo biznesa talantu. Gr\u0101mat\u0101 uzzin\u0101sit par Kard\u0113na person\u012bbu, par vi\u0146a iedvesmas avotiem un slaven\u0101kaj\u0101m kolekcij\u0101m. Skaists un iedvesmojo\u0161s izdevums!\" \/>\n<meta property=\"og:url\" content=\"https:\/\/fashionmuseum.shop\/lv\/prece\/making-fashion-modern-pierre-cardin\/\" \/>\n<meta property=\"og:site_name\" content=\"Fashion Museum Riga Online Store\" \/>\n<meta property=\"article:modified_time\" content=\"2023-03-02T12:58:31+00:00\" \/>\n<meta property=\"og:image\" content=\"https:\/\/fashionmuseum.shop\/wp-content\/uploads\/2022\/11\/61LeVFqsUfL.jpg\" \/>\n\t<meta property=\"og:image:width\" content=\"1162\" \/>\n\t<meta property=\"og:image:height\" content=\"1618\" \/>\n\t<meta property=\"og:image:type\" content=\"image\/jpeg\" \/>\n<meta name=\"twitter:card\" content=\"summary_large_image\" \/>\n<meta name=\"twitter:label1\" content=\"Est. reading time\" \/>\n\t<meta name=\"twitter:data1\" content=\"1 minute\" \/>\n<script type=\"application\/ld+json\" class=\"yoast-schema-graph\">{\"@context\":\"https:\\\/\\\/schema.org\",\"@graph\":[{\"@type\":\"WebPage\",\"@id\":\"https:\\\/\\\/fashionmuseum.shop\\\/lv\\\/prece\\\/making-fashion-modern-pierre-cardin\\\/\",\"url\":\"https:\\\/\\\/fashionmuseum.shop\\\/lv\\\/prece\\\/making-fashion-modern-pierre-cardin\\\/\",\"name\":\"Making Fashion Modern \u2013 Pierre Cardin - Fashion Museum Riga Online Store\",\"isPartOf\":{\"@id\":\"https:\\\/\\\/fashionmuseum.shop\\\/lv\\\/#website\"},\"primaryImageOfPage\":{\"@id\":\"https:\\\/\\\/fashionmuseum.shop\\\/lv\\\/prece\\\/making-fashion-modern-pierre-cardin\\\/#primaryimage\"},\"image\":{\"@id\":\"https:\\\/\\\/fashionmuseum.shop\\\/lv\\\/prece\\\/making-fashion-modern-pierre-cardin\\\/#primaryimage\"},\"thumbnailUrl\":\"https:\\\/\\\/i0.wp.com\\\/fashionmuseum.shop\\\/wp-content\\\/uploads\\\/2022\\\/11\\\/61LeVFqsUfL.jpg?fit=1162%2C1618&ssl=1\",\"datePublished\":\"2022-11-24T17:40:00+00:00\",\"dateModified\":\"2023-03-02T12:58:31+00:00\",\"breadcrumb\":{\"@id\":\"https:\\\/\\\/fashionmuseum.shop\\\/lv\\\/prece\\\/making-fashion-modern-pierre-cardin\\\/#breadcrumb\"},\"inLanguage\":\"lv-LV\",\"potentialAction\":[{\"@type\":\"ReadAction\",\"target\":[\"https:\\\/\\\/fashionmuseum.shop\\\/lv\\\/prece\\\/making-fashion-modern-pierre-cardin\\\/\"]}]},{\"@type\":\"ImageObject\",\"inLanguage\":\"lv-LV\",\"@id\":\"https:\\\/\\\/fashionmuseum.shop\\\/lv\\\/prece\\\/making-fashion-modern-pierre-cardin\\\/#primaryimage\",\"url\":\"https:\\\/\\\/i0.wp.com\\\/fashionmuseum.shop\\\/wp-content\\\/uploads\\\/2022\\\/11\\\/61LeVFqsUfL.jpg?fit=1162%2C1618&ssl=1\",\"contentUrl\":\"https:\\\/\\\/i0.wp.com\\\/fashionmuseum.shop\\\/wp-content\\\/uploads\\\/2022\\\/11\\\/61LeVFqsUfL.jpg?fit=1162%2C1618&ssl=1\",\"width\":1162,\"height\":1618,\"caption\":\"Making Fashion Modern \u2013 Pierre Cardin\"},{\"@type\":\"BreadcrumbList\",\"@id\":\"https:\\\/\\\/fashionmuseum.shop\\\/lv\\\/prece\\\/making-fashion-modern-pierre-cardin\\\/#breadcrumb\",\"itemListElement\":[{\"@type\":\"ListItem\",\"position\":1,\"name\":\"Home\",\"item\":\"https:\\\/\\\/fashionmuseum.shop\\\/lv\\\/\"},{\"@type\":\"ListItem\",\"position\":2,\"name\":\"Products\",\"item\":\"https:\\\/\\\/fashionmuseum.shop\\\/lv\\\/shop\\\/\"},{\"@type\":\"ListItem\",\"position\":3,\"name\":\"Making Fashion Modern \u2013 Pierre Cardin\"}]},{\"@type\":\"WebSite\",\"@id\":\"https:\\\/\\\/fashionmuseum.shop\\\/lv\\\/#website\",\"url\":\"https:\\\/\\\/fashionmuseum.shop\\\/lv\\\/\",\"name\":\"Fashion Museum Online Store\",\"description\":\"Fashion Museum Riga Online Store provides a wide selection of books about fashion and fashion history.\",\"publisher\":{\"@id\":\"https:\\\/\\\/fashionmuseum.shop\\\/lv\\\/#organization\"},\"potentialAction\":[{\"@type\":\"SearchAction\",\"target\":{\"@type\":\"EntryPoint\",\"urlTemplate\":\"https:\\\/\\\/fashionmuseum.shop\\\/lv\\\/?s={search_term_string}\"},\"query-input\":{\"@type\":\"PropertyValueSpecification\",\"valueRequired\":true,\"valueName\":\"search_term_string\"}}],\"inLanguage\":\"lv-LV\"},{\"@type\":\"Organization\",\"@id\":\"https:\\\/\\\/fashionmuseum.shop\\\/lv\\\/#organization\",\"name\":\"Modes muzejs\",\"url\":\"https:\\\/\\\/fashionmuseum.shop\\\/lv\\\/\",\"logo\":{\"@type\":\"ImageObject\",\"inLanguage\":\"lv-LV\",\"@id\":\"https:\\\/\\\/fashionmuseum.shop\\\/lv\\\/#\\\/schema\\\/logo\\\/image\\\/\",\"url\":\"https:\\\/\\\/i1.wp.com\\\/fashionmuseum.shop\\\/wp-content\\\/uploads\\\/2020\\\/04\\\/apple-touch-icon.png?fit=180%2C180&ssl=1\",\"contentUrl\":\"https:\\\/\\\/i1.wp.com\\\/fashionmuseum.shop\\\/wp-content\\\/uploads\\\/2020\\\/04\\\/apple-touch-icon.png?fit=180%2C180&ssl=1\",\"width\":180,\"height\":180,\"caption\":\"Modes muzejs\"},\"image\":{\"@id\":\"https:\\\/\\\/fashionmuseum.shop\\\/lv\\\/#\\\/schema\\\/logo\\\/image\\\/\"}}]}<\/script>\n<!-- \/ Yoast SEO plugin. -->","yoast_head_json":{"title":"Making Fashion Modern \u2013 Pierre Cardin - Fashion Museum Riga Online Store","robots":{"index":"index","follow":"follow","max-snippet":"max-snippet:-1","max-image-preview":"max-image-preview:large","max-video-preview":"max-video-preview:-1"},"canonical":"https:\/\/fashionmuseum.shop\/lv\/prece\/making-fashion-modern-pierre-cardin\/","og_locale":"lv_LV","og_type":"article","og_title":"Making Fashion Modern \u2013 Pierre Cardin - Fashion Museum Riga Online Store","og_description":"by\u00a0Pierre Cardin  K\u0101p\u0113c m\u0113s\u00a0izv\u0113l\u0113j\u0101mies\u00a0\u0161o gr\u0101matu:  Atz\u012bm\u0113jot 100 gadus, kas aprit kop\u0161 modes dizainera Pj\u0113ra Kard\u0113na dzim\u0161anas, \u0161is apjom\u012bgais, bag\u0101t\u012bgi ilustr\u0113tais izdevums aicina atskat\u012bties uz vi\u0146a agr\u012bnajiem gadiem modes jom\u0101. 50. un 60. gados tapa izcili spilgtas un inovat\u012bvas Kard\u0113na kolekcijas, kas liecin\u0101ja ne vien par vi\u0146a izcilo prasmi darb\u0101 ar audumiem un piegriezumu, bet ar\u012b ne maz\u0101k iespaid\u012bgo biznesa talantu. Gr\u0101mat\u0101 uzzin\u0101sit par Kard\u0113na person\u012bbu, par vi\u0146a iedvesmas avotiem un slaven\u0101kaj\u0101m kolekcij\u0101m. Skaists un iedvesmojo\u0161s izdevums!","og_url":"https:\/\/fashionmuseum.shop\/lv\/prece\/making-fashion-modern-pierre-cardin\/","og_site_name":"Fashion Museum Riga Online Store","article_modified_time":"2023-03-02T12:58:31+00:00","og_image":[{"width":1162,"height":1618,"url":"https:\/\/fashionmuseum.shop\/wp-content\/uploads\/2022\/11\/61LeVFqsUfL.jpg","type":"image\/jpeg"}],"twitter_card":"summary_large_image","twitter_misc":{"Est. reading time":"1 minute"},"schema":{"@context":"https:\/\/schema.org","@graph":[{"@type":"WebPage","@id":"https:\/\/fashionmuseum.shop\/lv\/prece\/making-fashion-modern-pierre-cardin\/","url":"https:\/\/fashionmuseum.shop\/lv\/prece\/making-fashion-modern-pierre-cardin\/","name":"Making Fashion Modern \u2013 Pierre Cardin - Fashion Museum Riga Online Store","isPartOf":{"@id":"https:\/\/fashionmuseum.shop\/lv\/#website"},"primaryImageOfPage":{"@id":"https:\/\/fashionmuseum.shop\/lv\/prece\/making-fashion-modern-pierre-cardin\/#primaryimage"},"image":{"@id":"https:\/\/fashionmuseum.shop\/lv\/prece\/making-fashion-modern-pierre-cardin\/#primaryimage"},"thumbnailUrl":"https:\/\/i0.wp.com\/fashionmuseum.shop\/wp-content\/uploads\/2022\/11\/61LeVFqsUfL.jpg?fit=1162%2C1618&ssl=1","datePublished":"2022-11-24T17:40:00+00:00","dateModified":"2023-03-02T12:58:31+00:00","breadcrumb":{"@id":"https:\/\/fashionmuseum.shop\/lv\/prece\/making-fashion-modern-pierre-cardin\/#breadcrumb"},"inLanguage":"lv-LV","potentialAction":[{"@type":"ReadAction","target":["https:\/\/fashionmuseum.shop\/lv\/prece\/making-fashion-modern-pierre-cardin\/"]}]},{"@type":"ImageObject","inLanguage":"lv-LV","@id":"https:\/\/fashionmuseum.shop\/lv\/prece\/making-fashion-modern-pierre-cardin\/#primaryimage","url":"https:\/\/i0.wp.com\/fashionmuseum.shop\/wp-content\/uploads\/2022\/11\/61LeVFqsUfL.jpg?fit=1162%2C1618&ssl=1","contentUrl":"https:\/\/i0.wp.com\/fashionmuseum.shop\/wp-content\/uploads\/2022\/11\/61LeVFqsUfL.jpg?fit=1162%2C1618&ssl=1","width":1162,"height":1618,"caption":"Making Fashion Modern \u2013 Pierre Cardin"},{"@type":"BreadcrumbList","@id":"https:\/\/fashionmuseum.shop\/lv\/prece\/making-fashion-modern-pierre-cardin\/#breadcrumb","itemListElement":[{"@type":"ListItem","position":1,"name":"Home","item":"https:\/\/fashionmuseum.shop\/lv\/"},{"@type":"ListItem","position":2,"name":"Products","item":"https:\/\/fashionmuseum.shop\/lv\/shop\/"},{"@type":"ListItem","position":3,"name":"Making Fashion Modern \u2013 Pierre Cardin"}]},{"@type":"WebSite","@id":"https:\/\/fashionmuseum.shop\/lv\/#website","url":"https:\/\/fashionmuseum.shop\/lv\/","name":"Fashion Museum Online Store","description":"Fashion Museum Riga Online Store provides a wide selection of books about fashion and fashion history.","publisher":{"@id":"https:\/\/fashionmuseum.shop\/lv\/#organization"},"potentialAction":[{"@type":"SearchAction","target":{"@type":"EntryPoint","urlTemplate":"https:\/\/fashionmuseum.shop\/lv\/?s={search_term_string}"},"query-input":{"@type":"PropertyValueSpecification","valueRequired":true,"valueName":"search_term_string"}}],"inLanguage":"lv-LV"},{"@type":"Organization","@id":"https:\/\/fashionmuseum.shop\/lv\/#organization","name":"Modes muzejs","url":"https:\/\/fashionmuseum.shop\/lv\/","logo":{"@type":"ImageObject","inLanguage":"lv-LV","@id":"https:\/\/fashionmuseum.shop\/lv\/#\/schema\/logo\/image\/","url":"https:\/\/i1.wp.com\/fashionmuseum.shop\/wp-content\/uploads\/2020\/04\/apple-touch-icon.png?fit=180%2C180&ssl=1","contentUrl":"https:\/\/i1.wp.com\/fashionmuseum.shop\/wp-content\/uploads\/2020\/04\/apple-touch-icon.png?fit=180%2C180&ssl=1","width":180,"height":180,"caption":"Modes muzejs"},"image":{"@id":"https:\/\/fashionmuseum.shop\/lv\/#\/schema\/logo\/image\/"}}]}},"jetpack_publicize_connections":[],"jetpack_likes_enabled":false,"jetpack_sharing_enabled":true,"amp_enabled":true,"_links":{"self":[{"href":"https:\/\/fashionmuseum.shop\/lv\/wp-json\/wp\/v2\/product\/13846","targetHints":{"allow":["GET"]}}],"collection":[{"href":"https:\/\/fashionmuseum.shop\/lv\/wp-json\/wp\/v2\/product"}],"about":[{"href":"https:\/\/fashionmuseum.shop\/lv\/wp-json\/wp\/v2\/types\/product"}],"wp:featuredmedia":[{"embeddable":true,"href":"https:\/\/fashionmuseum.shop\/lv\/wp-json\/wp\/v2\/media\/13851"}],"wp:attachment":[{"href":"https:\/\/fashionmuseum.shop\/lv\/wp-json\/wp\/v2\/media?parent=13846"}],"wp:term":[{"taxonomy":"product_brand","embeddable":true,"href":"https:\/\/fashionmuseum.shop\/lv\/wp-json\/wp\/v2\/product_brand?post=13846"},{"taxonomy":"product_cat","embeddable":true,"href":"https:\/\/fashionmuseum.shop\/lv\/wp-json\/wp\/v2\/product_cat?post=13846"},{"taxonomy":"product_tag","embeddable":true,"href":"https:\/\/fashionmuseum.shop\/lv\/wp-json\/wp\/v2\/product_tag?post=13846"}],"curies":[{"name":"wp","href":"https:\/\/api.w.org\/{rel}","templated":true}]}}