{"id":1397,"date":"2020-04-14T12:46:15","date_gmt":"2020-04-14T09:46:15","guid":{"rendered":"https:\/\/fashionmuseum.shop\/product\/shlapi\/"},"modified":"2020-06-04T12:16:30","modified_gmt":"2020-06-04T09:16:30","slug":"shlapi","status":"publish","type":"product","link":"https:\/\/fashionmuseum.shop\/lv\/prece\/shlapi\/","title":{"rendered":"\u0428\u043b\u044f\u043f\u044b"},"content":{"rendered":"<p><em><strong>Izdev\u0113ja gr\u0101matas anot\u0101cija:<\/strong><\/em><\/p>\n<p>\u041a\u043e\u0442\u0435\u043b\u043a\u0438, \u0431\u043e\u043b\u0438\u0432\u0430\u0440\u044b, \u0431\u0435\u0440\u0435\u0442\u044b, \u0448\u0430\u043f\u043e-\u0431\u0435\u0440\u0436\u0435\u0440&#8230; \u0412\u043e \u0432\u0442\u043e\u0440\u043e\u0439 \u043f\u043e\u043b\u043e\u0432\u0438\u043d\u0435 XX \u0432\u0435\u043a\u0430 \u0448\u043b\u044f\u043f\u044b \u043f\u0435\u0440\u0435\u0441\u0442\u0430\u043b\u0438 \u0431\u044b\u0442\u044c \u043d\u0435\u043f\u0440\u0435\u043c\u0435\u043d\u043d\u043e\u0439 \u0447\u0430\u0441\u0442\u044c\u044e \u043a\u043e\u0441\u0442\u044e\u043c\u0430, \u043f\u0440\u0435\u0432\u0440\u0430\u0442\u0438\u0432\u0448\u0438\u0441\u044c \u0441\u043a\u043e\u0440\u0435\u0435 \u0432 \u0441\u0440\u0435\u0434\u0441\u0442\u0432\u043e \u0445\u0443\u0434\u043e\u0436\u0435\u0441\u0442\u0432\u0435\u043d\u043d\u043e\u0433\u043e \u0441\u0430\u043c\u043e\u0432\u044b\u0440\u0430\u0436\u0435\u043d\u0438\u044f. \u041a\u043d\u0438\u0433\u0430 \u0431\u0440\u0438\u0442\u0430\u043d\u0441\u043a\u043e\u0439 \u0438\u0441\u0441\u043b\u0435\u0434\u043e\u0432\u0430\u0442\u0435\u043b\u044c\u043d\u0438\u0446\u044b \u041a\u043b\u044d\u0440 \u0425\u044c\u044e\u0437 \u2014 \u043d\u0430\u0441\u0442\u043e\u044f\u0449\u0438\u0439 \u0438\u0441\u0442\u043e\u0440\u0438\u0447\u0435\u0441\u043a\u0438\u0439 \u0441\u043f\u0440\u0430\u0432\u043e\u0447\u043d\u0438\u043a \u043f\u043e \u0448\u043b\u044f\u043f\u0430\u043c: \u043e\u0442 \u0440\u043e\u0441\u043a\u043e\u0448\u043d\u044b\u0445 \u043c\u043e\u0434\u043d\u044b\u0445 \u0448\u043b\u044f\u043f, \u043a\u043e\u0442\u043e\u0440\u044b\u0435 \u043d\u043e\u0441\u0438\u043b\u0438 \u043f\u0440\u0438 \u0434\u0432\u043e\u0440\u0435 \u041c\u0430\u0440\u0438\u0438-\u0410\u043d\u0442\u0443\u0430\u043d\u0435\u0442\u0442\u044b, \u0434\u043e \u044d\u043a\u0441\u043f\u0435\u0440\u0438\u043c\u0435\u043d\u0442\u043e\u0432 \u043b\u0435\u0433\u0435\u043d\u0434\u0430\u0440\u043d\u044b\u0445 \u0434\u0438\u0437\u0430\u0439\u043d\u0435\u0440\u043e\u0432 \u0424\u0438\u043b\u0438\u043f\u0430 \u0422\u0440\u0435\u0439\u0441\u0438 \u0438 \u0421\u0442\u0438\u0432\u0435\u043d\u0430 \u0414\u0436\u043e\u043d\u0441\u0430. \u041f\u043e\u0447\u0435\u043c\u0443 \u043c\u044b \u043f\u0443\u0441\u043a\u0430\u0435\u043c\u0441\u044f \u043d\u0430 \u043f\u043e\u0438\u0441\u043a\u0438 \u0448\u043b\u044f\u043f\u044b, \u0435\u0441\u043b\u0438 \u043f\u0440\u0435\u0434\u0441\u0442\u043e\u0438\u0442 \u043f\u043e\u0441\u0435\u0442\u0438\u0442\u044c \u0441\u043a\u0430\u0447\u043a\u0438 \u0438\u043b\u0438 \u0441\u0432\u0430\u0434\u0435\u0431\u043d\u0443\u044e \u0446\u0435\u0440\u0435\u043c\u043e\u043d\u0438\u044e? \u041f\u043e\u0447\u0435\u043c\u0443 \u0447\u043b\u0435\u043d\u044b \u043a\u043e\u0440\u043e\u043b\u0435\u0432\u0441\u043a\u043e\u0439 \u0441\u0435\u043c\u044c\u0438 \u043f\u043e\u044f\u0432\u043b\u044f\u044e\u0442\u0441\u044f \u043d\u0430 \u043f\u0443\u0431\u043b\u0438\u043a\u0435 \u0432 \u0448\u043b\u044f\u043f\u0430\u0445? \u041f\u0435\u0440\u0435\u0434 \u043a\u0435\u043c \u0441\u043d\u0438\u043c\u0430\u0442\u044c \u0448\u043b\u044f\u043f\u0443? \u041a\u043e\u0433\u0434\u0430 \u0438 \u0433\u0434\u0435? \u0410\u0432\u0442\u043e\u0440 \u043f\u043e\u0441\u0432\u044f\u0449\u0430\u0435\u0442 \u0447\u0438\u0442\u0430\u0442\u0435\u043b\u044f \u0432\u043e \u0432\u0441\u0435 \u0442\u043e\u043d\u043a\u043e\u0441\u0442\u0438 \u0438\u0437\u0433\u043e\u0442\u043e\u0432\u043b\u0435\u043d\u0438\u044f, \u043f\u0440\u0430\u043a\u0442\u0438\u0447\u0435\u0441\u043a\u043e\u0433\u043e \u0438\u0441\u043f\u043e\u043b\u044c\u0437\u043e\u0432\u0430\u043d\u0438\u044f \u0438 \u043a\u0443\u043b\u044c\u0442\u0443\u0440\u043d\u043e\u0433\u043e \u043e\u0441\u043c\u044b\u0441\u043b\u0435\u043d\u0438\u044f \u0440\u0430\u0437\u043d\u043e\u043e\u0431\u0440\u0430\u0437\u043d\u044b\u0445 \u0433\u043e\u043b\u043e\u0432\u043d\u044b\u0445 \u0443\u0431\u043e\u0440\u043e\u0432 \u0432 \u0437\u0430\u043f\u0430\u0434\u043d\u043e\u043c \u043c\u0438\u0440\u0435 \u041d\u043e\u0432\u043e\u0433\u043e \u0432\u0440\u0435\u043c\u0435\u043d\u0438. \u0418\u0437\u0443\u0447\u0435\u043d\u0438\u0435 \u0438\u0441\u0442\u043e\u0440\u0438\u0438 \u0448\u043b\u044f\u043f \u043f\u043e\u0437\u0432\u043e\u043b\u044f\u0435\u0442 \u043f\u043e-\u043d\u043e\u0432\u043e\u043c\u0443 \u0432\u0437\u0433\u043b\u044f\u043d\u0443\u0442\u044c \u043d\u0430 \u043a\u043b\u0430\u0441\u0441\u043e\u0432\u044b\u0435 \u043a\u043e\u043d\u0444\u043b\u0438\u043a\u0442\u044b, \u0433\u0435\u043d\u0434\u0435\u0440\u043d\u044b\u0439 \u044d\u0442\u0438\u043a\u0435\u0442 \u0438 \u043e\u0441\u043e\u0431\u0435\u043d\u043d\u043e\u0441\u0442\u0438 \u043d\u0430\u0446\u0438\u043e\u043d\u0430\u043b\u044c\u043d\u044b\u0445 \u0442\u0440\u0430\u0434\u0438\u0446\u0438\u0439, \u0440\u0430\u0441\u043a\u0440\u044b\u0432\u0430\u0435\u0442 \u0441\u043b\u043e\u0436\u043d\u043e\u0441\u0442\u044c \u043a\u0443\u043b\u044c\u0442\u0443\u0440\u044b, \u0432 \u043a\u043e\u0442\u043e\u0440\u043e\u0439 \u0432\u043e\u0437\u043d\u0438\u043a \u0442\u043e\u0442 \u0438\u043b\u0438 \u0438\u043d\u043e\u0439 \u0441\u0442\u0438\u043b\u044c.<\/p>\n<p><em><strong>Saturs:<\/strong><\/em><\/p>\n<p>\u0411\u043b\u0430\u0433\u043e\u0434\u0430\u0440\u043d\u043e\u0441\u0442\u0438 \u2022\u00a0\u0412\u0432\u0435\u0434\u0435\u043d\u0438\u0435 \u2022\u00a0\u0413\u043b\u0430\u0432\u0430 1. \u041a\u0435\u043c, \u0433\u0434\u0435 \u0438 \u043a\u0430\u043a \u0441\u043e\u0437\u0434\u0430\u044e\u0442\u0441\u044f \u0448\u043b\u044f\u043f\u044b \u2022\u00a0\u0413\u043b\u0430\u0432\u0430 2. \u0428\u043b\u044f\u043f\u044b \u0438 \u0432\u043b\u0430\u0441\u0442\u044c \u2022\u00a0\u0413\u043b\u0430\u0432\u0430 3. \u041f\u0440\u043e\u0444\u0435\u0441\u0441\u0438\u0438 \u0438 \u043f\u0440\u043e\u0444\u0435\u0441\u0441\u0438\u043e\u043d\u0430\u043b\u044c\u043d\u0430\u044f \u043f\u0440\u0438\u043d\u0430\u0434\u043b\u0435\u0436\u043d\u043e\u0441\u0442\u044c \u2022\u00a0\u0413\u043b\u0430\u0432\u0430 4. \u042d\u0442\u0438\u043a\u0435\u0442 \u0438 \u043a\u043b\u0430\u0441\u0441\u043e\u0432\u044b\u0435 \u0440\u0430\u0437\u043b\u0438\u0447\u0438\u044f \u2022\u00a0\u0413\u043b\u0430\u0432\u0430 5. \u041a\u043e\u0442\u0435\u043b\u043a\u0438 \u0438 \u0448\u0430\u043f\u043e-\u0431\u0435\u0440\u0436\u0435\u0440 \u2022\u00a0\u0413\u043b\u0430\u0432\u0430 6. \u0428\u043b\u044f\u043f\u044b \u0434\u043b\u044f \u0440\u0430\u0437\u0432\u043b\u0435\u0447\u0435\u043d\u0438\u0439 \u2022\u00a0\u0413\u043b\u0430\u0432\u0430 7. \u0428\u043b\u044f\u043f\u044b \u0434\u043b\u044f \u0441\u043f\u043e\u0440\u0442\u0430 \u2022\u00a0\u0413\u043b\u0430\u0432\u0430 8. \u041c\u043e\u0434\u043d\u044b\u0435 \u0448\u043b\u044f\u043f\u044b \u2022\u00a0\u041f\u0440\u0438\u043c\u0435\u0447\u0430\u043d\u0438\u044f \u2022\u00a0\u0421\u043f\u0438\u0441\u043e\u043a \u0438\u043b\u043b\u044e\u0441\u0442\u0440\u0430\u0446\u0438\u0439 \u2022\u00a0\u0411\u0438\u0431\u043b\u0438\u043e\u0433\u0440\u0430\u0444\u0438\u044f\u00a0\u2022<br \/>\n\u0423\u043a\u0430\u0437\u0430\u0442\u0435\u043b\u044c<\/p>\n<p>\u0160\u012bs gr\u0101matas izdev\u0113js ir\u00a0\u00a0<span style=\"text-decoration: underline;\"><strong><a href=\"https:\/\/fashionmuseum.shop\/publisher\/\u043d\u043e\u0432\u043e\u0435-\u043b\u0438\u0442\u0435\u0440\u0430\u0442\u0443\u0440\u043d\u043e\u0435-\u043e\u0431\u043e\u0437\u0440\u0435\u043d\u0438\u0435-lv\/?lang=lv\">\u041d\u043e\u0432\u043e\u0435 \u043b\u0438\u0442\u0435\u0440\u0430\u0442\u0443\u0440\u043d\u043e\u0435 \u043e\u0431\u043e\u0437\u0440\u0435\u043d\u0438\u0435<\/a><\/strong><\/span>, ISBN 99785444809938<\/p>\n","protected":false},"excerpt":{"rendered":"<p><span style=\"text-decoration: underline;\"><strong><a href=\"https:\/\/fashionmuseum.shop\/book-author\/\u043a\u043b\u044d\u0440-\u0445\u044c\u044e\u0437-lv\/?lang=lv\">\u041a\u043b\u044d\u0440 \u0425\u044c\u044e\u0437<\/a><\/strong><\/span><\/p>\n<p><em><strong>K\u0101p\u0113c m\u0113s\u00a0izv\u0113l\u0113j\u0101mies\u00a0\u0161o gr\u0101matu:<\/strong><\/em><\/p>\n<p>Cepures alla\u017e dai\u013crun\u012bgi v\u0113st\u012bju\u0161as par cilv\u0113ka statusu, bag\u0101t\u012bbu un pieder\u012bbu k\u0101dai noteiktai grupai. Kas un k\u0101 tais\u012bja cepures, k\u0101das bija (joproj\u0101m ir) cepuru un varas attiec\u012bbas, k\u0101da ir cepuru valk\u0101\u0161anas eti\u0137ete, kas bija burtisk\u0101 noz\u012bm\u0113 trakie cepurnieki, k\u0101 mod\u0113 n\u0101ca cilindri un katli\u0146i, ko\u0161\u0101s galma cepuru p\u0101rm\u0113r\u012bbas \u2013 \u0161\u012b gr\u0101mata ir aizraujo\u0161s ieskats cepuru v\u0113stur\u0113.<\/p>\n","protected":false},"featured_media":1398,"template":"","meta":{"_coblocks_attr":"","_coblocks_dimensions":"","_coblocks_responsive_height":"","_coblocks_accordion_ie_support":"","_crdt_document":"","jetpack_publicize_message":"","jetpack_publicize_feature_enabled":true,"jetpack_social_post_already_shared":true,"jetpack_social_options":{"image_generator_settings":{"template":"highway","default_image_id":0,"font":"","enabled":false},"version":2},"_wpas_customize_per_network":false},"product_brand":[],"product_cat":[1613,1602,1605],"product_tag":[],"class_list":{"0":"post-1397","1":"product","2":"type-product","3":"status-publish","4":"has-post-thumbnail","6":"product_cat-gramatas-krievu-valoda","7":"product_cat-gramatas-par-aksesuariem","8":"product_cat-gramatas-par-modes-vesturi","9":"pa_book-author---lv","10":"pa_language-krievu","11":"pa_publisher----lv","13":"first","14":"instock","15":"shipping-taxable","16":"purchasable","17":"product-type-simple"},"yoast_head":"<!-- This site is optimized with the Yoast SEO plugin v27.4 - https:\/\/yoast.com\/product\/yoast-seo-wordpress\/ -->\n<title>\u0428\u043b\u044f\u043f\u044b - Fashion Museum Riga Online Store<\/title>\n<meta name=\"robots\" content=\"index, follow, max-snippet:-1, max-image-preview:large, max-video-preview:-1\" \/>\n<link rel=\"canonical\" href=\"https:\/\/fashionmuseum.shop\/lv\/prece\/shlapi\/\" \/>\n<meta property=\"og:locale\" content=\"lv_LV\" \/>\n<meta property=\"og:type\" content=\"article\" \/>\n<meta property=\"og:title\" content=\"\u0428\u043b\u044f\u043f\u044b - Fashion Museum Riga Online Store\" \/>\n<meta property=\"og:description\" content=\"\u041a\u043b\u044d\u0440 \u0425\u044c\u044e\u0437  K\u0101p\u0113c m\u0113s\u00a0izv\u0113l\u0113j\u0101mies\u00a0\u0161o gr\u0101matu:  Cepures alla\u017e dai\u013crun\u012bgi v\u0113st\u012bju\u0161as par cilv\u0113ka statusu, bag\u0101t\u012bbu un pieder\u012bbu k\u0101dai noteiktai grupai. Kas un k\u0101 tais\u012bja cepures, k\u0101das bija (joproj\u0101m ir) cepuru un varas attiec\u012bbas, k\u0101da ir cepuru valk\u0101\u0161anas eti\u0137ete, kas bija burtisk\u0101 noz\u012bm\u0113 trakie cepurnieki, k\u0101 mod\u0113 n\u0101ca cilindri un katli\u0146i, ko\u0161\u0101s galma cepuru p\u0101rm\u0113r\u012bbas \u2013 \u0161\u012b gr\u0101mata ir aizraujo\u0161s ieskats cepuru v\u0113stur\u0113.\" \/>\n<meta property=\"og:url\" content=\"https:\/\/fashionmuseum.shop\/lv\/prece\/shlapi\/\" \/>\n<meta property=\"og:site_name\" content=\"Fashion Museum Riga Online Store\" \/>\n<meta property=\"article:modified_time\" content=\"2020-06-04T09:16:30+00:00\" \/>\n<meta property=\"og:image\" content=\"https:\/\/fashionmuseum.shop\/wp-content\/uploads\/2020\/04\/\u0448\u043b\u044f\u043f\u044b.jpg\" \/>\n\t<meta property=\"og:image:width\" content=\"720\" \/>\n\t<meta property=\"og:image:height\" content=\"720\" \/>\n\t<meta property=\"og:image:type\" content=\"image\/jpeg\" \/>\n<meta name=\"twitter:card\" content=\"summary_large_image\" \/>\n<script type=\"application\/ld+json\" class=\"yoast-schema-graph\">{\"@context\":\"https:\\\/\\\/schema.org\",\"@graph\":[{\"@type\":\"WebPage\",\"@id\":\"https:\\\/\\\/fashionmuseum.shop\\\/lv\\\/prece\\\/shlapi\\\/\",\"url\":\"https:\\\/\\\/fashionmuseum.shop\\\/lv\\\/prece\\\/shlapi\\\/\",\"name\":\"\u0428\u043b\u044f\u043f\u044b - Fashion Museum Riga Online Store\",\"isPartOf\":{\"@id\":\"https:\\\/\\\/fashionmuseum.shop\\\/lv\\\/#website\"},\"primaryImageOfPage\":{\"@id\":\"https:\\\/\\\/fashionmuseum.shop\\\/lv\\\/prece\\\/shlapi\\\/#primaryimage\"},\"image\":{\"@id\":\"https:\\\/\\\/fashionmuseum.shop\\\/lv\\\/prece\\\/shlapi\\\/#primaryimage\"},\"thumbnailUrl\":\"https:\\\/\\\/i0.wp.com\\\/fashionmuseum.shop\\\/wp-content\\\/uploads\\\/2020\\\/04\\\/%D1%88%D0%BB%D1%8F%D0%BF%D1%8B.jpg?fit=720%2C720&ssl=1\",\"datePublished\":\"2020-04-14T09:46:15+00:00\",\"dateModified\":\"2020-06-04T09:16:30+00:00\",\"breadcrumb\":{\"@id\":\"https:\\\/\\\/fashionmuseum.shop\\\/lv\\\/prece\\\/shlapi\\\/#breadcrumb\"},\"inLanguage\":\"lv-LV\",\"potentialAction\":[{\"@type\":\"ReadAction\",\"target\":[\"https:\\\/\\\/fashionmuseum.shop\\\/lv\\\/prece\\\/shlapi\\\/\"]}]},{\"@type\":\"ImageObject\",\"inLanguage\":\"lv-LV\",\"@id\":\"https:\\\/\\\/fashionmuseum.shop\\\/lv\\\/prece\\\/shlapi\\\/#primaryimage\",\"url\":\"https:\\\/\\\/i0.wp.com\\\/fashionmuseum.shop\\\/wp-content\\\/uploads\\\/2020\\\/04\\\/%D1%88%D0%BB%D1%8F%D0%BF%D1%8B.jpg?fit=720%2C720&ssl=1\",\"contentUrl\":\"https:\\\/\\\/i0.wp.com\\\/fashionmuseum.shop\\\/wp-content\\\/uploads\\\/2020\\\/04\\\/%D1%88%D0%BB%D1%8F%D0%BF%D1%8B.jpg?fit=720%2C720&ssl=1\",\"width\":720,\"height\":720},{\"@type\":\"BreadcrumbList\",\"@id\":\"https:\\\/\\\/fashionmuseum.shop\\\/lv\\\/prece\\\/shlapi\\\/#breadcrumb\",\"itemListElement\":[{\"@type\":\"ListItem\",\"position\":1,\"name\":\"Home\",\"item\":\"https:\\\/\\\/fashionmuseum.shop\\\/lv\\\/\"},{\"@type\":\"ListItem\",\"position\":2,\"name\":\"Products\",\"item\":\"https:\\\/\\\/fashionmuseum.shop\\\/lv\\\/shop\\\/\"},{\"@type\":\"ListItem\",\"position\":3,\"name\":\"\u0428\u043b\u044f\u043f\u044b\"}]},{\"@type\":\"WebSite\",\"@id\":\"https:\\\/\\\/fashionmuseum.shop\\\/lv\\\/#website\",\"url\":\"https:\\\/\\\/fashionmuseum.shop\\\/lv\\\/\",\"name\":\"Fashion Museum Online Store\",\"description\":\"Fashion Museum Riga Online Store provides a wide selection of books about fashion and fashion history.\",\"publisher\":{\"@id\":\"https:\\\/\\\/fashionmuseum.shop\\\/lv\\\/#organization\"},\"potentialAction\":[{\"@type\":\"SearchAction\",\"target\":{\"@type\":\"EntryPoint\",\"urlTemplate\":\"https:\\\/\\\/fashionmuseum.shop\\\/lv\\\/?s={search_term_string}\"},\"query-input\":{\"@type\":\"PropertyValueSpecification\",\"valueRequired\":true,\"valueName\":\"search_term_string\"}}],\"inLanguage\":\"lv-LV\"},{\"@type\":\"Organization\",\"@id\":\"https:\\\/\\\/fashionmuseum.shop\\\/lv\\\/#organization\",\"name\":\"Modes muzejs\",\"url\":\"https:\\\/\\\/fashionmuseum.shop\\\/lv\\\/\",\"logo\":{\"@type\":\"ImageObject\",\"inLanguage\":\"lv-LV\",\"@id\":\"https:\\\/\\\/fashionmuseum.shop\\\/lv\\\/#\\\/schema\\\/logo\\\/image\\\/\",\"url\":\"https:\\\/\\\/i1.wp.com\\\/fashionmuseum.shop\\\/wp-content\\\/uploads\\\/2020\\\/04\\\/apple-touch-icon.png?fit=180%2C180&ssl=1\",\"contentUrl\":\"https:\\\/\\\/i1.wp.com\\\/fashionmuseum.shop\\\/wp-content\\\/uploads\\\/2020\\\/04\\\/apple-touch-icon.png?fit=180%2C180&ssl=1\",\"width\":180,\"height\":180,\"caption\":\"Modes muzejs\"},\"image\":{\"@id\":\"https:\\\/\\\/fashionmuseum.shop\\\/lv\\\/#\\\/schema\\\/logo\\\/image\\\/\"}}]}<\/script>\n<!-- \/ Yoast SEO plugin. -->","yoast_head_json":{"title":"\u0428\u043b\u044f\u043f\u044b - Fashion Museum Riga Online Store","robots":{"index":"index","follow":"follow","max-snippet":"max-snippet:-1","max-image-preview":"max-image-preview:large","max-video-preview":"max-video-preview:-1"},"canonical":"https:\/\/fashionmuseum.shop\/lv\/prece\/shlapi\/","og_locale":"lv_LV","og_type":"article","og_title":"\u0428\u043b\u044f\u043f\u044b - Fashion Museum Riga Online Store","og_description":"\u041a\u043b\u044d\u0440 \u0425\u044c\u044e\u0437  K\u0101p\u0113c m\u0113s\u00a0izv\u0113l\u0113j\u0101mies\u00a0\u0161o gr\u0101matu:  Cepures alla\u017e dai\u013crun\u012bgi v\u0113st\u012bju\u0161as par cilv\u0113ka statusu, bag\u0101t\u012bbu un pieder\u012bbu k\u0101dai noteiktai grupai. Kas un k\u0101 tais\u012bja cepures, k\u0101das bija (joproj\u0101m ir) cepuru un varas attiec\u012bbas, k\u0101da ir cepuru valk\u0101\u0161anas eti\u0137ete, kas bija burtisk\u0101 noz\u012bm\u0113 trakie cepurnieki, k\u0101 mod\u0113 n\u0101ca cilindri un katli\u0146i, ko\u0161\u0101s galma cepuru p\u0101rm\u0113r\u012bbas \u2013 \u0161\u012b gr\u0101mata ir aizraujo\u0161s ieskats cepuru v\u0113stur\u0113.","og_url":"https:\/\/fashionmuseum.shop\/lv\/prece\/shlapi\/","og_site_name":"Fashion Museum Riga Online Store","article_modified_time":"2020-06-04T09:16:30+00:00","og_image":[{"width":720,"height":720,"url":"https:\/\/fashionmuseum.shop\/wp-content\/uploads\/2020\/04\/\u0448\u043b\u044f\u043f\u044b.jpg","type":"image\/jpeg"}],"twitter_card":"summary_large_image","schema":{"@context":"https:\/\/schema.org","@graph":[{"@type":"WebPage","@id":"https:\/\/fashionmuseum.shop\/lv\/prece\/shlapi\/","url":"https:\/\/fashionmuseum.shop\/lv\/prece\/shlapi\/","name":"\u0428\u043b\u044f\u043f\u044b - Fashion Museum Riga Online Store","isPartOf":{"@id":"https:\/\/fashionmuseum.shop\/lv\/#website"},"primaryImageOfPage":{"@id":"https:\/\/fashionmuseum.shop\/lv\/prece\/shlapi\/#primaryimage"},"image":{"@id":"https:\/\/fashionmuseum.shop\/lv\/prece\/shlapi\/#primaryimage"},"thumbnailUrl":"https:\/\/i0.wp.com\/fashionmuseum.shop\/wp-content\/uploads\/2020\/04\/%D1%88%D0%BB%D1%8F%D0%BF%D1%8B.jpg?fit=720%2C720&ssl=1","datePublished":"2020-04-14T09:46:15+00:00","dateModified":"2020-06-04T09:16:30+00:00","breadcrumb":{"@id":"https:\/\/fashionmuseum.shop\/lv\/prece\/shlapi\/#breadcrumb"},"inLanguage":"lv-LV","potentialAction":[{"@type":"ReadAction","target":["https:\/\/fashionmuseum.shop\/lv\/prece\/shlapi\/"]}]},{"@type":"ImageObject","inLanguage":"lv-LV","@id":"https:\/\/fashionmuseum.shop\/lv\/prece\/shlapi\/#primaryimage","url":"https:\/\/i0.wp.com\/fashionmuseum.shop\/wp-content\/uploads\/2020\/04\/%D1%88%D0%BB%D1%8F%D0%BF%D1%8B.jpg?fit=720%2C720&ssl=1","contentUrl":"https:\/\/i0.wp.com\/fashionmuseum.shop\/wp-content\/uploads\/2020\/04\/%D1%88%D0%BB%D1%8F%D0%BF%D1%8B.jpg?fit=720%2C720&ssl=1","width":720,"height":720},{"@type":"BreadcrumbList","@id":"https:\/\/fashionmuseum.shop\/lv\/prece\/shlapi\/#breadcrumb","itemListElement":[{"@type":"ListItem","position":1,"name":"Home","item":"https:\/\/fashionmuseum.shop\/lv\/"},{"@type":"ListItem","position":2,"name":"Products","item":"https:\/\/fashionmuseum.shop\/lv\/shop\/"},{"@type":"ListItem","position":3,"name":"\u0428\u043b\u044f\u043f\u044b"}]},{"@type":"WebSite","@id":"https:\/\/fashionmuseum.shop\/lv\/#website","url":"https:\/\/fashionmuseum.shop\/lv\/","name":"Fashion Museum Online Store","description":"Fashion Museum Riga Online Store provides a wide selection of books about fashion and fashion history.","publisher":{"@id":"https:\/\/fashionmuseum.shop\/lv\/#organization"},"potentialAction":[{"@type":"SearchAction","target":{"@type":"EntryPoint","urlTemplate":"https:\/\/fashionmuseum.shop\/lv\/?s={search_term_string}"},"query-input":{"@type":"PropertyValueSpecification","valueRequired":true,"valueName":"search_term_string"}}],"inLanguage":"lv-LV"},{"@type":"Organization","@id":"https:\/\/fashionmuseum.shop\/lv\/#organization","name":"Modes muzejs","url":"https:\/\/fashionmuseum.shop\/lv\/","logo":{"@type":"ImageObject","inLanguage":"lv-LV","@id":"https:\/\/fashionmuseum.shop\/lv\/#\/schema\/logo\/image\/","url":"https:\/\/i1.wp.com\/fashionmuseum.shop\/wp-content\/uploads\/2020\/04\/apple-touch-icon.png?fit=180%2C180&ssl=1","contentUrl":"https:\/\/i1.wp.com\/fashionmuseum.shop\/wp-content\/uploads\/2020\/04\/apple-touch-icon.png?fit=180%2C180&ssl=1","width":180,"height":180,"caption":"Modes muzejs"},"image":{"@id":"https:\/\/fashionmuseum.shop\/lv\/#\/schema\/logo\/image\/"}}]}},"jetpack_publicize_connections":[],"jetpack_likes_enabled":false,"jetpack_sharing_enabled":true,"amp_enabled":true,"_links":{"self":[{"href":"https:\/\/fashionmuseum.shop\/lv\/wp-json\/wp\/v2\/product\/1397","targetHints":{"allow":["GET"]}}],"collection":[{"href":"https:\/\/fashionmuseum.shop\/lv\/wp-json\/wp\/v2\/product"}],"about":[{"href":"https:\/\/fashionmuseum.shop\/lv\/wp-json\/wp\/v2\/types\/product"}],"wp:featuredmedia":[{"embeddable":true,"href":"https:\/\/fashionmuseum.shop\/lv\/wp-json\/wp\/v2\/media\/1398"}],"wp:attachment":[{"href":"https:\/\/fashionmuseum.shop\/lv\/wp-json\/wp\/v2\/media?parent=1397"}],"wp:term":[{"taxonomy":"product_brand","embeddable":true,"href":"https:\/\/fashionmuseum.shop\/lv\/wp-json\/wp\/v2\/product_brand?post=1397"},{"taxonomy":"product_cat","embeddable":true,"href":"https:\/\/fashionmuseum.shop\/lv\/wp-json\/wp\/v2\/product_cat?post=1397"},{"taxonomy":"product_tag","embeddable":true,"href":"https:\/\/fashionmuseum.shop\/lv\/wp-json\/wp\/v2\/product_tag?post=1397"}],"curies":[{"name":"wp","href":"https:\/\/api.w.org\/{rel}","templated":true}]}}