{"id":1433,"date":"2020-03-24T09:21:09","date_gmt":"2020-03-24T07:21:09","guid":{"rendered":"https:\/\/fashionmuseum.shop\/product\/20th-century-fashion-in-detail\/"},"modified":"2020-06-04T19:07:45","modified_gmt":"2020-06-04T16:07:45","slug":"20th-century-fashion-in-detail","status":"publish","type":"product","link":"https:\/\/fashionmuseum.shop\/lv\/prece\/20th-century-fashion-in-detail\/","title":{"rendered":"20th-Century Fashion in Detail"},"content":{"rendered":"<p><em><strong>Izdev\u0113ja gr\u0101matas anot\u0101cija:<\/strong><\/em><\/p>\n<div data-role=\"bva-reveal\">\n<div data-role=\"bva-reveal\">\n<div data-role=\"bva-reveal\">\n<p>High-end 20th-century fashion explored through sumptuous detailed photography of some of the most luxurious garments in the V&amp;A\u2019s collections.<\/p>\n<p>Revealing the elaborate embroidery, intricate pleats and daring cuts that make up some of the 20th century\u2019s most beautiful garments, this book explores the specific techniques used by couturiers as tastes and textile technologies evolved. Work by designers such as Mariano Fortuny, Madeleine Vionnet, Paul Poiret, Hubert de Givenchy, Mary Quant, Yves Saint Laurent and Vivienne Westwood is rediscovered, and exquisite haute-couture pieces, from sequinned Chanel trouser suits and richly embroidered Schiaparelli jackets to striking Balenciaga creations and Dior evening gowns, are examined.<\/p>\n<div data-role=\"bva-reveal\">\n<p>Part of the \u2018Fashion in Detail\u2019 series, this updated edition features a revised introduction and list of designers followed by chapters dedicated to a particular technique. Each garment is illustrated through detailed photography and line drawings and is accompanied by a commentary by leading experts in textiles and fashion.<\/p>\n<p>An extraordinary exploration of the techniques used by couturiers in the construction of these exceptional garments,\u00a0<i>20th-Century Fashion in Detail<\/i>\u00a0will delight all followers of fashion.<\/p>\n<\/div>\n<div data-role=\"bva-reveal\">\n<p><em><strong>Saturs:<\/strong><\/em><\/p>\n<p>Introduction \u2022 List of Designers \u2022 1. Seams \u2022 2. Gathers, Tucks and Pleats \u2022 3. Collars, Cuffs and Pockets \u2022 4. Fastenings \u2022 5. Bows \u2022 6. Beads and Sequins \u2022 7. Applied Decoration<\/p>\n<p>\u0160\u012bs gr\u0101matas izdev\u0113js ir <span style=\"text-decoration: underline;\"><strong><a href=\"https:\/\/fashionmuseum.shop\/publisher\/thames-and-hudson\/?lang=lv\">Thames and Hudson<\/a><\/strong><\/span> un <a href=\"https:\/\/fashionmuseum.shop\/publisher\/va-publishing-lv\/?lang=lv\"><span style=\"text-decoration: underline;\"><strong>V&amp;A Publishing,<\/strong><\/span><\/a>\u00a0ISBN 9780500294109<\/p>\n<\/div>\n<\/div>\n<\/div>\n<\/div>\n","protected":false},"excerpt":{"rendered":"<p><span style=\"text-decoration: underline;\"><strong><a href=\"https:\/\/fashionmuseum.shop\/book-author\/claire-wilcox-lv\/?lang=lv\">Claire Wilcox<\/a><\/strong><\/span>, <span style=\"text-decoration: underline;\"><a href=\"https:\/\/fashionmuseum.shop\/book-author\/valerie-d-mendes-lv\/?lang=lv\"><strong>Valerie D. Mendes<\/strong><\/a><\/span><\/p>\n<p><em><strong>K\u0101p\u0113c m\u0113s\u00a0izv\u0113l\u0113j\u0101mies\u00a0\u0161o gr\u0101matu:<\/strong><\/em><\/p>\n<p>Skaist\u0101kie 20. gadsimta modes meistardarbi no bag\u0101t\u012bg\u0101s Viktorijas un Alberta muzeja kolekcijas \u0161ai izdevum\u0101 apskat\u0101mi deta\u013c\u0101s un nians\u0113s. Br\u012bnumains piegriezums, fantastiski iz\u0161uvumi, sare\u017e\u0123\u012bta konstrukcija \u2013 bag\u0101t\u012bgi ilustr\u0113t\u0101 gr\u0101mata aicina atkl\u0101t nosl\u0113pumus, kas sl\u0113pjas ikvien\u0101 no satrieco\u0161ajiem t\u0113rpiem.<\/p>\n","protected":false},"featured_media":1434,"template":"","meta":{"_coblocks_attr":"","_coblocks_dimensions":"","_coblocks_responsive_height":"","_coblocks_accordion_ie_support":"","_crdt_document":"","jetpack_publicize_message":"","jetpack_publicize_feature_enabled":true,"jetpack_social_post_already_shared":true,"jetpack_social_options":{"image_generator_settings":{"template":"highway","default_image_id":0,"font":"","enabled":false},"version":2},"_wpas_customize_per_network":false},"product_brand":[],"product_cat":[1611,1610,1605],"product_tag":[1679,1684,1682,2948,2945,2944,2943,1690],"class_list":{"0":"post-1433","1":"product","2":"type-product","3":"status-publish","4":"has-post-thumbnail","6":"product_cat-gramatas-anglu-valoda","7":"product_cat-gramatas-no-victoria-and-albert-muzeja","8":"product_cat-gramatas-par-modes-vesturi","9":"product_tag-20-gadsimts","10":"product_tag-balenciaga-lv","11":"product_tag-dior-lv","12":"product_tag-hubert-de-givenchy-lv","13":"product_tag-madeleine-vionnet-lv","14":"product_tag-mariano-fortuny-lv","15":"product_tag-mary-quant-lv","16":"product_tag-yves-saint-laurent-lv","17":"pa_book-author-claire-wilcox-lv","18":"pa_book-author-valerie-d-mendes-lv","19":"pa_language-anglu","20":"pa_publisher-thames-and-hudson","21":"pa_publisher-va-publishing-lv","23":"first","24":"instock","25":"shipping-taxable","26":"purchasable","27":"product-type-simple"},"yoast_head":"<!-- This site is optimized with the Yoast SEO plugin v27.5 - https:\/\/yoast.com\/product\/yoast-seo-wordpress\/ -->\n<title>20th-Century Fashion in Detail - Fashion Museum Riga Online Store<\/title>\n<meta name=\"robots\" content=\"index, follow, max-snippet:-1, max-image-preview:large, max-video-preview:-1\" \/>\n<link rel=\"canonical\" href=\"https:\/\/fashionmuseum.shop\/lv\/prece\/20th-century-fashion-in-detail\/\" \/>\n<meta property=\"og:locale\" content=\"lv_LV\" \/>\n<meta property=\"og:type\" content=\"article\" \/>\n<meta property=\"og:title\" content=\"20th-Century Fashion in Detail - Fashion Museum Riga Online Store\" \/>\n<meta property=\"og:description\" content=\"Claire Wilcox, Valerie D. Mendes  K\u0101p\u0113c m\u0113s\u00a0izv\u0113l\u0113j\u0101mies\u00a0\u0161o gr\u0101matu:  Skaist\u0101kie 20. gadsimta modes meistardarbi no bag\u0101t\u012bg\u0101s Viktorijas un Alberta muzeja kolekcijas \u0161ai izdevum\u0101 apskat\u0101mi deta\u013c\u0101s un nians\u0113s. Br\u012bnumains piegriezums, fantastiski iz\u0161uvumi, sare\u017e\u0123\u012bta konstrukcija \u2013 bag\u0101t\u012bgi ilustr\u0113t\u0101 gr\u0101mata aicina atkl\u0101t nosl\u0113pumus, kas sl\u0113pjas ikvien\u0101 no satrieco\u0161ajiem t\u0113rpiem.\" \/>\n<meta property=\"og:url\" content=\"https:\/\/fashionmuseum.shop\/lv\/prece\/20th-century-fashion-in-detail\/\" \/>\n<meta property=\"og:site_name\" content=\"Fashion Museum Riga Online Store\" \/>\n<meta property=\"article:modified_time\" content=\"2020-06-04T16:07:45+00:00\" \/>\n<meta property=\"og:image\" content=\"https:\/\/i1.wp.com\/fashionmuseum.shop\/wp-content\/uploads\/2020\/03\/20th-century-fashion-in-detail.jpg?fit=720%2C720&ssl=1\" \/>\n\t<meta property=\"og:image:width\" content=\"720\" \/>\n\t<meta property=\"og:image:height\" content=\"720\" \/>\n\t<meta property=\"og:image:type\" content=\"image\/jpeg\" \/>\n<meta name=\"twitter:card\" content=\"summary_large_image\" \/>\n<meta name=\"twitter:label1\" content=\"Est. reading time\" \/>\n\t<meta name=\"twitter:data1\" content=\"1 minute\" \/>\n<script type=\"application\/ld+json\" class=\"yoast-schema-graph\">{\"@context\":\"https:\\\/\\\/schema.org\",\"@graph\":[{\"@type\":\"WebPage\",\"@id\":\"https:\\\/\\\/fashionmuseum.shop\\\/lv\\\/prece\\\/20th-century-fashion-in-detail\\\/\",\"url\":\"https:\\\/\\\/fashionmuseum.shop\\\/lv\\\/prece\\\/20th-century-fashion-in-detail\\\/\",\"name\":\"20th-Century Fashion in Detail - Fashion Museum Riga Online Store\",\"isPartOf\":{\"@id\":\"https:\\\/\\\/fashionmuseum.shop\\\/lv\\\/#website\"},\"primaryImageOfPage\":{\"@id\":\"https:\\\/\\\/fashionmuseum.shop\\\/lv\\\/prece\\\/20th-century-fashion-in-detail\\\/#primaryimage\"},\"image\":{\"@id\":\"https:\\\/\\\/fashionmuseum.shop\\\/lv\\\/prece\\\/20th-century-fashion-in-detail\\\/#primaryimage\"},\"thumbnailUrl\":\"https:\\\/\\\/i0.wp.com\\\/fashionmuseum.shop\\\/wp-content\\\/uploads\\\/2020\\\/03\\\/20th-century-fashion-in-detail.jpg?fit=720%2C720&ssl=1\",\"datePublished\":\"2020-03-24T07:21:09+00:00\",\"dateModified\":\"2020-06-04T16:07:45+00:00\",\"breadcrumb\":{\"@id\":\"https:\\\/\\\/fashionmuseum.shop\\\/lv\\\/prece\\\/20th-century-fashion-in-detail\\\/#breadcrumb\"},\"inLanguage\":\"lv-LV\",\"potentialAction\":[{\"@type\":\"ReadAction\",\"target\":[\"https:\\\/\\\/fashionmuseum.shop\\\/lv\\\/prece\\\/20th-century-fashion-in-detail\\\/\"]}]},{\"@type\":\"ImageObject\",\"inLanguage\":\"lv-LV\",\"@id\":\"https:\\\/\\\/fashionmuseum.shop\\\/lv\\\/prece\\\/20th-century-fashion-in-detail\\\/#primaryimage\",\"url\":\"https:\\\/\\\/i0.wp.com\\\/fashionmuseum.shop\\\/wp-content\\\/uploads\\\/2020\\\/03\\\/20th-century-fashion-in-detail.jpg?fit=720%2C720&ssl=1\",\"contentUrl\":\"https:\\\/\\\/i0.wp.com\\\/fashionmuseum.shop\\\/wp-content\\\/uploads\\\/2020\\\/03\\\/20th-century-fashion-in-detail.jpg?fit=720%2C720&ssl=1\",\"width\":720,\"height\":720},{\"@type\":\"BreadcrumbList\",\"@id\":\"https:\\\/\\\/fashionmuseum.shop\\\/lv\\\/prece\\\/20th-century-fashion-in-detail\\\/#breadcrumb\",\"itemListElement\":[{\"@type\":\"ListItem\",\"position\":1,\"name\":\"Home\",\"item\":\"https:\\\/\\\/fashionmuseum.shop\\\/lv\\\/\"},{\"@type\":\"ListItem\",\"position\":2,\"name\":\"Products\",\"item\":\"https:\\\/\\\/fashionmuseum.shop\\\/lv\\\/shop\\\/\"},{\"@type\":\"ListItem\",\"position\":3,\"name\":\"20th-Century Fashion in Detail\"}]},{\"@type\":\"WebSite\",\"@id\":\"https:\\\/\\\/fashionmuseum.shop\\\/lv\\\/#website\",\"url\":\"https:\\\/\\\/fashionmuseum.shop\\\/lv\\\/\",\"name\":\"Fashion Museum Online Store\",\"description\":\"Fashion Museum Riga Online Store provides a wide selection of books about fashion and fashion history.\",\"publisher\":{\"@id\":\"https:\\\/\\\/fashionmuseum.shop\\\/lv\\\/#organization\"},\"potentialAction\":[{\"@type\":\"SearchAction\",\"target\":{\"@type\":\"EntryPoint\",\"urlTemplate\":\"https:\\\/\\\/fashionmuseum.shop\\\/lv\\\/?s={search_term_string}\"},\"query-input\":{\"@type\":\"PropertyValueSpecification\",\"valueRequired\":true,\"valueName\":\"search_term_string\"}}],\"inLanguage\":\"lv-LV\"},{\"@type\":\"Organization\",\"@id\":\"https:\\\/\\\/fashionmuseum.shop\\\/lv\\\/#organization\",\"name\":\"Modes muzejs\",\"url\":\"https:\\\/\\\/fashionmuseum.shop\\\/lv\\\/\",\"logo\":{\"@type\":\"ImageObject\",\"inLanguage\":\"lv-LV\",\"@id\":\"https:\\\/\\\/fashionmuseum.shop\\\/lv\\\/#\\\/schema\\\/logo\\\/image\\\/\",\"url\":\"https:\\\/\\\/i1.wp.com\\\/fashionmuseum.shop\\\/wp-content\\\/uploads\\\/2020\\\/04\\\/apple-touch-icon.png?fit=180%2C180&ssl=1\",\"contentUrl\":\"https:\\\/\\\/i1.wp.com\\\/fashionmuseum.shop\\\/wp-content\\\/uploads\\\/2020\\\/04\\\/apple-touch-icon.png?fit=180%2C180&ssl=1\",\"width\":180,\"height\":180,\"caption\":\"Modes muzejs\"},\"image\":{\"@id\":\"https:\\\/\\\/fashionmuseum.shop\\\/lv\\\/#\\\/schema\\\/logo\\\/image\\\/\"}}]}<\/script>\n<!-- \/ Yoast SEO plugin. -->","yoast_head_json":{"title":"20th-Century Fashion in Detail - Fashion Museum Riga Online Store","robots":{"index":"index","follow":"follow","max-snippet":"max-snippet:-1","max-image-preview":"max-image-preview:large","max-video-preview":"max-video-preview:-1"},"canonical":"https:\/\/fashionmuseum.shop\/lv\/prece\/20th-century-fashion-in-detail\/","og_locale":"lv_LV","og_type":"article","og_title":"20th-Century Fashion in Detail - Fashion Museum Riga Online Store","og_description":"Claire Wilcox, Valerie D. Mendes  K\u0101p\u0113c m\u0113s\u00a0izv\u0113l\u0113j\u0101mies\u00a0\u0161o gr\u0101matu:  Skaist\u0101kie 20. gadsimta modes meistardarbi no bag\u0101t\u012bg\u0101s Viktorijas un Alberta muzeja kolekcijas \u0161ai izdevum\u0101 apskat\u0101mi deta\u013c\u0101s un nians\u0113s. Br\u012bnumains piegriezums, fantastiski iz\u0161uvumi, sare\u017e\u0123\u012bta konstrukcija \u2013 bag\u0101t\u012bgi ilustr\u0113t\u0101 gr\u0101mata aicina atkl\u0101t nosl\u0113pumus, kas sl\u0113pjas ikvien\u0101 no satrieco\u0161ajiem t\u0113rpiem.","og_url":"https:\/\/fashionmuseum.shop\/lv\/prece\/20th-century-fashion-in-detail\/","og_site_name":"Fashion Museum Riga Online Store","article_modified_time":"2020-06-04T16:07:45+00:00","og_image":[{"width":720,"height":720,"url":"https:\/\/i1.wp.com\/fashionmuseum.shop\/wp-content\/uploads\/2020\/03\/20th-century-fashion-in-detail.jpg?fit=720%2C720&ssl=1","type":"image\/jpeg"}],"twitter_card":"summary_large_image","twitter_misc":{"Est. reading time":"1 minute"},"schema":{"@context":"https:\/\/schema.org","@graph":[{"@type":"WebPage","@id":"https:\/\/fashionmuseum.shop\/lv\/prece\/20th-century-fashion-in-detail\/","url":"https:\/\/fashionmuseum.shop\/lv\/prece\/20th-century-fashion-in-detail\/","name":"20th-Century Fashion in Detail - Fashion Museum Riga Online Store","isPartOf":{"@id":"https:\/\/fashionmuseum.shop\/lv\/#website"},"primaryImageOfPage":{"@id":"https:\/\/fashionmuseum.shop\/lv\/prece\/20th-century-fashion-in-detail\/#primaryimage"},"image":{"@id":"https:\/\/fashionmuseum.shop\/lv\/prece\/20th-century-fashion-in-detail\/#primaryimage"},"thumbnailUrl":"https:\/\/i0.wp.com\/fashionmuseum.shop\/wp-content\/uploads\/2020\/03\/20th-century-fashion-in-detail.jpg?fit=720%2C720&ssl=1","datePublished":"2020-03-24T07:21:09+00:00","dateModified":"2020-06-04T16:07:45+00:00","breadcrumb":{"@id":"https:\/\/fashionmuseum.shop\/lv\/prece\/20th-century-fashion-in-detail\/#breadcrumb"},"inLanguage":"lv-LV","potentialAction":[{"@type":"ReadAction","target":["https:\/\/fashionmuseum.shop\/lv\/prece\/20th-century-fashion-in-detail\/"]}]},{"@type":"ImageObject","inLanguage":"lv-LV","@id":"https:\/\/fashionmuseum.shop\/lv\/prece\/20th-century-fashion-in-detail\/#primaryimage","url":"https:\/\/i0.wp.com\/fashionmuseum.shop\/wp-content\/uploads\/2020\/03\/20th-century-fashion-in-detail.jpg?fit=720%2C720&ssl=1","contentUrl":"https:\/\/i0.wp.com\/fashionmuseum.shop\/wp-content\/uploads\/2020\/03\/20th-century-fashion-in-detail.jpg?fit=720%2C720&ssl=1","width":720,"height":720},{"@type":"BreadcrumbList","@id":"https:\/\/fashionmuseum.shop\/lv\/prece\/20th-century-fashion-in-detail\/#breadcrumb","itemListElement":[{"@type":"ListItem","position":1,"name":"Home","item":"https:\/\/fashionmuseum.shop\/lv\/"},{"@type":"ListItem","position":2,"name":"Products","item":"https:\/\/fashionmuseum.shop\/lv\/shop\/"},{"@type":"ListItem","position":3,"name":"20th-Century Fashion in Detail"}]},{"@type":"WebSite","@id":"https:\/\/fashionmuseum.shop\/lv\/#website","url":"https:\/\/fashionmuseum.shop\/lv\/","name":"Fashion Museum Online Store","description":"Fashion Museum Riga Online Store provides a wide selection of books about fashion and fashion history.","publisher":{"@id":"https:\/\/fashionmuseum.shop\/lv\/#organization"},"potentialAction":[{"@type":"SearchAction","target":{"@type":"EntryPoint","urlTemplate":"https:\/\/fashionmuseum.shop\/lv\/?s={search_term_string}"},"query-input":{"@type":"PropertyValueSpecification","valueRequired":true,"valueName":"search_term_string"}}],"inLanguage":"lv-LV"},{"@type":"Organization","@id":"https:\/\/fashionmuseum.shop\/lv\/#organization","name":"Modes muzejs","url":"https:\/\/fashionmuseum.shop\/lv\/","logo":{"@type":"ImageObject","inLanguage":"lv-LV","@id":"https:\/\/fashionmuseum.shop\/lv\/#\/schema\/logo\/image\/","url":"https:\/\/i1.wp.com\/fashionmuseum.shop\/wp-content\/uploads\/2020\/04\/apple-touch-icon.png?fit=180%2C180&ssl=1","contentUrl":"https:\/\/i1.wp.com\/fashionmuseum.shop\/wp-content\/uploads\/2020\/04\/apple-touch-icon.png?fit=180%2C180&ssl=1","width":180,"height":180,"caption":"Modes muzejs"},"image":{"@id":"https:\/\/fashionmuseum.shop\/lv\/#\/schema\/logo\/image\/"}}]}},"jetpack_publicize_connections":[],"jetpack_likes_enabled":false,"jetpack_sharing_enabled":true,"amp_enabled":true,"_links":{"self":[{"href":"https:\/\/fashionmuseum.shop\/lv\/wp-json\/wp\/v2\/product\/1433","targetHints":{"allow":["GET"]}}],"collection":[{"href":"https:\/\/fashionmuseum.shop\/lv\/wp-json\/wp\/v2\/product"}],"about":[{"href":"https:\/\/fashionmuseum.shop\/lv\/wp-json\/wp\/v2\/types\/product"}],"wp:featuredmedia":[{"embeddable":true,"href":"https:\/\/fashionmuseum.shop\/lv\/wp-json\/wp\/v2\/media\/1434"}],"wp:attachment":[{"href":"https:\/\/fashionmuseum.shop\/lv\/wp-json\/wp\/v2\/media?parent=1433"}],"wp:term":[{"taxonomy":"product_brand","embeddable":true,"href":"https:\/\/fashionmuseum.shop\/lv\/wp-json\/wp\/v2\/product_brand?post=1433"},{"taxonomy":"product_cat","embeddable":true,"href":"https:\/\/fashionmuseum.shop\/lv\/wp-json\/wp\/v2\/product_cat?post=1433"},{"taxonomy":"product_tag","embeddable":true,"href":"https:\/\/fashionmuseum.shop\/lv\/wp-json\/wp\/v2\/product_tag?post=1433"}],"curies":[{"name":"wp","href":"https:\/\/api.w.org\/{rel}","templated":true}]}}