{"id":1479,"date":"2020-03-23T17:29:44","date_gmt":"2020-03-23T15:29:44","guid":{"rendered":"https:\/\/fashionmuseum.shop\/product\/christian-dior-history-and-modernity\/"},"modified":"2021-11-04T07:12:03","modified_gmt":"2021-11-04T05:12:03","slug":"christian-dior-history-and-modernity","status":"publish","type":"product","link":"https:\/\/fashionmuseum.shop\/lv\/prece\/christian-dior-history-and-modernity\/","title":{"rendered":"Christian Dior: History and Modernity, 1947-1957"},"content":{"rendered":"<p><em><strong>Izdev\u0113ja gr\u0101matas anot\u0101cija:<\/strong><\/em><\/p>\n<div data-role=\"bva-reveal\">\n<p>The publication features the Royal Ontario Museum\u2019s collection of Christian Dior couture and is accompanied by sketches and material from Christian Dior H\u00e9ritage, along with photographs of the collection taken by world-renowned Dior photographer Laziz Hamani. The collection features striking designs from daytime to evening wear. The book breaks new ground as it explains key Dior signatures, based on the use of innovative and historical dressmaking techniques, which revived the Paris haute couture industry following the Second World War. The publication presents new information drawn from extensive research wedded with close examination of the designs within this catalogue, making it an essential read for those interested in fashion, art, culture, and history.<\/p>\n<\/div>\n<p>\u0160\u012bs gr\u0101matas izdev\u0113js ir <span style=\"text-decoration: underline;\"><strong><a href=\"https:\/\/fashionmuseum.shop\/publisher\/hirmer-publishers-lv\/?lang=lv\">Hirmer Publishers<\/a><\/strong><\/span>, ISBN 9783777430089<\/p>\n","protected":false},"excerpt":{"rendered":"<p><span style=\"text-decoration: underline;\"><a href=\"https:\/\/fashionmuseum.shop\/book-author\/alexandra-palmer-lv\/?lang=lv\"><strong>Alexandra Palmer<\/strong><\/a><\/span><\/p>\n<p><em><strong>K\u0101p\u0113c m\u0113s\u00a0izv\u0113l\u0113j\u0101mies\u00a0\u0161o gr\u0101matu:<\/strong><\/em><\/p>\n<p>Kaut ar\u012b \u0161\u0137iet, ka par slaven\u0101ko 20. gadsimta dizaineru jau uzrakst\u012bts viss, \u0161is skaistais izdevums pied\u0101v\u0101 ko \u012bpa\u0161i v\u0113rt\u012bgu: iedzi\u013cin\u0101ties t\u0113rpu \u201cbiogr\u0101fij\u0101s\u201d \u2013 to uzb\u016bv\u0113 un konstrukcij\u0101, tap\u0161anas nians\u0113s un Diora inovat\u012bvajos pa\u0146\u0113mienos. L\u012bdz \u0161im t\u0101 bija tikai kolekcion\u0101ru un muzeju kuratoru priek\u0161roc\u012bba.<\/p>\n","protected":false},"featured_media":1481,"template":"","meta":{"_coblocks_attr":"","_coblocks_dimensions":"","_coblocks_responsive_height":"","_coblocks_accordion_ie_support":"","_crdt_document":"","jetpack_post_was_ever_published":false,"jetpack_publicize_message":"","jetpack_publicize_feature_enabled":true,"jetpack_social_post_already_shared":true,"jetpack_social_options":{"image_generator_settings":{"template":"highway","default_image_id":0,"font":"","enabled":false},"version":2},"_wpas_customize_per_network":false},"product_brand":[],"product_cat":[1611,1604,1603],"product_tag":[1682],"class_list":{"0":"post-1479","1":"product","2":"type-product","3":"status-publish","4":"has-post-thumbnail","6":"product_cat-gramatas-anglu-valoda","7":"product_cat-gramatas-par-haute-couture","8":"product_cat-gramatas-par-modes-dizaineriem","9":"product_tag-dior-lv","10":"pa_book-author-alexandra-palmer-lv","11":"pa_language-anglu","12":"pa_publisher-hirmer-publishers-lv","14":"first","15":"outofstock","16":"shipping-taxable","17":"purchasable","18":"product-type-simple"},"yoast_head":"<!-- This site is optimized with the Yoast SEO plugin v27.3 - https:\/\/yoast.com\/product\/yoast-seo-wordpress\/ -->\n<title>Christian Dior: History and Modernity, 1947-1957 - Fashion Museum Riga Online Store<\/title>\n<meta name=\"robots\" content=\"index, follow, max-snippet:-1, max-image-preview:large, max-video-preview:-1\" \/>\n<link rel=\"canonical\" href=\"https:\/\/fashionmuseum.shop\/lv\/prece\/christian-dior-history-and-modernity\/\" \/>\n<meta property=\"og:locale\" content=\"lv_LV\" \/>\n<meta property=\"og:type\" content=\"article\" \/>\n<meta property=\"og:title\" content=\"Christian Dior: History and Modernity, 1947-1957 - Fashion Museum Riga Online Store\" \/>\n<meta property=\"og:description\" content=\"Alexandra Palmer  K\u0101p\u0113c m\u0113s\u00a0izv\u0113l\u0113j\u0101mies\u00a0\u0161o gr\u0101matu:  Kaut ar\u012b \u0161\u0137iet, ka par slaven\u0101ko 20. gadsimta dizaineru jau uzrakst\u012bts viss, \u0161is skaistais izdevums pied\u0101v\u0101 ko \u012bpa\u0161i v\u0113rt\u012bgu: iedzi\u013cin\u0101ties t\u0113rpu \u201cbiogr\u0101fij\u0101s\u201d \u2013 to uzb\u016bv\u0113 un konstrukcij\u0101, tap\u0161anas nians\u0113s un Diora inovat\u012bvajos pa\u0146\u0113mienos. L\u012bdz \u0161im t\u0101 bija tikai kolekcion\u0101ru un muzeju kuratoru priek\u0161roc\u012bba.\" \/>\n<meta property=\"og:url\" content=\"https:\/\/fashionmuseum.shop\/lv\/prece\/christian-dior-history-and-modernity\/\" \/>\n<meta property=\"og:site_name\" content=\"Fashion Museum Riga Online Store\" \/>\n<meta property=\"article:modified_time\" content=\"2021-11-04T05:12:03+00:00\" \/>\n<meta property=\"og:image\" content=\"https:\/\/i1.wp.com\/fashionmuseum.shop\/wp-content\/uploads\/2020\/03\/Dior-history-and-modernity-1.jpg?fit=720%2C720&ssl=1\" \/>\n\t<meta property=\"og:image:width\" content=\"720\" \/>\n\t<meta property=\"og:image:height\" content=\"720\" \/>\n\t<meta property=\"og:image:type\" content=\"image\/jpeg\" \/>\n<meta name=\"twitter:card\" content=\"summary_large_image\" \/>\n<meta name=\"twitter:label1\" content=\"Est. reading time\" \/>\n\t<meta name=\"twitter:data1\" content=\"1 minute\" \/>\n<script type=\"application\/ld+json\" class=\"yoast-schema-graph\">{\"@context\":\"https:\\\/\\\/schema.org\",\"@graph\":[{\"@type\":\"WebPage\",\"@id\":\"https:\\\/\\\/fashionmuseum.shop\\\/lv\\\/prece\\\/christian-dior-history-and-modernity\\\/\",\"url\":\"https:\\\/\\\/fashionmuseum.shop\\\/lv\\\/prece\\\/christian-dior-history-and-modernity\\\/\",\"name\":\"Christian Dior: History and Modernity, 1947-1957 - Fashion Museum Riga Online Store\",\"isPartOf\":{\"@id\":\"https:\\\/\\\/fashionmuseum.shop\\\/lv\\\/#website\"},\"primaryImageOfPage\":{\"@id\":\"https:\\\/\\\/fashionmuseum.shop\\\/lv\\\/prece\\\/christian-dior-history-and-modernity\\\/#primaryimage\"},\"image\":{\"@id\":\"https:\\\/\\\/fashionmuseum.shop\\\/lv\\\/prece\\\/christian-dior-history-and-modernity\\\/#primaryimage\"},\"thumbnailUrl\":\"https:\\\/\\\/i0.wp.com\\\/fashionmuseum.shop\\\/wp-content\\\/uploads\\\/2020\\\/03\\\/Dior-history-and-modernity-1.jpg?fit=720%2C720&ssl=1\",\"datePublished\":\"2020-03-23T15:29:44+00:00\",\"dateModified\":\"2021-11-04T05:12:03+00:00\",\"breadcrumb\":{\"@id\":\"https:\\\/\\\/fashionmuseum.shop\\\/lv\\\/prece\\\/christian-dior-history-and-modernity\\\/#breadcrumb\"},\"inLanguage\":\"lv-LV\",\"potentialAction\":[{\"@type\":\"ReadAction\",\"target\":[\"https:\\\/\\\/fashionmuseum.shop\\\/lv\\\/prece\\\/christian-dior-history-and-modernity\\\/\"]}]},{\"@type\":\"ImageObject\",\"inLanguage\":\"lv-LV\",\"@id\":\"https:\\\/\\\/fashionmuseum.shop\\\/lv\\\/prece\\\/christian-dior-history-and-modernity\\\/#primaryimage\",\"url\":\"https:\\\/\\\/i0.wp.com\\\/fashionmuseum.shop\\\/wp-content\\\/uploads\\\/2020\\\/03\\\/Dior-history-and-modernity-1.jpg?fit=720%2C720&ssl=1\",\"contentUrl\":\"https:\\\/\\\/i0.wp.com\\\/fashionmuseum.shop\\\/wp-content\\\/uploads\\\/2020\\\/03\\\/Dior-history-and-modernity-1.jpg?fit=720%2C720&ssl=1\",\"width\":720,\"height\":720},{\"@type\":\"BreadcrumbList\",\"@id\":\"https:\\\/\\\/fashionmuseum.shop\\\/lv\\\/prece\\\/christian-dior-history-and-modernity\\\/#breadcrumb\",\"itemListElement\":[{\"@type\":\"ListItem\",\"position\":1,\"name\":\"Home\",\"item\":\"https:\\\/\\\/fashionmuseum.shop\\\/lv\\\/\"},{\"@type\":\"ListItem\",\"position\":2,\"name\":\"Products\",\"item\":\"https:\\\/\\\/fashionmuseum.shop\\\/lv\\\/shop\\\/\"},{\"@type\":\"ListItem\",\"position\":3,\"name\":\"Christian Dior: History and Modernity, 1947-1957\"}]},{\"@type\":\"WebSite\",\"@id\":\"https:\\\/\\\/fashionmuseum.shop\\\/lv\\\/#website\",\"url\":\"https:\\\/\\\/fashionmuseum.shop\\\/lv\\\/\",\"name\":\"Fashion Museum Online Store\",\"description\":\"Fashion Museum Riga Online Store provides a wide selection of books about fashion and fashion history.\",\"publisher\":{\"@id\":\"https:\\\/\\\/fashionmuseum.shop\\\/lv\\\/#organization\"},\"potentialAction\":[{\"@type\":\"SearchAction\",\"target\":{\"@type\":\"EntryPoint\",\"urlTemplate\":\"https:\\\/\\\/fashionmuseum.shop\\\/lv\\\/?s={search_term_string}\"},\"query-input\":{\"@type\":\"PropertyValueSpecification\",\"valueRequired\":true,\"valueName\":\"search_term_string\"}}],\"inLanguage\":\"lv-LV\"},{\"@type\":\"Organization\",\"@id\":\"https:\\\/\\\/fashionmuseum.shop\\\/lv\\\/#organization\",\"name\":\"Modes muzejs\",\"url\":\"https:\\\/\\\/fashionmuseum.shop\\\/lv\\\/\",\"logo\":{\"@type\":\"ImageObject\",\"inLanguage\":\"lv-LV\",\"@id\":\"https:\\\/\\\/fashionmuseum.shop\\\/lv\\\/#\\\/schema\\\/logo\\\/image\\\/\",\"url\":\"https:\\\/\\\/i1.wp.com\\\/fashionmuseum.shop\\\/wp-content\\\/uploads\\\/2020\\\/04\\\/apple-touch-icon.png?fit=180%2C180&ssl=1\",\"contentUrl\":\"https:\\\/\\\/i1.wp.com\\\/fashionmuseum.shop\\\/wp-content\\\/uploads\\\/2020\\\/04\\\/apple-touch-icon.png?fit=180%2C180&ssl=1\",\"width\":180,\"height\":180,\"caption\":\"Modes muzejs\"},\"image\":{\"@id\":\"https:\\\/\\\/fashionmuseum.shop\\\/lv\\\/#\\\/schema\\\/logo\\\/image\\\/\"}}]}<\/script>\n<!-- \/ Yoast SEO plugin. -->","yoast_head_json":{"title":"Christian Dior: History and Modernity, 1947-1957 - Fashion Museum Riga Online Store","robots":{"index":"index","follow":"follow","max-snippet":"max-snippet:-1","max-image-preview":"max-image-preview:large","max-video-preview":"max-video-preview:-1"},"canonical":"https:\/\/fashionmuseum.shop\/lv\/prece\/christian-dior-history-and-modernity\/","og_locale":"lv_LV","og_type":"article","og_title":"Christian Dior: History and Modernity, 1947-1957 - Fashion Museum Riga Online Store","og_description":"Alexandra Palmer  K\u0101p\u0113c m\u0113s\u00a0izv\u0113l\u0113j\u0101mies\u00a0\u0161o gr\u0101matu:  Kaut ar\u012b \u0161\u0137iet, ka par slaven\u0101ko 20. gadsimta dizaineru jau uzrakst\u012bts viss, \u0161is skaistais izdevums pied\u0101v\u0101 ko \u012bpa\u0161i v\u0113rt\u012bgu: iedzi\u013cin\u0101ties t\u0113rpu \u201cbiogr\u0101fij\u0101s\u201d \u2013 to uzb\u016bv\u0113 un konstrukcij\u0101, tap\u0161anas nians\u0113s un Diora inovat\u012bvajos pa\u0146\u0113mienos. L\u012bdz \u0161im t\u0101 bija tikai kolekcion\u0101ru un muzeju kuratoru priek\u0161roc\u012bba.","og_url":"https:\/\/fashionmuseum.shop\/lv\/prece\/christian-dior-history-and-modernity\/","og_site_name":"Fashion Museum Riga Online Store","article_modified_time":"2021-11-04T05:12:03+00:00","og_image":[{"width":720,"height":720,"url":"https:\/\/i1.wp.com\/fashionmuseum.shop\/wp-content\/uploads\/2020\/03\/Dior-history-and-modernity-1.jpg?fit=720%2C720&ssl=1","type":"image\/jpeg"}],"twitter_card":"summary_large_image","twitter_misc":{"Est. reading time":"1 minute"},"schema":{"@context":"https:\/\/schema.org","@graph":[{"@type":"WebPage","@id":"https:\/\/fashionmuseum.shop\/lv\/prece\/christian-dior-history-and-modernity\/","url":"https:\/\/fashionmuseum.shop\/lv\/prece\/christian-dior-history-and-modernity\/","name":"Christian Dior: History and Modernity, 1947-1957 - Fashion Museum Riga Online Store","isPartOf":{"@id":"https:\/\/fashionmuseum.shop\/lv\/#website"},"primaryImageOfPage":{"@id":"https:\/\/fashionmuseum.shop\/lv\/prece\/christian-dior-history-and-modernity\/#primaryimage"},"image":{"@id":"https:\/\/fashionmuseum.shop\/lv\/prece\/christian-dior-history-and-modernity\/#primaryimage"},"thumbnailUrl":"https:\/\/i0.wp.com\/fashionmuseum.shop\/wp-content\/uploads\/2020\/03\/Dior-history-and-modernity-1.jpg?fit=720%2C720&ssl=1","datePublished":"2020-03-23T15:29:44+00:00","dateModified":"2021-11-04T05:12:03+00:00","breadcrumb":{"@id":"https:\/\/fashionmuseum.shop\/lv\/prece\/christian-dior-history-and-modernity\/#breadcrumb"},"inLanguage":"lv-LV","potentialAction":[{"@type":"ReadAction","target":["https:\/\/fashionmuseum.shop\/lv\/prece\/christian-dior-history-and-modernity\/"]}]},{"@type":"ImageObject","inLanguage":"lv-LV","@id":"https:\/\/fashionmuseum.shop\/lv\/prece\/christian-dior-history-and-modernity\/#primaryimage","url":"https:\/\/i0.wp.com\/fashionmuseum.shop\/wp-content\/uploads\/2020\/03\/Dior-history-and-modernity-1.jpg?fit=720%2C720&ssl=1","contentUrl":"https:\/\/i0.wp.com\/fashionmuseum.shop\/wp-content\/uploads\/2020\/03\/Dior-history-and-modernity-1.jpg?fit=720%2C720&ssl=1","width":720,"height":720},{"@type":"BreadcrumbList","@id":"https:\/\/fashionmuseum.shop\/lv\/prece\/christian-dior-history-and-modernity\/#breadcrumb","itemListElement":[{"@type":"ListItem","position":1,"name":"Home","item":"https:\/\/fashionmuseum.shop\/lv\/"},{"@type":"ListItem","position":2,"name":"Products","item":"https:\/\/fashionmuseum.shop\/lv\/shop\/"},{"@type":"ListItem","position":3,"name":"Christian Dior: History and Modernity, 1947-1957"}]},{"@type":"WebSite","@id":"https:\/\/fashionmuseum.shop\/lv\/#website","url":"https:\/\/fashionmuseum.shop\/lv\/","name":"Fashion Museum Online Store","description":"Fashion Museum Riga Online Store provides a wide selection of books about fashion and fashion history.","publisher":{"@id":"https:\/\/fashionmuseum.shop\/lv\/#organization"},"potentialAction":[{"@type":"SearchAction","target":{"@type":"EntryPoint","urlTemplate":"https:\/\/fashionmuseum.shop\/lv\/?s={search_term_string}"},"query-input":{"@type":"PropertyValueSpecification","valueRequired":true,"valueName":"search_term_string"}}],"inLanguage":"lv-LV"},{"@type":"Organization","@id":"https:\/\/fashionmuseum.shop\/lv\/#organization","name":"Modes muzejs","url":"https:\/\/fashionmuseum.shop\/lv\/","logo":{"@type":"ImageObject","inLanguage":"lv-LV","@id":"https:\/\/fashionmuseum.shop\/lv\/#\/schema\/logo\/image\/","url":"https:\/\/i1.wp.com\/fashionmuseum.shop\/wp-content\/uploads\/2020\/04\/apple-touch-icon.png?fit=180%2C180&ssl=1","contentUrl":"https:\/\/i1.wp.com\/fashionmuseum.shop\/wp-content\/uploads\/2020\/04\/apple-touch-icon.png?fit=180%2C180&ssl=1","width":180,"height":180,"caption":"Modes muzejs"},"image":{"@id":"https:\/\/fashionmuseum.shop\/lv\/#\/schema\/logo\/image\/"}}]}},"jetpack_publicize_connections":[],"jetpack_likes_enabled":false,"jetpack_sharing_enabled":true,"amp_enabled":true,"_links":{"self":[{"href":"https:\/\/fashionmuseum.shop\/lv\/wp-json\/wp\/v2\/product\/1479","targetHints":{"allow":["GET"]}}],"collection":[{"href":"https:\/\/fashionmuseum.shop\/lv\/wp-json\/wp\/v2\/product"}],"about":[{"href":"https:\/\/fashionmuseum.shop\/lv\/wp-json\/wp\/v2\/types\/product"}],"wp:featuredmedia":[{"embeddable":true,"href":"https:\/\/fashionmuseum.shop\/lv\/wp-json\/wp\/v2\/media\/1481"}],"wp:attachment":[{"href":"https:\/\/fashionmuseum.shop\/lv\/wp-json\/wp\/v2\/media?parent=1479"}],"wp:term":[{"taxonomy":"product_brand","embeddable":true,"href":"https:\/\/fashionmuseum.shop\/lv\/wp-json\/wp\/v2\/product_brand?post=1479"},{"taxonomy":"product_cat","embeddable":true,"href":"https:\/\/fashionmuseum.shop\/lv\/wp-json\/wp\/v2\/product_cat?post=1479"},{"taxonomy":"product_tag","embeddable":true,"href":"https:\/\/fashionmuseum.shop\/lv\/wp-json\/wp\/v2\/product_tag?post=1479"}],"curies":[{"name":"wp","href":"https:\/\/api.w.org\/{rel}","templated":true}]}}