{"id":148521,"date":"2023-12-19T15:44:40","date_gmt":"2023-12-19T13:44:40","guid":{"rendered":"https:\/\/fashionmuseum.shop\/?post_type=product&#038;p=148521"},"modified":"2023-12-19T15:59:20","modified_gmt":"2023-12-19T13:59:20","slug":"%d0%b1%d0%b0%d0%bb%d0%b5%d1%82-%d0%bc%d0%be%d0%b5%d0%b9-%d0%b6%d0%b8%d0%b7%d0%bd%d0%b8","status":"publish","type":"product","link":"https:\/\/fashionmuseum.shop\/lv\/prece\/%d0%b1%d0%b0%d0%bb%d0%b5%d1%82-%d0%bc%d0%be%d0%b5%d0%b9-%d0%b6%d0%b8%d0%b7%d0%bd%d0%b8\/","title":{"rendered":"\u0411\u0430\u043b\u0435\u0442 \u043c\u043e\u0435\u0439 \u0436\u0438\u0437\u043d\u0438"},"content":{"rendered":"<p><em><strong>Izdev\u0113ja gr\u0101matas anot\u0101cija:<\/strong><\/em><\/p>\n<p>\u041a\u043b\u0435\u043e \u0434\u0435 \u041c\u0435\u0440\u043e\u0434 (1875-1966) &#8211; \u0444\u0440\u0430\u043d\u0446\u0443\u0437\u0441\u043a\u0430\u044f \u0431\u0430\u043b\u0435\u0440\u0438\u043d\u0430, \u0442\u0430\u043d\u0446\u0435\u0432\u0430\u043b\u0430 \u0432 \u043f\u0430\u0440\u0438\u0436\u0441\u043a\u043e\u0439 \u041e\u043f\u0435\u0440\u0435, Folies Bergere, \u0432\u044b\u0441\u0442\u0443\u043f\u0430\u043b\u0430 \u0432 \u0413\u0430\u043c\u0431\u0443\u0440\u0433\u0435, \u0411\u0435\u0440\u043b\u0438\u043d\u0435, \u0421\u0430\u043d\u043a\u0442-\u041f\u0435\u0442\u0435\u0440\u0431\u0443\u0440\u0433\u0435, \u041c\u043e\u0441\u043a\u0432\u0435, \u0411\u0443\u0434\u0430\u043f\u0435\u0448\u0442\u0435, \u041d\u044c\u044e-\u0419\u043e\u0440\u043a\u0435.<\/p>\n<p>\u0422\u0430\u043d\u0446\u043e\u0432\u0449\u0438\u0446\u0430 \u043e\u0442\u043b\u0438\u0447\u0430\u043b\u0430\u0441\u044c \u0440\u0435\u0434\u043a\u043e\u0439 \u043a\u0440\u0430\u0441\u043e\u0442\u043e\u0439, \u0441\u0434\u0435\u043b\u0430\u0432\u0448\u0435\u0439 \u0435\u0435 \u043b\u044e\u0431\u0438\u043c\u043e\u0439 \u043c\u043e\u0434\u0435\u043b\u044c\u044e \u043c\u043d\u043e\u0433\u0438\u0445 \u0445\u0443\u0434\u043e\u0436\u043d\u0438\u043a\u043e\u0432, \u0441\u043a\u0443\u043b\u044c\u043f\u0442\u043e\u0440\u043e\u0432 \u0438 \u0444\u043e\u0442\u043e\u0433\u0440\u0430\u0444\u043e\u0432 \u0442\u043e\u0433\u043e \u0432\u0440\u0435\u043c\u0435\u043d\u0438. \u0415\u0435 \u043f\u0438\u0441\u0430\u043b\u0438 \u0414\u0435\u0433\u0430, \u0422\u0443\u043b\u0443\u0437-\u041b\u043e\u0442\u0440\u0435\u043a, \u0411\u043e\u043b\u044c\u0434\u0438\u043d\u0438, \u041a\u0430\u0443\u043b\u044c\u0431\u0430\u0445, \u041b\u0435\u043d\u0431\u0430\u0445, \u0444\u043e\u0442\u043e\u0433\u0440\u0430\u0444\u0438\u0440\u043e\u0432\u0430\u043b\u0438\u00a0 \u0420\u043e\u0439\u0442\u043b\u0438\u043d\u0433\u0435\u0440 \u0438 \u041d\u0430\u0434\u0430\u0440, \u043f\u043e\u0447\u0442\u043e\u0432\u044b\u0435 \u043e\u0442\u043a\u0440\u044b\u0442\u043a\u0438 \u0441 \u0438\u0437\u043e\u0431\u0440\u0430\u0436\u0435\u043d\u0438\u044f\u043c\u0438 \u041a\u043b\u0435\u043e \u0434\u0435 \u041c\u0435\u0440\u043e\u0434 \u0431\u044b\u043b\u0438 \u0447\u0440\u0435\u0437\u0432\u044b\u0447\u0430\u0439\u043d\u043e \u043f\u043e\u043f\u0443\u043b\u044f\u0440\u043d\u044b \u0432 \u043a\u043e\u043d\u0446\u0435 19- \u043d\u0430\u0447\u0430\u043b\u0435 20 \u0432\u0435\u043a\u043e\u0432. \u0412 1896 \u0433\u043e\u0434\u0443 \u0430\u0432\u0442\u043e\u0440\u0438\u0442\u0435\u0442\u043d\u044b\u0439 \u0436\u0443\u0440\u043d\u0430\u043b L&#8217; Illustration \u0438\u0437\u0431\u0440\u0430\u043b \u0435\u0435 \u043a\u043e\u0440\u043e\u043b\u0435\u0432\u043e\u0439 \u043a\u0440\u0430\u0441\u043e\u0442\u044b \u0438\u0437 130 \u0441\u043e\u0432\u0440\u0435\u043c\u0435\u043d\u043d\u044b\u0445 \u043a\u0440\u0430\u0441\u0430\u0432\u0438\u0446.<\/p>\n<p>\u0412 \u043a\u043d\u0438\u0433\u0435 \u0447\u0438\u0442\u0430\u0442\u0435\u043b\u044c \u043f\u043e\u0437\u043d\u0430\u043a\u043e\u043c\u0438\u0442\u0441\u044f\u00a0 \u0441 \u043c\u0435\u043c\u0443\u0430\u0440\u0430\u043c\u0438 \u044d\u0442\u043e\u0439 \u0437\u0432\u0435\u0437\u0434\u044b \u041f\u0440\u0435\u043a\u0440\u0430\u0441\u043d\u043e\u0439 \u044d\u043f\u043e\u0445\u0438.<\/p>\n<p>This book is brought by\u00a0<strong><a href=\"https:\/\/fashionmuseum.shop\/publisher\/\u044d\u0442\u0435\u0440\u043d\u0430\/\">\u042d\u0442\u0435\u0440\u043d\u0430<\/a><\/strong>, ISBN\u00a0<span class=\"js-product-sku\">978-5-480-00423-6<\/span><\/p>\n","protected":false},"excerpt":{"rendered":"<p>by <strong><a href=\"https:\/\/fashionmuseum.shop\/lv\/book-author\/%D0%BA%D0%BB%D0%B5%D0%BE-%D0%B4%D0%B5-%D0%BC%D0%B5%D1%80%D0%BE%D0%B4\/\">\u041a\u043b\u0435\u043e \u0434\u0435 \u041c\u0435\u0440\u043e\u0434<\/a><\/strong><\/p>\n<p><em><strong>K\u0101p\u0113c m\u0113s izv\u0113l\u0113j\u0101mies \u0161o gr\u0101matu:<\/strong><\/em><\/p>\n<p>Sadarb\u012bb\u0101 ar Aleksandru Vasi\u013cjevu tapus\u012b gr\u0101matu s\u0113rija \u201cM\u00e9moires de la mode\u201d \u013cauj uzzin\u0101t vair\u0101k par izciliem un ietekm\u012bgiem modes dizaineriem un stila ikon\u0101m. Viena no Belle epoque jeb \u201cSkaist\u0101 laikmeta\u201d dai\u013c\u0101kaj\u0101m slaven\u012bb\u0101m, dejot\u0101ja Kleo de Meroda \u0161ajos memu\u0101ros \u013cauj ieskat\u012bties sav\u0101 dz\u012bv\u0113, kur\u0101 t\u0113rpu, uzst\u0101\u0161anos, pils\u0113tu un m\u012blas rom\u0101nu apraksti br\u012b\u017eiem p\u0101rsteidzo\u0161i atg\u0101dina m\u016bsdienu slaven\u012bbu nemierpilno, alla\u017e uzman\u012bbas centr\u0101 eso\u0161o dz\u012bvi. Fascin\u0113jo\u0161i!<\/p>\n","protected":false},"featured_media":148524,"template":"","meta":{"_coblocks_attr":"","_coblocks_dimensions":"","_coblocks_responsive_height":"","_coblocks_accordion_ie_support":"","_crdt_document":"","jetpack_post_was_ever_published":false,"jetpack_publicize_message":"","jetpack_publicize_feature_enabled":true,"jetpack_social_post_already_shared":true,"jetpack_social_options":{"image_generator_settings":{"template":"highway","default_image_id":0,"font":"","enabled":false},"version":2},"_wpas_customize_per_network":false},"product_brand":[],"product_cat":[1613,1603,1605],"product_tag":[3907,3943,3881,3368],"class_list":{"0":"post-148521","1":"product","2":"type-product","3":"status-publish","4":"has-post-thumbnail","6":"product_cat-gramatas-krievu-valoda","7":"product_cat-gramatas-par-modes-dizaineriem","8":"product_cat-gramatas-par-modes-vesturi","9":"product_tag-biography-lv","10":"product_tag-dancer-lv","11":"product_tag-gift-lv","12":"product_tag-vesture","13":"pa_book-author----lv","14":"pa_language-krievu","15":"pa_publisher--lv","17":"first","18":"instock","19":"shipping-taxable","20":"purchasable","21":"product-type-simple"},"yoast_head":"<!-- This site is optimized with the Yoast SEO plugin v27.2 - https:\/\/yoast.com\/product\/yoast-seo-wordpress\/ -->\n<title>\u0411\u0430\u043b\u0435\u0442 \u043c\u043e\u0435\u0439 \u0436\u0438\u0437\u043d\u0438 - Fashion Museum Riga Online Store<\/title>\n<meta name=\"robots\" content=\"index, follow, max-snippet:-1, max-image-preview:large, max-video-preview:-1\" \/>\n<link rel=\"canonical\" href=\"https:\/\/fashionmuseum.shop\/lv\/prece\/%d0%b1%d0%b0%d0%bb%d0%b5%d1%82-%d0%bc%d0%be%d0%b5%d0%b9-%d0%b6%d0%b8%d0%b7%d0%bd%d0%b8\/\" \/>\n<meta property=\"og:locale\" content=\"lv_LV\" \/>\n<meta property=\"og:type\" content=\"article\" \/>\n<meta property=\"og:title\" content=\"\u0411\u0430\u043b\u0435\u0442 \u043c\u043e\u0435\u0439 \u0436\u0438\u0437\u043d\u0438 - Fashion Museum Riga Online Store\" \/>\n<meta property=\"og:description\" content=\"by \u041a\u043b\u0435\u043e \u0434\u0435 \u041c\u0435\u0440\u043e\u0434  K\u0101p\u0113c m\u0113s izv\u0113l\u0113j\u0101mies \u0161o gr\u0101matu:  Sadarb\u012bb\u0101 ar Aleksandru Vasi\u013cjevu tapus\u012b gr\u0101matu s\u0113rija \u201cM\u00e9moires de la mode\u201d \u013cauj uzzin\u0101t vair\u0101k par izciliem un ietekm\u012bgiem modes dizaineriem un stila ikon\u0101m. Viena no Belle epoque jeb \u201cSkaist\u0101 laikmeta\u201d dai\u013c\u0101kaj\u0101m slaven\u012bb\u0101m, dejot\u0101ja Kleo de Meroda \u0161ajos memu\u0101ros \u013cauj ieskat\u012bties sav\u0101 dz\u012bv\u0113, kur\u0101 t\u0113rpu, uzst\u0101\u0161anos, pils\u0113tu un m\u012blas rom\u0101nu apraksti br\u012b\u017eiem p\u0101rsteidzo\u0161i atg\u0101dina m\u016bsdienu slaven\u012bbu nemierpilno, alla\u017e uzman\u012bbas centr\u0101 eso\u0161o dz\u012bvi. Fascin\u0113jo\u0161i!\" \/>\n<meta property=\"og:url\" content=\"https:\/\/fashionmuseum.shop\/lv\/prece\/%d0%b1%d0%b0%d0%bb%d0%b5%d1%82-%d0%bc%d0%be%d0%b5%d0%b9-%d0%b6%d0%b8%d0%b7%d0%bd%d0%b8\/\" \/>\n<meta property=\"og:site_name\" content=\"Fashion Museum Riga Online Store\" \/>\n<meta property=\"article:modified_time\" content=\"2023-12-19T13:59:20+00:00\" \/>\n<meta property=\"og:image\" content=\"https:\/\/fashionmuseum.shop\/wp-content\/uploads\/2023\/12\/balet-moej-zhizni.jpg\" \/>\n\t<meta property=\"og:image:width\" content=\"1000\" \/>\n\t<meta property=\"og:image:height\" content=\"1000\" \/>\n\t<meta property=\"og:image:type\" content=\"image\/jpeg\" \/>\n<meta name=\"twitter:card\" content=\"summary_large_image\" \/>\n<script type=\"application\/ld+json\" class=\"yoast-schema-graph\">{\"@context\":\"https:\/\/schema.org\",\"@graph\":[{\"@type\":\"WebPage\",\"@id\":\"https:\/\/fashionmuseum.shop\/lv\/prece\/%d0%b1%d0%b0%d0%bb%d0%b5%d1%82-%d0%bc%d0%be%d0%b5%d0%b9-%d0%b6%d0%b8%d0%b7%d0%bd%d0%b8\/\",\"url\":\"https:\/\/fashionmuseum.shop\/lv\/prece\/%d0%b1%d0%b0%d0%bb%d0%b5%d1%82-%d0%bc%d0%be%d0%b5%d0%b9-%d0%b6%d0%b8%d0%b7%d0%bd%d0%b8\/\",\"name\":\"\u0411\u0430\u043b\u0435\u0442 \u043c\u043e\u0435\u0439 \u0436\u0438\u0437\u043d\u0438 - Fashion Museum Riga Online Store\",\"isPartOf\":{\"@id\":\"https:\/\/fashionmuseum.shop\/lv\/#website\"},\"primaryImageOfPage\":{\"@id\":\"https:\/\/fashionmuseum.shop\/lv\/prece\/%d0%b1%d0%b0%d0%bb%d0%b5%d1%82-%d0%bc%d0%be%d0%b5%d0%b9-%d0%b6%d0%b8%d0%b7%d0%bd%d0%b8\/#primaryimage\"},\"image\":{\"@id\":\"https:\/\/fashionmuseum.shop\/lv\/prece\/%d0%b1%d0%b0%d0%bb%d0%b5%d1%82-%d0%bc%d0%be%d0%b5%d0%b9-%d0%b6%d0%b8%d0%b7%d0%bd%d0%b8\/#primaryimage\"},\"thumbnailUrl\":\"https:\/\/i0.wp.com\/fashionmuseum.shop\/wp-content\/uploads\/2023\/12\/balet-moej-zhizni.jpg?fit=1000%2C1000&ssl=1\",\"datePublished\":\"2023-12-19T13:44:40+00:00\",\"dateModified\":\"2023-12-19T13:59:20+00:00\",\"breadcrumb\":{\"@id\":\"https:\/\/fashionmuseum.shop\/lv\/prece\/%d0%b1%d0%b0%d0%bb%d0%b5%d1%82-%d0%bc%d0%be%d0%b5%d0%b9-%d0%b6%d0%b8%d0%b7%d0%bd%d0%b8\/#breadcrumb\"},\"inLanguage\":\"lv-LV\",\"potentialAction\":[{\"@type\":\"ReadAction\",\"target\":[\"https:\/\/fashionmuseum.shop\/lv\/prece\/%d0%b1%d0%b0%d0%bb%d0%b5%d1%82-%d0%bc%d0%be%d0%b5%d0%b9-%d0%b6%d0%b8%d0%b7%d0%bd%d0%b8\/\"]}]},{\"@type\":\"ImageObject\",\"inLanguage\":\"lv-LV\",\"@id\":\"https:\/\/fashionmuseum.shop\/lv\/prece\/%d0%b1%d0%b0%d0%bb%d0%b5%d1%82-%d0%bc%d0%be%d0%b5%d0%b9-%d0%b6%d0%b8%d0%b7%d0%bd%d0%b8\/#primaryimage\",\"url\":\"https:\/\/i0.wp.com\/fashionmuseum.shop\/wp-content\/uploads\/2023\/12\/balet-moej-zhizni.jpg?fit=1000%2C1000&ssl=1\",\"contentUrl\":\"https:\/\/i0.wp.com\/fashionmuseum.shop\/wp-content\/uploads\/2023\/12\/balet-moej-zhizni.jpg?fit=1000%2C1000&ssl=1\",\"width\":1000,\"height\":1000},{\"@type\":\"BreadcrumbList\",\"@id\":\"https:\/\/fashionmuseum.shop\/lv\/prece\/%d0%b1%d0%b0%d0%bb%d0%b5%d1%82-%d0%bc%d0%be%d0%b5%d0%b9-%d0%b6%d0%b8%d0%b7%d0%bd%d0%b8\/#breadcrumb\",\"itemListElement\":[{\"@type\":\"ListItem\",\"position\":1,\"name\":\"Home\",\"item\":\"https:\/\/fashionmuseum.shop\/lv\/\"},{\"@type\":\"ListItem\",\"position\":2,\"name\":\"Products\",\"item\":\"https:\/\/fashionmuseum.shop\/lv\/shop\/\"},{\"@type\":\"ListItem\",\"position\":3,\"name\":\"\u0411\u0430\u043b\u0435\u0442 \u043c\u043e\u0435\u0439 \u0436\u0438\u0437\u043d\u0438\"}]},{\"@type\":\"WebSite\",\"@id\":\"https:\/\/fashionmuseum.shop\/lv\/#website\",\"url\":\"https:\/\/fashionmuseum.shop\/lv\/\",\"name\":\"Fashion Museum Online Store\",\"description\":\"Fashion Museum Riga Online Store provides a wide selection of books about fashion and fashion history.\",\"publisher\":{\"@id\":\"https:\/\/fashionmuseum.shop\/lv\/#organization\"},\"potentialAction\":[{\"@type\":\"SearchAction\",\"target\":{\"@type\":\"EntryPoint\",\"urlTemplate\":\"https:\/\/fashionmuseum.shop\/lv\/?s={search_term_string}\"},\"query-input\":{\"@type\":\"PropertyValueSpecification\",\"valueRequired\":true,\"valueName\":\"search_term_string\"}}],\"inLanguage\":\"lv-LV\"},{\"@type\":\"Organization\",\"@id\":\"https:\/\/fashionmuseum.shop\/lv\/#organization\",\"name\":\"Modes muzejs\",\"url\":\"https:\/\/fashionmuseum.shop\/lv\/\",\"logo\":{\"@type\":\"ImageObject\",\"inLanguage\":\"lv-LV\",\"@id\":\"https:\/\/fashionmuseum.shop\/lv\/#\/schema\/logo\/image\/\",\"url\":\"https:\/\/i1.wp.com\/fashionmuseum.shop\/wp-content\/uploads\/2020\/04\/apple-touch-icon.png?fit=180%2C180&ssl=1\",\"contentUrl\":\"https:\/\/i1.wp.com\/fashionmuseum.shop\/wp-content\/uploads\/2020\/04\/apple-touch-icon.png?fit=180%2C180&ssl=1\",\"width\":180,\"height\":180,\"caption\":\"Modes muzejs\"},\"image\":{\"@id\":\"https:\/\/fashionmuseum.shop\/lv\/#\/schema\/logo\/image\/\"}}]}<\/script>\n<!-- \/ Yoast SEO plugin. -->","yoast_head_json":{"title":"\u0411\u0430\u043b\u0435\u0442 \u043c\u043e\u0435\u0439 \u0436\u0438\u0437\u043d\u0438 - Fashion Museum Riga Online Store","robots":{"index":"index","follow":"follow","max-snippet":"max-snippet:-1","max-image-preview":"max-image-preview:large","max-video-preview":"max-video-preview:-1"},"canonical":"https:\/\/fashionmuseum.shop\/lv\/prece\/%d0%b1%d0%b0%d0%bb%d0%b5%d1%82-%d0%bc%d0%be%d0%b5%d0%b9-%d0%b6%d0%b8%d0%b7%d0%bd%d0%b8\/","og_locale":"lv_LV","og_type":"article","og_title":"\u0411\u0430\u043b\u0435\u0442 \u043c\u043e\u0435\u0439 \u0436\u0438\u0437\u043d\u0438 - Fashion Museum Riga Online Store","og_description":"by \u041a\u043b\u0435\u043e \u0434\u0435 \u041c\u0435\u0440\u043e\u0434  K\u0101p\u0113c m\u0113s izv\u0113l\u0113j\u0101mies \u0161o gr\u0101matu:  Sadarb\u012bb\u0101 ar Aleksandru Vasi\u013cjevu tapus\u012b gr\u0101matu s\u0113rija \u201cM\u00e9moires de la mode\u201d \u013cauj uzzin\u0101t vair\u0101k par izciliem un ietekm\u012bgiem modes dizaineriem un stila ikon\u0101m. Viena no Belle epoque jeb \u201cSkaist\u0101 laikmeta\u201d dai\u013c\u0101kaj\u0101m slaven\u012bb\u0101m, dejot\u0101ja Kleo de Meroda \u0161ajos memu\u0101ros \u013cauj ieskat\u012bties sav\u0101 dz\u012bv\u0113, kur\u0101 t\u0113rpu, uzst\u0101\u0161anos, pils\u0113tu un m\u012blas rom\u0101nu apraksti br\u012b\u017eiem p\u0101rsteidzo\u0161i atg\u0101dina m\u016bsdienu slaven\u012bbu nemierpilno, alla\u017e uzman\u012bbas centr\u0101 eso\u0161o dz\u012bvi. Fascin\u0113jo\u0161i!","og_url":"https:\/\/fashionmuseum.shop\/lv\/prece\/%d0%b1%d0%b0%d0%bb%d0%b5%d1%82-%d0%bc%d0%be%d0%b5%d0%b9-%d0%b6%d0%b8%d0%b7%d0%bd%d0%b8\/","og_site_name":"Fashion Museum Riga Online Store","article_modified_time":"2023-12-19T13:59:20+00:00","og_image":[{"width":1000,"height":1000,"url":"https:\/\/fashionmuseum.shop\/wp-content\/uploads\/2023\/12\/balet-moej-zhizni.jpg","type":"image\/jpeg"}],"twitter_card":"summary_large_image","schema":{"@context":"https:\/\/schema.org","@graph":[{"@type":"WebPage","@id":"https:\/\/fashionmuseum.shop\/lv\/prece\/%d0%b1%d0%b0%d0%bb%d0%b5%d1%82-%d0%bc%d0%be%d0%b5%d0%b9-%d0%b6%d0%b8%d0%b7%d0%bd%d0%b8\/","url":"https:\/\/fashionmuseum.shop\/lv\/prece\/%d0%b1%d0%b0%d0%bb%d0%b5%d1%82-%d0%bc%d0%be%d0%b5%d0%b9-%d0%b6%d0%b8%d0%b7%d0%bd%d0%b8\/","name":"\u0411\u0430\u043b\u0435\u0442 \u043c\u043e\u0435\u0439 \u0436\u0438\u0437\u043d\u0438 - Fashion Museum Riga Online Store","isPartOf":{"@id":"https:\/\/fashionmuseum.shop\/lv\/#website"},"primaryImageOfPage":{"@id":"https:\/\/fashionmuseum.shop\/lv\/prece\/%d0%b1%d0%b0%d0%bb%d0%b5%d1%82-%d0%bc%d0%be%d0%b5%d0%b9-%d0%b6%d0%b8%d0%b7%d0%bd%d0%b8\/#primaryimage"},"image":{"@id":"https:\/\/fashionmuseum.shop\/lv\/prece\/%d0%b1%d0%b0%d0%bb%d0%b5%d1%82-%d0%bc%d0%be%d0%b5%d0%b9-%d0%b6%d0%b8%d0%b7%d0%bd%d0%b8\/#primaryimage"},"thumbnailUrl":"https:\/\/i0.wp.com\/fashionmuseum.shop\/wp-content\/uploads\/2023\/12\/balet-moej-zhizni.jpg?fit=1000%2C1000&ssl=1","datePublished":"2023-12-19T13:44:40+00:00","dateModified":"2023-12-19T13:59:20+00:00","breadcrumb":{"@id":"https:\/\/fashionmuseum.shop\/lv\/prece\/%d0%b1%d0%b0%d0%bb%d0%b5%d1%82-%d0%bc%d0%be%d0%b5%d0%b9-%d0%b6%d0%b8%d0%b7%d0%bd%d0%b8\/#breadcrumb"},"inLanguage":"lv-LV","potentialAction":[{"@type":"ReadAction","target":["https:\/\/fashionmuseum.shop\/lv\/prece\/%d0%b1%d0%b0%d0%bb%d0%b5%d1%82-%d0%bc%d0%be%d0%b5%d0%b9-%d0%b6%d0%b8%d0%b7%d0%bd%d0%b8\/"]}]},{"@type":"ImageObject","inLanguage":"lv-LV","@id":"https:\/\/fashionmuseum.shop\/lv\/prece\/%d0%b1%d0%b0%d0%bb%d0%b5%d1%82-%d0%bc%d0%be%d0%b5%d0%b9-%d0%b6%d0%b8%d0%b7%d0%bd%d0%b8\/#primaryimage","url":"https:\/\/i0.wp.com\/fashionmuseum.shop\/wp-content\/uploads\/2023\/12\/balet-moej-zhizni.jpg?fit=1000%2C1000&ssl=1","contentUrl":"https:\/\/i0.wp.com\/fashionmuseum.shop\/wp-content\/uploads\/2023\/12\/balet-moej-zhizni.jpg?fit=1000%2C1000&ssl=1","width":1000,"height":1000},{"@type":"BreadcrumbList","@id":"https:\/\/fashionmuseum.shop\/lv\/prece\/%d0%b1%d0%b0%d0%bb%d0%b5%d1%82-%d0%bc%d0%be%d0%b5%d0%b9-%d0%b6%d0%b8%d0%b7%d0%bd%d0%b8\/#breadcrumb","itemListElement":[{"@type":"ListItem","position":1,"name":"Home","item":"https:\/\/fashionmuseum.shop\/lv\/"},{"@type":"ListItem","position":2,"name":"Products","item":"https:\/\/fashionmuseum.shop\/lv\/shop\/"},{"@type":"ListItem","position":3,"name":"\u0411\u0430\u043b\u0435\u0442 \u043c\u043e\u0435\u0439 \u0436\u0438\u0437\u043d\u0438"}]},{"@type":"WebSite","@id":"https:\/\/fashionmuseum.shop\/lv\/#website","url":"https:\/\/fashionmuseum.shop\/lv\/","name":"Fashion Museum Online Store","description":"Fashion Museum Riga Online Store provides a wide selection of books about fashion and fashion history.","publisher":{"@id":"https:\/\/fashionmuseum.shop\/lv\/#organization"},"potentialAction":[{"@type":"SearchAction","target":{"@type":"EntryPoint","urlTemplate":"https:\/\/fashionmuseum.shop\/lv\/?s={search_term_string}"},"query-input":{"@type":"PropertyValueSpecification","valueRequired":true,"valueName":"search_term_string"}}],"inLanguage":"lv-LV"},{"@type":"Organization","@id":"https:\/\/fashionmuseum.shop\/lv\/#organization","name":"Modes muzejs","url":"https:\/\/fashionmuseum.shop\/lv\/","logo":{"@type":"ImageObject","inLanguage":"lv-LV","@id":"https:\/\/fashionmuseum.shop\/lv\/#\/schema\/logo\/image\/","url":"https:\/\/i1.wp.com\/fashionmuseum.shop\/wp-content\/uploads\/2020\/04\/apple-touch-icon.png?fit=180%2C180&ssl=1","contentUrl":"https:\/\/i1.wp.com\/fashionmuseum.shop\/wp-content\/uploads\/2020\/04\/apple-touch-icon.png?fit=180%2C180&ssl=1","width":180,"height":180,"caption":"Modes muzejs"},"image":{"@id":"https:\/\/fashionmuseum.shop\/lv\/#\/schema\/logo\/image\/"}}]}},"jetpack_publicize_connections":[],"jetpack_likes_enabled":false,"jetpack_sharing_enabled":true,"amp_enabled":true,"_links":{"self":[{"href":"https:\/\/fashionmuseum.shop\/lv\/wp-json\/wp\/v2\/product\/148521","targetHints":{"allow":["GET"]}}],"collection":[{"href":"https:\/\/fashionmuseum.shop\/lv\/wp-json\/wp\/v2\/product"}],"about":[{"href":"https:\/\/fashionmuseum.shop\/lv\/wp-json\/wp\/v2\/types\/product"}],"wp:featuredmedia":[{"embeddable":true,"href":"https:\/\/fashionmuseum.shop\/lv\/wp-json\/wp\/v2\/media\/148524"}],"wp:attachment":[{"href":"https:\/\/fashionmuseum.shop\/lv\/wp-json\/wp\/v2\/media?parent=148521"}],"wp:term":[{"taxonomy":"product_brand","embeddable":true,"href":"https:\/\/fashionmuseum.shop\/lv\/wp-json\/wp\/v2\/product_brand?post=148521"},{"taxonomy":"product_cat","embeddable":true,"href":"https:\/\/fashionmuseum.shop\/lv\/wp-json\/wp\/v2\/product_cat?post=148521"},{"taxonomy":"product_tag","embeddable":true,"href":"https:\/\/fashionmuseum.shop\/lv\/wp-json\/wp\/v2\/product_tag?post=148521"}],"curies":[{"name":"wp","href":"https:\/\/api.w.org\/{rel}","templated":true}]}}