{"id":148568,"date":"2023-12-20T11:48:23","date_gmt":"2023-12-20T09:48:23","guid":{"rendered":"https:\/\/fashionmuseum.shop\/?post_type=product&#038;p=148568"},"modified":"2023-12-27T15:22:41","modified_gmt":"2023-12-27T13:22:41","slug":"%d0%b6%d0%b0%d0%bd%d0%bd%d0%b0-%d0%bb%d0%b0%d0%bd%d0%b2%d0%b5%d0%bd","status":"publish","type":"product","link":"https:\/\/fashionmuseum.shop\/lv\/prece\/%d0%b6%d0%b0%d0%bd%d0%bd%d0%b0-%d0%bb%d0%b0%d0%bd%d0%b2%d0%b5%d0%bd\/","title":{"rendered":"\u0416\u0430\u043d\u043d\u0430 \u041b\u0430\u043d\u0432\u0435\u043d"},"content":{"rendered":"<p><em><strong>Izdev\u0113ja gr\u0101matas anot\u0101cija:<\/strong><\/em><\/p>\n<p>\u041a\u043d\u0438\u0433\u0430 \u043e \u0416\u0430\u043d\u043d\u0435 \u041b\u0430\u043d\u0432\u0435\u043d, \u0431\u0435\u0437\u0443\u0441\u043b\u043e\u0432\u043d\u043e, \u0437\u0430\u043f\u043e\u043b\u043d\u0438\u0442 \u043f\u0440\u043e\u0431\u0435\u043b \u0432 \u0440\u0443\u0441\u0441\u043a\u043e\u044f\u0437\u044b\u0447\u043d\u043e\u0439 \u043b\u0438\u0442\u0435\u0440\u0430\u0442\u0443\u0440\u0435 \u043f\u043e \u0438\u0441\u0442\u043e\u0440\u0438\u0438 \u043c\u043e\u0434\u044b, \u0441\u0432\u044f\u0437\u0430\u043d\u043d\u044b\u0439 \u0441 \u043e\u0442\u0441\u0443\u0442\u0441\u0442\u0432\u0438\u0435\u043c \u043f\u043e\u0434\u0440\u043e\u0431\u043d\u043e\u0439 \u0438\u043d\u0444\u043e\u0440\u043c\u0430\u0446\u0438\u0438 \u043e\u0431 \u044d\u0442\u043e\u0439 \u0443\u043d\u0438\u043a\u0430\u043b\u044c\u043d\u043e\u0439 \u043f\u0430\u0440\u0438\u0436\u0441\u043a\u043e\u0439 \u0441\u043e\u0437\u0434\u0430\u0442\u0435\u043b\u044c\u043d\u0438\u0446\u0435 \u043c\u043e\u0434. \u0412\u0435\u0434\u044c \u0414\u043e\u043c Lanvin, \u0441\u0443\u0449\u0435\u0441\u0442\u0432\u0443\u044e\u0449\u0438\u0439 \u0438 \u0441\u0435\u0433\u043e\u0434\u043d\u044f, \u043f\u043e \u043f\u0440\u0430\u0432\u0443 \u0441\u0447\u0438\u0442\u0430\u0435\u0442\u0441\u044f \u043e\u0434\u043d\u0438\u043c \u0438\u0437 \u0441\u0442\u0430\u0440\u0435\u0439\u0448\u0438\u0445. \u0416\u0430\u043d\u043d\u0430 \u041b\u0430\u043d\u0432\u0435\u043d \u043e\u0442\u043a\u0440\u044b\u043b\u0430 \u0441\u0432\u043e\u0439 \u0414\u043e\u043c \u0432 \u043a\u043e\u043d\u0446\u0435 XIX \u0432\u0435\u043a\u0430 \u0438 \u043c\u043e\u0436\u0435\u0442 \u0441\u0447\u0438\u0442\u0430\u0442\u044c\u0441\u044f \u0438\u0441\u0442\u0438\u043d\u043d\u044b\u043c \u043f\u0430\u0442\u0440\u0438\u0430\u0440\u0445\u043e\u043c \u0412\u044b\u0441\u043e\u043a\u043e\u0439 \u043c\u043e\u0434\u044b \u0432\u043e \u0424\u0440\u0430\u043d\u0446\u0438\u0438.<\/p>\n<p style=\"text-align: right\"><em>\u0410\u043b\u0435\u043a\u0441\u0430\u043d\u0434\u0440 \u0412\u0430\u0441\u0438\u043b\u044c\u0435\u0432<\/em><\/p>\n<p>This book is brought by\u00a0<strong><a href=\"https:\/\/fashionmuseum.shop\/lv\/publisher\/\u044d\u0442\u0435\u0440\u043d\u0430\/\">\u042d\u0442\u0435\u0440\u043d\u0430<\/a><\/strong>, ISBN 9785480003888<\/p>\n","protected":false},"excerpt":{"rendered":"<p>by <strong><a href=\"https:\/\/fashionmuseum.shop\/lv\/book-author\/%D0%BF%D0%B8%D0%BA%D0%BE%D0%BD-%D0%B6%D0%B5%D1%80%D0%BE%D0%BC\/\">\u041f\u0438\u043a\u043e\u043d \u0416\u0435\u0440\u043e\u043c<\/a><\/strong><\/p>\n<p><em><strong>K\u0101p\u0113c m\u0113s izv\u0113l\u0113j\u0101mies \u0161o gr\u0101matu:<\/strong><\/em><\/p>\n<p>Sadarb\u012bb\u0101 ar Aleksandru Vasi\u013cjevu tapus\u012b gr\u0101matu s\u0113rija \u201cM\u00e9moires de la mode\u201d \u013cauj uzzin\u0101t vair\u0101k par izciliem un ietekm\u012bgiem modes dizaineriem. \u0160\u012bs biogr\u0101fijas galven\u0101 varone ir viena no ibr\u012bni\u0161\u0137\u012bg\u0101kaj\u0101m Par\u012bzes modes m\u0101ksliniec\u0113m \u2013 \u017danna Lanv\u0113na. 20. un 30. gados vi\u0146as modes nams bija slavens ar sievi\u0161\u0137\u012bgu eleganci siluetos, smalk\u0101m kr\u0101su nians\u0113m un nevainojamu iz\u0161uvumu kvalit\u0101ti. Lielisks ieskats 20. gadsimta s\u0101kuma Par\u012bzes modes pasaul\u0113!<\/p>\n","protected":false},"featured_media":148571,"template":"","meta":{"_coblocks_attr":"","_coblocks_dimensions":"","_coblocks_responsive_height":"","_coblocks_accordion_ie_support":"","_crdt_document":"","jetpack_publicize_message":"","jetpack_publicize_feature_enabled":true,"jetpack_social_post_already_shared":true,"jetpack_social_options":{"image_generator_settings":{"template":"highway","default_image_id":0,"font":"","enabled":false},"version":2},"_wpas_customize_per_network":false},"product_brand":[],"product_cat":[1613,1603,1605],"product_tag":[3907,3906,3881,3964,3368],"class_list":{"0":"post-148568","1":"product","2":"type-product","3":"status-publish","4":"has-post-thumbnail","6":"product_cat-gramatas-krievu-valoda","7":"product_cat-gramatas-par-modes-dizaineriem","8":"product_cat-gramatas-par-modes-vesturi","9":"product_tag-biography-lv","10":"product_tag-fashion-designers-lv","11":"product_tag-gift-lv","12":"product_tag-lanvin-lv","13":"product_tag-vesture","14":"pa_book-author---lv","15":"pa_language-krievu","16":"pa_publisher--lv","18":"first","19":"instock","20":"shipping-taxable","21":"purchasable","22":"product-type-simple"},"yoast_head":"<!-- This site is optimized with the Yoast SEO plugin v27.4 - https:\/\/yoast.com\/product\/yoast-seo-wordpress\/ -->\n<title>\u0416\u0430\u043d\u043d\u0430 \u041b\u0430\u043d\u0432\u0435\u043d - Fashion Museum Riga Online Store<\/title>\n<meta name=\"robots\" content=\"index, follow, max-snippet:-1, max-image-preview:large, max-video-preview:-1\" \/>\n<link rel=\"canonical\" href=\"https:\/\/fashionmuseum.shop\/lv\/prece\/%d0%b6%d0%b0%d0%bd%d0%bd%d0%b0-%d0%bb%d0%b0%d0%bd%d0%b2%d0%b5%d0%bd\/\" \/>\n<meta property=\"og:locale\" content=\"lv_LV\" \/>\n<meta property=\"og:type\" content=\"article\" \/>\n<meta property=\"og:title\" content=\"\u0416\u0430\u043d\u043d\u0430 \u041b\u0430\u043d\u0432\u0435\u043d - Fashion Museum Riga Online Store\" \/>\n<meta property=\"og:description\" content=\"by \u041f\u0438\u043a\u043e\u043d \u0416\u0435\u0440\u043e\u043c  K\u0101p\u0113c m\u0113s izv\u0113l\u0113j\u0101mies \u0161o gr\u0101matu:  Sadarb\u012bb\u0101 ar Aleksandru Vasi\u013cjevu tapus\u012b gr\u0101matu s\u0113rija \u201cM\u00e9moires de la mode\u201d \u013cauj uzzin\u0101t vair\u0101k par izciliem un ietekm\u012bgiem modes dizaineriem. \u0160\u012bs biogr\u0101fijas galven\u0101 varone ir viena no ibr\u012bni\u0161\u0137\u012bg\u0101kaj\u0101m Par\u012bzes modes m\u0101ksliniec\u0113m \u2013 \u017danna Lanv\u0113na. 20. un 30. gados vi\u0146as modes nams bija slavens ar sievi\u0161\u0137\u012bgu eleganci siluetos, smalk\u0101m kr\u0101su nians\u0113m un nevainojamu iz\u0161uvumu kvalit\u0101ti. Lielisks ieskats 20. gadsimta s\u0101kuma Par\u012bzes modes pasaul\u0113!\" \/>\n<meta property=\"og:url\" content=\"https:\/\/fashionmuseum.shop\/lv\/prece\/%d0%b6%d0%b0%d0%bd%d0%bd%d0%b0-%d0%bb%d0%b0%d0%bd%d0%b2%d0%b5%d0%bd\/\" \/>\n<meta property=\"og:site_name\" content=\"Fashion Museum Riga Online Store\" \/>\n<meta property=\"article:modified_time\" content=\"2023-12-27T13:22:41+00:00\" \/>\n<meta property=\"og:image\" content=\"https:\/\/fashionmuseum.shop\/wp-content\/uploads\/2023\/12\/zhanna-lanven.jpg\" \/>\n\t<meta property=\"og:image:width\" content=\"1000\" \/>\n\t<meta property=\"og:image:height\" content=\"1000\" \/>\n\t<meta property=\"og:image:type\" content=\"image\/jpeg\" \/>\n<meta name=\"twitter:card\" content=\"summary_large_image\" \/>\n<script type=\"application\/ld+json\" class=\"yoast-schema-graph\">{\"@context\":\"https:\\\/\\\/schema.org\",\"@graph\":[{\"@type\":\"WebPage\",\"@id\":\"https:\\\/\\\/fashionmuseum.shop\\\/lv\\\/prece\\\/%d0%b6%d0%b0%d0%bd%d0%bd%d0%b0-%d0%bb%d0%b0%d0%bd%d0%b2%d0%b5%d0%bd\\\/\",\"url\":\"https:\\\/\\\/fashionmuseum.shop\\\/lv\\\/prece\\\/%d0%b6%d0%b0%d0%bd%d0%bd%d0%b0-%d0%bb%d0%b0%d0%bd%d0%b2%d0%b5%d0%bd\\\/\",\"name\":\"\u0416\u0430\u043d\u043d\u0430 \u041b\u0430\u043d\u0432\u0435\u043d - Fashion Museum Riga Online Store\",\"isPartOf\":{\"@id\":\"https:\\\/\\\/fashionmuseum.shop\\\/lv\\\/#website\"},\"primaryImageOfPage\":{\"@id\":\"https:\\\/\\\/fashionmuseum.shop\\\/lv\\\/prece\\\/%d0%b6%d0%b0%d0%bd%d0%bd%d0%b0-%d0%bb%d0%b0%d0%bd%d0%b2%d0%b5%d0%bd\\\/#primaryimage\"},\"image\":{\"@id\":\"https:\\\/\\\/fashionmuseum.shop\\\/lv\\\/prece\\\/%d0%b6%d0%b0%d0%bd%d0%bd%d0%b0-%d0%bb%d0%b0%d0%bd%d0%b2%d0%b5%d0%bd\\\/#primaryimage\"},\"thumbnailUrl\":\"https:\\\/\\\/i0.wp.com\\\/fashionmuseum.shop\\\/wp-content\\\/uploads\\\/2023\\\/12\\\/zhanna-lanven.jpg?fit=1000%2C1000&ssl=1\",\"datePublished\":\"2023-12-20T09:48:23+00:00\",\"dateModified\":\"2023-12-27T13:22:41+00:00\",\"breadcrumb\":{\"@id\":\"https:\\\/\\\/fashionmuseum.shop\\\/lv\\\/prece\\\/%d0%b6%d0%b0%d0%bd%d0%bd%d0%b0-%d0%bb%d0%b0%d0%bd%d0%b2%d0%b5%d0%bd\\\/#breadcrumb\"},\"inLanguage\":\"lv-LV\",\"potentialAction\":[{\"@type\":\"ReadAction\",\"target\":[\"https:\\\/\\\/fashionmuseum.shop\\\/lv\\\/prece\\\/%d0%b6%d0%b0%d0%bd%d0%bd%d0%b0-%d0%bb%d0%b0%d0%bd%d0%b2%d0%b5%d0%bd\\\/\"]}]},{\"@type\":\"ImageObject\",\"inLanguage\":\"lv-LV\",\"@id\":\"https:\\\/\\\/fashionmuseum.shop\\\/lv\\\/prece\\\/%d0%b6%d0%b0%d0%bd%d0%bd%d0%b0-%d0%bb%d0%b0%d0%bd%d0%b2%d0%b5%d0%bd\\\/#primaryimage\",\"url\":\"https:\\\/\\\/i0.wp.com\\\/fashionmuseum.shop\\\/wp-content\\\/uploads\\\/2023\\\/12\\\/zhanna-lanven.jpg?fit=1000%2C1000&ssl=1\",\"contentUrl\":\"https:\\\/\\\/i0.wp.com\\\/fashionmuseum.shop\\\/wp-content\\\/uploads\\\/2023\\\/12\\\/zhanna-lanven.jpg?fit=1000%2C1000&ssl=1\",\"width\":1000,\"height\":1000},{\"@type\":\"BreadcrumbList\",\"@id\":\"https:\\\/\\\/fashionmuseum.shop\\\/lv\\\/prece\\\/%d0%b6%d0%b0%d0%bd%d0%bd%d0%b0-%d0%bb%d0%b0%d0%bd%d0%b2%d0%b5%d0%bd\\\/#breadcrumb\",\"itemListElement\":[{\"@type\":\"ListItem\",\"position\":1,\"name\":\"Home\",\"item\":\"https:\\\/\\\/fashionmuseum.shop\\\/lv\\\/\"},{\"@type\":\"ListItem\",\"position\":2,\"name\":\"Products\",\"item\":\"https:\\\/\\\/fashionmuseum.shop\\\/lv\\\/shop\\\/\"},{\"@type\":\"ListItem\",\"position\":3,\"name\":\"\u0416\u0430\u043d\u043d\u0430 \u041b\u0430\u043d\u0432\u0435\u043d\"}]},{\"@type\":\"WebSite\",\"@id\":\"https:\\\/\\\/fashionmuseum.shop\\\/lv\\\/#website\",\"url\":\"https:\\\/\\\/fashionmuseum.shop\\\/lv\\\/\",\"name\":\"Fashion Museum Online Store\",\"description\":\"Fashion Museum Riga Online Store provides a wide selection of books about fashion and fashion history.\",\"publisher\":{\"@id\":\"https:\\\/\\\/fashionmuseum.shop\\\/lv\\\/#organization\"},\"potentialAction\":[{\"@type\":\"SearchAction\",\"target\":{\"@type\":\"EntryPoint\",\"urlTemplate\":\"https:\\\/\\\/fashionmuseum.shop\\\/lv\\\/?s={search_term_string}\"},\"query-input\":{\"@type\":\"PropertyValueSpecification\",\"valueRequired\":true,\"valueName\":\"search_term_string\"}}],\"inLanguage\":\"lv-LV\"},{\"@type\":\"Organization\",\"@id\":\"https:\\\/\\\/fashionmuseum.shop\\\/lv\\\/#organization\",\"name\":\"Modes muzejs\",\"url\":\"https:\\\/\\\/fashionmuseum.shop\\\/lv\\\/\",\"logo\":{\"@type\":\"ImageObject\",\"inLanguage\":\"lv-LV\",\"@id\":\"https:\\\/\\\/fashionmuseum.shop\\\/lv\\\/#\\\/schema\\\/logo\\\/image\\\/\",\"url\":\"https:\\\/\\\/i1.wp.com\\\/fashionmuseum.shop\\\/wp-content\\\/uploads\\\/2020\\\/04\\\/apple-touch-icon.png?fit=180%2C180&ssl=1\",\"contentUrl\":\"https:\\\/\\\/i1.wp.com\\\/fashionmuseum.shop\\\/wp-content\\\/uploads\\\/2020\\\/04\\\/apple-touch-icon.png?fit=180%2C180&ssl=1\",\"width\":180,\"height\":180,\"caption\":\"Modes muzejs\"},\"image\":{\"@id\":\"https:\\\/\\\/fashionmuseum.shop\\\/lv\\\/#\\\/schema\\\/logo\\\/image\\\/\"}}]}<\/script>\n<!-- \/ Yoast SEO plugin. -->","yoast_head_json":{"title":"\u0416\u0430\u043d\u043d\u0430 \u041b\u0430\u043d\u0432\u0435\u043d - Fashion Museum Riga Online Store","robots":{"index":"index","follow":"follow","max-snippet":"max-snippet:-1","max-image-preview":"max-image-preview:large","max-video-preview":"max-video-preview:-1"},"canonical":"https:\/\/fashionmuseum.shop\/lv\/prece\/%d0%b6%d0%b0%d0%bd%d0%bd%d0%b0-%d0%bb%d0%b0%d0%bd%d0%b2%d0%b5%d0%bd\/","og_locale":"lv_LV","og_type":"article","og_title":"\u0416\u0430\u043d\u043d\u0430 \u041b\u0430\u043d\u0432\u0435\u043d - Fashion Museum Riga Online Store","og_description":"by \u041f\u0438\u043a\u043e\u043d \u0416\u0435\u0440\u043e\u043c  K\u0101p\u0113c m\u0113s izv\u0113l\u0113j\u0101mies \u0161o gr\u0101matu:  Sadarb\u012bb\u0101 ar Aleksandru Vasi\u013cjevu tapus\u012b gr\u0101matu s\u0113rija \u201cM\u00e9moires de la mode\u201d \u013cauj uzzin\u0101t vair\u0101k par izciliem un ietekm\u012bgiem modes dizaineriem. \u0160\u012bs biogr\u0101fijas galven\u0101 varone ir viena no ibr\u012bni\u0161\u0137\u012bg\u0101kaj\u0101m Par\u012bzes modes m\u0101ksliniec\u0113m \u2013 \u017danna Lanv\u0113na. 20. un 30. gados vi\u0146as modes nams bija slavens ar sievi\u0161\u0137\u012bgu eleganci siluetos, smalk\u0101m kr\u0101su nians\u0113m un nevainojamu iz\u0161uvumu kvalit\u0101ti. Lielisks ieskats 20. gadsimta s\u0101kuma Par\u012bzes modes pasaul\u0113!","og_url":"https:\/\/fashionmuseum.shop\/lv\/prece\/%d0%b6%d0%b0%d0%bd%d0%bd%d0%b0-%d0%bb%d0%b0%d0%bd%d0%b2%d0%b5%d0%bd\/","og_site_name":"Fashion Museum Riga Online Store","article_modified_time":"2023-12-27T13:22:41+00:00","og_image":[{"width":1000,"height":1000,"url":"https:\/\/fashionmuseum.shop\/wp-content\/uploads\/2023\/12\/zhanna-lanven.jpg","type":"image\/jpeg"}],"twitter_card":"summary_large_image","schema":{"@context":"https:\/\/schema.org","@graph":[{"@type":"WebPage","@id":"https:\/\/fashionmuseum.shop\/lv\/prece\/%d0%b6%d0%b0%d0%bd%d0%bd%d0%b0-%d0%bb%d0%b0%d0%bd%d0%b2%d0%b5%d0%bd\/","url":"https:\/\/fashionmuseum.shop\/lv\/prece\/%d0%b6%d0%b0%d0%bd%d0%bd%d0%b0-%d0%bb%d0%b0%d0%bd%d0%b2%d0%b5%d0%bd\/","name":"\u0416\u0430\u043d\u043d\u0430 \u041b\u0430\u043d\u0432\u0435\u043d - Fashion Museum Riga Online Store","isPartOf":{"@id":"https:\/\/fashionmuseum.shop\/lv\/#website"},"primaryImageOfPage":{"@id":"https:\/\/fashionmuseum.shop\/lv\/prece\/%d0%b6%d0%b0%d0%bd%d0%bd%d0%b0-%d0%bb%d0%b0%d0%bd%d0%b2%d0%b5%d0%bd\/#primaryimage"},"image":{"@id":"https:\/\/fashionmuseum.shop\/lv\/prece\/%d0%b6%d0%b0%d0%bd%d0%bd%d0%b0-%d0%bb%d0%b0%d0%bd%d0%b2%d0%b5%d0%bd\/#primaryimage"},"thumbnailUrl":"https:\/\/i0.wp.com\/fashionmuseum.shop\/wp-content\/uploads\/2023\/12\/zhanna-lanven.jpg?fit=1000%2C1000&ssl=1","datePublished":"2023-12-20T09:48:23+00:00","dateModified":"2023-12-27T13:22:41+00:00","breadcrumb":{"@id":"https:\/\/fashionmuseum.shop\/lv\/prece\/%d0%b6%d0%b0%d0%bd%d0%bd%d0%b0-%d0%bb%d0%b0%d0%bd%d0%b2%d0%b5%d0%bd\/#breadcrumb"},"inLanguage":"lv-LV","potentialAction":[{"@type":"ReadAction","target":["https:\/\/fashionmuseum.shop\/lv\/prece\/%d0%b6%d0%b0%d0%bd%d0%bd%d0%b0-%d0%bb%d0%b0%d0%bd%d0%b2%d0%b5%d0%bd\/"]}]},{"@type":"ImageObject","inLanguage":"lv-LV","@id":"https:\/\/fashionmuseum.shop\/lv\/prece\/%d0%b6%d0%b0%d0%bd%d0%bd%d0%b0-%d0%bb%d0%b0%d0%bd%d0%b2%d0%b5%d0%bd\/#primaryimage","url":"https:\/\/i0.wp.com\/fashionmuseum.shop\/wp-content\/uploads\/2023\/12\/zhanna-lanven.jpg?fit=1000%2C1000&ssl=1","contentUrl":"https:\/\/i0.wp.com\/fashionmuseum.shop\/wp-content\/uploads\/2023\/12\/zhanna-lanven.jpg?fit=1000%2C1000&ssl=1","width":1000,"height":1000},{"@type":"BreadcrumbList","@id":"https:\/\/fashionmuseum.shop\/lv\/prece\/%d0%b6%d0%b0%d0%bd%d0%bd%d0%b0-%d0%bb%d0%b0%d0%bd%d0%b2%d0%b5%d0%bd\/#breadcrumb","itemListElement":[{"@type":"ListItem","position":1,"name":"Home","item":"https:\/\/fashionmuseum.shop\/lv\/"},{"@type":"ListItem","position":2,"name":"Products","item":"https:\/\/fashionmuseum.shop\/lv\/shop\/"},{"@type":"ListItem","position":3,"name":"\u0416\u0430\u043d\u043d\u0430 \u041b\u0430\u043d\u0432\u0435\u043d"}]},{"@type":"WebSite","@id":"https:\/\/fashionmuseum.shop\/lv\/#website","url":"https:\/\/fashionmuseum.shop\/lv\/","name":"Fashion Museum Online Store","description":"Fashion Museum Riga Online Store provides a wide selection of books about fashion and fashion history.","publisher":{"@id":"https:\/\/fashionmuseum.shop\/lv\/#organization"},"potentialAction":[{"@type":"SearchAction","target":{"@type":"EntryPoint","urlTemplate":"https:\/\/fashionmuseum.shop\/lv\/?s={search_term_string}"},"query-input":{"@type":"PropertyValueSpecification","valueRequired":true,"valueName":"search_term_string"}}],"inLanguage":"lv-LV"},{"@type":"Organization","@id":"https:\/\/fashionmuseum.shop\/lv\/#organization","name":"Modes muzejs","url":"https:\/\/fashionmuseum.shop\/lv\/","logo":{"@type":"ImageObject","inLanguage":"lv-LV","@id":"https:\/\/fashionmuseum.shop\/lv\/#\/schema\/logo\/image\/","url":"https:\/\/i1.wp.com\/fashionmuseum.shop\/wp-content\/uploads\/2020\/04\/apple-touch-icon.png?fit=180%2C180&ssl=1","contentUrl":"https:\/\/i1.wp.com\/fashionmuseum.shop\/wp-content\/uploads\/2020\/04\/apple-touch-icon.png?fit=180%2C180&ssl=1","width":180,"height":180,"caption":"Modes muzejs"},"image":{"@id":"https:\/\/fashionmuseum.shop\/lv\/#\/schema\/logo\/image\/"}}]}},"jetpack_publicize_connections":[],"jetpack_likes_enabled":false,"jetpack_sharing_enabled":true,"amp_enabled":true,"_links":{"self":[{"href":"https:\/\/fashionmuseum.shop\/lv\/wp-json\/wp\/v2\/product\/148568","targetHints":{"allow":["GET"]}}],"collection":[{"href":"https:\/\/fashionmuseum.shop\/lv\/wp-json\/wp\/v2\/product"}],"about":[{"href":"https:\/\/fashionmuseum.shop\/lv\/wp-json\/wp\/v2\/types\/product"}],"wp:featuredmedia":[{"embeddable":true,"href":"https:\/\/fashionmuseum.shop\/lv\/wp-json\/wp\/v2\/media\/148571"}],"wp:attachment":[{"href":"https:\/\/fashionmuseum.shop\/lv\/wp-json\/wp\/v2\/media?parent=148568"}],"wp:term":[{"taxonomy":"product_brand","embeddable":true,"href":"https:\/\/fashionmuseum.shop\/lv\/wp-json\/wp\/v2\/product_brand?post=148568"},{"taxonomy":"product_cat","embeddable":true,"href":"https:\/\/fashionmuseum.shop\/lv\/wp-json\/wp\/v2\/product_cat?post=148568"},{"taxonomy":"product_tag","embeddable":true,"href":"https:\/\/fashionmuseum.shop\/lv\/wp-json\/wp\/v2\/product_tag?post=148568"}],"curies":[{"name":"wp","href":"https:\/\/api.w.org\/{rel}","templated":true}]}}