{"id":148600,"date":"2023-12-23T15:29:39","date_gmt":"2023-12-23T13:29:39","guid":{"rendered":"https:\/\/fashionmuseum.shop\/?post_type=product&#038;p=148600"},"modified":"2023-12-27T15:19:50","modified_gmt":"2023-12-27T13:19:50","slug":"the-fashion-show-the-stories-invites-and-art-of-300-landmark-shows-copy","status":"publish","type":"product","link":"https:\/\/fashionmuseum.shop\/lv\/prece\/the-fashion-show-the-stories-invites-and-art-of-300-landmark-shows-copy\/","title":{"rendered":"Liberty. The History. Treasures From the Archives of the London"},"content":{"rendered":"<p><b><i>Izdev\u0113ja gr\u0101matas anot\u0101cija:<\/i><\/b><\/p>\n<p>With treasures from the Liberty archives including classic silk scarves, designs spanning over a century and original sketches for Liberty Art Fabrics, this is the official invitation into a London institution and a global icon.<\/p>\n<p><b>Liberty is the last word in bohemian luxury, a destination and brand celebrated for its unique blend of avant-garde design and expert craftsmanship.<\/b><\/p>\n<p><i>Liberty: The History<\/i>\u00a0celebrates the historic beginnings of the iconic store as well as their contemporary vision \u2013 from their &#8216;Eastern Bazaar&#8217; of objets d&#8217;art, rugs and textiles from Japan and the East to the brand&#8217;s association with the developing Art Nouveau movement, their whimsical window displays and quintessential Art Fabrics, to the innovations in design and printmaking and the savvy collaborations and creative direction that have kept Liberty at the forefront of the fashion world.<\/p>\n<p>With treasures from the Liberty archives including classic silk scarves, designs spanning over a century and original sketches for Liberty Art Fabrics, this is the official invitation into a London institution and a global icon.<\/p>\n<p><b>This deluxe edition features a cloth-bound hardback book, 10 exquisite art prints and a stunning collectible gift box.<\/b><\/p>\n<p>This book is brought by\u00a0<a href=\"https:\/\/fashionmuseum.shop\/lv\/publisher\/welbeck-publishing\/\"><strong>Welbeck Publishing<\/strong><\/a>, ISBN 9781802796070<\/p>\n","protected":false},"excerpt":{"rendered":"<p><a href=\"https:\/\/fashionmuseum.shop\/lv\/book-author\/marie-therese-rieber\/\"><strong>Marie-Therese Rieber<\/strong><\/a><\/p>\n<p><em><strong>K\u0101p\u0113c m\u0113s izv\u0113l\u0113j\u0101mies \u0161o gr\u0101matu:<\/strong><\/em><\/p>\n<p>Britu luksusa klases univers\u0101lveikalam \u201cLiberty\u201d, kur\u0161 tika atv\u0113rts t\u0101laj\u0101 1875. gad\u0101, bijusi milz\u012bga ietekme uz lieti\u0161\u0137\u0101s m\u0101kslas, dizaina un modes att\u012bst\u012bbu ne vien London\u0101, bet ar\u012b t\u0101lu \u0101rpus t\u0101s. S\u0101kotn\u0113ji austrumniecisku priek\u0161metu un audumu tirgot\u0101js, \u201cLiberty\u201d dr\u012bz vien piev\u0113rs\u0101s ar\u012b ap\u0123\u0113rba, rotu, m\u0113be\u013cu un auduma apdruku dizainam. \u0160is greznais, audum\u0101 iesietais un \u012bpa\u0161\u0101 k\u0101rb\u0101 iesai\u0146otais izdevums pied\u0101v\u0101 unik\u0101lu iesp\u0113ju iel\u016bkoties \u201cLiberty\u201d rado\u0161aj\u0101s aizkulis\u0113s un arh\u012bv\u0101. Izdevums, ko nov\u0113rt\u0113s izsmalcin\u0101ti modes un dizaina cien\u012bt\u0101ji!<\/p>\n","protected":false},"featured_media":149128,"template":"","meta":{"_coblocks_attr":"","_coblocks_dimensions":"","_coblocks_responsive_height":"","_coblocks_accordion_ie_support":"","_crdt_document":"","jetpack_publicize_message":"","jetpack_publicize_feature_enabled":true,"jetpack_social_post_already_shared":true,"jetpack_social_options":{"image_generator_settings":{"template":"highway","default_image_id":0,"font":"","enabled":false},"version":2},"_wpas_customize_per_network":false},"product_brand":[],"product_cat":[1611,2761,1605,2418],"product_tag":[3520,3881,3368],"class_list":{"0":"post-148600","1":"product","2":"type-product","3":"status-publish","4":"has-post-thumbnail","6":"product_cat-gramatas-anglu-valoda","7":"product_cat-gramatas-par-dizaina-vesturi","8":"product_cat-gramatas-par-modes-vesturi","9":"product_cat-gramatas","10":"product_tag-fashion-lv","11":"product_tag-gift-lv","12":"product_tag-vesture","13":"pa_book-author-marie-therese-rieber-lv","14":"pa_language-anglu","15":"pa_publisher-welbeck-publishing-lv","17":"first","18":"instock","19":"shipping-taxable","20":"purchasable","21":"product-type-simple"},"yoast_head":"<!-- This site is optimized with the Yoast SEO plugin v27.4 - https:\/\/yoast.com\/product\/yoast-seo-wordpress\/ -->\n<title>Liberty. The History. Treasures From the Archives of the London - Fashion Museum Riga Online Store<\/title>\n<meta name=\"robots\" content=\"index, follow, max-snippet:-1, max-image-preview:large, max-video-preview:-1\" \/>\n<link rel=\"canonical\" href=\"https:\/\/fashionmuseum.shop\/lv\/prece\/the-fashion-show-the-stories-invites-and-art-of-300-landmark-shows-copy\/\" \/>\n<meta property=\"og:locale\" content=\"lv_LV\" \/>\n<meta property=\"og:type\" content=\"article\" \/>\n<meta property=\"og:title\" content=\"Liberty. The History. Treasures From the Archives of the London - Fashion Museum Riga Online Store\" \/>\n<meta property=\"og:description\" content=\"Marie-Therese Rieber  K\u0101p\u0113c m\u0113s izv\u0113l\u0113j\u0101mies \u0161o gr\u0101matu:  Britu luksusa klases univers\u0101lveikalam \u201cLiberty\u201d, kur\u0161 tika atv\u0113rts t\u0101laj\u0101 1875. gad\u0101, bijusi milz\u012bga ietekme uz lieti\u0161\u0137\u0101s m\u0101kslas, dizaina un modes att\u012bst\u012bbu ne vien London\u0101, bet ar\u012b t\u0101lu \u0101rpus t\u0101s. S\u0101kotn\u0113ji austrumniecisku priek\u0161metu un audumu tirgot\u0101js, \u201cLiberty\u201d dr\u012bz vien piev\u0113rs\u0101s ar\u012b ap\u0123\u0113rba, rotu, m\u0113be\u013cu un auduma apdruku dizainam. \u0160is greznais, audum\u0101 iesietais un \u012bpa\u0161\u0101 k\u0101rb\u0101 iesai\u0146otais izdevums pied\u0101v\u0101 unik\u0101lu iesp\u0113ju iel\u016bkoties \u201cLiberty\u201d rado\u0161aj\u0101s aizkulis\u0113s un arh\u012bv\u0101. Izdevums, ko nov\u0113rt\u0113s izsmalcin\u0101ti modes un dizaina cien\u012bt\u0101ji!\" \/>\n<meta property=\"og:url\" content=\"https:\/\/fashionmuseum.shop\/lv\/prece\/the-fashion-show-the-stories-invites-and-art-of-300-landmark-shows-copy\/\" \/>\n<meta property=\"og:site_name\" content=\"Fashion Museum Riga Online Store\" \/>\n<meta property=\"article:modified_time\" content=\"2023-12-27T13:19:50+00:00\" \/>\n<meta property=\"og:image\" content=\"https:\/\/fashionmuseum.shop\/wp-content\/uploads\/2023\/12\/liberty.jpg\" \/>\n\t<meta property=\"og:image:width\" content=\"1000\" \/>\n\t<meta property=\"og:image:height\" content=\"1000\" \/>\n\t<meta property=\"og:image:type\" content=\"image\/jpeg\" \/>\n<meta name=\"twitter:card\" content=\"summary_large_image\" \/>\n<meta name=\"twitter:label1\" content=\"Est. reading time\" \/>\n\t<meta name=\"twitter:data1\" content=\"1 minute\" \/>\n<script type=\"application\/ld+json\" class=\"yoast-schema-graph\">{\"@context\":\"https:\\\/\\\/schema.org\",\"@graph\":[{\"@type\":\"WebPage\",\"@id\":\"https:\\\/\\\/fashionmuseum.shop\\\/lv\\\/prece\\\/the-fashion-show-the-stories-invites-and-art-of-300-landmark-shows-copy\\\/\",\"url\":\"https:\\\/\\\/fashionmuseum.shop\\\/lv\\\/prece\\\/the-fashion-show-the-stories-invites-and-art-of-300-landmark-shows-copy\\\/\",\"name\":\"Liberty. The History. Treasures From the Archives of the London - Fashion Museum Riga Online Store\",\"isPartOf\":{\"@id\":\"https:\\\/\\\/fashionmuseum.shop\\\/lv\\\/#website\"},\"primaryImageOfPage\":{\"@id\":\"https:\\\/\\\/fashionmuseum.shop\\\/lv\\\/prece\\\/the-fashion-show-the-stories-invites-and-art-of-300-landmark-shows-copy\\\/#primaryimage\"},\"image\":{\"@id\":\"https:\\\/\\\/fashionmuseum.shop\\\/lv\\\/prece\\\/the-fashion-show-the-stories-invites-and-art-of-300-landmark-shows-copy\\\/#primaryimage\"},\"thumbnailUrl\":\"https:\\\/\\\/i0.wp.com\\\/fashionmuseum.shop\\\/wp-content\\\/uploads\\\/2023\\\/12\\\/liberty.jpg?fit=1000%2C1000&ssl=1\",\"datePublished\":\"2023-12-23T13:29:39+00:00\",\"dateModified\":\"2023-12-27T13:19:50+00:00\",\"breadcrumb\":{\"@id\":\"https:\\\/\\\/fashionmuseum.shop\\\/lv\\\/prece\\\/the-fashion-show-the-stories-invites-and-art-of-300-landmark-shows-copy\\\/#breadcrumb\"},\"inLanguage\":\"lv-LV\",\"potentialAction\":[{\"@type\":\"ReadAction\",\"target\":[\"https:\\\/\\\/fashionmuseum.shop\\\/lv\\\/prece\\\/the-fashion-show-the-stories-invites-and-art-of-300-landmark-shows-copy\\\/\"]}]},{\"@type\":\"ImageObject\",\"inLanguage\":\"lv-LV\",\"@id\":\"https:\\\/\\\/fashionmuseum.shop\\\/lv\\\/prece\\\/the-fashion-show-the-stories-invites-and-art-of-300-landmark-shows-copy\\\/#primaryimage\",\"url\":\"https:\\\/\\\/i0.wp.com\\\/fashionmuseum.shop\\\/wp-content\\\/uploads\\\/2023\\\/12\\\/liberty.jpg?fit=1000%2C1000&ssl=1\",\"contentUrl\":\"https:\\\/\\\/i0.wp.com\\\/fashionmuseum.shop\\\/wp-content\\\/uploads\\\/2023\\\/12\\\/liberty.jpg?fit=1000%2C1000&ssl=1\",\"width\":1000,\"height\":1000},{\"@type\":\"BreadcrumbList\",\"@id\":\"https:\\\/\\\/fashionmuseum.shop\\\/lv\\\/prece\\\/the-fashion-show-the-stories-invites-and-art-of-300-landmark-shows-copy\\\/#breadcrumb\",\"itemListElement\":[{\"@type\":\"ListItem\",\"position\":1,\"name\":\"Home\",\"item\":\"https:\\\/\\\/fashionmuseum.shop\\\/lv\\\/\"},{\"@type\":\"ListItem\",\"position\":2,\"name\":\"Products\",\"item\":\"https:\\\/\\\/fashionmuseum.shop\\\/lv\\\/shop\\\/\"},{\"@type\":\"ListItem\",\"position\":3,\"name\":\"Liberty. The History. Treasures From the Archives of the London\"}]},{\"@type\":\"WebSite\",\"@id\":\"https:\\\/\\\/fashionmuseum.shop\\\/lv\\\/#website\",\"url\":\"https:\\\/\\\/fashionmuseum.shop\\\/lv\\\/\",\"name\":\"Fashion Museum Online Store\",\"description\":\"Fashion Museum Riga Online Store provides a wide selection of books about fashion and fashion history.\",\"publisher\":{\"@id\":\"https:\\\/\\\/fashionmuseum.shop\\\/lv\\\/#organization\"},\"potentialAction\":[{\"@type\":\"SearchAction\",\"target\":{\"@type\":\"EntryPoint\",\"urlTemplate\":\"https:\\\/\\\/fashionmuseum.shop\\\/lv\\\/?s={search_term_string}\"},\"query-input\":{\"@type\":\"PropertyValueSpecification\",\"valueRequired\":true,\"valueName\":\"search_term_string\"}}],\"inLanguage\":\"lv-LV\"},{\"@type\":\"Organization\",\"@id\":\"https:\\\/\\\/fashionmuseum.shop\\\/lv\\\/#organization\",\"name\":\"Modes muzejs\",\"url\":\"https:\\\/\\\/fashionmuseum.shop\\\/lv\\\/\",\"logo\":{\"@type\":\"ImageObject\",\"inLanguage\":\"lv-LV\",\"@id\":\"https:\\\/\\\/fashionmuseum.shop\\\/lv\\\/#\\\/schema\\\/logo\\\/image\\\/\",\"url\":\"https:\\\/\\\/i1.wp.com\\\/fashionmuseum.shop\\\/wp-content\\\/uploads\\\/2020\\\/04\\\/apple-touch-icon.png?fit=180%2C180&ssl=1\",\"contentUrl\":\"https:\\\/\\\/i1.wp.com\\\/fashionmuseum.shop\\\/wp-content\\\/uploads\\\/2020\\\/04\\\/apple-touch-icon.png?fit=180%2C180&ssl=1\",\"width\":180,\"height\":180,\"caption\":\"Modes muzejs\"},\"image\":{\"@id\":\"https:\\\/\\\/fashionmuseum.shop\\\/lv\\\/#\\\/schema\\\/logo\\\/image\\\/\"}}]}<\/script>\n<!-- \/ Yoast SEO plugin. -->","yoast_head_json":{"title":"Liberty. The History. Treasures From the Archives of the London - Fashion Museum Riga Online Store","robots":{"index":"index","follow":"follow","max-snippet":"max-snippet:-1","max-image-preview":"max-image-preview:large","max-video-preview":"max-video-preview:-1"},"canonical":"https:\/\/fashionmuseum.shop\/lv\/prece\/the-fashion-show-the-stories-invites-and-art-of-300-landmark-shows-copy\/","og_locale":"lv_LV","og_type":"article","og_title":"Liberty. The History. Treasures From the Archives of the London - Fashion Museum Riga Online Store","og_description":"Marie-Therese Rieber  K\u0101p\u0113c m\u0113s izv\u0113l\u0113j\u0101mies \u0161o gr\u0101matu:  Britu luksusa klases univers\u0101lveikalam \u201cLiberty\u201d, kur\u0161 tika atv\u0113rts t\u0101laj\u0101 1875. gad\u0101, bijusi milz\u012bga ietekme uz lieti\u0161\u0137\u0101s m\u0101kslas, dizaina un modes att\u012bst\u012bbu ne vien London\u0101, bet ar\u012b t\u0101lu \u0101rpus t\u0101s. S\u0101kotn\u0113ji austrumniecisku priek\u0161metu un audumu tirgot\u0101js, \u201cLiberty\u201d dr\u012bz vien piev\u0113rs\u0101s ar\u012b ap\u0123\u0113rba, rotu, m\u0113be\u013cu un auduma apdruku dizainam. \u0160is greznais, audum\u0101 iesietais un \u012bpa\u0161\u0101 k\u0101rb\u0101 iesai\u0146otais izdevums pied\u0101v\u0101 unik\u0101lu iesp\u0113ju iel\u016bkoties \u201cLiberty\u201d rado\u0161aj\u0101s aizkulis\u0113s un arh\u012bv\u0101. Izdevums, ko nov\u0113rt\u0113s izsmalcin\u0101ti modes un dizaina cien\u012bt\u0101ji!","og_url":"https:\/\/fashionmuseum.shop\/lv\/prece\/the-fashion-show-the-stories-invites-and-art-of-300-landmark-shows-copy\/","og_site_name":"Fashion Museum Riga Online Store","article_modified_time":"2023-12-27T13:19:50+00:00","og_image":[{"width":1000,"height":1000,"url":"https:\/\/fashionmuseum.shop\/wp-content\/uploads\/2023\/12\/liberty.jpg","type":"image\/jpeg"}],"twitter_card":"summary_large_image","twitter_misc":{"Est. reading time":"1 minute"},"schema":{"@context":"https:\/\/schema.org","@graph":[{"@type":"WebPage","@id":"https:\/\/fashionmuseum.shop\/lv\/prece\/the-fashion-show-the-stories-invites-and-art-of-300-landmark-shows-copy\/","url":"https:\/\/fashionmuseum.shop\/lv\/prece\/the-fashion-show-the-stories-invites-and-art-of-300-landmark-shows-copy\/","name":"Liberty. The History. Treasures From the Archives of the London - Fashion Museum Riga Online Store","isPartOf":{"@id":"https:\/\/fashionmuseum.shop\/lv\/#website"},"primaryImageOfPage":{"@id":"https:\/\/fashionmuseum.shop\/lv\/prece\/the-fashion-show-the-stories-invites-and-art-of-300-landmark-shows-copy\/#primaryimage"},"image":{"@id":"https:\/\/fashionmuseum.shop\/lv\/prece\/the-fashion-show-the-stories-invites-and-art-of-300-landmark-shows-copy\/#primaryimage"},"thumbnailUrl":"https:\/\/i0.wp.com\/fashionmuseum.shop\/wp-content\/uploads\/2023\/12\/liberty.jpg?fit=1000%2C1000&ssl=1","datePublished":"2023-12-23T13:29:39+00:00","dateModified":"2023-12-27T13:19:50+00:00","breadcrumb":{"@id":"https:\/\/fashionmuseum.shop\/lv\/prece\/the-fashion-show-the-stories-invites-and-art-of-300-landmark-shows-copy\/#breadcrumb"},"inLanguage":"lv-LV","potentialAction":[{"@type":"ReadAction","target":["https:\/\/fashionmuseum.shop\/lv\/prece\/the-fashion-show-the-stories-invites-and-art-of-300-landmark-shows-copy\/"]}]},{"@type":"ImageObject","inLanguage":"lv-LV","@id":"https:\/\/fashionmuseum.shop\/lv\/prece\/the-fashion-show-the-stories-invites-and-art-of-300-landmark-shows-copy\/#primaryimage","url":"https:\/\/i0.wp.com\/fashionmuseum.shop\/wp-content\/uploads\/2023\/12\/liberty.jpg?fit=1000%2C1000&ssl=1","contentUrl":"https:\/\/i0.wp.com\/fashionmuseum.shop\/wp-content\/uploads\/2023\/12\/liberty.jpg?fit=1000%2C1000&ssl=1","width":1000,"height":1000},{"@type":"BreadcrumbList","@id":"https:\/\/fashionmuseum.shop\/lv\/prece\/the-fashion-show-the-stories-invites-and-art-of-300-landmark-shows-copy\/#breadcrumb","itemListElement":[{"@type":"ListItem","position":1,"name":"Home","item":"https:\/\/fashionmuseum.shop\/lv\/"},{"@type":"ListItem","position":2,"name":"Products","item":"https:\/\/fashionmuseum.shop\/lv\/shop\/"},{"@type":"ListItem","position":3,"name":"Liberty. The History. Treasures From the Archives of the London"}]},{"@type":"WebSite","@id":"https:\/\/fashionmuseum.shop\/lv\/#website","url":"https:\/\/fashionmuseum.shop\/lv\/","name":"Fashion Museum Online Store","description":"Fashion Museum Riga Online Store provides a wide selection of books about fashion and fashion history.","publisher":{"@id":"https:\/\/fashionmuseum.shop\/lv\/#organization"},"potentialAction":[{"@type":"SearchAction","target":{"@type":"EntryPoint","urlTemplate":"https:\/\/fashionmuseum.shop\/lv\/?s={search_term_string}"},"query-input":{"@type":"PropertyValueSpecification","valueRequired":true,"valueName":"search_term_string"}}],"inLanguage":"lv-LV"},{"@type":"Organization","@id":"https:\/\/fashionmuseum.shop\/lv\/#organization","name":"Modes muzejs","url":"https:\/\/fashionmuseum.shop\/lv\/","logo":{"@type":"ImageObject","inLanguage":"lv-LV","@id":"https:\/\/fashionmuseum.shop\/lv\/#\/schema\/logo\/image\/","url":"https:\/\/i1.wp.com\/fashionmuseum.shop\/wp-content\/uploads\/2020\/04\/apple-touch-icon.png?fit=180%2C180&ssl=1","contentUrl":"https:\/\/i1.wp.com\/fashionmuseum.shop\/wp-content\/uploads\/2020\/04\/apple-touch-icon.png?fit=180%2C180&ssl=1","width":180,"height":180,"caption":"Modes muzejs"},"image":{"@id":"https:\/\/fashionmuseum.shop\/lv\/#\/schema\/logo\/image\/"}}]}},"jetpack_publicize_connections":[],"jetpack_likes_enabled":false,"jetpack_sharing_enabled":true,"amp_enabled":true,"_links":{"self":[{"href":"https:\/\/fashionmuseum.shop\/lv\/wp-json\/wp\/v2\/product\/148600","targetHints":{"allow":["GET"]}}],"collection":[{"href":"https:\/\/fashionmuseum.shop\/lv\/wp-json\/wp\/v2\/product"}],"about":[{"href":"https:\/\/fashionmuseum.shop\/lv\/wp-json\/wp\/v2\/types\/product"}],"wp:featuredmedia":[{"embeddable":true,"href":"https:\/\/fashionmuseum.shop\/lv\/wp-json\/wp\/v2\/media\/149128"}],"wp:attachment":[{"href":"https:\/\/fashionmuseum.shop\/lv\/wp-json\/wp\/v2\/media?parent=148600"}],"wp:term":[{"taxonomy":"product_brand","embeddable":true,"href":"https:\/\/fashionmuseum.shop\/lv\/wp-json\/wp\/v2\/product_brand?post=148600"},{"taxonomy":"product_cat","embeddable":true,"href":"https:\/\/fashionmuseum.shop\/lv\/wp-json\/wp\/v2\/product_cat?post=148600"},{"taxonomy":"product_tag","embeddable":true,"href":"https:\/\/fashionmuseum.shop\/lv\/wp-json\/wp\/v2\/product_tag?post=148600"}],"curies":[{"name":"wp","href":"https:\/\/api.w.org\/{rel}","templated":true}]}}