{"id":149428,"date":"2024-01-11T13:53:51","date_gmt":"2024-01-11T11:53:51","guid":{"rendered":"https:\/\/fashionmuseum.shop\/?post_type=product&#038;p=149428"},"modified":"2024-01-11T16:08:46","modified_gmt":"2024-01-11T14:08:46","slug":"%d0%b6%d0%b5%d0%bd%d1%89%d0%b8%d0%bd%d0%b0-%d0%ba%d0%be%d1%82%d0%be%d1%80%d0%be%d0%b9-%d1%8f-%d1%85%d0%be%d1%82%d0%b5%d0%bb%d0%b0-%d1%81%d1%82%d0%b0%d1%82%d1%8c","status":"publish","type":"product","link":"https:\/\/fashionmuseum.shop\/lv\/prece\/%d0%b6%d0%b5%d0%bd%d1%89%d0%b8%d0%bd%d0%b0-%d0%ba%d0%be%d1%82%d0%be%d1%80%d0%be%d0%b9-%d1%8f-%d1%85%d0%be%d1%82%d0%b5%d0%bb%d0%b0-%d1%81%d1%82%d0%b0%d1%82%d1%8c\/","title":{"rendered":"\u0416\u0435\u043d\u0449\u0438\u043d\u0430, \u043a\u043e\u0442\u043e\u0440\u043e\u0439 \u044f \u0445\u043e\u0442\u0435\u043b\u0430 \u0441\u0442\u0430\u0442\u044c"},"content":{"rendered":"<p><em><strong>Izdev\u0113ja gr\u0101matas anot\u0101cija:<\/strong><\/em><\/p>\n<p>\u00ab\u0416\u0435\u043d\u0449\u0438\u043d\u0430, \u043a\u043e\u0442\u043e\u0440\u043e\u0439 \u044f \u0445\u043e\u0442\u0435\u043b\u0430 \u0441\u0442\u0430\u0442\u044c\u00bb \u2013 \u043a\u043d\u0438\u0433\u0430 \u0432\u043e\u0441\u043f\u043e\u043c\u0438\u043d\u0430\u043d\u0438\u0439 \u0430\u043c\u0435\u0440\u0438\u043a\u0430\u043d\u0441\u043a\u043e\u0433\u043e \u0434\u0438\u0437\u0430\u0439\u043d\u0435\u0440\u0430 \u0414\u0438\u0430\u043d\u044b \u0444\u043e\u043d \u0424\u044e\u0440\u0441\u0442\u0435\u043d\u0431\u0435\u0440\u0433, \u043d\u0430\u043f\u0438\u0441\u0430\u043d\u043d\u0430\u044f \u0435\u044e \u0432 67 \u043b\u0435\u0442. \u0412 \u043d\u0435\u0439 \u043e\u0434\u043d\u0430 \u0438\u0437 \u0441\u0430\u043c\u044b\u0445 \u0432\u043b\u0438\u044f\u0442\u0435\u043b\u044c\u043d\u044b\u0445 \u0436\u0435\u043d\u0449\u0438\u043d \u0432 \u043c\u0438\u0440\u0435 \u043c\u043e\u0434\u044b \u0440\u0430\u0441\u0441\u043a\u0430\u0437\u0430\u043b\u0430 \u043e \u0441\u0432\u043e\u0435\u043c \u0441\u0442\u0430\u043d\u043e\u0432\u043b\u0435\u043d\u0438\u0438 \u0438 \u043f\u043e\u043d\u0438\u043c\u0430\u043d\u0438\u0438 \u0441\u0435\u0431\u044f \u043a\u0430\u043a \u0436\u0435\u043d\u0449\u0438\u043d\u044b, \u0430 \u0442\u0430\u043a\u0436\u0435 \u043e \u043f\u0443\u0442\u0438, \u0441\u043e\u0431\u044b\u0442\u0438\u044f\u0445 \u0438 \u043b\u044e\u0434\u044f\u0445, \u043a\u043e\u0442\u043e\u0440\u044b\u0435 \u0435\u0439 \u0432 \u044d\u0442\u043e\u043c \u043f\u043e\u043c\u043e\u0433\u043b\u0438.<br \/>\n\u0414\u0438\u0430\u043d\u0430 \u0444\u043e\u043d \u0424\u044e\u0440\u0441\u0442\u0435\u043d\u0431\u0435\u0440\u0433 \u0434\u0435\u043b\u0438\u0442\u0441\u044f \u0438\u0441\u0442\u043e\u0440\u0438\u0435\u0439 \u0441\u0432\u043e\u0435\u0439 \u0441\u0438\u043b\u044c\u043d\u043e\u0439 \u043c\u0430\u0442\u0435\u0440\u0438, \u043f\u0435\u0440\u0435\u0436\u0438\u0432\u0448\u0435\u0439 \u0443\u0436\u0430\u0441\u044b \u043a\u043e\u043d\u0446\u0435\u043d\u0442\u0440\u0430\u0446\u0438\u043e\u043d\u043d\u044b\u0445 \u043b\u0430\u0433\u0435\u0440\u0435\u0439 \u0438 \u043d\u0430\u0443\u0447\u0438\u0432\u0448\u0435\u0439 \u0435\u0435 \u0435\u0449\u0435 \u0434\u0435\u0432\u043e\u0447\u043a\u043e\u0439 \u0441\u0432\u043e\u0431\u043e\u0434\u0435 \u0438 \u0441\u0430\u043c\u043e\u0441\u0442\u043e\u044f\u0442\u0435\u043b\u044c\u043d\u043e\u0441\u0442\u0438, \u0431\u043b\u0430\u0433\u043e\u0434\u0430\u0440\u044f \u043a\u043e\u0442\u043e\u0440\u044b\u043c \u0441\u0430\u043c\u0430 \u043a\u043e\u0433\u0434\u0430-\u0442\u043e \u0441\u043c\u043e\u0433\u043b\u0430 \u0432\u044b\u0436\u0438\u0442\u044c. \u0412\u0441\u043f\u043e\u043c\u0438\u043d\u0430\u0435\u0442 \u0431\u0440\u0430\u043a \u0441 \u0430\u0432\u0441\u0442\u0440\u0438\u0439\u0441\u043a\u0438\u043c \u043f\u0440\u0438\u043d\u0446\u0435\u043c, \u0432 \u043a\u043e\u0442\u043e\u0440\u043e\u043c, \u043d\u0435 \u0441\u043c\u043e\u0442\u0440\u044f \u043d\u0430 \u043b\u044e\u0431\u043e\u0432\u044c \u0438 \u043f\u0440\u0438\u0432\u0438\u043b\u0435\u0433\u0438\u0438, \u043e\u0441\u043e\u0437\u043d\u0430\u043b\u0430, \u0447\u0442\u043e \u0445\u043e\u0447\u0435\u0442 \u0431\u044b\u0442\u044c \u00ab\u043e\u0434\u043d\u043e\u0439 \u0438\u0437 \u0442\u0435\u0445 \u0441\u0430\u043c\u043e\u0434\u043e\u0441\u0442\u0430\u0442\u043e\u0447\u043d\u044b\u0445 \u0436\u0435\u043d\u0449\u0438\u043d, \u043a\u043e\u0442\u043e\u0440\u044b\u0435 \u043d\u0435 \u043f\u043e\u043b\u0430\u0433\u0430\u044e\u0442\u0441\u044f \u043d\u0430 \u0434\u0440\u0443\u0433\u043e\u0433\u043e \u0447\u0435\u043b\u043e\u0432\u0435\u043a\u0430 \u0432 \u043e\u043f\u043b\u0430\u0442\u0435 \u0441\u0447\u0435\u0442\u043e\u0432\u00bb. \u0420\u0430\u0441\u043a\u0440\u044b\u0432\u0430\u0435\u0442 \u043f\u043e\u0434\u0440\u043e\u0431\u043d\u043e\u0441\u0442\u0438 \u0441\u043e\u0437\u0434\u0430\u043d\u0438\u044f \u0433\u043b\u043e\u0431\u0430\u043b\u044c\u043d\u043e\u0433\u043e \u0431\u0440\u0435\u043d\u0434\u0430 DVF \u0438 \u043b\u0435\u0433\u0435\u043d\u0434\u0430\u0440\u043d\u043e\u0433\u043e \u043f\u043b\u0430\u0442\u044c\u044f \u0441 \u0437\u0430\u043f\u0430\u0445\u043e\u043c, \u0440\u0430\u0441\u0441\u0443\u0436\u0434\u0430\u044f, \u043f\u043e\u0447\u0435\u043c\u0443 \u043e\u043d\u043e \u0441\u0442\u0430\u043b\u043e \u0441\u0438\u043c\u0432\u043e\u043b\u043e\u043c \u043d\u0435\u0437\u0430\u0432\u0438\u0441\u0438\u043c\u043e\u0441\u0442\u0438 \u0434\u043b\u044f \u043d\u0435\u0435 \u0441\u0430\u043c\u043e\u0439 \u0438 \u0434\u043b\u044f \u0446\u0435\u043b\u043e\u0433\u043e \u043f\u043e\u043a\u043e\u043b\u0435\u043d\u0438\u044f \u0436\u0435\u043d\u0449\u0438\u043d. \u0413\u043e\u0432\u043e\u0440\u0438\u0442 \u043e\u0431 \u043e\u043d\u043a\u043e\u043b\u043e\u0433\u0438\u0438, \u043a\u043e\u0442\u043e\u0440\u0430\u044f \u043f\u043e\u043c\u043e\u0433\u043b\u0430 \u0435\u0439 \u0437\u0430\u043d\u043e\u0432\u043e \u0443\u0437\u043d\u0430\u0442\u044c \u0441\u0435\u0431\u044f \u0438 \u043f\u043e\u043d\u044f\u0442\u044c, \u0447\u0442\u043e \u0441\u0430\u043c\u044b\u0439 \u0431\u043b\u0438\u0437\u043a\u0438\u0439 \u0447\u0435\u043b\u043e\u0432\u0435\u043a \u043a\u0430\u0436\u0434\u043e\u0433\u043e \u0438\u0437 \u043d\u0430\u0441 \u2013 \u044d\u0442\u043e \u043c\u044b \u0441\u0430\u043c\u0438, \u0442\u0435, \u043a\u0442\u043e \u043f\u043e-\u043d\u0430\u0441\u0442\u043e\u044f\u0449\u0435\u043c\u0443 \u0447\u0443\u0432\u0441\u0442\u0432\u0443\u0435\u0442, \u043a\u043e\u0433\u0434\u0430 \u043d\u0430\u043c \u0441\u0442\u0440\u0430\u0448\u043d\u043e \u0438 \u043e\u0434\u0438\u043d\u043e\u043a\u043e. \u041e\u0431\u044a\u044f\u0441\u043d\u044f\u0435\u0442, \u043f\u043e\u0447\u0435\u043c\u0443 \u043f\u043e\u0441\u0432\u044f\u0442\u0438\u043b\u0430 \u0441\u0435\u0431\u044f \u0431\u043e\u0440\u044c\u0431\u0435 \u0437\u0430 \u043f\u0440\u0430\u0432\u0430 \u0438 \u0432\u043e\u0437\u043c\u043e\u0436\u043d\u043e\u0441\u0442\u0438 \u0434\u0440\u0443\u0433\u0438\u0445 \u0436\u0435\u043d\u0449\u0438\u043d, \u043e\u0431\u0440\u0430\u0449\u0430\u044f\u0441\u044c \u043a \u0447\u0438\u0442\u0430\u0442\u0435\u043b\u044c\u043d\u0438\u0446\u0430\u043c: \u00ab\u042f \u0445\u043e\u0447\u0443, \u0447\u0442\u043e\u0431\u044b \u043a\u0430\u0436\u0434\u0430\u044f \u0438\u0437 \u0432\u0430\u0441 \u0437\u043d\u0430\u043b\u0430, \u0447\u0442\u043e \u0432\u044b \u043c\u043e\u0436\u0435\u0442 \u0431\u044b\u0442\u044c \u0442\u043e\u0439 \u0436\u0435\u043d\u0449\u0438\u043d\u043e\u0439, \u043a\u043e\u0442\u043e\u0440\u043e\u0439 \u0445\u043e\u0442\u0438\u0442\u0435 \u0441\u0442\u0430\u0442\u044c\u00bb.<\/p>\n<p>This book is brought by\u00a0<strong><a href=\"https:\/\/fashionmuseum.shop\/lv\/publisher\/%D0%BE%D0%B4%D1%80%D0%B8\/\">\u041e\u0434\u0440\u0438<\/a><\/strong>, ISBN 978-5-04-117470-5<\/p>\n","protected":false},"excerpt":{"rendered":"<p>by <strong><a href=\"https:\/\/fashionmuseum.shop\/lv\/book-author\/%D0%B4%D0%B8%D0%BE%D1%80-%D0%BA%D1%80%D0%B8%D1%81%D1%82%D0%B8%D0%B0%D0%BD\/\">\u0414\u0438\u0430\u043d\u0430 \u0424\u044e\u0440\u0441\u0442\u0435\u043d\u0431\u0435\u0440\u0433<\/a><\/strong><\/p>\n<p><em><strong>K\u0101p\u0113c m\u0113s izv\u0113l\u0113j\u0101mies \u0161o gr\u0101matu:<\/strong><\/em><\/p>\n<p>Be\u013c\u0123ij\u0101 dzimus\u012b modes dizainere ar aristokr\u0101tisko uzv\u0101rdu alla\u017e tiekusies veidot savu dz\u012bvi pati \u2013 pat tad, kad bija prec\u0113jusies ar v\u0101cu princi. Atmi\u0146u gr\u0101mat\u0101 Daiana fon Firstenberga st\u0101sta par noz\u012bm\u012bg\u0101kajiem pav\u0113rsieniem sav\u0101 dz\u012bv\u0113, k\u0101 ar\u012b par darbu modes biznes\u0101, kas aizs\u0101k\u0101s ar\u2026 pa\u0161as izdom\u0101t\u0101m kleit\u0101m pilnu \u010demod\u0101nu. Iedvesmojo\u0161s st\u0101sts par sap\u0146u \u012bsteno\u0161anu, neatlaid\u012bbu un m\u0113r\u0137tiec\u012bbu!<\/p>\n","protected":false},"featured_media":157989,"template":"","meta":{"_coblocks_attr":"","_coblocks_dimensions":"","_coblocks_responsive_height":"","_coblocks_accordion_ie_support":"","_crdt_document":"","jetpack_post_was_ever_published":false,"jetpack_publicize_message":"","jetpack_publicize_feature_enabled":true,"jetpack_social_post_already_shared":true,"jetpack_social_options":{"image_generator_settings":{"template":"highway","default_image_id":0,"font":"","enabled":false},"version":2},"_wpas_customize_per_network":false},"product_brand":[],"product_cat":[1613,1603,1605],"product_tag":[3907,3520,3881],"class_list":{"0":"post-149428","1":"product","2":"type-product","3":"status-publish","4":"has-post-thumbnail","6":"product_cat-gramatas-krievu-valoda","7":"product_cat-gramatas-par-modes-dizaineriem","8":"product_cat-gramatas-par-modes-vesturi","9":"product_tag-biography-lv","10":"product_tag-fashion-lv","11":"product_tag-gift-lv","12":"pa_book-author---lv","13":"pa_language-krievu","14":"pa_publisher--lv","16":"first","17":"instock","18":"shipping-taxable","19":"purchasable","20":"product-type-simple"},"yoast_head":"<!-- This site is optimized with the Yoast SEO plugin v27.2 - https:\/\/yoast.com\/product\/yoast-seo-wordpress\/ -->\n<title>\u0416\u0435\u043d\u0449\u0438\u043d\u0430, \u043a\u043e\u0442\u043e\u0440\u043e\u0439 \u044f \u0445\u043e\u0442\u0435\u043b\u0430 \u0441\u0442\u0430\u0442\u044c - Fashion Museum Riga Online Store<\/title>\n<meta name=\"robots\" content=\"index, follow, max-snippet:-1, max-image-preview:large, max-video-preview:-1\" \/>\n<link rel=\"canonical\" href=\"https:\/\/fashionmuseum.shop\/lv\/prece\/%d0%b6%d0%b5%d0%bd%d1%89%d0%b8%d0%bd%d0%b0-%d0%ba%d0%be%d1%82%d0%be%d1%80%d0%be%d0%b9-%d1%8f-%d1%85%d0%be%d1%82%d0%b5%d0%bb%d0%b0-%d1%81%d1%82%d0%b0%d1%82%d1%8c\/\" \/>\n<meta property=\"og:locale\" content=\"lv_LV\" \/>\n<meta property=\"og:type\" content=\"article\" \/>\n<meta property=\"og:title\" content=\"\u0416\u0435\u043d\u0449\u0438\u043d\u0430, \u043a\u043e\u0442\u043e\u0440\u043e\u0439 \u044f \u0445\u043e\u0442\u0435\u043b\u0430 \u0441\u0442\u0430\u0442\u044c - Fashion Museum Riga Online Store\" \/>\n<meta property=\"og:description\" content=\"by \u0414\u0438\u0430\u043d\u0430 \u0424\u044e\u0440\u0441\u0442\u0435\u043d\u0431\u0435\u0440\u0433  K\u0101p\u0113c m\u0113s izv\u0113l\u0113j\u0101mies \u0161o gr\u0101matu:  Be\u013c\u0123ij\u0101 dzimus\u012b modes dizainere ar aristokr\u0101tisko uzv\u0101rdu alla\u017e tiekusies veidot savu dz\u012bvi pati \u2013 pat tad, kad bija prec\u0113jusies ar v\u0101cu princi. Atmi\u0146u gr\u0101mat\u0101 Daiana fon Firstenberga st\u0101sta par noz\u012bm\u012bg\u0101kajiem pav\u0113rsieniem sav\u0101 dz\u012bv\u0113, k\u0101 ar\u012b par darbu modes biznes\u0101, kas aizs\u0101k\u0101s ar\u2026 pa\u0161as izdom\u0101t\u0101m kleit\u0101m pilnu \u010demod\u0101nu. Iedvesmojo\u0161s st\u0101sts par sap\u0146u \u012bsteno\u0161anu, neatlaid\u012bbu un m\u0113r\u0137tiec\u012bbu!\" \/>\n<meta property=\"og:url\" content=\"https:\/\/fashionmuseum.shop\/lv\/prece\/%d0%b6%d0%b5%d0%bd%d1%89%d0%b8%d0%bd%d0%b0-%d0%ba%d0%be%d1%82%d0%be%d1%80%d0%be%d0%b9-%d1%8f-%d1%85%d0%be%d1%82%d0%b5%d0%bb%d0%b0-%d1%81%d1%82%d0%b0%d1%82%d1%8c\/\" \/>\n<meta property=\"og:site_name\" content=\"Fashion Museum Riga Online Store\" \/>\n<meta property=\"article:modified_time\" content=\"2024-01-11T14:08:46+00:00\" \/>\n<meta property=\"og:image\" content=\"https:\/\/fashionmuseum.shop\/wp-content\/uploads\/2024\/01\/cover1__w820.jpg\" \/>\n\t<meta property=\"og:image:width\" content=\"820\" \/>\n\t<meta property=\"og:image:height\" content=\"1179\" \/>\n\t<meta property=\"og:image:type\" content=\"image\/jpeg\" \/>\n<meta name=\"twitter:card\" content=\"summary_large_image\" \/>\n<script type=\"application\/ld+json\" class=\"yoast-schema-graph\">{\"@context\":\"https:\/\/schema.org\",\"@graph\":[{\"@type\":\"WebPage\",\"@id\":\"https:\/\/fashionmuseum.shop\/lv\/prece\/%d0%b6%d0%b5%d0%bd%d1%89%d0%b8%d0%bd%d0%b0-%d0%ba%d0%be%d1%82%d0%be%d1%80%d0%be%d0%b9-%d1%8f-%d1%85%d0%be%d1%82%d0%b5%d0%bb%d0%b0-%d1%81%d1%82%d0%b0%d1%82%d1%8c\/\",\"url\":\"https:\/\/fashionmuseum.shop\/lv\/prece\/%d0%b6%d0%b5%d0%bd%d1%89%d0%b8%d0%bd%d0%b0-%d0%ba%d0%be%d1%82%d0%be%d1%80%d0%be%d0%b9-%d1%8f-%d1%85%d0%be%d1%82%d0%b5%d0%bb%d0%b0-%d1%81%d1%82%d0%b0%d1%82%d1%8c\/\",\"name\":\"\u0416\u0435\u043d\u0449\u0438\u043d\u0430, \u043a\u043e\u0442\u043e\u0440\u043e\u0439 \u044f \u0445\u043e\u0442\u0435\u043b\u0430 \u0441\u0442\u0430\u0442\u044c - Fashion Museum Riga Online Store\",\"isPartOf\":{\"@id\":\"https:\/\/fashionmuseum.shop\/lv\/#website\"},\"primaryImageOfPage\":{\"@id\":\"https:\/\/fashionmuseum.shop\/lv\/prece\/%d0%b6%d0%b5%d0%bd%d1%89%d0%b8%d0%bd%d0%b0-%d0%ba%d0%be%d1%82%d0%be%d1%80%d0%be%d0%b9-%d1%8f-%d1%85%d0%be%d1%82%d0%b5%d0%bb%d0%b0-%d1%81%d1%82%d0%b0%d1%82%d1%8c\/#primaryimage\"},\"image\":{\"@id\":\"https:\/\/fashionmuseum.shop\/lv\/prece\/%d0%b6%d0%b5%d0%bd%d1%89%d0%b8%d0%bd%d0%b0-%d0%ba%d0%be%d1%82%d0%be%d1%80%d0%be%d0%b9-%d1%8f-%d1%85%d0%be%d1%82%d0%b5%d0%bb%d0%b0-%d1%81%d1%82%d0%b0%d1%82%d1%8c\/#primaryimage\"},\"thumbnailUrl\":\"https:\/\/i0.wp.com\/fashionmuseum.shop\/wp-content\/uploads\/2024\/01\/zhenschina-kotoroj-ja-hotela-statj.jpg?fit=1000%2C1000&ssl=1\",\"datePublished\":\"2024-01-11T11:53:51+00:00\",\"dateModified\":\"2024-01-11T14:08:46+00:00\",\"breadcrumb\":{\"@id\":\"https:\/\/fashionmuseum.shop\/lv\/prece\/%d0%b6%d0%b5%d0%bd%d1%89%d0%b8%d0%bd%d0%b0-%d0%ba%d0%be%d1%82%d0%be%d1%80%d0%be%d0%b9-%d1%8f-%d1%85%d0%be%d1%82%d0%b5%d0%bb%d0%b0-%d1%81%d1%82%d0%b0%d1%82%d1%8c\/#breadcrumb\"},\"inLanguage\":\"lv-LV\",\"potentialAction\":[{\"@type\":\"ReadAction\",\"target\":[\"https:\/\/fashionmuseum.shop\/lv\/prece\/%d0%b6%d0%b5%d0%bd%d1%89%d0%b8%d0%bd%d0%b0-%d0%ba%d0%be%d1%82%d0%be%d1%80%d0%be%d0%b9-%d1%8f-%d1%85%d0%be%d1%82%d0%b5%d0%bb%d0%b0-%d1%81%d1%82%d0%b0%d1%82%d1%8c\/\"]}]},{\"@type\":\"ImageObject\",\"inLanguage\":\"lv-LV\",\"@id\":\"https:\/\/fashionmuseum.shop\/lv\/prece\/%d0%b6%d0%b5%d0%bd%d1%89%d0%b8%d0%bd%d0%b0-%d0%ba%d0%be%d1%82%d0%be%d1%80%d0%be%d0%b9-%d1%8f-%d1%85%d0%be%d1%82%d0%b5%d0%bb%d0%b0-%d1%81%d1%82%d0%b0%d1%82%d1%8c\/#primaryimage\",\"url\":\"https:\/\/i0.wp.com\/fashionmuseum.shop\/wp-content\/uploads\/2024\/01\/zhenschina-kotoroj-ja-hotela-statj.jpg?fit=1000%2C1000&ssl=1\",\"contentUrl\":\"https:\/\/i0.wp.com\/fashionmuseum.shop\/wp-content\/uploads\/2024\/01\/zhenschina-kotoroj-ja-hotela-statj.jpg?fit=1000%2C1000&ssl=1\",\"width\":1000,\"height\":1000},{\"@type\":\"BreadcrumbList\",\"@id\":\"https:\/\/fashionmuseum.shop\/lv\/prece\/%d0%b6%d0%b5%d0%bd%d1%89%d0%b8%d0%bd%d0%b0-%d0%ba%d0%be%d1%82%d0%be%d1%80%d0%be%d0%b9-%d1%8f-%d1%85%d0%be%d1%82%d0%b5%d0%bb%d0%b0-%d1%81%d1%82%d0%b0%d1%82%d1%8c\/#breadcrumb\",\"itemListElement\":[{\"@type\":\"ListItem\",\"position\":1,\"name\":\"Home\",\"item\":\"https:\/\/fashionmuseum.shop\/lv\/\"},{\"@type\":\"ListItem\",\"position\":2,\"name\":\"Products\",\"item\":\"https:\/\/fashionmuseum.shop\/lv\/shop\/\"},{\"@type\":\"ListItem\",\"position\":3,\"name\":\"\u0416\u0435\u043d\u0449\u0438\u043d\u0430, \u043a\u043e\u0442\u043e\u0440\u043e\u0439 \u044f \u0445\u043e\u0442\u0435\u043b\u0430 \u0441\u0442\u0430\u0442\u044c\"}]},{\"@type\":\"WebSite\",\"@id\":\"https:\/\/fashionmuseum.shop\/lv\/#website\",\"url\":\"https:\/\/fashionmuseum.shop\/lv\/\",\"name\":\"Fashion Museum Online Store\",\"description\":\"Fashion Museum Riga Online Store provides a wide selection of books about fashion and fashion history.\",\"publisher\":{\"@id\":\"https:\/\/fashionmuseum.shop\/lv\/#organization\"},\"potentialAction\":[{\"@type\":\"SearchAction\",\"target\":{\"@type\":\"EntryPoint\",\"urlTemplate\":\"https:\/\/fashionmuseum.shop\/lv\/?s={search_term_string}\"},\"query-input\":{\"@type\":\"PropertyValueSpecification\",\"valueRequired\":true,\"valueName\":\"search_term_string\"}}],\"inLanguage\":\"lv-LV\"},{\"@type\":\"Organization\",\"@id\":\"https:\/\/fashionmuseum.shop\/lv\/#organization\",\"name\":\"Modes muzejs\",\"url\":\"https:\/\/fashionmuseum.shop\/lv\/\",\"logo\":{\"@type\":\"ImageObject\",\"inLanguage\":\"lv-LV\",\"@id\":\"https:\/\/fashionmuseum.shop\/lv\/#\/schema\/logo\/image\/\",\"url\":\"https:\/\/i1.wp.com\/fashionmuseum.shop\/wp-content\/uploads\/2020\/04\/apple-touch-icon.png?fit=180%2C180&ssl=1\",\"contentUrl\":\"https:\/\/i1.wp.com\/fashionmuseum.shop\/wp-content\/uploads\/2020\/04\/apple-touch-icon.png?fit=180%2C180&ssl=1\",\"width\":180,\"height\":180,\"caption\":\"Modes muzejs\"},\"image\":{\"@id\":\"https:\/\/fashionmuseum.shop\/lv\/#\/schema\/logo\/image\/\"}}]}<\/script>\n<!-- \/ Yoast SEO plugin. -->","yoast_head_json":{"title":"\u0416\u0435\u043d\u0449\u0438\u043d\u0430, \u043a\u043e\u0442\u043e\u0440\u043e\u0439 \u044f \u0445\u043e\u0442\u0435\u043b\u0430 \u0441\u0442\u0430\u0442\u044c - Fashion Museum Riga Online Store","robots":{"index":"index","follow":"follow","max-snippet":"max-snippet:-1","max-image-preview":"max-image-preview:large","max-video-preview":"max-video-preview:-1"},"canonical":"https:\/\/fashionmuseum.shop\/lv\/prece\/%d0%b6%d0%b5%d0%bd%d1%89%d0%b8%d0%bd%d0%b0-%d0%ba%d0%be%d1%82%d0%be%d1%80%d0%be%d0%b9-%d1%8f-%d1%85%d0%be%d1%82%d0%b5%d0%bb%d0%b0-%d1%81%d1%82%d0%b0%d1%82%d1%8c\/","og_locale":"lv_LV","og_type":"article","og_title":"\u0416\u0435\u043d\u0449\u0438\u043d\u0430, \u043a\u043e\u0442\u043e\u0440\u043e\u0439 \u044f \u0445\u043e\u0442\u0435\u043b\u0430 \u0441\u0442\u0430\u0442\u044c - Fashion Museum Riga Online Store","og_description":"by \u0414\u0438\u0430\u043d\u0430 \u0424\u044e\u0440\u0441\u0442\u0435\u043d\u0431\u0435\u0440\u0433  K\u0101p\u0113c m\u0113s izv\u0113l\u0113j\u0101mies \u0161o gr\u0101matu:  Be\u013c\u0123ij\u0101 dzimus\u012b modes dizainere ar aristokr\u0101tisko uzv\u0101rdu alla\u017e tiekusies veidot savu dz\u012bvi pati \u2013 pat tad, kad bija prec\u0113jusies ar v\u0101cu princi. Atmi\u0146u gr\u0101mat\u0101 Daiana fon Firstenberga st\u0101sta par noz\u012bm\u012bg\u0101kajiem pav\u0113rsieniem sav\u0101 dz\u012bv\u0113, k\u0101 ar\u012b par darbu modes biznes\u0101, kas aizs\u0101k\u0101s ar\u2026 pa\u0161as izdom\u0101t\u0101m kleit\u0101m pilnu \u010demod\u0101nu. Iedvesmojo\u0161s st\u0101sts par sap\u0146u \u012bsteno\u0161anu, neatlaid\u012bbu un m\u0113r\u0137tiec\u012bbu!","og_url":"https:\/\/fashionmuseum.shop\/lv\/prece\/%d0%b6%d0%b5%d0%bd%d1%89%d0%b8%d0%bd%d0%b0-%d0%ba%d0%be%d1%82%d0%be%d1%80%d0%be%d0%b9-%d1%8f-%d1%85%d0%be%d1%82%d0%b5%d0%bb%d0%b0-%d1%81%d1%82%d0%b0%d1%82%d1%8c\/","og_site_name":"Fashion Museum Riga Online Store","article_modified_time":"2024-01-11T14:08:46+00:00","og_image":[{"width":820,"height":1179,"url":"https:\/\/fashionmuseum.shop\/wp-content\/uploads\/2024\/01\/cover1__w820.jpg","type":"image\/jpeg"}],"twitter_card":"summary_large_image","schema":{"@context":"https:\/\/schema.org","@graph":[{"@type":"WebPage","@id":"https:\/\/fashionmuseum.shop\/lv\/prece\/%d0%b6%d0%b5%d0%bd%d1%89%d0%b8%d0%bd%d0%b0-%d0%ba%d0%be%d1%82%d0%be%d1%80%d0%be%d0%b9-%d1%8f-%d1%85%d0%be%d1%82%d0%b5%d0%bb%d0%b0-%d1%81%d1%82%d0%b0%d1%82%d1%8c\/","url":"https:\/\/fashionmuseum.shop\/lv\/prece\/%d0%b6%d0%b5%d0%bd%d1%89%d0%b8%d0%bd%d0%b0-%d0%ba%d0%be%d1%82%d0%be%d1%80%d0%be%d0%b9-%d1%8f-%d1%85%d0%be%d1%82%d0%b5%d0%bb%d0%b0-%d1%81%d1%82%d0%b0%d1%82%d1%8c\/","name":"\u0416\u0435\u043d\u0449\u0438\u043d\u0430, \u043a\u043e\u0442\u043e\u0440\u043e\u0439 \u044f \u0445\u043e\u0442\u0435\u043b\u0430 \u0441\u0442\u0430\u0442\u044c - Fashion Museum Riga Online Store","isPartOf":{"@id":"https:\/\/fashionmuseum.shop\/lv\/#website"},"primaryImageOfPage":{"@id":"https:\/\/fashionmuseum.shop\/lv\/prece\/%d0%b6%d0%b5%d0%bd%d1%89%d0%b8%d0%bd%d0%b0-%d0%ba%d0%be%d1%82%d0%be%d1%80%d0%be%d0%b9-%d1%8f-%d1%85%d0%be%d1%82%d0%b5%d0%bb%d0%b0-%d1%81%d1%82%d0%b0%d1%82%d1%8c\/#primaryimage"},"image":{"@id":"https:\/\/fashionmuseum.shop\/lv\/prece\/%d0%b6%d0%b5%d0%bd%d1%89%d0%b8%d0%bd%d0%b0-%d0%ba%d0%be%d1%82%d0%be%d1%80%d0%be%d0%b9-%d1%8f-%d1%85%d0%be%d1%82%d0%b5%d0%bb%d0%b0-%d1%81%d1%82%d0%b0%d1%82%d1%8c\/#primaryimage"},"thumbnailUrl":"https:\/\/i0.wp.com\/fashionmuseum.shop\/wp-content\/uploads\/2024\/01\/zhenschina-kotoroj-ja-hotela-statj.jpg?fit=1000%2C1000&ssl=1","datePublished":"2024-01-11T11:53:51+00:00","dateModified":"2024-01-11T14:08:46+00:00","breadcrumb":{"@id":"https:\/\/fashionmuseum.shop\/lv\/prece\/%d0%b6%d0%b5%d0%bd%d1%89%d0%b8%d0%bd%d0%b0-%d0%ba%d0%be%d1%82%d0%be%d1%80%d0%be%d0%b9-%d1%8f-%d1%85%d0%be%d1%82%d0%b5%d0%bb%d0%b0-%d1%81%d1%82%d0%b0%d1%82%d1%8c\/#breadcrumb"},"inLanguage":"lv-LV","potentialAction":[{"@type":"ReadAction","target":["https:\/\/fashionmuseum.shop\/lv\/prece\/%d0%b6%d0%b5%d0%bd%d1%89%d0%b8%d0%bd%d0%b0-%d0%ba%d0%be%d1%82%d0%be%d1%80%d0%be%d0%b9-%d1%8f-%d1%85%d0%be%d1%82%d0%b5%d0%bb%d0%b0-%d1%81%d1%82%d0%b0%d1%82%d1%8c\/"]}]},{"@type":"ImageObject","inLanguage":"lv-LV","@id":"https:\/\/fashionmuseum.shop\/lv\/prece\/%d0%b6%d0%b5%d0%bd%d1%89%d0%b8%d0%bd%d0%b0-%d0%ba%d0%be%d1%82%d0%be%d1%80%d0%be%d0%b9-%d1%8f-%d1%85%d0%be%d1%82%d0%b5%d0%bb%d0%b0-%d1%81%d1%82%d0%b0%d1%82%d1%8c\/#primaryimage","url":"https:\/\/i0.wp.com\/fashionmuseum.shop\/wp-content\/uploads\/2024\/01\/zhenschina-kotoroj-ja-hotela-statj.jpg?fit=1000%2C1000&ssl=1","contentUrl":"https:\/\/i0.wp.com\/fashionmuseum.shop\/wp-content\/uploads\/2024\/01\/zhenschina-kotoroj-ja-hotela-statj.jpg?fit=1000%2C1000&ssl=1","width":1000,"height":1000},{"@type":"BreadcrumbList","@id":"https:\/\/fashionmuseum.shop\/lv\/prece\/%d0%b6%d0%b5%d0%bd%d1%89%d0%b8%d0%bd%d0%b0-%d0%ba%d0%be%d1%82%d0%be%d1%80%d0%be%d0%b9-%d1%8f-%d1%85%d0%be%d1%82%d0%b5%d0%bb%d0%b0-%d1%81%d1%82%d0%b0%d1%82%d1%8c\/#breadcrumb","itemListElement":[{"@type":"ListItem","position":1,"name":"Home","item":"https:\/\/fashionmuseum.shop\/lv\/"},{"@type":"ListItem","position":2,"name":"Products","item":"https:\/\/fashionmuseum.shop\/lv\/shop\/"},{"@type":"ListItem","position":3,"name":"\u0416\u0435\u043d\u0449\u0438\u043d\u0430, \u043a\u043e\u0442\u043e\u0440\u043e\u0439 \u044f \u0445\u043e\u0442\u0435\u043b\u0430 \u0441\u0442\u0430\u0442\u044c"}]},{"@type":"WebSite","@id":"https:\/\/fashionmuseum.shop\/lv\/#website","url":"https:\/\/fashionmuseum.shop\/lv\/","name":"Fashion Museum Online Store","description":"Fashion Museum Riga Online Store provides a wide selection of books about fashion and fashion history.","publisher":{"@id":"https:\/\/fashionmuseum.shop\/lv\/#organization"},"potentialAction":[{"@type":"SearchAction","target":{"@type":"EntryPoint","urlTemplate":"https:\/\/fashionmuseum.shop\/lv\/?s={search_term_string}"},"query-input":{"@type":"PropertyValueSpecification","valueRequired":true,"valueName":"search_term_string"}}],"inLanguage":"lv-LV"},{"@type":"Organization","@id":"https:\/\/fashionmuseum.shop\/lv\/#organization","name":"Modes muzejs","url":"https:\/\/fashionmuseum.shop\/lv\/","logo":{"@type":"ImageObject","inLanguage":"lv-LV","@id":"https:\/\/fashionmuseum.shop\/lv\/#\/schema\/logo\/image\/","url":"https:\/\/i1.wp.com\/fashionmuseum.shop\/wp-content\/uploads\/2020\/04\/apple-touch-icon.png?fit=180%2C180&ssl=1","contentUrl":"https:\/\/i1.wp.com\/fashionmuseum.shop\/wp-content\/uploads\/2020\/04\/apple-touch-icon.png?fit=180%2C180&ssl=1","width":180,"height":180,"caption":"Modes muzejs"},"image":{"@id":"https:\/\/fashionmuseum.shop\/lv\/#\/schema\/logo\/image\/"}}]}},"jetpack_publicize_connections":[],"jetpack_likes_enabled":false,"jetpack_sharing_enabled":true,"amp_enabled":true,"_links":{"self":[{"href":"https:\/\/fashionmuseum.shop\/lv\/wp-json\/wp\/v2\/product\/149428","targetHints":{"allow":["GET"]}}],"collection":[{"href":"https:\/\/fashionmuseum.shop\/lv\/wp-json\/wp\/v2\/product"}],"about":[{"href":"https:\/\/fashionmuseum.shop\/lv\/wp-json\/wp\/v2\/types\/product"}],"wp:featuredmedia":[{"embeddable":true,"href":"https:\/\/fashionmuseum.shop\/lv\/wp-json\/wp\/v2\/media\/157989"}],"wp:attachment":[{"href":"https:\/\/fashionmuseum.shop\/lv\/wp-json\/wp\/v2\/media?parent=149428"}],"wp:term":[{"taxonomy":"product_brand","embeddable":true,"href":"https:\/\/fashionmuseum.shop\/lv\/wp-json\/wp\/v2\/product_brand?post=149428"},{"taxonomy":"product_cat","embeddable":true,"href":"https:\/\/fashionmuseum.shop\/lv\/wp-json\/wp\/v2\/product_cat?post=149428"},{"taxonomy":"product_tag","embeddable":true,"href":"https:\/\/fashionmuseum.shop\/lv\/wp-json\/wp\/v2\/product_tag?post=149428"}],"curies":[{"name":"wp","href":"https:\/\/api.w.org\/{rel}","templated":true}]}}