{"id":1535,"date":"2020-03-25T11:35:55","date_gmt":"2020-03-25T09:35:55","guid":{"rendered":"https:\/\/fashionmuseum.shop\/product\/paris-fashion-and-world-war-two-lou-taylor\/"},"modified":"2020-06-04T18:21:55","modified_gmt":"2020-06-04T15:21:55","slug":"paris-fashion-and-world-war-two-lou-taylor","status":"publish","type":"product","link":"https:\/\/fashionmuseum.shop\/lv\/prece\/paris-fashion-and-world-war-two-lou-taylor\/","title":{"rendered":"Paris Fashion and World War Two"},"content":{"rendered":"<p><em><strong>Izdev\u0113ja gr\u0101matas anot\u0101cija:<\/strong><\/em><\/p>\n<p>In 1939, fashion became an economic and symbolic sphere of great importance in France. Invasive textile legislation, rationing and threats from German and American couturiers were pushing the design and trade of Parisian style to its limits. It is widely accepted that French fashion was severely curtailed as a result, isolated from former foreign clients and deposed of its crown as global queen of fashion. This pioneering book offers a different story. Arguing that Paris retained its hold on the international\u00a0<i>haute couture<\/i>\u00a0industry right throughout WWII, eminent dress historians and curators come together to show that, amid political, economic and cultural traumas, Paris fashion remained very much alive under the Nazi occupation \u2013 and on an international level.<\/p>\n<p>Bringing exciting perspectives to challenge a familiar story and introducing new overseas trade links out of occupied France, this book takes us from the salons of renowned couturiers such as Edward Molyneux and Robert Piguet, French\u00a0<i>Vogue<\/i>\u00a0and\u00a0<i>Le Jardin des Modes<\/i>\u00a0and luxury Lyon silk factories, to Rio de Janeiro, Denmark and Switzerland, and the great American department stores of New York. Also comparing extravagant Paris occupation styles to austerity fashions of the UK and USA, parallel industrial and design developments highlight the unresolvable tension between luxury fashion and the everyday realities of wartime life. Showing that Paris strove to maintain world dominance as leader of couture through fashion journalism, photography and exported fashion forecasting,\u00a0<i>Paris Fashion and World War Two<\/i>\u00a0makes a significant contribution to the cultural history of fashion.<\/p>\n<p><em><strong>Saturs:<\/strong><\/em><\/p>\n<p>\u2022 List of Illustrations \u2022 Acknowledgements \u2022 Notes on Contributors \u2022 Introduction<b>:\u00a0<\/b><i>Lou Taylor and Marie McLoughlin \u2022<\/i>From Berlin to Paris <i>Lou Taylor <\/i>\u2022 The Lyon <i>haute nouveaut\u00e9<\/i>\u00a0fashion textile industry during World War Two: design, making, exhibition and diffusion\u00a0<i>Lou Taylor <\/i>\u2022 The Impact of Shortages on Couture Fashion Accessories in Paris, 1940-44 <i>Dominique Veillon <\/i>\u2022 &#8216;Much News from the Fashion Front&#8217; \u2013 Swedish Neutrality and the Diffusion of Paris Fashion during World War Two <i>Ulrika Kyaga <\/i>\u2022 From Paris to New York: the methods used by Paris <i>haute couture<\/i>\u00a0to maintain its domination on the fashion world on both sides of the Atlantic, 1939-46, through women&#8217;s magazines\u00a0<i>Sophie Kurkdjian <\/i>\u2022 The Fashion worlds of Paris and the USA during World War Two: competition, contact and business, 1939-45 <i>Sandra Stansbery Buckland <\/i>\u2022 Lisbon as a centre of couture fashion in World War Two and its Paris and international connections <i>Alexandra Gameiro and Lou Taylor <\/i>\u2022 Fashion in Denmark in the &#8216;Five Dark Years&#8217; <i>Kirsten Toftegaard <\/i>\u2022 The diffusion, reception and use of Paris style information by the press and <i>haute couture<\/i>\u00a0salons in Rio de Janeiro, Brazil, 1939-45\u00a0<i>Claudia de Oliviera <\/i>\u2022 Annexed, Neutral and Occupied \u2013 The Paris Influence on Couture Fashion in Austria, Switzerland and Belgium <i>Lou Taylor <\/i>\u2022 1944: London plans to become the &#8216;Meridian&#8217; of world fashion <i>Marie McLoughlin <\/i>\u2022 Paris Fashion: An international product for an international clientele <i>Marie McLoughlin with post-script by Nancy Yeide <\/i>\u2022 The business of Paris couture from Liberation to Rejuvenation. Late August 1944 to February 1947 <i>Lou Taylor with Marie McLoughlin <\/i>\u2022. The End of the War in Europe: Rejuvenating the International Business of Paris <i>haute c<\/i><i>outure\u00a0<\/i><i>Lou Taylor with Marie McLoughlin <\/i><b>\u2022 <\/b>Conclusion: <i>Marie McLoughlin and Lou Taylor with post script: A Letter from Nuremberg, 1946, Lou Taylor <\/i>\u2022 Index<\/p>\n<p>\u0160\u012bs gr\u0101matas izdev\u0113js ir <span style=\"text-decoration: underline;\"><strong><a href=\"https:\/\/fashionmuseum.shop\/publisher\/bloomsbury-publishing-lv\/?lang=lv\">Bloomsbury Publishing<\/a><\/strong><\/span>, ISBN 9781350000261<\/p>\n","protected":false},"excerpt":{"rendered":"<p><span style=\"text-decoration: underline;\"><strong><a href=\"https:\/\/fashionmuseum.shop\/book-author\/lou-taylor-lv\/?lang=lv\">\u00a0Lou Taylor<\/a><\/strong><\/span>, <span style=\"text-decoration: underline;\"><strong><a href=\"https:\/\/fashionmuseum.shop\/book-author\/marie-mcloughlin-lv\/?lang=lv\">Marie McLoughlin<\/a><\/strong><\/span><\/p>\n<p><em><strong>K\u0101p\u0113c m\u0113s\u00a0izv\u0113l\u0113j\u0101mies\u00a0\u0161o gr\u0101matu:<\/strong><\/em><\/p>\n<p>Ierasts uzskat\u012bt, ka Otr\u0101 pasaules kara laik\u0101 okup\u0113t\u0101 Par\u012bze zaud\u0113ja savu starptautisk\u0101s modes noteic\u0113jas lomu. \u0160\u012b intri\u0123\u0113jo\u0161\u0101 gr\u0101mata, kas balst\u0101s r\u016bp\u012bg\u0101 izp\u0113tes darb\u0101, pied\u0101v\u0101 svaigu skat\u012bjumu uz \u0161o t\u0113mu un atkl\u0101j, ka modes dz\u012bve kara laik\u0101 Par\u012bz\u0113 neb\u016bt neapst\u0101j\u0101s.<\/p>\n","protected":false},"featured_media":1537,"template":"","meta":{"_coblocks_attr":"","_coblocks_dimensions":"","_coblocks_responsive_height":"","_coblocks_accordion_ie_support":"","_crdt_document":"","jetpack_publicize_message":"","jetpack_publicize_feature_enabled":true,"jetpack_social_post_already_shared":true,"jetpack_social_options":{"image_generator_settings":{"template":"highway","default_image_id":0,"font":"","enabled":false},"version":2},"_wpas_customize_per_network":false},"product_brand":[],"product_cat":[1611,1605],"product_tag":[1679],"class_list":{"0":"post-1535","1":"product","2":"type-product","3":"status-publish","4":"has-post-thumbnail","6":"product_cat-gramatas-anglu-valoda","7":"product_cat-gramatas-par-modes-vesturi","8":"product_tag-20-gadsimts","9":"pa_book-author-lou-taylor-lv","10":"pa_book-author-marie-mcloughlin-lv","11":"pa_language-anglu","12":"pa_publisher-bloomsbury-publishing-lv","14":"first","15":"instock","16":"shipping-taxable","17":"purchasable","18":"product-type-simple"},"yoast_head":"<!-- This site is optimized with the Yoast SEO plugin v27.4 - https:\/\/yoast.com\/product\/yoast-seo-wordpress\/ -->\n<title>Paris Fashion and World War Two - Fashion Museum Riga Online Store<\/title>\n<meta name=\"robots\" content=\"index, follow, max-snippet:-1, max-image-preview:large, max-video-preview:-1\" \/>\n<link rel=\"canonical\" href=\"https:\/\/fashionmuseum.shop\/lv\/prece\/paris-fashion-and-world-war-two-lou-taylor\/\" \/>\n<meta property=\"og:locale\" content=\"lv_LV\" \/>\n<meta property=\"og:type\" content=\"article\" \/>\n<meta property=\"og:title\" content=\"Paris Fashion and World War Two - Fashion Museum Riga Online Store\" \/>\n<meta property=\"og:description\" content=\"\u00a0Lou Taylor, Marie McLoughlin  K\u0101p\u0113c m\u0113s\u00a0izv\u0113l\u0113j\u0101mies\u00a0\u0161o gr\u0101matu:  Ierasts uzskat\u012bt, ka Otr\u0101 pasaules kara laik\u0101 okup\u0113t\u0101 Par\u012bze zaud\u0113ja savu starptautisk\u0101s modes noteic\u0113jas lomu. \u0160\u012b intri\u0123\u0113jo\u0161\u0101 gr\u0101mata, kas balst\u0101s r\u016bp\u012bg\u0101 izp\u0113tes darb\u0101, pied\u0101v\u0101 svaigu skat\u012bjumu uz \u0161o t\u0113mu un atkl\u0101j, ka modes dz\u012bve kara laik\u0101 Par\u012bz\u0113 neb\u016bt neapst\u0101j\u0101s.\" \/>\n<meta property=\"og:url\" content=\"https:\/\/fashionmuseum.shop\/lv\/prece\/paris-fashion-and-world-war-two-lou-taylor\/\" \/>\n<meta property=\"og:site_name\" content=\"Fashion Museum Riga Online Store\" \/>\n<meta property=\"article:modified_time\" content=\"2020-06-04T15:21:55+00:00\" \/>\n<meta property=\"og:image\" content=\"https:\/\/i0.wp.com\/fashionmuseum.shop\/wp-content\/uploads\/2020\/03\/Paris-fashion-and-WW2.jpg?fit=720%2C720&ssl=1\" \/>\n\t<meta property=\"og:image:width\" content=\"720\" \/>\n\t<meta property=\"og:image:height\" content=\"720\" \/>\n\t<meta property=\"og:image:type\" content=\"image\/jpeg\" \/>\n<meta name=\"twitter:card\" content=\"summary_large_image\" \/>\n<meta name=\"twitter:label1\" content=\"Est. reading time\" \/>\n\t<meta name=\"twitter:data1\" content=\"3 minutes\" \/>\n<script type=\"application\/ld+json\" class=\"yoast-schema-graph\">{\"@context\":\"https:\\\/\\\/schema.org\",\"@graph\":[{\"@type\":\"WebPage\",\"@id\":\"https:\\\/\\\/fashionmuseum.shop\\\/lv\\\/prece\\\/paris-fashion-and-world-war-two-lou-taylor\\\/\",\"url\":\"https:\\\/\\\/fashionmuseum.shop\\\/lv\\\/prece\\\/paris-fashion-and-world-war-two-lou-taylor\\\/\",\"name\":\"Paris Fashion and World War Two - Fashion Museum Riga Online Store\",\"isPartOf\":{\"@id\":\"https:\\\/\\\/fashionmuseum.shop\\\/lv\\\/#website\"},\"primaryImageOfPage\":{\"@id\":\"https:\\\/\\\/fashionmuseum.shop\\\/lv\\\/prece\\\/paris-fashion-and-world-war-two-lou-taylor\\\/#primaryimage\"},\"image\":{\"@id\":\"https:\\\/\\\/fashionmuseum.shop\\\/lv\\\/prece\\\/paris-fashion-and-world-war-two-lou-taylor\\\/#primaryimage\"},\"thumbnailUrl\":\"https:\\\/\\\/i0.wp.com\\\/fashionmuseum.shop\\\/wp-content\\\/uploads\\\/2020\\\/03\\\/Paris-fashion-and-WW2.jpg?fit=720%2C720&ssl=1\",\"datePublished\":\"2020-03-25T09:35:55+00:00\",\"dateModified\":\"2020-06-04T15:21:55+00:00\",\"breadcrumb\":{\"@id\":\"https:\\\/\\\/fashionmuseum.shop\\\/lv\\\/prece\\\/paris-fashion-and-world-war-two-lou-taylor\\\/#breadcrumb\"},\"inLanguage\":\"lv-LV\",\"potentialAction\":[{\"@type\":\"ReadAction\",\"target\":[\"https:\\\/\\\/fashionmuseum.shop\\\/lv\\\/prece\\\/paris-fashion-and-world-war-two-lou-taylor\\\/\"]}]},{\"@type\":\"ImageObject\",\"inLanguage\":\"lv-LV\",\"@id\":\"https:\\\/\\\/fashionmuseum.shop\\\/lv\\\/prece\\\/paris-fashion-and-world-war-two-lou-taylor\\\/#primaryimage\",\"url\":\"https:\\\/\\\/i0.wp.com\\\/fashionmuseum.shop\\\/wp-content\\\/uploads\\\/2020\\\/03\\\/Paris-fashion-and-WW2.jpg?fit=720%2C720&ssl=1\",\"contentUrl\":\"https:\\\/\\\/i0.wp.com\\\/fashionmuseum.shop\\\/wp-content\\\/uploads\\\/2020\\\/03\\\/Paris-fashion-and-WW2.jpg?fit=720%2C720&ssl=1\",\"width\":720,\"height\":720},{\"@type\":\"BreadcrumbList\",\"@id\":\"https:\\\/\\\/fashionmuseum.shop\\\/lv\\\/prece\\\/paris-fashion-and-world-war-two-lou-taylor\\\/#breadcrumb\",\"itemListElement\":[{\"@type\":\"ListItem\",\"position\":1,\"name\":\"Home\",\"item\":\"https:\\\/\\\/fashionmuseum.shop\\\/lv\\\/\"},{\"@type\":\"ListItem\",\"position\":2,\"name\":\"Products\",\"item\":\"https:\\\/\\\/fashionmuseum.shop\\\/lv\\\/shop\\\/\"},{\"@type\":\"ListItem\",\"position\":3,\"name\":\"Paris Fashion and World War Two\"}]},{\"@type\":\"WebSite\",\"@id\":\"https:\\\/\\\/fashionmuseum.shop\\\/lv\\\/#website\",\"url\":\"https:\\\/\\\/fashionmuseum.shop\\\/lv\\\/\",\"name\":\"Fashion Museum Online Store\",\"description\":\"Fashion Museum Riga Online Store provides a wide selection of books about fashion and fashion history.\",\"publisher\":{\"@id\":\"https:\\\/\\\/fashionmuseum.shop\\\/lv\\\/#organization\"},\"potentialAction\":[{\"@type\":\"SearchAction\",\"target\":{\"@type\":\"EntryPoint\",\"urlTemplate\":\"https:\\\/\\\/fashionmuseum.shop\\\/lv\\\/?s={search_term_string}\"},\"query-input\":{\"@type\":\"PropertyValueSpecification\",\"valueRequired\":true,\"valueName\":\"search_term_string\"}}],\"inLanguage\":\"lv-LV\"},{\"@type\":\"Organization\",\"@id\":\"https:\\\/\\\/fashionmuseum.shop\\\/lv\\\/#organization\",\"name\":\"Modes muzejs\",\"url\":\"https:\\\/\\\/fashionmuseum.shop\\\/lv\\\/\",\"logo\":{\"@type\":\"ImageObject\",\"inLanguage\":\"lv-LV\",\"@id\":\"https:\\\/\\\/fashionmuseum.shop\\\/lv\\\/#\\\/schema\\\/logo\\\/image\\\/\",\"url\":\"https:\\\/\\\/i1.wp.com\\\/fashionmuseum.shop\\\/wp-content\\\/uploads\\\/2020\\\/04\\\/apple-touch-icon.png?fit=180%2C180&ssl=1\",\"contentUrl\":\"https:\\\/\\\/i1.wp.com\\\/fashionmuseum.shop\\\/wp-content\\\/uploads\\\/2020\\\/04\\\/apple-touch-icon.png?fit=180%2C180&ssl=1\",\"width\":180,\"height\":180,\"caption\":\"Modes muzejs\"},\"image\":{\"@id\":\"https:\\\/\\\/fashionmuseum.shop\\\/lv\\\/#\\\/schema\\\/logo\\\/image\\\/\"}}]}<\/script>\n<!-- \/ Yoast SEO plugin. -->","yoast_head_json":{"title":"Paris Fashion and World War Two - Fashion Museum Riga Online Store","robots":{"index":"index","follow":"follow","max-snippet":"max-snippet:-1","max-image-preview":"max-image-preview:large","max-video-preview":"max-video-preview:-1"},"canonical":"https:\/\/fashionmuseum.shop\/lv\/prece\/paris-fashion-and-world-war-two-lou-taylor\/","og_locale":"lv_LV","og_type":"article","og_title":"Paris Fashion and World War Two - Fashion Museum Riga Online Store","og_description":"\u00a0Lou Taylor, Marie McLoughlin  K\u0101p\u0113c m\u0113s\u00a0izv\u0113l\u0113j\u0101mies\u00a0\u0161o gr\u0101matu:  Ierasts uzskat\u012bt, ka Otr\u0101 pasaules kara laik\u0101 okup\u0113t\u0101 Par\u012bze zaud\u0113ja savu starptautisk\u0101s modes noteic\u0113jas lomu. \u0160\u012b intri\u0123\u0113jo\u0161\u0101 gr\u0101mata, kas balst\u0101s r\u016bp\u012bg\u0101 izp\u0113tes darb\u0101, pied\u0101v\u0101 svaigu skat\u012bjumu uz \u0161o t\u0113mu un atkl\u0101j, ka modes dz\u012bve kara laik\u0101 Par\u012bz\u0113 neb\u016bt neapst\u0101j\u0101s.","og_url":"https:\/\/fashionmuseum.shop\/lv\/prece\/paris-fashion-and-world-war-two-lou-taylor\/","og_site_name":"Fashion Museum Riga Online Store","article_modified_time":"2020-06-04T15:21:55+00:00","og_image":[{"width":720,"height":720,"url":"https:\/\/i0.wp.com\/fashionmuseum.shop\/wp-content\/uploads\/2020\/03\/Paris-fashion-and-WW2.jpg?fit=720%2C720&ssl=1","type":"image\/jpeg"}],"twitter_card":"summary_large_image","twitter_misc":{"Est. reading time":"3 minutes"},"schema":{"@context":"https:\/\/schema.org","@graph":[{"@type":"WebPage","@id":"https:\/\/fashionmuseum.shop\/lv\/prece\/paris-fashion-and-world-war-two-lou-taylor\/","url":"https:\/\/fashionmuseum.shop\/lv\/prece\/paris-fashion-and-world-war-two-lou-taylor\/","name":"Paris Fashion and World War Two - Fashion Museum Riga Online Store","isPartOf":{"@id":"https:\/\/fashionmuseum.shop\/lv\/#website"},"primaryImageOfPage":{"@id":"https:\/\/fashionmuseum.shop\/lv\/prece\/paris-fashion-and-world-war-two-lou-taylor\/#primaryimage"},"image":{"@id":"https:\/\/fashionmuseum.shop\/lv\/prece\/paris-fashion-and-world-war-two-lou-taylor\/#primaryimage"},"thumbnailUrl":"https:\/\/i0.wp.com\/fashionmuseum.shop\/wp-content\/uploads\/2020\/03\/Paris-fashion-and-WW2.jpg?fit=720%2C720&ssl=1","datePublished":"2020-03-25T09:35:55+00:00","dateModified":"2020-06-04T15:21:55+00:00","breadcrumb":{"@id":"https:\/\/fashionmuseum.shop\/lv\/prece\/paris-fashion-and-world-war-two-lou-taylor\/#breadcrumb"},"inLanguage":"lv-LV","potentialAction":[{"@type":"ReadAction","target":["https:\/\/fashionmuseum.shop\/lv\/prece\/paris-fashion-and-world-war-two-lou-taylor\/"]}]},{"@type":"ImageObject","inLanguage":"lv-LV","@id":"https:\/\/fashionmuseum.shop\/lv\/prece\/paris-fashion-and-world-war-two-lou-taylor\/#primaryimage","url":"https:\/\/i0.wp.com\/fashionmuseum.shop\/wp-content\/uploads\/2020\/03\/Paris-fashion-and-WW2.jpg?fit=720%2C720&ssl=1","contentUrl":"https:\/\/i0.wp.com\/fashionmuseum.shop\/wp-content\/uploads\/2020\/03\/Paris-fashion-and-WW2.jpg?fit=720%2C720&ssl=1","width":720,"height":720},{"@type":"BreadcrumbList","@id":"https:\/\/fashionmuseum.shop\/lv\/prece\/paris-fashion-and-world-war-two-lou-taylor\/#breadcrumb","itemListElement":[{"@type":"ListItem","position":1,"name":"Home","item":"https:\/\/fashionmuseum.shop\/lv\/"},{"@type":"ListItem","position":2,"name":"Products","item":"https:\/\/fashionmuseum.shop\/lv\/shop\/"},{"@type":"ListItem","position":3,"name":"Paris Fashion and World War Two"}]},{"@type":"WebSite","@id":"https:\/\/fashionmuseum.shop\/lv\/#website","url":"https:\/\/fashionmuseum.shop\/lv\/","name":"Fashion Museum Online Store","description":"Fashion Museum Riga Online Store provides a wide selection of books about fashion and fashion history.","publisher":{"@id":"https:\/\/fashionmuseum.shop\/lv\/#organization"},"potentialAction":[{"@type":"SearchAction","target":{"@type":"EntryPoint","urlTemplate":"https:\/\/fashionmuseum.shop\/lv\/?s={search_term_string}"},"query-input":{"@type":"PropertyValueSpecification","valueRequired":true,"valueName":"search_term_string"}}],"inLanguage":"lv-LV"},{"@type":"Organization","@id":"https:\/\/fashionmuseum.shop\/lv\/#organization","name":"Modes muzejs","url":"https:\/\/fashionmuseum.shop\/lv\/","logo":{"@type":"ImageObject","inLanguage":"lv-LV","@id":"https:\/\/fashionmuseum.shop\/lv\/#\/schema\/logo\/image\/","url":"https:\/\/i1.wp.com\/fashionmuseum.shop\/wp-content\/uploads\/2020\/04\/apple-touch-icon.png?fit=180%2C180&ssl=1","contentUrl":"https:\/\/i1.wp.com\/fashionmuseum.shop\/wp-content\/uploads\/2020\/04\/apple-touch-icon.png?fit=180%2C180&ssl=1","width":180,"height":180,"caption":"Modes muzejs"},"image":{"@id":"https:\/\/fashionmuseum.shop\/lv\/#\/schema\/logo\/image\/"}}]}},"jetpack_publicize_connections":[],"jetpack_likes_enabled":false,"jetpack_sharing_enabled":true,"amp_enabled":true,"_links":{"self":[{"href":"https:\/\/fashionmuseum.shop\/lv\/wp-json\/wp\/v2\/product\/1535","targetHints":{"allow":["GET"]}}],"collection":[{"href":"https:\/\/fashionmuseum.shop\/lv\/wp-json\/wp\/v2\/product"}],"about":[{"href":"https:\/\/fashionmuseum.shop\/lv\/wp-json\/wp\/v2\/types\/product"}],"wp:featuredmedia":[{"embeddable":true,"href":"https:\/\/fashionmuseum.shop\/lv\/wp-json\/wp\/v2\/media\/1537"}],"wp:attachment":[{"href":"https:\/\/fashionmuseum.shop\/lv\/wp-json\/wp\/v2\/media?parent=1535"}],"wp:term":[{"taxonomy":"product_brand","embeddable":true,"href":"https:\/\/fashionmuseum.shop\/lv\/wp-json\/wp\/v2\/product_brand?post=1535"},{"taxonomy":"product_cat","embeddable":true,"href":"https:\/\/fashionmuseum.shop\/lv\/wp-json\/wp\/v2\/product_cat?post=1535"},{"taxonomy":"product_tag","embeddable":true,"href":"https:\/\/fashionmuseum.shop\/lv\/wp-json\/wp\/v2\/product_tag?post=1535"}],"curies":[{"name":"wp","href":"https:\/\/api.w.org\/{rel}","templated":true}]}}