{"id":1541,"date":"2020-03-25T11:35:52","date_gmt":"2020-03-25T09:35:52","guid":{"rendered":"https:\/\/fashionmuseum.shop\/product\/patternalia-jude-stewart-2\/"},"modified":"2020-06-04T18:34:49","modified_gmt":"2020-06-04T15:34:49","slug":"patternalia-jude-stewart","status":"publish","type":"product","link":"https:\/\/fashionmuseum.shop\/lv\/prece\/patternalia-jude-stewart\/","title":{"rendered":"Patternalia"},"content":{"rendered":"<p><em><strong>Izdev\u0113ja gr\u0101matas anot\u0101cija:<\/strong><\/em><\/p>\n<p>We wake up in the morning and put on our striped socks and our plaid shirts, sit down to breakfast at a gingham tablecloth, perhaps eyeing the wallpaper with its fleur-de-lis. Patterns are everywhere&#8211;yet they can go unnoticed. In fact, every pattern is a story, a surprisingly deep trove of historical information and cultural associations.<\/p>\n<p>Jude Stewart, author of\u00a0<i>ROY G. BIV<\/i><i>: An Exceedingly Surprising Book About Color<\/i>, brings her same sprightly sense of humor, sparkling personality, and roving curiosity to this cultural history of patterns. From camouflage to keffiyeh, plaid to paisley, slipping out of the Carmelites&#8217; scandalously striped mantle and into an itsy-bitsy-teeny-weeny yellow polka-dot bikini,\u00a0<i>Patternalia\u00a0<\/i>plumbs the backstories of individual patterns, the surprising kinks in how each developed, the parallels between patterns natural and invented, and the curious personalities these patterns accrue over time. Boldly designed by Oliver Munday and cleverly cross-referenced,\u00a0<i>Patternalia\u00a0<\/i>is pure pattern pleasure: a beautiful object and a dazzling read that will appeal to anyone interested in design, fashion, and the cultural history buzzing all around us.<\/p>\n<p><strong>Saturs:<\/strong><\/p>\n<p>\u0160\u012bs gr\u0101matas izdev\u0113js ir <span style=\"text-decoration: underline;\"><strong><a href=\"https:\/\/fashionmuseum.shop\/publisher\/bloomsbury-publishing-lv\/?lang=lv\">Bloomsbury Publishing<\/a><\/strong><\/span>, ISBN 9781632861085<\/p>\n","protected":false},"excerpt":{"rendered":"<p><span style=\"text-decoration: underline;\"><strong><a href=\"https:\/\/fashionmuseum.shop\/book-author\/jude-stewart-lv\/?lang=lv\">Jude Stewart<\/a><\/strong><\/span><\/p>\n<p><em><strong>K\u0101p\u0113c m\u0113s\u00a0izv\u0113l\u0113j\u0101mies\u00a0\u0161o gr\u0101matu:<\/strong><\/em><\/p>\n<p>Ik dienu m\u016bs ieskauj raksti \u2013 un da\u017ei no tiem, piem\u0113ram, sv\u012btrainas ze\u0137es vai r\u016btains krekls, k\u013cuvu\u0161i tik ierasti, kas m\u0113s tos gandr\u012bz vairs nepaman\u0101m. Ta\u010du raksti, tostarp visizplat\u012bt\u0101kie un parast\u0101kie, sev\u012b sl\u0113pj fantastiskus st\u0101stus par v\u0113sturi, modi un person\u012bb\u0101m. Aizraujo\u0161i!<\/p>\n","protected":false},"featured_media":1543,"template":"","meta":{"_coblocks_attr":"","_coblocks_dimensions":"","_coblocks_responsive_height":"","_coblocks_accordion_ie_support":"","_crdt_document":"","jetpack_publicize_message":"","jetpack_publicize_feature_enabled":true,"jetpack_social_post_already_shared":true,"jetpack_social_options":{"image_generator_settings":{"template":"highway","default_image_id":0,"font":"","enabled":false},"version":2},"_wpas_customize_per_network":false},"product_brand":[],"product_cat":[1611,1607],"product_tag":[1734],"class_list":{"0":"post-1541","1":"product","2":"type-product","3":"status-publish","4":"has-post-thumbnail","6":"product_cat-gramatas-anglu-valoda","7":"product_cat-gramatas-par-rakstiem-un-ornamentiem","8":"product_tag-raksti","9":"pa_book-author-jude-stewart-lv","10":"pa_language-anglu","11":"pa_publisher-bloomsbury-publishing-lv","13":"first","14":"instock","15":"shipping-taxable","16":"purchasable","17":"product-type-simple"},"yoast_head":"<!-- This site is optimized with the Yoast SEO plugin v27.5 - https:\/\/yoast.com\/product\/yoast-seo-wordpress\/ -->\n<title>Patternalia - Fashion Museum Riga Online Store<\/title>\n<meta name=\"robots\" content=\"index, follow, max-snippet:-1, max-image-preview:large, max-video-preview:-1\" \/>\n<link rel=\"canonical\" href=\"https:\/\/fashionmuseum.shop\/lv\/prece\/patternalia-jude-stewart\/\" \/>\n<meta property=\"og:locale\" content=\"lv_LV\" \/>\n<meta property=\"og:type\" content=\"article\" \/>\n<meta property=\"og:title\" content=\"Patternalia - Fashion Museum Riga Online Store\" \/>\n<meta property=\"og:description\" content=\"Jude Stewart  K\u0101p\u0113c m\u0113s\u00a0izv\u0113l\u0113j\u0101mies\u00a0\u0161o gr\u0101matu:  Ik dienu m\u016bs ieskauj raksti \u2013 un da\u017ei no tiem, piem\u0113ram, sv\u012btrainas ze\u0137es vai r\u016btains krekls, k\u013cuvu\u0161i tik ierasti, kas m\u0113s tos gandr\u012bz vairs nepaman\u0101m. Ta\u010du raksti, tostarp visizplat\u012bt\u0101kie un parast\u0101kie, sev\u012b sl\u0113pj fantastiskus st\u0101stus par v\u0113sturi, modi un person\u012bb\u0101m. Aizraujo\u0161i!\" \/>\n<meta property=\"og:url\" content=\"https:\/\/fashionmuseum.shop\/lv\/prece\/patternalia-jude-stewart\/\" \/>\n<meta property=\"og:site_name\" content=\"Fashion Museum Riga Online Store\" \/>\n<meta property=\"article:modified_time\" content=\"2020-06-04T15:34:49+00:00\" \/>\n<meta property=\"og:image\" content=\"https:\/\/i1.wp.com\/fashionmuseum.shop\/wp-content\/uploads\/2020\/03\/Patternalia-1.jpg?fit=720%2C720&ssl=1\" \/>\n\t<meta property=\"og:image:width\" content=\"720\" \/>\n\t<meta property=\"og:image:height\" content=\"720\" \/>\n\t<meta property=\"og:image:type\" content=\"image\/jpeg\" \/>\n<meta name=\"twitter:card\" content=\"summary_large_image\" \/>\n<meta name=\"twitter:label1\" content=\"Est. reading time\" \/>\n\t<meta name=\"twitter:data1\" content=\"1 minute\" \/>\n<script type=\"application\/ld+json\" class=\"yoast-schema-graph\">{\"@context\":\"https:\\\/\\\/schema.org\",\"@graph\":[{\"@type\":\"WebPage\",\"@id\":\"https:\\\/\\\/fashionmuseum.shop\\\/lv\\\/prece\\\/patternalia-jude-stewart\\\/\",\"url\":\"https:\\\/\\\/fashionmuseum.shop\\\/lv\\\/prece\\\/patternalia-jude-stewart\\\/\",\"name\":\"Patternalia - Fashion Museum Riga Online Store\",\"isPartOf\":{\"@id\":\"https:\\\/\\\/fashionmuseum.shop\\\/lv\\\/#website\"},\"primaryImageOfPage\":{\"@id\":\"https:\\\/\\\/fashionmuseum.shop\\\/lv\\\/prece\\\/patternalia-jude-stewart\\\/#primaryimage\"},\"image\":{\"@id\":\"https:\\\/\\\/fashionmuseum.shop\\\/lv\\\/prece\\\/patternalia-jude-stewart\\\/#primaryimage\"},\"thumbnailUrl\":\"https:\\\/\\\/i0.wp.com\\\/fashionmuseum.shop\\\/wp-content\\\/uploads\\\/2020\\\/03\\\/Patternalia-1.jpg?fit=720%2C720&ssl=1\",\"datePublished\":\"2020-03-25T09:35:52+00:00\",\"dateModified\":\"2020-06-04T15:34:49+00:00\",\"breadcrumb\":{\"@id\":\"https:\\\/\\\/fashionmuseum.shop\\\/lv\\\/prece\\\/patternalia-jude-stewart\\\/#breadcrumb\"},\"inLanguage\":\"lv-LV\",\"potentialAction\":[{\"@type\":\"ReadAction\",\"target\":[\"https:\\\/\\\/fashionmuseum.shop\\\/lv\\\/prece\\\/patternalia-jude-stewart\\\/\"]}]},{\"@type\":\"ImageObject\",\"inLanguage\":\"lv-LV\",\"@id\":\"https:\\\/\\\/fashionmuseum.shop\\\/lv\\\/prece\\\/patternalia-jude-stewart\\\/#primaryimage\",\"url\":\"https:\\\/\\\/i0.wp.com\\\/fashionmuseum.shop\\\/wp-content\\\/uploads\\\/2020\\\/03\\\/Patternalia-1.jpg?fit=720%2C720&ssl=1\",\"contentUrl\":\"https:\\\/\\\/i0.wp.com\\\/fashionmuseum.shop\\\/wp-content\\\/uploads\\\/2020\\\/03\\\/Patternalia-1.jpg?fit=720%2C720&ssl=1\",\"width\":720,\"height\":720},{\"@type\":\"BreadcrumbList\",\"@id\":\"https:\\\/\\\/fashionmuseum.shop\\\/lv\\\/prece\\\/patternalia-jude-stewart\\\/#breadcrumb\",\"itemListElement\":[{\"@type\":\"ListItem\",\"position\":1,\"name\":\"Home\",\"item\":\"https:\\\/\\\/fashionmuseum.shop\\\/lv\\\/\"},{\"@type\":\"ListItem\",\"position\":2,\"name\":\"Products\",\"item\":\"https:\\\/\\\/fashionmuseum.shop\\\/lv\\\/shop\\\/\"},{\"@type\":\"ListItem\",\"position\":3,\"name\":\"Patternalia\"}]},{\"@type\":\"WebSite\",\"@id\":\"https:\\\/\\\/fashionmuseum.shop\\\/lv\\\/#website\",\"url\":\"https:\\\/\\\/fashionmuseum.shop\\\/lv\\\/\",\"name\":\"Fashion Museum Online Store\",\"description\":\"Fashion Museum Riga Online Store provides a wide selection of books about fashion and fashion history.\",\"publisher\":{\"@id\":\"https:\\\/\\\/fashionmuseum.shop\\\/lv\\\/#organization\"},\"potentialAction\":[{\"@type\":\"SearchAction\",\"target\":{\"@type\":\"EntryPoint\",\"urlTemplate\":\"https:\\\/\\\/fashionmuseum.shop\\\/lv\\\/?s={search_term_string}\"},\"query-input\":{\"@type\":\"PropertyValueSpecification\",\"valueRequired\":true,\"valueName\":\"search_term_string\"}}],\"inLanguage\":\"lv-LV\"},{\"@type\":\"Organization\",\"@id\":\"https:\\\/\\\/fashionmuseum.shop\\\/lv\\\/#organization\",\"name\":\"Modes muzejs\",\"url\":\"https:\\\/\\\/fashionmuseum.shop\\\/lv\\\/\",\"logo\":{\"@type\":\"ImageObject\",\"inLanguage\":\"lv-LV\",\"@id\":\"https:\\\/\\\/fashionmuseum.shop\\\/lv\\\/#\\\/schema\\\/logo\\\/image\\\/\",\"url\":\"https:\\\/\\\/i1.wp.com\\\/fashionmuseum.shop\\\/wp-content\\\/uploads\\\/2020\\\/04\\\/apple-touch-icon.png?fit=180%2C180&ssl=1\",\"contentUrl\":\"https:\\\/\\\/i1.wp.com\\\/fashionmuseum.shop\\\/wp-content\\\/uploads\\\/2020\\\/04\\\/apple-touch-icon.png?fit=180%2C180&ssl=1\",\"width\":180,\"height\":180,\"caption\":\"Modes muzejs\"},\"image\":{\"@id\":\"https:\\\/\\\/fashionmuseum.shop\\\/lv\\\/#\\\/schema\\\/logo\\\/image\\\/\"}}]}<\/script>\n<!-- \/ Yoast SEO plugin. -->","yoast_head_json":{"title":"Patternalia - Fashion Museum Riga Online Store","robots":{"index":"index","follow":"follow","max-snippet":"max-snippet:-1","max-image-preview":"max-image-preview:large","max-video-preview":"max-video-preview:-1"},"canonical":"https:\/\/fashionmuseum.shop\/lv\/prece\/patternalia-jude-stewart\/","og_locale":"lv_LV","og_type":"article","og_title":"Patternalia - Fashion Museum Riga Online Store","og_description":"Jude Stewart  K\u0101p\u0113c m\u0113s\u00a0izv\u0113l\u0113j\u0101mies\u00a0\u0161o gr\u0101matu:  Ik dienu m\u016bs ieskauj raksti \u2013 un da\u017ei no tiem, piem\u0113ram, sv\u012btrainas ze\u0137es vai r\u016btains krekls, k\u013cuvu\u0161i tik ierasti, kas m\u0113s tos gandr\u012bz vairs nepaman\u0101m. Ta\u010du raksti, tostarp visizplat\u012bt\u0101kie un parast\u0101kie, sev\u012b sl\u0113pj fantastiskus st\u0101stus par v\u0113sturi, modi un person\u012bb\u0101m. Aizraujo\u0161i!","og_url":"https:\/\/fashionmuseum.shop\/lv\/prece\/patternalia-jude-stewart\/","og_site_name":"Fashion Museum Riga Online Store","article_modified_time":"2020-06-04T15:34:49+00:00","og_image":[{"width":720,"height":720,"url":"https:\/\/i1.wp.com\/fashionmuseum.shop\/wp-content\/uploads\/2020\/03\/Patternalia-1.jpg?fit=720%2C720&ssl=1","type":"image\/jpeg"}],"twitter_card":"summary_large_image","twitter_misc":{"Est. reading time":"1 minute"},"schema":{"@context":"https:\/\/schema.org","@graph":[{"@type":"WebPage","@id":"https:\/\/fashionmuseum.shop\/lv\/prece\/patternalia-jude-stewart\/","url":"https:\/\/fashionmuseum.shop\/lv\/prece\/patternalia-jude-stewart\/","name":"Patternalia - Fashion Museum Riga Online Store","isPartOf":{"@id":"https:\/\/fashionmuseum.shop\/lv\/#website"},"primaryImageOfPage":{"@id":"https:\/\/fashionmuseum.shop\/lv\/prece\/patternalia-jude-stewart\/#primaryimage"},"image":{"@id":"https:\/\/fashionmuseum.shop\/lv\/prece\/patternalia-jude-stewart\/#primaryimage"},"thumbnailUrl":"https:\/\/i0.wp.com\/fashionmuseum.shop\/wp-content\/uploads\/2020\/03\/Patternalia-1.jpg?fit=720%2C720&ssl=1","datePublished":"2020-03-25T09:35:52+00:00","dateModified":"2020-06-04T15:34:49+00:00","breadcrumb":{"@id":"https:\/\/fashionmuseum.shop\/lv\/prece\/patternalia-jude-stewart\/#breadcrumb"},"inLanguage":"lv-LV","potentialAction":[{"@type":"ReadAction","target":["https:\/\/fashionmuseum.shop\/lv\/prece\/patternalia-jude-stewart\/"]}]},{"@type":"ImageObject","inLanguage":"lv-LV","@id":"https:\/\/fashionmuseum.shop\/lv\/prece\/patternalia-jude-stewart\/#primaryimage","url":"https:\/\/i0.wp.com\/fashionmuseum.shop\/wp-content\/uploads\/2020\/03\/Patternalia-1.jpg?fit=720%2C720&ssl=1","contentUrl":"https:\/\/i0.wp.com\/fashionmuseum.shop\/wp-content\/uploads\/2020\/03\/Patternalia-1.jpg?fit=720%2C720&ssl=1","width":720,"height":720},{"@type":"BreadcrumbList","@id":"https:\/\/fashionmuseum.shop\/lv\/prece\/patternalia-jude-stewart\/#breadcrumb","itemListElement":[{"@type":"ListItem","position":1,"name":"Home","item":"https:\/\/fashionmuseum.shop\/lv\/"},{"@type":"ListItem","position":2,"name":"Products","item":"https:\/\/fashionmuseum.shop\/lv\/shop\/"},{"@type":"ListItem","position":3,"name":"Patternalia"}]},{"@type":"WebSite","@id":"https:\/\/fashionmuseum.shop\/lv\/#website","url":"https:\/\/fashionmuseum.shop\/lv\/","name":"Fashion Museum Online Store","description":"Fashion Museum Riga Online Store provides a wide selection of books about fashion and fashion history.","publisher":{"@id":"https:\/\/fashionmuseum.shop\/lv\/#organization"},"potentialAction":[{"@type":"SearchAction","target":{"@type":"EntryPoint","urlTemplate":"https:\/\/fashionmuseum.shop\/lv\/?s={search_term_string}"},"query-input":{"@type":"PropertyValueSpecification","valueRequired":true,"valueName":"search_term_string"}}],"inLanguage":"lv-LV"},{"@type":"Organization","@id":"https:\/\/fashionmuseum.shop\/lv\/#organization","name":"Modes muzejs","url":"https:\/\/fashionmuseum.shop\/lv\/","logo":{"@type":"ImageObject","inLanguage":"lv-LV","@id":"https:\/\/fashionmuseum.shop\/lv\/#\/schema\/logo\/image\/","url":"https:\/\/i1.wp.com\/fashionmuseum.shop\/wp-content\/uploads\/2020\/04\/apple-touch-icon.png?fit=180%2C180&ssl=1","contentUrl":"https:\/\/i1.wp.com\/fashionmuseum.shop\/wp-content\/uploads\/2020\/04\/apple-touch-icon.png?fit=180%2C180&ssl=1","width":180,"height":180,"caption":"Modes muzejs"},"image":{"@id":"https:\/\/fashionmuseum.shop\/lv\/#\/schema\/logo\/image\/"}}]}},"jetpack_publicize_connections":[],"jetpack_likes_enabled":false,"jetpack_sharing_enabled":true,"amp_enabled":true,"_links":{"self":[{"href":"https:\/\/fashionmuseum.shop\/lv\/wp-json\/wp\/v2\/product\/1541","targetHints":{"allow":["GET"]}}],"collection":[{"href":"https:\/\/fashionmuseum.shop\/lv\/wp-json\/wp\/v2\/product"}],"about":[{"href":"https:\/\/fashionmuseum.shop\/lv\/wp-json\/wp\/v2\/types\/product"}],"wp:featuredmedia":[{"embeddable":true,"href":"https:\/\/fashionmuseum.shop\/lv\/wp-json\/wp\/v2\/media\/1543"}],"wp:attachment":[{"href":"https:\/\/fashionmuseum.shop\/lv\/wp-json\/wp\/v2\/media?parent=1541"}],"wp:term":[{"taxonomy":"product_brand","embeddable":true,"href":"https:\/\/fashionmuseum.shop\/lv\/wp-json\/wp\/v2\/product_brand?post=1541"},{"taxonomy":"product_cat","embeddable":true,"href":"https:\/\/fashionmuseum.shop\/lv\/wp-json\/wp\/v2\/product_cat?post=1541"},{"taxonomy":"product_tag","embeddable":true,"href":"https:\/\/fashionmuseum.shop\/lv\/wp-json\/wp\/v2\/product_tag?post=1541"}],"curies":[{"name":"wp","href":"https:\/\/api.w.org\/{rel}","templated":true}]}}