{"id":161255,"date":"2024-09-05T14:03:21","date_gmt":"2024-09-05T11:03:21","guid":{"rendered":"https:\/\/fashionmuseum.shop\/?post_type=product&#038;p=161255"},"modified":"2024-09-05T15:21:12","modified_gmt":"2024-09-05T12:21:12","slug":"breakfast-in-bed","status":"publish","type":"product","link":"https:\/\/fashionmuseum.shop\/lv\/prece\/breakfast-in-bed\/","title":{"rendered":"Breakfast in Bed"},"content":{"rendered":"","protected":false},"excerpt":{"rendered":"<p>Da\u017ei r\u012bti ir j\u0101pavada gult\u0101. Jauna sieviete un vi\u0146as ka\u0137i brokasto grezn\u0101 gult\u0101.<\/p>\n<p>M\u0101kslinieces \u017danetas Hillas (Janet Hill) glezna<br \/>\n500 gabali\u0146u puzle<br \/>\nPabeigtas puzles izm\u0113rs: 18 \u201cx24\u201d<br \/>\nLina stila apdare, lai samazin\u0101tu atsp\u012bdumus<br \/>\nRa\u017eots ASV<br \/>\nIeteicamais vecums: 10+ gadi<\/p>\n","protected":false},"featured_media":161258,"template":"","meta":{"_coblocks_attr":"","_coblocks_dimensions":"","_coblocks_responsive_height":"","_coblocks_accordion_ie_support":"","_crdt_document":"","jetpack_publicize_message":"","jetpack_publicize_feature_enabled":true,"jetpack_social_post_already_shared":true,"jetpack_social_options":{"image_generator_settings":{"template":"highway","default_image_id":0,"font":"","enabled":false},"version":2},"_wpas_customize_per_network":false},"product_brand":[],"product_cat":[3211],"product_tag":[3881,3593,3594],"class_list":{"0":"post-161255","1":"product","2":"type-product","3":"status-publish","4":"has-post-thumbnail","6":"product_cat-puzles","7":"product_tag-gift-lv","8":"product_tag-puzzle-lv","9":"product_tag-puzzles-lv","11":"first","12":"instock","13":"shipping-taxable","14":"purchasable","15":"product-type-simple"},"yoast_head":"<!-- This site is optimized with the Yoast SEO plugin v27.5 - https:\/\/yoast.com\/product\/yoast-seo-wordpress\/ -->\n<title>Breakfast in Bed - Fashion Museum Riga Online Store<\/title>\n<meta name=\"robots\" content=\"index, follow, max-snippet:-1, max-image-preview:large, max-video-preview:-1\" \/>\n<link rel=\"canonical\" href=\"https:\/\/fashionmuseum.shop\/lv\/prece\/breakfast-in-bed\/\" \/>\n<meta property=\"og:locale\" content=\"lv_LV\" \/>\n<meta property=\"og:type\" content=\"article\" \/>\n<meta property=\"og:title\" content=\"Breakfast in Bed - Fashion Museum Riga Online Store\" \/>\n<meta property=\"og:description\" content=\"Da\u017ei r\u012bti ir j\u0101pavada gult\u0101. Jauna sieviete un vi\u0146as ka\u0137i brokasto grezn\u0101 gult\u0101.  M\u0101kslinieces \u017danetas Hillas (Janet Hill) glezna 500 gabali\u0146u puzle Pabeigtas puzles izm\u0113rs: 18 \u201cx24\u201d Lina stila apdare, lai samazin\u0101tu atsp\u012bdumus Ra\u017eots ASV Ieteicamais vecums: 10+ gadi\" \/>\n<meta property=\"og:url\" content=\"https:\/\/fashionmuseum.shop\/lv\/prece\/breakfast-in-bed\/\" \/>\n<meta property=\"og:site_name\" content=\"Fashion Museum Riga Online Store\" \/>\n<meta property=\"article:modified_time\" content=\"2024-09-05T12:21:12+00:00\" \/>\n<meta property=\"og:image\" content=\"https:\/\/fashionmuseum.shop\/wp-content\/uploads\/2024\/09\/NPZJH2201_IMG1_L_1800x1800.webp\" \/>\n\t<meta property=\"og:image:width\" content=\"849\" \/>\n\t<meta property=\"og:image:height\" content=\"1024\" \/>\n\t<meta property=\"og:image:type\" content=\"image\/webp\" \/>\n<meta name=\"twitter:card\" content=\"summary_large_image\" \/>\n<script type=\"application\/ld+json\" class=\"yoast-schema-graph\">{\"@context\":\"https:\\\/\\\/schema.org\",\"@graph\":[{\"@type\":\"WebPage\",\"@id\":\"https:\\\/\\\/fashionmuseum.shop\\\/lv\\\/prece\\\/breakfast-in-bed\\\/\",\"url\":\"https:\\\/\\\/fashionmuseum.shop\\\/lv\\\/prece\\\/breakfast-in-bed\\\/\",\"name\":\"Breakfast in Bed - Fashion Museum Riga Online Store\",\"isPartOf\":{\"@id\":\"https:\\\/\\\/fashionmuseum.shop\\\/lv\\\/#website\"},\"primaryImageOfPage\":{\"@id\":\"https:\\\/\\\/fashionmuseum.shop\\\/lv\\\/prece\\\/breakfast-in-bed\\\/#primaryimage\"},\"image\":{\"@id\":\"https:\\\/\\\/fashionmuseum.shop\\\/lv\\\/prece\\\/breakfast-in-bed\\\/#primaryimage\"},\"thumbnailUrl\":\"https:\\\/\\\/i0.wp.com\\\/fashionmuseum.shop\\\/wp-content\\\/uploads\\\/2024\\\/09\\\/NPZJH2201_IMG1_L_1800x1800.webp?fit=849%2C1024&ssl=1\",\"datePublished\":\"2024-09-05T11:03:21+00:00\",\"dateModified\":\"2024-09-05T12:21:12+00:00\",\"breadcrumb\":{\"@id\":\"https:\\\/\\\/fashionmuseum.shop\\\/lv\\\/prece\\\/breakfast-in-bed\\\/#breadcrumb\"},\"inLanguage\":\"lv-LV\",\"potentialAction\":[{\"@type\":\"ReadAction\",\"target\":[\"https:\\\/\\\/fashionmuseum.shop\\\/lv\\\/prece\\\/breakfast-in-bed\\\/\"]}]},{\"@type\":\"ImageObject\",\"inLanguage\":\"lv-LV\",\"@id\":\"https:\\\/\\\/fashionmuseum.shop\\\/lv\\\/prece\\\/breakfast-in-bed\\\/#primaryimage\",\"url\":\"https:\\\/\\\/i0.wp.com\\\/fashionmuseum.shop\\\/wp-content\\\/uploads\\\/2024\\\/09\\\/NPZJH2201_IMG1_L_1800x1800.webp?fit=849%2C1024&ssl=1\",\"contentUrl\":\"https:\\\/\\\/i0.wp.com\\\/fashionmuseum.shop\\\/wp-content\\\/uploads\\\/2024\\\/09\\\/NPZJH2201_IMG1_L_1800x1800.webp?fit=849%2C1024&ssl=1\",\"width\":849,\"height\":1024},{\"@type\":\"BreadcrumbList\",\"@id\":\"https:\\\/\\\/fashionmuseum.shop\\\/lv\\\/prece\\\/breakfast-in-bed\\\/#breadcrumb\",\"itemListElement\":[{\"@type\":\"ListItem\",\"position\":1,\"name\":\"Home\",\"item\":\"https:\\\/\\\/fashionmuseum.shop\\\/lv\\\/\"},{\"@type\":\"ListItem\",\"position\":2,\"name\":\"Products\",\"item\":\"https:\\\/\\\/fashionmuseum.shop\\\/lv\\\/shop\\\/\"},{\"@type\":\"ListItem\",\"position\":3,\"name\":\"Breakfast in Bed\"}]},{\"@type\":\"WebSite\",\"@id\":\"https:\\\/\\\/fashionmuseum.shop\\\/lv\\\/#website\",\"url\":\"https:\\\/\\\/fashionmuseum.shop\\\/lv\\\/\",\"name\":\"Fashion Museum Online Store\",\"description\":\"Fashion Museum Riga Online Store provides a wide selection of books about fashion and fashion history.\",\"publisher\":{\"@id\":\"https:\\\/\\\/fashionmuseum.shop\\\/lv\\\/#organization\"},\"potentialAction\":[{\"@type\":\"SearchAction\",\"target\":{\"@type\":\"EntryPoint\",\"urlTemplate\":\"https:\\\/\\\/fashionmuseum.shop\\\/lv\\\/?s={search_term_string}\"},\"query-input\":{\"@type\":\"PropertyValueSpecification\",\"valueRequired\":true,\"valueName\":\"search_term_string\"}}],\"inLanguage\":\"lv-LV\"},{\"@type\":\"Organization\",\"@id\":\"https:\\\/\\\/fashionmuseum.shop\\\/lv\\\/#organization\",\"name\":\"Modes muzejs\",\"url\":\"https:\\\/\\\/fashionmuseum.shop\\\/lv\\\/\",\"logo\":{\"@type\":\"ImageObject\",\"inLanguage\":\"lv-LV\",\"@id\":\"https:\\\/\\\/fashionmuseum.shop\\\/lv\\\/#\\\/schema\\\/logo\\\/image\\\/\",\"url\":\"https:\\\/\\\/i1.wp.com\\\/fashionmuseum.shop\\\/wp-content\\\/uploads\\\/2020\\\/04\\\/apple-touch-icon.png?fit=180%2C180&ssl=1\",\"contentUrl\":\"https:\\\/\\\/i1.wp.com\\\/fashionmuseum.shop\\\/wp-content\\\/uploads\\\/2020\\\/04\\\/apple-touch-icon.png?fit=180%2C180&ssl=1\",\"width\":180,\"height\":180,\"caption\":\"Modes muzejs\"},\"image\":{\"@id\":\"https:\\\/\\\/fashionmuseum.shop\\\/lv\\\/#\\\/schema\\\/logo\\\/image\\\/\"}}]}<\/script>\n<!-- \/ Yoast SEO plugin. -->","yoast_head_json":{"title":"Breakfast in Bed - Fashion Museum Riga Online Store","robots":{"index":"index","follow":"follow","max-snippet":"max-snippet:-1","max-image-preview":"max-image-preview:large","max-video-preview":"max-video-preview:-1"},"canonical":"https:\/\/fashionmuseum.shop\/lv\/prece\/breakfast-in-bed\/","og_locale":"lv_LV","og_type":"article","og_title":"Breakfast in Bed - Fashion Museum Riga Online Store","og_description":"Da\u017ei r\u012bti ir j\u0101pavada gult\u0101. Jauna sieviete un vi\u0146as ka\u0137i brokasto grezn\u0101 gult\u0101.  M\u0101kslinieces \u017danetas Hillas (Janet Hill) glezna 500 gabali\u0146u puzle Pabeigtas puzles izm\u0113rs: 18 \u201cx24\u201d Lina stila apdare, lai samazin\u0101tu atsp\u012bdumus Ra\u017eots ASV Ieteicamais vecums: 10+ gadi","og_url":"https:\/\/fashionmuseum.shop\/lv\/prece\/breakfast-in-bed\/","og_site_name":"Fashion Museum Riga Online Store","article_modified_time":"2024-09-05T12:21:12+00:00","og_image":[{"width":849,"height":1024,"url":"https:\/\/fashionmuseum.shop\/wp-content\/uploads\/2024\/09\/NPZJH2201_IMG1_L_1800x1800.webp","type":"image\/webp"}],"twitter_card":"summary_large_image","schema":{"@context":"https:\/\/schema.org","@graph":[{"@type":"WebPage","@id":"https:\/\/fashionmuseum.shop\/lv\/prece\/breakfast-in-bed\/","url":"https:\/\/fashionmuseum.shop\/lv\/prece\/breakfast-in-bed\/","name":"Breakfast in Bed - Fashion Museum Riga Online Store","isPartOf":{"@id":"https:\/\/fashionmuseum.shop\/lv\/#website"},"primaryImageOfPage":{"@id":"https:\/\/fashionmuseum.shop\/lv\/prece\/breakfast-in-bed\/#primaryimage"},"image":{"@id":"https:\/\/fashionmuseum.shop\/lv\/prece\/breakfast-in-bed\/#primaryimage"},"thumbnailUrl":"https:\/\/i0.wp.com\/fashionmuseum.shop\/wp-content\/uploads\/2024\/09\/NPZJH2201_IMG1_L_1800x1800.webp?fit=849%2C1024&ssl=1","datePublished":"2024-09-05T11:03:21+00:00","dateModified":"2024-09-05T12:21:12+00:00","breadcrumb":{"@id":"https:\/\/fashionmuseum.shop\/lv\/prece\/breakfast-in-bed\/#breadcrumb"},"inLanguage":"lv-LV","potentialAction":[{"@type":"ReadAction","target":["https:\/\/fashionmuseum.shop\/lv\/prece\/breakfast-in-bed\/"]}]},{"@type":"ImageObject","inLanguage":"lv-LV","@id":"https:\/\/fashionmuseum.shop\/lv\/prece\/breakfast-in-bed\/#primaryimage","url":"https:\/\/i0.wp.com\/fashionmuseum.shop\/wp-content\/uploads\/2024\/09\/NPZJH2201_IMG1_L_1800x1800.webp?fit=849%2C1024&ssl=1","contentUrl":"https:\/\/i0.wp.com\/fashionmuseum.shop\/wp-content\/uploads\/2024\/09\/NPZJH2201_IMG1_L_1800x1800.webp?fit=849%2C1024&ssl=1","width":849,"height":1024},{"@type":"BreadcrumbList","@id":"https:\/\/fashionmuseum.shop\/lv\/prece\/breakfast-in-bed\/#breadcrumb","itemListElement":[{"@type":"ListItem","position":1,"name":"Home","item":"https:\/\/fashionmuseum.shop\/lv\/"},{"@type":"ListItem","position":2,"name":"Products","item":"https:\/\/fashionmuseum.shop\/lv\/shop\/"},{"@type":"ListItem","position":3,"name":"Breakfast in Bed"}]},{"@type":"WebSite","@id":"https:\/\/fashionmuseum.shop\/lv\/#website","url":"https:\/\/fashionmuseum.shop\/lv\/","name":"Fashion Museum Online Store","description":"Fashion Museum Riga Online Store provides a wide selection of books about fashion and fashion history.","publisher":{"@id":"https:\/\/fashionmuseum.shop\/lv\/#organization"},"potentialAction":[{"@type":"SearchAction","target":{"@type":"EntryPoint","urlTemplate":"https:\/\/fashionmuseum.shop\/lv\/?s={search_term_string}"},"query-input":{"@type":"PropertyValueSpecification","valueRequired":true,"valueName":"search_term_string"}}],"inLanguage":"lv-LV"},{"@type":"Organization","@id":"https:\/\/fashionmuseum.shop\/lv\/#organization","name":"Modes muzejs","url":"https:\/\/fashionmuseum.shop\/lv\/","logo":{"@type":"ImageObject","inLanguage":"lv-LV","@id":"https:\/\/fashionmuseum.shop\/lv\/#\/schema\/logo\/image\/","url":"https:\/\/i1.wp.com\/fashionmuseum.shop\/wp-content\/uploads\/2020\/04\/apple-touch-icon.png?fit=180%2C180&ssl=1","contentUrl":"https:\/\/i1.wp.com\/fashionmuseum.shop\/wp-content\/uploads\/2020\/04\/apple-touch-icon.png?fit=180%2C180&ssl=1","width":180,"height":180,"caption":"Modes muzejs"},"image":{"@id":"https:\/\/fashionmuseum.shop\/lv\/#\/schema\/logo\/image\/"}}]}},"jetpack_publicize_connections":[],"jetpack_likes_enabled":false,"jetpack_sharing_enabled":true,"amp_enabled":true,"_links":{"self":[{"href":"https:\/\/fashionmuseum.shop\/lv\/wp-json\/wp\/v2\/product\/161255","targetHints":{"allow":["GET"]}}],"collection":[{"href":"https:\/\/fashionmuseum.shop\/lv\/wp-json\/wp\/v2\/product"}],"about":[{"href":"https:\/\/fashionmuseum.shop\/lv\/wp-json\/wp\/v2\/types\/product"}],"wp:featuredmedia":[{"embeddable":true,"href":"https:\/\/fashionmuseum.shop\/lv\/wp-json\/wp\/v2\/media\/161258"}],"wp:attachment":[{"href":"https:\/\/fashionmuseum.shop\/lv\/wp-json\/wp\/v2\/media?parent=161255"}],"wp:term":[{"taxonomy":"product_brand","embeddable":true,"href":"https:\/\/fashionmuseum.shop\/lv\/wp-json\/wp\/v2\/product_brand?post=161255"},{"taxonomy":"product_cat","embeddable":true,"href":"https:\/\/fashionmuseum.shop\/lv\/wp-json\/wp\/v2\/product_cat?post=161255"},{"taxonomy":"product_tag","embeddable":true,"href":"https:\/\/fashionmuseum.shop\/lv\/wp-json\/wp\/v2\/product_tag?post=161255"}],"curies":[{"name":"wp","href":"https:\/\/api.w.org\/{rel}","templated":true}]}}