{"id":161440,"date":"2024-09-06T11:58:05","date_gmt":"2024-09-06T08:58:07","guid":{"rendered":"https:\/\/fashionmuseum.shop\/?post_type=product&#038;p=161440"},"modified":"2024-09-22T13:35:58","modified_gmt":"2024-09-22T10:35:58","slug":"the-pocket-square-22-essential-folds","status":"publish","type":"product","link":"https:\/\/fashionmuseum.shop\/lv\/prece\/the-pocket-square-22-essential-folds\/","title":{"rendered":"The Pocket Square. 22 Essential Folds"},"content":{"rendered":"<p><em><strong>Izdev\u0113ja gr\u0101matas anot\u0101cija:<\/strong><\/em><\/p>\n<div data-role=\"bva-reveal\"><\/div>\n<div data-role=\"bva-reveal\">\n<div data-role=\"bva-reveal\">\n<p><i>&#8216;Pocket handkerchiefs are optional, but I always wear one&#8217;<\/i>\u00a0Frank Sinatra<\/p>\n<div data-role=\"bva-reveal\">\n<p>When, where and how should a gentleman wear the perfect pocket square? This guide features the essential 22 pocket square folds, for linen, cotton and silk, from the simple and elegant \u2018Presidential\u2019 to the complex and flamboyant \u2018Bouquet\u2019 fold.<\/p>\n<p>As well as brief descriptions and advice on when to wear each style, the book provides easy-to-follow diagrams of how to wear each fold with panache. Style icons from every decade \u2013 Cary Grant, Oscar Wilde, the Duke of Windsor, Fred Astaire, JFK and Yves Saint Laurent \u2013 offer style inspiration.<\/p>\n<p><i>The Pocket Square<\/i>\u00a0is the essential gift for the fashion-conscious man-about-town wishing to experiment with the endless possibilities of this precious piece of fabric and turn it into the ultimate signature of their style.<\/p>\n<\/div>\n<\/div>\n<\/div>\n<p>This book is brought by\u00a0<span style=\"text-decoration: underline\"><strong><a href=\"https:\/\/fashionmuseum.shop\/lv\/publisher\/thames-and-hudson\/\">Thames and Hudson\u00a0<\/a><\/strong><\/span>, ISBN 9780500518861<\/p>\n","protected":false},"excerpt":{"rendered":"<p>by <a href=\"https:\/\/fashionmuseum.shop\/lv\/book-author\/a-c-phillips\/\"><strong>A.C. Phillips<\/strong><\/a><\/p>\n<p><em><strong>K\u0101p\u0113c m\u0113s\u00a0izv\u0113l\u0113j\u0101mies\u00a0\u0161o gr\u0101matu:<\/strong><\/em><\/p>\n<p>Kop\u0161 14. gadsimta beig\u0101m, kad Eirop\u0101 s\u0101ka izmantot kabatlakati\u0146us, tie piedz\u012bvoju\u0161i v\u0113rien\u012bgas transform\u0101cijas \u2013 \u0161is nelielais, elegantais izdevums velt\u012bts specifiski \u017eaketes kr\u016b\u0161u kabati\u0146\u0101 liekamajiem z\u012bda lakati\u0146iem un da\u017e\u0101diem to saloc\u012b\u0161anas veidiem. Attur\u012bgi ilustr\u0113tais, tum\u0161i zil\u0101, balt\u0101 un oran\u017e\u0101 kr\u0101s\u0101 ietur\u0113tais izdevums papildin\u0101ts ar \u012bsiem aprakstiem un modes lietprat\u0113ju un stila ikonu cit\u0101tiem. K\u0101rdino\u0161a d\u0101vana \u012bstam d\u017eentlmenim un dendijam!<\/p>\n","protected":false},"featured_media":162995,"template":"","meta":{"_coblocks_attr":"","_coblocks_dimensions":"","_coblocks_responsive_height":"","_coblocks_accordion_ie_support":"","_crdt_document":"","jetpack_publicize_message":"","jetpack_publicize_feature_enabled":true,"jetpack_social_post_already_shared":true,"jetpack_social_options":{"image_generator_settings":{"template":"highway","default_image_id":0,"font":"","enabled":false},"version":2},"_wpas_customize_per_network":false},"product_brand":[],"product_cat":[1611,1603,1605,2418],"product_tag":[4145,3522,4147,3520,4146],"class_list":{"0":"post-161440","1":"product","2":"type-product","3":"status-publish","4":"has-post-thumbnail","6":"product_cat-gramatas-anglu-valoda","7":"product_cat-gramatas-par-modes-dizaineriem","8":"product_cat-gramatas-par-modes-vesturi","9":"product_cat-gramatas","10":"product_tag-dandy-lv","11":"product_tag-designer-lv","12":"product_tag-elegance-lv","13":"product_tag-fashion-lv","14":"product_tag-gentleman-lv","15":"pa_book-author-alexander-phillips-lv","16":"pa_language-anglu","17":"pa_publisher-thames-and-hudson","19":"first","20":"instock","21":"featured","22":"shipping-taxable","23":"purchasable","24":"product-type-simple"},"yoast_head":"<!-- This site is optimized with the Yoast SEO plugin v27.6 - https:\/\/yoast.com\/product\/yoast-seo-wordpress\/ -->\n<title>The Pocket Square. 22 Essential Folds - Fashion Museum Riga Online Store<\/title>\n<meta name=\"robots\" content=\"index, follow, max-snippet:-1, max-image-preview:large, max-video-preview:-1\" \/>\n<link rel=\"canonical\" href=\"https:\/\/fashionmuseum.shop\/lv\/prece\/the-pocket-square-22-essential-folds\/\" \/>\n<meta property=\"og:locale\" content=\"lv_LV\" \/>\n<meta property=\"og:type\" content=\"article\" \/>\n<meta property=\"og:title\" content=\"The Pocket Square. 22 Essential Folds - Fashion Museum Riga Online Store\" \/>\n<meta property=\"og:description\" content=\"by A.C. Phillips  K\u0101p\u0113c m\u0113s\u00a0izv\u0113l\u0113j\u0101mies\u00a0\u0161o gr\u0101matu:  Kop\u0161 14. gadsimta beig\u0101m, kad Eirop\u0101 s\u0101ka izmantot kabatlakati\u0146us, tie piedz\u012bvoju\u0161i v\u0113rien\u012bgas transform\u0101cijas \u2013 \u0161is nelielais, elegantais izdevums velt\u012bts specifiski \u017eaketes kr\u016b\u0161u kabati\u0146\u0101 liekamajiem z\u012bda lakati\u0146iem un da\u017e\u0101diem to saloc\u012b\u0161anas veidiem. Attur\u012bgi ilustr\u0113tais, tum\u0161i zil\u0101, balt\u0101 un oran\u017e\u0101 kr\u0101s\u0101 ietur\u0113tais izdevums papildin\u0101ts ar \u012bsiem aprakstiem un modes lietprat\u0113ju un stila ikonu cit\u0101tiem. K\u0101rdino\u0161a d\u0101vana \u012bstam d\u017eentlmenim un dendijam!\" \/>\n<meta property=\"og:url\" content=\"https:\/\/fashionmuseum.shop\/lv\/prece\/the-pocket-square-22-essential-folds\/\" \/>\n<meta property=\"og:site_name\" content=\"Fashion Museum Riga Online Store\" \/>\n<meta property=\"article:modified_time\" content=\"2024-09-22T10:35:58+00:00\" \/>\n<meta property=\"og:image\" content=\"https:\/\/fashionmuseum.shop\/wp-content\/uploads\/2024\/09\/cover-2.jpg\" \/>\n\t<meta property=\"og:image:width\" content=\"850\" \/>\n\t<meta property=\"og:image:height\" content=\"1200\" \/>\n\t<meta property=\"og:image:type\" content=\"image\/jpeg\" \/>\n<meta name=\"twitter:card\" content=\"summary_large_image\" \/>\n<meta name=\"twitter:label1\" content=\"Est. reading time\" \/>\n\t<meta name=\"twitter:data1\" content=\"1 minute\" \/>\n<script type=\"application\/ld+json\" class=\"yoast-schema-graph\">{\"@context\":\"https:\\\/\\\/schema.org\",\"@graph\":[{\"@type\":\"WebPage\",\"@id\":\"https:\\\/\\\/fashionmuseum.shop\\\/lv\\\/prece\\\/the-pocket-square-22-essential-folds\\\/\",\"url\":\"https:\\\/\\\/fashionmuseum.shop\\\/lv\\\/prece\\\/the-pocket-square-22-essential-folds\\\/\",\"name\":\"The Pocket Square. 22 Essential Folds - Fashion Museum Riga Online Store\",\"isPartOf\":{\"@id\":\"https:\\\/\\\/fashionmuseum.shop\\\/lv\\\/#website\"},\"primaryImageOfPage\":{\"@id\":\"https:\\\/\\\/fashionmuseum.shop\\\/lv\\\/prece\\\/the-pocket-square-22-essential-folds\\\/#primaryimage\"},\"image\":{\"@id\":\"https:\\\/\\\/fashionmuseum.shop\\\/lv\\\/prece\\\/the-pocket-square-22-essential-folds\\\/#primaryimage\"},\"thumbnailUrl\":\"https:\\\/\\\/i0.wp.com\\\/fashionmuseum.shop\\\/wp-content\\\/uploads\\\/2024\\\/09\\\/9780500518861.webp?fit=720%2C720&ssl=1\",\"datePublished\":\"2024-09-06T08:58:07+00:00\",\"dateModified\":\"2024-09-22T10:35:58+00:00\",\"breadcrumb\":{\"@id\":\"https:\\\/\\\/fashionmuseum.shop\\\/lv\\\/prece\\\/the-pocket-square-22-essential-folds\\\/#breadcrumb\"},\"inLanguage\":\"lv-LV\",\"potentialAction\":[{\"@type\":\"ReadAction\",\"target\":[\"https:\\\/\\\/fashionmuseum.shop\\\/lv\\\/prece\\\/the-pocket-square-22-essential-folds\\\/\"]}]},{\"@type\":\"ImageObject\",\"inLanguage\":\"lv-LV\",\"@id\":\"https:\\\/\\\/fashionmuseum.shop\\\/lv\\\/prece\\\/the-pocket-square-22-essential-folds\\\/#primaryimage\",\"url\":\"https:\\\/\\\/i0.wp.com\\\/fashionmuseum.shop\\\/wp-content\\\/uploads\\\/2024\\\/09\\\/9780500518861.webp?fit=720%2C720&ssl=1\",\"contentUrl\":\"https:\\\/\\\/i0.wp.com\\\/fashionmuseum.shop\\\/wp-content\\\/uploads\\\/2024\\\/09\\\/9780500518861.webp?fit=720%2C720&ssl=1\",\"width\":720,\"height\":720},{\"@type\":\"BreadcrumbList\",\"@id\":\"https:\\\/\\\/fashionmuseum.shop\\\/lv\\\/prece\\\/the-pocket-square-22-essential-folds\\\/#breadcrumb\",\"itemListElement\":[{\"@type\":\"ListItem\",\"position\":1,\"name\":\"Home\",\"item\":\"https:\\\/\\\/fashionmuseum.shop\\\/lv\\\/\"},{\"@type\":\"ListItem\",\"position\":2,\"name\":\"Products\",\"item\":\"https:\\\/\\\/fashionmuseum.shop\\\/lv\\\/shop\\\/\"},{\"@type\":\"ListItem\",\"position\":3,\"name\":\"The Pocket Square. 22 Essential Folds\"}]},{\"@type\":\"WebSite\",\"@id\":\"https:\\\/\\\/fashionmuseum.shop\\\/lv\\\/#website\",\"url\":\"https:\\\/\\\/fashionmuseum.shop\\\/lv\\\/\",\"name\":\"Fashion Museum Online Store\",\"description\":\"Fashion Museum Riga Online Store provides a wide selection of books about fashion and fashion history.\",\"publisher\":{\"@id\":\"https:\\\/\\\/fashionmuseum.shop\\\/lv\\\/#organization\"},\"potentialAction\":[{\"@type\":\"SearchAction\",\"target\":{\"@type\":\"EntryPoint\",\"urlTemplate\":\"https:\\\/\\\/fashionmuseum.shop\\\/lv\\\/?s={search_term_string}\"},\"query-input\":{\"@type\":\"PropertyValueSpecification\",\"valueRequired\":true,\"valueName\":\"search_term_string\"}}],\"inLanguage\":\"lv-LV\"},{\"@type\":\"Organization\",\"@id\":\"https:\\\/\\\/fashionmuseum.shop\\\/lv\\\/#organization\",\"name\":\"Modes muzejs\",\"url\":\"https:\\\/\\\/fashionmuseum.shop\\\/lv\\\/\",\"logo\":{\"@type\":\"ImageObject\",\"inLanguage\":\"lv-LV\",\"@id\":\"https:\\\/\\\/fashionmuseum.shop\\\/lv\\\/#\\\/schema\\\/logo\\\/image\\\/\",\"url\":\"https:\\\/\\\/i1.wp.com\\\/fashionmuseum.shop\\\/wp-content\\\/uploads\\\/2020\\\/04\\\/apple-touch-icon.png?fit=180%2C180&ssl=1\",\"contentUrl\":\"https:\\\/\\\/i1.wp.com\\\/fashionmuseum.shop\\\/wp-content\\\/uploads\\\/2020\\\/04\\\/apple-touch-icon.png?fit=180%2C180&ssl=1\",\"width\":180,\"height\":180,\"caption\":\"Modes muzejs\"},\"image\":{\"@id\":\"https:\\\/\\\/fashionmuseum.shop\\\/lv\\\/#\\\/schema\\\/logo\\\/image\\\/\"}}]}<\/script>\n<!-- \/ Yoast SEO plugin. -->","yoast_head_json":{"title":"The Pocket Square. 22 Essential Folds - Fashion Museum Riga Online Store","robots":{"index":"index","follow":"follow","max-snippet":"max-snippet:-1","max-image-preview":"max-image-preview:large","max-video-preview":"max-video-preview:-1"},"canonical":"https:\/\/fashionmuseum.shop\/lv\/prece\/the-pocket-square-22-essential-folds\/","og_locale":"lv_LV","og_type":"article","og_title":"The Pocket Square. 22 Essential Folds - Fashion Museum Riga Online Store","og_description":"by A.C. Phillips  K\u0101p\u0113c m\u0113s\u00a0izv\u0113l\u0113j\u0101mies\u00a0\u0161o gr\u0101matu:  Kop\u0161 14. gadsimta beig\u0101m, kad Eirop\u0101 s\u0101ka izmantot kabatlakati\u0146us, tie piedz\u012bvoju\u0161i v\u0113rien\u012bgas transform\u0101cijas \u2013 \u0161is nelielais, elegantais izdevums velt\u012bts specifiski \u017eaketes kr\u016b\u0161u kabati\u0146\u0101 liekamajiem z\u012bda lakati\u0146iem un da\u017e\u0101diem to saloc\u012b\u0161anas veidiem. Attur\u012bgi ilustr\u0113tais, tum\u0161i zil\u0101, balt\u0101 un oran\u017e\u0101 kr\u0101s\u0101 ietur\u0113tais izdevums papildin\u0101ts ar \u012bsiem aprakstiem un modes lietprat\u0113ju un stila ikonu cit\u0101tiem. K\u0101rdino\u0161a d\u0101vana \u012bstam d\u017eentlmenim un dendijam!","og_url":"https:\/\/fashionmuseum.shop\/lv\/prece\/the-pocket-square-22-essential-folds\/","og_site_name":"Fashion Museum Riga Online Store","article_modified_time":"2024-09-22T10:35:58+00:00","og_image":[{"width":850,"height":1200,"url":"https:\/\/fashionmuseum.shop\/wp-content\/uploads\/2024\/09\/cover-2.jpg","type":"image\/jpeg"}],"twitter_card":"summary_large_image","twitter_misc":{"Est. reading time":"1 minute"},"schema":{"@context":"https:\/\/schema.org","@graph":[{"@type":"WebPage","@id":"https:\/\/fashionmuseum.shop\/lv\/prece\/the-pocket-square-22-essential-folds\/","url":"https:\/\/fashionmuseum.shop\/lv\/prece\/the-pocket-square-22-essential-folds\/","name":"The Pocket Square. 22 Essential Folds - Fashion Museum Riga Online Store","isPartOf":{"@id":"https:\/\/fashionmuseum.shop\/lv\/#website"},"primaryImageOfPage":{"@id":"https:\/\/fashionmuseum.shop\/lv\/prece\/the-pocket-square-22-essential-folds\/#primaryimage"},"image":{"@id":"https:\/\/fashionmuseum.shop\/lv\/prece\/the-pocket-square-22-essential-folds\/#primaryimage"},"thumbnailUrl":"https:\/\/i0.wp.com\/fashionmuseum.shop\/wp-content\/uploads\/2024\/09\/9780500518861.webp?fit=720%2C720&ssl=1","datePublished":"2024-09-06T08:58:07+00:00","dateModified":"2024-09-22T10:35:58+00:00","breadcrumb":{"@id":"https:\/\/fashionmuseum.shop\/lv\/prece\/the-pocket-square-22-essential-folds\/#breadcrumb"},"inLanguage":"lv-LV","potentialAction":[{"@type":"ReadAction","target":["https:\/\/fashionmuseum.shop\/lv\/prece\/the-pocket-square-22-essential-folds\/"]}]},{"@type":"ImageObject","inLanguage":"lv-LV","@id":"https:\/\/fashionmuseum.shop\/lv\/prece\/the-pocket-square-22-essential-folds\/#primaryimage","url":"https:\/\/i0.wp.com\/fashionmuseum.shop\/wp-content\/uploads\/2024\/09\/9780500518861.webp?fit=720%2C720&ssl=1","contentUrl":"https:\/\/i0.wp.com\/fashionmuseum.shop\/wp-content\/uploads\/2024\/09\/9780500518861.webp?fit=720%2C720&ssl=1","width":720,"height":720},{"@type":"BreadcrumbList","@id":"https:\/\/fashionmuseum.shop\/lv\/prece\/the-pocket-square-22-essential-folds\/#breadcrumb","itemListElement":[{"@type":"ListItem","position":1,"name":"Home","item":"https:\/\/fashionmuseum.shop\/lv\/"},{"@type":"ListItem","position":2,"name":"Products","item":"https:\/\/fashionmuseum.shop\/lv\/shop\/"},{"@type":"ListItem","position":3,"name":"The Pocket Square. 22 Essential Folds"}]},{"@type":"WebSite","@id":"https:\/\/fashionmuseum.shop\/lv\/#website","url":"https:\/\/fashionmuseum.shop\/lv\/","name":"Fashion Museum Online Store","description":"Fashion Museum Riga Online Store provides a wide selection of books about fashion and fashion history.","publisher":{"@id":"https:\/\/fashionmuseum.shop\/lv\/#organization"},"potentialAction":[{"@type":"SearchAction","target":{"@type":"EntryPoint","urlTemplate":"https:\/\/fashionmuseum.shop\/lv\/?s={search_term_string}"},"query-input":{"@type":"PropertyValueSpecification","valueRequired":true,"valueName":"search_term_string"}}],"inLanguage":"lv-LV"},{"@type":"Organization","@id":"https:\/\/fashionmuseum.shop\/lv\/#organization","name":"Modes muzejs","url":"https:\/\/fashionmuseum.shop\/lv\/","logo":{"@type":"ImageObject","inLanguage":"lv-LV","@id":"https:\/\/fashionmuseum.shop\/lv\/#\/schema\/logo\/image\/","url":"https:\/\/i1.wp.com\/fashionmuseum.shop\/wp-content\/uploads\/2020\/04\/apple-touch-icon.png?fit=180%2C180&ssl=1","contentUrl":"https:\/\/i1.wp.com\/fashionmuseum.shop\/wp-content\/uploads\/2020\/04\/apple-touch-icon.png?fit=180%2C180&ssl=1","width":180,"height":180,"caption":"Modes muzejs"},"image":{"@id":"https:\/\/fashionmuseum.shop\/lv\/#\/schema\/logo\/image\/"}}]}},"jetpack_publicize_connections":[],"jetpack_likes_enabled":false,"jetpack_sharing_enabled":true,"amp_enabled":true,"_links":{"self":[{"href":"https:\/\/fashionmuseum.shop\/lv\/wp-json\/wp\/v2\/product\/161440","targetHints":{"allow":["GET"]}}],"collection":[{"href":"https:\/\/fashionmuseum.shop\/lv\/wp-json\/wp\/v2\/product"}],"about":[{"href":"https:\/\/fashionmuseum.shop\/lv\/wp-json\/wp\/v2\/types\/product"}],"wp:featuredmedia":[{"embeddable":true,"href":"https:\/\/fashionmuseum.shop\/lv\/wp-json\/wp\/v2\/media\/162995"}],"wp:attachment":[{"href":"https:\/\/fashionmuseum.shop\/lv\/wp-json\/wp\/v2\/media?parent=161440"}],"wp:term":[{"taxonomy":"product_brand","embeddable":true,"href":"https:\/\/fashionmuseum.shop\/lv\/wp-json\/wp\/v2\/product_brand?post=161440"},{"taxonomy":"product_cat","embeddable":true,"href":"https:\/\/fashionmuseum.shop\/lv\/wp-json\/wp\/v2\/product_cat?post=161440"},{"taxonomy":"product_tag","embeddable":true,"href":"https:\/\/fashionmuseum.shop\/lv\/wp-json\/wp\/v2\/product_tag?post=161440"}],"curies":[{"name":"wp","href":"https:\/\/api.w.org\/{rel}","templated":true}]}}