{"id":161475,"date":"2024-09-06T12:49:19","date_gmt":"2024-09-06T09:49:20","guid":{"rendered":"https:\/\/fashionmuseum.shop\/?post_type=product&#038;p=161475"},"modified":"2024-09-06T13:10:16","modified_gmt":"2024-09-06T10:10:16","slug":"the-italian-gentleman","status":"publish","type":"product","link":"https:\/\/fashionmuseum.shop\/lv\/prece\/the-italian-gentleman\/","title":{"rendered":"The Italian Gentleman"},"content":{"rendered":"<p><em><strong>Izdev\u0113ja gr\u0101matas anot\u0101cija:<\/strong><\/em><\/p>\n<div data-role=\"bva-reveal\"><\/div>\n<div data-role=\"bva-reveal\">\n<div data-role=\"bva-reveal\">\n<div data-role=\"bva-reveal\">\n<div data-role=\"bva-reveal\">\n<div data-role=\"bva-reveal\">\n<p>London may have Savile Row and Paris its luxury houses, but nowhere can compete with the essence of Italy\u2019s nonchalant elegance:\u00a0<i>sprezzatura<\/i>. This book presents the most in-depth look at the designers, tailors and artisans who for generations have defined the very notion of Italian style. From such fabled names as Rubinacci and Kiton to highly sought-after global brands like Zegna, more than fifty iconic Italian menswear houses are featured for their individual style and commitment to upholding the values of quality and timelessness.<\/p>\n<div data-role=\"bva-reveal\">\n<p>Featuring lavish photographs, with close-ups of subtle, exquisite details, most taken specially for this publication,\u00a0<i>The Italian Gentleman<\/i>\u00a0explores the world behind the finished garments \u2013 the ateliers and hidden shops where legends are born. Including iconic brands alongside fabric mills, shirting, accessories and shoemaking, this timely publication is a tribute to true Italian style with today\u2019s modern man in mind.<\/p>\n<\/div>\n<\/div>\n<\/div>\n<\/div>\n<p>This book is brought by\u00a0<span style=\"text-decoration: underline\"><strong><a href=\"https:\/\/fashionmuseum.shop\/lv\/publisher\/thames-and-hudson\/\">Thames and Hudson\u00a0<\/a><\/strong><\/span>, ISBN 9780500022863<\/p>\n<\/div>\n<\/div>\n","protected":false},"excerpt":{"rendered":"<p>by <a href=\"https:\/\/fashionmuseum.shop\/lv\/book-author\/hugo-jacomet-lyle-roblin\/\"><strong>Hugo Jacomet, Lyle Roblin<\/strong><\/a><\/p>\n<p><em><strong>K\u0101p\u0113c m\u0113s\u00a0izv\u0113l\u0113j\u0101mies\u00a0\u0161o gr\u0101matu:<\/strong><\/em><\/p>\n<p>\u012asta slavas dziesma it\u0101\u013cu klasiskaj\u0101m dr\u0113bniec\u012bbas trad\u012bcij\u0101m un stilam \u2013 v\u012brie\u0161u ap\u0123\u0113rba aizraut\u012bgais p\u0113tnieks, aprakstnieks un baud\u012bt\u0101js Igo \u017dakom\u0113 velt\u012bjis milz\u012bgu darbu, kop\u0101 ar fotogr\u0101fu Lailu Roblinu iem\u016b\u017einot elegant\u0101kos It\u0101lijas v\u012brie\u0161us, ietekm\u012bg\u0101kos no klasiskajiem dr\u0113bnieku namiem un apavu meistariem. Satrieco\u0161i skaista, bag\u0101t\u012bga gr\u0101mata, kas velt\u012bta roku darbam, amatniec\u012bbas trad\u012bcij\u0101m un It\u0101lijas v\u012brie\u0161u stilam, kam nesp\u0113j l\u012bdzin\u0101ties nekas \u0161ai pasaul\u0113. Izcili!<\/p>\n","protected":false},"featured_media":162992,"template":"","meta":{"_coblocks_attr":"","_coblocks_dimensions":"","_coblocks_responsive_height":"","_coblocks_accordion_ie_support":"","_crdt_document":"","jetpack_publicize_message":"","jetpack_publicize_feature_enabled":true,"jetpack_social_post_already_shared":true,"jetpack_social_options":{"image_generator_settings":{"template":"highway","default_image_id":0,"font":"","enabled":false},"version":2},"_wpas_customize_per_network":false},"product_brand":[],"product_cat":[1611,1603,1605,2418],"product_tag":[4145,3522,4147,3520,4146,1694,1693],"class_list":{"0":"post-161475","1":"product","2":"type-product","3":"status-publish","4":"has-post-thumbnail","6":"product_cat-gramatas-anglu-valoda","7":"product_cat-gramatas-par-modes-dizaineriem","8":"product_cat-gramatas-par-modes-vesturi","9":"product_cat-gramatas","10":"product_tag-dandy-lv","11":"product_tag-designer-lv","12":"product_tag-elegance-lv","13":"product_tag-fashion-lv","14":"product_tag-gentleman-lv","15":"product_tag-italijas-mode","16":"product_tag-italu","17":"pa_book-author-hugo-jacomet-lv","18":"pa_book-author-lyle-roblin-lv","19":"pa_language-anglu","20":"pa_publisher-thames-and-hudson","22":"first","23":"instock","24":"featured","25":"shipping-taxable","26":"purchasable","27":"product-type-simple"},"yoast_head":"<!-- This site is optimized with the Yoast SEO plugin v27.5 - https:\/\/yoast.com\/product\/yoast-seo-wordpress\/ -->\n<title>The Italian Gentleman - Fashion Museum Riga Online Store<\/title>\n<meta name=\"robots\" content=\"index, follow, max-snippet:-1, max-image-preview:large, max-video-preview:-1\" \/>\n<link rel=\"canonical\" href=\"https:\/\/fashionmuseum.shop\/lv\/prece\/the-italian-gentleman\/\" \/>\n<meta property=\"og:locale\" content=\"lv_LV\" \/>\n<meta property=\"og:type\" content=\"article\" \/>\n<meta property=\"og:title\" content=\"The Italian Gentleman - Fashion Museum Riga Online Store\" \/>\n<meta property=\"og:description\" content=\"by Hugo Jacomet, Lyle Roblin  K\u0101p\u0113c m\u0113s\u00a0izv\u0113l\u0113j\u0101mies\u00a0\u0161o gr\u0101matu:  \u012asta slavas dziesma it\u0101\u013cu klasiskaj\u0101m dr\u0113bniec\u012bbas trad\u012bcij\u0101m un stilam \u2013 v\u012brie\u0161u ap\u0123\u0113rba aizraut\u012bgais p\u0113tnieks, aprakstnieks un baud\u012bt\u0101js Igo \u017dakom\u0113 velt\u012bjis milz\u012bgu darbu, kop\u0101 ar fotogr\u0101fu Lailu Roblinu iem\u016b\u017einot elegant\u0101kos It\u0101lijas v\u012brie\u0161us, ietekm\u012bg\u0101kos no klasiskajiem dr\u0113bnieku namiem un apavu meistariem. Satrieco\u0161i skaista, bag\u0101t\u012bga gr\u0101mata, kas velt\u012bta roku darbam, amatniec\u012bbas trad\u012bcij\u0101m un It\u0101lijas v\u012brie\u0161u stilam, kam nesp\u0113j l\u012bdzin\u0101ties nekas \u0161ai pasaul\u0113. Izcili!\" \/>\n<meta property=\"og:url\" content=\"https:\/\/fashionmuseum.shop\/lv\/prece\/the-italian-gentleman\/\" \/>\n<meta property=\"og:site_name\" content=\"Fashion Museum Riga Online Store\" \/>\n<meta property=\"article:modified_time\" content=\"2024-09-06T10:10:16+00:00\" \/>\n<meta property=\"og:image\" content=\"https:\/\/fashionmuseum.shop\/wp-content\/uploads\/2024\/09\/cover-3.jpg\" \/>\n\t<meta property=\"og:image:width\" content=\"960\" \/>\n\t<meta property=\"og:image:height\" content=\"1200\" \/>\n\t<meta property=\"og:image:type\" content=\"image\/jpeg\" \/>\n<meta name=\"twitter:card\" content=\"summary_large_image\" \/>\n<meta name=\"twitter:label1\" content=\"Est. reading time\" \/>\n\t<meta name=\"twitter:data1\" content=\"1 minute\" \/>\n<script type=\"application\/ld+json\" class=\"yoast-schema-graph\">{\"@context\":\"https:\\\/\\\/schema.org\",\"@graph\":[{\"@type\":\"WebPage\",\"@id\":\"https:\\\/\\\/fashionmuseum.shop\\\/lv\\\/prece\\\/the-italian-gentleman\\\/\",\"url\":\"https:\\\/\\\/fashionmuseum.shop\\\/lv\\\/prece\\\/the-italian-gentleman\\\/\",\"name\":\"The Italian Gentleman - Fashion Museum Riga Online Store\",\"isPartOf\":{\"@id\":\"https:\\\/\\\/fashionmuseum.shop\\\/lv\\\/#website\"},\"primaryImageOfPage\":{\"@id\":\"https:\\\/\\\/fashionmuseum.shop\\\/lv\\\/prece\\\/the-italian-gentleman\\\/#primaryimage\"},\"image\":{\"@id\":\"https:\\\/\\\/fashionmuseum.shop\\\/lv\\\/prece\\\/the-italian-gentleman\\\/#primaryimage\"},\"thumbnailUrl\":\"https:\\\/\\\/i0.wp.com\\\/fashionmuseum.shop\\\/wp-content\\\/uploads\\\/2024\\\/09\\\/9780500022863_the-italian-gentleman.webp?fit=720%2C720&ssl=1\",\"datePublished\":\"2024-09-06T09:49:20+00:00\",\"dateModified\":\"2024-09-06T10:10:16+00:00\",\"breadcrumb\":{\"@id\":\"https:\\\/\\\/fashionmuseum.shop\\\/lv\\\/prece\\\/the-italian-gentleman\\\/#breadcrumb\"},\"inLanguage\":\"lv-LV\",\"potentialAction\":[{\"@type\":\"ReadAction\",\"target\":[\"https:\\\/\\\/fashionmuseum.shop\\\/lv\\\/prece\\\/the-italian-gentleman\\\/\"]}]},{\"@type\":\"ImageObject\",\"inLanguage\":\"lv-LV\",\"@id\":\"https:\\\/\\\/fashionmuseum.shop\\\/lv\\\/prece\\\/the-italian-gentleman\\\/#primaryimage\",\"url\":\"https:\\\/\\\/i0.wp.com\\\/fashionmuseum.shop\\\/wp-content\\\/uploads\\\/2024\\\/09\\\/9780500022863_the-italian-gentleman.webp?fit=720%2C720&ssl=1\",\"contentUrl\":\"https:\\\/\\\/i0.wp.com\\\/fashionmuseum.shop\\\/wp-content\\\/uploads\\\/2024\\\/09\\\/9780500022863_the-italian-gentleman.webp?fit=720%2C720&ssl=1\",\"width\":720,\"height\":720},{\"@type\":\"BreadcrumbList\",\"@id\":\"https:\\\/\\\/fashionmuseum.shop\\\/lv\\\/prece\\\/the-italian-gentleman\\\/#breadcrumb\",\"itemListElement\":[{\"@type\":\"ListItem\",\"position\":1,\"name\":\"Home\",\"item\":\"https:\\\/\\\/fashionmuseum.shop\\\/lv\\\/\"},{\"@type\":\"ListItem\",\"position\":2,\"name\":\"Products\",\"item\":\"https:\\\/\\\/fashionmuseum.shop\\\/lv\\\/shop\\\/\"},{\"@type\":\"ListItem\",\"position\":3,\"name\":\"The Italian Gentleman\"}]},{\"@type\":\"WebSite\",\"@id\":\"https:\\\/\\\/fashionmuseum.shop\\\/lv\\\/#website\",\"url\":\"https:\\\/\\\/fashionmuseum.shop\\\/lv\\\/\",\"name\":\"Fashion Museum Online Store\",\"description\":\"Fashion Museum Riga Online Store provides a wide selection of books about fashion and fashion history.\",\"publisher\":{\"@id\":\"https:\\\/\\\/fashionmuseum.shop\\\/lv\\\/#organization\"},\"potentialAction\":[{\"@type\":\"SearchAction\",\"target\":{\"@type\":\"EntryPoint\",\"urlTemplate\":\"https:\\\/\\\/fashionmuseum.shop\\\/lv\\\/?s={search_term_string}\"},\"query-input\":{\"@type\":\"PropertyValueSpecification\",\"valueRequired\":true,\"valueName\":\"search_term_string\"}}],\"inLanguage\":\"lv-LV\"},{\"@type\":\"Organization\",\"@id\":\"https:\\\/\\\/fashionmuseum.shop\\\/lv\\\/#organization\",\"name\":\"Modes muzejs\",\"url\":\"https:\\\/\\\/fashionmuseum.shop\\\/lv\\\/\",\"logo\":{\"@type\":\"ImageObject\",\"inLanguage\":\"lv-LV\",\"@id\":\"https:\\\/\\\/fashionmuseum.shop\\\/lv\\\/#\\\/schema\\\/logo\\\/image\\\/\",\"url\":\"https:\\\/\\\/i1.wp.com\\\/fashionmuseum.shop\\\/wp-content\\\/uploads\\\/2020\\\/04\\\/apple-touch-icon.png?fit=180%2C180&ssl=1\",\"contentUrl\":\"https:\\\/\\\/i1.wp.com\\\/fashionmuseum.shop\\\/wp-content\\\/uploads\\\/2020\\\/04\\\/apple-touch-icon.png?fit=180%2C180&ssl=1\",\"width\":180,\"height\":180,\"caption\":\"Modes muzejs\"},\"image\":{\"@id\":\"https:\\\/\\\/fashionmuseum.shop\\\/lv\\\/#\\\/schema\\\/logo\\\/image\\\/\"}}]}<\/script>\n<!-- \/ Yoast SEO plugin. -->","yoast_head_json":{"title":"The Italian Gentleman - Fashion Museum Riga Online Store","robots":{"index":"index","follow":"follow","max-snippet":"max-snippet:-1","max-image-preview":"max-image-preview:large","max-video-preview":"max-video-preview:-1"},"canonical":"https:\/\/fashionmuseum.shop\/lv\/prece\/the-italian-gentleman\/","og_locale":"lv_LV","og_type":"article","og_title":"The Italian Gentleman - Fashion Museum Riga Online Store","og_description":"by Hugo Jacomet, Lyle Roblin  K\u0101p\u0113c m\u0113s\u00a0izv\u0113l\u0113j\u0101mies\u00a0\u0161o gr\u0101matu:  \u012asta slavas dziesma it\u0101\u013cu klasiskaj\u0101m dr\u0113bniec\u012bbas trad\u012bcij\u0101m un stilam \u2013 v\u012brie\u0161u ap\u0123\u0113rba aizraut\u012bgais p\u0113tnieks, aprakstnieks un baud\u012bt\u0101js Igo \u017dakom\u0113 velt\u012bjis milz\u012bgu darbu, kop\u0101 ar fotogr\u0101fu Lailu Roblinu iem\u016b\u017einot elegant\u0101kos It\u0101lijas v\u012brie\u0161us, ietekm\u012bg\u0101kos no klasiskajiem dr\u0113bnieku namiem un apavu meistariem. Satrieco\u0161i skaista, bag\u0101t\u012bga gr\u0101mata, kas velt\u012bta roku darbam, amatniec\u012bbas trad\u012bcij\u0101m un It\u0101lijas v\u012brie\u0161u stilam, kam nesp\u0113j l\u012bdzin\u0101ties nekas \u0161ai pasaul\u0113. Izcili!","og_url":"https:\/\/fashionmuseum.shop\/lv\/prece\/the-italian-gentleman\/","og_site_name":"Fashion Museum Riga Online Store","article_modified_time":"2024-09-06T10:10:16+00:00","og_image":[{"width":960,"height":1200,"url":"https:\/\/fashionmuseum.shop\/wp-content\/uploads\/2024\/09\/cover-3.jpg","type":"image\/jpeg"}],"twitter_card":"summary_large_image","twitter_misc":{"Est. reading time":"1 minute"},"schema":{"@context":"https:\/\/schema.org","@graph":[{"@type":"WebPage","@id":"https:\/\/fashionmuseum.shop\/lv\/prece\/the-italian-gentleman\/","url":"https:\/\/fashionmuseum.shop\/lv\/prece\/the-italian-gentleman\/","name":"The Italian Gentleman - Fashion Museum Riga Online Store","isPartOf":{"@id":"https:\/\/fashionmuseum.shop\/lv\/#website"},"primaryImageOfPage":{"@id":"https:\/\/fashionmuseum.shop\/lv\/prece\/the-italian-gentleman\/#primaryimage"},"image":{"@id":"https:\/\/fashionmuseum.shop\/lv\/prece\/the-italian-gentleman\/#primaryimage"},"thumbnailUrl":"https:\/\/i0.wp.com\/fashionmuseum.shop\/wp-content\/uploads\/2024\/09\/9780500022863_the-italian-gentleman.webp?fit=720%2C720&ssl=1","datePublished":"2024-09-06T09:49:20+00:00","dateModified":"2024-09-06T10:10:16+00:00","breadcrumb":{"@id":"https:\/\/fashionmuseum.shop\/lv\/prece\/the-italian-gentleman\/#breadcrumb"},"inLanguage":"lv-LV","potentialAction":[{"@type":"ReadAction","target":["https:\/\/fashionmuseum.shop\/lv\/prece\/the-italian-gentleman\/"]}]},{"@type":"ImageObject","inLanguage":"lv-LV","@id":"https:\/\/fashionmuseum.shop\/lv\/prece\/the-italian-gentleman\/#primaryimage","url":"https:\/\/i0.wp.com\/fashionmuseum.shop\/wp-content\/uploads\/2024\/09\/9780500022863_the-italian-gentleman.webp?fit=720%2C720&ssl=1","contentUrl":"https:\/\/i0.wp.com\/fashionmuseum.shop\/wp-content\/uploads\/2024\/09\/9780500022863_the-italian-gentleman.webp?fit=720%2C720&ssl=1","width":720,"height":720},{"@type":"BreadcrumbList","@id":"https:\/\/fashionmuseum.shop\/lv\/prece\/the-italian-gentleman\/#breadcrumb","itemListElement":[{"@type":"ListItem","position":1,"name":"Home","item":"https:\/\/fashionmuseum.shop\/lv\/"},{"@type":"ListItem","position":2,"name":"Products","item":"https:\/\/fashionmuseum.shop\/lv\/shop\/"},{"@type":"ListItem","position":3,"name":"The Italian Gentleman"}]},{"@type":"WebSite","@id":"https:\/\/fashionmuseum.shop\/lv\/#website","url":"https:\/\/fashionmuseum.shop\/lv\/","name":"Fashion Museum Online Store","description":"Fashion Museum Riga Online Store provides a wide selection of books about fashion and fashion history.","publisher":{"@id":"https:\/\/fashionmuseum.shop\/lv\/#organization"},"potentialAction":[{"@type":"SearchAction","target":{"@type":"EntryPoint","urlTemplate":"https:\/\/fashionmuseum.shop\/lv\/?s={search_term_string}"},"query-input":{"@type":"PropertyValueSpecification","valueRequired":true,"valueName":"search_term_string"}}],"inLanguage":"lv-LV"},{"@type":"Organization","@id":"https:\/\/fashionmuseum.shop\/lv\/#organization","name":"Modes muzejs","url":"https:\/\/fashionmuseum.shop\/lv\/","logo":{"@type":"ImageObject","inLanguage":"lv-LV","@id":"https:\/\/fashionmuseum.shop\/lv\/#\/schema\/logo\/image\/","url":"https:\/\/i1.wp.com\/fashionmuseum.shop\/wp-content\/uploads\/2020\/04\/apple-touch-icon.png?fit=180%2C180&ssl=1","contentUrl":"https:\/\/i1.wp.com\/fashionmuseum.shop\/wp-content\/uploads\/2020\/04\/apple-touch-icon.png?fit=180%2C180&ssl=1","width":180,"height":180,"caption":"Modes muzejs"},"image":{"@id":"https:\/\/fashionmuseum.shop\/lv\/#\/schema\/logo\/image\/"}}]}},"jetpack_publicize_connections":[],"jetpack_likes_enabled":false,"jetpack_sharing_enabled":true,"amp_enabled":true,"_links":{"self":[{"href":"https:\/\/fashionmuseum.shop\/lv\/wp-json\/wp\/v2\/product\/161475","targetHints":{"allow":["GET"]}}],"collection":[{"href":"https:\/\/fashionmuseum.shop\/lv\/wp-json\/wp\/v2\/product"}],"about":[{"href":"https:\/\/fashionmuseum.shop\/lv\/wp-json\/wp\/v2\/types\/product"}],"wp:featuredmedia":[{"embeddable":true,"href":"https:\/\/fashionmuseum.shop\/lv\/wp-json\/wp\/v2\/media\/162992"}],"wp:attachment":[{"href":"https:\/\/fashionmuseum.shop\/lv\/wp-json\/wp\/v2\/media?parent=161475"}],"wp:term":[{"taxonomy":"product_brand","embeddable":true,"href":"https:\/\/fashionmuseum.shop\/lv\/wp-json\/wp\/v2\/product_brand?post=161475"},{"taxonomy":"product_cat","embeddable":true,"href":"https:\/\/fashionmuseum.shop\/lv\/wp-json\/wp\/v2\/product_cat?post=161475"},{"taxonomy":"product_tag","embeddable":true,"href":"https:\/\/fashionmuseum.shop\/lv\/wp-json\/wp\/v2\/product_tag?post=161475"}],"curies":[{"name":"wp","href":"https:\/\/api.w.org\/{rel}","templated":true}]}}