{"id":161519,"date":"2024-09-06T14:05:46","date_gmt":"2024-09-06T11:05:46","guid":{"rendered":"https:\/\/fashionmuseum.shop\/?post_type=product&#038;p=161519"},"modified":"2025-11-23T18:49:27","modified_gmt":"2025-11-23T16:49:27","slug":"the-parisian-gentleman","status":"publish","type":"product","link":"https:\/\/fashionmuseum.shop\/lv\/prece\/the-parisian-gentleman\/","title":{"rendered":"The Parisian Gentleman"},"content":{"rendered":"<p><em><strong>Izdev\u0113ja gr\u0101matas anot\u0101cija:<\/strong><\/em><\/p>\n<div data-role=\"bva-reveal\">\n<div data-role=\"bva-reveal\">\n<div data-role=\"bva-reveal\">\n<div data-role=\"bva-reveal\">\n<div data-role=\"bva-reveal\">\n<div data-role=\"bva-reveal\">\n<div data-role=\"bva-reveal\">\n<div data-role=\"bva-reveal\">\n<div data-role=\"bva-reveal\">\n<p>Perfectly attuned to the rising interest and market for men\u2019s style,\u00a0<i>The Parisian Gentleman<\/i>\u00a0presents the leading men\u2019s style-makers, from hidden ateliers and little-known studios to internationally renowned names such as shirtmakers Charvet, shoe-makers Berluti and recently revived trunkmakers Moynat. The stories of each house, and the creatives and craftsmen behind them, bring alive the clothes, capture fading traditions, and celebrate an unceasing dedication to quality. Hugo Jacomet personally knows many of the leaders of these sought-after marques, many of which are difficult to access, so the portrait he paints of each maker derives from first-hand knowledge. Impeccable photography, much of which was shot exclusively for this book, provides an exquisite complement to the words.<\/p>\n<div data-role=\"bva-reveal\">\n<p><i>The Parisian Gentleman<\/i>\u00a0is an essential addition to the well-dressed man\u2019s private wardrobe and collection.<\/p>\n<\/div>\n<\/div>\n<\/div>\n<\/div>\n<\/div>\n<p>This book is brought by\u00a0<span style=\"text-decoration: underline\"><strong><a href=\"https:\/\/fashionmuseum.shop\/lv\/publisher\/thames-and-hudson\/\">Thames and Hudson\u00a0<\/a><\/strong><\/span>, ISBN 9780500293966<\/p>\n<\/div>\n<\/div>\n<\/div>\n<\/div>\n<\/div>\n","protected":false},"excerpt":{"rendered":"<p>by <a href=\"https:\/\/fashionmuseum.shop\/lv\/book-author\/hugo-jacomet-andy-julia\/\"><strong>Hugo Jacomet, <a href=\"https:\/\/fashionmuseum.shop\/book-author\/hugo-jacomet-andy-julia\/\">\u00a0Andy Julia<\/a><\/strong><\/a><\/p>\n<p><em><strong>K\u0101p\u0113c m\u0113s\u00a0izv\u0113l\u0113j\u0101mies\u00a0\u0161o gr\u0101matu:<\/strong><\/em><\/p>\n<p>Sav\u0101 zi\u0146\u0101 \u0161\u012b skaist\u0101 gr\u0101mata ir m\u0113\u0123in\u0101jums mazin\u0101t v\u0113sturisku netaisn\u012bbu \u2013 Par\u012bze ierasti asoci\u0113jas ar d\u0101mu modi, savuk\u0101rt Londona tiek uzskat\u012bta par dr\u0113bniec\u012bbas centru. V\u012brie\u0161u ap\u0123\u0113rba aizraut\u012bgais p\u0113tnieks, aprakstnieks un baud\u012bt\u0101js Igo \u017dakom\u0113, kop\u0101 ar fotogr\u0101fu Endiju \u017duli\u0101, ieguld\u012bjis milz\u012bgu darbu, atkl\u0101jot izcil\u0101kos un sen\u0101kos Par\u012bzes dr\u0113bniec\u012bbas namus, apavu atelj\u0113, parfim\u0113rus, somu un bag\u0101\u017eas izgatavot\u0101jus. Iespaid\u012bgs vizu\u0101ls st\u0101sts par v\u012brie\u0161u stilu, trad\u012bcij\u0101m, amatniec\u012bbu un Par\u012bzi!<\/p>\n","protected":false},"featured_media":162989,"template":"","meta":{"_coblocks_attr":"","_coblocks_dimensions":"","_coblocks_responsive_height":"","_coblocks_accordion_ie_support":"","_crdt_document":"","jetpack_publicize_message":"","jetpack_publicize_feature_enabled":true,"jetpack_social_post_already_shared":true,"jetpack_social_options":{"image_generator_settings":{"template":"highway","default_image_id":0,"font":"","enabled":false},"version":2},"_wpas_customize_per_network":false},"product_brand":[],"product_cat":[1611,1603,1605,2418],"product_tag":[4145,3522,4147,3520,4163,4146,4164,4165,1727],"class_list":{"0":"post-161519","1":"product","2":"type-product","3":"status-publish","4":"has-post-thumbnail","6":"product_cat-gramatas-anglu-valoda","7":"product_cat-gramatas-par-modes-dizaineriem","8":"product_cat-gramatas-par-modes-vesturi","9":"product_cat-gramatas","10":"product_tag-dandy-lv","11":"product_tag-designer-lv","12":"product_tag-elegance-lv","13":"product_tag-fashion-lv","14":"product_tag-french-fashion-lv","15":"product_tag-gentleman-lv","16":"product_tag-paris-lv","17":"product_tag-parisian-lv","18":"product_tag-viriesu-mode","19":"pa_book-author-andy-julia-lv","20":"pa_book-author-hugo-jacomet-lv","21":"pa_language-anglu","22":"pa_publisher-thames-and-hudson","24":"first","25":"instock","26":"featured","27":"shipping-taxable","28":"purchasable","29":"product-type-simple"},"yoast_head":"<!-- This site is optimized with the Yoast SEO plugin v27.4 - https:\/\/yoast.com\/product\/yoast-seo-wordpress\/ -->\n<title>The Parisian Gentleman - Fashion Museum Riga Online Store<\/title>\n<meta name=\"robots\" content=\"index, follow, max-snippet:-1, max-image-preview:large, max-video-preview:-1\" \/>\n<link rel=\"canonical\" href=\"https:\/\/fashionmuseum.shop\/lv\/prece\/the-parisian-gentleman\/\" \/>\n<meta property=\"og:locale\" content=\"lv_LV\" \/>\n<meta property=\"og:type\" content=\"article\" \/>\n<meta property=\"og:title\" content=\"The Parisian Gentleman - Fashion Museum Riga Online Store\" \/>\n<meta property=\"og:description\" content=\"by Hugo Jacomet, \u00a0Andy Julia  K\u0101p\u0113c m\u0113s\u00a0izv\u0113l\u0113j\u0101mies\u00a0\u0161o gr\u0101matu:  Sav\u0101 zi\u0146\u0101 \u0161\u012b skaist\u0101 gr\u0101mata ir m\u0113\u0123in\u0101jums mazin\u0101t v\u0113sturisku netaisn\u012bbu \u2013 Par\u012bze ierasti asoci\u0113jas ar d\u0101mu modi, savuk\u0101rt Londona tiek uzskat\u012bta par dr\u0113bniec\u012bbas centru. V\u012brie\u0161u ap\u0123\u0113rba aizraut\u012bgais p\u0113tnieks, aprakstnieks un baud\u012bt\u0101js Igo \u017dakom\u0113, kop\u0101 ar fotogr\u0101fu Endiju \u017duli\u0101, ieguld\u012bjis milz\u012bgu darbu, atkl\u0101jot izcil\u0101kos un sen\u0101kos Par\u012bzes dr\u0113bniec\u012bbas namus, apavu atelj\u0113, parfim\u0113rus, somu un bag\u0101\u017eas izgatavot\u0101jus. Iespaid\u012bgs vizu\u0101ls st\u0101sts par v\u012brie\u0161u stilu, trad\u012bcij\u0101m, amatniec\u012bbu un Par\u012bzi!\" \/>\n<meta property=\"og:url\" content=\"https:\/\/fashionmuseum.shop\/lv\/prece\/the-parisian-gentleman\/\" \/>\n<meta property=\"og:site_name\" content=\"Fashion Museum Riga Online Store\" \/>\n<meta property=\"article:modified_time\" content=\"2025-11-23T16:49:27+00:00\" \/>\n<meta property=\"og:image\" content=\"https:\/\/fashionmuseum.shop\/wp-content\/uploads\/2024\/09\/cover-4.jpg\" \/>\n\t<meta property=\"og:image:width\" content=\"956\" \/>\n\t<meta property=\"og:image:height\" content=\"1200\" \/>\n\t<meta property=\"og:image:type\" content=\"image\/jpeg\" \/>\n<meta name=\"twitter:card\" content=\"summary_large_image\" \/>\n<meta name=\"twitter:label1\" content=\"Est. reading time\" \/>\n\t<meta name=\"twitter:data1\" content=\"1 minute\" \/>\n<script type=\"application\/ld+json\" class=\"yoast-schema-graph\">{\"@context\":\"https:\\\/\\\/schema.org\",\"@graph\":[{\"@type\":\"WebPage\",\"@id\":\"https:\\\/\\\/fashionmuseum.shop\\\/lv\\\/prece\\\/the-parisian-gentleman\\\/\",\"url\":\"https:\\\/\\\/fashionmuseum.shop\\\/lv\\\/prece\\\/the-parisian-gentleman\\\/\",\"name\":\"The Parisian Gentleman - Fashion Museum Riga Online Store\",\"isPartOf\":{\"@id\":\"https:\\\/\\\/fashionmuseum.shop\\\/lv\\\/#website\"},\"primaryImageOfPage\":{\"@id\":\"https:\\\/\\\/fashionmuseum.shop\\\/lv\\\/prece\\\/the-parisian-gentleman\\\/#primaryimage\"},\"image\":{\"@id\":\"https:\\\/\\\/fashionmuseum.shop\\\/lv\\\/prece\\\/the-parisian-gentleman\\\/#primaryimage\"},\"thumbnailUrl\":\"https:\\\/\\\/i0.wp.com\\\/fashionmuseum.shop\\\/wp-content\\\/uploads\\\/2024\\\/09\\\/9780500293966_std_the-parisian-gentleman.webp?fit=720%2C720&ssl=1\",\"datePublished\":\"2024-09-06T11:05:46+00:00\",\"dateModified\":\"2025-11-23T16:49:27+00:00\",\"breadcrumb\":{\"@id\":\"https:\\\/\\\/fashionmuseum.shop\\\/lv\\\/prece\\\/the-parisian-gentleman\\\/#breadcrumb\"},\"inLanguage\":\"lv-LV\",\"potentialAction\":[{\"@type\":\"ReadAction\",\"target\":[\"https:\\\/\\\/fashionmuseum.shop\\\/lv\\\/prece\\\/the-parisian-gentleman\\\/\"]}]},{\"@type\":\"ImageObject\",\"inLanguage\":\"lv-LV\",\"@id\":\"https:\\\/\\\/fashionmuseum.shop\\\/lv\\\/prece\\\/the-parisian-gentleman\\\/#primaryimage\",\"url\":\"https:\\\/\\\/i0.wp.com\\\/fashionmuseum.shop\\\/wp-content\\\/uploads\\\/2024\\\/09\\\/9780500293966_std_the-parisian-gentleman.webp?fit=720%2C720&ssl=1\",\"contentUrl\":\"https:\\\/\\\/i0.wp.com\\\/fashionmuseum.shop\\\/wp-content\\\/uploads\\\/2024\\\/09\\\/9780500293966_std_the-parisian-gentleman.webp?fit=720%2C720&ssl=1\",\"width\":720,\"height\":720},{\"@type\":\"BreadcrumbList\",\"@id\":\"https:\\\/\\\/fashionmuseum.shop\\\/lv\\\/prece\\\/the-parisian-gentleman\\\/#breadcrumb\",\"itemListElement\":[{\"@type\":\"ListItem\",\"position\":1,\"name\":\"Home\",\"item\":\"https:\\\/\\\/fashionmuseum.shop\\\/lv\\\/\"},{\"@type\":\"ListItem\",\"position\":2,\"name\":\"Products\",\"item\":\"https:\\\/\\\/fashionmuseum.shop\\\/lv\\\/shop\\\/\"},{\"@type\":\"ListItem\",\"position\":3,\"name\":\"The Parisian Gentleman\"}]},{\"@type\":\"WebSite\",\"@id\":\"https:\\\/\\\/fashionmuseum.shop\\\/lv\\\/#website\",\"url\":\"https:\\\/\\\/fashionmuseum.shop\\\/lv\\\/\",\"name\":\"Fashion Museum Online Store\",\"description\":\"Fashion Museum Riga Online Store provides a wide selection of books about fashion and fashion history.\",\"publisher\":{\"@id\":\"https:\\\/\\\/fashionmuseum.shop\\\/lv\\\/#organization\"},\"potentialAction\":[{\"@type\":\"SearchAction\",\"target\":{\"@type\":\"EntryPoint\",\"urlTemplate\":\"https:\\\/\\\/fashionmuseum.shop\\\/lv\\\/?s={search_term_string}\"},\"query-input\":{\"@type\":\"PropertyValueSpecification\",\"valueRequired\":true,\"valueName\":\"search_term_string\"}}],\"inLanguage\":\"lv-LV\"},{\"@type\":\"Organization\",\"@id\":\"https:\\\/\\\/fashionmuseum.shop\\\/lv\\\/#organization\",\"name\":\"Modes muzejs\",\"url\":\"https:\\\/\\\/fashionmuseum.shop\\\/lv\\\/\",\"logo\":{\"@type\":\"ImageObject\",\"inLanguage\":\"lv-LV\",\"@id\":\"https:\\\/\\\/fashionmuseum.shop\\\/lv\\\/#\\\/schema\\\/logo\\\/image\\\/\",\"url\":\"https:\\\/\\\/i1.wp.com\\\/fashionmuseum.shop\\\/wp-content\\\/uploads\\\/2020\\\/04\\\/apple-touch-icon.png?fit=180%2C180&ssl=1\",\"contentUrl\":\"https:\\\/\\\/i1.wp.com\\\/fashionmuseum.shop\\\/wp-content\\\/uploads\\\/2020\\\/04\\\/apple-touch-icon.png?fit=180%2C180&ssl=1\",\"width\":180,\"height\":180,\"caption\":\"Modes muzejs\"},\"image\":{\"@id\":\"https:\\\/\\\/fashionmuseum.shop\\\/lv\\\/#\\\/schema\\\/logo\\\/image\\\/\"}}]}<\/script>\n<!-- \/ Yoast SEO plugin. -->","yoast_head_json":{"title":"The Parisian Gentleman - Fashion Museum Riga Online Store","robots":{"index":"index","follow":"follow","max-snippet":"max-snippet:-1","max-image-preview":"max-image-preview:large","max-video-preview":"max-video-preview:-1"},"canonical":"https:\/\/fashionmuseum.shop\/lv\/prece\/the-parisian-gentleman\/","og_locale":"lv_LV","og_type":"article","og_title":"The Parisian Gentleman - Fashion Museum Riga Online Store","og_description":"by Hugo Jacomet, \u00a0Andy Julia  K\u0101p\u0113c m\u0113s\u00a0izv\u0113l\u0113j\u0101mies\u00a0\u0161o gr\u0101matu:  Sav\u0101 zi\u0146\u0101 \u0161\u012b skaist\u0101 gr\u0101mata ir m\u0113\u0123in\u0101jums mazin\u0101t v\u0113sturisku netaisn\u012bbu \u2013 Par\u012bze ierasti asoci\u0113jas ar d\u0101mu modi, savuk\u0101rt Londona tiek uzskat\u012bta par dr\u0113bniec\u012bbas centru. V\u012brie\u0161u ap\u0123\u0113rba aizraut\u012bgais p\u0113tnieks, aprakstnieks un baud\u012bt\u0101js Igo \u017dakom\u0113, kop\u0101 ar fotogr\u0101fu Endiju \u017duli\u0101, ieguld\u012bjis milz\u012bgu darbu, atkl\u0101jot izcil\u0101kos un sen\u0101kos Par\u012bzes dr\u0113bniec\u012bbas namus, apavu atelj\u0113, parfim\u0113rus, somu un bag\u0101\u017eas izgatavot\u0101jus. Iespaid\u012bgs vizu\u0101ls st\u0101sts par v\u012brie\u0161u stilu, trad\u012bcij\u0101m, amatniec\u012bbu un Par\u012bzi!","og_url":"https:\/\/fashionmuseum.shop\/lv\/prece\/the-parisian-gentleman\/","og_site_name":"Fashion Museum Riga Online Store","article_modified_time":"2025-11-23T16:49:27+00:00","og_image":[{"width":956,"height":1200,"url":"https:\/\/fashionmuseum.shop\/wp-content\/uploads\/2024\/09\/cover-4.jpg","type":"image\/jpeg"}],"twitter_card":"summary_large_image","twitter_misc":{"Est. reading time":"1 minute"},"schema":{"@context":"https:\/\/schema.org","@graph":[{"@type":"WebPage","@id":"https:\/\/fashionmuseum.shop\/lv\/prece\/the-parisian-gentleman\/","url":"https:\/\/fashionmuseum.shop\/lv\/prece\/the-parisian-gentleman\/","name":"The Parisian Gentleman - Fashion Museum Riga Online Store","isPartOf":{"@id":"https:\/\/fashionmuseum.shop\/lv\/#website"},"primaryImageOfPage":{"@id":"https:\/\/fashionmuseum.shop\/lv\/prece\/the-parisian-gentleman\/#primaryimage"},"image":{"@id":"https:\/\/fashionmuseum.shop\/lv\/prece\/the-parisian-gentleman\/#primaryimage"},"thumbnailUrl":"https:\/\/i0.wp.com\/fashionmuseum.shop\/wp-content\/uploads\/2024\/09\/9780500293966_std_the-parisian-gentleman.webp?fit=720%2C720&ssl=1","datePublished":"2024-09-06T11:05:46+00:00","dateModified":"2025-11-23T16:49:27+00:00","breadcrumb":{"@id":"https:\/\/fashionmuseum.shop\/lv\/prece\/the-parisian-gentleman\/#breadcrumb"},"inLanguage":"lv-LV","potentialAction":[{"@type":"ReadAction","target":["https:\/\/fashionmuseum.shop\/lv\/prece\/the-parisian-gentleman\/"]}]},{"@type":"ImageObject","inLanguage":"lv-LV","@id":"https:\/\/fashionmuseum.shop\/lv\/prece\/the-parisian-gentleman\/#primaryimage","url":"https:\/\/i0.wp.com\/fashionmuseum.shop\/wp-content\/uploads\/2024\/09\/9780500293966_std_the-parisian-gentleman.webp?fit=720%2C720&ssl=1","contentUrl":"https:\/\/i0.wp.com\/fashionmuseum.shop\/wp-content\/uploads\/2024\/09\/9780500293966_std_the-parisian-gentleman.webp?fit=720%2C720&ssl=1","width":720,"height":720},{"@type":"BreadcrumbList","@id":"https:\/\/fashionmuseum.shop\/lv\/prece\/the-parisian-gentleman\/#breadcrumb","itemListElement":[{"@type":"ListItem","position":1,"name":"Home","item":"https:\/\/fashionmuseum.shop\/lv\/"},{"@type":"ListItem","position":2,"name":"Products","item":"https:\/\/fashionmuseum.shop\/lv\/shop\/"},{"@type":"ListItem","position":3,"name":"The Parisian Gentleman"}]},{"@type":"WebSite","@id":"https:\/\/fashionmuseum.shop\/lv\/#website","url":"https:\/\/fashionmuseum.shop\/lv\/","name":"Fashion Museum Online Store","description":"Fashion Museum Riga Online Store provides a wide selection of books about fashion and fashion history.","publisher":{"@id":"https:\/\/fashionmuseum.shop\/lv\/#organization"},"potentialAction":[{"@type":"SearchAction","target":{"@type":"EntryPoint","urlTemplate":"https:\/\/fashionmuseum.shop\/lv\/?s={search_term_string}"},"query-input":{"@type":"PropertyValueSpecification","valueRequired":true,"valueName":"search_term_string"}}],"inLanguage":"lv-LV"},{"@type":"Organization","@id":"https:\/\/fashionmuseum.shop\/lv\/#organization","name":"Modes muzejs","url":"https:\/\/fashionmuseum.shop\/lv\/","logo":{"@type":"ImageObject","inLanguage":"lv-LV","@id":"https:\/\/fashionmuseum.shop\/lv\/#\/schema\/logo\/image\/","url":"https:\/\/i1.wp.com\/fashionmuseum.shop\/wp-content\/uploads\/2020\/04\/apple-touch-icon.png?fit=180%2C180&ssl=1","contentUrl":"https:\/\/i1.wp.com\/fashionmuseum.shop\/wp-content\/uploads\/2020\/04\/apple-touch-icon.png?fit=180%2C180&ssl=1","width":180,"height":180,"caption":"Modes muzejs"},"image":{"@id":"https:\/\/fashionmuseum.shop\/lv\/#\/schema\/logo\/image\/"}}]}},"jetpack_publicize_connections":[],"jetpack_likes_enabled":false,"jetpack_sharing_enabled":true,"amp_enabled":true,"_links":{"self":[{"href":"https:\/\/fashionmuseum.shop\/lv\/wp-json\/wp\/v2\/product\/161519","targetHints":{"allow":["GET"]}}],"collection":[{"href":"https:\/\/fashionmuseum.shop\/lv\/wp-json\/wp\/v2\/product"}],"about":[{"href":"https:\/\/fashionmuseum.shop\/lv\/wp-json\/wp\/v2\/types\/product"}],"wp:featuredmedia":[{"embeddable":true,"href":"https:\/\/fashionmuseum.shop\/lv\/wp-json\/wp\/v2\/media\/162989"}],"wp:attachment":[{"href":"https:\/\/fashionmuseum.shop\/lv\/wp-json\/wp\/v2\/media?parent=161519"}],"wp:term":[{"taxonomy":"product_brand","embeddable":true,"href":"https:\/\/fashionmuseum.shop\/lv\/wp-json\/wp\/v2\/product_brand?post=161519"},{"taxonomy":"product_cat","embeddable":true,"href":"https:\/\/fashionmuseum.shop\/lv\/wp-json\/wp\/v2\/product_cat?post=161519"},{"taxonomy":"product_tag","embeddable":true,"href":"https:\/\/fashionmuseum.shop\/lv\/wp-json\/wp\/v2\/product_tag?post=161519"}],"curies":[{"name":"wp","href":"https:\/\/api.w.org\/{rel}","templated":true}]}}