{"id":161581,"date":"2024-09-06T14:52:39","date_gmt":"2024-09-06T11:52:40","guid":{"rendered":"https:\/\/fashionmuseum.shop\/?post_type=product&#038;p=161581"},"modified":"2024-09-06T15:09:20","modified_gmt":"2024-09-06T12:09:20","slug":"1950s-fashion-print","status":"publish","type":"product","link":"https:\/\/fashionmuseum.shop\/lv\/prece\/1950s-fashion-print\/","title":{"rendered":"1950s Fashion Print"},"content":{"rendered":"<p><em><strong>Izdev\u0113ja gr\u0101matas anot\u0101cija:<\/strong><\/em><\/p>\n<div data-role=\"bva-reveal\">\n<div data-role=\"bva-reveal\">\n<div data-role=\"bva-reveal\">\n<div data-role=\"bva-reveal\">\n<div data-role=\"bva-reveal\">\n<div data-role=\"bva-reveal\">\n<div data-role=\"bva-reveal\">\n<div data-role=\"bva-reveal\">\n<div data-role=\"bva-reveal\">\n<div data-role=\"bva-reveal\">\n<div data-role=\"bva-reveal\">\n<div data-role=\"bva-reveal\">\n<div data-role=\"bva-reveal\">\n<div data-role=\"bva-reveal\">\n<div data-role=\"bva-reveal\">\n<div data-role=\"bva-reveal\">\n<div data-role=\"bva-reveal\">\n<div data-role=\"bva-reveal\">\n<div data-role=\"bva-reveal\">\n<p><strong>An essential sourcebook of prints from a key fashion decade.<\/strong><\/p>\n<p>The 1950s was the decade when an analytical approach to design, with a lightness and freshness, combined with whimsical imagery and idiosyncratic subject matter. Showcasing hundreds of print designs, this book celebrates the heyday of postwar fashion design.<\/p>\n<p>From Lucienne Day and Robert Stewart to Maija Isola of Marimekko, the designs and influences of the print icons of the time are all covered. In addition to finished prints, the book contains exclusive illustrations and original artworks.<\/p>\n<p>The major themes of the period are explored, including: narrative and novelty; abstraction, exploring the distorted and attenuated forms used in print; artistic licence and the influence of contemporary art on fashion print; and finally kinetic prints that capture the influence of the era\u2019s \u2018mobiles, doodles and spasms\u2019. Each short chapter introduction is followed by a range of illustrations with captions to give provenance and relevance, making this a unique sourcebook for contemporary designers and students.<\/p>\n<\/div>\n<\/div>\n<\/div>\n<\/div>\n<\/div>\n<p>This book is brought by\u00a0<span style=\"text-decoration: underline\"><strong><a href=\"https:\/\/fashionmuseum.shop\/lv\/publisher\/batsford\/\">Batsford<\/a><\/strong><\/span>, ISBN 9781849945875<\/p>\n<\/div>\n<\/div>\n<\/div>\n<\/div>\n<\/div>\n<\/div>\n<\/div>\n<\/div>\n<\/div>\n<\/div>\n<\/div>\n<\/div>\n<\/div>\n<\/div>\n","protected":false},"excerpt":{"rendered":"<p>by <a href=\"https:\/\/fashionmuseum.shop\/lv\/book-author\/marnie-fogg\/\"><strong>Marnie Fogg<\/strong><\/a><\/p>\n<p><em><strong>K\u0101p\u0113c m\u0113s\u00a0izv\u0113l\u0113j\u0101mies\u00a0\u0161o gr\u0101matu:<\/strong><\/em><\/p>\n<p>Audumu raksti un apdrukas ir spilgta sava laika gaumes un tehnolo\u0123isko iesp\u0113ju liec\u012bba. \u0160is stil\u012bgais izdevums apkopo vair\u0101k nek\u0101 200 apdruku, kas tapu\u0161as 50. gados un atkl\u0101j sava laika aizrau\u0161anos ar abstrakto un kin\u0113tisko m\u0101kslu, rokenrolu, ziediem, m\u0101jas labiek\u0101rto\u0161anu, ce\u013cojumiem un ko\u0161\u0101m kr\u0101s\u0101m. Burv\u012bgs ce\u013cvedis 50. gadu dizain\u0101<\/p>\n","protected":false},"featured_media":163495,"template":"","meta":{"_coblocks_attr":"","_coblocks_dimensions":"","_coblocks_responsive_height":"","_coblocks_accordion_ie_support":"","_crdt_document":"","jetpack_publicize_message":"","jetpack_publicize_feature_enabled":true,"jetpack_social_post_already_shared":true,"jetpack_social_options":{"image_generator_settings":{"template":"highway","default_image_id":0,"font":"","enabled":false},"version":2},"_wpas_customize_per_network":false},"product_brand":[],"product_cat":[1611,1603,1605,2418],"product_tag":[3520,3737,1734],"class_list":{"0":"post-161581","1":"product","2":"type-product","3":"status-publish","4":"has-post-thumbnail","6":"product_cat-gramatas-anglu-valoda","7":"product_cat-gramatas-par-modes-dizaineriem","8":"product_cat-gramatas-par-modes-vesturi","9":"product_cat-gramatas","10":"product_tag-fashion-lv","11":"product_tag-prints-lv","12":"product_tag-raksti","13":"pa_book-author-marnie-fogg-lv-2","14":"pa_language-anglu","15":"pa_publisher-batsford-lv","17":"first","18":"instock","19":"featured","20":"shipping-taxable","21":"purchasable","22":"product-type-simple"},"yoast_head":"<!-- This site is optimized with the Yoast SEO plugin v27.4 - https:\/\/yoast.com\/product\/yoast-seo-wordpress\/ -->\n<title>1950s Fashion Print - Fashion Museum Riga Online Store<\/title>\n<meta name=\"robots\" content=\"index, follow, max-snippet:-1, max-image-preview:large, max-video-preview:-1\" \/>\n<link rel=\"canonical\" href=\"https:\/\/fashionmuseum.shop\/lv\/prece\/1950s-fashion-print\/\" \/>\n<meta property=\"og:locale\" content=\"lv_LV\" \/>\n<meta property=\"og:type\" content=\"article\" \/>\n<meta property=\"og:title\" content=\"1950s Fashion Print - Fashion Museum Riga Online Store\" \/>\n<meta property=\"og:description\" content=\"by Marnie Fogg  K\u0101p\u0113c m\u0113s\u00a0izv\u0113l\u0113j\u0101mies\u00a0\u0161o gr\u0101matu:  Audumu raksti un apdrukas ir spilgta sava laika gaumes un tehnolo\u0123isko iesp\u0113ju liec\u012bba. \u0160is stil\u012bgais izdevums apkopo vair\u0101k nek\u0101 200 apdruku, kas tapu\u0161as 50. gados un atkl\u0101j sava laika aizrau\u0161anos ar abstrakto un kin\u0113tisko m\u0101kslu, rokenrolu, ziediem, m\u0101jas labiek\u0101rto\u0161anu, ce\u013cojumiem un ko\u0161\u0101m kr\u0101s\u0101m. Burv\u012bgs ce\u013cvedis 50. gadu dizain\u0101\" \/>\n<meta property=\"og:url\" content=\"https:\/\/fashionmuseum.shop\/lv\/prece\/1950s-fashion-print\/\" \/>\n<meta property=\"og:site_name\" content=\"Fashion Museum Riga Online Store\" \/>\n<meta property=\"article:modified_time\" content=\"2024-09-06T12:09:20+00:00\" \/>\n<meta property=\"og:image\" content=\"https:\/\/fashionmuseum.shop\/wp-content\/uploads\/2024\/09\/cov-1.jpg\" \/>\n\t<meta property=\"og:image:width\" content=\"1000\" \/>\n\t<meta property=\"og:image:height\" content=\"1000\" \/>\n\t<meta property=\"og:image:type\" content=\"image\/jpeg\" \/>\n<meta name=\"twitter:card\" content=\"summary_large_image\" \/>\n<meta name=\"twitter:label1\" content=\"Est. reading time\" \/>\n\t<meta name=\"twitter:data1\" content=\"1 minute\" \/>\n<script type=\"application\/ld+json\" class=\"yoast-schema-graph\">{\"@context\":\"https:\\\/\\\/schema.org\",\"@graph\":[{\"@type\":\"WebPage\",\"@id\":\"https:\\\/\\\/fashionmuseum.shop\\\/lv\\\/prece\\\/1950s-fashion-print\\\/\",\"url\":\"https:\\\/\\\/fashionmuseum.shop\\\/lv\\\/prece\\\/1950s-fashion-print\\\/\",\"name\":\"1950s Fashion Print - Fashion Museum Riga Online Store\",\"isPartOf\":{\"@id\":\"https:\\\/\\\/fashionmuseum.shop\\\/lv\\\/#website\"},\"primaryImageOfPage\":{\"@id\":\"https:\\\/\\\/fashionmuseum.shop\\\/lv\\\/prece\\\/1950s-fashion-print\\\/#primaryimage\"},\"image\":{\"@id\":\"https:\\\/\\\/fashionmuseum.shop\\\/lv\\\/prece\\\/1950s-fashion-print\\\/#primaryimage\"},\"thumbnailUrl\":\"https:\\\/\\\/i0.wp.com\\\/fashionmuseum.shop\\\/wp-content\\\/uploads\\\/2024\\\/09\\\/1950-fashion-print.jpg?fit=1000%2C1000&ssl=1\",\"datePublished\":\"2024-09-06T11:52:40+00:00\",\"dateModified\":\"2024-09-06T12:09:20+00:00\",\"breadcrumb\":{\"@id\":\"https:\\\/\\\/fashionmuseum.shop\\\/lv\\\/prece\\\/1950s-fashion-print\\\/#breadcrumb\"},\"inLanguage\":\"lv-LV\",\"potentialAction\":[{\"@type\":\"ReadAction\",\"target\":[\"https:\\\/\\\/fashionmuseum.shop\\\/lv\\\/prece\\\/1950s-fashion-print\\\/\"]}]},{\"@type\":\"ImageObject\",\"inLanguage\":\"lv-LV\",\"@id\":\"https:\\\/\\\/fashionmuseum.shop\\\/lv\\\/prece\\\/1950s-fashion-print\\\/#primaryimage\",\"url\":\"https:\\\/\\\/i0.wp.com\\\/fashionmuseum.shop\\\/wp-content\\\/uploads\\\/2024\\\/09\\\/1950-fashion-print.jpg?fit=1000%2C1000&ssl=1\",\"contentUrl\":\"https:\\\/\\\/i0.wp.com\\\/fashionmuseum.shop\\\/wp-content\\\/uploads\\\/2024\\\/09\\\/1950-fashion-print.jpg?fit=1000%2C1000&ssl=1\",\"width\":1000,\"height\":1000},{\"@type\":\"BreadcrumbList\",\"@id\":\"https:\\\/\\\/fashionmuseum.shop\\\/lv\\\/prece\\\/1950s-fashion-print\\\/#breadcrumb\",\"itemListElement\":[{\"@type\":\"ListItem\",\"position\":1,\"name\":\"Home\",\"item\":\"https:\\\/\\\/fashionmuseum.shop\\\/lv\\\/\"},{\"@type\":\"ListItem\",\"position\":2,\"name\":\"Products\",\"item\":\"https:\\\/\\\/fashionmuseum.shop\\\/lv\\\/shop\\\/\"},{\"@type\":\"ListItem\",\"position\":3,\"name\":\"1950s Fashion Print\"}]},{\"@type\":\"WebSite\",\"@id\":\"https:\\\/\\\/fashionmuseum.shop\\\/lv\\\/#website\",\"url\":\"https:\\\/\\\/fashionmuseum.shop\\\/lv\\\/\",\"name\":\"Fashion Museum Online Store\",\"description\":\"Fashion Museum Riga Online Store provides a wide selection of books about fashion and fashion history.\",\"publisher\":{\"@id\":\"https:\\\/\\\/fashionmuseum.shop\\\/lv\\\/#organization\"},\"potentialAction\":[{\"@type\":\"SearchAction\",\"target\":{\"@type\":\"EntryPoint\",\"urlTemplate\":\"https:\\\/\\\/fashionmuseum.shop\\\/lv\\\/?s={search_term_string}\"},\"query-input\":{\"@type\":\"PropertyValueSpecification\",\"valueRequired\":true,\"valueName\":\"search_term_string\"}}],\"inLanguage\":\"lv-LV\"},{\"@type\":\"Organization\",\"@id\":\"https:\\\/\\\/fashionmuseum.shop\\\/lv\\\/#organization\",\"name\":\"Modes muzejs\",\"url\":\"https:\\\/\\\/fashionmuseum.shop\\\/lv\\\/\",\"logo\":{\"@type\":\"ImageObject\",\"inLanguage\":\"lv-LV\",\"@id\":\"https:\\\/\\\/fashionmuseum.shop\\\/lv\\\/#\\\/schema\\\/logo\\\/image\\\/\",\"url\":\"https:\\\/\\\/i1.wp.com\\\/fashionmuseum.shop\\\/wp-content\\\/uploads\\\/2020\\\/04\\\/apple-touch-icon.png?fit=180%2C180&ssl=1\",\"contentUrl\":\"https:\\\/\\\/i1.wp.com\\\/fashionmuseum.shop\\\/wp-content\\\/uploads\\\/2020\\\/04\\\/apple-touch-icon.png?fit=180%2C180&ssl=1\",\"width\":180,\"height\":180,\"caption\":\"Modes muzejs\"},\"image\":{\"@id\":\"https:\\\/\\\/fashionmuseum.shop\\\/lv\\\/#\\\/schema\\\/logo\\\/image\\\/\"}}]}<\/script>\n<!-- \/ Yoast SEO plugin. -->","yoast_head_json":{"title":"1950s Fashion Print - Fashion Museum Riga Online Store","robots":{"index":"index","follow":"follow","max-snippet":"max-snippet:-1","max-image-preview":"max-image-preview:large","max-video-preview":"max-video-preview:-1"},"canonical":"https:\/\/fashionmuseum.shop\/lv\/prece\/1950s-fashion-print\/","og_locale":"lv_LV","og_type":"article","og_title":"1950s Fashion Print - Fashion Museum Riga Online Store","og_description":"by Marnie Fogg  K\u0101p\u0113c m\u0113s\u00a0izv\u0113l\u0113j\u0101mies\u00a0\u0161o gr\u0101matu:  Audumu raksti un apdrukas ir spilgta sava laika gaumes un tehnolo\u0123isko iesp\u0113ju liec\u012bba. \u0160is stil\u012bgais izdevums apkopo vair\u0101k nek\u0101 200 apdruku, kas tapu\u0161as 50. gados un atkl\u0101j sava laika aizrau\u0161anos ar abstrakto un kin\u0113tisko m\u0101kslu, rokenrolu, ziediem, m\u0101jas labiek\u0101rto\u0161anu, ce\u013cojumiem un ko\u0161\u0101m kr\u0101s\u0101m. Burv\u012bgs ce\u013cvedis 50. gadu dizain\u0101","og_url":"https:\/\/fashionmuseum.shop\/lv\/prece\/1950s-fashion-print\/","og_site_name":"Fashion Museum Riga Online Store","article_modified_time":"2024-09-06T12:09:20+00:00","og_image":[{"width":1000,"height":1000,"url":"https:\/\/fashionmuseum.shop\/wp-content\/uploads\/2024\/09\/cov-1.jpg","type":"image\/jpeg"}],"twitter_card":"summary_large_image","twitter_misc":{"Est. reading time":"1 minute"},"schema":{"@context":"https:\/\/schema.org","@graph":[{"@type":"WebPage","@id":"https:\/\/fashionmuseum.shop\/lv\/prece\/1950s-fashion-print\/","url":"https:\/\/fashionmuseum.shop\/lv\/prece\/1950s-fashion-print\/","name":"1950s Fashion Print - Fashion Museum Riga Online Store","isPartOf":{"@id":"https:\/\/fashionmuseum.shop\/lv\/#website"},"primaryImageOfPage":{"@id":"https:\/\/fashionmuseum.shop\/lv\/prece\/1950s-fashion-print\/#primaryimage"},"image":{"@id":"https:\/\/fashionmuseum.shop\/lv\/prece\/1950s-fashion-print\/#primaryimage"},"thumbnailUrl":"https:\/\/i0.wp.com\/fashionmuseum.shop\/wp-content\/uploads\/2024\/09\/1950-fashion-print.jpg?fit=1000%2C1000&ssl=1","datePublished":"2024-09-06T11:52:40+00:00","dateModified":"2024-09-06T12:09:20+00:00","breadcrumb":{"@id":"https:\/\/fashionmuseum.shop\/lv\/prece\/1950s-fashion-print\/#breadcrumb"},"inLanguage":"lv-LV","potentialAction":[{"@type":"ReadAction","target":["https:\/\/fashionmuseum.shop\/lv\/prece\/1950s-fashion-print\/"]}]},{"@type":"ImageObject","inLanguage":"lv-LV","@id":"https:\/\/fashionmuseum.shop\/lv\/prece\/1950s-fashion-print\/#primaryimage","url":"https:\/\/i0.wp.com\/fashionmuseum.shop\/wp-content\/uploads\/2024\/09\/1950-fashion-print.jpg?fit=1000%2C1000&ssl=1","contentUrl":"https:\/\/i0.wp.com\/fashionmuseum.shop\/wp-content\/uploads\/2024\/09\/1950-fashion-print.jpg?fit=1000%2C1000&ssl=1","width":1000,"height":1000},{"@type":"BreadcrumbList","@id":"https:\/\/fashionmuseum.shop\/lv\/prece\/1950s-fashion-print\/#breadcrumb","itemListElement":[{"@type":"ListItem","position":1,"name":"Home","item":"https:\/\/fashionmuseum.shop\/lv\/"},{"@type":"ListItem","position":2,"name":"Products","item":"https:\/\/fashionmuseum.shop\/lv\/shop\/"},{"@type":"ListItem","position":3,"name":"1950s Fashion Print"}]},{"@type":"WebSite","@id":"https:\/\/fashionmuseum.shop\/lv\/#website","url":"https:\/\/fashionmuseum.shop\/lv\/","name":"Fashion Museum Online Store","description":"Fashion Museum Riga Online Store provides a wide selection of books about fashion and fashion history.","publisher":{"@id":"https:\/\/fashionmuseum.shop\/lv\/#organization"},"potentialAction":[{"@type":"SearchAction","target":{"@type":"EntryPoint","urlTemplate":"https:\/\/fashionmuseum.shop\/lv\/?s={search_term_string}"},"query-input":{"@type":"PropertyValueSpecification","valueRequired":true,"valueName":"search_term_string"}}],"inLanguage":"lv-LV"},{"@type":"Organization","@id":"https:\/\/fashionmuseum.shop\/lv\/#organization","name":"Modes muzejs","url":"https:\/\/fashionmuseum.shop\/lv\/","logo":{"@type":"ImageObject","inLanguage":"lv-LV","@id":"https:\/\/fashionmuseum.shop\/lv\/#\/schema\/logo\/image\/","url":"https:\/\/i1.wp.com\/fashionmuseum.shop\/wp-content\/uploads\/2020\/04\/apple-touch-icon.png?fit=180%2C180&ssl=1","contentUrl":"https:\/\/i1.wp.com\/fashionmuseum.shop\/wp-content\/uploads\/2020\/04\/apple-touch-icon.png?fit=180%2C180&ssl=1","width":180,"height":180,"caption":"Modes muzejs"},"image":{"@id":"https:\/\/fashionmuseum.shop\/lv\/#\/schema\/logo\/image\/"}}]}},"jetpack_publicize_connections":[],"jetpack_likes_enabled":false,"jetpack_sharing_enabled":true,"amp_enabled":true,"_links":{"self":[{"href":"https:\/\/fashionmuseum.shop\/lv\/wp-json\/wp\/v2\/product\/161581","targetHints":{"allow":["GET"]}}],"collection":[{"href":"https:\/\/fashionmuseum.shop\/lv\/wp-json\/wp\/v2\/product"}],"about":[{"href":"https:\/\/fashionmuseum.shop\/lv\/wp-json\/wp\/v2\/types\/product"}],"wp:featuredmedia":[{"embeddable":true,"href":"https:\/\/fashionmuseum.shop\/lv\/wp-json\/wp\/v2\/media\/163495"}],"wp:attachment":[{"href":"https:\/\/fashionmuseum.shop\/lv\/wp-json\/wp\/v2\/media?parent=161581"}],"wp:term":[{"taxonomy":"product_brand","embeddable":true,"href":"https:\/\/fashionmuseum.shop\/lv\/wp-json\/wp\/v2\/product_brand?post=161581"},{"taxonomy":"product_cat","embeddable":true,"href":"https:\/\/fashionmuseum.shop\/lv\/wp-json\/wp\/v2\/product_cat?post=161581"},{"taxonomy":"product_tag","embeddable":true,"href":"https:\/\/fashionmuseum.shop\/lv\/wp-json\/wp\/v2\/product_tag?post=161581"}],"curies":[{"name":"wp","href":"https:\/\/api.w.org\/{rel}","templated":true}]}}