{"id":161739,"date":"2024-09-19T11:46:19","date_gmt":"2024-09-19T08:46:20","guid":{"rendered":"https:\/\/fashionmuseum.shop\/?post_type=product&#038;p=161739"},"modified":"2024-09-19T12:06:05","modified_gmt":"2024-09-19T09:06:05","slug":"francis-marshall-drawing-fashion","status":"publish","type":"product","link":"https:\/\/fashionmuseum.shop\/lv\/prece\/francis-marshall-drawing-fashion\/","title":{"rendered":"Francis Marshall. Drawing Fashion"},"content":{"rendered":"<p><em><strong>Izdev\u0113ja gr\u0101matas anot\u0101cija:<\/strong><\/em><\/p>\n<div id=\"desc_summary1851779507-content\" class=\"expandContent\">\n<div>This book opens an exciting archive of fashion illustration by Francis Marshall (1901\u20131980), whose career coincided with the golden age of fashion illustration and hand-drawn commercial art of the 1930s\u20131950s. For much of the 20th century, Marshall was one of Britain\u2019s most prolific and highly regarded fashion illustrators; his work was published widely, in\u00a0<i>Vogue<\/i>\u00a0and the\u00a0<i>Daily<\/i><i>Mail<\/i>, and in advertising for Jaeger, Fortnum and Mason, Liberty, and Elizabeth Arden, as well as in his own books. During WWII, he worked for the British Navy\u2019s camouflage unit, famous for its ingenious feats of deception. Later he became known for the 200 covers he illustrated for the romantic fiction of prolific author Dame Barbara Cartland. This new book shines a light on this mostly forgotten master, at a time when fashion illustration is very much in style.<\/div>\n<\/div>\n<div class=\"expandHeader accFont\"><\/div>\n<p>\u0160\u012bs gr\u0101matas izdev\u0113js ir <a href=\"https:\/\/fashionmuseum.shop\/product-tag\/thames-and-hudson\/\"><span style=\"text-decoration: underline\">\u00a0<\/span><\/a><span style=\"text-decoration: underline\"><a href=\"https:\/\/fashionmuseum.shop\/lv\/publisher\/va-publishing\/\"><strong>V&amp;A Publishing<\/strong><\/a><\/span>, ISBN 9781851779505<\/p>\n","protected":false},"excerpt":{"rendered":"<p>by<a href=\"https:\/\/fashionmuseum.shop\/lv\/book-author\/oriole-cullen\/\"><strong> <a href=\"https:\/\/fashionmuseum.shop\/book-author\/oriole-cullen\/\">Oriole Cullen<\/a><\/strong><\/a><\/p>\n<p><em><strong>Why we have selected this book:<\/strong><\/em><\/p>\n<p>Modes ilustr\u0101cijai piem\u012bt neatk\u0101rtojams \u0161arms un autora rokraksts \u2013 pat m\u016bsdienu fotogr\u0101fijas un m\u0101ksl\u012bg\u0101 intelekta laikmet\u0101 tai joproj\u0101m ir b\u016btiska vieta modes nozar\u0113. \u0160is elegantais izdevums velt\u012bts vienam no modes ilustr\u0101cijas zelta laikmeta meistariem, britam Fr\u0101nsisam M\u0101r\u0161alam, kura arh\u012bvs r\u016bp\u012bgi saglab\u0101ts Viktorijas un Alberta muzej\u0101. Mazliet nostal\u0123isks un smalki nians\u0113ts ieskats mod\u0113 no 20. gadu beig\u0101m l\u012bdz pat 60. gadiem.<\/p>\n","protected":false},"featured_media":163498,"template":"","meta":{"_coblocks_attr":"","_coblocks_dimensions":"","_coblocks_responsive_height":"","_coblocks_accordion_ie_support":"","_crdt_document":"","jetpack_publicize_message":"","jetpack_publicize_feature_enabled":true,"jetpack_social_post_already_shared":true,"jetpack_social_options":{"image_generator_settings":{"template":"highway","default_image_id":0,"font":"","enabled":false},"version":2},"_wpas_customize_per_network":false},"product_brand":[],"product_cat":[1611,1610,1605,2664],"product_tag":[4211,3520,4210,3881,2863],"class_list":{"0":"post-161739","1":"product","2":"type-product","3":"status-publish","4":"has-post-thumbnail","6":"product_cat-gramatas-anglu-valoda","7":"product_cat-gramatas-no-victoria-and-albert-muzeja","8":"product_cat-gramatas-par-modes-vesturi","9":"product_cat-gramatas-par-viriesu-modi","10":"product_tag-arts-lv","11":"product_tag-fashion-lv","12":"product_tag-fashion-illustration-lv","13":"product_tag-gift-lv","14":"product_tag-maksla","15":"pa_book-author-oriole-cullen-lv","16":"pa_language-anglu","17":"pa_publisher-va-publishing-lv","19":"first","20":"instock","21":"shipping-taxable","22":"purchasable","23":"product-type-simple"},"yoast_head":"<!-- This site is optimized with the Yoast SEO plugin v27.4 - https:\/\/yoast.com\/product\/yoast-seo-wordpress\/ -->\n<title>Francis Marshall. Drawing Fashion - Fashion Museum Riga Online Store<\/title>\n<meta name=\"robots\" content=\"index, follow, max-snippet:-1, max-image-preview:large, max-video-preview:-1\" \/>\n<link rel=\"canonical\" href=\"https:\/\/fashionmuseum.shop\/lv\/prece\/francis-marshall-drawing-fashion\/\" \/>\n<meta property=\"og:locale\" content=\"lv_LV\" \/>\n<meta property=\"og:type\" content=\"article\" \/>\n<meta property=\"og:title\" content=\"Francis Marshall. Drawing Fashion - Fashion Museum Riga Online Store\" \/>\n<meta property=\"og:description\" content=\"by Oriole Cullen  Why we have selected this book:  Modes ilustr\u0101cijai piem\u012bt neatk\u0101rtojams \u0161arms un autora rokraksts \u2013 pat m\u016bsdienu fotogr\u0101fijas un m\u0101ksl\u012bg\u0101 intelekta laikmet\u0101 tai joproj\u0101m ir b\u016btiska vieta modes nozar\u0113. \u0160is elegantais izdevums velt\u012bts vienam no modes ilustr\u0101cijas zelta laikmeta meistariem, britam Fr\u0101nsisam M\u0101r\u0161alam, kura arh\u012bvs r\u016bp\u012bgi saglab\u0101ts Viktorijas un Alberta muzej\u0101. Mazliet nostal\u0123isks un smalki nians\u0113ts ieskats mod\u0113 no 20. gadu beig\u0101m l\u012bdz pat 60. gadiem.\" \/>\n<meta property=\"og:url\" content=\"https:\/\/fashionmuseum.shop\/lv\/prece\/francis-marshall-drawing-fashion\/\" \/>\n<meta property=\"og:site_name\" content=\"Fashion Museum Riga Online Store\" \/>\n<meta property=\"article:modified_time\" content=\"2024-09-19T09:06:05+00:00\" \/>\n<meta property=\"og:image\" content=\"https:\/\/fashionmuseum.shop\/wp-content\/uploads\/2024\/09\/cov-5.jpg\" \/>\n\t<meta property=\"og:image:width\" content=\"1000\" \/>\n\t<meta property=\"og:image:height\" content=\"1340\" \/>\n\t<meta property=\"og:image:type\" content=\"image\/jpeg\" \/>\n<meta name=\"twitter:card\" content=\"summary_large_image\" \/>\n<meta name=\"twitter:label1\" content=\"Est. reading time\" \/>\n\t<meta name=\"twitter:data1\" content=\"1 minute\" \/>\n<script type=\"application\/ld+json\" class=\"yoast-schema-graph\">{\"@context\":\"https:\\\/\\\/schema.org\",\"@graph\":[{\"@type\":\"WebPage\",\"@id\":\"https:\\\/\\\/fashionmuseum.shop\\\/lv\\\/prece\\\/francis-marshall-drawing-fashion\\\/\",\"url\":\"https:\\\/\\\/fashionmuseum.shop\\\/lv\\\/prece\\\/francis-marshall-drawing-fashion\\\/\",\"name\":\"Francis Marshall. Drawing Fashion - Fashion Museum Riga Online Store\",\"isPartOf\":{\"@id\":\"https:\\\/\\\/fashionmuseum.shop\\\/lv\\\/#website\"},\"primaryImageOfPage\":{\"@id\":\"https:\\\/\\\/fashionmuseum.shop\\\/lv\\\/prece\\\/francis-marshall-drawing-fashion\\\/#primaryimage\"},\"image\":{\"@id\":\"https:\\\/\\\/fashionmuseum.shop\\\/lv\\\/prece\\\/francis-marshall-drawing-fashion\\\/#primaryimage\"},\"thumbnailUrl\":\"https:\\\/\\\/i0.wp.com\\\/fashionmuseum.shop\\\/wp-content\\\/uploads\\\/2024\\\/09\\\/drawing-fashion.jpg?fit=1000%2C1000&ssl=1\",\"datePublished\":\"2024-09-19T08:46:20+00:00\",\"dateModified\":\"2024-09-19T09:06:05+00:00\",\"breadcrumb\":{\"@id\":\"https:\\\/\\\/fashionmuseum.shop\\\/lv\\\/prece\\\/francis-marshall-drawing-fashion\\\/#breadcrumb\"},\"inLanguage\":\"lv-LV\",\"potentialAction\":[{\"@type\":\"ReadAction\",\"target\":[\"https:\\\/\\\/fashionmuseum.shop\\\/lv\\\/prece\\\/francis-marshall-drawing-fashion\\\/\"]}]},{\"@type\":\"ImageObject\",\"inLanguage\":\"lv-LV\",\"@id\":\"https:\\\/\\\/fashionmuseum.shop\\\/lv\\\/prece\\\/francis-marshall-drawing-fashion\\\/#primaryimage\",\"url\":\"https:\\\/\\\/i0.wp.com\\\/fashionmuseum.shop\\\/wp-content\\\/uploads\\\/2024\\\/09\\\/drawing-fashion.jpg?fit=1000%2C1000&ssl=1\",\"contentUrl\":\"https:\\\/\\\/i0.wp.com\\\/fashionmuseum.shop\\\/wp-content\\\/uploads\\\/2024\\\/09\\\/drawing-fashion.jpg?fit=1000%2C1000&ssl=1\",\"width\":1000,\"height\":1000},{\"@type\":\"BreadcrumbList\",\"@id\":\"https:\\\/\\\/fashionmuseum.shop\\\/lv\\\/prece\\\/francis-marshall-drawing-fashion\\\/#breadcrumb\",\"itemListElement\":[{\"@type\":\"ListItem\",\"position\":1,\"name\":\"Home\",\"item\":\"https:\\\/\\\/fashionmuseum.shop\\\/lv\\\/\"},{\"@type\":\"ListItem\",\"position\":2,\"name\":\"Products\",\"item\":\"https:\\\/\\\/fashionmuseum.shop\\\/lv\\\/shop\\\/\"},{\"@type\":\"ListItem\",\"position\":3,\"name\":\"Francis Marshall. Drawing Fashion\"}]},{\"@type\":\"WebSite\",\"@id\":\"https:\\\/\\\/fashionmuseum.shop\\\/lv\\\/#website\",\"url\":\"https:\\\/\\\/fashionmuseum.shop\\\/lv\\\/\",\"name\":\"Fashion Museum Online Store\",\"description\":\"Fashion Museum Riga Online Store provides a wide selection of books about fashion and fashion history.\",\"publisher\":{\"@id\":\"https:\\\/\\\/fashionmuseum.shop\\\/lv\\\/#organization\"},\"potentialAction\":[{\"@type\":\"SearchAction\",\"target\":{\"@type\":\"EntryPoint\",\"urlTemplate\":\"https:\\\/\\\/fashionmuseum.shop\\\/lv\\\/?s={search_term_string}\"},\"query-input\":{\"@type\":\"PropertyValueSpecification\",\"valueRequired\":true,\"valueName\":\"search_term_string\"}}],\"inLanguage\":\"lv-LV\"},{\"@type\":\"Organization\",\"@id\":\"https:\\\/\\\/fashionmuseum.shop\\\/lv\\\/#organization\",\"name\":\"Modes muzejs\",\"url\":\"https:\\\/\\\/fashionmuseum.shop\\\/lv\\\/\",\"logo\":{\"@type\":\"ImageObject\",\"inLanguage\":\"lv-LV\",\"@id\":\"https:\\\/\\\/fashionmuseum.shop\\\/lv\\\/#\\\/schema\\\/logo\\\/image\\\/\",\"url\":\"https:\\\/\\\/i1.wp.com\\\/fashionmuseum.shop\\\/wp-content\\\/uploads\\\/2020\\\/04\\\/apple-touch-icon.png?fit=180%2C180&ssl=1\",\"contentUrl\":\"https:\\\/\\\/i1.wp.com\\\/fashionmuseum.shop\\\/wp-content\\\/uploads\\\/2020\\\/04\\\/apple-touch-icon.png?fit=180%2C180&ssl=1\",\"width\":180,\"height\":180,\"caption\":\"Modes muzejs\"},\"image\":{\"@id\":\"https:\\\/\\\/fashionmuseum.shop\\\/lv\\\/#\\\/schema\\\/logo\\\/image\\\/\"}}]}<\/script>\n<!-- \/ Yoast SEO plugin. -->","yoast_head_json":{"title":"Francis Marshall. Drawing Fashion - Fashion Museum Riga Online Store","robots":{"index":"index","follow":"follow","max-snippet":"max-snippet:-1","max-image-preview":"max-image-preview:large","max-video-preview":"max-video-preview:-1"},"canonical":"https:\/\/fashionmuseum.shop\/lv\/prece\/francis-marshall-drawing-fashion\/","og_locale":"lv_LV","og_type":"article","og_title":"Francis Marshall. Drawing Fashion - Fashion Museum Riga Online Store","og_description":"by Oriole Cullen  Why we have selected this book:  Modes ilustr\u0101cijai piem\u012bt neatk\u0101rtojams \u0161arms un autora rokraksts \u2013 pat m\u016bsdienu fotogr\u0101fijas un m\u0101ksl\u012bg\u0101 intelekta laikmet\u0101 tai joproj\u0101m ir b\u016btiska vieta modes nozar\u0113. \u0160is elegantais izdevums velt\u012bts vienam no modes ilustr\u0101cijas zelta laikmeta meistariem, britam Fr\u0101nsisam M\u0101r\u0161alam, kura arh\u012bvs r\u016bp\u012bgi saglab\u0101ts Viktorijas un Alberta muzej\u0101. Mazliet nostal\u0123isks un smalki nians\u0113ts ieskats mod\u0113 no 20. gadu beig\u0101m l\u012bdz pat 60. gadiem.","og_url":"https:\/\/fashionmuseum.shop\/lv\/prece\/francis-marshall-drawing-fashion\/","og_site_name":"Fashion Museum Riga Online Store","article_modified_time":"2024-09-19T09:06:05+00:00","og_image":[{"width":1000,"height":1340,"url":"https:\/\/fashionmuseum.shop\/wp-content\/uploads\/2024\/09\/cov-5.jpg","type":"image\/jpeg"}],"twitter_card":"summary_large_image","twitter_misc":{"Est. reading time":"1 minute"},"schema":{"@context":"https:\/\/schema.org","@graph":[{"@type":"WebPage","@id":"https:\/\/fashionmuseum.shop\/lv\/prece\/francis-marshall-drawing-fashion\/","url":"https:\/\/fashionmuseum.shop\/lv\/prece\/francis-marshall-drawing-fashion\/","name":"Francis Marshall. Drawing Fashion - Fashion Museum Riga Online Store","isPartOf":{"@id":"https:\/\/fashionmuseum.shop\/lv\/#website"},"primaryImageOfPage":{"@id":"https:\/\/fashionmuseum.shop\/lv\/prece\/francis-marshall-drawing-fashion\/#primaryimage"},"image":{"@id":"https:\/\/fashionmuseum.shop\/lv\/prece\/francis-marshall-drawing-fashion\/#primaryimage"},"thumbnailUrl":"https:\/\/i0.wp.com\/fashionmuseum.shop\/wp-content\/uploads\/2024\/09\/drawing-fashion.jpg?fit=1000%2C1000&ssl=1","datePublished":"2024-09-19T08:46:20+00:00","dateModified":"2024-09-19T09:06:05+00:00","breadcrumb":{"@id":"https:\/\/fashionmuseum.shop\/lv\/prece\/francis-marshall-drawing-fashion\/#breadcrumb"},"inLanguage":"lv-LV","potentialAction":[{"@type":"ReadAction","target":["https:\/\/fashionmuseum.shop\/lv\/prece\/francis-marshall-drawing-fashion\/"]}]},{"@type":"ImageObject","inLanguage":"lv-LV","@id":"https:\/\/fashionmuseum.shop\/lv\/prece\/francis-marshall-drawing-fashion\/#primaryimage","url":"https:\/\/i0.wp.com\/fashionmuseum.shop\/wp-content\/uploads\/2024\/09\/drawing-fashion.jpg?fit=1000%2C1000&ssl=1","contentUrl":"https:\/\/i0.wp.com\/fashionmuseum.shop\/wp-content\/uploads\/2024\/09\/drawing-fashion.jpg?fit=1000%2C1000&ssl=1","width":1000,"height":1000},{"@type":"BreadcrumbList","@id":"https:\/\/fashionmuseum.shop\/lv\/prece\/francis-marshall-drawing-fashion\/#breadcrumb","itemListElement":[{"@type":"ListItem","position":1,"name":"Home","item":"https:\/\/fashionmuseum.shop\/lv\/"},{"@type":"ListItem","position":2,"name":"Products","item":"https:\/\/fashionmuseum.shop\/lv\/shop\/"},{"@type":"ListItem","position":3,"name":"Francis Marshall. Drawing Fashion"}]},{"@type":"WebSite","@id":"https:\/\/fashionmuseum.shop\/lv\/#website","url":"https:\/\/fashionmuseum.shop\/lv\/","name":"Fashion Museum Online Store","description":"Fashion Museum Riga Online Store provides a wide selection of books about fashion and fashion history.","publisher":{"@id":"https:\/\/fashionmuseum.shop\/lv\/#organization"},"potentialAction":[{"@type":"SearchAction","target":{"@type":"EntryPoint","urlTemplate":"https:\/\/fashionmuseum.shop\/lv\/?s={search_term_string}"},"query-input":{"@type":"PropertyValueSpecification","valueRequired":true,"valueName":"search_term_string"}}],"inLanguage":"lv-LV"},{"@type":"Organization","@id":"https:\/\/fashionmuseum.shop\/lv\/#organization","name":"Modes muzejs","url":"https:\/\/fashionmuseum.shop\/lv\/","logo":{"@type":"ImageObject","inLanguage":"lv-LV","@id":"https:\/\/fashionmuseum.shop\/lv\/#\/schema\/logo\/image\/","url":"https:\/\/i1.wp.com\/fashionmuseum.shop\/wp-content\/uploads\/2020\/04\/apple-touch-icon.png?fit=180%2C180&ssl=1","contentUrl":"https:\/\/i1.wp.com\/fashionmuseum.shop\/wp-content\/uploads\/2020\/04\/apple-touch-icon.png?fit=180%2C180&ssl=1","width":180,"height":180,"caption":"Modes muzejs"},"image":{"@id":"https:\/\/fashionmuseum.shop\/lv\/#\/schema\/logo\/image\/"}}]}},"jetpack_publicize_connections":[],"jetpack_likes_enabled":false,"jetpack_sharing_enabled":true,"amp_enabled":true,"_links":{"self":[{"href":"https:\/\/fashionmuseum.shop\/lv\/wp-json\/wp\/v2\/product\/161739","targetHints":{"allow":["GET"]}}],"collection":[{"href":"https:\/\/fashionmuseum.shop\/lv\/wp-json\/wp\/v2\/product"}],"about":[{"href":"https:\/\/fashionmuseum.shop\/lv\/wp-json\/wp\/v2\/types\/product"}],"wp:featuredmedia":[{"embeddable":true,"href":"https:\/\/fashionmuseum.shop\/lv\/wp-json\/wp\/v2\/media\/163498"}],"wp:attachment":[{"href":"https:\/\/fashionmuseum.shop\/lv\/wp-json\/wp\/v2\/media?parent=161739"}],"wp:term":[{"taxonomy":"product_brand","embeddable":true,"href":"https:\/\/fashionmuseum.shop\/lv\/wp-json\/wp\/v2\/product_brand?post=161739"},{"taxonomy":"product_cat","embeddable":true,"href":"https:\/\/fashionmuseum.shop\/lv\/wp-json\/wp\/v2\/product_cat?post=161739"},{"taxonomy":"product_tag","embeddable":true,"href":"https:\/\/fashionmuseum.shop\/lv\/wp-json\/wp\/v2\/product_tag?post=161739"}],"curies":[{"name":"wp","href":"https:\/\/api.w.org\/{rel}","templated":true}]}}