{"id":163382,"date":"2025-01-08T13:45:13","date_gmt":"2025-01-08T11:45:13","guid":{"rendered":"https:\/\/fashionmuseum.shop\/?post_type=product&#038;p=163382"},"modified":"2025-01-08T14:34:47","modified_gmt":"2025-01-08T12:34:47","slug":"fashion-doodling-and-colouring","status":"publish","type":"product","link":"https:\/\/fashionmuseum.shop\/lv\/prece\/fashion-doodling-and-colouring\/","title":{"rendered":"Fashion Doodling and Colouring"},"content":{"rendered":"<p><em><strong>Izdev\u0113ja gr\u0101matas anot\u0101cija:<\/strong><\/em><\/p>\n<div data-role=\"bva-reveal\">\n<div data-role=\"bva-reveal\">\n<div data-role=\"bva-reveal\">\n<div data-role=\"bva-reveal\">\n<div data-role=\"bva-reveal\">\n<div data-role=\"bva-reveal\">\n<div data-role=\"bva-reveal\">\n<div data-role=\"bva-reveal\">\n<div data-role=\"bva-reveal\">\n<div data-role=\"bva-reveal\">\n<div data-role=\"bva-reveal\">\n<div data-role=\"bva-reveal\">\n<div data-role=\"bva-reveal\">\n<div data-role=\"bva-reveal\">\n<div data-role=\"bva-reveal\">\n<div data-role=\"bva-reveal\">\n<div data-role=\"bva-reveal\">\n<div data-role=\"bva-reveal\">\n<div data-role=\"bva-reveal\">\n<div data-role=\"bva-reveal\">\n<div data-role=\"bva-reveal\">\n<div data-role=\"bva-reveal\">\n<div data-role=\"bva-reveal\">\n<div data-role=\"bva-reveal\">\n<div data-role=\"bva-reveal\">\n<div data-role=\"bva-reveal\">\n<div data-role=\"bva-reveal\">\n<div data-role=\"bva-reveal\">\n<div data-role=\"bva-reveal\">\n<div data-role=\"bva-reveal\">\n<div data-role=\"bva-reveal\">\n<div data-role=\"bva-reveal\">\n<div data-role=\"bva-reveal\">\n<div data-role=\"bva-reveal\">\n<div data-role=\"bva-reveal\">\n<div data-role=\"bva-reveal\">\n<div data-role=\"bva-reveal\">\n<div data-role=\"bva-reveal\">\n<div data-role=\"bva-reveal\">\n<div id=\"desc_summary1906388512-content\" class=\"expandContent\">\n<p><strong>A great book for expressing your creative fashion urges, with doodling, drawing and colouring exercises to fill in.<\/strong><\/p>\n<p>Fashion illustrator and lecturer Frances Moffatt provides suggestions and half-filled pages of drawings and doodles for you to continue. Including sections on designing your own fashion blog, creating your own festival fashions, styling street style models from across the globe, adding bling to celebrity pets and creating your own fashion patterns and prints. This book is packed full of fun exercises to get creative and bring out the fashionista in you.<\/p>\n<p>Unleash your creative potential by adding colour, patterns and glitter to these line drawings to make them unique to your style. Whether it\u2019s a simple colouring-in piece, or a more considered drawing, the suggestions offer something for everyone and encourage you to make the book about your own style.<\/p>\n<\/div>\n<div class=\"expandHeader accFont\"><\/div>\n<\/div>\n<\/div>\n<\/div>\n<\/div>\n<\/div>\n<p>This book is brought by\u00a0<span style=\"text-decoration: underline\"><strong><a href=\"https:\/\/fashionmuseum.shop\/lv\/publisher\/batsford\/\">Batsford<\/a><\/strong><\/span>, ISBN 9781849946735<\/p>\n<\/div>\n<\/div>\n<\/div>\n<\/div>\n<\/div>\n<\/div>\n<\/div>\n<\/div>\n<\/div>\n<\/div>\n<\/div>\n<\/div>\n<\/div>\n<\/div>\n<\/div>\n<\/div>\n<\/div>\n<\/div>\n<\/div>\n<\/div>\n<\/div>\n<\/div>\n<\/div>\n<\/div>\n<\/div>\n<\/div>\n<\/div>\n<\/div>\n<\/div>\n<\/div>\n<\/div>\n<\/div>\n<\/div>\n<\/div>\n","protected":false},"excerpt":{"rendered":"<p>by <a href=\"https:\/\/fashionmuseum.shop\/lv\/book-author\/frances-mofatt\/\"><strong>Frances Moffatt<\/strong><\/a><\/p>\n<p><em><strong>K\u0101p\u0113c m\u0113s\u00a0izv\u0113l\u0113j\u0101mies\u00a0\u0161o gr\u0101matu:<\/strong><\/em><\/p>\n<p>Kr\u0101sot, z\u012bm\u0113t, skic\u0113t, papildin\u0101t \u2013 to visu var \u0161aj\u0101 izdevum\u0101, kur apkopoti raksti, mode\u013ci, aksesu\u0101ri, kosm\u0113tikas nieci\u0146i un v\u0113l daudz kas cits. Jautrs, m\u016bsdien\u012bgs stils, ko \u012bpa\u0161i nov\u0113rt\u0113s jaunie\u0161i, kam pat\u012bk z\u012bm\u0113t un izkr\u0101sot. Lieliska d\u0101vana modes un z\u012bm\u0113\u0161anas faniem!<\/p>\n","protected":false},"featured_media":163386,"template":"","meta":{"_coblocks_attr":"","_coblocks_dimensions":"","_coblocks_responsive_height":"","_coblocks_accordion_ie_support":"","_crdt_document":"","jetpack_post_was_ever_published":false,"jetpack_publicize_message":"","jetpack_publicize_feature_enabled":true,"jetpack_social_post_already_shared":true,"jetpack_social_options":{"image_generator_settings":{"template":"highway","default_image_id":0,"font":"","enabled":false},"version":2},"_wpas_customize_per_network":false},"product_brand":[],"product_cat":[1611,1603,1605,2418],"product_tag":[3520,3881,4297,2863],"class_list":{"0":"post-163382","1":"product","2":"type-product","3":"status-publish","4":"has-post-thumbnail","6":"product_cat-gramatas-anglu-valoda","7":"product_cat-gramatas-par-modes-dizaineriem","8":"product_cat-gramatas-par-modes-vesturi","9":"product_cat-gramatas","10":"product_tag-fashion-lv","11":"product_tag-gift-lv","12":"product_tag-illustrations-lv","13":"product_tag-maksla","14":"pa_book-author-frances-moffatt-lv","15":"pa_language-anglu","16":"pa_publisher-batsford-lv","18":"first","19":"outofstock","20":"featured","21":"shipping-taxable","22":"purchasable","23":"product-type-simple"},"yoast_head":"<!-- This site is optimized with the Yoast SEO plugin v27.3 - https:\/\/yoast.com\/product\/yoast-seo-wordpress\/ -->\n<title>Fashion Doodling and Colouring - Fashion Museum Riga Online Store<\/title>\n<meta name=\"robots\" content=\"index, follow, max-snippet:-1, max-image-preview:large, max-video-preview:-1\" \/>\n<link rel=\"canonical\" href=\"https:\/\/fashionmuseum.shop\/lv\/prece\/fashion-doodling-and-colouring\/\" \/>\n<meta property=\"og:locale\" content=\"lv_LV\" \/>\n<meta property=\"og:type\" content=\"article\" \/>\n<meta property=\"og:title\" content=\"Fashion Doodling and Colouring - Fashion Museum Riga Online Store\" \/>\n<meta property=\"og:description\" content=\"by Frances Moffatt  K\u0101p\u0113c m\u0113s\u00a0izv\u0113l\u0113j\u0101mies\u00a0\u0161o gr\u0101matu:  Kr\u0101sot, z\u012bm\u0113t, skic\u0113t, papildin\u0101t \u2013 to visu var \u0161aj\u0101 izdevum\u0101, kur apkopoti raksti, mode\u013ci, aksesu\u0101ri, kosm\u0113tikas nieci\u0146i un v\u0113l daudz kas cits. Jautrs, m\u016bsdien\u012bgs stils, ko \u012bpa\u0161i nov\u0113rt\u0113s jaunie\u0161i, kam pat\u012bk z\u012bm\u0113t un izkr\u0101sot. Lieliska d\u0101vana modes un z\u012bm\u0113\u0161anas faniem!\" \/>\n<meta property=\"og:url\" content=\"https:\/\/fashionmuseum.shop\/lv\/prece\/fashion-doodling-and-colouring\/\" \/>\n<meta property=\"og:site_name\" content=\"Fashion Museum Riga Online Store\" \/>\n<meta property=\"article:modified_time\" content=\"2025-01-08T12:34:47+00:00\" \/>\n<meta property=\"og:image\" content=\"https:\/\/fashionmuseum.shop\/wp-content\/uploads\/2025\/01\/doodling.jpg\" \/>\n\t<meta property=\"og:image:width\" content=\"1000\" \/>\n\t<meta property=\"og:image:height\" content=\"1000\" \/>\n\t<meta property=\"og:image:type\" content=\"image\/jpeg\" \/>\n<meta name=\"twitter:card\" content=\"summary_large_image\" \/>\n<meta name=\"twitter:label1\" content=\"Est. reading time\" \/>\n\t<meta name=\"twitter:data1\" content=\"1 minute\" \/>\n<script type=\"application\/ld+json\" class=\"yoast-schema-graph\">{\"@context\":\"https:\\\/\\\/schema.org\",\"@graph\":[{\"@type\":\"WebPage\",\"@id\":\"https:\\\/\\\/fashionmuseum.shop\\\/lv\\\/prece\\\/fashion-doodling-and-colouring\\\/\",\"url\":\"https:\\\/\\\/fashionmuseum.shop\\\/lv\\\/prece\\\/fashion-doodling-and-colouring\\\/\",\"name\":\"Fashion Doodling and Colouring - Fashion Museum Riga Online Store\",\"isPartOf\":{\"@id\":\"https:\\\/\\\/fashionmuseum.shop\\\/lv\\\/#website\"},\"primaryImageOfPage\":{\"@id\":\"https:\\\/\\\/fashionmuseum.shop\\\/lv\\\/prece\\\/fashion-doodling-and-colouring\\\/#primaryimage\"},\"image\":{\"@id\":\"https:\\\/\\\/fashionmuseum.shop\\\/lv\\\/prece\\\/fashion-doodling-and-colouring\\\/#primaryimage\"},\"thumbnailUrl\":\"https:\\\/\\\/i0.wp.com\\\/fashionmuseum.shop\\\/wp-content\\\/uploads\\\/2025\\\/01\\\/doodling.jpg?fit=1000%2C1000&ssl=1\",\"datePublished\":\"2025-01-08T11:45:13+00:00\",\"dateModified\":\"2025-01-08T12:34:47+00:00\",\"breadcrumb\":{\"@id\":\"https:\\\/\\\/fashionmuseum.shop\\\/lv\\\/prece\\\/fashion-doodling-and-colouring\\\/#breadcrumb\"},\"inLanguage\":\"lv-LV\",\"potentialAction\":[{\"@type\":\"ReadAction\",\"target\":[\"https:\\\/\\\/fashionmuseum.shop\\\/lv\\\/prece\\\/fashion-doodling-and-colouring\\\/\"]}]},{\"@type\":\"ImageObject\",\"inLanguage\":\"lv-LV\",\"@id\":\"https:\\\/\\\/fashionmuseum.shop\\\/lv\\\/prece\\\/fashion-doodling-and-colouring\\\/#primaryimage\",\"url\":\"https:\\\/\\\/i0.wp.com\\\/fashionmuseum.shop\\\/wp-content\\\/uploads\\\/2025\\\/01\\\/doodling.jpg?fit=1000%2C1000&ssl=1\",\"contentUrl\":\"https:\\\/\\\/i0.wp.com\\\/fashionmuseum.shop\\\/wp-content\\\/uploads\\\/2025\\\/01\\\/doodling.jpg?fit=1000%2C1000&ssl=1\",\"width\":1000,\"height\":1000},{\"@type\":\"BreadcrumbList\",\"@id\":\"https:\\\/\\\/fashionmuseum.shop\\\/lv\\\/prece\\\/fashion-doodling-and-colouring\\\/#breadcrumb\",\"itemListElement\":[{\"@type\":\"ListItem\",\"position\":1,\"name\":\"Home\",\"item\":\"https:\\\/\\\/fashionmuseum.shop\\\/lv\\\/\"},{\"@type\":\"ListItem\",\"position\":2,\"name\":\"Products\",\"item\":\"https:\\\/\\\/fashionmuseum.shop\\\/lv\\\/shop\\\/\"},{\"@type\":\"ListItem\",\"position\":3,\"name\":\"Fashion Doodling and Colouring\"}]},{\"@type\":\"WebSite\",\"@id\":\"https:\\\/\\\/fashionmuseum.shop\\\/lv\\\/#website\",\"url\":\"https:\\\/\\\/fashionmuseum.shop\\\/lv\\\/\",\"name\":\"Fashion Museum Online Store\",\"description\":\"Fashion Museum Riga Online Store provides a wide selection of books about fashion and fashion history.\",\"publisher\":{\"@id\":\"https:\\\/\\\/fashionmuseum.shop\\\/lv\\\/#organization\"},\"potentialAction\":[{\"@type\":\"SearchAction\",\"target\":{\"@type\":\"EntryPoint\",\"urlTemplate\":\"https:\\\/\\\/fashionmuseum.shop\\\/lv\\\/?s={search_term_string}\"},\"query-input\":{\"@type\":\"PropertyValueSpecification\",\"valueRequired\":true,\"valueName\":\"search_term_string\"}}],\"inLanguage\":\"lv-LV\"},{\"@type\":\"Organization\",\"@id\":\"https:\\\/\\\/fashionmuseum.shop\\\/lv\\\/#organization\",\"name\":\"Modes muzejs\",\"url\":\"https:\\\/\\\/fashionmuseum.shop\\\/lv\\\/\",\"logo\":{\"@type\":\"ImageObject\",\"inLanguage\":\"lv-LV\",\"@id\":\"https:\\\/\\\/fashionmuseum.shop\\\/lv\\\/#\\\/schema\\\/logo\\\/image\\\/\",\"url\":\"https:\\\/\\\/i1.wp.com\\\/fashionmuseum.shop\\\/wp-content\\\/uploads\\\/2020\\\/04\\\/apple-touch-icon.png?fit=180%2C180&ssl=1\",\"contentUrl\":\"https:\\\/\\\/i1.wp.com\\\/fashionmuseum.shop\\\/wp-content\\\/uploads\\\/2020\\\/04\\\/apple-touch-icon.png?fit=180%2C180&ssl=1\",\"width\":180,\"height\":180,\"caption\":\"Modes muzejs\"},\"image\":{\"@id\":\"https:\\\/\\\/fashionmuseum.shop\\\/lv\\\/#\\\/schema\\\/logo\\\/image\\\/\"}}]}<\/script>\n<!-- \/ Yoast SEO plugin. -->","yoast_head_json":{"title":"Fashion Doodling and Colouring - Fashion Museum Riga Online Store","robots":{"index":"index","follow":"follow","max-snippet":"max-snippet:-1","max-image-preview":"max-image-preview:large","max-video-preview":"max-video-preview:-1"},"canonical":"https:\/\/fashionmuseum.shop\/lv\/prece\/fashion-doodling-and-colouring\/","og_locale":"lv_LV","og_type":"article","og_title":"Fashion Doodling and Colouring - Fashion Museum Riga Online Store","og_description":"by Frances Moffatt  K\u0101p\u0113c m\u0113s\u00a0izv\u0113l\u0113j\u0101mies\u00a0\u0161o gr\u0101matu:  Kr\u0101sot, z\u012bm\u0113t, skic\u0113t, papildin\u0101t \u2013 to visu var \u0161aj\u0101 izdevum\u0101, kur apkopoti raksti, mode\u013ci, aksesu\u0101ri, kosm\u0113tikas nieci\u0146i un v\u0113l daudz kas cits. Jautrs, m\u016bsdien\u012bgs stils, ko \u012bpa\u0161i nov\u0113rt\u0113s jaunie\u0161i, kam pat\u012bk z\u012bm\u0113t un izkr\u0101sot. Lieliska d\u0101vana modes un z\u012bm\u0113\u0161anas faniem!","og_url":"https:\/\/fashionmuseum.shop\/lv\/prece\/fashion-doodling-and-colouring\/","og_site_name":"Fashion Museum Riga Online Store","article_modified_time":"2025-01-08T12:34:47+00:00","og_image":[{"width":1000,"height":1000,"url":"https:\/\/fashionmuseum.shop\/wp-content\/uploads\/2025\/01\/doodling.jpg","type":"image\/jpeg"}],"twitter_card":"summary_large_image","twitter_misc":{"Est. reading time":"1 minute"},"schema":{"@context":"https:\/\/schema.org","@graph":[{"@type":"WebPage","@id":"https:\/\/fashionmuseum.shop\/lv\/prece\/fashion-doodling-and-colouring\/","url":"https:\/\/fashionmuseum.shop\/lv\/prece\/fashion-doodling-and-colouring\/","name":"Fashion Doodling and Colouring - Fashion Museum Riga Online Store","isPartOf":{"@id":"https:\/\/fashionmuseum.shop\/lv\/#website"},"primaryImageOfPage":{"@id":"https:\/\/fashionmuseum.shop\/lv\/prece\/fashion-doodling-and-colouring\/#primaryimage"},"image":{"@id":"https:\/\/fashionmuseum.shop\/lv\/prece\/fashion-doodling-and-colouring\/#primaryimage"},"thumbnailUrl":"https:\/\/i0.wp.com\/fashionmuseum.shop\/wp-content\/uploads\/2025\/01\/doodling.jpg?fit=1000%2C1000&ssl=1","datePublished":"2025-01-08T11:45:13+00:00","dateModified":"2025-01-08T12:34:47+00:00","breadcrumb":{"@id":"https:\/\/fashionmuseum.shop\/lv\/prece\/fashion-doodling-and-colouring\/#breadcrumb"},"inLanguage":"lv-LV","potentialAction":[{"@type":"ReadAction","target":["https:\/\/fashionmuseum.shop\/lv\/prece\/fashion-doodling-and-colouring\/"]}]},{"@type":"ImageObject","inLanguage":"lv-LV","@id":"https:\/\/fashionmuseum.shop\/lv\/prece\/fashion-doodling-and-colouring\/#primaryimage","url":"https:\/\/i0.wp.com\/fashionmuseum.shop\/wp-content\/uploads\/2025\/01\/doodling.jpg?fit=1000%2C1000&ssl=1","contentUrl":"https:\/\/i0.wp.com\/fashionmuseum.shop\/wp-content\/uploads\/2025\/01\/doodling.jpg?fit=1000%2C1000&ssl=1","width":1000,"height":1000},{"@type":"BreadcrumbList","@id":"https:\/\/fashionmuseum.shop\/lv\/prece\/fashion-doodling-and-colouring\/#breadcrumb","itemListElement":[{"@type":"ListItem","position":1,"name":"Home","item":"https:\/\/fashionmuseum.shop\/lv\/"},{"@type":"ListItem","position":2,"name":"Products","item":"https:\/\/fashionmuseum.shop\/lv\/shop\/"},{"@type":"ListItem","position":3,"name":"Fashion Doodling and Colouring"}]},{"@type":"WebSite","@id":"https:\/\/fashionmuseum.shop\/lv\/#website","url":"https:\/\/fashionmuseum.shop\/lv\/","name":"Fashion Museum Online Store","description":"Fashion Museum Riga Online Store provides a wide selection of books about fashion and fashion history.","publisher":{"@id":"https:\/\/fashionmuseum.shop\/lv\/#organization"},"potentialAction":[{"@type":"SearchAction","target":{"@type":"EntryPoint","urlTemplate":"https:\/\/fashionmuseum.shop\/lv\/?s={search_term_string}"},"query-input":{"@type":"PropertyValueSpecification","valueRequired":true,"valueName":"search_term_string"}}],"inLanguage":"lv-LV"},{"@type":"Organization","@id":"https:\/\/fashionmuseum.shop\/lv\/#organization","name":"Modes muzejs","url":"https:\/\/fashionmuseum.shop\/lv\/","logo":{"@type":"ImageObject","inLanguage":"lv-LV","@id":"https:\/\/fashionmuseum.shop\/lv\/#\/schema\/logo\/image\/","url":"https:\/\/i1.wp.com\/fashionmuseum.shop\/wp-content\/uploads\/2020\/04\/apple-touch-icon.png?fit=180%2C180&ssl=1","contentUrl":"https:\/\/i1.wp.com\/fashionmuseum.shop\/wp-content\/uploads\/2020\/04\/apple-touch-icon.png?fit=180%2C180&ssl=1","width":180,"height":180,"caption":"Modes muzejs"},"image":{"@id":"https:\/\/fashionmuseum.shop\/lv\/#\/schema\/logo\/image\/"}}]}},"jetpack_publicize_connections":[],"jetpack_likes_enabled":false,"jetpack_sharing_enabled":true,"amp_enabled":true,"_links":{"self":[{"href":"https:\/\/fashionmuseum.shop\/lv\/wp-json\/wp\/v2\/product\/163382","targetHints":{"allow":["GET"]}}],"collection":[{"href":"https:\/\/fashionmuseum.shop\/lv\/wp-json\/wp\/v2\/product"}],"about":[{"href":"https:\/\/fashionmuseum.shop\/lv\/wp-json\/wp\/v2\/types\/product"}],"wp:featuredmedia":[{"embeddable":true,"href":"https:\/\/fashionmuseum.shop\/lv\/wp-json\/wp\/v2\/media\/163386"}],"wp:attachment":[{"href":"https:\/\/fashionmuseum.shop\/lv\/wp-json\/wp\/v2\/media?parent=163382"}],"wp:term":[{"taxonomy":"product_brand","embeddable":true,"href":"https:\/\/fashionmuseum.shop\/lv\/wp-json\/wp\/v2\/product_brand?post=163382"},{"taxonomy":"product_cat","embeddable":true,"href":"https:\/\/fashionmuseum.shop\/lv\/wp-json\/wp\/v2\/product_cat?post=163382"},{"taxonomy":"product_tag","embeddable":true,"href":"https:\/\/fashionmuseum.shop\/lv\/wp-json\/wp\/v2\/product_tag?post=163382"}],"curies":[{"name":"wp","href":"https:\/\/api.w.org\/{rel}","templated":true}]}}