{"id":163404,"date":"2025-01-08T14:40:21","date_gmt":"2025-01-08T12:40:21","guid":{"rendered":"https:\/\/fashionmuseum.shop\/?post_type=product&#038;p=163404"},"modified":"2025-01-08T14:50:23","modified_gmt":"2025-01-08T12:50:23","slug":"vintage-menswear-a-collection-from-the-vintage-showroom","status":"publish","type":"product","link":"https:\/\/fashionmuseum.shop\/lv\/prece\/vintage-menswear-a-collection-from-the-vintage-showroom\/","title":{"rendered":"Vintage Menswear. A collection from the vintage showroom"},"content":{"rendered":"<p><em><strong>Izdev\u0113ja gr\u0101matas anot\u0101cija:<\/strong><\/em><\/p>\n<p><em><strong>Book Overview from the Publisher:<\/strong><\/em><\/p>\n<p>Classic workwear, sports and military clothing in a new mini format.<\/p>\n<p>Curated by connoisseurs of vintage clothing, the Vintage Showroom is a vast collection of rare 20th-century pieces that fashion designers and stylists pay to view, using the cut and detailing of individual garments as inspiration for their own work. Offering one-of-a-kind access,\u00a0<i>Vintage Menswear<\/i>\u00a0now makes this unique resource available in book form.<\/p>\n<p>Featuring 130 of the most influential examples of 20th-century and earlier European, American and Asian utilitarian tailoring and design, the book is divided into three sections of sportswear, militaria and workwear, covering everything from 1940s flying jackets and polar exploration suits to vintage French denims. Stunning full-page bleeds and front and back views showcase ground-breaking designs in concept, shape and cut.<\/p>\n<p>Providing over 300 lavishly illustrated pages of rare, must-see designs,\u00a0<i>Vintage Menswear<\/i>\u00a0is the essential choice of 20th-century vintage tailoring and detailing and an inspirational resource for students and menswear fashion designers and stylists.<\/p>\n<p>This book is brought by\u00a0<a href=\"https:\/\/fashionmuseum.shop\/lv\/publisher\/laurence-king-publishing\/\"><span style=\"text-decoration: underline\"><strong>Laurence King Publishing<\/strong><\/span><\/a>, ISBN 9781786270955<\/p>\n","protected":false},"excerpt":{"rendered":"<p>by <a href=\"https:\/\/fashionmuseum.shop\/lv\/book-author\/douglas-gunn-roy-luckett-josh-sims\/\"><strong>Douglas Gunn, Roy Luckett, Josh Sims<\/strong><\/a><\/p>\n<p><em><strong>K\u0101p\u0113c m\u0113s\u00a0izv\u0113l\u0113j\u0101mies\u00a0\u0161o gr\u0101matu:<\/strong><\/em><\/p>\n<p>\u0160is bag\u0101t\u012bgi ilustr\u0113tais izdevums ir \u012bsts d\u0101rgums ikvienam, kas interes\u0113jas par v\u012brie\u0161u modi un ap\u0123\u0113rba v\u0113sturi. Gr\u0101mata sak\u0101rtota tr\u012bs apjom\u012bg\u0101s noda\u013c\u0101s, kas velt\u012btas sporta un br\u012bv\u0101 laika ap\u0123\u0113rbam, milit\u0101rajam ap\u0123\u0113rbam un darba dr\u0113b\u0113m. \u0160\u0101da veida ap\u0123\u0113rbus sal\u012bdzino\u0161i reti gad\u0101s redz\u0113t modes muzejos, kaut ar\u012b piegriezuma elementi, deta\u013cas un dizaina nianses ir p\u0101rsteidzo\u0161i izsmalcin\u0101tas, interesantas un m\u016bsdien\u012bgas. Vintage faniem un kolekcion\u0101riem \u0161\u012b ir nenov\u0113rt\u0113jama gr\u0101mata!<\/p>\n","protected":false},"featured_media":163407,"template":"","meta":{"_coblocks_attr":"","_coblocks_dimensions":"","_coblocks_responsive_height":"","_coblocks_accordion_ie_support":"","_crdt_document":"","jetpack_publicize_message":"","jetpack_publicize_feature_enabled":true,"jetpack_social_post_already_shared":true,"jetpack_social_options":{"image_generator_settings":{"template":"highway","default_image_id":0,"font":"","enabled":false},"version":2},"_wpas_customize_per_network":false},"product_brand":[],"product_cat":[1381,2417],"product_tag":[3521,3881,3760,1727],"class_list":{"0":"post-163404","1":"product","2":"type-product","3":"status-publish","4":"has-post-thumbnail","6":"product_cat-booksaboutfashioninenglish","7":"product_cat-books","8":"product_tag-fashion-history-lv","9":"product_tag-gift-lv","10":"product_tag-vintage-lv","11":"product_tag-viriesu-mode","12":"pa_book-author-douglas-gunn-lv","13":"pa_book-author-josh-sims-lv","14":"pa_book-author-roy-luckett-lv","15":"pa_language-english","16":"pa_publisher-laurence-king-publishing-lv","18":"first","19":"instock","20":"shipping-taxable","21":"purchasable","22":"product-type-simple"},"yoast_head":"<!-- This site is optimized with the Yoast SEO plugin v27.5 - https:\/\/yoast.com\/product\/yoast-seo-wordpress\/ -->\n<title>Vintage Menswear. A collection from the vintage showroom - Fashion Museum Riga Online Store<\/title>\n<meta name=\"robots\" content=\"index, follow, max-snippet:-1, max-image-preview:large, max-video-preview:-1\" \/>\n<link rel=\"canonical\" href=\"https:\/\/fashionmuseum.shop\/lv\/prece\/vintage-menswear-a-collection-from-the-vintage-showroom\/\" \/>\n<meta property=\"og:locale\" content=\"lv_LV\" \/>\n<meta property=\"og:type\" content=\"article\" \/>\n<meta property=\"og:title\" content=\"Vintage Menswear. A collection from the vintage showroom - Fashion Museum Riga Online Store\" \/>\n<meta property=\"og:description\" content=\"by Douglas Gunn, Roy Luckett, Josh Sims  K\u0101p\u0113c m\u0113s\u00a0izv\u0113l\u0113j\u0101mies\u00a0\u0161o gr\u0101matu:  \u0160is bag\u0101t\u012bgi ilustr\u0113tais izdevums ir \u012bsts d\u0101rgums ikvienam, kas interes\u0113jas par v\u012brie\u0161u modi un ap\u0123\u0113rba v\u0113sturi. Gr\u0101mata sak\u0101rtota tr\u012bs apjom\u012bg\u0101s noda\u013c\u0101s, kas velt\u012btas sporta un br\u012bv\u0101 laika ap\u0123\u0113rbam, milit\u0101rajam ap\u0123\u0113rbam un darba dr\u0113b\u0113m. \u0160\u0101da veida ap\u0123\u0113rbus sal\u012bdzino\u0161i reti gad\u0101s redz\u0113t modes muzejos, kaut ar\u012b piegriezuma elementi, deta\u013cas un dizaina nianses ir p\u0101rsteidzo\u0161i izsmalcin\u0101tas, interesantas un m\u016bsdien\u012bgas. Vintage faniem un kolekcion\u0101riem \u0161\u012b ir nenov\u0113rt\u0113jama gr\u0101mata!\" \/>\n<meta property=\"og:url\" content=\"https:\/\/fashionmuseum.shop\/lv\/prece\/vintage-menswear-a-collection-from-the-vintage-showroom\/\" \/>\n<meta property=\"og:site_name\" content=\"Fashion Museum Riga Online Store\" \/>\n<meta property=\"article:modified_time\" content=\"2025-01-08T12:50:23+00:00\" \/>\n<meta property=\"og:image\" content=\"https:\/\/fashionmuseum.shop\/wp-content\/uploads\/2025\/01\/vintage-menswear.jpg\" \/>\n\t<meta property=\"og:image:width\" content=\"1000\" \/>\n\t<meta property=\"og:image:height\" content=\"1000\" \/>\n\t<meta property=\"og:image:type\" content=\"image\/jpeg\" \/>\n<meta name=\"twitter:card\" content=\"summary_large_image\" \/>\n<meta name=\"twitter:label1\" content=\"Est. reading time\" \/>\n\t<meta name=\"twitter:data1\" content=\"1 minute\" \/>\n<script type=\"application\/ld+json\" class=\"yoast-schema-graph\">{\"@context\":\"https:\\\/\\\/schema.org\",\"@graph\":[{\"@type\":\"WebPage\",\"@id\":\"https:\\\/\\\/fashionmuseum.shop\\\/lv\\\/prece\\\/vintage-menswear-a-collection-from-the-vintage-showroom\\\/\",\"url\":\"https:\\\/\\\/fashionmuseum.shop\\\/lv\\\/prece\\\/vintage-menswear-a-collection-from-the-vintage-showroom\\\/\",\"name\":\"Vintage Menswear. A collection from the vintage showroom - Fashion Museum Riga Online Store\",\"isPartOf\":{\"@id\":\"https:\\\/\\\/fashionmuseum.shop\\\/lv\\\/#website\"},\"primaryImageOfPage\":{\"@id\":\"https:\\\/\\\/fashionmuseum.shop\\\/lv\\\/prece\\\/vintage-menswear-a-collection-from-the-vintage-showroom\\\/#primaryimage\"},\"image\":{\"@id\":\"https:\\\/\\\/fashionmuseum.shop\\\/lv\\\/prece\\\/vintage-menswear-a-collection-from-the-vintage-showroom\\\/#primaryimage\"},\"thumbnailUrl\":\"https:\\\/\\\/i0.wp.com\\\/fashionmuseum.shop\\\/wp-content\\\/uploads\\\/2025\\\/01\\\/vintage-menswear.jpg?fit=1000%2C1000&ssl=1\",\"datePublished\":\"2025-01-08T12:40:21+00:00\",\"dateModified\":\"2025-01-08T12:50:23+00:00\",\"breadcrumb\":{\"@id\":\"https:\\\/\\\/fashionmuseum.shop\\\/lv\\\/prece\\\/vintage-menswear-a-collection-from-the-vintage-showroom\\\/#breadcrumb\"},\"inLanguage\":\"lv-LV\",\"potentialAction\":[{\"@type\":\"ReadAction\",\"target\":[\"https:\\\/\\\/fashionmuseum.shop\\\/lv\\\/prece\\\/vintage-menswear-a-collection-from-the-vintage-showroom\\\/\"]}]},{\"@type\":\"ImageObject\",\"inLanguage\":\"lv-LV\",\"@id\":\"https:\\\/\\\/fashionmuseum.shop\\\/lv\\\/prece\\\/vintage-menswear-a-collection-from-the-vintage-showroom\\\/#primaryimage\",\"url\":\"https:\\\/\\\/i0.wp.com\\\/fashionmuseum.shop\\\/wp-content\\\/uploads\\\/2025\\\/01\\\/vintage-menswear.jpg?fit=1000%2C1000&ssl=1\",\"contentUrl\":\"https:\\\/\\\/i0.wp.com\\\/fashionmuseum.shop\\\/wp-content\\\/uploads\\\/2025\\\/01\\\/vintage-menswear.jpg?fit=1000%2C1000&ssl=1\",\"width\":1000,\"height\":1000},{\"@type\":\"BreadcrumbList\",\"@id\":\"https:\\\/\\\/fashionmuseum.shop\\\/lv\\\/prece\\\/vintage-menswear-a-collection-from-the-vintage-showroom\\\/#breadcrumb\",\"itemListElement\":[{\"@type\":\"ListItem\",\"position\":1,\"name\":\"Home\",\"item\":\"https:\\\/\\\/fashionmuseum.shop\\\/lv\\\/\"},{\"@type\":\"ListItem\",\"position\":2,\"name\":\"Products\",\"item\":\"https:\\\/\\\/fashionmuseum.shop\\\/lv\\\/shop\\\/\"},{\"@type\":\"ListItem\",\"position\":3,\"name\":\"Vintage Menswear. A collection from the vintage showroom\"}]},{\"@type\":\"WebSite\",\"@id\":\"https:\\\/\\\/fashionmuseum.shop\\\/lv\\\/#website\",\"url\":\"https:\\\/\\\/fashionmuseum.shop\\\/lv\\\/\",\"name\":\"Fashion Museum Online Store\",\"description\":\"Fashion Museum Riga Online Store provides a wide selection of books about fashion and fashion history.\",\"publisher\":{\"@id\":\"https:\\\/\\\/fashionmuseum.shop\\\/lv\\\/#organization\"},\"potentialAction\":[{\"@type\":\"SearchAction\",\"target\":{\"@type\":\"EntryPoint\",\"urlTemplate\":\"https:\\\/\\\/fashionmuseum.shop\\\/lv\\\/?s={search_term_string}\"},\"query-input\":{\"@type\":\"PropertyValueSpecification\",\"valueRequired\":true,\"valueName\":\"search_term_string\"}}],\"inLanguage\":\"lv-LV\"},{\"@type\":\"Organization\",\"@id\":\"https:\\\/\\\/fashionmuseum.shop\\\/lv\\\/#organization\",\"name\":\"Modes muzejs\",\"url\":\"https:\\\/\\\/fashionmuseum.shop\\\/lv\\\/\",\"logo\":{\"@type\":\"ImageObject\",\"inLanguage\":\"lv-LV\",\"@id\":\"https:\\\/\\\/fashionmuseum.shop\\\/lv\\\/#\\\/schema\\\/logo\\\/image\\\/\",\"url\":\"https:\\\/\\\/i1.wp.com\\\/fashionmuseum.shop\\\/wp-content\\\/uploads\\\/2020\\\/04\\\/apple-touch-icon.png?fit=180%2C180&ssl=1\",\"contentUrl\":\"https:\\\/\\\/i1.wp.com\\\/fashionmuseum.shop\\\/wp-content\\\/uploads\\\/2020\\\/04\\\/apple-touch-icon.png?fit=180%2C180&ssl=1\",\"width\":180,\"height\":180,\"caption\":\"Modes muzejs\"},\"image\":{\"@id\":\"https:\\\/\\\/fashionmuseum.shop\\\/lv\\\/#\\\/schema\\\/logo\\\/image\\\/\"}}]}<\/script>\n<!-- \/ Yoast SEO plugin. -->","yoast_head_json":{"title":"Vintage Menswear. A collection from the vintage showroom - Fashion Museum Riga Online Store","robots":{"index":"index","follow":"follow","max-snippet":"max-snippet:-1","max-image-preview":"max-image-preview:large","max-video-preview":"max-video-preview:-1"},"canonical":"https:\/\/fashionmuseum.shop\/lv\/prece\/vintage-menswear-a-collection-from-the-vintage-showroom\/","og_locale":"lv_LV","og_type":"article","og_title":"Vintage Menswear. A collection from the vintage showroom - Fashion Museum Riga Online Store","og_description":"by Douglas Gunn, Roy Luckett, Josh Sims  K\u0101p\u0113c m\u0113s\u00a0izv\u0113l\u0113j\u0101mies\u00a0\u0161o gr\u0101matu:  \u0160is bag\u0101t\u012bgi ilustr\u0113tais izdevums ir \u012bsts d\u0101rgums ikvienam, kas interes\u0113jas par v\u012brie\u0161u modi un ap\u0123\u0113rba v\u0113sturi. Gr\u0101mata sak\u0101rtota tr\u012bs apjom\u012bg\u0101s noda\u013c\u0101s, kas velt\u012btas sporta un br\u012bv\u0101 laika ap\u0123\u0113rbam, milit\u0101rajam ap\u0123\u0113rbam un darba dr\u0113b\u0113m. \u0160\u0101da veida ap\u0123\u0113rbus sal\u012bdzino\u0161i reti gad\u0101s redz\u0113t modes muzejos, kaut ar\u012b piegriezuma elementi, deta\u013cas un dizaina nianses ir p\u0101rsteidzo\u0161i izsmalcin\u0101tas, interesantas un m\u016bsdien\u012bgas. Vintage faniem un kolekcion\u0101riem \u0161\u012b ir nenov\u0113rt\u0113jama gr\u0101mata!","og_url":"https:\/\/fashionmuseum.shop\/lv\/prece\/vintage-menswear-a-collection-from-the-vintage-showroom\/","og_site_name":"Fashion Museum Riga Online Store","article_modified_time":"2025-01-08T12:50:23+00:00","og_image":[{"width":1000,"height":1000,"url":"https:\/\/fashionmuseum.shop\/wp-content\/uploads\/2025\/01\/vintage-menswear.jpg","type":"image\/jpeg"}],"twitter_card":"summary_large_image","twitter_misc":{"Est. reading time":"1 minute"},"schema":{"@context":"https:\/\/schema.org","@graph":[{"@type":"WebPage","@id":"https:\/\/fashionmuseum.shop\/lv\/prece\/vintage-menswear-a-collection-from-the-vintage-showroom\/","url":"https:\/\/fashionmuseum.shop\/lv\/prece\/vintage-menswear-a-collection-from-the-vintage-showroom\/","name":"Vintage Menswear. A collection from the vintage showroom - Fashion Museum Riga Online Store","isPartOf":{"@id":"https:\/\/fashionmuseum.shop\/lv\/#website"},"primaryImageOfPage":{"@id":"https:\/\/fashionmuseum.shop\/lv\/prece\/vintage-menswear-a-collection-from-the-vintage-showroom\/#primaryimage"},"image":{"@id":"https:\/\/fashionmuseum.shop\/lv\/prece\/vintage-menswear-a-collection-from-the-vintage-showroom\/#primaryimage"},"thumbnailUrl":"https:\/\/i0.wp.com\/fashionmuseum.shop\/wp-content\/uploads\/2025\/01\/vintage-menswear.jpg?fit=1000%2C1000&ssl=1","datePublished":"2025-01-08T12:40:21+00:00","dateModified":"2025-01-08T12:50:23+00:00","breadcrumb":{"@id":"https:\/\/fashionmuseum.shop\/lv\/prece\/vintage-menswear-a-collection-from-the-vintage-showroom\/#breadcrumb"},"inLanguage":"lv-LV","potentialAction":[{"@type":"ReadAction","target":["https:\/\/fashionmuseum.shop\/lv\/prece\/vintage-menswear-a-collection-from-the-vintage-showroom\/"]}]},{"@type":"ImageObject","inLanguage":"lv-LV","@id":"https:\/\/fashionmuseum.shop\/lv\/prece\/vintage-menswear-a-collection-from-the-vintage-showroom\/#primaryimage","url":"https:\/\/i0.wp.com\/fashionmuseum.shop\/wp-content\/uploads\/2025\/01\/vintage-menswear.jpg?fit=1000%2C1000&ssl=1","contentUrl":"https:\/\/i0.wp.com\/fashionmuseum.shop\/wp-content\/uploads\/2025\/01\/vintage-menswear.jpg?fit=1000%2C1000&ssl=1","width":1000,"height":1000},{"@type":"BreadcrumbList","@id":"https:\/\/fashionmuseum.shop\/lv\/prece\/vintage-menswear-a-collection-from-the-vintage-showroom\/#breadcrumb","itemListElement":[{"@type":"ListItem","position":1,"name":"Home","item":"https:\/\/fashionmuseum.shop\/lv\/"},{"@type":"ListItem","position":2,"name":"Products","item":"https:\/\/fashionmuseum.shop\/lv\/shop\/"},{"@type":"ListItem","position":3,"name":"Vintage Menswear. A collection from the vintage showroom"}]},{"@type":"WebSite","@id":"https:\/\/fashionmuseum.shop\/lv\/#website","url":"https:\/\/fashionmuseum.shop\/lv\/","name":"Fashion Museum Online Store","description":"Fashion Museum Riga Online Store provides a wide selection of books about fashion and fashion history.","publisher":{"@id":"https:\/\/fashionmuseum.shop\/lv\/#organization"},"potentialAction":[{"@type":"SearchAction","target":{"@type":"EntryPoint","urlTemplate":"https:\/\/fashionmuseum.shop\/lv\/?s={search_term_string}"},"query-input":{"@type":"PropertyValueSpecification","valueRequired":true,"valueName":"search_term_string"}}],"inLanguage":"lv-LV"},{"@type":"Organization","@id":"https:\/\/fashionmuseum.shop\/lv\/#organization","name":"Modes muzejs","url":"https:\/\/fashionmuseum.shop\/lv\/","logo":{"@type":"ImageObject","inLanguage":"lv-LV","@id":"https:\/\/fashionmuseum.shop\/lv\/#\/schema\/logo\/image\/","url":"https:\/\/i1.wp.com\/fashionmuseum.shop\/wp-content\/uploads\/2020\/04\/apple-touch-icon.png?fit=180%2C180&ssl=1","contentUrl":"https:\/\/i1.wp.com\/fashionmuseum.shop\/wp-content\/uploads\/2020\/04\/apple-touch-icon.png?fit=180%2C180&ssl=1","width":180,"height":180,"caption":"Modes muzejs"},"image":{"@id":"https:\/\/fashionmuseum.shop\/lv\/#\/schema\/logo\/image\/"}}]}},"jetpack_publicize_connections":[],"jetpack_likes_enabled":false,"jetpack_sharing_enabled":true,"amp_enabled":true,"_links":{"self":[{"href":"https:\/\/fashionmuseum.shop\/lv\/wp-json\/wp\/v2\/product\/163404","targetHints":{"allow":["GET"]}}],"collection":[{"href":"https:\/\/fashionmuseum.shop\/lv\/wp-json\/wp\/v2\/product"}],"about":[{"href":"https:\/\/fashionmuseum.shop\/lv\/wp-json\/wp\/v2\/types\/product"}],"wp:featuredmedia":[{"embeddable":true,"href":"https:\/\/fashionmuseum.shop\/lv\/wp-json\/wp\/v2\/media\/163407"}],"wp:attachment":[{"href":"https:\/\/fashionmuseum.shop\/lv\/wp-json\/wp\/v2\/media?parent=163404"}],"wp:term":[{"taxonomy":"product_brand","embeddable":true,"href":"https:\/\/fashionmuseum.shop\/lv\/wp-json\/wp\/v2\/product_brand?post=163404"},{"taxonomy":"product_cat","embeddable":true,"href":"https:\/\/fashionmuseum.shop\/lv\/wp-json\/wp\/v2\/product_cat?post=163404"},{"taxonomy":"product_tag","embeddable":true,"href":"https:\/\/fashionmuseum.shop\/lv\/wp-json\/wp\/v2\/product_tag?post=163404"}],"curies":[{"name":"wp","href":"https:\/\/api.w.org\/{rel}","templated":true}]}}