{"id":163803,"date":"2025-02-18T12:32:16","date_gmt":"2025-02-18T10:32:16","guid":{"rendered":"https:\/\/fashionmuseum.shop\/?post_type=product&#038;p=163803"},"modified":"2025-02-18T12:42:17","modified_gmt":"2025-02-18T10:42:17","slug":"best-friends-magnetic-dress-up","status":"publish","type":"product","link":"https:\/\/fashionmuseum.shop\/lv\/prece\/best-friends-magnetic-dress-up\/","title":{"rendered":"Best Friends Magnetic Dress UP"},"content":{"rendered":"<p>Petit Collage koka rotaslietu komplekt\u0101 ir viss nepiecie\u0161amais, lai \u0161aj\u0101 jautraj\u0101 un vienk\u0101r\u0161aj\u0101 rokdarbu nodarb\u0113 izgatavotu daudz koka kaklarotu un rokasspr\u0101d\u017eu ar ko\u0161iem piekari\u0146iem, pu\u0161\u0137iem un koka p\u0113rl\u012bt\u0113m. Viss ir ievietots atk\u0101rtoti lietojam\u0101 uzglab\u0101\u0161anas k\u0101rbi\u0146\u0101 ar aizdares aizdari un kokvilnas rokturi. Katr\u0101 komplekt\u0101 ir:<br \/>\n\u2022120 augstas kvalit\u0101tes kr\u0101sotas koka p\u0113rl\u012btes<br \/>\n\u2022 25 kr\u0101sotas sirsni\u0146as<br \/>\n\u2022 iz\u0161\u016b\u0161anas diegi<br \/>\n\u2022 5 kr\u0101sainas pu\u0161\u0137i<br \/>\n\u2022 1 b\u0113rniem dro\u0161a dro\u0161\u012bbas adata<br \/>\n\u2022 5 l\u0101zer\u0101 iegrav\u0113ti dz\u012bvnieku piekari\u0146i<br \/>\n\u2022 Ilustr\u0113ta, viegli saprotama instrukcija<br \/>\nAtbilst un p\u0101rsniedz visus dro\u0161\u012bbas standartus.<br \/>\nVecums no 6 gadiem<\/p>\n","protected":false},"excerpt":{"rendered":"<p>Petit Collage koka rotaslietu komplekt\u0101 ir viss nepiecie\u0161amais, lai \u0161aj\u0101 jautraj\u0101 un vienk\u0101r\u0161aj\u0101 rokdarbu nodarb\u0113 izgatavotu daudz koka kaklarotu un rokasspr\u0101d\u017eu ar ko\u0161iem piekari\u0146iem, pu\u0161\u0137iem un koka p\u0113rl\u012bt\u0113m. Viss ir ievietots atk\u0101rtoti lietojam\u0101 uzglab\u0101\u0161anas k\u0101rbi\u0146\u0101 ar aizdares aizdari un kokvilnas rokturi. Katr\u0101 komplekt\u0101 ir: \u2022120 augstas kvalit\u0101tes kr\u0101sotas koka p\u0113rl\u012btes \u2022 25 kr\u0101sotas sirsni\u0146as \u2022 [&hellip;]<\/p>\n","protected":false},"featured_media":163806,"template":"","meta":{"_coblocks_attr":"","_coblocks_dimensions":"","_coblocks_responsive_height":"","_coblocks_accordion_ie_support":"","_crdt_document":"","jetpack_publicize_message":"","jetpack_publicize_feature_enabled":true,"jetpack_social_post_already_shared":true,"jetpack_social_options":{"image_generator_settings":{"template":"highway","default_image_id":0,"font":"","enabled":false},"version":2},"_wpas_customize_per_network":false},"product_brand":[],"product_cat":[4335],"product_tag":[4354,4344,3881,4355,4343,4345],"class_list":{"0":"post-163803","1":"product","2":"type-product","3":"status-publish","4":"has-post-thumbnail","6":"product_cat-berniem","7":"product_tag-dress-up-lv","8":"product_tag-fashion-toy-lv","9":"product_tag-gift-lv","10":"product_tag-kids-lv","11":"product_tag-magnetic-lv","12":"product_tag-play-set-lv","14":"first","15":"instock","16":"shipping-taxable","17":"purchasable","18":"product-type-simple"},"yoast_head":"<!-- This site is optimized with the Yoast SEO plugin v27.4 - https:\/\/yoast.com\/product\/yoast-seo-wordpress\/ -->\n<title>Best Friends Magnetic Dress UP - Fashion Museum Riga Online Store<\/title>\n<meta name=\"robots\" content=\"index, follow, max-snippet:-1, max-image-preview:large, max-video-preview:-1\" \/>\n<link rel=\"canonical\" href=\"https:\/\/fashionmuseum.shop\/lv\/prece\/best-friends-magnetic-dress-up\/\" \/>\n<meta property=\"og:locale\" content=\"lv_LV\" \/>\n<meta property=\"og:type\" content=\"article\" \/>\n<meta property=\"og:title\" content=\"Best Friends Magnetic Dress UP - Fashion Museum Riga Online Store\" \/>\n<meta property=\"og:description\" content=\"Petit Collage koka rotaslietu komplekt\u0101 ir viss nepiecie\u0161amais, lai \u0161aj\u0101 jautraj\u0101 un vienk\u0101r\u0161aj\u0101 rokdarbu nodarb\u0113 izgatavotu daudz koka kaklarotu un rokasspr\u0101d\u017eu ar ko\u0161iem piekari\u0146iem, pu\u0161\u0137iem un koka p\u0113rl\u012bt\u0113m. Viss ir ievietots atk\u0101rtoti lietojam\u0101 uzglab\u0101\u0161anas k\u0101rbi\u0146\u0101 ar aizdares aizdari un kokvilnas rokturi. Katr\u0101 komplekt\u0101 ir: \u2022120 augstas kvalit\u0101tes kr\u0101sotas koka p\u0113rl\u012btes \u2022 25 kr\u0101sotas sirsni\u0146as \u2022 [&hellip;]\" \/>\n<meta property=\"og:url\" content=\"https:\/\/fashionmuseum.shop\/lv\/prece\/best-friends-magnetic-dress-up\/\" \/>\n<meta property=\"og:site_name\" content=\"Fashion Museum Riga Online Store\" \/>\n<meta property=\"article:modified_time\" content=\"2025-02-18T10:42:17+00:00\" \/>\n<meta property=\"og:image\" content=\"https:\/\/fashionmuseum.shop\/wp-content\/uploads\/2025\/02\/Best-Friends-Magnetic-Dress-UP-1.jpg\" \/>\n\t<meta property=\"og:image:width\" content=\"1079\" \/>\n\t<meta property=\"og:image:height\" content=\"1500\" \/>\n\t<meta property=\"og:image:type\" content=\"image\/jpeg\" \/>\n<meta name=\"twitter:card\" content=\"summary_large_image\" \/>\n<meta name=\"twitter:label1\" content=\"Est. reading time\" \/>\n\t<meta name=\"twitter:data1\" content=\"1 minute\" \/>\n<script type=\"application\/ld+json\" class=\"yoast-schema-graph\">{\"@context\":\"https:\\\/\\\/schema.org\",\"@graph\":[{\"@type\":\"WebPage\",\"@id\":\"https:\\\/\\\/fashionmuseum.shop\\\/lv\\\/prece\\\/best-friends-magnetic-dress-up\\\/\",\"url\":\"https:\\\/\\\/fashionmuseum.shop\\\/lv\\\/prece\\\/best-friends-magnetic-dress-up\\\/\",\"name\":\"Best Friends Magnetic Dress UP - Fashion Museum Riga Online Store\",\"isPartOf\":{\"@id\":\"https:\\\/\\\/fashionmuseum.shop\\\/lv\\\/#website\"},\"primaryImageOfPage\":{\"@id\":\"https:\\\/\\\/fashionmuseum.shop\\\/lv\\\/prece\\\/best-friends-magnetic-dress-up\\\/#primaryimage\"},\"image\":{\"@id\":\"https:\\\/\\\/fashionmuseum.shop\\\/lv\\\/prece\\\/best-friends-magnetic-dress-up\\\/#primaryimage\"},\"thumbnailUrl\":\"https:\\\/\\\/i0.wp.com\\\/fashionmuseum.shop\\\/wp-content\\\/uploads\\\/2025\\\/02\\\/Best-Friends-Magnetic-Dress-UP-1.jpg?fit=1079%2C1500&ssl=1\",\"datePublished\":\"2025-02-18T10:32:16+00:00\",\"dateModified\":\"2025-02-18T10:42:17+00:00\",\"breadcrumb\":{\"@id\":\"https:\\\/\\\/fashionmuseum.shop\\\/lv\\\/prece\\\/best-friends-magnetic-dress-up\\\/#breadcrumb\"},\"inLanguage\":\"lv-LV\",\"potentialAction\":[{\"@type\":\"ReadAction\",\"target\":[\"https:\\\/\\\/fashionmuseum.shop\\\/lv\\\/prece\\\/best-friends-magnetic-dress-up\\\/\"]}]},{\"@type\":\"ImageObject\",\"inLanguage\":\"lv-LV\",\"@id\":\"https:\\\/\\\/fashionmuseum.shop\\\/lv\\\/prece\\\/best-friends-magnetic-dress-up\\\/#primaryimage\",\"url\":\"https:\\\/\\\/i0.wp.com\\\/fashionmuseum.shop\\\/wp-content\\\/uploads\\\/2025\\\/02\\\/Best-Friends-Magnetic-Dress-UP-1.jpg?fit=1079%2C1500&ssl=1\",\"contentUrl\":\"https:\\\/\\\/i0.wp.com\\\/fashionmuseum.shop\\\/wp-content\\\/uploads\\\/2025\\\/02\\\/Best-Friends-Magnetic-Dress-UP-1.jpg?fit=1079%2C1500&ssl=1\",\"width\":1079,\"height\":1500},{\"@type\":\"BreadcrumbList\",\"@id\":\"https:\\\/\\\/fashionmuseum.shop\\\/lv\\\/prece\\\/best-friends-magnetic-dress-up\\\/#breadcrumb\",\"itemListElement\":[{\"@type\":\"ListItem\",\"position\":1,\"name\":\"Home\",\"item\":\"https:\\\/\\\/fashionmuseum.shop\\\/lv\\\/\"},{\"@type\":\"ListItem\",\"position\":2,\"name\":\"Products\",\"item\":\"https:\\\/\\\/fashionmuseum.shop\\\/lv\\\/shop\\\/\"},{\"@type\":\"ListItem\",\"position\":3,\"name\":\"Best Friends Magnetic Dress UP\"}]},{\"@type\":\"WebSite\",\"@id\":\"https:\\\/\\\/fashionmuseum.shop\\\/lv\\\/#website\",\"url\":\"https:\\\/\\\/fashionmuseum.shop\\\/lv\\\/\",\"name\":\"Fashion Museum Online Store\",\"description\":\"Fashion Museum Riga Online Store provides a wide selection of books about fashion and fashion history.\",\"publisher\":{\"@id\":\"https:\\\/\\\/fashionmuseum.shop\\\/lv\\\/#organization\"},\"potentialAction\":[{\"@type\":\"SearchAction\",\"target\":{\"@type\":\"EntryPoint\",\"urlTemplate\":\"https:\\\/\\\/fashionmuseum.shop\\\/lv\\\/?s={search_term_string}\"},\"query-input\":{\"@type\":\"PropertyValueSpecification\",\"valueRequired\":true,\"valueName\":\"search_term_string\"}}],\"inLanguage\":\"lv-LV\"},{\"@type\":\"Organization\",\"@id\":\"https:\\\/\\\/fashionmuseum.shop\\\/lv\\\/#organization\",\"name\":\"Modes muzejs\",\"url\":\"https:\\\/\\\/fashionmuseum.shop\\\/lv\\\/\",\"logo\":{\"@type\":\"ImageObject\",\"inLanguage\":\"lv-LV\",\"@id\":\"https:\\\/\\\/fashionmuseum.shop\\\/lv\\\/#\\\/schema\\\/logo\\\/image\\\/\",\"url\":\"https:\\\/\\\/i1.wp.com\\\/fashionmuseum.shop\\\/wp-content\\\/uploads\\\/2020\\\/04\\\/apple-touch-icon.png?fit=180%2C180&ssl=1\",\"contentUrl\":\"https:\\\/\\\/i1.wp.com\\\/fashionmuseum.shop\\\/wp-content\\\/uploads\\\/2020\\\/04\\\/apple-touch-icon.png?fit=180%2C180&ssl=1\",\"width\":180,\"height\":180,\"caption\":\"Modes muzejs\"},\"image\":{\"@id\":\"https:\\\/\\\/fashionmuseum.shop\\\/lv\\\/#\\\/schema\\\/logo\\\/image\\\/\"}}]}<\/script>\n<!-- \/ Yoast SEO plugin. -->","yoast_head_json":{"title":"Best Friends Magnetic Dress UP - Fashion Museum Riga Online Store","robots":{"index":"index","follow":"follow","max-snippet":"max-snippet:-1","max-image-preview":"max-image-preview:large","max-video-preview":"max-video-preview:-1"},"canonical":"https:\/\/fashionmuseum.shop\/lv\/prece\/best-friends-magnetic-dress-up\/","og_locale":"lv_LV","og_type":"article","og_title":"Best Friends Magnetic Dress UP - Fashion Museum Riga Online Store","og_description":"Petit Collage koka rotaslietu komplekt\u0101 ir viss nepiecie\u0161amais, lai \u0161aj\u0101 jautraj\u0101 un vienk\u0101r\u0161aj\u0101 rokdarbu nodarb\u0113 izgatavotu daudz koka kaklarotu un rokasspr\u0101d\u017eu ar ko\u0161iem piekari\u0146iem, pu\u0161\u0137iem un koka p\u0113rl\u012bt\u0113m. Viss ir ievietots atk\u0101rtoti lietojam\u0101 uzglab\u0101\u0161anas k\u0101rbi\u0146\u0101 ar aizdares aizdari un kokvilnas rokturi. Katr\u0101 komplekt\u0101 ir: \u2022120 augstas kvalit\u0101tes kr\u0101sotas koka p\u0113rl\u012btes \u2022 25 kr\u0101sotas sirsni\u0146as \u2022 [&hellip;]","og_url":"https:\/\/fashionmuseum.shop\/lv\/prece\/best-friends-magnetic-dress-up\/","og_site_name":"Fashion Museum Riga Online Store","article_modified_time":"2025-02-18T10:42:17+00:00","og_image":[{"width":1079,"height":1500,"url":"https:\/\/fashionmuseum.shop\/wp-content\/uploads\/2025\/02\/Best-Friends-Magnetic-Dress-UP-1.jpg","type":"image\/jpeg"}],"twitter_card":"summary_large_image","twitter_misc":{"Est. reading time":"1 minute"},"schema":{"@context":"https:\/\/schema.org","@graph":[{"@type":"WebPage","@id":"https:\/\/fashionmuseum.shop\/lv\/prece\/best-friends-magnetic-dress-up\/","url":"https:\/\/fashionmuseum.shop\/lv\/prece\/best-friends-magnetic-dress-up\/","name":"Best Friends Magnetic Dress UP - Fashion Museum Riga Online Store","isPartOf":{"@id":"https:\/\/fashionmuseum.shop\/lv\/#website"},"primaryImageOfPage":{"@id":"https:\/\/fashionmuseum.shop\/lv\/prece\/best-friends-magnetic-dress-up\/#primaryimage"},"image":{"@id":"https:\/\/fashionmuseum.shop\/lv\/prece\/best-friends-magnetic-dress-up\/#primaryimage"},"thumbnailUrl":"https:\/\/i0.wp.com\/fashionmuseum.shop\/wp-content\/uploads\/2025\/02\/Best-Friends-Magnetic-Dress-UP-1.jpg?fit=1079%2C1500&ssl=1","datePublished":"2025-02-18T10:32:16+00:00","dateModified":"2025-02-18T10:42:17+00:00","breadcrumb":{"@id":"https:\/\/fashionmuseum.shop\/lv\/prece\/best-friends-magnetic-dress-up\/#breadcrumb"},"inLanguage":"lv-LV","potentialAction":[{"@type":"ReadAction","target":["https:\/\/fashionmuseum.shop\/lv\/prece\/best-friends-magnetic-dress-up\/"]}]},{"@type":"ImageObject","inLanguage":"lv-LV","@id":"https:\/\/fashionmuseum.shop\/lv\/prece\/best-friends-magnetic-dress-up\/#primaryimage","url":"https:\/\/i0.wp.com\/fashionmuseum.shop\/wp-content\/uploads\/2025\/02\/Best-Friends-Magnetic-Dress-UP-1.jpg?fit=1079%2C1500&ssl=1","contentUrl":"https:\/\/i0.wp.com\/fashionmuseum.shop\/wp-content\/uploads\/2025\/02\/Best-Friends-Magnetic-Dress-UP-1.jpg?fit=1079%2C1500&ssl=1","width":1079,"height":1500},{"@type":"BreadcrumbList","@id":"https:\/\/fashionmuseum.shop\/lv\/prece\/best-friends-magnetic-dress-up\/#breadcrumb","itemListElement":[{"@type":"ListItem","position":1,"name":"Home","item":"https:\/\/fashionmuseum.shop\/lv\/"},{"@type":"ListItem","position":2,"name":"Products","item":"https:\/\/fashionmuseum.shop\/lv\/shop\/"},{"@type":"ListItem","position":3,"name":"Best Friends Magnetic Dress UP"}]},{"@type":"WebSite","@id":"https:\/\/fashionmuseum.shop\/lv\/#website","url":"https:\/\/fashionmuseum.shop\/lv\/","name":"Fashion Museum Online Store","description":"Fashion Museum Riga Online Store provides a wide selection of books about fashion and fashion history.","publisher":{"@id":"https:\/\/fashionmuseum.shop\/lv\/#organization"},"potentialAction":[{"@type":"SearchAction","target":{"@type":"EntryPoint","urlTemplate":"https:\/\/fashionmuseum.shop\/lv\/?s={search_term_string}"},"query-input":{"@type":"PropertyValueSpecification","valueRequired":true,"valueName":"search_term_string"}}],"inLanguage":"lv-LV"},{"@type":"Organization","@id":"https:\/\/fashionmuseum.shop\/lv\/#organization","name":"Modes muzejs","url":"https:\/\/fashionmuseum.shop\/lv\/","logo":{"@type":"ImageObject","inLanguage":"lv-LV","@id":"https:\/\/fashionmuseum.shop\/lv\/#\/schema\/logo\/image\/","url":"https:\/\/i1.wp.com\/fashionmuseum.shop\/wp-content\/uploads\/2020\/04\/apple-touch-icon.png?fit=180%2C180&ssl=1","contentUrl":"https:\/\/i1.wp.com\/fashionmuseum.shop\/wp-content\/uploads\/2020\/04\/apple-touch-icon.png?fit=180%2C180&ssl=1","width":180,"height":180,"caption":"Modes muzejs"},"image":{"@id":"https:\/\/fashionmuseum.shop\/lv\/#\/schema\/logo\/image\/"}}]}},"jetpack_publicize_connections":[],"jetpack_likes_enabled":false,"jetpack_sharing_enabled":true,"amp_enabled":true,"_links":{"self":[{"href":"https:\/\/fashionmuseum.shop\/lv\/wp-json\/wp\/v2\/product\/163803","targetHints":{"allow":["GET"]}}],"collection":[{"href":"https:\/\/fashionmuseum.shop\/lv\/wp-json\/wp\/v2\/product"}],"about":[{"href":"https:\/\/fashionmuseum.shop\/lv\/wp-json\/wp\/v2\/types\/product"}],"wp:featuredmedia":[{"embeddable":true,"href":"https:\/\/fashionmuseum.shop\/lv\/wp-json\/wp\/v2\/media\/163806"}],"wp:attachment":[{"href":"https:\/\/fashionmuseum.shop\/lv\/wp-json\/wp\/v2\/media?parent=163803"}],"wp:term":[{"taxonomy":"product_brand","embeddable":true,"href":"https:\/\/fashionmuseum.shop\/lv\/wp-json\/wp\/v2\/product_brand?post=163803"},{"taxonomy":"product_cat","embeddable":true,"href":"https:\/\/fashionmuseum.shop\/lv\/wp-json\/wp\/v2\/product_cat?post=163803"},{"taxonomy":"product_tag","embeddable":true,"href":"https:\/\/fashionmuseum.shop\/lv\/wp-json\/wp\/v2\/product_tag?post=163803"}],"curies":[{"name":"wp","href":"https:\/\/api.w.org\/{rel}","templated":true}]}}