{"id":163994,"date":"2025-02-18T15:35:05","date_gmt":"2025-02-18T13:35:05","guid":{"rendered":"https:\/\/fashionmuseum.shop\/?post_type=product&#038;p=163994"},"modified":"2025-02-18T15:42:13","modified_gmt":"2025-02-18T13:42:13","slug":"purrmaid-magnetic-dress-up","status":"publish","type":"product","link":"https:\/\/fashionmuseum.shop\/lv\/prece\/purrmaid-magnetic-dress-up\/","title":{"rendered":"Purrmaid Magnetic Dress-up"},"content":{"rendered":"<p>Mudpuppy&#8217;s Purrmaid&#8217;s Magnetic Dress-up ietver 2 ilustr\u0113tas ainas un 3 loksnes ar magn\u0113ti\u0146iem, lai p\u0101r\u0123\u0113rbtu \u0161\u012bs burv\u012bg\u0101s ka\u0137u &#8211; n\u0101ri\u0146as.<br \/>\nIztur\u012bgais sk\u0101rda iepakojums pied\u0101v\u0101 stund\u0101m ilgu izt\u0113li rosino\u0161u rota\u013cu un vieglu t\u012br\u012b\u0161anu un deta\u013cu uzglab\u0101\u0161anu.<br \/>\nMudpuppy magn\u0113tisk\u0101s kast\u012btes ir ide\u0101la b\u0113rnu rota\u013clieta ce\u013co\u0161anai un klus\u0101 laika pavad\u012b\u0161anai.<br \/>\n\u2022Vec\u0101ki par 4 gadiem<br \/>\n\u2022 Visi Mudpuppy produkti atbilst CPSIA, ASTM un CE dro\u0161\u012bbas noteikumiem.<\/p>\n","protected":false},"excerpt":{"rendered":"<p>Mudpuppy&#8217;s Purrmaid&#8217;s Magnetic Dress-up ietver 2 ilustr\u0113tas ainas un 3 loksnes ar magn\u0113ti\u0146iem, lai p\u0101r\u0123\u0113rbtu \u0161\u012bs burv\u012bg\u0101s ka\u0137u &#8211; n\u0101ri\u0146as. Iztur\u012bgais sk\u0101rda iepakojums pied\u0101v\u0101 stund\u0101m ilgu izt\u0113li rosino\u0161u rota\u013cu un vieglu t\u012br\u012b\u0161anu un deta\u013cu uzglab\u0101\u0161anu. Mudpuppy magn\u0113tisk\u0101s kast\u012btes ir ide\u0101la b\u0113rnu rota\u013clieta ce\u013co\u0161anai un klus\u0101 laika pavad\u012b\u0161anai. \u2022Vec\u0101ki par 4 gadiem \u2022 Visi Mudpuppy produkti [&hellip;]<\/p>\n","protected":false},"featured_media":163997,"template":"","meta":{"_coblocks_attr":"","_coblocks_dimensions":"","_coblocks_responsive_height":"","_coblocks_accordion_ie_support":"","_crdt_document":"","jetpack_publicize_message":"","jetpack_publicize_feature_enabled":true,"jetpack_social_post_already_shared":true,"jetpack_social_options":{"image_generator_settings":{"template":"highway","default_image_id":0,"font":"","enabled":false},"version":2},"_wpas_customize_per_network":false},"product_brand":[],"product_cat":[4335],"product_tag":[3881,4355,4343,4345],"class_list":{"0":"post-163994","1":"product","2":"type-product","3":"status-publish","4":"has-post-thumbnail","6":"product_cat-berniem","7":"product_tag-gift-lv","8":"product_tag-kids-lv","9":"product_tag-magnetic-lv","10":"product_tag-play-set-lv","12":"first","13":"instock","14":"shipping-taxable","15":"purchasable","16":"product-type-simple"},"yoast_head":"<!-- This site is optimized with the Yoast SEO plugin v27.5 - https:\/\/yoast.com\/product\/yoast-seo-wordpress\/ -->\n<title>Purrmaid Magnetic Dress-up - Fashion Museum Riga Online Store<\/title>\n<meta name=\"robots\" content=\"index, follow, max-snippet:-1, max-image-preview:large, max-video-preview:-1\" \/>\n<link rel=\"canonical\" href=\"https:\/\/fashionmuseum.shop\/lv\/prece\/purrmaid-magnetic-dress-up\/\" \/>\n<meta property=\"og:locale\" content=\"lv_LV\" \/>\n<meta property=\"og:type\" content=\"article\" \/>\n<meta property=\"og:title\" content=\"Purrmaid Magnetic Dress-up - Fashion Museum Riga Online Store\" \/>\n<meta property=\"og:description\" content=\"Mudpuppy&#8217;s Purrmaid&#8217;s Magnetic Dress-up ietver 2 ilustr\u0113tas ainas un 3 loksnes ar magn\u0113ti\u0146iem, lai p\u0101r\u0123\u0113rbtu \u0161\u012bs burv\u012bg\u0101s ka\u0137u &#8211; n\u0101ri\u0146as. Iztur\u012bgais sk\u0101rda iepakojums pied\u0101v\u0101 stund\u0101m ilgu izt\u0113li rosino\u0161u rota\u013cu un vieglu t\u012br\u012b\u0161anu un deta\u013cu uzglab\u0101\u0161anu. Mudpuppy magn\u0113tisk\u0101s kast\u012btes ir ide\u0101la b\u0113rnu rota\u013clieta ce\u013co\u0161anai un klus\u0101 laika pavad\u012b\u0161anai. \u2022Vec\u0101ki par 4 gadiem \u2022 Visi Mudpuppy produkti [&hellip;]\" \/>\n<meta property=\"og:url\" content=\"https:\/\/fashionmuseum.shop\/lv\/prece\/purrmaid-magnetic-dress-up\/\" \/>\n<meta property=\"og:site_name\" content=\"Fashion Museum Riga Online Store\" \/>\n<meta property=\"article:modified_time\" content=\"2025-02-18T13:42:13+00:00\" \/>\n<meta property=\"og:image\" content=\"https:\/\/fashionmuseum.shop\/wp-content\/uploads\/2025\/02\/Purrmaid-Magnetic-Dress-up-1.webp\" \/>\n\t<meta property=\"og:image:width\" content=\"2000\" \/>\n\t<meta property=\"og:image:height\" content=\"2000\" \/>\n\t<meta property=\"og:image:type\" content=\"image\/webp\" \/>\n<meta name=\"twitter:card\" content=\"summary_large_image\" \/>\n<script type=\"application\/ld+json\" class=\"yoast-schema-graph\">{\"@context\":\"https:\\\/\\\/schema.org\",\"@graph\":[{\"@type\":\"WebPage\",\"@id\":\"https:\\\/\\\/fashionmuseum.shop\\\/lv\\\/prece\\\/purrmaid-magnetic-dress-up\\\/\",\"url\":\"https:\\\/\\\/fashionmuseum.shop\\\/lv\\\/prece\\\/purrmaid-magnetic-dress-up\\\/\",\"name\":\"Purrmaid Magnetic Dress-up - Fashion Museum Riga Online Store\",\"isPartOf\":{\"@id\":\"https:\\\/\\\/fashionmuseum.shop\\\/lv\\\/#website\"},\"primaryImageOfPage\":{\"@id\":\"https:\\\/\\\/fashionmuseum.shop\\\/lv\\\/prece\\\/purrmaid-magnetic-dress-up\\\/#primaryimage\"},\"image\":{\"@id\":\"https:\\\/\\\/fashionmuseum.shop\\\/lv\\\/prece\\\/purrmaid-magnetic-dress-up\\\/#primaryimage\"},\"thumbnailUrl\":\"https:\\\/\\\/i0.wp.com\\\/fashionmuseum.shop\\\/wp-content\\\/uploads\\\/2025\\\/02\\\/Purrmaid-Magnetic-Dress-up-1.webp?fit=2000%2C2000&ssl=1\",\"datePublished\":\"2025-02-18T13:35:05+00:00\",\"dateModified\":\"2025-02-18T13:42:13+00:00\",\"breadcrumb\":{\"@id\":\"https:\\\/\\\/fashionmuseum.shop\\\/lv\\\/prece\\\/purrmaid-magnetic-dress-up\\\/#breadcrumb\"},\"inLanguage\":\"lv-LV\",\"potentialAction\":[{\"@type\":\"ReadAction\",\"target\":[\"https:\\\/\\\/fashionmuseum.shop\\\/lv\\\/prece\\\/purrmaid-magnetic-dress-up\\\/\"]}]},{\"@type\":\"ImageObject\",\"inLanguage\":\"lv-LV\",\"@id\":\"https:\\\/\\\/fashionmuseum.shop\\\/lv\\\/prece\\\/purrmaid-magnetic-dress-up\\\/#primaryimage\",\"url\":\"https:\\\/\\\/i0.wp.com\\\/fashionmuseum.shop\\\/wp-content\\\/uploads\\\/2025\\\/02\\\/Purrmaid-Magnetic-Dress-up-1.webp?fit=2000%2C2000&ssl=1\",\"contentUrl\":\"https:\\\/\\\/i0.wp.com\\\/fashionmuseum.shop\\\/wp-content\\\/uploads\\\/2025\\\/02\\\/Purrmaid-Magnetic-Dress-up-1.webp?fit=2000%2C2000&ssl=1\",\"width\":2000,\"height\":2000},{\"@type\":\"BreadcrumbList\",\"@id\":\"https:\\\/\\\/fashionmuseum.shop\\\/lv\\\/prece\\\/purrmaid-magnetic-dress-up\\\/#breadcrumb\",\"itemListElement\":[{\"@type\":\"ListItem\",\"position\":1,\"name\":\"Home\",\"item\":\"https:\\\/\\\/fashionmuseum.shop\\\/lv\\\/\"},{\"@type\":\"ListItem\",\"position\":2,\"name\":\"Products\",\"item\":\"https:\\\/\\\/fashionmuseum.shop\\\/lv\\\/shop\\\/\"},{\"@type\":\"ListItem\",\"position\":3,\"name\":\"Purrmaid Magnetic Dress-up\"}]},{\"@type\":\"WebSite\",\"@id\":\"https:\\\/\\\/fashionmuseum.shop\\\/lv\\\/#website\",\"url\":\"https:\\\/\\\/fashionmuseum.shop\\\/lv\\\/\",\"name\":\"Fashion Museum Online Store\",\"description\":\"Fashion Museum Riga Online Store provides a wide selection of books about fashion and fashion history.\",\"publisher\":{\"@id\":\"https:\\\/\\\/fashionmuseum.shop\\\/lv\\\/#organization\"},\"potentialAction\":[{\"@type\":\"SearchAction\",\"target\":{\"@type\":\"EntryPoint\",\"urlTemplate\":\"https:\\\/\\\/fashionmuseum.shop\\\/lv\\\/?s={search_term_string}\"},\"query-input\":{\"@type\":\"PropertyValueSpecification\",\"valueRequired\":true,\"valueName\":\"search_term_string\"}}],\"inLanguage\":\"lv-LV\"},{\"@type\":\"Organization\",\"@id\":\"https:\\\/\\\/fashionmuseum.shop\\\/lv\\\/#organization\",\"name\":\"Modes muzejs\",\"url\":\"https:\\\/\\\/fashionmuseum.shop\\\/lv\\\/\",\"logo\":{\"@type\":\"ImageObject\",\"inLanguage\":\"lv-LV\",\"@id\":\"https:\\\/\\\/fashionmuseum.shop\\\/lv\\\/#\\\/schema\\\/logo\\\/image\\\/\",\"url\":\"https:\\\/\\\/i1.wp.com\\\/fashionmuseum.shop\\\/wp-content\\\/uploads\\\/2020\\\/04\\\/apple-touch-icon.png?fit=180%2C180&ssl=1\",\"contentUrl\":\"https:\\\/\\\/i1.wp.com\\\/fashionmuseum.shop\\\/wp-content\\\/uploads\\\/2020\\\/04\\\/apple-touch-icon.png?fit=180%2C180&ssl=1\",\"width\":180,\"height\":180,\"caption\":\"Modes muzejs\"},\"image\":{\"@id\":\"https:\\\/\\\/fashionmuseum.shop\\\/lv\\\/#\\\/schema\\\/logo\\\/image\\\/\"}}]}<\/script>\n<!-- \/ Yoast SEO plugin. -->","yoast_head_json":{"title":"Purrmaid Magnetic Dress-up - Fashion Museum Riga Online Store","robots":{"index":"index","follow":"follow","max-snippet":"max-snippet:-1","max-image-preview":"max-image-preview:large","max-video-preview":"max-video-preview:-1"},"canonical":"https:\/\/fashionmuseum.shop\/lv\/prece\/purrmaid-magnetic-dress-up\/","og_locale":"lv_LV","og_type":"article","og_title":"Purrmaid Magnetic Dress-up - Fashion Museum Riga Online Store","og_description":"Mudpuppy&#8217;s Purrmaid&#8217;s Magnetic Dress-up ietver 2 ilustr\u0113tas ainas un 3 loksnes ar magn\u0113ti\u0146iem, lai p\u0101r\u0123\u0113rbtu \u0161\u012bs burv\u012bg\u0101s ka\u0137u &#8211; n\u0101ri\u0146as. Iztur\u012bgais sk\u0101rda iepakojums pied\u0101v\u0101 stund\u0101m ilgu izt\u0113li rosino\u0161u rota\u013cu un vieglu t\u012br\u012b\u0161anu un deta\u013cu uzglab\u0101\u0161anu. Mudpuppy magn\u0113tisk\u0101s kast\u012btes ir ide\u0101la b\u0113rnu rota\u013clieta ce\u013co\u0161anai un klus\u0101 laika pavad\u012b\u0161anai. \u2022Vec\u0101ki par 4 gadiem \u2022 Visi Mudpuppy produkti [&hellip;]","og_url":"https:\/\/fashionmuseum.shop\/lv\/prece\/purrmaid-magnetic-dress-up\/","og_site_name":"Fashion Museum Riga Online Store","article_modified_time":"2025-02-18T13:42:13+00:00","og_image":[{"width":2000,"height":2000,"url":"https:\/\/fashionmuseum.shop\/wp-content\/uploads\/2025\/02\/Purrmaid-Magnetic-Dress-up-1.webp","type":"image\/webp"}],"twitter_card":"summary_large_image","schema":{"@context":"https:\/\/schema.org","@graph":[{"@type":"WebPage","@id":"https:\/\/fashionmuseum.shop\/lv\/prece\/purrmaid-magnetic-dress-up\/","url":"https:\/\/fashionmuseum.shop\/lv\/prece\/purrmaid-magnetic-dress-up\/","name":"Purrmaid Magnetic Dress-up - Fashion Museum Riga Online Store","isPartOf":{"@id":"https:\/\/fashionmuseum.shop\/lv\/#website"},"primaryImageOfPage":{"@id":"https:\/\/fashionmuseum.shop\/lv\/prece\/purrmaid-magnetic-dress-up\/#primaryimage"},"image":{"@id":"https:\/\/fashionmuseum.shop\/lv\/prece\/purrmaid-magnetic-dress-up\/#primaryimage"},"thumbnailUrl":"https:\/\/i0.wp.com\/fashionmuseum.shop\/wp-content\/uploads\/2025\/02\/Purrmaid-Magnetic-Dress-up-1.webp?fit=2000%2C2000&ssl=1","datePublished":"2025-02-18T13:35:05+00:00","dateModified":"2025-02-18T13:42:13+00:00","breadcrumb":{"@id":"https:\/\/fashionmuseum.shop\/lv\/prece\/purrmaid-magnetic-dress-up\/#breadcrumb"},"inLanguage":"lv-LV","potentialAction":[{"@type":"ReadAction","target":["https:\/\/fashionmuseum.shop\/lv\/prece\/purrmaid-magnetic-dress-up\/"]}]},{"@type":"ImageObject","inLanguage":"lv-LV","@id":"https:\/\/fashionmuseum.shop\/lv\/prece\/purrmaid-magnetic-dress-up\/#primaryimage","url":"https:\/\/i0.wp.com\/fashionmuseum.shop\/wp-content\/uploads\/2025\/02\/Purrmaid-Magnetic-Dress-up-1.webp?fit=2000%2C2000&ssl=1","contentUrl":"https:\/\/i0.wp.com\/fashionmuseum.shop\/wp-content\/uploads\/2025\/02\/Purrmaid-Magnetic-Dress-up-1.webp?fit=2000%2C2000&ssl=1","width":2000,"height":2000},{"@type":"BreadcrumbList","@id":"https:\/\/fashionmuseum.shop\/lv\/prece\/purrmaid-magnetic-dress-up\/#breadcrumb","itemListElement":[{"@type":"ListItem","position":1,"name":"Home","item":"https:\/\/fashionmuseum.shop\/lv\/"},{"@type":"ListItem","position":2,"name":"Products","item":"https:\/\/fashionmuseum.shop\/lv\/shop\/"},{"@type":"ListItem","position":3,"name":"Purrmaid Magnetic Dress-up"}]},{"@type":"WebSite","@id":"https:\/\/fashionmuseum.shop\/lv\/#website","url":"https:\/\/fashionmuseum.shop\/lv\/","name":"Fashion Museum Online Store","description":"Fashion Museum Riga Online Store provides a wide selection of books about fashion and fashion history.","publisher":{"@id":"https:\/\/fashionmuseum.shop\/lv\/#organization"},"potentialAction":[{"@type":"SearchAction","target":{"@type":"EntryPoint","urlTemplate":"https:\/\/fashionmuseum.shop\/lv\/?s={search_term_string}"},"query-input":{"@type":"PropertyValueSpecification","valueRequired":true,"valueName":"search_term_string"}}],"inLanguage":"lv-LV"},{"@type":"Organization","@id":"https:\/\/fashionmuseum.shop\/lv\/#organization","name":"Modes muzejs","url":"https:\/\/fashionmuseum.shop\/lv\/","logo":{"@type":"ImageObject","inLanguage":"lv-LV","@id":"https:\/\/fashionmuseum.shop\/lv\/#\/schema\/logo\/image\/","url":"https:\/\/i1.wp.com\/fashionmuseum.shop\/wp-content\/uploads\/2020\/04\/apple-touch-icon.png?fit=180%2C180&ssl=1","contentUrl":"https:\/\/i1.wp.com\/fashionmuseum.shop\/wp-content\/uploads\/2020\/04\/apple-touch-icon.png?fit=180%2C180&ssl=1","width":180,"height":180,"caption":"Modes muzejs"},"image":{"@id":"https:\/\/fashionmuseum.shop\/lv\/#\/schema\/logo\/image\/"}}]}},"jetpack_publicize_connections":[],"jetpack_likes_enabled":false,"jetpack_sharing_enabled":true,"amp_enabled":true,"_links":{"self":[{"href":"https:\/\/fashionmuseum.shop\/lv\/wp-json\/wp\/v2\/product\/163994","targetHints":{"allow":["GET"]}}],"collection":[{"href":"https:\/\/fashionmuseum.shop\/lv\/wp-json\/wp\/v2\/product"}],"about":[{"href":"https:\/\/fashionmuseum.shop\/lv\/wp-json\/wp\/v2\/types\/product"}],"wp:featuredmedia":[{"embeddable":true,"href":"https:\/\/fashionmuseum.shop\/lv\/wp-json\/wp\/v2\/media\/163997"}],"wp:attachment":[{"href":"https:\/\/fashionmuseum.shop\/lv\/wp-json\/wp\/v2\/media?parent=163994"}],"wp:term":[{"taxonomy":"product_brand","embeddable":true,"href":"https:\/\/fashionmuseum.shop\/lv\/wp-json\/wp\/v2\/product_brand?post=163994"},{"taxonomy":"product_cat","embeddable":true,"href":"https:\/\/fashionmuseum.shop\/lv\/wp-json\/wp\/v2\/product_cat?post=163994"},{"taxonomy":"product_tag","embeddable":true,"href":"https:\/\/fashionmuseum.shop\/lv\/wp-json\/wp\/v2\/product_tag?post=163994"}],"curies":[{"name":"wp","href":"https:\/\/api.w.org\/{rel}","templated":true}]}}