{"id":164064,"date":"2025-02-19T10:56:57","date_gmt":"2025-02-19T08:56:57","guid":{"rendered":"https:\/\/fashionmuseum.shop\/?post_type=product&#038;p=164064"},"modified":"2025-02-19T14:15:11","modified_gmt":"2025-02-19T12:15:11","slug":"500-patterns","status":"publish","type":"product","link":"https:\/\/fashionmuseum.shop\/lv\/prece\/500-patterns\/","title":{"rendered":"500 Patterns"},"content":{"rendered":"<p><em><strong>Izdev\u0113ja gr\u0101matas anot\u0101cija:<\/strong><\/em><\/p>\n<p><em><strong>Book Overview from the Publisher:<\/strong><\/em><\/p>\n<p><b>A comprehensive sourcebook of over 500 patterns across six design styles, a must-have for anyone involved in textiles and the decorative arts.<\/b><\/p>\n<p>Delicate florals, bold stripes, geometric prints and sumptuous brocades &#8211; delve into the world of textile pattern design with this showcase of over 500 patterns. Close-up, highly detailed images of both designer creations and everyday items from the 1800s to the 1990s perfectly capture the intricacies of each fabric, while accompanying texts provide fascinating insights into the history and creative process of pattern design.<\/p>\n<p>This beautiful and accessible book is a valuable resource for anyone in search of visual inspiration.<\/p>\n<p>This book is brought by\u00a0<a href=\"https:\/\/fashionmuseum.shop\/lv\/publisher\/laurence-king-publishing\/\"><span style=\"text-decoration: underline\"><strong>Laurence King Publishing<\/strong><\/span><\/a>, ISBN 9781786276896<\/p>\n","protected":false},"excerpt":{"rendered":"<p>by <a href=\"https:\/\/fashionmuseum.shop\/lv\/book-author\/jefrey-mayer\"><strong>Jefrey Mayer, Todd Conover, Lauren Tagliaferro<\/strong><\/a><\/p>\n<p><em><strong>K\u0101p\u0113c m\u0113s\u00a0izv\u0113l\u0113j\u0101mies\u00a0\u0161o gr\u0101matu:<\/strong><\/em><\/p>\n<p>Tr\u012bs autoru veidot\u0101 gr\u0101mata sniegs vizu\u0101lu iedvesmu un rado\u0161as idejas ne vien tiem, kas pa\u0161i nodarbojas ar dizainu da\u017e\u0101d\u0101s t\u0101 izpausm\u0113s, bet ar\u012b ikvienam audumu un rakstu cien\u012bt\u0101jam. Gr\u0101mat\u0101 apkopoti simtiem da\u017e\u0101du rakstu no 19. gadsimta l\u012bdz pat 20. gadsimta beig\u0101m, tie sak\u0101rtoti tematisk\u0101s noda\u013c\u0101s. Katru noda\u013ca ievada \u012bss, informat\u012bvs teksts par konkr\u0113to rakstu vai mot\u012bvu grupu. Ko\u0161s, bag\u0101t\u012bgs izdevums!<\/p>\n","protected":false},"featured_media":164079,"template":"","meta":{"_coblocks_attr":"","_coblocks_dimensions":"","_coblocks_responsive_height":"","_coblocks_accordion_ie_support":"","_crdt_document":"","jetpack_post_was_ever_published":false,"jetpack_publicize_message":"","jetpack_publicize_feature_enabled":true,"jetpack_social_post_already_shared":true,"jetpack_social_options":{"image_generator_settings":{"template":"highway","default_image_id":0,"font":"","enabled":false},"version":2},"_wpas_customize_per_network":false},"product_brand":[],"product_cat":[1611,2418],"product_tag":[4379,3747,3520,3881,4380,1734,3240],"class_list":{"0":"post-164064","1":"product","2":"type-product","3":"status-publish","4":"has-post-thumbnail","6":"product_cat-gramatas-anglu-valoda","7":"product_cat-gramatas","8":"product_tag-commercial-art-lv","9":"product_tag-design-lv","10":"product_tag-fashion-lv","11":"product_tag-gift-lv","12":"product_tag-graphic-design-lv","13":"product_tag-raksti","14":"product_tag-raksts","15":"pa_book-author-jeffrey-mayer","16":"pa_book-author-lauren-tagliaferro","17":"pa_book-author-todd-conover","18":"pa_language-anglu","19":"pa_publisher-laurence-king-publishing-lv","21":"first","22":"outofstock","23":"shipping-taxable","24":"purchasable","25":"product-type-simple"},"yoast_head":"<!-- This site is optimized with the Yoast SEO plugin v27.3 - https:\/\/yoast.com\/product\/yoast-seo-wordpress\/ -->\n<title>500 Patterns - Fashion Museum Riga Online Store<\/title>\n<meta name=\"robots\" content=\"index, follow, max-snippet:-1, max-image-preview:large, max-video-preview:-1\" \/>\n<link rel=\"canonical\" href=\"https:\/\/fashionmuseum.shop\/lv\/prece\/500-patterns\/\" \/>\n<meta property=\"og:locale\" content=\"lv_LV\" \/>\n<meta property=\"og:type\" content=\"article\" \/>\n<meta property=\"og:title\" content=\"500 Patterns - Fashion Museum Riga Online Store\" \/>\n<meta property=\"og:description\" content=\"by Jefrey Mayer, Todd Conover, Lauren Tagliaferro  K\u0101p\u0113c m\u0113s\u00a0izv\u0113l\u0113j\u0101mies\u00a0\u0161o gr\u0101matu:  Tr\u012bs autoru veidot\u0101 gr\u0101mata sniegs vizu\u0101lu iedvesmu un rado\u0161as idejas ne vien tiem, kas pa\u0161i nodarbojas ar dizainu da\u017e\u0101d\u0101s t\u0101 izpausm\u0113s, bet ar\u012b ikvienam audumu un rakstu cien\u012bt\u0101jam. Gr\u0101mat\u0101 apkopoti simtiem da\u017e\u0101du rakstu no 19. gadsimta l\u012bdz pat 20. gadsimta beig\u0101m, tie sak\u0101rtoti tematisk\u0101s noda\u013c\u0101s. Katru noda\u013ca ievada \u012bss, informat\u012bvs teksts par konkr\u0113to rakstu vai mot\u012bvu grupu. Ko\u0161s, bag\u0101t\u012bgs izdevums!\" \/>\n<meta property=\"og:url\" content=\"https:\/\/fashionmuseum.shop\/lv\/prece\/500-patterns\/\" \/>\n<meta property=\"og:site_name\" content=\"Fashion Museum Riga Online Store\" \/>\n<meta property=\"article:modified_time\" content=\"2025-02-19T12:15:11+00:00\" \/>\n<meta property=\"og:image\" content=\"https:\/\/fashionmuseum.shop\/wp-content\/uploads\/2025\/02\/500-patterns.jpg\" \/>\n\t<meta property=\"og:image:width\" content=\"1000\" \/>\n\t<meta property=\"og:image:height\" content=\"1000\" \/>\n\t<meta property=\"og:image:type\" content=\"image\/jpeg\" \/>\n<meta name=\"twitter:card\" content=\"summary_large_image\" \/>\n<meta name=\"twitter:label1\" content=\"Est. reading time\" \/>\n\t<meta name=\"twitter:data1\" content=\"1 minute\" \/>\n<script type=\"application\/ld+json\" class=\"yoast-schema-graph\">{\"@context\":\"https:\\\/\\\/schema.org\",\"@graph\":[{\"@type\":\"WebPage\",\"@id\":\"https:\\\/\\\/fashionmuseum.shop\\\/lv\\\/prece\\\/500-patterns\\\/\",\"url\":\"https:\\\/\\\/fashionmuseum.shop\\\/lv\\\/prece\\\/500-patterns\\\/\",\"name\":\"500 Patterns - Fashion Museum Riga Online Store\",\"isPartOf\":{\"@id\":\"https:\\\/\\\/fashionmuseum.shop\\\/lv\\\/#website\"},\"primaryImageOfPage\":{\"@id\":\"https:\\\/\\\/fashionmuseum.shop\\\/lv\\\/prece\\\/500-patterns\\\/#primaryimage\"},\"image\":{\"@id\":\"https:\\\/\\\/fashionmuseum.shop\\\/lv\\\/prece\\\/500-patterns\\\/#primaryimage\"},\"thumbnailUrl\":\"https:\\\/\\\/i0.wp.com\\\/fashionmuseum.shop\\\/wp-content\\\/uploads\\\/2025\\\/02\\\/500-patterns.jpg?fit=1000%2C1000&ssl=1\",\"datePublished\":\"2025-02-19T08:56:57+00:00\",\"dateModified\":\"2025-02-19T12:15:11+00:00\",\"breadcrumb\":{\"@id\":\"https:\\\/\\\/fashionmuseum.shop\\\/lv\\\/prece\\\/500-patterns\\\/#breadcrumb\"},\"inLanguage\":\"lv-LV\",\"potentialAction\":[{\"@type\":\"ReadAction\",\"target\":[\"https:\\\/\\\/fashionmuseum.shop\\\/lv\\\/prece\\\/500-patterns\\\/\"]}]},{\"@type\":\"ImageObject\",\"inLanguage\":\"lv-LV\",\"@id\":\"https:\\\/\\\/fashionmuseum.shop\\\/lv\\\/prece\\\/500-patterns\\\/#primaryimage\",\"url\":\"https:\\\/\\\/i0.wp.com\\\/fashionmuseum.shop\\\/wp-content\\\/uploads\\\/2025\\\/02\\\/500-patterns.jpg?fit=1000%2C1000&ssl=1\",\"contentUrl\":\"https:\\\/\\\/i0.wp.com\\\/fashionmuseum.shop\\\/wp-content\\\/uploads\\\/2025\\\/02\\\/500-patterns.jpg?fit=1000%2C1000&ssl=1\",\"width\":1000,\"height\":1000},{\"@type\":\"BreadcrumbList\",\"@id\":\"https:\\\/\\\/fashionmuseum.shop\\\/lv\\\/prece\\\/500-patterns\\\/#breadcrumb\",\"itemListElement\":[{\"@type\":\"ListItem\",\"position\":1,\"name\":\"Home\",\"item\":\"https:\\\/\\\/fashionmuseum.shop\\\/lv\\\/\"},{\"@type\":\"ListItem\",\"position\":2,\"name\":\"Products\",\"item\":\"https:\\\/\\\/fashionmuseum.shop\\\/lv\\\/shop\\\/\"},{\"@type\":\"ListItem\",\"position\":3,\"name\":\"500 Patterns\"}]},{\"@type\":\"WebSite\",\"@id\":\"https:\\\/\\\/fashionmuseum.shop\\\/lv\\\/#website\",\"url\":\"https:\\\/\\\/fashionmuseum.shop\\\/lv\\\/\",\"name\":\"Fashion Museum Online Store\",\"description\":\"Fashion Museum Riga Online Store provides a wide selection of books about fashion and fashion history.\",\"publisher\":{\"@id\":\"https:\\\/\\\/fashionmuseum.shop\\\/lv\\\/#organization\"},\"potentialAction\":[{\"@type\":\"SearchAction\",\"target\":{\"@type\":\"EntryPoint\",\"urlTemplate\":\"https:\\\/\\\/fashionmuseum.shop\\\/lv\\\/?s={search_term_string}\"},\"query-input\":{\"@type\":\"PropertyValueSpecification\",\"valueRequired\":true,\"valueName\":\"search_term_string\"}}],\"inLanguage\":\"lv-LV\"},{\"@type\":\"Organization\",\"@id\":\"https:\\\/\\\/fashionmuseum.shop\\\/lv\\\/#organization\",\"name\":\"Modes muzejs\",\"url\":\"https:\\\/\\\/fashionmuseum.shop\\\/lv\\\/\",\"logo\":{\"@type\":\"ImageObject\",\"inLanguage\":\"lv-LV\",\"@id\":\"https:\\\/\\\/fashionmuseum.shop\\\/lv\\\/#\\\/schema\\\/logo\\\/image\\\/\",\"url\":\"https:\\\/\\\/i1.wp.com\\\/fashionmuseum.shop\\\/wp-content\\\/uploads\\\/2020\\\/04\\\/apple-touch-icon.png?fit=180%2C180&ssl=1\",\"contentUrl\":\"https:\\\/\\\/i1.wp.com\\\/fashionmuseum.shop\\\/wp-content\\\/uploads\\\/2020\\\/04\\\/apple-touch-icon.png?fit=180%2C180&ssl=1\",\"width\":180,\"height\":180,\"caption\":\"Modes muzejs\"},\"image\":{\"@id\":\"https:\\\/\\\/fashionmuseum.shop\\\/lv\\\/#\\\/schema\\\/logo\\\/image\\\/\"}}]}<\/script>\n<!-- \/ Yoast SEO plugin. -->","yoast_head_json":{"title":"500 Patterns - Fashion Museum Riga Online Store","robots":{"index":"index","follow":"follow","max-snippet":"max-snippet:-1","max-image-preview":"max-image-preview:large","max-video-preview":"max-video-preview:-1"},"canonical":"https:\/\/fashionmuseum.shop\/lv\/prece\/500-patterns\/","og_locale":"lv_LV","og_type":"article","og_title":"500 Patterns - Fashion Museum Riga Online Store","og_description":"by Jefrey Mayer, Todd Conover, Lauren Tagliaferro  K\u0101p\u0113c m\u0113s\u00a0izv\u0113l\u0113j\u0101mies\u00a0\u0161o gr\u0101matu:  Tr\u012bs autoru veidot\u0101 gr\u0101mata sniegs vizu\u0101lu iedvesmu un rado\u0161as idejas ne vien tiem, kas pa\u0161i nodarbojas ar dizainu da\u017e\u0101d\u0101s t\u0101 izpausm\u0113s, bet ar\u012b ikvienam audumu un rakstu cien\u012bt\u0101jam. Gr\u0101mat\u0101 apkopoti simtiem da\u017e\u0101du rakstu no 19. gadsimta l\u012bdz pat 20. gadsimta beig\u0101m, tie sak\u0101rtoti tematisk\u0101s noda\u013c\u0101s. Katru noda\u013ca ievada \u012bss, informat\u012bvs teksts par konkr\u0113to rakstu vai mot\u012bvu grupu. Ko\u0161s, bag\u0101t\u012bgs izdevums!","og_url":"https:\/\/fashionmuseum.shop\/lv\/prece\/500-patterns\/","og_site_name":"Fashion Museum Riga Online Store","article_modified_time":"2025-02-19T12:15:11+00:00","og_image":[{"width":1000,"height":1000,"url":"https:\/\/fashionmuseum.shop\/wp-content\/uploads\/2025\/02\/500-patterns.jpg","type":"image\/jpeg"}],"twitter_card":"summary_large_image","twitter_misc":{"Est. reading time":"1 minute"},"schema":{"@context":"https:\/\/schema.org","@graph":[{"@type":"WebPage","@id":"https:\/\/fashionmuseum.shop\/lv\/prece\/500-patterns\/","url":"https:\/\/fashionmuseum.shop\/lv\/prece\/500-patterns\/","name":"500 Patterns - Fashion Museum Riga Online Store","isPartOf":{"@id":"https:\/\/fashionmuseum.shop\/lv\/#website"},"primaryImageOfPage":{"@id":"https:\/\/fashionmuseum.shop\/lv\/prece\/500-patterns\/#primaryimage"},"image":{"@id":"https:\/\/fashionmuseum.shop\/lv\/prece\/500-patterns\/#primaryimage"},"thumbnailUrl":"https:\/\/i0.wp.com\/fashionmuseum.shop\/wp-content\/uploads\/2025\/02\/500-patterns.jpg?fit=1000%2C1000&ssl=1","datePublished":"2025-02-19T08:56:57+00:00","dateModified":"2025-02-19T12:15:11+00:00","breadcrumb":{"@id":"https:\/\/fashionmuseum.shop\/lv\/prece\/500-patterns\/#breadcrumb"},"inLanguage":"lv-LV","potentialAction":[{"@type":"ReadAction","target":["https:\/\/fashionmuseum.shop\/lv\/prece\/500-patterns\/"]}]},{"@type":"ImageObject","inLanguage":"lv-LV","@id":"https:\/\/fashionmuseum.shop\/lv\/prece\/500-patterns\/#primaryimage","url":"https:\/\/i0.wp.com\/fashionmuseum.shop\/wp-content\/uploads\/2025\/02\/500-patterns.jpg?fit=1000%2C1000&ssl=1","contentUrl":"https:\/\/i0.wp.com\/fashionmuseum.shop\/wp-content\/uploads\/2025\/02\/500-patterns.jpg?fit=1000%2C1000&ssl=1","width":1000,"height":1000},{"@type":"BreadcrumbList","@id":"https:\/\/fashionmuseum.shop\/lv\/prece\/500-patterns\/#breadcrumb","itemListElement":[{"@type":"ListItem","position":1,"name":"Home","item":"https:\/\/fashionmuseum.shop\/lv\/"},{"@type":"ListItem","position":2,"name":"Products","item":"https:\/\/fashionmuseum.shop\/lv\/shop\/"},{"@type":"ListItem","position":3,"name":"500 Patterns"}]},{"@type":"WebSite","@id":"https:\/\/fashionmuseum.shop\/lv\/#website","url":"https:\/\/fashionmuseum.shop\/lv\/","name":"Fashion Museum Online Store","description":"Fashion Museum Riga Online Store provides a wide selection of books about fashion and fashion history.","publisher":{"@id":"https:\/\/fashionmuseum.shop\/lv\/#organization"},"potentialAction":[{"@type":"SearchAction","target":{"@type":"EntryPoint","urlTemplate":"https:\/\/fashionmuseum.shop\/lv\/?s={search_term_string}"},"query-input":{"@type":"PropertyValueSpecification","valueRequired":true,"valueName":"search_term_string"}}],"inLanguage":"lv-LV"},{"@type":"Organization","@id":"https:\/\/fashionmuseum.shop\/lv\/#organization","name":"Modes muzejs","url":"https:\/\/fashionmuseum.shop\/lv\/","logo":{"@type":"ImageObject","inLanguage":"lv-LV","@id":"https:\/\/fashionmuseum.shop\/lv\/#\/schema\/logo\/image\/","url":"https:\/\/i1.wp.com\/fashionmuseum.shop\/wp-content\/uploads\/2020\/04\/apple-touch-icon.png?fit=180%2C180&ssl=1","contentUrl":"https:\/\/i1.wp.com\/fashionmuseum.shop\/wp-content\/uploads\/2020\/04\/apple-touch-icon.png?fit=180%2C180&ssl=1","width":180,"height":180,"caption":"Modes muzejs"},"image":{"@id":"https:\/\/fashionmuseum.shop\/lv\/#\/schema\/logo\/image\/"}}]}},"jetpack_publicize_connections":[],"jetpack_likes_enabled":false,"jetpack_sharing_enabled":true,"amp_enabled":true,"_links":{"self":[{"href":"https:\/\/fashionmuseum.shop\/lv\/wp-json\/wp\/v2\/product\/164064","targetHints":{"allow":["GET"]}}],"collection":[{"href":"https:\/\/fashionmuseum.shop\/lv\/wp-json\/wp\/v2\/product"}],"about":[{"href":"https:\/\/fashionmuseum.shop\/lv\/wp-json\/wp\/v2\/types\/product"}],"wp:featuredmedia":[{"embeddable":true,"href":"https:\/\/fashionmuseum.shop\/lv\/wp-json\/wp\/v2\/media\/164079"}],"wp:attachment":[{"href":"https:\/\/fashionmuseum.shop\/lv\/wp-json\/wp\/v2\/media?parent=164064"}],"wp:term":[{"taxonomy":"product_brand","embeddable":true,"href":"https:\/\/fashionmuseum.shop\/lv\/wp-json\/wp\/v2\/product_brand?post=164064"},{"taxonomy":"product_cat","embeddable":true,"href":"https:\/\/fashionmuseum.shop\/lv\/wp-json\/wp\/v2\/product_cat?post=164064"},{"taxonomy":"product_tag","embeddable":true,"href":"https:\/\/fashionmuseum.shop\/lv\/wp-json\/wp\/v2\/product_tag?post=164064"}],"curies":[{"name":"wp","href":"https:\/\/api.w.org\/{rel}","templated":true}]}}