{"id":164254,"date":"2025-02-21T13:48:36","date_gmt":"2025-02-21T11:48:36","guid":{"rendered":"https:\/\/fashionmuseum.shop\/?post_type=product&#038;p=164254"},"modified":"2025-02-21T13:57:50","modified_gmt":"2025-02-21T11:57:50","slug":"linocut-learn-in-a-weekend","status":"publish","type":"product","link":"https:\/\/fashionmuseum.shop\/lv\/prece\/linocut-learn-in-a-weekend\/","title":{"rendered":"Linocut: Learn in a Weekend"},"content":{"rendered":"<p><em><strong>Izdev\u0113ja gr\u0101matas anot\u0101cija:<\/strong><\/em><\/p>\n<div id=\"desc_summary1851779507-content\" class=\"expandContent\">\n<div id=\"desc_summary1851779507-content\" class=\"expandContent\">\n<div id=\"desc_summary1851779507-content\" class=\"expandContent\">\n<div id=\"desc_summary1851779507-content\" class=\"expandContent\">\n<div id=\"desc_summary1851779507-content\" class=\"expandContent\">\n<p>By your own hand, prints to be proud of in no time at all.<\/p>\n<p>Nick Morley is a seasoned expert at guiding aspiring printmakers through their first projects, and this accessible book distils his knowledge into friendly step-by-step projects, each chosen to demonstrate a particular skill, and illustrated with clear photography.<\/p>\n<p>With templates accompanying each project making it easy to get started, the reader will quickly find themselves growing in confidence and skill.<\/p>\n<\/div>\n<p>This book is brought by\u00a0<a href=\"https:\/\/fashionmuseum.shop\/product-tag\/thames-and-hudson\/\"><span style=\"text-decoration: underline\">\u00a0<\/span><\/a><span style=\"text-decoration: underline\"><a href=\"https:\/\/fashionmuseum.shop\/lv\/publisher\/thames-and-hudson\/\"><strong>Thames &amp; Hudson<\/strong><\/a><\/span>, ISBN 9781837760107<\/p>\n<\/div>\n<\/div>\n<\/div>\n<\/div>\n","protected":false},"excerpt":{"rendered":"<p><em><strong>Why we have selected this book:<\/strong><\/em><\/p>\n<p>Lielisk\u0101 gr\u0101matu s\u0113rija \u201cLearn in a Weekend\u201d \u013cauj soli pa solim p\u0101ris dienu laik\u0101 apg\u016bt da\u017e\u0101du rokdarbu un m\u0101kslas tehniku pamatiema\u0146as. \u0160aj\u0101 gr\u0101mat\u0101 uzzin\u0101siet par visu, kas nepiecie\u0161ams, lai veidotu linogriezumus, t\u0101pat varat izm\u0113\u0123in\u0101t vair\u0101kus gr\u0101mat\u0101 sniegtos konkr\u0113tu darbu piem\u0113rus ar detaliz\u0113tu instrukciju, k\u0101 t\u0101dus uztais\u012bt pa\u0161iem. Noteikti patiks visiem, kas labpr\u0101t str\u0101d\u0101 ar kr\u0101s\u0101m un meistaro kaut ko ar rok\u0101m!<\/p>\n","protected":false},"featured_media":164258,"template":"","meta":{"_coblocks_attr":"","_coblocks_dimensions":"","_coblocks_responsive_height":"","_coblocks_accordion_ie_support":"","_crdt_document":"","jetpack_publicize_message":"","jetpack_publicize_feature_enabled":true,"jetpack_social_post_already_shared":true,"jetpack_social_options":{"image_generator_settings":{"template":"highway","default_image_id":0,"font":"","enabled":false},"version":2},"_wpas_customize_per_network":false},"product_brand":[],"product_cat":[1611,1610,1605,2664],"product_tag":[4405,3881,2863,4406,3737],"class_list":{"0":"post-164254","1":"product","2":"type-product","3":"status-publish","4":"has-post-thumbnail","6":"product_cat-gramatas-anglu-valoda","7":"product_cat-gramatas-no-victoria-and-albert-muzeja","8":"product_cat-gramatas-par-modes-vesturi","9":"product_cat-gramatas-par-viriesu-modi","10":"product_tag-art-forms-lv","11":"product_tag-gift-lv","12":"product_tag-maksla","13":"product_tag-print-making-lv","14":"product_tag-prints-lv","15":"pa_book-author-nick-morley-lv","16":"pa_language-anglu","17":"pa_publisher-thames-and-hudson","19":"first","20":"instock","21":"shipping-taxable","22":"purchasable","23":"product-type-simple"},"yoast_head":"<!-- This site is optimized with the Yoast SEO plugin v27.4 - https:\/\/yoast.com\/product\/yoast-seo-wordpress\/ -->\n<title>Linocut: Learn in a Weekend - Fashion Museum Riga Online Store<\/title>\n<meta name=\"robots\" content=\"index, follow, max-snippet:-1, max-image-preview:large, max-video-preview:-1\" \/>\n<link rel=\"canonical\" href=\"https:\/\/fashionmuseum.shop\/lv\/prece\/linocut-learn-in-a-weekend\/\" \/>\n<meta property=\"og:locale\" content=\"lv_LV\" \/>\n<meta property=\"og:type\" content=\"article\" \/>\n<meta property=\"og:title\" content=\"Linocut: Learn in a Weekend - Fashion Museum Riga Online Store\" \/>\n<meta property=\"og:description\" content=\"Why we have selected this book:  Lielisk\u0101 gr\u0101matu s\u0113rija \u201cLearn in a Weekend\u201d \u013cauj soli pa solim p\u0101ris dienu laik\u0101 apg\u016bt da\u017e\u0101du rokdarbu un m\u0101kslas tehniku pamatiema\u0146as. \u0160aj\u0101 gr\u0101mat\u0101 uzzin\u0101siet par visu, kas nepiecie\u0161ams, lai veidotu linogriezumus, t\u0101pat varat izm\u0113\u0123in\u0101t vair\u0101kus gr\u0101mat\u0101 sniegtos konkr\u0113tu darbu piem\u0113rus ar detaliz\u0113tu instrukciju, k\u0101 t\u0101dus uztais\u012bt pa\u0161iem. Noteikti patiks visiem, kas labpr\u0101t str\u0101d\u0101 ar kr\u0101s\u0101m un meistaro kaut ko ar rok\u0101m!\" \/>\n<meta property=\"og:url\" content=\"https:\/\/fashionmuseum.shop\/lv\/prece\/linocut-learn-in-a-weekend\/\" \/>\n<meta property=\"og:site_name\" content=\"Fashion Museum Riga Online Store\" \/>\n<meta property=\"article:modified_time\" content=\"2025-02-21T11:57:50+00:00\" \/>\n<meta property=\"og:image\" content=\"https:\/\/fashionmuseum.shop\/wp-content\/uploads\/2025\/02\/linocut.jpg\" \/>\n\t<meta property=\"og:image:width\" content=\"1000\" \/>\n\t<meta property=\"og:image:height\" content=\"1000\" \/>\n\t<meta property=\"og:image:type\" content=\"image\/jpeg\" \/>\n<meta name=\"twitter:card\" content=\"summary_large_image\" \/>\n<script type=\"application\/ld+json\" class=\"yoast-schema-graph\">{\"@context\":\"https:\\\/\\\/schema.org\",\"@graph\":[{\"@type\":\"WebPage\",\"@id\":\"https:\\\/\\\/fashionmuseum.shop\\\/lv\\\/prece\\\/linocut-learn-in-a-weekend\\\/\",\"url\":\"https:\\\/\\\/fashionmuseum.shop\\\/lv\\\/prece\\\/linocut-learn-in-a-weekend\\\/\",\"name\":\"Linocut: Learn in a Weekend - Fashion Museum Riga Online Store\",\"isPartOf\":{\"@id\":\"https:\\\/\\\/fashionmuseum.shop\\\/lv\\\/#website\"},\"primaryImageOfPage\":{\"@id\":\"https:\\\/\\\/fashionmuseum.shop\\\/lv\\\/prece\\\/linocut-learn-in-a-weekend\\\/#primaryimage\"},\"image\":{\"@id\":\"https:\\\/\\\/fashionmuseum.shop\\\/lv\\\/prece\\\/linocut-learn-in-a-weekend\\\/#primaryimage\"},\"thumbnailUrl\":\"https:\\\/\\\/i0.wp.com\\\/fashionmuseum.shop\\\/wp-content\\\/uploads\\\/2025\\\/02\\\/linocut.jpg?fit=1000%2C1000&ssl=1\",\"datePublished\":\"2025-02-21T11:48:36+00:00\",\"dateModified\":\"2025-02-21T11:57:50+00:00\",\"breadcrumb\":{\"@id\":\"https:\\\/\\\/fashionmuseum.shop\\\/lv\\\/prece\\\/linocut-learn-in-a-weekend\\\/#breadcrumb\"},\"inLanguage\":\"lv-LV\",\"potentialAction\":[{\"@type\":\"ReadAction\",\"target\":[\"https:\\\/\\\/fashionmuseum.shop\\\/lv\\\/prece\\\/linocut-learn-in-a-weekend\\\/\"]}]},{\"@type\":\"ImageObject\",\"inLanguage\":\"lv-LV\",\"@id\":\"https:\\\/\\\/fashionmuseum.shop\\\/lv\\\/prece\\\/linocut-learn-in-a-weekend\\\/#primaryimage\",\"url\":\"https:\\\/\\\/i0.wp.com\\\/fashionmuseum.shop\\\/wp-content\\\/uploads\\\/2025\\\/02\\\/linocut.jpg?fit=1000%2C1000&ssl=1\",\"contentUrl\":\"https:\\\/\\\/i0.wp.com\\\/fashionmuseum.shop\\\/wp-content\\\/uploads\\\/2025\\\/02\\\/linocut.jpg?fit=1000%2C1000&ssl=1\",\"width\":1000,\"height\":1000},{\"@type\":\"BreadcrumbList\",\"@id\":\"https:\\\/\\\/fashionmuseum.shop\\\/lv\\\/prece\\\/linocut-learn-in-a-weekend\\\/#breadcrumb\",\"itemListElement\":[{\"@type\":\"ListItem\",\"position\":1,\"name\":\"Home\",\"item\":\"https:\\\/\\\/fashionmuseum.shop\\\/lv\\\/\"},{\"@type\":\"ListItem\",\"position\":2,\"name\":\"Products\",\"item\":\"https:\\\/\\\/fashionmuseum.shop\\\/lv\\\/shop\\\/\"},{\"@type\":\"ListItem\",\"position\":3,\"name\":\"Linocut: Learn in a Weekend\"}]},{\"@type\":\"WebSite\",\"@id\":\"https:\\\/\\\/fashionmuseum.shop\\\/lv\\\/#website\",\"url\":\"https:\\\/\\\/fashionmuseum.shop\\\/lv\\\/\",\"name\":\"Fashion Museum Online Store\",\"description\":\"Fashion Museum Riga Online Store provides a wide selection of books about fashion and fashion history.\",\"publisher\":{\"@id\":\"https:\\\/\\\/fashionmuseum.shop\\\/lv\\\/#organization\"},\"potentialAction\":[{\"@type\":\"SearchAction\",\"target\":{\"@type\":\"EntryPoint\",\"urlTemplate\":\"https:\\\/\\\/fashionmuseum.shop\\\/lv\\\/?s={search_term_string}\"},\"query-input\":{\"@type\":\"PropertyValueSpecification\",\"valueRequired\":true,\"valueName\":\"search_term_string\"}}],\"inLanguage\":\"lv-LV\"},{\"@type\":\"Organization\",\"@id\":\"https:\\\/\\\/fashionmuseum.shop\\\/lv\\\/#organization\",\"name\":\"Modes muzejs\",\"url\":\"https:\\\/\\\/fashionmuseum.shop\\\/lv\\\/\",\"logo\":{\"@type\":\"ImageObject\",\"inLanguage\":\"lv-LV\",\"@id\":\"https:\\\/\\\/fashionmuseum.shop\\\/lv\\\/#\\\/schema\\\/logo\\\/image\\\/\",\"url\":\"https:\\\/\\\/i1.wp.com\\\/fashionmuseum.shop\\\/wp-content\\\/uploads\\\/2020\\\/04\\\/apple-touch-icon.png?fit=180%2C180&ssl=1\",\"contentUrl\":\"https:\\\/\\\/i1.wp.com\\\/fashionmuseum.shop\\\/wp-content\\\/uploads\\\/2020\\\/04\\\/apple-touch-icon.png?fit=180%2C180&ssl=1\",\"width\":180,\"height\":180,\"caption\":\"Modes muzejs\"},\"image\":{\"@id\":\"https:\\\/\\\/fashionmuseum.shop\\\/lv\\\/#\\\/schema\\\/logo\\\/image\\\/\"}}]}<\/script>\n<!-- \/ Yoast SEO plugin. -->","yoast_head_json":{"title":"Linocut: Learn in a Weekend - Fashion Museum Riga Online Store","robots":{"index":"index","follow":"follow","max-snippet":"max-snippet:-1","max-image-preview":"max-image-preview:large","max-video-preview":"max-video-preview:-1"},"canonical":"https:\/\/fashionmuseum.shop\/lv\/prece\/linocut-learn-in-a-weekend\/","og_locale":"lv_LV","og_type":"article","og_title":"Linocut: Learn in a Weekend - Fashion Museum Riga Online Store","og_description":"Why we have selected this book:  Lielisk\u0101 gr\u0101matu s\u0113rija \u201cLearn in a Weekend\u201d \u013cauj soli pa solim p\u0101ris dienu laik\u0101 apg\u016bt da\u017e\u0101du rokdarbu un m\u0101kslas tehniku pamatiema\u0146as. \u0160aj\u0101 gr\u0101mat\u0101 uzzin\u0101siet par visu, kas nepiecie\u0161ams, lai veidotu linogriezumus, t\u0101pat varat izm\u0113\u0123in\u0101t vair\u0101kus gr\u0101mat\u0101 sniegtos konkr\u0113tu darbu piem\u0113rus ar detaliz\u0113tu instrukciju, k\u0101 t\u0101dus uztais\u012bt pa\u0161iem. Noteikti patiks visiem, kas labpr\u0101t str\u0101d\u0101 ar kr\u0101s\u0101m un meistaro kaut ko ar rok\u0101m!","og_url":"https:\/\/fashionmuseum.shop\/lv\/prece\/linocut-learn-in-a-weekend\/","og_site_name":"Fashion Museum Riga Online Store","article_modified_time":"2025-02-21T11:57:50+00:00","og_image":[{"width":1000,"height":1000,"url":"https:\/\/fashionmuseum.shop\/wp-content\/uploads\/2025\/02\/linocut.jpg","type":"image\/jpeg"}],"twitter_card":"summary_large_image","schema":{"@context":"https:\/\/schema.org","@graph":[{"@type":"WebPage","@id":"https:\/\/fashionmuseum.shop\/lv\/prece\/linocut-learn-in-a-weekend\/","url":"https:\/\/fashionmuseum.shop\/lv\/prece\/linocut-learn-in-a-weekend\/","name":"Linocut: Learn in a Weekend - Fashion Museum Riga Online Store","isPartOf":{"@id":"https:\/\/fashionmuseum.shop\/lv\/#website"},"primaryImageOfPage":{"@id":"https:\/\/fashionmuseum.shop\/lv\/prece\/linocut-learn-in-a-weekend\/#primaryimage"},"image":{"@id":"https:\/\/fashionmuseum.shop\/lv\/prece\/linocut-learn-in-a-weekend\/#primaryimage"},"thumbnailUrl":"https:\/\/i0.wp.com\/fashionmuseum.shop\/wp-content\/uploads\/2025\/02\/linocut.jpg?fit=1000%2C1000&ssl=1","datePublished":"2025-02-21T11:48:36+00:00","dateModified":"2025-02-21T11:57:50+00:00","breadcrumb":{"@id":"https:\/\/fashionmuseum.shop\/lv\/prece\/linocut-learn-in-a-weekend\/#breadcrumb"},"inLanguage":"lv-LV","potentialAction":[{"@type":"ReadAction","target":["https:\/\/fashionmuseum.shop\/lv\/prece\/linocut-learn-in-a-weekend\/"]}]},{"@type":"ImageObject","inLanguage":"lv-LV","@id":"https:\/\/fashionmuseum.shop\/lv\/prece\/linocut-learn-in-a-weekend\/#primaryimage","url":"https:\/\/i0.wp.com\/fashionmuseum.shop\/wp-content\/uploads\/2025\/02\/linocut.jpg?fit=1000%2C1000&ssl=1","contentUrl":"https:\/\/i0.wp.com\/fashionmuseum.shop\/wp-content\/uploads\/2025\/02\/linocut.jpg?fit=1000%2C1000&ssl=1","width":1000,"height":1000},{"@type":"BreadcrumbList","@id":"https:\/\/fashionmuseum.shop\/lv\/prece\/linocut-learn-in-a-weekend\/#breadcrumb","itemListElement":[{"@type":"ListItem","position":1,"name":"Home","item":"https:\/\/fashionmuseum.shop\/lv\/"},{"@type":"ListItem","position":2,"name":"Products","item":"https:\/\/fashionmuseum.shop\/lv\/shop\/"},{"@type":"ListItem","position":3,"name":"Linocut: Learn in a Weekend"}]},{"@type":"WebSite","@id":"https:\/\/fashionmuseum.shop\/lv\/#website","url":"https:\/\/fashionmuseum.shop\/lv\/","name":"Fashion Museum Online Store","description":"Fashion Museum Riga Online Store provides a wide selection of books about fashion and fashion history.","publisher":{"@id":"https:\/\/fashionmuseum.shop\/lv\/#organization"},"potentialAction":[{"@type":"SearchAction","target":{"@type":"EntryPoint","urlTemplate":"https:\/\/fashionmuseum.shop\/lv\/?s={search_term_string}"},"query-input":{"@type":"PropertyValueSpecification","valueRequired":true,"valueName":"search_term_string"}}],"inLanguage":"lv-LV"},{"@type":"Organization","@id":"https:\/\/fashionmuseum.shop\/lv\/#organization","name":"Modes muzejs","url":"https:\/\/fashionmuseum.shop\/lv\/","logo":{"@type":"ImageObject","inLanguage":"lv-LV","@id":"https:\/\/fashionmuseum.shop\/lv\/#\/schema\/logo\/image\/","url":"https:\/\/i1.wp.com\/fashionmuseum.shop\/wp-content\/uploads\/2020\/04\/apple-touch-icon.png?fit=180%2C180&ssl=1","contentUrl":"https:\/\/i1.wp.com\/fashionmuseum.shop\/wp-content\/uploads\/2020\/04\/apple-touch-icon.png?fit=180%2C180&ssl=1","width":180,"height":180,"caption":"Modes muzejs"},"image":{"@id":"https:\/\/fashionmuseum.shop\/lv\/#\/schema\/logo\/image\/"}}]}},"jetpack_publicize_connections":[],"jetpack_likes_enabled":false,"jetpack_sharing_enabled":true,"amp_enabled":true,"_links":{"self":[{"href":"https:\/\/fashionmuseum.shop\/lv\/wp-json\/wp\/v2\/product\/164254","targetHints":{"allow":["GET"]}}],"collection":[{"href":"https:\/\/fashionmuseum.shop\/lv\/wp-json\/wp\/v2\/product"}],"about":[{"href":"https:\/\/fashionmuseum.shop\/lv\/wp-json\/wp\/v2\/types\/product"}],"wp:featuredmedia":[{"embeddable":true,"href":"https:\/\/fashionmuseum.shop\/lv\/wp-json\/wp\/v2\/media\/164258"}],"wp:attachment":[{"href":"https:\/\/fashionmuseum.shop\/lv\/wp-json\/wp\/v2\/media?parent=164254"}],"wp:term":[{"taxonomy":"product_brand","embeddable":true,"href":"https:\/\/fashionmuseum.shop\/lv\/wp-json\/wp\/v2\/product_brand?post=164254"},{"taxonomy":"product_cat","embeddable":true,"href":"https:\/\/fashionmuseum.shop\/lv\/wp-json\/wp\/v2\/product_cat?post=164254"},{"taxonomy":"product_tag","embeddable":true,"href":"https:\/\/fashionmuseum.shop\/lv\/wp-json\/wp\/v2\/product_tag?post=164254"}],"curies":[{"name":"wp","href":"https:\/\/api.w.org\/{rel}","templated":true}]}}