{"id":164355,"date":"2025-02-21T15:32:22","date_gmt":"2025-02-21T13:32:22","guid":{"rendered":"https:\/\/fashionmuseum.shop\/?post_type=product&#038;p=164355"},"modified":"2025-02-21T16:08:13","modified_gmt":"2025-02-21T14:08:13","slug":"paper-folding-learn-in-a-weekend","status":"publish","type":"product","link":"https:\/\/fashionmuseum.shop\/lv\/prece\/paper-folding-learn-in-a-weekend\/","title":{"rendered":"Paper Folding. Learn in a Weekend"},"content":{"rendered":"<p><em><strong>Izdev\u0113ja gr\u0101matas anot\u0101cija:<\/strong><\/em><\/p>\n<div id=\"desc_summary1851779507-content\" class=\"expandContent\">\n<div id=\"desc_summary1851779507-content\" class=\"expandContent\">\n<div id=\"desc_summary1851779507-content\" class=\"expandContent\">\n<div data-role=\"bva-reveal\">\n<div id=\"desc_summary1851779507-content\" class=\"expandContent\">\n<div data-role=\"bva-reveal\">\n<div id=\"desc_summary1851779507-content\" class=\"expandContent\">\n<div data-role=\"bva-reveal\">\n<p><b>Discover a new craft with just a sheet of paper and a few simple tools. This simple guide will have you creating spectacular three-dimensional paper objects and artworks in no time!<\/b><\/p>\n<p>A growing craft trend; paper folding is easy to learn with a highly rewarding outcome. Join paper folding artist Kate Colin as she introduces different folding styles and shares contemporary step-by-step projects. With each technique surprisingly accessible, Kate skilfully guides you through creating centre pieces that wouldn\u2019t look out of place in any cool, homemaker\u2019s interior. From lampshades to wall art \u2013 and even vases, the projects in this book all have interior design addicts in mind.<\/p>\n<p>The LEARN IN A WEEKEND series is designed to bring craft to a whole new audience. Presenting accessible, stylish projects in a contemporary style, it\u2019s aimed squarely at hip hobbyists who want to get started quickly, have fun and make something they\u2019d be proud to share. Other titles in the series include\u00a0<i>Linocut: Learn in a Weekend, Embroidery: Learn in a Weekend<\/i>\u00a0and\u00a0<i>Paper Marbling: Learn in a Weekend<\/i>.<\/p>\n<\/div>\n<\/div>\n<p>This book is brought by\u00a0<a href=\"https:\/\/fashionmuseum.shop\/product-tag\/thames-and-hudson\/\"><span style=\"text-decoration: underline\">\u00a0<\/span><\/a><span style=\"text-decoration: underline\"><a href=\"https:\/\/fashionmuseum.shop\/lv\/publisher\/thames-and-hudson\/\"><strong>Thames &amp; Hudson<\/strong><\/a><\/span>, ISBN 9781837760459<\/p>\n<\/div>\n<\/div>\n<\/div>\n<\/div>\n<\/div>\n<\/div>\n","protected":false},"excerpt":{"rendered":"<p>by <a href=\"https:\/\/fashionmuseum.shop\/lv\/book-author\/kate-colin\/\"><strong>Kate Colin<\/strong><\/a><\/p>\n<p><em><strong>Why we have selected this book:<\/strong><\/em><\/p>\n<p>Lielisk\u0101 gr\u0101matu s\u0113rija \u201cLearn in a Weekend\u201d \u013cauj soli pa solim p\u0101ris dienu laik\u0101 apg\u016bt da\u017e\u0101du rokdarbu un m\u0101kslas tehniku pamatiema\u0146as. \u0160\u012b gr\u0101mata \u013caus uzzin\u0101t par visu, kas nepiecie\u0161ams, lai loc\u012btu pap\u012bra fig\u016bras. T\u0101pat varat izm\u0113\u0123in\u0101t ar\u012b k\u0101du no gr\u0101mat\u0101 sniegtajiem piem\u0113riem, sekojot detaliz\u0113t\u0101m instrukcij\u0101m. Visiem, kas izbauda darbo\u0161anos ar rok\u0101m, k\u0101 ar\u012b labpr\u0101t velta laiku un paciet\u012bbu br\u012bni\u0161\u0137\u012bgiem hobijiem!<\/p>\n","protected":false},"featured_media":164359,"template":"","meta":{"_coblocks_attr":"","_coblocks_dimensions":"","_coblocks_responsive_height":"","_coblocks_accordion_ie_support":"","_crdt_document":"","jetpack_publicize_message":"","jetpack_publicize_feature_enabled":true,"jetpack_social_post_already_shared":true,"jetpack_social_options":{"image_generator_settings":{"template":"highway","default_image_id":0,"font":"","enabled":false},"version":2},"_wpas_customize_per_network":false},"product_brand":[],"product_cat":[1611,1610,1605,2664],"product_tag":[4211,4417,4416,3881,2863,4425],"class_list":{"0":"post-164355","1":"product","2":"type-product","3":"status-publish","4":"has-post-thumbnail","6":"product_cat-gramatas-anglu-valoda","7":"product_cat-gramatas-no-victoria-and-albert-muzeja","8":"product_cat-gramatas-par-modes-vesturi","9":"product_cat-gramatas-par-viriesu-modi","10":"product_tag-arts-lv","11":"product_tag-crafts-lv","12":"product_tag-decorative-art-lv","13":"product_tag-gift-lv","14":"product_tag-maksla","15":"product_tag-paper-crafts-lv","16":"pa_book-author-kate-colin-lv","17":"pa_language-anglu","18":"pa_publisher-thames-and-hudson","20":"first","21":"instock","22":"shipping-taxable","23":"purchasable","24":"product-type-simple"},"yoast_head":"<!-- This site is optimized with the Yoast SEO plugin v27.4 - https:\/\/yoast.com\/product\/yoast-seo-wordpress\/ -->\n<title>Paper Folding. Learn in a Weekend - Fashion Museum Riga Online Store<\/title>\n<meta name=\"robots\" content=\"index, follow, max-snippet:-1, max-image-preview:large, max-video-preview:-1\" \/>\n<link rel=\"canonical\" href=\"https:\/\/fashionmuseum.shop\/lv\/prece\/paper-folding-learn-in-a-weekend\/\" \/>\n<meta property=\"og:locale\" content=\"lv_LV\" \/>\n<meta property=\"og:type\" content=\"article\" \/>\n<meta property=\"og:title\" content=\"Paper Folding. Learn in a Weekend - Fashion Museum Riga Online Store\" \/>\n<meta property=\"og:description\" content=\"by Kate Colin  Why we have selected this book:  Lielisk\u0101 gr\u0101matu s\u0113rija \u201cLearn in a Weekend\u201d \u013cauj soli pa solim p\u0101ris dienu laik\u0101 apg\u016bt da\u017e\u0101du rokdarbu un m\u0101kslas tehniku pamatiema\u0146as. \u0160\u012b gr\u0101mata \u013caus uzzin\u0101t par visu, kas nepiecie\u0161ams, lai loc\u012btu pap\u012bra fig\u016bras. T\u0101pat varat izm\u0113\u0123in\u0101t ar\u012b k\u0101du no gr\u0101mat\u0101 sniegtajiem piem\u0113riem, sekojot detaliz\u0113t\u0101m instrukcij\u0101m. Visiem, kas izbauda darbo\u0161anos ar rok\u0101m, k\u0101 ar\u012b labpr\u0101t velta laiku un paciet\u012bbu br\u012bni\u0161\u0137\u012bgiem hobijiem!\" \/>\n<meta property=\"og:url\" content=\"https:\/\/fashionmuseum.shop\/lv\/prece\/paper-folding-learn-in-a-weekend\/\" \/>\n<meta property=\"og:site_name\" content=\"Fashion Museum Riga Online Store\" \/>\n<meta property=\"article:modified_time\" content=\"2025-02-21T14:08:13+00:00\" \/>\n<meta property=\"og:image\" content=\"https:\/\/fashionmuseum.shop\/wp-content\/uploads\/2025\/02\/paper-folding.jpg\" \/>\n\t<meta property=\"og:image:width\" content=\"1000\" \/>\n\t<meta property=\"og:image:height\" content=\"1000\" \/>\n\t<meta property=\"og:image:type\" content=\"image\/jpeg\" \/>\n<meta name=\"twitter:card\" content=\"summary_large_image\" \/>\n<meta name=\"twitter:label1\" content=\"Est. reading time\" \/>\n\t<meta name=\"twitter:data1\" content=\"1 minute\" \/>\n<script type=\"application\/ld+json\" class=\"yoast-schema-graph\">{\"@context\":\"https:\\\/\\\/schema.org\",\"@graph\":[{\"@type\":\"WebPage\",\"@id\":\"https:\\\/\\\/fashionmuseum.shop\\\/lv\\\/prece\\\/paper-folding-learn-in-a-weekend\\\/\",\"url\":\"https:\\\/\\\/fashionmuseum.shop\\\/lv\\\/prece\\\/paper-folding-learn-in-a-weekend\\\/\",\"name\":\"Paper Folding. Learn in a Weekend - Fashion Museum Riga Online Store\",\"isPartOf\":{\"@id\":\"https:\\\/\\\/fashionmuseum.shop\\\/lv\\\/#website\"},\"primaryImageOfPage\":{\"@id\":\"https:\\\/\\\/fashionmuseum.shop\\\/lv\\\/prece\\\/paper-folding-learn-in-a-weekend\\\/#primaryimage\"},\"image\":{\"@id\":\"https:\\\/\\\/fashionmuseum.shop\\\/lv\\\/prece\\\/paper-folding-learn-in-a-weekend\\\/#primaryimage\"},\"thumbnailUrl\":\"https:\\\/\\\/i0.wp.com\\\/fashionmuseum.shop\\\/wp-content\\\/uploads\\\/2025\\\/02\\\/paper-folding.jpg?fit=1000%2C1000&ssl=1\",\"datePublished\":\"2025-02-21T13:32:22+00:00\",\"dateModified\":\"2025-02-21T14:08:13+00:00\",\"breadcrumb\":{\"@id\":\"https:\\\/\\\/fashionmuseum.shop\\\/lv\\\/prece\\\/paper-folding-learn-in-a-weekend\\\/#breadcrumb\"},\"inLanguage\":\"lv-LV\",\"potentialAction\":[{\"@type\":\"ReadAction\",\"target\":[\"https:\\\/\\\/fashionmuseum.shop\\\/lv\\\/prece\\\/paper-folding-learn-in-a-weekend\\\/\"]}]},{\"@type\":\"ImageObject\",\"inLanguage\":\"lv-LV\",\"@id\":\"https:\\\/\\\/fashionmuseum.shop\\\/lv\\\/prece\\\/paper-folding-learn-in-a-weekend\\\/#primaryimage\",\"url\":\"https:\\\/\\\/i0.wp.com\\\/fashionmuseum.shop\\\/wp-content\\\/uploads\\\/2025\\\/02\\\/paper-folding.jpg?fit=1000%2C1000&ssl=1\",\"contentUrl\":\"https:\\\/\\\/i0.wp.com\\\/fashionmuseum.shop\\\/wp-content\\\/uploads\\\/2025\\\/02\\\/paper-folding.jpg?fit=1000%2C1000&ssl=1\",\"width\":1000,\"height\":1000},{\"@type\":\"BreadcrumbList\",\"@id\":\"https:\\\/\\\/fashionmuseum.shop\\\/lv\\\/prece\\\/paper-folding-learn-in-a-weekend\\\/#breadcrumb\",\"itemListElement\":[{\"@type\":\"ListItem\",\"position\":1,\"name\":\"Home\",\"item\":\"https:\\\/\\\/fashionmuseum.shop\\\/lv\\\/\"},{\"@type\":\"ListItem\",\"position\":2,\"name\":\"Products\",\"item\":\"https:\\\/\\\/fashionmuseum.shop\\\/lv\\\/shop\\\/\"},{\"@type\":\"ListItem\",\"position\":3,\"name\":\"Paper Folding. Learn in a Weekend\"}]},{\"@type\":\"WebSite\",\"@id\":\"https:\\\/\\\/fashionmuseum.shop\\\/lv\\\/#website\",\"url\":\"https:\\\/\\\/fashionmuseum.shop\\\/lv\\\/\",\"name\":\"Fashion Museum Online Store\",\"description\":\"Fashion Museum Riga Online Store provides a wide selection of books about fashion and fashion history.\",\"publisher\":{\"@id\":\"https:\\\/\\\/fashionmuseum.shop\\\/lv\\\/#organization\"},\"potentialAction\":[{\"@type\":\"SearchAction\",\"target\":{\"@type\":\"EntryPoint\",\"urlTemplate\":\"https:\\\/\\\/fashionmuseum.shop\\\/lv\\\/?s={search_term_string}\"},\"query-input\":{\"@type\":\"PropertyValueSpecification\",\"valueRequired\":true,\"valueName\":\"search_term_string\"}}],\"inLanguage\":\"lv-LV\"},{\"@type\":\"Organization\",\"@id\":\"https:\\\/\\\/fashionmuseum.shop\\\/lv\\\/#organization\",\"name\":\"Modes muzejs\",\"url\":\"https:\\\/\\\/fashionmuseum.shop\\\/lv\\\/\",\"logo\":{\"@type\":\"ImageObject\",\"inLanguage\":\"lv-LV\",\"@id\":\"https:\\\/\\\/fashionmuseum.shop\\\/lv\\\/#\\\/schema\\\/logo\\\/image\\\/\",\"url\":\"https:\\\/\\\/i1.wp.com\\\/fashionmuseum.shop\\\/wp-content\\\/uploads\\\/2020\\\/04\\\/apple-touch-icon.png?fit=180%2C180&ssl=1\",\"contentUrl\":\"https:\\\/\\\/i1.wp.com\\\/fashionmuseum.shop\\\/wp-content\\\/uploads\\\/2020\\\/04\\\/apple-touch-icon.png?fit=180%2C180&ssl=1\",\"width\":180,\"height\":180,\"caption\":\"Modes muzejs\"},\"image\":{\"@id\":\"https:\\\/\\\/fashionmuseum.shop\\\/lv\\\/#\\\/schema\\\/logo\\\/image\\\/\"}}]}<\/script>\n<!-- \/ Yoast SEO plugin. -->","yoast_head_json":{"title":"Paper Folding. Learn in a Weekend - Fashion Museum Riga Online Store","robots":{"index":"index","follow":"follow","max-snippet":"max-snippet:-1","max-image-preview":"max-image-preview:large","max-video-preview":"max-video-preview:-1"},"canonical":"https:\/\/fashionmuseum.shop\/lv\/prece\/paper-folding-learn-in-a-weekend\/","og_locale":"lv_LV","og_type":"article","og_title":"Paper Folding. Learn in a Weekend - Fashion Museum Riga Online Store","og_description":"by Kate Colin  Why we have selected this book:  Lielisk\u0101 gr\u0101matu s\u0113rija \u201cLearn in a Weekend\u201d \u013cauj soli pa solim p\u0101ris dienu laik\u0101 apg\u016bt da\u017e\u0101du rokdarbu un m\u0101kslas tehniku pamatiema\u0146as. \u0160\u012b gr\u0101mata \u013caus uzzin\u0101t par visu, kas nepiecie\u0161ams, lai loc\u012btu pap\u012bra fig\u016bras. T\u0101pat varat izm\u0113\u0123in\u0101t ar\u012b k\u0101du no gr\u0101mat\u0101 sniegtajiem piem\u0113riem, sekojot detaliz\u0113t\u0101m instrukcij\u0101m. Visiem, kas izbauda darbo\u0161anos ar rok\u0101m, k\u0101 ar\u012b labpr\u0101t velta laiku un paciet\u012bbu br\u012bni\u0161\u0137\u012bgiem hobijiem!","og_url":"https:\/\/fashionmuseum.shop\/lv\/prece\/paper-folding-learn-in-a-weekend\/","og_site_name":"Fashion Museum Riga Online Store","article_modified_time":"2025-02-21T14:08:13+00:00","og_image":[{"width":1000,"height":1000,"url":"https:\/\/fashionmuseum.shop\/wp-content\/uploads\/2025\/02\/paper-folding.jpg","type":"image\/jpeg"}],"twitter_card":"summary_large_image","twitter_misc":{"Est. reading time":"1 minute"},"schema":{"@context":"https:\/\/schema.org","@graph":[{"@type":"WebPage","@id":"https:\/\/fashionmuseum.shop\/lv\/prece\/paper-folding-learn-in-a-weekend\/","url":"https:\/\/fashionmuseum.shop\/lv\/prece\/paper-folding-learn-in-a-weekend\/","name":"Paper Folding. Learn in a Weekend - Fashion Museum Riga Online Store","isPartOf":{"@id":"https:\/\/fashionmuseum.shop\/lv\/#website"},"primaryImageOfPage":{"@id":"https:\/\/fashionmuseum.shop\/lv\/prece\/paper-folding-learn-in-a-weekend\/#primaryimage"},"image":{"@id":"https:\/\/fashionmuseum.shop\/lv\/prece\/paper-folding-learn-in-a-weekend\/#primaryimage"},"thumbnailUrl":"https:\/\/i0.wp.com\/fashionmuseum.shop\/wp-content\/uploads\/2025\/02\/paper-folding.jpg?fit=1000%2C1000&ssl=1","datePublished":"2025-02-21T13:32:22+00:00","dateModified":"2025-02-21T14:08:13+00:00","breadcrumb":{"@id":"https:\/\/fashionmuseum.shop\/lv\/prece\/paper-folding-learn-in-a-weekend\/#breadcrumb"},"inLanguage":"lv-LV","potentialAction":[{"@type":"ReadAction","target":["https:\/\/fashionmuseum.shop\/lv\/prece\/paper-folding-learn-in-a-weekend\/"]}]},{"@type":"ImageObject","inLanguage":"lv-LV","@id":"https:\/\/fashionmuseum.shop\/lv\/prece\/paper-folding-learn-in-a-weekend\/#primaryimage","url":"https:\/\/i0.wp.com\/fashionmuseum.shop\/wp-content\/uploads\/2025\/02\/paper-folding.jpg?fit=1000%2C1000&ssl=1","contentUrl":"https:\/\/i0.wp.com\/fashionmuseum.shop\/wp-content\/uploads\/2025\/02\/paper-folding.jpg?fit=1000%2C1000&ssl=1","width":1000,"height":1000},{"@type":"BreadcrumbList","@id":"https:\/\/fashionmuseum.shop\/lv\/prece\/paper-folding-learn-in-a-weekend\/#breadcrumb","itemListElement":[{"@type":"ListItem","position":1,"name":"Home","item":"https:\/\/fashionmuseum.shop\/lv\/"},{"@type":"ListItem","position":2,"name":"Products","item":"https:\/\/fashionmuseum.shop\/lv\/shop\/"},{"@type":"ListItem","position":3,"name":"Paper Folding. Learn in a Weekend"}]},{"@type":"WebSite","@id":"https:\/\/fashionmuseum.shop\/lv\/#website","url":"https:\/\/fashionmuseum.shop\/lv\/","name":"Fashion Museum Online Store","description":"Fashion Museum Riga Online Store provides a wide selection of books about fashion and fashion history.","publisher":{"@id":"https:\/\/fashionmuseum.shop\/lv\/#organization"},"potentialAction":[{"@type":"SearchAction","target":{"@type":"EntryPoint","urlTemplate":"https:\/\/fashionmuseum.shop\/lv\/?s={search_term_string}"},"query-input":{"@type":"PropertyValueSpecification","valueRequired":true,"valueName":"search_term_string"}}],"inLanguage":"lv-LV"},{"@type":"Organization","@id":"https:\/\/fashionmuseum.shop\/lv\/#organization","name":"Modes muzejs","url":"https:\/\/fashionmuseum.shop\/lv\/","logo":{"@type":"ImageObject","inLanguage":"lv-LV","@id":"https:\/\/fashionmuseum.shop\/lv\/#\/schema\/logo\/image\/","url":"https:\/\/i1.wp.com\/fashionmuseum.shop\/wp-content\/uploads\/2020\/04\/apple-touch-icon.png?fit=180%2C180&ssl=1","contentUrl":"https:\/\/i1.wp.com\/fashionmuseum.shop\/wp-content\/uploads\/2020\/04\/apple-touch-icon.png?fit=180%2C180&ssl=1","width":180,"height":180,"caption":"Modes muzejs"},"image":{"@id":"https:\/\/fashionmuseum.shop\/lv\/#\/schema\/logo\/image\/"}}]}},"jetpack_publicize_connections":[],"jetpack_likes_enabled":false,"jetpack_sharing_enabled":true,"amp_enabled":true,"_links":{"self":[{"href":"https:\/\/fashionmuseum.shop\/lv\/wp-json\/wp\/v2\/product\/164355","targetHints":{"allow":["GET"]}}],"collection":[{"href":"https:\/\/fashionmuseum.shop\/lv\/wp-json\/wp\/v2\/product"}],"about":[{"href":"https:\/\/fashionmuseum.shop\/lv\/wp-json\/wp\/v2\/types\/product"}],"wp:featuredmedia":[{"embeddable":true,"href":"https:\/\/fashionmuseum.shop\/lv\/wp-json\/wp\/v2\/media\/164359"}],"wp:attachment":[{"href":"https:\/\/fashionmuseum.shop\/lv\/wp-json\/wp\/v2\/media?parent=164355"}],"wp:term":[{"taxonomy":"product_brand","embeddable":true,"href":"https:\/\/fashionmuseum.shop\/lv\/wp-json\/wp\/v2\/product_brand?post=164355"},{"taxonomy":"product_cat","embeddable":true,"href":"https:\/\/fashionmuseum.shop\/lv\/wp-json\/wp\/v2\/product_cat?post=164355"},{"taxonomy":"product_tag","embeddable":true,"href":"https:\/\/fashionmuseum.shop\/lv\/wp-json\/wp\/v2\/product_tag?post=164355"}],"curies":[{"name":"wp","href":"https:\/\/api.w.org\/{rel}","templated":true}]}}