{"id":164380,"date":"2025-02-21T16:11:10","date_gmt":"2025-02-21T14:11:10","guid":{"rendered":"https:\/\/fashionmuseum.shop\/?post_type=product&#038;p=164380"},"modified":"2025-02-21T16:59:17","modified_gmt":"2025-02-21T14:59:17","slug":"how-to-train-your-sewing-machine","status":"publish","type":"product","link":"https:\/\/fashionmuseum.shop\/lv\/prece\/how-to-train-your-sewing-machine\/","title":{"rendered":"How to Train Your Sewing Machine"},"content":{"rendered":"<p><em><strong>Izdev\u0113ja gr\u0101matas anot\u0101cija:<\/strong><\/em><\/p>\n<div id=\"desc_summary1851779507-content\" class=\"expandContent\">\n<div id=\"desc_summary1851779507-content\" class=\"expandContent\">\n<div id=\"desc_summary1851779507-content\" class=\"expandContent\">\n<div data-role=\"bva-reveal\">\n<div id=\"desc_summary1851779507-content\" class=\"expandContent\">\n<div data-role=\"bva-reveal\">\n<div id=\"desc_summary1851779507-content\" class=\"expandContent\">\n<div data-role=\"bva-reveal\">\n<div id=\"desc_summary1851779507-content\" class=\"expandContent\">\n<div data-role=\"bva-reveal\">\n<p>Learn how to painlessly use your sewing machine AND make stylish clothes and accessories you actually want to wear.<\/p>\n<p>With years of sewing experience and teaching under her belt, Rehana Begum is here to introduce you to your sewing machine without stress or disaster.<\/p>\n<p>Discover how to set up your machine, choose your stitch and start up without creating a frustrating tangle of knots. With clearly illustrated techniques, this neat little book will help you troubleshoot machine problems, use a basic pattern and select and work with different fabric types. Even if it&#8217;s your first time on a sewing machine, you&#8217;ll be proudly saying &#8220;I made this!&#8221; in no time.<\/p>\n<p>Projects include:<br \/>\n\u2022 Tote bag<br \/>\n\u2022 Hair Scrunchie<br \/>\n\u2022 Lined Zip Pouch<br \/>\n\u2022 Easy Gathered Waist Skirt<br \/>\n\u2022 Envelope Cushion Cover<br \/>\n\u2022 Apron<\/p>\n<\/div>\n<\/div>\n<p>This book is brought by\u00a0<a href=\"https:\/\/fashionmuseum.shop\/product-tag\/thames-and-hudson\/\"><span style=\"text-decoration: underline\">\u00a0<\/span><\/a><span style=\"text-decoration: underline\"><a href=\"https:\/\/fashionmuseum.shop\/lv\/publisher\/thames-and-hudson\/\"><strong>Thames &amp; Hudson<\/strong><\/a><\/span>, ISBN 9781837760374<\/p>\n<\/div>\n<\/div>\n<\/div>\n<\/div>\n<\/div>\n<\/div>\n<\/div>\n<\/div>\n","protected":false},"excerpt":{"rendered":"<p>by <a href=\"https:\/\/fashionmuseum.shop\/lv\/book-author\/rehana-begum-akio-morishima\/\"><strong>Rehana Begum, Akio Morishima<\/strong><\/a><\/p>\n<p><em><strong>Why we have selected this book:<\/strong><\/em><\/p>\n<p>Ja v\u0113laties s\u0101kt \u0161\u016bt, viens no pirmajiem so\u013ciem b\u016bs labi apg\u016bt savas \u0161ujma\u0161\u012bnas pied\u0101v\u0101t\u0101s tehnisk\u0101s iesp\u0113jas \u2013 \u0161\u012b neliel\u0101 gr\u0101mata pal\u012bdz\u0113s to izdar\u012bt. Detaliz\u0113t\u0101s ilustr\u0101cijas \u013caus lab\u0101k saprast gan \u0161ujma\u0161\u012bnas uzb\u016bvi un darb\u012bbas principus, gan ar\u012b patren\u0113ties konkr\u0113tu \u0161\u016b\u0161anas darbu veik\u0161an\u0101. \u013boti noder\u012bgs izdevums visiem, kas v\u0113las iem\u0101c\u012bties \u0161\u016bt, p\u0101r\u0161\u016bt vai labot ap\u0123\u0113rbus un citus priek\u0161metus ar \u0161ujma\u0161\u012bnas pal\u012bdz\u012bbu!<\/p>\n","protected":false},"featured_media":164384,"template":"","meta":{"_coblocks_attr":"","_coblocks_dimensions":"","_coblocks_responsive_height":"","_coblocks_accordion_ie_support":"","_crdt_document":"","jetpack_post_was_ever_published":false,"jetpack_publicize_message":"","jetpack_publicize_feature_enabled":true,"jetpack_social_post_already_shared":true,"jetpack_social_options":{"image_generator_settings":{"template":"highway","default_image_id":0,"font":"","enabled":false},"version":2},"_wpas_customize_per_network":false},"product_brand":[],"product_cat":[1611,1610,1605,2664],"product_tag":[4417,4438,3881,4437],"class_list":{"0":"post-164380","1":"product","2":"type-product","3":"status-publish","4":"has-post-thumbnail","6":"product_cat-gramatas-anglu-valoda","7":"product_cat-gramatas-no-victoria-and-albert-muzeja","8":"product_cat-gramatas-par-modes-vesturi","9":"product_cat-gramatas-par-viriesu-modi","10":"product_tag-crafts-lv","11":"product_tag-fabric-crafts-lv","12":"product_tag-gift-lv","13":"product_tag-sewing-lv","14":"pa_book-author-akio-morishima-lv","15":"pa_book-author-rehana-begum-lv","16":"pa_language-anglu","17":"pa_publisher-thames-and-hudson","19":"first","20":"instock","21":"shipping-taxable","22":"purchasable","23":"product-type-simple"},"yoast_head":"<!-- This site is optimized with the Yoast SEO plugin v27.3 - https:\/\/yoast.com\/product\/yoast-seo-wordpress\/ -->\n<title>How to Train Your Sewing Machine - Fashion Museum Riga Online Store<\/title>\n<meta name=\"robots\" content=\"index, follow, max-snippet:-1, max-image-preview:large, max-video-preview:-1\" \/>\n<link rel=\"canonical\" href=\"https:\/\/fashionmuseum.shop\/lv\/prece\/how-to-train-your-sewing-machine\/\" \/>\n<meta property=\"og:locale\" content=\"lv_LV\" \/>\n<meta property=\"og:type\" content=\"article\" \/>\n<meta property=\"og:title\" content=\"How to Train Your Sewing Machine - Fashion Museum Riga Online Store\" \/>\n<meta property=\"og:description\" content=\"by Rehana Begum, Akio Morishima  Why we have selected this book:  Ja v\u0113laties s\u0101kt \u0161\u016bt, viens no pirmajiem so\u013ciem b\u016bs labi apg\u016bt savas \u0161ujma\u0161\u012bnas pied\u0101v\u0101t\u0101s tehnisk\u0101s iesp\u0113jas \u2013 \u0161\u012b neliel\u0101 gr\u0101mata pal\u012bdz\u0113s to izdar\u012bt. Detaliz\u0113t\u0101s ilustr\u0101cijas \u013caus lab\u0101k saprast gan \u0161ujma\u0161\u012bnas uzb\u016bvi un darb\u012bbas principus, gan ar\u012b patren\u0113ties konkr\u0113tu \u0161\u016b\u0161anas darbu veik\u0161an\u0101. \u013boti noder\u012bgs izdevums visiem, kas v\u0113las iem\u0101c\u012bties \u0161\u016bt, p\u0101r\u0161\u016bt vai labot ap\u0123\u0113rbus un citus priek\u0161metus ar \u0161ujma\u0161\u012bnas pal\u012bdz\u012bbu!\" \/>\n<meta property=\"og:url\" content=\"https:\/\/fashionmuseum.shop\/lv\/prece\/how-to-train-your-sewing-machine\/\" \/>\n<meta property=\"og:site_name\" content=\"Fashion Museum Riga Online Store\" \/>\n<meta property=\"article:modified_time\" content=\"2025-02-21T14:59:17+00:00\" \/>\n<meta property=\"og:image\" content=\"https:\/\/fashionmuseum.shop\/wp-content\/uploads\/2025\/02\/how-to-train-sewing-machine.jpg\" \/>\n\t<meta property=\"og:image:width\" content=\"1000\" \/>\n\t<meta property=\"og:image:height\" content=\"1000\" \/>\n\t<meta property=\"og:image:type\" content=\"image\/jpeg\" \/>\n<meta name=\"twitter:card\" content=\"summary_large_image\" \/>\n<meta name=\"twitter:label1\" content=\"Est. reading time\" \/>\n\t<meta name=\"twitter:data1\" content=\"1 minute\" \/>\n<script type=\"application\/ld+json\" class=\"yoast-schema-graph\">{\"@context\":\"https:\\\/\\\/schema.org\",\"@graph\":[{\"@type\":\"WebPage\",\"@id\":\"https:\\\/\\\/fashionmuseum.shop\\\/lv\\\/prece\\\/how-to-train-your-sewing-machine\\\/\",\"url\":\"https:\\\/\\\/fashionmuseum.shop\\\/lv\\\/prece\\\/how-to-train-your-sewing-machine\\\/\",\"name\":\"How to Train Your Sewing Machine - Fashion Museum Riga Online Store\",\"isPartOf\":{\"@id\":\"https:\\\/\\\/fashionmuseum.shop\\\/lv\\\/#website\"},\"primaryImageOfPage\":{\"@id\":\"https:\\\/\\\/fashionmuseum.shop\\\/lv\\\/prece\\\/how-to-train-your-sewing-machine\\\/#primaryimage\"},\"image\":{\"@id\":\"https:\\\/\\\/fashionmuseum.shop\\\/lv\\\/prece\\\/how-to-train-your-sewing-machine\\\/#primaryimage\"},\"thumbnailUrl\":\"https:\\\/\\\/i0.wp.com\\\/fashionmuseum.shop\\\/wp-content\\\/uploads\\\/2025\\\/02\\\/how-to-train-sewing-machine.jpg?fit=1000%2C1000&ssl=1\",\"datePublished\":\"2025-02-21T14:11:10+00:00\",\"dateModified\":\"2025-02-21T14:59:17+00:00\",\"breadcrumb\":{\"@id\":\"https:\\\/\\\/fashionmuseum.shop\\\/lv\\\/prece\\\/how-to-train-your-sewing-machine\\\/#breadcrumb\"},\"inLanguage\":\"lv-LV\",\"potentialAction\":[{\"@type\":\"ReadAction\",\"target\":[\"https:\\\/\\\/fashionmuseum.shop\\\/lv\\\/prece\\\/how-to-train-your-sewing-machine\\\/\"]}]},{\"@type\":\"ImageObject\",\"inLanguage\":\"lv-LV\",\"@id\":\"https:\\\/\\\/fashionmuseum.shop\\\/lv\\\/prece\\\/how-to-train-your-sewing-machine\\\/#primaryimage\",\"url\":\"https:\\\/\\\/i0.wp.com\\\/fashionmuseum.shop\\\/wp-content\\\/uploads\\\/2025\\\/02\\\/how-to-train-sewing-machine.jpg?fit=1000%2C1000&ssl=1\",\"contentUrl\":\"https:\\\/\\\/i0.wp.com\\\/fashionmuseum.shop\\\/wp-content\\\/uploads\\\/2025\\\/02\\\/how-to-train-sewing-machine.jpg?fit=1000%2C1000&ssl=1\",\"width\":1000,\"height\":1000},{\"@type\":\"BreadcrumbList\",\"@id\":\"https:\\\/\\\/fashionmuseum.shop\\\/lv\\\/prece\\\/how-to-train-your-sewing-machine\\\/#breadcrumb\",\"itemListElement\":[{\"@type\":\"ListItem\",\"position\":1,\"name\":\"Home\",\"item\":\"https:\\\/\\\/fashionmuseum.shop\\\/lv\\\/\"},{\"@type\":\"ListItem\",\"position\":2,\"name\":\"Products\",\"item\":\"https:\\\/\\\/fashionmuseum.shop\\\/lv\\\/shop\\\/\"},{\"@type\":\"ListItem\",\"position\":3,\"name\":\"How to Train Your Sewing Machine\"}]},{\"@type\":\"WebSite\",\"@id\":\"https:\\\/\\\/fashionmuseum.shop\\\/lv\\\/#website\",\"url\":\"https:\\\/\\\/fashionmuseum.shop\\\/lv\\\/\",\"name\":\"Fashion Museum Online Store\",\"description\":\"Fashion Museum Riga Online Store provides a wide selection of books about fashion and fashion history.\",\"publisher\":{\"@id\":\"https:\\\/\\\/fashionmuseum.shop\\\/lv\\\/#organization\"},\"potentialAction\":[{\"@type\":\"SearchAction\",\"target\":{\"@type\":\"EntryPoint\",\"urlTemplate\":\"https:\\\/\\\/fashionmuseum.shop\\\/lv\\\/?s={search_term_string}\"},\"query-input\":{\"@type\":\"PropertyValueSpecification\",\"valueRequired\":true,\"valueName\":\"search_term_string\"}}],\"inLanguage\":\"lv-LV\"},{\"@type\":\"Organization\",\"@id\":\"https:\\\/\\\/fashionmuseum.shop\\\/lv\\\/#organization\",\"name\":\"Modes muzejs\",\"url\":\"https:\\\/\\\/fashionmuseum.shop\\\/lv\\\/\",\"logo\":{\"@type\":\"ImageObject\",\"inLanguage\":\"lv-LV\",\"@id\":\"https:\\\/\\\/fashionmuseum.shop\\\/lv\\\/#\\\/schema\\\/logo\\\/image\\\/\",\"url\":\"https:\\\/\\\/i1.wp.com\\\/fashionmuseum.shop\\\/wp-content\\\/uploads\\\/2020\\\/04\\\/apple-touch-icon.png?fit=180%2C180&ssl=1\",\"contentUrl\":\"https:\\\/\\\/i1.wp.com\\\/fashionmuseum.shop\\\/wp-content\\\/uploads\\\/2020\\\/04\\\/apple-touch-icon.png?fit=180%2C180&ssl=1\",\"width\":180,\"height\":180,\"caption\":\"Modes muzejs\"},\"image\":{\"@id\":\"https:\\\/\\\/fashionmuseum.shop\\\/lv\\\/#\\\/schema\\\/logo\\\/image\\\/\"}}]}<\/script>\n<!-- \/ Yoast SEO plugin. -->","yoast_head_json":{"title":"How to Train Your Sewing Machine - Fashion Museum Riga Online Store","robots":{"index":"index","follow":"follow","max-snippet":"max-snippet:-1","max-image-preview":"max-image-preview:large","max-video-preview":"max-video-preview:-1"},"canonical":"https:\/\/fashionmuseum.shop\/lv\/prece\/how-to-train-your-sewing-machine\/","og_locale":"lv_LV","og_type":"article","og_title":"How to Train Your Sewing Machine - Fashion Museum Riga Online Store","og_description":"by Rehana Begum, Akio Morishima  Why we have selected this book:  Ja v\u0113laties s\u0101kt \u0161\u016bt, viens no pirmajiem so\u013ciem b\u016bs labi apg\u016bt savas \u0161ujma\u0161\u012bnas pied\u0101v\u0101t\u0101s tehnisk\u0101s iesp\u0113jas \u2013 \u0161\u012b neliel\u0101 gr\u0101mata pal\u012bdz\u0113s to izdar\u012bt. Detaliz\u0113t\u0101s ilustr\u0101cijas \u013caus lab\u0101k saprast gan \u0161ujma\u0161\u012bnas uzb\u016bvi un darb\u012bbas principus, gan ar\u012b patren\u0113ties konkr\u0113tu \u0161\u016b\u0161anas darbu veik\u0161an\u0101. \u013boti noder\u012bgs izdevums visiem, kas v\u0113las iem\u0101c\u012bties \u0161\u016bt, p\u0101r\u0161\u016bt vai labot ap\u0123\u0113rbus un citus priek\u0161metus ar \u0161ujma\u0161\u012bnas pal\u012bdz\u012bbu!","og_url":"https:\/\/fashionmuseum.shop\/lv\/prece\/how-to-train-your-sewing-machine\/","og_site_name":"Fashion Museum Riga Online Store","article_modified_time":"2025-02-21T14:59:17+00:00","og_image":[{"width":1000,"height":1000,"url":"https:\/\/fashionmuseum.shop\/wp-content\/uploads\/2025\/02\/how-to-train-sewing-machine.jpg","type":"image\/jpeg"}],"twitter_card":"summary_large_image","twitter_misc":{"Est. reading time":"1 minute"},"schema":{"@context":"https:\/\/schema.org","@graph":[{"@type":"WebPage","@id":"https:\/\/fashionmuseum.shop\/lv\/prece\/how-to-train-your-sewing-machine\/","url":"https:\/\/fashionmuseum.shop\/lv\/prece\/how-to-train-your-sewing-machine\/","name":"How to Train Your Sewing Machine - Fashion Museum Riga Online Store","isPartOf":{"@id":"https:\/\/fashionmuseum.shop\/lv\/#website"},"primaryImageOfPage":{"@id":"https:\/\/fashionmuseum.shop\/lv\/prece\/how-to-train-your-sewing-machine\/#primaryimage"},"image":{"@id":"https:\/\/fashionmuseum.shop\/lv\/prece\/how-to-train-your-sewing-machine\/#primaryimage"},"thumbnailUrl":"https:\/\/i0.wp.com\/fashionmuseum.shop\/wp-content\/uploads\/2025\/02\/how-to-train-sewing-machine.jpg?fit=1000%2C1000&ssl=1","datePublished":"2025-02-21T14:11:10+00:00","dateModified":"2025-02-21T14:59:17+00:00","breadcrumb":{"@id":"https:\/\/fashionmuseum.shop\/lv\/prece\/how-to-train-your-sewing-machine\/#breadcrumb"},"inLanguage":"lv-LV","potentialAction":[{"@type":"ReadAction","target":["https:\/\/fashionmuseum.shop\/lv\/prece\/how-to-train-your-sewing-machine\/"]}]},{"@type":"ImageObject","inLanguage":"lv-LV","@id":"https:\/\/fashionmuseum.shop\/lv\/prece\/how-to-train-your-sewing-machine\/#primaryimage","url":"https:\/\/i0.wp.com\/fashionmuseum.shop\/wp-content\/uploads\/2025\/02\/how-to-train-sewing-machine.jpg?fit=1000%2C1000&ssl=1","contentUrl":"https:\/\/i0.wp.com\/fashionmuseum.shop\/wp-content\/uploads\/2025\/02\/how-to-train-sewing-machine.jpg?fit=1000%2C1000&ssl=1","width":1000,"height":1000},{"@type":"BreadcrumbList","@id":"https:\/\/fashionmuseum.shop\/lv\/prece\/how-to-train-your-sewing-machine\/#breadcrumb","itemListElement":[{"@type":"ListItem","position":1,"name":"Home","item":"https:\/\/fashionmuseum.shop\/lv\/"},{"@type":"ListItem","position":2,"name":"Products","item":"https:\/\/fashionmuseum.shop\/lv\/shop\/"},{"@type":"ListItem","position":3,"name":"How to Train Your Sewing Machine"}]},{"@type":"WebSite","@id":"https:\/\/fashionmuseum.shop\/lv\/#website","url":"https:\/\/fashionmuseum.shop\/lv\/","name":"Fashion Museum Online Store","description":"Fashion Museum Riga Online Store provides a wide selection of books about fashion and fashion history.","publisher":{"@id":"https:\/\/fashionmuseum.shop\/lv\/#organization"},"potentialAction":[{"@type":"SearchAction","target":{"@type":"EntryPoint","urlTemplate":"https:\/\/fashionmuseum.shop\/lv\/?s={search_term_string}"},"query-input":{"@type":"PropertyValueSpecification","valueRequired":true,"valueName":"search_term_string"}}],"inLanguage":"lv-LV"},{"@type":"Organization","@id":"https:\/\/fashionmuseum.shop\/lv\/#organization","name":"Modes muzejs","url":"https:\/\/fashionmuseum.shop\/lv\/","logo":{"@type":"ImageObject","inLanguage":"lv-LV","@id":"https:\/\/fashionmuseum.shop\/lv\/#\/schema\/logo\/image\/","url":"https:\/\/i1.wp.com\/fashionmuseum.shop\/wp-content\/uploads\/2020\/04\/apple-touch-icon.png?fit=180%2C180&ssl=1","contentUrl":"https:\/\/i1.wp.com\/fashionmuseum.shop\/wp-content\/uploads\/2020\/04\/apple-touch-icon.png?fit=180%2C180&ssl=1","width":180,"height":180,"caption":"Modes muzejs"},"image":{"@id":"https:\/\/fashionmuseum.shop\/lv\/#\/schema\/logo\/image\/"}}]}},"jetpack_publicize_connections":[],"jetpack_likes_enabled":false,"jetpack_sharing_enabled":true,"amp_enabled":true,"_links":{"self":[{"href":"https:\/\/fashionmuseum.shop\/lv\/wp-json\/wp\/v2\/product\/164380","targetHints":{"allow":["GET"]}}],"collection":[{"href":"https:\/\/fashionmuseum.shop\/lv\/wp-json\/wp\/v2\/product"}],"about":[{"href":"https:\/\/fashionmuseum.shop\/lv\/wp-json\/wp\/v2\/types\/product"}],"wp:featuredmedia":[{"embeddable":true,"href":"https:\/\/fashionmuseum.shop\/lv\/wp-json\/wp\/v2\/media\/164384"}],"wp:attachment":[{"href":"https:\/\/fashionmuseum.shop\/lv\/wp-json\/wp\/v2\/media?parent=164380"}],"wp:term":[{"taxonomy":"product_brand","embeddable":true,"href":"https:\/\/fashionmuseum.shop\/lv\/wp-json\/wp\/v2\/product_brand?post=164380"},{"taxonomy":"product_cat","embeddable":true,"href":"https:\/\/fashionmuseum.shop\/lv\/wp-json\/wp\/v2\/product_cat?post=164380"},{"taxonomy":"product_tag","embeddable":true,"href":"https:\/\/fashionmuseum.shop\/lv\/wp-json\/wp\/v2\/product_tag?post=164380"}],"curies":[{"name":"wp","href":"https:\/\/api.w.org\/{rel}","templated":true}]}}