{"id":164461,"date":"2025-02-22T15:41:40","date_gmt":"2025-02-22T13:41:40","guid":{"rendered":"https:\/\/fashionmuseum.shop\/?post_type=product&#038;p=164461"},"modified":"2025-02-22T16:31:43","modified_gmt":"2025-02-22T14:31:43","slug":"four-seasons","status":"publish","type":"product","link":"https:\/\/fashionmuseum.shop\/lv\/prece\/four-seasons\/","title":{"rendered":"Four Seasons"},"content":{"rendered":"<p><em><strong>Izdev\u0113ja gr\u0101matas anot\u0101cija:<\/strong><\/em><\/p>\n<div id=\"desc_summary1851779507-content\" class=\"expandContent\">\n<div id=\"desc_summary1851779507-content\" class=\"expandContent\">\n<div id=\"desc_summary1851779507-content\" class=\"expandContent\">\n<div data-role=\"bva-reveal\">\n<div id=\"desc_summary1851779507-content\" class=\"expandContent\">\n<div data-role=\"bva-reveal\">\n<div id=\"desc_summary1851779507-content\" class=\"expandContent\">\n<div data-role=\"bva-reveal\">\n<div id=\"desc_summary1851779507-content\" class=\"expandContent\">\n<div data-role=\"bva-reveal\">\n<div id=\"desc_summary1837760039-content\" class=\"expandContent\">\n<div id=\"desc_summary1851779507-content\" class=\"expandContent\">\n<div data-role=\"bva-reveal\">\n<div id=\"desc_summary1837760039-content\" class=\"expandContent\">\n<div id=\"desc_summary1837760349-content\" class=\"expandContent\">\n<p><b>A unique introduction to the art of collage.<\/b><\/p>\n<p>The book is aimed at a more discerning audience of crafters and art hobbyists, and is likely to appeal to an existing audience of colouring enthusiasts and collage makers. The attractive presentation and easy access to the craft makes this a great gift as well as a highly tempting self-purchase.<\/p>\n<\/div>\n<div class=\"expandHeader accFont\"><\/div>\n<\/div>\n<\/div>\n<\/div>\n<p>This book is brought by\u00a0<a href=\"https:\/\/fashionmuseum.shop\/product-tag\/thames-and-hudson\/\"><span style=\"text-decoration: underline\">\u00a0<\/span><\/a><span style=\"text-decoration: underline\"><a href=\"https:\/\/fashionmuseum.shop\/lv\/publisher\/thames-and-hudson\/\"><strong>Thames &amp; Hudson<\/strong><\/a><\/span>, ISBN 9781837760343<\/p>\n<\/div>\n<\/div>\n<\/div>\n<\/div>\n<\/div>\n<\/div>\n<\/div>\n<\/div>\n<\/div>\n<\/div>\n<\/div>\n","protected":false},"excerpt":{"rendered":"<p>by <a href=\"https:\/\/fashionmuseum.shop\/lv\/book-author\/maria-rivans\/\"><strong>Maria Rivans<\/strong><\/a><\/p>\n<p><em><strong>Why we have selected this book:<\/strong><\/em><\/p>\n<p>Burv\u012bga gr\u0101mata kol\u0101\u017eu veido\u0161anai, balstoties \u010detru gadalaiku t\u0113m\u0101. Gr\u0101mat\u0101 sniegti noder\u012bgi padomi kol\u0101\u017eu veido\u0161anai, k\u0101 ar\u012b fona att\u0113li un neskait\u0101mi daudz mazu, skaistu att\u0113lu, ko ikviens var izgriezt un kombin\u0113t p\u0113c savas gaumes un v\u0113lm\u0113m, veidojot k\u0101du no \u010detriem gadalaikiem. Lieliski piem\u0113rota d\u0101vanai, k\u0101 ar\u012b noder\u012bgs r\u012bks tiem, kas v\u0113las ekr\u0101nus aizst\u0101t ar aizraujo\u0161u darbo\u0161anos!<\/p>\n","protected":false},"featured_media":164466,"template":"","meta":{"_coblocks_attr":"","_coblocks_dimensions":"","_coblocks_responsive_height":"","_coblocks_accordion_ie_support":"","_crdt_document":"","jetpack_publicize_message":"","jetpack_publicize_feature_enabled":true,"jetpack_social_post_already_shared":true,"jetpack_social_options":{"image_generator_settings":{"template":"highway","default_image_id":0,"font":"","enabled":false},"version":2},"_wpas_customize_per_network":false},"product_brand":[],"product_cat":[1611,1610,1605,2664],"product_tag":[4211,4417,4416,3881,2863,4425],"class_list":{"0":"post-164461","1":"product","2":"type-product","3":"status-publish","4":"has-post-thumbnail","6":"product_cat-gramatas-anglu-valoda","7":"product_cat-gramatas-no-victoria-and-albert-muzeja","8":"product_cat-gramatas-par-modes-vesturi","9":"product_cat-gramatas-par-viriesu-modi","10":"product_tag-arts-lv","11":"product_tag-crafts-lv","12":"product_tag-decorative-art-lv","13":"product_tag-gift-lv","14":"product_tag-maksla","15":"product_tag-paper-crafts-lv","16":"pa_book-author-maria-rivans-lv","17":"pa_language-anglu","18":"pa_publisher-thames-and-hudson","20":"first","21":"instock","22":"shipping-taxable","23":"purchasable","24":"product-type-simple"},"yoast_head":"<!-- This site is optimized with the Yoast SEO plugin v27.4 - https:\/\/yoast.com\/product\/yoast-seo-wordpress\/ -->\n<title>Four Seasons - Fashion Museum Riga Online Store<\/title>\n<meta name=\"robots\" content=\"index, follow, max-snippet:-1, max-image-preview:large, max-video-preview:-1\" \/>\n<link rel=\"canonical\" href=\"https:\/\/fashionmuseum.shop\/lv\/prece\/four-seasons\/\" \/>\n<meta property=\"og:locale\" content=\"lv_LV\" \/>\n<meta property=\"og:type\" content=\"article\" \/>\n<meta property=\"og:title\" content=\"Four Seasons - Fashion Museum Riga Online Store\" \/>\n<meta property=\"og:description\" content=\"by Maria Rivans  Why we have selected this book:  Burv\u012bga gr\u0101mata kol\u0101\u017eu veido\u0161anai, balstoties \u010detru gadalaiku t\u0113m\u0101. Gr\u0101mat\u0101 sniegti noder\u012bgi padomi kol\u0101\u017eu veido\u0161anai, k\u0101 ar\u012b fona att\u0113li un neskait\u0101mi daudz mazu, skaistu att\u0113lu, ko ikviens var izgriezt un kombin\u0113t p\u0113c savas gaumes un v\u0113lm\u0113m, veidojot k\u0101du no \u010detriem gadalaikiem. Lieliski piem\u0113rota d\u0101vanai, k\u0101 ar\u012b noder\u012bgs r\u012bks tiem, kas v\u0113las ekr\u0101nus aizst\u0101t ar aizraujo\u0161u darbo\u0161anos!\" \/>\n<meta property=\"og:url\" content=\"https:\/\/fashionmuseum.shop\/lv\/prece\/four-seasons\/\" \/>\n<meta property=\"og:site_name\" content=\"Fashion Museum Riga Online Store\" \/>\n<meta property=\"article:modified_time\" content=\"2025-02-22T14:31:43+00:00\" \/>\n<meta property=\"og:image\" content=\"https:\/\/fashionmuseum.shop\/wp-content\/uploads\/2025\/02\/four-seasons.jpg\" \/>\n\t<meta property=\"og:image:width\" content=\"1000\" \/>\n\t<meta property=\"og:image:height\" content=\"1000\" \/>\n\t<meta property=\"og:image:type\" content=\"image\/jpeg\" \/>\n<meta name=\"twitter:card\" content=\"summary_large_image\" \/>\n<script type=\"application\/ld+json\" class=\"yoast-schema-graph\">{\"@context\":\"https:\\\/\\\/schema.org\",\"@graph\":[{\"@type\":\"WebPage\",\"@id\":\"https:\\\/\\\/fashionmuseum.shop\\\/lv\\\/prece\\\/four-seasons\\\/\",\"url\":\"https:\\\/\\\/fashionmuseum.shop\\\/lv\\\/prece\\\/four-seasons\\\/\",\"name\":\"Four Seasons - Fashion Museum Riga Online Store\",\"isPartOf\":{\"@id\":\"https:\\\/\\\/fashionmuseum.shop\\\/lv\\\/#website\"},\"primaryImageOfPage\":{\"@id\":\"https:\\\/\\\/fashionmuseum.shop\\\/lv\\\/prece\\\/four-seasons\\\/#primaryimage\"},\"image\":{\"@id\":\"https:\\\/\\\/fashionmuseum.shop\\\/lv\\\/prece\\\/four-seasons\\\/#primaryimage\"},\"thumbnailUrl\":\"https:\\\/\\\/i0.wp.com\\\/fashionmuseum.shop\\\/wp-content\\\/uploads\\\/2025\\\/02\\\/four-seasons.jpg?fit=1000%2C1000&ssl=1\",\"datePublished\":\"2025-02-22T13:41:40+00:00\",\"dateModified\":\"2025-02-22T14:31:43+00:00\",\"breadcrumb\":{\"@id\":\"https:\\\/\\\/fashionmuseum.shop\\\/lv\\\/prece\\\/four-seasons\\\/#breadcrumb\"},\"inLanguage\":\"lv-LV\",\"potentialAction\":[{\"@type\":\"ReadAction\",\"target\":[\"https:\\\/\\\/fashionmuseum.shop\\\/lv\\\/prece\\\/four-seasons\\\/\"]}]},{\"@type\":\"ImageObject\",\"inLanguage\":\"lv-LV\",\"@id\":\"https:\\\/\\\/fashionmuseum.shop\\\/lv\\\/prece\\\/four-seasons\\\/#primaryimage\",\"url\":\"https:\\\/\\\/i0.wp.com\\\/fashionmuseum.shop\\\/wp-content\\\/uploads\\\/2025\\\/02\\\/four-seasons.jpg?fit=1000%2C1000&ssl=1\",\"contentUrl\":\"https:\\\/\\\/i0.wp.com\\\/fashionmuseum.shop\\\/wp-content\\\/uploads\\\/2025\\\/02\\\/four-seasons.jpg?fit=1000%2C1000&ssl=1\",\"width\":1000,\"height\":1000},{\"@type\":\"BreadcrumbList\",\"@id\":\"https:\\\/\\\/fashionmuseum.shop\\\/lv\\\/prece\\\/four-seasons\\\/#breadcrumb\",\"itemListElement\":[{\"@type\":\"ListItem\",\"position\":1,\"name\":\"Home\",\"item\":\"https:\\\/\\\/fashionmuseum.shop\\\/lv\\\/\"},{\"@type\":\"ListItem\",\"position\":2,\"name\":\"Products\",\"item\":\"https:\\\/\\\/fashionmuseum.shop\\\/lv\\\/shop\\\/\"},{\"@type\":\"ListItem\",\"position\":3,\"name\":\"Four Seasons\"}]},{\"@type\":\"WebSite\",\"@id\":\"https:\\\/\\\/fashionmuseum.shop\\\/lv\\\/#website\",\"url\":\"https:\\\/\\\/fashionmuseum.shop\\\/lv\\\/\",\"name\":\"Fashion Museum Online Store\",\"description\":\"Fashion Museum Riga Online Store provides a wide selection of books about fashion and fashion history.\",\"publisher\":{\"@id\":\"https:\\\/\\\/fashionmuseum.shop\\\/lv\\\/#organization\"},\"potentialAction\":[{\"@type\":\"SearchAction\",\"target\":{\"@type\":\"EntryPoint\",\"urlTemplate\":\"https:\\\/\\\/fashionmuseum.shop\\\/lv\\\/?s={search_term_string}\"},\"query-input\":{\"@type\":\"PropertyValueSpecification\",\"valueRequired\":true,\"valueName\":\"search_term_string\"}}],\"inLanguage\":\"lv-LV\"},{\"@type\":\"Organization\",\"@id\":\"https:\\\/\\\/fashionmuseum.shop\\\/lv\\\/#organization\",\"name\":\"Modes muzejs\",\"url\":\"https:\\\/\\\/fashionmuseum.shop\\\/lv\\\/\",\"logo\":{\"@type\":\"ImageObject\",\"inLanguage\":\"lv-LV\",\"@id\":\"https:\\\/\\\/fashionmuseum.shop\\\/lv\\\/#\\\/schema\\\/logo\\\/image\\\/\",\"url\":\"https:\\\/\\\/i1.wp.com\\\/fashionmuseum.shop\\\/wp-content\\\/uploads\\\/2020\\\/04\\\/apple-touch-icon.png?fit=180%2C180&ssl=1\",\"contentUrl\":\"https:\\\/\\\/i1.wp.com\\\/fashionmuseum.shop\\\/wp-content\\\/uploads\\\/2020\\\/04\\\/apple-touch-icon.png?fit=180%2C180&ssl=1\",\"width\":180,\"height\":180,\"caption\":\"Modes muzejs\"},\"image\":{\"@id\":\"https:\\\/\\\/fashionmuseum.shop\\\/lv\\\/#\\\/schema\\\/logo\\\/image\\\/\"}}]}<\/script>\n<!-- \/ Yoast SEO plugin. -->","yoast_head_json":{"title":"Four Seasons - Fashion Museum Riga Online Store","robots":{"index":"index","follow":"follow","max-snippet":"max-snippet:-1","max-image-preview":"max-image-preview:large","max-video-preview":"max-video-preview:-1"},"canonical":"https:\/\/fashionmuseum.shop\/lv\/prece\/four-seasons\/","og_locale":"lv_LV","og_type":"article","og_title":"Four Seasons - Fashion Museum Riga Online Store","og_description":"by Maria Rivans  Why we have selected this book:  Burv\u012bga gr\u0101mata kol\u0101\u017eu veido\u0161anai, balstoties \u010detru gadalaiku t\u0113m\u0101. Gr\u0101mat\u0101 sniegti noder\u012bgi padomi kol\u0101\u017eu veido\u0161anai, k\u0101 ar\u012b fona att\u0113li un neskait\u0101mi daudz mazu, skaistu att\u0113lu, ko ikviens var izgriezt un kombin\u0113t p\u0113c savas gaumes un v\u0113lm\u0113m, veidojot k\u0101du no \u010detriem gadalaikiem. Lieliski piem\u0113rota d\u0101vanai, k\u0101 ar\u012b noder\u012bgs r\u012bks tiem, kas v\u0113las ekr\u0101nus aizst\u0101t ar aizraujo\u0161u darbo\u0161anos!","og_url":"https:\/\/fashionmuseum.shop\/lv\/prece\/four-seasons\/","og_site_name":"Fashion Museum Riga Online Store","article_modified_time":"2025-02-22T14:31:43+00:00","og_image":[{"width":1000,"height":1000,"url":"https:\/\/fashionmuseum.shop\/wp-content\/uploads\/2025\/02\/four-seasons.jpg","type":"image\/jpeg"}],"twitter_card":"summary_large_image","schema":{"@context":"https:\/\/schema.org","@graph":[{"@type":"WebPage","@id":"https:\/\/fashionmuseum.shop\/lv\/prece\/four-seasons\/","url":"https:\/\/fashionmuseum.shop\/lv\/prece\/four-seasons\/","name":"Four Seasons - Fashion Museum Riga Online Store","isPartOf":{"@id":"https:\/\/fashionmuseum.shop\/lv\/#website"},"primaryImageOfPage":{"@id":"https:\/\/fashionmuseum.shop\/lv\/prece\/four-seasons\/#primaryimage"},"image":{"@id":"https:\/\/fashionmuseum.shop\/lv\/prece\/four-seasons\/#primaryimage"},"thumbnailUrl":"https:\/\/i0.wp.com\/fashionmuseum.shop\/wp-content\/uploads\/2025\/02\/four-seasons.jpg?fit=1000%2C1000&ssl=1","datePublished":"2025-02-22T13:41:40+00:00","dateModified":"2025-02-22T14:31:43+00:00","breadcrumb":{"@id":"https:\/\/fashionmuseum.shop\/lv\/prece\/four-seasons\/#breadcrumb"},"inLanguage":"lv-LV","potentialAction":[{"@type":"ReadAction","target":["https:\/\/fashionmuseum.shop\/lv\/prece\/four-seasons\/"]}]},{"@type":"ImageObject","inLanguage":"lv-LV","@id":"https:\/\/fashionmuseum.shop\/lv\/prece\/four-seasons\/#primaryimage","url":"https:\/\/i0.wp.com\/fashionmuseum.shop\/wp-content\/uploads\/2025\/02\/four-seasons.jpg?fit=1000%2C1000&ssl=1","contentUrl":"https:\/\/i0.wp.com\/fashionmuseum.shop\/wp-content\/uploads\/2025\/02\/four-seasons.jpg?fit=1000%2C1000&ssl=1","width":1000,"height":1000},{"@type":"BreadcrumbList","@id":"https:\/\/fashionmuseum.shop\/lv\/prece\/four-seasons\/#breadcrumb","itemListElement":[{"@type":"ListItem","position":1,"name":"Home","item":"https:\/\/fashionmuseum.shop\/lv\/"},{"@type":"ListItem","position":2,"name":"Products","item":"https:\/\/fashionmuseum.shop\/lv\/shop\/"},{"@type":"ListItem","position":3,"name":"Four Seasons"}]},{"@type":"WebSite","@id":"https:\/\/fashionmuseum.shop\/lv\/#website","url":"https:\/\/fashionmuseum.shop\/lv\/","name":"Fashion Museum Online Store","description":"Fashion Museum Riga Online Store provides a wide selection of books about fashion and fashion history.","publisher":{"@id":"https:\/\/fashionmuseum.shop\/lv\/#organization"},"potentialAction":[{"@type":"SearchAction","target":{"@type":"EntryPoint","urlTemplate":"https:\/\/fashionmuseum.shop\/lv\/?s={search_term_string}"},"query-input":{"@type":"PropertyValueSpecification","valueRequired":true,"valueName":"search_term_string"}}],"inLanguage":"lv-LV"},{"@type":"Organization","@id":"https:\/\/fashionmuseum.shop\/lv\/#organization","name":"Modes muzejs","url":"https:\/\/fashionmuseum.shop\/lv\/","logo":{"@type":"ImageObject","inLanguage":"lv-LV","@id":"https:\/\/fashionmuseum.shop\/lv\/#\/schema\/logo\/image\/","url":"https:\/\/i1.wp.com\/fashionmuseum.shop\/wp-content\/uploads\/2020\/04\/apple-touch-icon.png?fit=180%2C180&ssl=1","contentUrl":"https:\/\/i1.wp.com\/fashionmuseum.shop\/wp-content\/uploads\/2020\/04\/apple-touch-icon.png?fit=180%2C180&ssl=1","width":180,"height":180,"caption":"Modes muzejs"},"image":{"@id":"https:\/\/fashionmuseum.shop\/lv\/#\/schema\/logo\/image\/"}}]}},"jetpack_publicize_connections":[],"jetpack_likes_enabled":false,"jetpack_sharing_enabled":true,"amp_enabled":true,"_links":{"self":[{"href":"https:\/\/fashionmuseum.shop\/lv\/wp-json\/wp\/v2\/product\/164461","targetHints":{"allow":["GET"]}}],"collection":[{"href":"https:\/\/fashionmuseum.shop\/lv\/wp-json\/wp\/v2\/product"}],"about":[{"href":"https:\/\/fashionmuseum.shop\/lv\/wp-json\/wp\/v2\/types\/product"}],"wp:featuredmedia":[{"embeddable":true,"href":"https:\/\/fashionmuseum.shop\/lv\/wp-json\/wp\/v2\/media\/164466"}],"wp:attachment":[{"href":"https:\/\/fashionmuseum.shop\/lv\/wp-json\/wp\/v2\/media?parent=164461"}],"wp:term":[{"taxonomy":"product_brand","embeddable":true,"href":"https:\/\/fashionmuseum.shop\/lv\/wp-json\/wp\/v2\/product_brand?post=164461"},{"taxonomy":"product_cat","embeddable":true,"href":"https:\/\/fashionmuseum.shop\/lv\/wp-json\/wp\/v2\/product_cat?post=164461"},{"taxonomy":"product_tag","embeddable":true,"href":"https:\/\/fashionmuseum.shop\/lv\/wp-json\/wp\/v2\/product_tag?post=164461"}],"curies":[{"name":"wp","href":"https:\/\/api.w.org\/{rel}","templated":true}]}}