{"id":1650,"date":"2020-04-09T11:22:23","date_gmt":"2020-04-09T08:22:23","guid":{"rendered":"https:\/\/fashionmuseum.shop\/product\/art-nouveau-fashion\/"},"modified":"2020-06-04T12:43:30","modified_gmt":"2020-06-04T09:43:30","slug":"art-nouveau-fashion","status":"publish","type":"product","link":"https:\/\/fashionmuseum.shop\/lv\/prece\/art-nouveau-fashion\/","title":{"rendered":"Art Nouveau Fashion"},"content":{"rendered":"<p><em><strong>Izdev\u0113ja gr\u0101matas anot\u0101cija:<\/strong><\/em><\/p>\n<p>The Art Nouveau movement overlapped with late Arts and Crafts in the 1890s and early modernism in the 1910s, combining the exquisite workmanship and natural forms of the former with the innovative materials, forms and practices associated with the latter. Art Nouveau Fashion provides a fascinating introduction to the style, defining it, and placing it in design history by focusing on a number of important designers \u2013 Worth, Lucile, Paquin, Poiret \u2013 and key topics, such as clients and artists, jewellery and accessories, and advertising. Art Nouveau fashion questioned conventional gender norms with daring flamboyance, presenting women in suits, influenced by tailored menswear, for the street and overtly seductive lingerie for the boudoir. Fashionable corsets manipulated female bodies into increasingly artificial forms, while advertising seduced consumers with images of scantily clad women. The movement\u2019s radicalism and openness to diverse design influences directly influenced the counter-culture of the late 1960s, inspiring boutiques in London\u2019s fashionable Carnaby Street and San Francisco\u2019s Haight-Ashbury. Art Nouveau fashion continues to resonate today \u2013 and this book presents it with a wealth of unseen images and historic sources.<\/p>\n<p>\u0160\u012bs gr\u0101matas izdev\u0113js ir <span style=\"text-decoration: underline;\"><strong><a href=\"https:\/\/fashionmuseum.shop\/publisher\/abrams-chronicle-books-lv\/?lang=lv\">Abrams &amp; Chronicle Books<\/a><\/strong><\/span> and <span style=\"text-decoration: underline;\"><strong><a href=\"https:\/\/fashionmuseum.shop\/publisher\/va-publishing-lv\/?lang=lv\">V&amp;A Publishing<\/a><\/strong><\/span>, ISBN 9781851778027.<\/p>\n","protected":false},"excerpt":{"rendered":"<p><span style=\"text-decoration: underline;\"><strong><a href=\"https:\/\/fashionmuseum.shop\/book-author\/clare-rose-lv\/?lang=lv\">Clare Rose<\/a><\/strong><\/span><\/p>\n<p><em><strong>K\u0101p\u0113c m\u0113s\u00a0izv\u0113l\u0113j\u0101mies\u00a0\u0161o gr\u0101matu:<\/strong><\/em><\/p>\n<p>Kr\u0101\u0161\u0146i ilustr\u0113taj\u0101 izdevum\u0101 uzzin\u0101sit vair\u0101k par Art Nouveau un t\u0101 daudzveid\u012bgaj\u0101m izpausm\u0113m mod\u0113. Informat\u012bvi bag\u0101t\u012bgais teksts v\u0113sta par stila iez\u012bm\u0113m, di\u017e\u0101kajiem dizaineriem un modes namiem, bet br\u012bni\u0161\u0137\u012bg\u0101s ilustr\u0101cij\u0101s redzami priek\u0161meti no pla\u0161\u0101s Viktorijas un Alberta muzeja kolekcijas. Gr\u0101mata, kas ir ne vien bauda ac\u012bm, bet ar\u012b aizraujo\u0161a las\u0101mviela zin\u0101tk\u0101rajiem!<\/p>\n","protected":false},"featured_media":1606,"template":"","meta":{"_coblocks_attr":"","_coblocks_dimensions":"","_coblocks_responsive_height":"","_coblocks_accordion_ie_support":"","_crdt_document":"","jetpack_publicize_message":"","jetpack_publicize_feature_enabled":true,"jetpack_social_post_already_shared":true,"jetpack_social_options":{"image_generator_settings":{"template":"highway","default_image_id":0,"font":"","enabled":false},"version":2},"_wpas_customize_per_network":false},"product_brand":[],"product_cat":[1611,1610,1605],"product_tag":[1679,1764],"class_list":{"0":"post-1650","1":"product","2":"type-product","3":"status-publish","4":"has-post-thumbnail","6":"product_cat-gramatas-anglu-valoda","7":"product_cat-gramatas-no-victoria-and-albert-muzeja","8":"product_cat-gramatas-par-modes-vesturi","9":"product_tag-20-gadsimts","10":"product_tag-art-nouveau-fashion-lv","11":"pa_book-author-clare-rose-lv","12":"pa_language-anglu","13":"pa_publisher-abrams-chronicle-books-lv","14":"pa_publisher-va-publishing-lv","16":"first","17":"outofstock","18":"shipping-taxable","19":"purchasable","20":"product-type-simple"},"yoast_head":"<!-- This site is optimized with the Yoast SEO plugin v27.5 - https:\/\/yoast.com\/product\/yoast-seo-wordpress\/ -->\n<title>Art Nouveau Fashion - Fashion Museum Riga Online Store<\/title>\n<meta name=\"robots\" content=\"index, follow, max-snippet:-1, max-image-preview:large, max-video-preview:-1\" \/>\n<link rel=\"canonical\" href=\"https:\/\/fashionmuseum.shop\/lv\/prece\/art-nouveau-fashion\/\" \/>\n<meta property=\"og:locale\" content=\"lv_LV\" \/>\n<meta property=\"og:type\" content=\"article\" \/>\n<meta property=\"og:title\" content=\"Art Nouveau Fashion - Fashion Museum Riga Online Store\" \/>\n<meta property=\"og:description\" content=\"Clare Rose  K\u0101p\u0113c m\u0113s\u00a0izv\u0113l\u0113j\u0101mies\u00a0\u0161o gr\u0101matu:  Kr\u0101\u0161\u0146i ilustr\u0113taj\u0101 izdevum\u0101 uzzin\u0101sit vair\u0101k par Art Nouveau un t\u0101 daudzveid\u012bgaj\u0101m izpausm\u0113m mod\u0113. Informat\u012bvi bag\u0101t\u012bgais teksts v\u0113sta par stila iez\u012bm\u0113m, di\u017e\u0101kajiem dizaineriem un modes namiem, bet br\u012bni\u0161\u0137\u012bg\u0101s ilustr\u0101cij\u0101s redzami priek\u0161meti no pla\u0161\u0101s Viktorijas un Alberta muzeja kolekcijas. Gr\u0101mata, kas ir ne vien bauda ac\u012bm, bet ar\u012b aizraujo\u0161a las\u0101mviela zin\u0101tk\u0101rajiem!\" \/>\n<meta property=\"og:url\" content=\"https:\/\/fashionmuseum.shop\/lv\/prece\/art-nouveau-fashion\/\" \/>\n<meta property=\"og:site_name\" content=\"Fashion Museum Riga Online Store\" \/>\n<meta property=\"article:modified_time\" content=\"2020-06-04T09:43:30+00:00\" \/>\n<meta property=\"og:image\" content=\"https:\/\/i2.wp.com\/fashionmuseum.shop\/wp-content\/uploads\/2020\/03\/Art-nouveau-fashion.jpg?fit=720%2C720&ssl=1\" \/>\n\t<meta property=\"og:image:width\" content=\"720\" \/>\n\t<meta property=\"og:image:height\" content=\"720\" \/>\n\t<meta property=\"og:image:type\" content=\"image\/jpeg\" \/>\n<meta name=\"twitter:card\" content=\"summary_large_image\" \/>\n<meta name=\"twitter:label1\" content=\"Est. reading time\" \/>\n\t<meta name=\"twitter:data1\" content=\"1 minute\" \/>\n<script type=\"application\/ld+json\" class=\"yoast-schema-graph\">{\"@context\":\"https:\\\/\\\/schema.org\",\"@graph\":[{\"@type\":\"WebPage\",\"@id\":\"https:\\\/\\\/fashionmuseum.shop\\\/lv\\\/prece\\\/art-nouveau-fashion\\\/\",\"url\":\"https:\\\/\\\/fashionmuseum.shop\\\/lv\\\/prece\\\/art-nouveau-fashion\\\/\",\"name\":\"Art Nouveau Fashion - Fashion Museum Riga Online Store\",\"isPartOf\":{\"@id\":\"https:\\\/\\\/fashionmuseum.shop\\\/lv\\\/#website\"},\"primaryImageOfPage\":{\"@id\":\"https:\\\/\\\/fashionmuseum.shop\\\/lv\\\/prece\\\/art-nouveau-fashion\\\/#primaryimage\"},\"image\":{\"@id\":\"https:\\\/\\\/fashionmuseum.shop\\\/lv\\\/prece\\\/art-nouveau-fashion\\\/#primaryimage\"},\"thumbnailUrl\":\"https:\\\/\\\/i0.wp.com\\\/fashionmuseum.shop\\\/wp-content\\\/uploads\\\/2020\\\/03\\\/Art-nouveau-fashion.jpg?fit=720%2C720&ssl=1\",\"datePublished\":\"2020-04-09T08:22:23+00:00\",\"dateModified\":\"2020-06-04T09:43:30+00:00\",\"breadcrumb\":{\"@id\":\"https:\\\/\\\/fashionmuseum.shop\\\/lv\\\/prece\\\/art-nouveau-fashion\\\/#breadcrumb\"},\"inLanguage\":\"lv-LV\",\"potentialAction\":[{\"@type\":\"ReadAction\",\"target\":[\"https:\\\/\\\/fashionmuseum.shop\\\/lv\\\/prece\\\/art-nouveau-fashion\\\/\"]}]},{\"@type\":\"ImageObject\",\"inLanguage\":\"lv-LV\",\"@id\":\"https:\\\/\\\/fashionmuseum.shop\\\/lv\\\/prece\\\/art-nouveau-fashion\\\/#primaryimage\",\"url\":\"https:\\\/\\\/i0.wp.com\\\/fashionmuseum.shop\\\/wp-content\\\/uploads\\\/2020\\\/03\\\/Art-nouveau-fashion.jpg?fit=720%2C720&ssl=1\",\"contentUrl\":\"https:\\\/\\\/i0.wp.com\\\/fashionmuseum.shop\\\/wp-content\\\/uploads\\\/2020\\\/03\\\/Art-nouveau-fashion.jpg?fit=720%2C720&ssl=1\",\"width\":720,\"height\":720,\"caption\":\"Book cover of Art Nouveau Fashion by Clare Rose\"},{\"@type\":\"BreadcrumbList\",\"@id\":\"https:\\\/\\\/fashionmuseum.shop\\\/lv\\\/prece\\\/art-nouveau-fashion\\\/#breadcrumb\",\"itemListElement\":[{\"@type\":\"ListItem\",\"position\":1,\"name\":\"Home\",\"item\":\"https:\\\/\\\/fashionmuseum.shop\\\/lv\\\/\"},{\"@type\":\"ListItem\",\"position\":2,\"name\":\"Products\",\"item\":\"https:\\\/\\\/fashionmuseum.shop\\\/lv\\\/shop\\\/\"},{\"@type\":\"ListItem\",\"position\":3,\"name\":\"Art Nouveau Fashion\"}]},{\"@type\":\"WebSite\",\"@id\":\"https:\\\/\\\/fashionmuseum.shop\\\/lv\\\/#website\",\"url\":\"https:\\\/\\\/fashionmuseum.shop\\\/lv\\\/\",\"name\":\"Fashion Museum Online Store\",\"description\":\"Fashion Museum Riga Online Store provides a wide selection of books about fashion and fashion history.\",\"publisher\":{\"@id\":\"https:\\\/\\\/fashionmuseum.shop\\\/lv\\\/#organization\"},\"potentialAction\":[{\"@type\":\"SearchAction\",\"target\":{\"@type\":\"EntryPoint\",\"urlTemplate\":\"https:\\\/\\\/fashionmuseum.shop\\\/lv\\\/?s={search_term_string}\"},\"query-input\":{\"@type\":\"PropertyValueSpecification\",\"valueRequired\":true,\"valueName\":\"search_term_string\"}}],\"inLanguage\":\"lv-LV\"},{\"@type\":\"Organization\",\"@id\":\"https:\\\/\\\/fashionmuseum.shop\\\/lv\\\/#organization\",\"name\":\"Modes muzejs\",\"url\":\"https:\\\/\\\/fashionmuseum.shop\\\/lv\\\/\",\"logo\":{\"@type\":\"ImageObject\",\"inLanguage\":\"lv-LV\",\"@id\":\"https:\\\/\\\/fashionmuseum.shop\\\/lv\\\/#\\\/schema\\\/logo\\\/image\\\/\",\"url\":\"https:\\\/\\\/i1.wp.com\\\/fashionmuseum.shop\\\/wp-content\\\/uploads\\\/2020\\\/04\\\/apple-touch-icon.png?fit=180%2C180&ssl=1\",\"contentUrl\":\"https:\\\/\\\/i1.wp.com\\\/fashionmuseum.shop\\\/wp-content\\\/uploads\\\/2020\\\/04\\\/apple-touch-icon.png?fit=180%2C180&ssl=1\",\"width\":180,\"height\":180,\"caption\":\"Modes muzejs\"},\"image\":{\"@id\":\"https:\\\/\\\/fashionmuseum.shop\\\/lv\\\/#\\\/schema\\\/logo\\\/image\\\/\"}}]}<\/script>\n<!-- \/ Yoast SEO plugin. -->","yoast_head_json":{"title":"Art Nouveau Fashion - Fashion Museum Riga Online Store","robots":{"index":"index","follow":"follow","max-snippet":"max-snippet:-1","max-image-preview":"max-image-preview:large","max-video-preview":"max-video-preview:-1"},"canonical":"https:\/\/fashionmuseum.shop\/lv\/prece\/art-nouveau-fashion\/","og_locale":"lv_LV","og_type":"article","og_title":"Art Nouveau Fashion - Fashion Museum Riga Online Store","og_description":"Clare Rose  K\u0101p\u0113c m\u0113s\u00a0izv\u0113l\u0113j\u0101mies\u00a0\u0161o gr\u0101matu:  Kr\u0101\u0161\u0146i ilustr\u0113taj\u0101 izdevum\u0101 uzzin\u0101sit vair\u0101k par Art Nouveau un t\u0101 daudzveid\u012bgaj\u0101m izpausm\u0113m mod\u0113. Informat\u012bvi bag\u0101t\u012bgais teksts v\u0113sta par stila iez\u012bm\u0113m, di\u017e\u0101kajiem dizaineriem un modes namiem, bet br\u012bni\u0161\u0137\u012bg\u0101s ilustr\u0101cij\u0101s redzami priek\u0161meti no pla\u0161\u0101s Viktorijas un Alberta muzeja kolekcijas. Gr\u0101mata, kas ir ne vien bauda ac\u012bm, bet ar\u012b aizraujo\u0161a las\u0101mviela zin\u0101tk\u0101rajiem!","og_url":"https:\/\/fashionmuseum.shop\/lv\/prece\/art-nouveau-fashion\/","og_site_name":"Fashion Museum Riga Online Store","article_modified_time":"2020-06-04T09:43:30+00:00","og_image":[{"width":720,"height":720,"url":"https:\/\/i2.wp.com\/fashionmuseum.shop\/wp-content\/uploads\/2020\/03\/Art-nouveau-fashion.jpg?fit=720%2C720&ssl=1","type":"image\/jpeg"}],"twitter_card":"summary_large_image","twitter_misc":{"Est. reading time":"1 minute"},"schema":{"@context":"https:\/\/schema.org","@graph":[{"@type":"WebPage","@id":"https:\/\/fashionmuseum.shop\/lv\/prece\/art-nouveau-fashion\/","url":"https:\/\/fashionmuseum.shop\/lv\/prece\/art-nouveau-fashion\/","name":"Art Nouveau Fashion - Fashion Museum Riga Online Store","isPartOf":{"@id":"https:\/\/fashionmuseum.shop\/lv\/#website"},"primaryImageOfPage":{"@id":"https:\/\/fashionmuseum.shop\/lv\/prece\/art-nouveau-fashion\/#primaryimage"},"image":{"@id":"https:\/\/fashionmuseum.shop\/lv\/prece\/art-nouveau-fashion\/#primaryimage"},"thumbnailUrl":"https:\/\/i0.wp.com\/fashionmuseum.shop\/wp-content\/uploads\/2020\/03\/Art-nouveau-fashion.jpg?fit=720%2C720&ssl=1","datePublished":"2020-04-09T08:22:23+00:00","dateModified":"2020-06-04T09:43:30+00:00","breadcrumb":{"@id":"https:\/\/fashionmuseum.shop\/lv\/prece\/art-nouveau-fashion\/#breadcrumb"},"inLanguage":"lv-LV","potentialAction":[{"@type":"ReadAction","target":["https:\/\/fashionmuseum.shop\/lv\/prece\/art-nouveau-fashion\/"]}]},{"@type":"ImageObject","inLanguage":"lv-LV","@id":"https:\/\/fashionmuseum.shop\/lv\/prece\/art-nouveau-fashion\/#primaryimage","url":"https:\/\/i0.wp.com\/fashionmuseum.shop\/wp-content\/uploads\/2020\/03\/Art-nouveau-fashion.jpg?fit=720%2C720&ssl=1","contentUrl":"https:\/\/i0.wp.com\/fashionmuseum.shop\/wp-content\/uploads\/2020\/03\/Art-nouveau-fashion.jpg?fit=720%2C720&ssl=1","width":720,"height":720,"caption":"Book cover of Art Nouveau Fashion by Clare Rose"},{"@type":"BreadcrumbList","@id":"https:\/\/fashionmuseum.shop\/lv\/prece\/art-nouveau-fashion\/#breadcrumb","itemListElement":[{"@type":"ListItem","position":1,"name":"Home","item":"https:\/\/fashionmuseum.shop\/lv\/"},{"@type":"ListItem","position":2,"name":"Products","item":"https:\/\/fashionmuseum.shop\/lv\/shop\/"},{"@type":"ListItem","position":3,"name":"Art Nouveau Fashion"}]},{"@type":"WebSite","@id":"https:\/\/fashionmuseum.shop\/lv\/#website","url":"https:\/\/fashionmuseum.shop\/lv\/","name":"Fashion Museum Online Store","description":"Fashion Museum Riga Online Store provides a wide selection of books about fashion and fashion history.","publisher":{"@id":"https:\/\/fashionmuseum.shop\/lv\/#organization"},"potentialAction":[{"@type":"SearchAction","target":{"@type":"EntryPoint","urlTemplate":"https:\/\/fashionmuseum.shop\/lv\/?s={search_term_string}"},"query-input":{"@type":"PropertyValueSpecification","valueRequired":true,"valueName":"search_term_string"}}],"inLanguage":"lv-LV"},{"@type":"Organization","@id":"https:\/\/fashionmuseum.shop\/lv\/#organization","name":"Modes muzejs","url":"https:\/\/fashionmuseum.shop\/lv\/","logo":{"@type":"ImageObject","inLanguage":"lv-LV","@id":"https:\/\/fashionmuseum.shop\/lv\/#\/schema\/logo\/image\/","url":"https:\/\/i1.wp.com\/fashionmuseum.shop\/wp-content\/uploads\/2020\/04\/apple-touch-icon.png?fit=180%2C180&ssl=1","contentUrl":"https:\/\/i1.wp.com\/fashionmuseum.shop\/wp-content\/uploads\/2020\/04\/apple-touch-icon.png?fit=180%2C180&ssl=1","width":180,"height":180,"caption":"Modes muzejs"},"image":{"@id":"https:\/\/fashionmuseum.shop\/lv\/#\/schema\/logo\/image\/"}}]}},"jetpack_publicize_connections":[],"jetpack_likes_enabled":false,"jetpack_sharing_enabled":true,"amp_enabled":true,"_links":{"self":[{"href":"https:\/\/fashionmuseum.shop\/lv\/wp-json\/wp\/v2\/product\/1650","targetHints":{"allow":["GET"]}}],"collection":[{"href":"https:\/\/fashionmuseum.shop\/lv\/wp-json\/wp\/v2\/product"}],"about":[{"href":"https:\/\/fashionmuseum.shop\/lv\/wp-json\/wp\/v2\/types\/product"}],"wp:featuredmedia":[{"embeddable":true,"href":"https:\/\/fashionmuseum.shop\/lv\/wp-json\/wp\/v2\/media\/1606"}],"wp:attachment":[{"href":"https:\/\/fashionmuseum.shop\/lv\/wp-json\/wp\/v2\/media?parent=1650"}],"wp:term":[{"taxonomy":"product_brand","embeddable":true,"href":"https:\/\/fashionmuseum.shop\/lv\/wp-json\/wp\/v2\/product_brand?post=1650"},{"taxonomy":"product_cat","embeddable":true,"href":"https:\/\/fashionmuseum.shop\/lv\/wp-json\/wp\/v2\/product_cat?post=1650"},{"taxonomy":"product_tag","embeddable":true,"href":"https:\/\/fashionmuseum.shop\/lv\/wp-json\/wp\/v2\/product_tag?post=1650"}],"curies":[{"name":"wp","href":"https:\/\/api.w.org\/{rel}","templated":true}]}}