{"id":1654,"date":"2020-04-09T11:22:01","date_gmt":"2020-04-09T08:22:01","guid":{"rendered":"https:\/\/fashionmuseum.shop\/product\/autobiography-of-elsa-schiaparelli-shocking-life\/"},"modified":"2021-11-30T15:10:38","modified_gmt":"2021-11-30T13:10:38","slug":"autobiography-of-elsa-schiaparelli-shocking-life","status":"publish","type":"product","link":"https:\/\/fashionmuseum.shop\/lv\/prece\/autobiography-of-elsa-schiaparelli-shocking-life\/","title":{"rendered":"Autobiography of Elsa Schiaparelli : Shocking Life"},"content":{"rendered":"<p><em><strong>Izdev\u0113ja gr\u0101matas anot\u0101cija:<\/strong><\/em><\/p>\n<p>Elsa Schiaparelli (1890\u20131973), one of the leading fashion designers of the 1920s, \u201930s, and \u201940s, was known for her flair for the unusual. The first designer to use shoulder pads and animal prints, and the inventor of shocking pink, Schiaparelli collaborated with artists including Jean Cocteau, Alberto Giacometti, and Salvador Dal\u00ed to create extraordinary garments such as the Dal\u00ed Lobster Dress. Schiaparelli had an affluent clientele, from Katharine Hepburn to Marlene Dietrich, who embraced her outrageous but elegant designs. She designed aviator Amy Johnson\u2019s wardrobe for her solo flight to Cape Town in 1936 and the culottes for tennis champion Lil\u00ed \u00c1lvarez that outraged the lawn tennis establishment, and her clothes appeared in more than 30 films, including\u00a0<i>Every Day\u2019s a Holiday<\/i>\u00a0with Mae West and\u00a0<i>Moulin Rouge.<\/i>\u00a0Schiaparelli\u2019s fascinating autobiography charts her rise from resident of a rat-infested apartment to designer to the stars.<\/p>\n<p>\u0160\u012bs gr\u0101matas izdev\u0113js ir <span style=\"text-decoration: underline;\"><strong><a href=\"https:\/\/fashionmuseum.shop\/publisher\/abrams-chronicle-books-lv\/?lang=lv\">Abrams &amp; Chronicle Books<\/a><\/strong><\/span> and <span style=\"text-decoration: underline;\"><strong><a href=\"https:\/\/fashionmuseum.shop\/publisher\/va-publishing-lv\/?lang=lv\">V&amp;A Publishing<\/a><\/strong><\/span>, ISBN 9781851779598<\/p>\n","protected":false},"excerpt":{"rendered":"<p><span style=\"text-decoration: underline;\"><strong><a href=\"https:\/\/fashionmuseum.shop\/book-author\/elsa-schiaparelli-lv\/?lang=lv\">Elsa Schiaparelli\u00a0<\/a><\/strong><\/span><\/p>\n<p><em><strong>K\u0101p\u0113c m\u0113s\u00a0izv\u0113l\u0113j\u0101mies\u00a0\u0161o gr\u0101matu:<\/strong><\/em><\/p>\n<p>It\u0101liete Elza Skjaparelli ir viena no visu laiku di\u017e\u0101kaj\u0101m modes m\u0101ksliniec\u0113m \u2013 vi\u0146a sadarboj\u0101s ar sava laika slaven\u0101kajiem m\u0101ksliniekiem sirre\u0101listiem un lab\u0101k nek\u0101 jebkur\u0161 cits prata iemiesot t\u0113rpos modern\u0101s pasaules pretrunas. Vi\u0146as pa\u0161as izkl\u0101st\u012btais dz\u012bvesst\u0101sts ir br\u012bni\u0161\u0137\u012bgs ieskats rado\u0161\u0101 dz\u012bv\u0113 un trauksmain\u0101 laik\u0101.<\/p>\n","protected":false},"featured_media":1624,"template":"","meta":{"_coblocks_attr":"","_coblocks_dimensions":"","_coblocks_responsive_height":"","_coblocks_accordion_ie_support":"","_crdt_document":"","jetpack_publicize_message":"","jetpack_publicize_feature_enabled":true,"jetpack_social_post_already_shared":true,"jetpack_social_options":{"image_generator_settings":{"template":"highway","default_image_id":0,"font":"","enabled":false},"version":2},"_wpas_customize_per_network":false},"product_brand":[],"product_cat":[1611,1610,1603],"product_tag":[1767,1766],"class_list":{"0":"post-1654","1":"product","2":"type-product","3":"status-publish","4":"has-post-thumbnail","6":"product_cat-gramatas-anglu-valoda","7":"product_cat-gramatas-no-victoria-and-albert-muzeja","8":"product_cat-gramatas-par-modes-dizaineriem","9":"product_tag-autobiografija","10":"product_tag-memuari","11":"pa_book-author-elsa-schiaparelli-lv","12":"pa_language-anglu","13":"pa_publisher-abrams-chronicle-books-lv","14":"pa_publisher-va-publishing-lv","16":"first","17":"instock","18":"shipping-taxable","19":"purchasable","20":"product-type-simple"},"yoast_head":"<!-- This site is optimized with the Yoast SEO plugin v27.4 - https:\/\/yoast.com\/product\/yoast-seo-wordpress\/ -->\n<title>Autobiography of Elsa Schiaparelli : Shocking Life - Fashion Museum Riga Online Store<\/title>\n<meta name=\"robots\" content=\"index, follow, max-snippet:-1, max-image-preview:large, max-video-preview:-1\" \/>\n<link rel=\"canonical\" href=\"https:\/\/fashionmuseum.shop\/lv\/prece\/autobiography-of-elsa-schiaparelli-shocking-life\/\" \/>\n<meta property=\"og:locale\" content=\"lv_LV\" \/>\n<meta property=\"og:type\" content=\"article\" \/>\n<meta property=\"og:title\" content=\"Autobiography of Elsa Schiaparelli : Shocking Life - Fashion Museum Riga Online Store\" \/>\n<meta property=\"og:description\" content=\"Elsa Schiaparelli\u00a0  K\u0101p\u0113c m\u0113s\u00a0izv\u0113l\u0113j\u0101mies\u00a0\u0161o gr\u0101matu:  It\u0101liete Elza Skjaparelli ir viena no visu laiku di\u017e\u0101kaj\u0101m modes m\u0101ksliniec\u0113m \u2013 vi\u0146a sadarboj\u0101s ar sava laika slaven\u0101kajiem m\u0101ksliniekiem sirre\u0101listiem un lab\u0101k nek\u0101 jebkur\u0161 cits prata iemiesot t\u0113rpos modern\u0101s pasaules pretrunas. Vi\u0146as pa\u0161as izkl\u0101st\u012btais dz\u012bvesst\u0101sts ir br\u012bni\u0161\u0137\u012bgs ieskats rado\u0161\u0101 dz\u012bv\u0113 un trauksmain\u0101 laik\u0101.\" \/>\n<meta property=\"og:url\" content=\"https:\/\/fashionmuseum.shop\/lv\/prece\/autobiography-of-elsa-schiaparelli-shocking-life\/\" \/>\n<meta property=\"og:site_name\" content=\"Fashion Museum Riga Online Store\" \/>\n<meta property=\"article:modified_time\" content=\"2021-11-30T13:10:38+00:00\" \/>\n<meta property=\"og:image\" content=\"https:\/\/fashionmuseum.shop\/wp-content\/uploads\/2020\/03\/Shoking-life.jpg\" \/>\n\t<meta property=\"og:image:width\" content=\"720\" \/>\n\t<meta property=\"og:image:height\" content=\"720\" \/>\n\t<meta property=\"og:image:type\" content=\"image\/jpeg\" \/>\n<meta name=\"twitter:card\" content=\"summary_large_image\" \/>\n<meta name=\"twitter:label1\" content=\"Est. reading time\" \/>\n\t<meta name=\"twitter:data1\" content=\"1 minute\" \/>\n<script type=\"application\/ld+json\" class=\"yoast-schema-graph\">{\"@context\":\"https:\\\/\\\/schema.org\",\"@graph\":[{\"@type\":\"WebPage\",\"@id\":\"https:\\\/\\\/fashionmuseum.shop\\\/lv\\\/prece\\\/autobiography-of-elsa-schiaparelli-shocking-life\\\/\",\"url\":\"https:\\\/\\\/fashionmuseum.shop\\\/lv\\\/prece\\\/autobiography-of-elsa-schiaparelli-shocking-life\\\/\",\"name\":\"Autobiography of Elsa Schiaparelli : Shocking Life - Fashion Museum Riga Online Store\",\"isPartOf\":{\"@id\":\"https:\\\/\\\/fashionmuseum.shop\\\/lv\\\/#website\"},\"primaryImageOfPage\":{\"@id\":\"https:\\\/\\\/fashionmuseum.shop\\\/lv\\\/prece\\\/autobiography-of-elsa-schiaparelli-shocking-life\\\/#primaryimage\"},\"image\":{\"@id\":\"https:\\\/\\\/fashionmuseum.shop\\\/lv\\\/prece\\\/autobiography-of-elsa-schiaparelli-shocking-life\\\/#primaryimage\"},\"thumbnailUrl\":\"https:\\\/\\\/i0.wp.com\\\/fashionmuseum.shop\\\/wp-content\\\/uploads\\\/2020\\\/03\\\/Shoking-life.jpg?fit=720%2C720&ssl=1\",\"datePublished\":\"2020-04-09T08:22:01+00:00\",\"dateModified\":\"2021-11-30T13:10:38+00:00\",\"breadcrumb\":{\"@id\":\"https:\\\/\\\/fashionmuseum.shop\\\/lv\\\/prece\\\/autobiography-of-elsa-schiaparelli-shocking-life\\\/#breadcrumb\"},\"inLanguage\":\"lv-LV\",\"potentialAction\":[{\"@type\":\"ReadAction\",\"target\":[\"https:\\\/\\\/fashionmuseum.shop\\\/lv\\\/prece\\\/autobiography-of-elsa-schiaparelli-shocking-life\\\/\"]}]},{\"@type\":\"ImageObject\",\"inLanguage\":\"lv-LV\",\"@id\":\"https:\\\/\\\/fashionmuseum.shop\\\/lv\\\/prece\\\/autobiography-of-elsa-schiaparelli-shocking-life\\\/#primaryimage\",\"url\":\"https:\\\/\\\/i0.wp.com\\\/fashionmuseum.shop\\\/wp-content\\\/uploads\\\/2020\\\/03\\\/Shoking-life.jpg?fit=720%2C720&ssl=1\",\"contentUrl\":\"https:\\\/\\\/i0.wp.com\\\/fashionmuseum.shop\\\/wp-content\\\/uploads\\\/2020\\\/03\\\/Shoking-life.jpg?fit=720%2C720&ssl=1\",\"width\":720,\"height\":720},{\"@type\":\"BreadcrumbList\",\"@id\":\"https:\\\/\\\/fashionmuseum.shop\\\/lv\\\/prece\\\/autobiography-of-elsa-schiaparelli-shocking-life\\\/#breadcrumb\",\"itemListElement\":[{\"@type\":\"ListItem\",\"position\":1,\"name\":\"Home\",\"item\":\"https:\\\/\\\/fashionmuseum.shop\\\/lv\\\/\"},{\"@type\":\"ListItem\",\"position\":2,\"name\":\"Products\",\"item\":\"https:\\\/\\\/fashionmuseum.shop\\\/lv\\\/shop\\\/\"},{\"@type\":\"ListItem\",\"position\":3,\"name\":\"Autobiography of Elsa Schiaparelli : Shocking Life\"}]},{\"@type\":\"WebSite\",\"@id\":\"https:\\\/\\\/fashionmuseum.shop\\\/lv\\\/#website\",\"url\":\"https:\\\/\\\/fashionmuseum.shop\\\/lv\\\/\",\"name\":\"Fashion Museum Online Store\",\"description\":\"Fashion Museum Riga Online Store provides a wide selection of books about fashion and fashion history.\",\"publisher\":{\"@id\":\"https:\\\/\\\/fashionmuseum.shop\\\/lv\\\/#organization\"},\"potentialAction\":[{\"@type\":\"SearchAction\",\"target\":{\"@type\":\"EntryPoint\",\"urlTemplate\":\"https:\\\/\\\/fashionmuseum.shop\\\/lv\\\/?s={search_term_string}\"},\"query-input\":{\"@type\":\"PropertyValueSpecification\",\"valueRequired\":true,\"valueName\":\"search_term_string\"}}],\"inLanguage\":\"lv-LV\"},{\"@type\":\"Organization\",\"@id\":\"https:\\\/\\\/fashionmuseum.shop\\\/lv\\\/#organization\",\"name\":\"Modes muzejs\",\"url\":\"https:\\\/\\\/fashionmuseum.shop\\\/lv\\\/\",\"logo\":{\"@type\":\"ImageObject\",\"inLanguage\":\"lv-LV\",\"@id\":\"https:\\\/\\\/fashionmuseum.shop\\\/lv\\\/#\\\/schema\\\/logo\\\/image\\\/\",\"url\":\"https:\\\/\\\/i1.wp.com\\\/fashionmuseum.shop\\\/wp-content\\\/uploads\\\/2020\\\/04\\\/apple-touch-icon.png?fit=180%2C180&ssl=1\",\"contentUrl\":\"https:\\\/\\\/i1.wp.com\\\/fashionmuseum.shop\\\/wp-content\\\/uploads\\\/2020\\\/04\\\/apple-touch-icon.png?fit=180%2C180&ssl=1\",\"width\":180,\"height\":180,\"caption\":\"Modes muzejs\"},\"image\":{\"@id\":\"https:\\\/\\\/fashionmuseum.shop\\\/lv\\\/#\\\/schema\\\/logo\\\/image\\\/\"}}]}<\/script>\n<!-- \/ Yoast SEO plugin. -->","yoast_head_json":{"title":"Autobiography of Elsa Schiaparelli : Shocking Life - Fashion Museum Riga Online Store","robots":{"index":"index","follow":"follow","max-snippet":"max-snippet:-1","max-image-preview":"max-image-preview:large","max-video-preview":"max-video-preview:-1"},"canonical":"https:\/\/fashionmuseum.shop\/lv\/prece\/autobiography-of-elsa-schiaparelli-shocking-life\/","og_locale":"lv_LV","og_type":"article","og_title":"Autobiography of Elsa Schiaparelli : Shocking Life - Fashion Museum Riga Online Store","og_description":"Elsa Schiaparelli\u00a0  K\u0101p\u0113c m\u0113s\u00a0izv\u0113l\u0113j\u0101mies\u00a0\u0161o gr\u0101matu:  It\u0101liete Elza Skjaparelli ir viena no visu laiku di\u017e\u0101kaj\u0101m modes m\u0101ksliniec\u0113m \u2013 vi\u0146a sadarboj\u0101s ar sava laika slaven\u0101kajiem m\u0101ksliniekiem sirre\u0101listiem un lab\u0101k nek\u0101 jebkur\u0161 cits prata iemiesot t\u0113rpos modern\u0101s pasaules pretrunas. Vi\u0146as pa\u0161as izkl\u0101st\u012btais dz\u012bvesst\u0101sts ir br\u012bni\u0161\u0137\u012bgs ieskats rado\u0161\u0101 dz\u012bv\u0113 un trauksmain\u0101 laik\u0101.","og_url":"https:\/\/fashionmuseum.shop\/lv\/prece\/autobiography-of-elsa-schiaparelli-shocking-life\/","og_site_name":"Fashion Museum Riga Online Store","article_modified_time":"2021-11-30T13:10:38+00:00","og_image":[{"width":720,"height":720,"url":"https:\/\/fashionmuseum.shop\/wp-content\/uploads\/2020\/03\/Shoking-life.jpg","type":"image\/jpeg"}],"twitter_card":"summary_large_image","twitter_misc":{"Est. reading time":"1 minute"},"schema":{"@context":"https:\/\/schema.org","@graph":[{"@type":"WebPage","@id":"https:\/\/fashionmuseum.shop\/lv\/prece\/autobiography-of-elsa-schiaparelli-shocking-life\/","url":"https:\/\/fashionmuseum.shop\/lv\/prece\/autobiography-of-elsa-schiaparelli-shocking-life\/","name":"Autobiography of Elsa Schiaparelli : Shocking Life - Fashion Museum Riga Online Store","isPartOf":{"@id":"https:\/\/fashionmuseum.shop\/lv\/#website"},"primaryImageOfPage":{"@id":"https:\/\/fashionmuseum.shop\/lv\/prece\/autobiography-of-elsa-schiaparelli-shocking-life\/#primaryimage"},"image":{"@id":"https:\/\/fashionmuseum.shop\/lv\/prece\/autobiography-of-elsa-schiaparelli-shocking-life\/#primaryimage"},"thumbnailUrl":"https:\/\/i0.wp.com\/fashionmuseum.shop\/wp-content\/uploads\/2020\/03\/Shoking-life.jpg?fit=720%2C720&ssl=1","datePublished":"2020-04-09T08:22:01+00:00","dateModified":"2021-11-30T13:10:38+00:00","breadcrumb":{"@id":"https:\/\/fashionmuseum.shop\/lv\/prece\/autobiography-of-elsa-schiaparelli-shocking-life\/#breadcrumb"},"inLanguage":"lv-LV","potentialAction":[{"@type":"ReadAction","target":["https:\/\/fashionmuseum.shop\/lv\/prece\/autobiography-of-elsa-schiaparelli-shocking-life\/"]}]},{"@type":"ImageObject","inLanguage":"lv-LV","@id":"https:\/\/fashionmuseum.shop\/lv\/prece\/autobiography-of-elsa-schiaparelli-shocking-life\/#primaryimage","url":"https:\/\/i0.wp.com\/fashionmuseum.shop\/wp-content\/uploads\/2020\/03\/Shoking-life.jpg?fit=720%2C720&ssl=1","contentUrl":"https:\/\/i0.wp.com\/fashionmuseum.shop\/wp-content\/uploads\/2020\/03\/Shoking-life.jpg?fit=720%2C720&ssl=1","width":720,"height":720},{"@type":"BreadcrumbList","@id":"https:\/\/fashionmuseum.shop\/lv\/prece\/autobiography-of-elsa-schiaparelli-shocking-life\/#breadcrumb","itemListElement":[{"@type":"ListItem","position":1,"name":"Home","item":"https:\/\/fashionmuseum.shop\/lv\/"},{"@type":"ListItem","position":2,"name":"Products","item":"https:\/\/fashionmuseum.shop\/lv\/shop\/"},{"@type":"ListItem","position":3,"name":"Autobiography of Elsa Schiaparelli : Shocking Life"}]},{"@type":"WebSite","@id":"https:\/\/fashionmuseum.shop\/lv\/#website","url":"https:\/\/fashionmuseum.shop\/lv\/","name":"Fashion Museum Online Store","description":"Fashion Museum Riga Online Store provides a wide selection of books about fashion and fashion history.","publisher":{"@id":"https:\/\/fashionmuseum.shop\/lv\/#organization"},"potentialAction":[{"@type":"SearchAction","target":{"@type":"EntryPoint","urlTemplate":"https:\/\/fashionmuseum.shop\/lv\/?s={search_term_string}"},"query-input":{"@type":"PropertyValueSpecification","valueRequired":true,"valueName":"search_term_string"}}],"inLanguage":"lv-LV"},{"@type":"Organization","@id":"https:\/\/fashionmuseum.shop\/lv\/#organization","name":"Modes muzejs","url":"https:\/\/fashionmuseum.shop\/lv\/","logo":{"@type":"ImageObject","inLanguage":"lv-LV","@id":"https:\/\/fashionmuseum.shop\/lv\/#\/schema\/logo\/image\/","url":"https:\/\/i1.wp.com\/fashionmuseum.shop\/wp-content\/uploads\/2020\/04\/apple-touch-icon.png?fit=180%2C180&ssl=1","contentUrl":"https:\/\/i1.wp.com\/fashionmuseum.shop\/wp-content\/uploads\/2020\/04\/apple-touch-icon.png?fit=180%2C180&ssl=1","width":180,"height":180,"caption":"Modes muzejs"},"image":{"@id":"https:\/\/fashionmuseum.shop\/lv\/#\/schema\/logo\/image\/"}}]}},"jetpack_publicize_connections":[],"jetpack_likes_enabled":false,"jetpack_sharing_enabled":true,"amp_enabled":true,"_links":{"self":[{"href":"https:\/\/fashionmuseum.shop\/lv\/wp-json\/wp\/v2\/product\/1654","targetHints":{"allow":["GET"]}}],"collection":[{"href":"https:\/\/fashionmuseum.shop\/lv\/wp-json\/wp\/v2\/product"}],"about":[{"href":"https:\/\/fashionmuseum.shop\/lv\/wp-json\/wp\/v2\/types\/product"}],"wp:featuredmedia":[{"embeddable":true,"href":"https:\/\/fashionmuseum.shop\/lv\/wp-json\/wp\/v2\/media\/1624"}],"wp:attachment":[{"href":"https:\/\/fashionmuseum.shop\/lv\/wp-json\/wp\/v2\/media?parent=1654"}],"wp:term":[{"taxonomy":"product_brand","embeddable":true,"href":"https:\/\/fashionmuseum.shop\/lv\/wp-json\/wp\/v2\/product_brand?post=1654"},{"taxonomy":"product_cat","embeddable":true,"href":"https:\/\/fashionmuseum.shop\/lv\/wp-json\/wp\/v2\/product_cat?post=1654"},{"taxonomy":"product_tag","embeddable":true,"href":"https:\/\/fashionmuseum.shop\/lv\/wp-json\/wp\/v2\/product_tag?post=1654"}],"curies":[{"name":"wp","href":"https:\/\/api.w.org\/{rel}","templated":true}]}}