{"id":165436,"date":"2025-05-28T10:21:42","date_gmt":"2025-05-28T07:21:42","guid":{"rendered":"https:\/\/fashionmuseum.shop\/?post_type=product&#038;p=165436"},"modified":"2025-05-28T13:53:07","modified_gmt":"2025-05-28T10:53:07","slug":"baby-its-cold-outside-copy","status":"publish","type":"product","link":"https:\/\/fashionmuseum.shop\/lv\/prece\/baby-its-cold-outside-copy\/","title":{"rendered":"Fashionable Dogs 500 Piece Puzzle"},"content":{"rendered":"","protected":false},"excerpt":{"rendered":"<p>500 GABALI\u0145U PUZLE &#8211; Modes su\u0146u 500 gabali\u0146u puzle ar Galison pied\u0101v\u0101 da\u017e\u0101dus stil\u012bgus su\u0146us, kas demonstr\u0113 savus lab\u0101kos t\u0113rpus. \u0160\u012b puzle ir \u012bsts izaicin\u0101jums, lai visa \u0123imene stund\u0101m ilgi var\u0113tu jautri pavad\u012bt laiku! Kast\u012bt\u0113 ir ievietots ieliktnis ar pilnu puzles att\u0113lu.<\/p>\n<p>SPILGTS UN KR\u0100SAINS M\u0100KSLAS DARBS &#8211; \u0161aj\u0101 puzl\u0113 att\u0113lots stil\u012bgi \u0123\u0113rbtu su\u0146u \u0161\u0137irnes su\u0146u g\u0101jiens. M\u012bklu m\u012b\u013cot\u0101ji nov\u0113rt\u0113s visas interesant\u0101s deta\u013cas, saliekot puzli kop\u0101, t\u0101d\u0113j\u0101di radot skaistu att\u0113lu, kas jebkurai telpai pie\u0161\u0137irs eleganci.<\/p>\n","protected":false},"featured_media":165440,"template":"","meta":{"_coblocks_attr":"","_coblocks_dimensions":"","_coblocks_responsive_height":"","_coblocks_accordion_ie_support":"","_crdt_document":"","jetpack_publicize_message":"","jetpack_publicize_feature_enabled":true,"jetpack_social_post_already_shared":true,"jetpack_social_options":{"image_generator_settings":{"template":"highway","default_image_id":0,"font":"","enabled":false},"version":2},"_wpas_customize_per_network":false},"product_brand":[],"product_cat":[3211],"product_tag":[3881,3593,3594,3237],"class_list":{"0":"post-165436","1":"product","2":"type-product","3":"status-publish","4":"has-post-thumbnail","6":"product_cat-puzles","7":"product_tag-gift-lv","8":"product_tag-puzzle-lv","9":"product_tag-puzzles-lv","10":"product_tag-suni","12":"first","13":"outofstock","14":"shipping-taxable","15":"purchasable","16":"product-type-simple"},"yoast_head":"<!-- This site is optimized with the Yoast SEO plugin v27.5 - https:\/\/yoast.com\/product\/yoast-seo-wordpress\/ -->\n<title>Fashionable Dogs 500 Piece Puzzle - Fashion Museum Riga Online Store<\/title>\n<meta name=\"robots\" content=\"index, follow, max-snippet:-1, max-image-preview:large, max-video-preview:-1\" \/>\n<link rel=\"canonical\" href=\"https:\/\/fashionmuseum.shop\/lv\/prece\/baby-its-cold-outside-copy\/\" \/>\n<meta property=\"og:locale\" content=\"lv_LV\" \/>\n<meta property=\"og:type\" content=\"article\" \/>\n<meta property=\"og:title\" content=\"Fashionable Dogs 500 Piece Puzzle - Fashion Museum Riga Online Store\" \/>\n<meta property=\"og:description\" content=\"500 GABALI\u0145U PUZLE - Modes su\u0146u 500 gabali\u0146u puzle ar Galison pied\u0101v\u0101 da\u017e\u0101dus stil\u012bgus su\u0146us, kas demonstr\u0113 savus lab\u0101kos t\u0113rpus. \u0160\u012b puzle ir \u012bsts izaicin\u0101jums, lai visa \u0123imene stund\u0101m ilgi var\u0113tu jautri pavad\u012bt laiku! Kast\u012bt\u0113 ir ievietots ieliktnis ar pilnu puzles att\u0113lu.  SPILGTS UN KR\u0100SAINS M\u0100KSLAS DARBS - \u0161aj\u0101 puzl\u0113 att\u0113lots stil\u012bgi \u0123\u0113rbtu su\u0146u \u0161\u0137irnes su\u0146u g\u0101jiens. M\u012bklu m\u012b\u013cot\u0101ji nov\u0113rt\u0113s visas interesant\u0101s deta\u013cas, saliekot puzli kop\u0101, t\u0101d\u0113j\u0101di radot skaistu att\u0113lu, kas jebkurai telpai pie\u0161\u0137irs eleganci.\" \/>\n<meta property=\"og:url\" content=\"https:\/\/fashionmuseum.shop\/lv\/prece\/baby-its-cold-outside-copy\/\" \/>\n<meta property=\"og:site_name\" content=\"Fashion Museum Riga Online Store\" \/>\n<meta property=\"article:modified_time\" content=\"2025-05-28T10:53:07+00:00\" \/>\n<meta property=\"og:image\" content=\"https:\/\/fashionmuseum.shop\/wp-content\/uploads\/2025\/05\/9780735382718_640x640.webp\" \/>\n\t<meta property=\"og:image:width\" content=\"640\" \/>\n\t<meta property=\"og:image:height\" content=\"640\" \/>\n\t<meta property=\"og:image:type\" content=\"image\/webp\" \/>\n<meta name=\"twitter:card\" content=\"summary_large_image\" \/>\n<script type=\"application\/ld+json\" class=\"yoast-schema-graph\">{\"@context\":\"https:\\\/\\\/schema.org\",\"@graph\":[{\"@type\":\"WebPage\",\"@id\":\"https:\\\/\\\/fashionmuseum.shop\\\/lv\\\/prece\\\/baby-its-cold-outside-copy\\\/\",\"url\":\"https:\\\/\\\/fashionmuseum.shop\\\/lv\\\/prece\\\/baby-its-cold-outside-copy\\\/\",\"name\":\"Fashionable Dogs 500 Piece Puzzle - Fashion Museum Riga Online Store\",\"isPartOf\":{\"@id\":\"https:\\\/\\\/fashionmuseum.shop\\\/lv\\\/#website\"},\"primaryImageOfPage\":{\"@id\":\"https:\\\/\\\/fashionmuseum.shop\\\/lv\\\/prece\\\/baby-its-cold-outside-copy\\\/#primaryimage\"},\"image\":{\"@id\":\"https:\\\/\\\/fashionmuseum.shop\\\/lv\\\/prece\\\/baby-its-cold-outside-copy\\\/#primaryimage\"},\"thumbnailUrl\":\"https:\\\/\\\/i0.wp.com\\\/fashionmuseum.shop\\\/wp-content\\\/uploads\\\/2025\\\/05\\\/9780735382718_640x640.webp?fit=640%2C640&ssl=1\",\"datePublished\":\"2025-05-28T07:21:42+00:00\",\"dateModified\":\"2025-05-28T10:53:07+00:00\",\"breadcrumb\":{\"@id\":\"https:\\\/\\\/fashionmuseum.shop\\\/lv\\\/prece\\\/baby-its-cold-outside-copy\\\/#breadcrumb\"},\"inLanguage\":\"lv-LV\",\"potentialAction\":[{\"@type\":\"ReadAction\",\"target\":[\"https:\\\/\\\/fashionmuseum.shop\\\/lv\\\/prece\\\/baby-its-cold-outside-copy\\\/\"]}]},{\"@type\":\"ImageObject\",\"inLanguage\":\"lv-LV\",\"@id\":\"https:\\\/\\\/fashionmuseum.shop\\\/lv\\\/prece\\\/baby-its-cold-outside-copy\\\/#primaryimage\",\"url\":\"https:\\\/\\\/i0.wp.com\\\/fashionmuseum.shop\\\/wp-content\\\/uploads\\\/2025\\\/05\\\/9780735382718_640x640.webp?fit=640%2C640&ssl=1\",\"contentUrl\":\"https:\\\/\\\/i0.wp.com\\\/fashionmuseum.shop\\\/wp-content\\\/uploads\\\/2025\\\/05\\\/9780735382718_640x640.webp?fit=640%2C640&ssl=1\",\"width\":640,\"height\":640},{\"@type\":\"BreadcrumbList\",\"@id\":\"https:\\\/\\\/fashionmuseum.shop\\\/lv\\\/prece\\\/baby-its-cold-outside-copy\\\/#breadcrumb\",\"itemListElement\":[{\"@type\":\"ListItem\",\"position\":1,\"name\":\"Home\",\"item\":\"https:\\\/\\\/fashionmuseum.shop\\\/lv\\\/\"},{\"@type\":\"ListItem\",\"position\":2,\"name\":\"Products\",\"item\":\"https:\\\/\\\/fashionmuseum.shop\\\/lv\\\/shop\\\/\"},{\"@type\":\"ListItem\",\"position\":3,\"name\":\"Fashionable Dogs 500 Piece Puzzle\"}]},{\"@type\":\"WebSite\",\"@id\":\"https:\\\/\\\/fashionmuseum.shop\\\/lv\\\/#website\",\"url\":\"https:\\\/\\\/fashionmuseum.shop\\\/lv\\\/\",\"name\":\"Fashion Museum Online Store\",\"description\":\"Fashion Museum Riga Online Store provides a wide selection of books about fashion and fashion history.\",\"publisher\":{\"@id\":\"https:\\\/\\\/fashionmuseum.shop\\\/lv\\\/#organization\"},\"potentialAction\":[{\"@type\":\"SearchAction\",\"target\":{\"@type\":\"EntryPoint\",\"urlTemplate\":\"https:\\\/\\\/fashionmuseum.shop\\\/lv\\\/?s={search_term_string}\"},\"query-input\":{\"@type\":\"PropertyValueSpecification\",\"valueRequired\":true,\"valueName\":\"search_term_string\"}}],\"inLanguage\":\"lv-LV\"},{\"@type\":\"Organization\",\"@id\":\"https:\\\/\\\/fashionmuseum.shop\\\/lv\\\/#organization\",\"name\":\"Modes muzejs\",\"url\":\"https:\\\/\\\/fashionmuseum.shop\\\/lv\\\/\",\"logo\":{\"@type\":\"ImageObject\",\"inLanguage\":\"lv-LV\",\"@id\":\"https:\\\/\\\/fashionmuseum.shop\\\/lv\\\/#\\\/schema\\\/logo\\\/image\\\/\",\"url\":\"https:\\\/\\\/i1.wp.com\\\/fashionmuseum.shop\\\/wp-content\\\/uploads\\\/2020\\\/04\\\/apple-touch-icon.png?fit=180%2C180&ssl=1\",\"contentUrl\":\"https:\\\/\\\/i1.wp.com\\\/fashionmuseum.shop\\\/wp-content\\\/uploads\\\/2020\\\/04\\\/apple-touch-icon.png?fit=180%2C180&ssl=1\",\"width\":180,\"height\":180,\"caption\":\"Modes muzejs\"},\"image\":{\"@id\":\"https:\\\/\\\/fashionmuseum.shop\\\/lv\\\/#\\\/schema\\\/logo\\\/image\\\/\"}}]}<\/script>\n<!-- \/ Yoast SEO plugin. -->","yoast_head_json":{"title":"Fashionable Dogs 500 Piece Puzzle - Fashion Museum Riga Online Store","robots":{"index":"index","follow":"follow","max-snippet":"max-snippet:-1","max-image-preview":"max-image-preview:large","max-video-preview":"max-video-preview:-1"},"canonical":"https:\/\/fashionmuseum.shop\/lv\/prece\/baby-its-cold-outside-copy\/","og_locale":"lv_LV","og_type":"article","og_title":"Fashionable Dogs 500 Piece Puzzle - Fashion Museum Riga Online Store","og_description":"500 GABALI\u0145U PUZLE - Modes su\u0146u 500 gabali\u0146u puzle ar Galison pied\u0101v\u0101 da\u017e\u0101dus stil\u012bgus su\u0146us, kas demonstr\u0113 savus lab\u0101kos t\u0113rpus. \u0160\u012b puzle ir \u012bsts izaicin\u0101jums, lai visa \u0123imene stund\u0101m ilgi var\u0113tu jautri pavad\u012bt laiku! Kast\u012bt\u0113 ir ievietots ieliktnis ar pilnu puzles att\u0113lu.  SPILGTS UN KR\u0100SAINS M\u0100KSLAS DARBS - \u0161aj\u0101 puzl\u0113 att\u0113lots stil\u012bgi \u0123\u0113rbtu su\u0146u \u0161\u0137irnes su\u0146u g\u0101jiens. M\u012bklu m\u012b\u013cot\u0101ji nov\u0113rt\u0113s visas interesant\u0101s deta\u013cas, saliekot puzli kop\u0101, t\u0101d\u0113j\u0101di radot skaistu att\u0113lu, kas jebkurai telpai pie\u0161\u0137irs eleganci.","og_url":"https:\/\/fashionmuseum.shop\/lv\/prece\/baby-its-cold-outside-copy\/","og_site_name":"Fashion Museum Riga Online Store","article_modified_time":"2025-05-28T10:53:07+00:00","og_image":[{"width":640,"height":640,"url":"https:\/\/fashionmuseum.shop\/wp-content\/uploads\/2025\/05\/9780735382718_640x640.webp","type":"image\/webp"}],"twitter_card":"summary_large_image","schema":{"@context":"https:\/\/schema.org","@graph":[{"@type":"WebPage","@id":"https:\/\/fashionmuseum.shop\/lv\/prece\/baby-its-cold-outside-copy\/","url":"https:\/\/fashionmuseum.shop\/lv\/prece\/baby-its-cold-outside-copy\/","name":"Fashionable Dogs 500 Piece Puzzle - Fashion Museum Riga Online Store","isPartOf":{"@id":"https:\/\/fashionmuseum.shop\/lv\/#website"},"primaryImageOfPage":{"@id":"https:\/\/fashionmuseum.shop\/lv\/prece\/baby-its-cold-outside-copy\/#primaryimage"},"image":{"@id":"https:\/\/fashionmuseum.shop\/lv\/prece\/baby-its-cold-outside-copy\/#primaryimage"},"thumbnailUrl":"https:\/\/i0.wp.com\/fashionmuseum.shop\/wp-content\/uploads\/2025\/05\/9780735382718_640x640.webp?fit=640%2C640&ssl=1","datePublished":"2025-05-28T07:21:42+00:00","dateModified":"2025-05-28T10:53:07+00:00","breadcrumb":{"@id":"https:\/\/fashionmuseum.shop\/lv\/prece\/baby-its-cold-outside-copy\/#breadcrumb"},"inLanguage":"lv-LV","potentialAction":[{"@type":"ReadAction","target":["https:\/\/fashionmuseum.shop\/lv\/prece\/baby-its-cold-outside-copy\/"]}]},{"@type":"ImageObject","inLanguage":"lv-LV","@id":"https:\/\/fashionmuseum.shop\/lv\/prece\/baby-its-cold-outside-copy\/#primaryimage","url":"https:\/\/i0.wp.com\/fashionmuseum.shop\/wp-content\/uploads\/2025\/05\/9780735382718_640x640.webp?fit=640%2C640&ssl=1","contentUrl":"https:\/\/i0.wp.com\/fashionmuseum.shop\/wp-content\/uploads\/2025\/05\/9780735382718_640x640.webp?fit=640%2C640&ssl=1","width":640,"height":640},{"@type":"BreadcrumbList","@id":"https:\/\/fashionmuseum.shop\/lv\/prece\/baby-its-cold-outside-copy\/#breadcrumb","itemListElement":[{"@type":"ListItem","position":1,"name":"Home","item":"https:\/\/fashionmuseum.shop\/lv\/"},{"@type":"ListItem","position":2,"name":"Products","item":"https:\/\/fashionmuseum.shop\/lv\/shop\/"},{"@type":"ListItem","position":3,"name":"Fashionable Dogs 500 Piece Puzzle"}]},{"@type":"WebSite","@id":"https:\/\/fashionmuseum.shop\/lv\/#website","url":"https:\/\/fashionmuseum.shop\/lv\/","name":"Fashion Museum Online Store","description":"Fashion Museum Riga Online Store provides a wide selection of books about fashion and fashion history.","publisher":{"@id":"https:\/\/fashionmuseum.shop\/lv\/#organization"},"potentialAction":[{"@type":"SearchAction","target":{"@type":"EntryPoint","urlTemplate":"https:\/\/fashionmuseum.shop\/lv\/?s={search_term_string}"},"query-input":{"@type":"PropertyValueSpecification","valueRequired":true,"valueName":"search_term_string"}}],"inLanguage":"lv-LV"},{"@type":"Organization","@id":"https:\/\/fashionmuseum.shop\/lv\/#organization","name":"Modes muzejs","url":"https:\/\/fashionmuseum.shop\/lv\/","logo":{"@type":"ImageObject","inLanguage":"lv-LV","@id":"https:\/\/fashionmuseum.shop\/lv\/#\/schema\/logo\/image\/","url":"https:\/\/i1.wp.com\/fashionmuseum.shop\/wp-content\/uploads\/2020\/04\/apple-touch-icon.png?fit=180%2C180&ssl=1","contentUrl":"https:\/\/i1.wp.com\/fashionmuseum.shop\/wp-content\/uploads\/2020\/04\/apple-touch-icon.png?fit=180%2C180&ssl=1","width":180,"height":180,"caption":"Modes muzejs"},"image":{"@id":"https:\/\/fashionmuseum.shop\/lv\/#\/schema\/logo\/image\/"}}]}},"jetpack_publicize_connections":[],"jetpack_likes_enabled":false,"jetpack_sharing_enabled":true,"amp_enabled":true,"_links":{"self":[{"href":"https:\/\/fashionmuseum.shop\/lv\/wp-json\/wp\/v2\/product\/165436","targetHints":{"allow":["GET"]}}],"collection":[{"href":"https:\/\/fashionmuseum.shop\/lv\/wp-json\/wp\/v2\/product"}],"about":[{"href":"https:\/\/fashionmuseum.shop\/lv\/wp-json\/wp\/v2\/types\/product"}],"wp:featuredmedia":[{"embeddable":true,"href":"https:\/\/fashionmuseum.shop\/lv\/wp-json\/wp\/v2\/media\/165440"}],"wp:attachment":[{"href":"https:\/\/fashionmuseum.shop\/lv\/wp-json\/wp\/v2\/media?parent=165436"}],"wp:term":[{"taxonomy":"product_brand","embeddable":true,"href":"https:\/\/fashionmuseum.shop\/lv\/wp-json\/wp\/v2\/product_brand?post=165436"},{"taxonomy":"product_cat","embeddable":true,"href":"https:\/\/fashionmuseum.shop\/lv\/wp-json\/wp\/v2\/product_cat?post=165436"},{"taxonomy":"product_tag","embeddable":true,"href":"https:\/\/fashionmuseum.shop\/lv\/wp-json\/wp\/v2\/product_tag?post=165436"}],"curies":[{"name":"wp","href":"https:\/\/api.w.org\/{rel}","templated":true}]}}