{"id":165667,"date":"2025-06-15T10:53:01","date_gmt":"2025-06-15T07:53:01","guid":{"rendered":"https:\/\/fashionmuseum.shop\/?post_type=product&#038;p=165667"},"modified":"2025-11-06T11:58:21","modified_gmt":"2025-11-06T09:58:21","slug":"%d0%b4%d1%80%d0%b5%d1%81%d1%81-%d0%ba%d0%be%d0%b4%d1%8b-700-%d0%bb%d0%b5%d1%82-%d0%bc%d0%be%d0%b4%d0%bd%d0%be%d0%b9-%d0%b8%d1%81%d1%82%d0%be%d1%80%d0%b8%d0%b8-%d0%b2-%d0%b4%d0%b5%d1%82%d0%b0%d0%bb","status":"publish","type":"product","link":"https:\/\/fashionmuseum.shop\/lv\/prece\/%d0%b4%d1%80%d0%b5%d1%81%d1%81-%d0%ba%d0%be%d0%b4%d1%8b-700-%d0%bb%d0%b5%d1%82-%d0%bc%d0%be%d0%b4%d0%bd%d0%be%d0%b9-%d0%b8%d1%81%d1%82%d0%be%d1%80%d0%b8%d0%b8-%d0%b2-%d0%b4%d0%b5%d1%82%d0%b0%d0%bb\/","title":{"rendered":"\u0414\u0440\u0435\u0441\u0441-\u043a\u043e\u0434\u044b. 700 \u043b\u0435\u0442 \u043c\u043e\u0434\u043d\u043e\u0439 \u0438\u0441\u0442\u043e\u0440\u0438\u0438 \u0432 \u0434\u0435\u0442\u0430\u043b\u044f\u0445"},"content":{"rendered":"<p><strong><em>Izdev\u0113ja gr\u0101matas anot\u0101cija:<\/em><\/strong><\/p>\n<p>\u00ab\u0427\u0442\u043e\u0431\u044b \u043f\u0440\u043e\u0438\u0437\u0432\u0435\u0441\u0442\u0438 \u043f\u0435\u0440\u0432\u043e\u0435 \u0432\u043f\u0435\u0447\u0430\u0442\u043b\u0435\u043d\u0438\u0435, \u0434\u043e\u0441\u0442\u0430\u0442\u043e\u0447\u043d\u043e \u0442\u0440\u0435\u0445 \u0441\u0435\u043a\u0443\u043d\u0434, \u0438 \u043e\u0434\u043d\u043e\u0433\u043e \u043b\u0438\u0448\u044c \u0432\u0437\u0433\u043b\u044f\u0434\u0430 \u043d\u0430 \u0447\u0435\u043b\u043e\u0432\u0435\u043a\u0430 \u0434\u043e\u0441\u0442\u0430\u0442\u043e\u0447\u043d\u043e, \u0447\u0442\u043e\u0431\u044b \u043f\u043e\u043d\u044f\u0442\u044c \u0435\u0433\u043e \u043f\u0440\u043e\u0438\u0441\u0445\u043e\u0436\u0434\u0435\u043d\u0438\u0435\u00bb, \u2014 \u0443\u0432\u0435\u0440\u0435\u043d \u0430\u0432\u0442\u043e\u0440 \u043a\u043d\u0438\u0433\u0438 \u0438\u0441\u0442\u043e\u0440\u0438\u043a \u043c\u043e\u0434\u044b \u0438 \u043a\u0443\u043b\u044c\u0442\u0443\u0440\u043e\u043b\u043e\u0433 \u0420\u0438\u0447\u0430\u0440\u0434 \u0422\u043e\u043c\u043f\u0441\u043e\u043d \u0424\u043e\u0440\u0434.<\/p>\n<p>\u0412 \u044d\u0442\u043e\u0439 \u043a\u043d\u0438\u0433\u0435 \u0432\u044b \u043d\u0430\u0439\u0434\u0435\u0442\u0435 \u043e\u0442\u0432\u0435\u0442\u044b \u043d\u0430 \u043c\u043d\u043e\u0436\u0435\u0441\u0442\u0432\u043e \u0432\u043e\u043f\u0440\u043e\u0441\u043e\u0432: \u043f\u043e\u0447\u0435\u043c\u0443 \u0432 \u0440\u0430\u0437\u043d\u044b\u0435 \u043f\u0435\u0440\u0438\u043e\u0434\u044b \u0438\u0441\u0442\u043e\u0440\u0438\u0438 \u043e\u0434\u0435\u0436\u0434\u0430 \u0441\u0442\u0430\u043d\u043e\u0432\u0438\u043b\u0430\u0441\u044c \u043d\u0430\u0441\u0442\u043e\u043b\u044c\u043a\u043e \u0437\u043d\u0430\u0447\u0438\u043c\u043e\u0439, \u0447\u0442\u043e \u0435\u0435 \u0441\u0442\u0430\u0442\u0443\u0441 \u0440\u0435\u0433\u0443\u043b\u0438\u0440\u043e\u0432\u0430\u043b\u0441\u044f \u0434\u043e\u0433\u043e\u0432\u043e\u0440\u0430\u043c\u0438, \u043f\u0440\u0430\u0432\u0438\u043b\u0430\u043c\u0438 \u0438 \u0434\u0430\u0436\u0435 \u0441\u0442\u0440\u043e\u0433\u0438\u043c\u0438 \u0441\u0443\u0434\u0435\u0431\u043d\u044b\u043c\u0438 \u0440\u0435\u0448\u0435\u043d\u0438\u044f\u043c\u0438? \u0427\u0442\u043e \u043f\u0440\u043e\u0438\u0441\u0445\u043e\u0434\u0438\u043b\u043e, \u043a\u043e\u0433\u0434\u0430 \u044d\u0442\u0438 \u043f\u0440\u0430\u0432\u0438\u043b\u0430 \u0432\u0441\u0442\u0443\u043f\u0430\u043b\u0438 \u0432 \u043f\u0440\u043e\u0442\u0438\u0432\u043e\u0440\u0435\u0447\u0438\u0435 \u0441 \u043d\u043e\u0432\u044b\u043c\u0438 \u0441\u043e\u0446\u0438\u0430\u043b\u044c\u043d\u044b\u043c\u0438 \u043d\u043e\u0440\u043c\u0430\u043c\u0438, \u043a\u043e\u0442\u043e\u0440\u044b\u0435 \u043f\u0440\u043e\u0432\u043e\u0437\u0433\u043b\u0430\u0448\u0430\u043b\u0438 \u043b\u0438\u0447\u043d\u044b\u0435 \u0441\u0432\u043e\u0431\u043e\u0434\u044b? \u041a\u043e\u0433\u0434\u0430 \u0434\u0440\u0435\u0441\u0441-\u043a\u043e\u0434\u044b \u043f\u043e\u043b\u0435\u0437\u043d\u044b, \u0430 \u043a\u043e\u0433\u0434\u0430 \u0441\u0442\u0430\u043d\u043e\u0432\u044f\u0442\u0441\u044f \u0441\u043b\u0438\u0448\u043a\u043e\u043c \u0441\u0442\u0440\u043e\u0433\u0438\u043c\u0438 \u0438 \u043d\u0430\u0440\u0443\u0448\u0430\u044e\u0442 \u043f\u0440\u0430\u0432\u0430 \u0447\u0435\u043b\u043e\u0432\u0435\u043a\u0430? \u0427\u0442\u043e \u0434\u0435\u043b\u0430\u0435\u0442 \u0432\u044b\u0441\u043e\u043a\u0438\u0435 \u043a\u0430\u0431\u043b\u0443\u043a\u0438 \u043b\u0435\u0433\u043a\u043e\u043c\u044b\u0441\u043b\u0435\u043d\u043d\u044b\u043c\u0438 \u0438 \u0441\u0435\u043a\u0441\u0443\u0430\u043b\u044c\u043d\u044b\u043c\u0438, \u0430 \u043e\u0431\u0443\u0432\u044c \u043d\u0430 \u043f\u043b\u043e\u0441\u043a\u043e\u043c \u0445\u043e\u0434\u0443 \u043f\u0440\u0430\u043a\u0442\u0438\u0447\u043d\u043e\u0439, \u043d\u043e \u0441\u043a\u0443\u0447\u043d\u043e\u0439? \u041a\u0430\u043a\u0443\u044e \u0441\u0442\u0440\u0430\u0442\u0435\u0433\u0438\u044e \u0432\u044b\u0431\u0440\u0430\u0442\u044c \u2014 \u0441\u043b\u0435\u0434\u043e\u0432\u0430\u0442\u044c \u0443\u0441\u0442\u0430\u043d\u043e\u0432\u043b\u0435\u043d\u043d\u044b\u043c \u043f\u0440\u0430\u0432\u0438\u043b\u0430\u043c \u0434\u0440\u0435\u0441\u0441-\u043a\u043e\u0434\u043e\u0432 \u0438\u043b\u0438 \u043d\u0430\u0440\u0443\u0448\u0430\u0442\u044c \u0438\u0445 \u0440\u0430\u0434\u0438 \u0441\u0432\u043e\u0431\u043e\u0434\u044b \u0441\u0430\u043c\u043e\u0432\u044b\u0440\u0430\u0436\u0435\u043d\u0438\u044f? \u0414\u0430\u0432\u0430\u0439\u0442\u0435 \u0432\u043c\u0435\u0441\u0442\u0435 \u043f\u043e\u043f\u0440\u043e\u0431\u0443\u0435\u043c \u0440\u0430\u0437\u043e\u0431\u0440\u0430\u0442\u044c\u0441\u044f \u0432 \u044d\u0442\u043e\u043c \u0443\u0432\u043b\u0435\u043a\u0430\u0442\u0435\u043b\u044c\u043d\u043e\u043c, \u043a\u0440\u0430\u0441\u0438\u0432\u043e\u043c, \u043d\u0435\u043c\u043d\u043e\u0433\u043e \u0442\u0430\u0438\u043d\u0441\u0442\u0432\u0435\u043d\u043d\u043e\u043c \u0438 \u0437\u0430\u043f\u0443\u0442\u0430\u043d\u043d\u043e\u043c \u043c\u0438\u0440\u0435 \u043c\u043e\u0434\u044b. \u041a\u043d\u0438\u0433\u0430 \u0431\u0443\u0434\u0435\u0442 \u0438\u043d\u0442\u0435\u0440\u0435\u0441\u043d\u0430 \u0448\u0438\u0440\u043e\u043a\u043e\u043c\u0443 \u043a\u0440\u0443\u0433\u0443 \u0447\u0438\u0442\u0430\u0442\u0435\u043b\u0435\u0439, \u0438\u043d\u0442\u0435\u0440\u0435\u0441\u0443\u044e\u0449\u0438\u0445\u0441\u044f \u0438\u0441\u0442\u043e\u0440\u0438\u0435\u0439 \u043c\u043e\u0434\u044b, \u0441\u043e\u0446\u0438\u043e\u043b\u043e\u0433\u0438\u0435\u0439 \u0438 \u043a\u0443\u043b\u044c\u0442\u0443\u0440\u043e\u043b\u043e\u0433\u0438\u0435\u0439. \u041a\u043d\u0438\u0433\u0430 \u0441\u043e\u0434\u0435\u0440\u0436\u0438\u0442 \u043c\u043d\u043e\u0433\u043e \u043a\u0440\u0430\u0441\u043e\u0447\u043d\u044b\u0445 \u0440\u0435\u0434\u043a\u0438\u0445 \u0438\u0441\u0442\u043e\u0440\u0438\u0447\u0435\u0441\u043a\u0438\u0445 \u0438\u043b\u043b\u044e\u0441\u0442\u0440\u0430\u0446\u0438\u0439.<\/p>\n<p>This book is brought by\u00a0<strong><a href=\"\/?pa_publisher=\u044d\u043a\u0441\u043c\u043e\">\u042d\u041a\u0421\u041c\u041e<\/a><\/strong>, ISBN 9785041913380<\/p>\n","protected":false},"excerpt":{"rendered":"<p>by\u00a0<a href=\"\/?pa_book-author=\u0420\u0438\u0447\u0430\u0440\u0434-\u0422\u043e\u043c\u043f\u0441\u043e\u043d-\u0424\u043e\u0440\u0434\"><strong>\u0420\u0438\u0447\u0430\u0440\u0434 \u0422\u043e\u043c\u043f\u0441\u043e\u043d \u0424\u043e\u0440\u0434<\/strong><\/a><\/p>\n<p><em><strong>K\u0101p\u0113c m\u0113s izv\u0113l\u0113j\u0101mies \u0161o gr\u0101matu:<\/strong><\/em><\/p>\n<p>Mode ir sava veida valoda \u2013 ja zin\u0101m z\u012bmes, varam izlas\u012bt ap\u0123\u0113rb\u0101 iesl\u0113pto inform\u0101ciju par valk\u0101t\u0101ja tur\u012bgumu, raksturu un statusu, k\u0101 ar\u012b par konkr\u0113t\u0101 laika \u0123\u0113rb\u0161an\u0101s noteikumiem un nerakst\u012btajiem eti\u0137etes likumiem. \u0160o smalko nian\u0161u p\u0101rzin\u0101\u0161ana \u012bpa\u0161i svar\u012bga biznesa aprind\u0101s, politik\u0101 un diplom\u0101tij\u0101, ta\u010du ar\u012b tiem, kas \u0161ais jom\u0101s nedarbojas, noder\u0113s zin\u0101\u0161anas par da\u017e\u0101diem knifiem, kam piev\u0113rst uzman\u012bbu.<\/p>\n","protected":false},"featured_media":165671,"template":"","meta":{"_coblocks_attr":"","_coblocks_dimensions":"","_coblocks_responsive_height":"","_coblocks_accordion_ie_support":"","_crdt_document":"","jetpack_post_was_ever_published":false,"jetpack_publicize_message":"","jetpack_publicize_feature_enabled":true,"jetpack_social_post_already_shared":true,"jetpack_social_options":{"image_generator_settings":{"template":"highway","default_image_id":0,"font":"","enabled":false},"version":2},"_wpas_customize_per_network":false},"product_brand":[],"product_cat":[1613,2418,1609],"product_tag":[3520,3881,3368],"class_list":{"0":"post-165667","1":"product","2":"type-product","3":"status-publish","4":"has-post-thumbnail","6":"product_cat-gramatas-krievu-valoda","7":"product_cat-gramatas","8":"product_cat-gramatas-par-pasaules-modi-un-tradicijam","9":"product_tag-fashion-lv","10":"product_tag-gift-lv","11":"product_tag-vesture","12":"pa_book-author----lv","13":"pa_language-krievu","14":"pa_publisher--lv","16":"first","17":"instock","18":"shipping-taxable","19":"purchasable","20":"product-type-simple"},"yoast_head":"<!-- This site is optimized with the Yoast SEO plugin v27.3 - https:\/\/yoast.com\/product\/yoast-seo-wordpress\/ -->\n<title>\u0414\u0440\u0435\u0441\u0441-\u043a\u043e\u0434\u044b. 700 \u043b\u0435\u0442 \u043c\u043e\u0434\u043d\u043e\u0439 \u0438\u0441\u0442\u043e\u0440\u0438\u0438 \u0432 \u0434\u0435\u0442\u0430\u043b\u044f\u0445 - Fashion Museum Riga Online Store<\/title>\n<meta name=\"robots\" content=\"index, follow, max-snippet:-1, max-image-preview:large, max-video-preview:-1\" \/>\n<link rel=\"canonical\" href=\"https:\/\/fashionmuseum.shop\/lv\/prece\/%d0%b4%d1%80%d0%b5%d1%81%d1%81-%d0%ba%d0%be%d0%b4%d1%8b-700-%d0%bb%d0%b5%d1%82-%d0%bc%d0%be%d0%b4%d0%bd%d0%be%d0%b9-%d0%b8%d1%81%d1%82%d0%be%d1%80%d0%b8%d0%b8-%d0%b2-%d0%b4%d0%b5%d1%82%d0%b0%d0%bb\/\" \/>\n<meta property=\"og:locale\" content=\"lv_LV\" \/>\n<meta property=\"og:type\" content=\"article\" \/>\n<meta property=\"og:title\" content=\"\u0414\u0440\u0435\u0441\u0441-\u043a\u043e\u0434\u044b. 700 \u043b\u0435\u0442 \u043c\u043e\u0434\u043d\u043e\u0439 \u0438\u0441\u0442\u043e\u0440\u0438\u0438 \u0432 \u0434\u0435\u0442\u0430\u043b\u044f\u0445 - Fashion Museum Riga Online Store\" \/>\n<meta property=\"og:description\" content=\"by\u00a0\u0420\u0438\u0447\u0430\u0440\u0434 \u0422\u043e\u043c\u043f\u0441\u043e\u043d \u0424\u043e\u0440\u0434  K\u0101p\u0113c m\u0113s izv\u0113l\u0113j\u0101mies \u0161o gr\u0101matu:  Mode ir sava veida valoda \u2013 ja zin\u0101m z\u012bmes, varam izlas\u012bt ap\u0123\u0113rb\u0101 iesl\u0113pto inform\u0101ciju par valk\u0101t\u0101ja tur\u012bgumu, raksturu un statusu, k\u0101 ar\u012b par konkr\u0113t\u0101 laika \u0123\u0113rb\u0161an\u0101s noteikumiem un nerakst\u012btajiem eti\u0137etes likumiem. \u0160o smalko nian\u0161u p\u0101rzin\u0101\u0161ana \u012bpa\u0161i svar\u012bga biznesa aprind\u0101s, politik\u0101 un diplom\u0101tij\u0101, ta\u010du ar\u012b tiem, kas \u0161ais jom\u0101s nedarbojas, noder\u0113s zin\u0101\u0161anas par da\u017e\u0101diem knifiem, kam piev\u0113rst uzman\u012bbu.\" \/>\n<meta property=\"og:url\" content=\"https:\/\/fashionmuseum.shop\/lv\/prece\/%d0%b4%d1%80%d0%b5%d1%81%d1%81-%d0%ba%d0%be%d0%b4%d1%8b-700-%d0%bb%d0%b5%d1%82-%d0%bc%d0%be%d0%b4%d0%bd%d0%be%d0%b9-%d0%b8%d1%81%d1%82%d0%be%d1%80%d0%b8%d0%b8-%d0%b2-%d0%b4%d0%b5%d1%82%d0%b0%d0%bb\/\" \/>\n<meta property=\"og:site_name\" content=\"Fashion Museum Riga Online Store\" \/>\n<meta property=\"article:modified_time\" content=\"2025-11-06T09:58:21+00:00\" \/>\n<meta property=\"og:image\" content=\"https:\/\/fashionmuseum.shop\/wp-content\/uploads\/2025\/06\/cover1__w820-1.jpg\" \/>\n\t<meta property=\"og:image:width\" content=\"820\" \/>\n\t<meta property=\"og:image:height\" content=\"1176\" \/>\n\t<meta property=\"og:image:type\" content=\"image\/jpeg\" \/>\n<meta name=\"twitter:card\" content=\"summary_large_image\" \/>\n<script type=\"application\/ld+json\" class=\"yoast-schema-graph\">{\"@context\":\"https:\\\/\\\/schema.org\",\"@graph\":[{\"@type\":\"WebPage\",\"@id\":\"https:\\\/\\\/fashionmuseum.shop\\\/lv\\\/prece\\\/%d0%b4%d1%80%d0%b5%d1%81%d1%81-%d0%ba%d0%be%d0%b4%d1%8b-700-%d0%bb%d0%b5%d1%82-%d0%bc%d0%be%d0%b4%d0%bd%d0%be%d0%b9-%d0%b8%d1%81%d1%82%d0%be%d1%80%d0%b8%d0%b8-%d0%b2-%d0%b4%d0%b5%d1%82%d0%b0%d0%bb\\\/\",\"url\":\"https:\\\/\\\/fashionmuseum.shop\\\/lv\\\/prece\\\/%d0%b4%d1%80%d0%b5%d1%81%d1%81-%d0%ba%d0%be%d0%b4%d1%8b-700-%d0%bb%d0%b5%d1%82-%d0%bc%d0%be%d0%b4%d0%bd%d0%be%d0%b9-%d0%b8%d1%81%d1%82%d0%be%d1%80%d0%b8%d0%b8-%d0%b2-%d0%b4%d0%b5%d1%82%d0%b0%d0%bb\\\/\",\"name\":\"\u0414\u0440\u0435\u0441\u0441-\u043a\u043e\u0434\u044b. 700 \u043b\u0435\u0442 \u043c\u043e\u0434\u043d\u043e\u0439 \u0438\u0441\u0442\u043e\u0440\u0438\u0438 \u0432 \u0434\u0435\u0442\u0430\u043b\u044f\u0445 - Fashion Museum Riga Online Store\",\"isPartOf\":{\"@id\":\"https:\\\/\\\/fashionmuseum.shop\\\/lv\\\/#website\"},\"primaryImageOfPage\":{\"@id\":\"https:\\\/\\\/fashionmuseum.shop\\\/lv\\\/prece\\\/%d0%b4%d1%80%d0%b5%d1%81%d1%81-%d0%ba%d0%be%d0%b4%d1%8b-700-%d0%bb%d0%b5%d1%82-%d0%bc%d0%be%d0%b4%d0%bd%d0%be%d0%b9-%d0%b8%d1%81%d1%82%d0%be%d1%80%d0%b8%d0%b8-%d0%b2-%d0%b4%d0%b5%d1%82%d0%b0%d0%bb\\\/#primaryimage\"},\"image\":{\"@id\":\"https:\\\/\\\/fashionmuseum.shop\\\/lv\\\/prece\\\/%d0%b4%d1%80%d0%b5%d1%81%d1%81-%d0%ba%d0%be%d0%b4%d1%8b-700-%d0%bb%d0%b5%d1%82-%d0%bc%d0%be%d0%b4%d0%bd%d0%be%d0%b9-%d0%b8%d1%81%d1%82%d0%be%d1%80%d0%b8%d0%b8-%d0%b2-%d0%b4%d0%b5%d1%82%d0%b0%d0%bb\\\/#primaryimage\"},\"thumbnailUrl\":\"https:\\\/\\\/i0.wp.com\\\/fashionmuseum.shop\\\/wp-content\\\/uploads\\\/2025\\\/06\\\/cover1__w820-1.jpg?fit=820%2C1176&ssl=1\",\"datePublished\":\"2025-06-15T07:53:01+00:00\",\"dateModified\":\"2025-11-06T09:58:21+00:00\",\"breadcrumb\":{\"@id\":\"https:\\\/\\\/fashionmuseum.shop\\\/lv\\\/prece\\\/%d0%b4%d1%80%d0%b5%d1%81%d1%81-%d0%ba%d0%be%d0%b4%d1%8b-700-%d0%bb%d0%b5%d1%82-%d0%bc%d0%be%d0%b4%d0%bd%d0%be%d0%b9-%d0%b8%d1%81%d1%82%d0%be%d1%80%d0%b8%d0%b8-%d0%b2-%d0%b4%d0%b5%d1%82%d0%b0%d0%bb\\\/#breadcrumb\"},\"inLanguage\":\"lv-LV\",\"potentialAction\":[{\"@type\":\"ReadAction\",\"target\":[\"https:\\\/\\\/fashionmuseum.shop\\\/lv\\\/prece\\\/%d0%b4%d1%80%d0%b5%d1%81%d1%81-%d0%ba%d0%be%d0%b4%d1%8b-700-%d0%bb%d0%b5%d1%82-%d0%bc%d0%be%d0%b4%d0%bd%d0%be%d0%b9-%d0%b8%d1%81%d1%82%d0%be%d1%80%d0%b8%d0%b8-%d0%b2-%d0%b4%d0%b5%d1%82%d0%b0%d0%bb\\\/\"]}]},{\"@type\":\"ImageObject\",\"inLanguage\":\"lv-LV\",\"@id\":\"https:\\\/\\\/fashionmuseum.shop\\\/lv\\\/prece\\\/%d0%b4%d1%80%d0%b5%d1%81%d1%81-%d0%ba%d0%be%d0%b4%d1%8b-700-%d0%bb%d0%b5%d1%82-%d0%bc%d0%be%d0%b4%d0%bd%d0%be%d0%b9-%d0%b8%d1%81%d1%82%d0%be%d1%80%d0%b8%d0%b8-%d0%b2-%d0%b4%d0%b5%d1%82%d0%b0%d0%bb\\\/#primaryimage\",\"url\":\"https:\\\/\\\/i0.wp.com\\\/fashionmuseum.shop\\\/wp-content\\\/uploads\\\/2025\\\/06\\\/cover1__w820-1.jpg?fit=820%2C1176&ssl=1\",\"contentUrl\":\"https:\\\/\\\/i0.wp.com\\\/fashionmuseum.shop\\\/wp-content\\\/uploads\\\/2025\\\/06\\\/cover1__w820-1.jpg?fit=820%2C1176&ssl=1\",\"width\":820,\"height\":1176},{\"@type\":\"BreadcrumbList\",\"@id\":\"https:\\\/\\\/fashionmuseum.shop\\\/lv\\\/prece\\\/%d0%b4%d1%80%d0%b5%d1%81%d1%81-%d0%ba%d0%be%d0%b4%d1%8b-700-%d0%bb%d0%b5%d1%82-%d0%bc%d0%be%d0%b4%d0%bd%d0%be%d0%b9-%d0%b8%d1%81%d1%82%d0%be%d1%80%d0%b8%d0%b8-%d0%b2-%d0%b4%d0%b5%d1%82%d0%b0%d0%bb\\\/#breadcrumb\",\"itemListElement\":[{\"@type\":\"ListItem\",\"position\":1,\"name\":\"Home\",\"item\":\"https:\\\/\\\/fashionmuseum.shop\\\/lv\\\/\"},{\"@type\":\"ListItem\",\"position\":2,\"name\":\"Products\",\"item\":\"https:\\\/\\\/fashionmuseum.shop\\\/lv\\\/shop\\\/\"},{\"@type\":\"ListItem\",\"position\":3,\"name\":\"\u0414\u0440\u0435\u0441\u0441-\u043a\u043e\u0434\u044b. 700 \u043b\u0435\u0442 \u043c\u043e\u0434\u043d\u043e\u0439 \u0438\u0441\u0442\u043e\u0440\u0438\u0438 \u0432 \u0434\u0435\u0442\u0430\u043b\u044f\u0445\"}]},{\"@type\":\"WebSite\",\"@id\":\"https:\\\/\\\/fashionmuseum.shop\\\/lv\\\/#website\",\"url\":\"https:\\\/\\\/fashionmuseum.shop\\\/lv\\\/\",\"name\":\"Fashion Museum Online Store\",\"description\":\"Fashion Museum Riga Online Store provides a wide selection of books about fashion and fashion history.\",\"publisher\":{\"@id\":\"https:\\\/\\\/fashionmuseum.shop\\\/lv\\\/#organization\"},\"potentialAction\":[{\"@type\":\"SearchAction\",\"target\":{\"@type\":\"EntryPoint\",\"urlTemplate\":\"https:\\\/\\\/fashionmuseum.shop\\\/lv\\\/?s={search_term_string}\"},\"query-input\":{\"@type\":\"PropertyValueSpecification\",\"valueRequired\":true,\"valueName\":\"search_term_string\"}}],\"inLanguage\":\"lv-LV\"},{\"@type\":\"Organization\",\"@id\":\"https:\\\/\\\/fashionmuseum.shop\\\/lv\\\/#organization\",\"name\":\"Modes muzejs\",\"url\":\"https:\\\/\\\/fashionmuseum.shop\\\/lv\\\/\",\"logo\":{\"@type\":\"ImageObject\",\"inLanguage\":\"lv-LV\",\"@id\":\"https:\\\/\\\/fashionmuseum.shop\\\/lv\\\/#\\\/schema\\\/logo\\\/image\\\/\",\"url\":\"https:\\\/\\\/i1.wp.com\\\/fashionmuseum.shop\\\/wp-content\\\/uploads\\\/2020\\\/04\\\/apple-touch-icon.png?fit=180%2C180&ssl=1\",\"contentUrl\":\"https:\\\/\\\/i1.wp.com\\\/fashionmuseum.shop\\\/wp-content\\\/uploads\\\/2020\\\/04\\\/apple-touch-icon.png?fit=180%2C180&ssl=1\",\"width\":180,\"height\":180,\"caption\":\"Modes muzejs\"},\"image\":{\"@id\":\"https:\\\/\\\/fashionmuseum.shop\\\/lv\\\/#\\\/schema\\\/logo\\\/image\\\/\"}}]}<\/script>\n<!-- \/ Yoast SEO plugin. -->","yoast_head_json":{"title":"\u0414\u0440\u0435\u0441\u0441-\u043a\u043e\u0434\u044b. 700 \u043b\u0435\u0442 \u043c\u043e\u0434\u043d\u043e\u0439 \u0438\u0441\u0442\u043e\u0440\u0438\u0438 \u0432 \u0434\u0435\u0442\u0430\u043b\u044f\u0445 - Fashion Museum Riga Online Store","robots":{"index":"index","follow":"follow","max-snippet":"max-snippet:-1","max-image-preview":"max-image-preview:large","max-video-preview":"max-video-preview:-1"},"canonical":"https:\/\/fashionmuseum.shop\/lv\/prece\/%d0%b4%d1%80%d0%b5%d1%81%d1%81-%d0%ba%d0%be%d0%b4%d1%8b-700-%d0%bb%d0%b5%d1%82-%d0%bc%d0%be%d0%b4%d0%bd%d0%be%d0%b9-%d0%b8%d1%81%d1%82%d0%be%d1%80%d0%b8%d0%b8-%d0%b2-%d0%b4%d0%b5%d1%82%d0%b0%d0%bb\/","og_locale":"lv_LV","og_type":"article","og_title":"\u0414\u0440\u0435\u0441\u0441-\u043a\u043e\u0434\u044b. 700 \u043b\u0435\u0442 \u043c\u043e\u0434\u043d\u043e\u0439 \u0438\u0441\u0442\u043e\u0440\u0438\u0438 \u0432 \u0434\u0435\u0442\u0430\u043b\u044f\u0445 - Fashion Museum Riga Online Store","og_description":"by\u00a0\u0420\u0438\u0447\u0430\u0440\u0434 \u0422\u043e\u043c\u043f\u0441\u043e\u043d \u0424\u043e\u0440\u0434  K\u0101p\u0113c m\u0113s izv\u0113l\u0113j\u0101mies \u0161o gr\u0101matu:  Mode ir sava veida valoda \u2013 ja zin\u0101m z\u012bmes, varam izlas\u012bt ap\u0123\u0113rb\u0101 iesl\u0113pto inform\u0101ciju par valk\u0101t\u0101ja tur\u012bgumu, raksturu un statusu, k\u0101 ar\u012b par konkr\u0113t\u0101 laika \u0123\u0113rb\u0161an\u0101s noteikumiem un nerakst\u012btajiem eti\u0137etes likumiem. \u0160o smalko nian\u0161u p\u0101rzin\u0101\u0161ana \u012bpa\u0161i svar\u012bga biznesa aprind\u0101s, politik\u0101 un diplom\u0101tij\u0101, ta\u010du ar\u012b tiem, kas \u0161ais jom\u0101s nedarbojas, noder\u0113s zin\u0101\u0161anas par da\u017e\u0101diem knifiem, kam piev\u0113rst uzman\u012bbu.","og_url":"https:\/\/fashionmuseum.shop\/lv\/prece\/%d0%b4%d1%80%d0%b5%d1%81%d1%81-%d0%ba%d0%be%d0%b4%d1%8b-700-%d0%bb%d0%b5%d1%82-%d0%bc%d0%be%d0%b4%d0%bd%d0%be%d0%b9-%d0%b8%d1%81%d1%82%d0%be%d1%80%d0%b8%d0%b8-%d0%b2-%d0%b4%d0%b5%d1%82%d0%b0%d0%bb\/","og_site_name":"Fashion Museum Riga Online Store","article_modified_time":"2025-11-06T09:58:21+00:00","og_image":[{"width":820,"height":1176,"url":"https:\/\/fashionmuseum.shop\/wp-content\/uploads\/2025\/06\/cover1__w820-1.jpg","type":"image\/jpeg"}],"twitter_card":"summary_large_image","schema":{"@context":"https:\/\/schema.org","@graph":[{"@type":"WebPage","@id":"https:\/\/fashionmuseum.shop\/lv\/prece\/%d0%b4%d1%80%d0%b5%d1%81%d1%81-%d0%ba%d0%be%d0%b4%d1%8b-700-%d0%bb%d0%b5%d1%82-%d0%bc%d0%be%d0%b4%d0%bd%d0%be%d0%b9-%d0%b8%d1%81%d1%82%d0%be%d1%80%d0%b8%d0%b8-%d0%b2-%d0%b4%d0%b5%d1%82%d0%b0%d0%bb\/","url":"https:\/\/fashionmuseum.shop\/lv\/prece\/%d0%b4%d1%80%d0%b5%d1%81%d1%81-%d0%ba%d0%be%d0%b4%d1%8b-700-%d0%bb%d0%b5%d1%82-%d0%bc%d0%be%d0%b4%d0%bd%d0%be%d0%b9-%d0%b8%d1%81%d1%82%d0%be%d1%80%d0%b8%d0%b8-%d0%b2-%d0%b4%d0%b5%d1%82%d0%b0%d0%bb\/","name":"\u0414\u0440\u0435\u0441\u0441-\u043a\u043e\u0434\u044b. 700 \u043b\u0435\u0442 \u043c\u043e\u0434\u043d\u043e\u0439 \u0438\u0441\u0442\u043e\u0440\u0438\u0438 \u0432 \u0434\u0435\u0442\u0430\u043b\u044f\u0445 - Fashion Museum Riga Online Store","isPartOf":{"@id":"https:\/\/fashionmuseum.shop\/lv\/#website"},"primaryImageOfPage":{"@id":"https:\/\/fashionmuseum.shop\/lv\/prece\/%d0%b4%d1%80%d0%b5%d1%81%d1%81-%d0%ba%d0%be%d0%b4%d1%8b-700-%d0%bb%d0%b5%d1%82-%d0%bc%d0%be%d0%b4%d0%bd%d0%be%d0%b9-%d0%b8%d1%81%d1%82%d0%be%d1%80%d0%b8%d0%b8-%d0%b2-%d0%b4%d0%b5%d1%82%d0%b0%d0%bb\/#primaryimage"},"image":{"@id":"https:\/\/fashionmuseum.shop\/lv\/prece\/%d0%b4%d1%80%d0%b5%d1%81%d1%81-%d0%ba%d0%be%d0%b4%d1%8b-700-%d0%bb%d0%b5%d1%82-%d0%bc%d0%be%d0%b4%d0%bd%d0%be%d0%b9-%d0%b8%d1%81%d1%82%d0%be%d1%80%d0%b8%d0%b8-%d0%b2-%d0%b4%d0%b5%d1%82%d0%b0%d0%bb\/#primaryimage"},"thumbnailUrl":"https:\/\/i0.wp.com\/fashionmuseum.shop\/wp-content\/uploads\/2025\/06\/cover1__w820-1.jpg?fit=820%2C1176&ssl=1","datePublished":"2025-06-15T07:53:01+00:00","dateModified":"2025-11-06T09:58:21+00:00","breadcrumb":{"@id":"https:\/\/fashionmuseum.shop\/lv\/prece\/%d0%b4%d1%80%d0%b5%d1%81%d1%81-%d0%ba%d0%be%d0%b4%d1%8b-700-%d0%bb%d0%b5%d1%82-%d0%bc%d0%be%d0%b4%d0%bd%d0%be%d0%b9-%d0%b8%d1%81%d1%82%d0%be%d1%80%d0%b8%d0%b8-%d0%b2-%d0%b4%d0%b5%d1%82%d0%b0%d0%bb\/#breadcrumb"},"inLanguage":"lv-LV","potentialAction":[{"@type":"ReadAction","target":["https:\/\/fashionmuseum.shop\/lv\/prece\/%d0%b4%d1%80%d0%b5%d1%81%d1%81-%d0%ba%d0%be%d0%b4%d1%8b-700-%d0%bb%d0%b5%d1%82-%d0%bc%d0%be%d0%b4%d0%bd%d0%be%d0%b9-%d0%b8%d1%81%d1%82%d0%be%d1%80%d0%b8%d0%b8-%d0%b2-%d0%b4%d0%b5%d1%82%d0%b0%d0%bb\/"]}]},{"@type":"ImageObject","inLanguage":"lv-LV","@id":"https:\/\/fashionmuseum.shop\/lv\/prece\/%d0%b4%d1%80%d0%b5%d1%81%d1%81-%d0%ba%d0%be%d0%b4%d1%8b-700-%d0%bb%d0%b5%d1%82-%d0%bc%d0%be%d0%b4%d0%bd%d0%be%d0%b9-%d0%b8%d1%81%d1%82%d0%be%d1%80%d0%b8%d0%b8-%d0%b2-%d0%b4%d0%b5%d1%82%d0%b0%d0%bb\/#primaryimage","url":"https:\/\/i0.wp.com\/fashionmuseum.shop\/wp-content\/uploads\/2025\/06\/cover1__w820-1.jpg?fit=820%2C1176&ssl=1","contentUrl":"https:\/\/i0.wp.com\/fashionmuseum.shop\/wp-content\/uploads\/2025\/06\/cover1__w820-1.jpg?fit=820%2C1176&ssl=1","width":820,"height":1176},{"@type":"BreadcrumbList","@id":"https:\/\/fashionmuseum.shop\/lv\/prece\/%d0%b4%d1%80%d0%b5%d1%81%d1%81-%d0%ba%d0%be%d0%b4%d1%8b-700-%d0%bb%d0%b5%d1%82-%d0%bc%d0%be%d0%b4%d0%bd%d0%be%d0%b9-%d0%b8%d1%81%d1%82%d0%be%d1%80%d0%b8%d0%b8-%d0%b2-%d0%b4%d0%b5%d1%82%d0%b0%d0%bb\/#breadcrumb","itemListElement":[{"@type":"ListItem","position":1,"name":"Home","item":"https:\/\/fashionmuseum.shop\/lv\/"},{"@type":"ListItem","position":2,"name":"Products","item":"https:\/\/fashionmuseum.shop\/lv\/shop\/"},{"@type":"ListItem","position":3,"name":"\u0414\u0440\u0435\u0441\u0441-\u043a\u043e\u0434\u044b. 700 \u043b\u0435\u0442 \u043c\u043e\u0434\u043d\u043e\u0439 \u0438\u0441\u0442\u043e\u0440\u0438\u0438 \u0432 \u0434\u0435\u0442\u0430\u043b\u044f\u0445"}]},{"@type":"WebSite","@id":"https:\/\/fashionmuseum.shop\/lv\/#website","url":"https:\/\/fashionmuseum.shop\/lv\/","name":"Fashion Museum Online Store","description":"Fashion Museum Riga Online Store provides a wide selection of books about fashion and fashion history.","publisher":{"@id":"https:\/\/fashionmuseum.shop\/lv\/#organization"},"potentialAction":[{"@type":"SearchAction","target":{"@type":"EntryPoint","urlTemplate":"https:\/\/fashionmuseum.shop\/lv\/?s={search_term_string}"},"query-input":{"@type":"PropertyValueSpecification","valueRequired":true,"valueName":"search_term_string"}}],"inLanguage":"lv-LV"},{"@type":"Organization","@id":"https:\/\/fashionmuseum.shop\/lv\/#organization","name":"Modes muzejs","url":"https:\/\/fashionmuseum.shop\/lv\/","logo":{"@type":"ImageObject","inLanguage":"lv-LV","@id":"https:\/\/fashionmuseum.shop\/lv\/#\/schema\/logo\/image\/","url":"https:\/\/i1.wp.com\/fashionmuseum.shop\/wp-content\/uploads\/2020\/04\/apple-touch-icon.png?fit=180%2C180&ssl=1","contentUrl":"https:\/\/i1.wp.com\/fashionmuseum.shop\/wp-content\/uploads\/2020\/04\/apple-touch-icon.png?fit=180%2C180&ssl=1","width":180,"height":180,"caption":"Modes muzejs"},"image":{"@id":"https:\/\/fashionmuseum.shop\/lv\/#\/schema\/logo\/image\/"}}]}},"jetpack_publicize_connections":[],"jetpack_likes_enabled":false,"jetpack_sharing_enabled":true,"amp_enabled":true,"_links":{"self":[{"href":"https:\/\/fashionmuseum.shop\/lv\/wp-json\/wp\/v2\/product\/165667","targetHints":{"allow":["GET"]}}],"collection":[{"href":"https:\/\/fashionmuseum.shop\/lv\/wp-json\/wp\/v2\/product"}],"about":[{"href":"https:\/\/fashionmuseum.shop\/lv\/wp-json\/wp\/v2\/types\/product"}],"wp:featuredmedia":[{"embeddable":true,"href":"https:\/\/fashionmuseum.shop\/lv\/wp-json\/wp\/v2\/media\/165671"}],"wp:attachment":[{"href":"https:\/\/fashionmuseum.shop\/lv\/wp-json\/wp\/v2\/media?parent=165667"}],"wp:term":[{"taxonomy":"product_brand","embeddable":true,"href":"https:\/\/fashionmuseum.shop\/lv\/wp-json\/wp\/v2\/product_brand?post=165667"},{"taxonomy":"product_cat","embeddable":true,"href":"https:\/\/fashionmuseum.shop\/lv\/wp-json\/wp\/v2\/product_cat?post=165667"},{"taxonomy":"product_tag","embeddable":true,"href":"https:\/\/fashionmuseum.shop\/lv\/wp-json\/wp\/v2\/product_tag?post=165667"}],"curies":[{"name":"wp","href":"https:\/\/api.w.org\/{rel}","templated":true}]}}