{"id":1662,"date":"2020-04-09T11:22:02","date_gmt":"2020-04-09T08:22:02","guid":{"rendered":"https:\/\/fashionmuseum.shop\/product\/diana-vreeland-empress-of-fashion\/"},"modified":"2020-11-06T10:49:15","modified_gmt":"2020-11-06T08:49:15","slug":"diana-vreeland-empress-of-fashion","status":"publish","type":"product","link":"https:\/\/fashionmuseum.shop\/lv\/prece\/diana-vreeland-empress-of-fashion\/","title":{"rendered":"Diana Vreeland Empress of Fashion"},"content":{"rendered":"<p><em><strong>Izdev\u0113ja gr\u0101matas anot\u0101cija:<\/strong><\/em><\/p>\n<p>An intimate portrait and a vibrant celebration of an icon of fashion.<\/p>\n<p>Described by an admirer as \u2018the High Druidess of fashion, the Supreme Pontiff, Perpetual Curate and Archpresbyter of elegance, the Vicaress of Style\u2019, Diana Vreeland is the cloth from which 21st-century fashion editors are cut. Diana joined\u00a0<i>Harper\u2019s Bazaar<\/i>\u00a0in 1936, where her pizzazz and singular point of view quickly made her a major creative force in fashion. During her time at\u00a0<i>Harper\u2019s Bazaar<\/i>\u00a0and later as the editor-in-chief of\u00a0<i>Vogue<\/i>, the self-styled \u2018Empress of fashion\u2019 launched Twiggy\u2019s career, advised Jackie Kennedy, and enjoyed the full swing of sixties\u2019 London. In Diana\u2019s\u00a0<i>Vogue<\/i>, women were encouraged to resist fashion orders from on high, and to use their own imaginations in re-creating themselves \u2013 much as Vreeland spent her own life doing.<\/p>\n<p>\u0160\u012bs gr\u0101matas izdev\u0113js ir <span style=\"text-decoration: underline;\"><strong><a href=\"https:\/\/fashionmuseum.shop\/publisher\/thames-and-hudson\/?lang=lv\">Thames and Hudson<\/a><\/strong><\/span>, ISBN 9780500295151<\/p>\n","protected":false},"excerpt":{"rendered":"<p><span style=\"text-decoration: underline;\"><strong><a href=\"https:\/\/fashionmuseum.shop\/book-author\/amanda-mackenzie-stuart-lv\/?lang=lv\">Amanda MacKenzie Stuart<\/a><\/strong><\/span><\/p>\n<p><em><strong>K\u0101p\u0113c m\u0113s\u00a0izv\u0113l\u0113j\u0101mies\u00a0\u0161o gr\u0101matu:<\/strong><\/em><\/p>\n<p>Le\u0123end\u0101r\u0101 \u201cHarper\u2019s Bazaar\u201d modes \u017eurn\u0101liste un \u201cVogue\u201d galven\u0101 redaktore Daiana Vr\u012blande bija aspr\u0101t\u012bga un inovat\u012bva, alla\u017e saskat\u012bja jaunas un svaigas v\u0113smas, desmitgad\u0113m ilgi iedvesmoja dizainerus, fotogr\u0101fus, modeles un m\u0101ksliniekus. Burv\u012bgs izcilas person\u012bbas portret\u0113jums!<\/p>\n","protected":false},"featured_media":1663,"template":"","meta":{"_coblocks_attr":"","_coblocks_dimensions":"","_coblocks_responsive_height":"","_coblocks_accordion_ie_support":"","_crdt_document":"","jetpack_publicize_message":"","jetpack_publicize_feature_enabled":true,"jetpack_social_post_already_shared":true,"jetpack_social_options":{"image_generator_settings":{"template":"highway","default_image_id":0,"font":"","enabled":false},"version":2},"_wpas_customize_per_network":false},"product_brand":[],"product_cat":[1611],"product_tag":[1698],"class_list":{"0":"post-1662","1":"product","2":"type-product","3":"status-publish","4":"has-post-thumbnail","6":"product_cat-gramatas-anglu-valoda","7":"product_tag-vogue-lv","8":"pa_book-author-amanda-mackenzie-stuart-lv","9":"pa_language-anglu","10":"pa_publisher-thames-and-hudson","12":"first","13":"outofstock","14":"shipping-taxable","15":"purchasable","16":"product-type-simple"},"yoast_head":"<!-- This site is optimized with the Yoast SEO plugin v27.5 - https:\/\/yoast.com\/product\/yoast-seo-wordpress\/ -->\n<title>Diana Vreeland Empress of Fashion - Fashion Museum Riga Online Store<\/title>\n<meta name=\"robots\" content=\"index, follow, max-snippet:-1, max-image-preview:large, max-video-preview:-1\" \/>\n<link rel=\"canonical\" href=\"https:\/\/fashionmuseum.shop\/lv\/prece\/diana-vreeland-empress-of-fashion\/\" \/>\n<meta property=\"og:locale\" content=\"lv_LV\" \/>\n<meta property=\"og:type\" content=\"article\" \/>\n<meta property=\"og:title\" content=\"Diana Vreeland Empress of Fashion - Fashion Museum Riga Online Store\" \/>\n<meta property=\"og:description\" content=\"Amanda MacKenzie Stuart  K\u0101p\u0113c m\u0113s\u00a0izv\u0113l\u0113j\u0101mies\u00a0\u0161o gr\u0101matu:  Le\u0123end\u0101r\u0101 \u201cHarper\u2019s Bazaar\u201d modes \u017eurn\u0101liste un \u201cVogue\u201d galven\u0101 redaktore Daiana Vr\u012blande bija aspr\u0101t\u012bga un inovat\u012bva, alla\u017e saskat\u012bja jaunas un svaigas v\u0113smas, desmitgad\u0113m ilgi iedvesmoja dizainerus, fotogr\u0101fus, modeles un m\u0101ksliniekus. Burv\u012bgs izcilas person\u012bbas portret\u0113jums!\" \/>\n<meta property=\"og:url\" content=\"https:\/\/fashionmuseum.shop\/lv\/prece\/diana-vreeland-empress-of-fashion\/\" \/>\n<meta property=\"og:site_name\" content=\"Fashion Museum Riga Online Store\" \/>\n<meta property=\"article:modified_time\" content=\"2020-11-06T08:49:15+00:00\" \/>\n<meta property=\"og:image\" content=\"https:\/\/i2.wp.com\/fashionmuseum.shop\/wp-content\/uploads\/2020\/04\/9780500295151_diana-vreeland.jpg?fit=720%2C720&ssl=1\" \/>\n\t<meta property=\"og:image:width\" content=\"720\" \/>\n\t<meta property=\"og:image:height\" content=\"720\" \/>\n\t<meta property=\"og:image:type\" content=\"image\/jpeg\" \/>\n<meta name=\"twitter:card\" content=\"summary_large_image\" \/>\n<meta name=\"twitter:label1\" content=\"Est. reading time\" \/>\n\t<meta name=\"twitter:data1\" content=\"1 minute\" \/>\n<script type=\"application\/ld+json\" class=\"yoast-schema-graph\">{\"@context\":\"https:\\\/\\\/schema.org\",\"@graph\":[{\"@type\":\"WebPage\",\"@id\":\"https:\\\/\\\/fashionmuseum.shop\\\/lv\\\/prece\\\/diana-vreeland-empress-of-fashion\\\/\",\"url\":\"https:\\\/\\\/fashionmuseum.shop\\\/lv\\\/prece\\\/diana-vreeland-empress-of-fashion\\\/\",\"name\":\"Diana Vreeland Empress of Fashion - Fashion Museum Riga Online Store\",\"isPartOf\":{\"@id\":\"https:\\\/\\\/fashionmuseum.shop\\\/lv\\\/#website\"},\"primaryImageOfPage\":{\"@id\":\"https:\\\/\\\/fashionmuseum.shop\\\/lv\\\/prece\\\/diana-vreeland-empress-of-fashion\\\/#primaryimage\"},\"image\":{\"@id\":\"https:\\\/\\\/fashionmuseum.shop\\\/lv\\\/prece\\\/diana-vreeland-empress-of-fashion\\\/#primaryimage\"},\"thumbnailUrl\":\"https:\\\/\\\/i0.wp.com\\\/fashionmuseum.shop\\\/wp-content\\\/uploads\\\/2020\\\/04\\\/9780500295151_diana-vreeland.jpg?fit=720%2C720&ssl=1\",\"datePublished\":\"2020-04-09T08:22:02+00:00\",\"dateModified\":\"2020-11-06T08:49:15+00:00\",\"breadcrumb\":{\"@id\":\"https:\\\/\\\/fashionmuseum.shop\\\/lv\\\/prece\\\/diana-vreeland-empress-of-fashion\\\/#breadcrumb\"},\"inLanguage\":\"lv-LV\",\"potentialAction\":[{\"@type\":\"ReadAction\",\"target\":[\"https:\\\/\\\/fashionmuseum.shop\\\/lv\\\/prece\\\/diana-vreeland-empress-of-fashion\\\/\"]}]},{\"@type\":\"ImageObject\",\"inLanguage\":\"lv-LV\",\"@id\":\"https:\\\/\\\/fashionmuseum.shop\\\/lv\\\/prece\\\/diana-vreeland-empress-of-fashion\\\/#primaryimage\",\"url\":\"https:\\\/\\\/i0.wp.com\\\/fashionmuseum.shop\\\/wp-content\\\/uploads\\\/2020\\\/04\\\/9780500295151_diana-vreeland.jpg?fit=720%2C720&ssl=1\",\"contentUrl\":\"https:\\\/\\\/i0.wp.com\\\/fashionmuseum.shop\\\/wp-content\\\/uploads\\\/2020\\\/04\\\/9780500295151_diana-vreeland.jpg?fit=720%2C720&ssl=1\",\"width\":720,\"height\":720},{\"@type\":\"BreadcrumbList\",\"@id\":\"https:\\\/\\\/fashionmuseum.shop\\\/lv\\\/prece\\\/diana-vreeland-empress-of-fashion\\\/#breadcrumb\",\"itemListElement\":[{\"@type\":\"ListItem\",\"position\":1,\"name\":\"Home\",\"item\":\"https:\\\/\\\/fashionmuseum.shop\\\/lv\\\/\"},{\"@type\":\"ListItem\",\"position\":2,\"name\":\"Products\",\"item\":\"https:\\\/\\\/fashionmuseum.shop\\\/lv\\\/shop\\\/\"},{\"@type\":\"ListItem\",\"position\":3,\"name\":\"Diana Vreeland Empress of Fashion\"}]},{\"@type\":\"WebSite\",\"@id\":\"https:\\\/\\\/fashionmuseum.shop\\\/lv\\\/#website\",\"url\":\"https:\\\/\\\/fashionmuseum.shop\\\/lv\\\/\",\"name\":\"Fashion Museum Online Store\",\"description\":\"Fashion Museum Riga Online Store provides a wide selection of books about fashion and fashion history.\",\"publisher\":{\"@id\":\"https:\\\/\\\/fashionmuseum.shop\\\/lv\\\/#organization\"},\"potentialAction\":[{\"@type\":\"SearchAction\",\"target\":{\"@type\":\"EntryPoint\",\"urlTemplate\":\"https:\\\/\\\/fashionmuseum.shop\\\/lv\\\/?s={search_term_string}\"},\"query-input\":{\"@type\":\"PropertyValueSpecification\",\"valueRequired\":true,\"valueName\":\"search_term_string\"}}],\"inLanguage\":\"lv-LV\"},{\"@type\":\"Organization\",\"@id\":\"https:\\\/\\\/fashionmuseum.shop\\\/lv\\\/#organization\",\"name\":\"Modes muzejs\",\"url\":\"https:\\\/\\\/fashionmuseum.shop\\\/lv\\\/\",\"logo\":{\"@type\":\"ImageObject\",\"inLanguage\":\"lv-LV\",\"@id\":\"https:\\\/\\\/fashionmuseum.shop\\\/lv\\\/#\\\/schema\\\/logo\\\/image\\\/\",\"url\":\"https:\\\/\\\/i1.wp.com\\\/fashionmuseum.shop\\\/wp-content\\\/uploads\\\/2020\\\/04\\\/apple-touch-icon.png?fit=180%2C180&ssl=1\",\"contentUrl\":\"https:\\\/\\\/i1.wp.com\\\/fashionmuseum.shop\\\/wp-content\\\/uploads\\\/2020\\\/04\\\/apple-touch-icon.png?fit=180%2C180&ssl=1\",\"width\":180,\"height\":180,\"caption\":\"Modes muzejs\"},\"image\":{\"@id\":\"https:\\\/\\\/fashionmuseum.shop\\\/lv\\\/#\\\/schema\\\/logo\\\/image\\\/\"}}]}<\/script>\n<!-- \/ Yoast SEO plugin. -->","yoast_head_json":{"title":"Diana Vreeland Empress of Fashion - Fashion Museum Riga Online Store","robots":{"index":"index","follow":"follow","max-snippet":"max-snippet:-1","max-image-preview":"max-image-preview:large","max-video-preview":"max-video-preview:-1"},"canonical":"https:\/\/fashionmuseum.shop\/lv\/prece\/diana-vreeland-empress-of-fashion\/","og_locale":"lv_LV","og_type":"article","og_title":"Diana Vreeland Empress of Fashion - Fashion Museum Riga Online Store","og_description":"Amanda MacKenzie Stuart  K\u0101p\u0113c m\u0113s\u00a0izv\u0113l\u0113j\u0101mies\u00a0\u0161o gr\u0101matu:  Le\u0123end\u0101r\u0101 \u201cHarper\u2019s Bazaar\u201d modes \u017eurn\u0101liste un \u201cVogue\u201d galven\u0101 redaktore Daiana Vr\u012blande bija aspr\u0101t\u012bga un inovat\u012bva, alla\u017e saskat\u012bja jaunas un svaigas v\u0113smas, desmitgad\u0113m ilgi iedvesmoja dizainerus, fotogr\u0101fus, modeles un m\u0101ksliniekus. Burv\u012bgs izcilas person\u012bbas portret\u0113jums!","og_url":"https:\/\/fashionmuseum.shop\/lv\/prece\/diana-vreeland-empress-of-fashion\/","og_site_name":"Fashion Museum Riga Online Store","article_modified_time":"2020-11-06T08:49:15+00:00","og_image":[{"width":720,"height":720,"url":"https:\/\/i2.wp.com\/fashionmuseum.shop\/wp-content\/uploads\/2020\/04\/9780500295151_diana-vreeland.jpg?fit=720%2C720&ssl=1","type":"image\/jpeg"}],"twitter_card":"summary_large_image","twitter_misc":{"Est. reading time":"1 minute"},"schema":{"@context":"https:\/\/schema.org","@graph":[{"@type":"WebPage","@id":"https:\/\/fashionmuseum.shop\/lv\/prece\/diana-vreeland-empress-of-fashion\/","url":"https:\/\/fashionmuseum.shop\/lv\/prece\/diana-vreeland-empress-of-fashion\/","name":"Diana Vreeland Empress of Fashion - Fashion Museum Riga Online Store","isPartOf":{"@id":"https:\/\/fashionmuseum.shop\/lv\/#website"},"primaryImageOfPage":{"@id":"https:\/\/fashionmuseum.shop\/lv\/prece\/diana-vreeland-empress-of-fashion\/#primaryimage"},"image":{"@id":"https:\/\/fashionmuseum.shop\/lv\/prece\/diana-vreeland-empress-of-fashion\/#primaryimage"},"thumbnailUrl":"https:\/\/i0.wp.com\/fashionmuseum.shop\/wp-content\/uploads\/2020\/04\/9780500295151_diana-vreeland.jpg?fit=720%2C720&ssl=1","datePublished":"2020-04-09T08:22:02+00:00","dateModified":"2020-11-06T08:49:15+00:00","breadcrumb":{"@id":"https:\/\/fashionmuseum.shop\/lv\/prece\/diana-vreeland-empress-of-fashion\/#breadcrumb"},"inLanguage":"lv-LV","potentialAction":[{"@type":"ReadAction","target":["https:\/\/fashionmuseum.shop\/lv\/prece\/diana-vreeland-empress-of-fashion\/"]}]},{"@type":"ImageObject","inLanguage":"lv-LV","@id":"https:\/\/fashionmuseum.shop\/lv\/prece\/diana-vreeland-empress-of-fashion\/#primaryimage","url":"https:\/\/i0.wp.com\/fashionmuseum.shop\/wp-content\/uploads\/2020\/04\/9780500295151_diana-vreeland.jpg?fit=720%2C720&ssl=1","contentUrl":"https:\/\/i0.wp.com\/fashionmuseum.shop\/wp-content\/uploads\/2020\/04\/9780500295151_diana-vreeland.jpg?fit=720%2C720&ssl=1","width":720,"height":720},{"@type":"BreadcrumbList","@id":"https:\/\/fashionmuseum.shop\/lv\/prece\/diana-vreeland-empress-of-fashion\/#breadcrumb","itemListElement":[{"@type":"ListItem","position":1,"name":"Home","item":"https:\/\/fashionmuseum.shop\/lv\/"},{"@type":"ListItem","position":2,"name":"Products","item":"https:\/\/fashionmuseum.shop\/lv\/shop\/"},{"@type":"ListItem","position":3,"name":"Diana Vreeland Empress of Fashion"}]},{"@type":"WebSite","@id":"https:\/\/fashionmuseum.shop\/lv\/#website","url":"https:\/\/fashionmuseum.shop\/lv\/","name":"Fashion Museum Online Store","description":"Fashion Museum Riga Online Store provides a wide selection of books about fashion and fashion history.","publisher":{"@id":"https:\/\/fashionmuseum.shop\/lv\/#organization"},"potentialAction":[{"@type":"SearchAction","target":{"@type":"EntryPoint","urlTemplate":"https:\/\/fashionmuseum.shop\/lv\/?s={search_term_string}"},"query-input":{"@type":"PropertyValueSpecification","valueRequired":true,"valueName":"search_term_string"}}],"inLanguage":"lv-LV"},{"@type":"Organization","@id":"https:\/\/fashionmuseum.shop\/lv\/#organization","name":"Modes muzejs","url":"https:\/\/fashionmuseum.shop\/lv\/","logo":{"@type":"ImageObject","inLanguage":"lv-LV","@id":"https:\/\/fashionmuseum.shop\/lv\/#\/schema\/logo\/image\/","url":"https:\/\/i1.wp.com\/fashionmuseum.shop\/wp-content\/uploads\/2020\/04\/apple-touch-icon.png?fit=180%2C180&ssl=1","contentUrl":"https:\/\/i1.wp.com\/fashionmuseum.shop\/wp-content\/uploads\/2020\/04\/apple-touch-icon.png?fit=180%2C180&ssl=1","width":180,"height":180,"caption":"Modes muzejs"},"image":{"@id":"https:\/\/fashionmuseum.shop\/lv\/#\/schema\/logo\/image\/"}}]}},"jetpack_publicize_connections":[],"jetpack_likes_enabled":false,"jetpack_sharing_enabled":true,"amp_enabled":true,"_links":{"self":[{"href":"https:\/\/fashionmuseum.shop\/lv\/wp-json\/wp\/v2\/product\/1662","targetHints":{"allow":["GET"]}}],"collection":[{"href":"https:\/\/fashionmuseum.shop\/lv\/wp-json\/wp\/v2\/product"}],"about":[{"href":"https:\/\/fashionmuseum.shop\/lv\/wp-json\/wp\/v2\/types\/product"}],"wp:featuredmedia":[{"embeddable":true,"href":"https:\/\/fashionmuseum.shop\/lv\/wp-json\/wp\/v2\/media\/1663"}],"wp:attachment":[{"href":"https:\/\/fashionmuseum.shop\/lv\/wp-json\/wp\/v2\/media?parent=1662"}],"wp:term":[{"taxonomy":"product_brand","embeddable":true,"href":"https:\/\/fashionmuseum.shop\/lv\/wp-json\/wp\/v2\/product_brand?post=1662"},{"taxonomy":"product_cat","embeddable":true,"href":"https:\/\/fashionmuseum.shop\/lv\/wp-json\/wp\/v2\/product_cat?post=1662"},{"taxonomy":"product_tag","embeddable":true,"href":"https:\/\/fashionmuseum.shop\/lv\/wp-json\/wp\/v2\/product_tag?post=1662"}],"curies":[{"name":"wp","href":"https:\/\/api.w.org\/{rel}","templated":true}]}}